{"id":1631,"date":"2024-12-23T06:59:20","date_gmt":"2024-12-23T06:59:20","guid":{"rendered":"https:\/\/fmp-components.com\/product\/durable-10-ton-hydraulic-telescopic-cylinder-for-trailer\/"},"modified":"2024-12-23T08:38:42","modified_gmt":"2024-12-23T08:38:42","slug":"durable-10-ton-hydraulic-telescopic-cylinder-for-trailer","status":"publish","type":"product","link":"https:\/\/fmp-components.com\/sk\/product\/durable-10-ton-hydraulic-telescopic-cylinder-for-trailer\/","title":{"rendered":"Odoln\u00fd 10-tonov\u00fd hydraulick\u00fd teleskopick\u00fd valec pre pr\u00edves"},"content":{"rendered":"<h2>Predstavujeme odoln\u00fd 10-tonov\u00fd hydraulick\u00fd teleskopick\u00fd valec pre pr\u00edves:<\/h2>\n<p>Odoln\u00fd 10-tonov\u00fd hydraulick\u00fd teleskopick\u00fd valec pre pr\u00edves je vysoko kvalitn\u00fd a spo\u013eahliv\u00fd produkt navrhnut\u00fd tak, aby poskytoval vynikaj\u00faci v\u00fdkon v r\u00f4znych aplik\u00e1ci\u00e1ch s pr\u00edvesmi. V\u010faka svojej robustnej kon\u0161trukcii a pokro\u010dilej hydraulickej technol\u00f3gii pon\u00faka tento valec v\u00fdnimo\u010dn\u00fa nosnos\u0165 a stabilitu.<\/p>\n<p>K\u013e\u00fa\u010dov\u00e9 vlastnosti:<br \/>\n1. Vynikaj\u00faca pevnos\u0165: Valec je skon\u0161truovan\u00fd tak, aby odolal \u0165a\u017ek\u00fdm n\u00e1kladom s maxim\u00e1lnou nosnos\u0165ou 10 ton. Zaru\u010duje optim\u00e1lny v\u00fdkon aj v n\u00e1ro\u010dn\u00fdch pracovn\u00fdch podmienkach.<\/p>\n<p>2. Teleskopick\u00fd dizajn: Teleskopick\u00e1 funkcia umo\u017e\u0148uje jednoduch\u00e9 nastavenie d\u013a\u017eky valca, \u010do poskytuje flexibilitu a prisp\u00f4sobivos\u0165 r\u00f4znym v\u00fd\u0161kam pr\u00edvesov a po\u017eiadavk\u00e1m na za\u0165a\u017eenie.<\/p>\n<p>3. Presn\u00e9 in\u017einierstvo: Valec je navrhnut\u00fd s presnos\u0165ou, aby zabezpe\u010dil plynul\u00e9 a kontrolovan\u00e9 pohyby. Pon\u00faka presn\u00e9 polohovanie a kontrolovan\u00e9 zdv\u00edhanie, \u010d\u00edm zvy\u0161uje celkov\u00fa prev\u00e1dzkov\u00fa efektivitu.<\/p>\n<p>4. Odoln\u00e1 kon\u0161trukcia: Valec je vyroben\u00fd z vysoko kvalitn\u00fdch materi\u00e1lov a je skon\u0161truovan\u00fd tak, aby vydr\u017eal n\u00e1ro\u010dn\u00e9 a nepretr\u017eit\u00e9 pou\u017e\u00edvanie. Je odoln\u00fd vo\u010di kor\u00f3zii, opotrebovaniu a po\u0161kodeniu, \u010do zaru\u010duje dlhotrvaj\u00facu \u017eivotnos\u0165.<\/p>\n<p>5. Jednoduch\u00e1 in\u0161tal\u00e1cia: Valec je navrhnut\u00fd pre jednoduch\u00fa in\u0161tal\u00e1ciu, ktor\u00e1 vy\u017eaduje minim\u00e1lny \u010das a \u00fasilie. Dod\u00e1va sa so v\u0161etk\u00fdm potrebn\u00fdm mont\u00e1\u017enym pr\u00edslu\u0161enstvom a jasn\u00fdmi pokynmi pre bezprobl\u00e9mov\u00fa in\u0161tal\u00e1ciu.<\/p>\n<p>6. V\u0161estrann\u00e9 pou\u017eitie: Valec je vhodn\u00fd pre r\u00f4zne typy pr\u00edvesov vr\u00e1tane plo\u0161inov\u00fdch, skl\u00e1pac\u00edch a \u00fa\u017eitkov\u00fdch pr\u00edvesov a je navrhnut\u00fd tak, aby sp\u013a\u0148al r\u00f4zne potreby zdv\u00edhania a prepravy v odvetviach, ako je stavebn\u00edctvo, po\u013enohospod\u00e1rstvo a doprava.<\/p>\n<p>7. Bezpe\u010dnostn\u00e9 opatrenia: Valec je vybaven\u00fd bezpe\u010dnostn\u00fdmi prvkami, ktor\u00e9 zais\u0165uj\u00fa bezpe\u010dn\u00fa a spo\u013eahliv\u00fa prev\u00e1dzku. Zah\u0155\u0148a ochranu proti pre\u0165a\u017eeniu, tesnenia proti \u00faniku a zabudovan\u00fd bezpe\u010dnostn\u00fd uzamykac\u00ed syst\u00e9m pre v\u00e4\u010d\u0161\u00ed pokoj v du\u0161i.<\/p>\n<table style=\"width: 100%;\" border=\"1\" width=\"100%\" cellspacing=\"0\" cellpadding=\"0\">\n<tbody>\n<tr>\n<th>N\u00e1zov produktu<\/th>\n<td>Odoln\u00fd 10-tonov\u00fd hydraulick\u00fd teleskopick\u00fd valec pre pr\u00edves<\/td>\n<\/tr>\n<tr>\n<th>Stav<\/th>\n<td>Nov\u00e9<\/td>\n<\/tr>\n<tr>\n<th>Z\u00e1ruka<\/th>\n<td>1 rok<\/td>\n<\/tr>\n<tr>\n<th>Hmotnos\u0165 (kg)<\/th>\n<td>78<\/td>\n<\/tr>\n<tr>\n<th>Maxim\u00e1lny \u0165ah<\/th>\n<td>3000<\/td>\n<\/tr>\n<tr>\n<th>Maxim\u00e1lny \u0165ah<\/th>\n<td>20 ton<\/td>\n<\/tr>\n<tr>\n<th>V\u00fdkon<\/th>\n<td>V\u00fdnimo\u010dn\u00fd v\u00fdkon a odolnos\u0165<\/td>\n<\/tr>\n<tr>\n<th>V\u0161estrannos\u0165<\/th>\n<td>Ide\u00e1lne pre n\u00e1ro\u010dn\u00e9 aplik\u00e1cie<\/td>\n<\/tr>\n<tr>\n<th>Pou\u017eite\u013en\u00e9 odvetvia<\/th>\n<td>V\u00fdrobn\u00e9 z\u00e1vody, Opravovne strojov, Farmy, Energetika a ban\u00edctvo, V\u00fdroba strojov, Stroj\u00e1rne<\/td>\n<\/tr>\n<\/tbody>\n<\/table>\n<h2>K\u013e\u00fa\u010dov\u00e9 vlastnosti hydraulick\u00e9ho teleskopick\u00e9ho valca<\/h2>\n<p><img decoding=\"async\" src=\"https:\/\/hzpt.com\/wp-content\/uploads\/2023\/11\/Inverted-Telescopic-Cylinder-23.webp\" alt=\"\" title=\"\"><\/p>\n<ul>\n<li>\u0160tandardn\u00e1 kon\u0161trukcia piestov\u00e9ho valca s hydraulick\u00fdm pohonom.<\/li>\n<li>Vyroben\u00e9 z vysoko kvalitn\u00e9ho oce\u013eov\u00e9ho tela pre zv\u00fd\u0161en\u00fa odolnos\u0165.<\/li>\n<li>Vybaven\u00e9 obr\u00e1ten\u00fdmi teleskopick\u00fdmi valcami.<\/li>\n<li>Pon\u00faka maxim\u00e1lny \u0165ah 20 ton a maxim\u00e1lny \u0165ah 3000.<\/li>\n<li>Certifik\u00e1cia ISO9001:2000, ktor\u00e1 zaru\u010duje kvalitu a spo\u013eahlivos\u0165.<\/li>\n<\/ul>\n<h2>Aplik\u00e1cie hydraulick\u00e9ho teleskopick\u00e9ho valca<\/h2>\n<ul>\n<li>Ide\u00e1lne na pou\u017eitie vo v\u00fdrobn\u00fdch z\u00e1vodoch a stroj\u00e1r\u0148ach.<\/li>\n<li>M\u00f4\u017ee sa pou\u017ei\u0165 v opravovniach strojov na n\u00e1ro\u010dn\u00e9 opravy.<\/li>\n<li>Pou\u017eite\u013en\u00e9 v farm\u00e1ch pre r\u00f4zne po\u013enohospod\u00e1rske stroje.<\/li>\n<li>Vhodn\u00e9 pre energetick\u00fd a \u0165a\u017eobn\u00fd priemysel.<\/li>\n<li>M\u00f4\u017ee sa pou\u017ei\u0165 vo v\u00fdrobe strojov na r\u00f4zne \u00fa\u010dely.<\/li>\n<\/ul>\n<p><img decoding=\"async\" src=\"https:\/\/hzpt.com\/wp-content\/uploads\/2023\/11\/Inverted-Telescopic-Cylinder-Applications.webp\" alt=\"Aplik\u00e1cie teleskopick\u00e9ho valca\" title=\"\"><\/p>\n<h2>Princ\u00edp \u010dinnosti a \u00fadr\u017eba hydraulick\u00e9ho teleskopick\u00e9ho valca<\/h2>\n<p>Hydraulick\u00fd teleskopick\u00fd valec funguje na jednoduchom princ\u00edpe. Do valca sa \u010derp\u00e1 hydraulick\u00e1 kvapalina, ktor\u00e1 tla\u010d\u00ed na piest a vytv\u00e1ra silu na v\u00fdstupe z valca. T\u00e1to sila sa d\u00e1 vyu\u017ei\u0165 na vykon\u00e1vanie r\u00f4znych \u00faloh, ako je zdv\u00edhanie \u0165a\u017ek\u00fdch bremien alebo obsluha strojov.<\/p>\n<ul>\n<li>Konfigur\u00e1cia: Valec je konfigurovan\u00fd so \u0161tandardnou piestovou kon\u0161trukciou poh\u00e1\u0148anou hydraulickou kvapalinou.<\/li>\n<li>Vstup hydraulickej kvapaliny: Valec pracuje tak, \u017ee pumpuje hydraulick\u00fa kvapalinu do piestovej komory.<\/li>\n<li>V\u00fdstupn\u00e1 sila: Hydraulick\u00e1 kvapalina generuje silu, ktor\u00fa mo\u017eno pou\u017ei\u0165 na vykon\u00e1vanie r\u00f4znych \u00faloh.<\/li>\n<li>\u00dadr\u017eba: Pravideln\u00e1 kontrola, \u010distenie a mazanie hydraulick\u00e9ho valca je k\u013e\u00fa\u010dov\u00e9 pre jeho optim\u00e1lny v\u00fdkon a dlh\u00fa \u017eivotnos\u0165.<\/li>\n<li>V\u00fdmena tesnenia: Tesnenia vo valci sa \u010dasom m\u00f4\u017eu opotrebova\u0165 a je potrebn\u00e9 ich vymeni\u0165, aby sa predi\u0161lo \u00fanikom a zachovala sa \u00fa\u010dinnos\u0165.<\/li>\n<\/ul>\n<p><img decoding=\"async\" src=\"https:\/\/hzpt.com\/wp-content\/uploads\/2023\/11\/Inverted-Telescopic-Cylinder-18.webp\" alt=\"\" title=\"\"><\/p>\n<h2>Invertovan\u00fd teleskopick\u00fd valec<\/h2>\n<p>Odoln\u00fd 10-tonov\u00fd hydraulick\u00fd teleskopick\u00fd valec pre pr\u00edvesy je k\u013e\u00fa\u010dov\u00fdm komponentom, ktor\u00fd je zodpovedn\u00fd za zdv\u00edhanie a sp\u00fa\u0161\u0165anie \u0165a\u017ek\u00fdch bremien. Invertovan\u00fd teleskopick\u00fd valec je inovat\u00edvny dizajn teleskopick\u00fdch valcov, ktor\u00fd poskytuje vynikaj\u00faci v\u00fdkon a odolnos\u0165 v porovnan\u00ed s in\u00fdmi kon\u0161trukciami. V tomto \u010dl\u00e1nku presk\u00famame dizajn a vlastnosti invertovan\u00e9ho teleskopick\u00e9ho valca.<\/p>\n<h3>Dizajnov\u00e9 prvky<\/h3>\n<p>Invertovan\u00fd teleskopick\u00fd valec m\u00e1 jedine\u010dn\u00fa kon\u0161trukciu, ktor\u00e1 obsahuje piestnu ty\u010d pripevnen\u00fa k z\u00e1kladni valca. Z\u00e1klad\u0148a valca je pripevnen\u00e1 k pr\u00edvesu a piestna ty\u010d zasahuje nahor do valca. Piestna ty\u010d je spojen\u00e1 s piestom, ktor\u00fd sa pohybuje vo vn\u00fatri valca. Valec sa sklad\u00e1 z viacer\u00fdch stup\u0148ov, \u010do umo\u017e\u0148uje valcu vys\u00fava\u0165 a zas\u00fava\u0165 sa do r\u00f4znych d\u013a\u017eok. Stupne s\u00fa spojen\u00e9 utesnen\u00fdmi spojmi, ktor\u00e9 zabra\u0148uj\u00fa \u00faniku kvapaliny a udr\u017eiavaj\u00fa tlak.<\/p>\n<p>Jednou z k\u013e\u00fa\u010dov\u00fdch kon\u0161truk\u010dn\u00fdch vlastnost\u00ed obr\u00e1ten\u00e9ho teleskopick\u00e9ho valca je pou\u017eitie jedno\u010dinn\u00e9ho hydraulick\u00e9ho syst\u00e9mu. Tento syst\u00e9m vyu\u017e\u00edva tlak kvapaliny na vys\u00favanie valca, ale na zasunutie valca sa spolieha na gravit\u00e1ciu. T\u00e1to kon\u0161trukcia eliminuje potrebu sp\u00e4tn\u00e9ho potrubia, \u010do zjednodu\u0161uje hydraulick\u00fd syst\u00e9m a zni\u017euje riziko \u00fanikov. Okrem toho obr\u00e1ten\u00e1 kon\u0161trukcia valca poskytuje vynikaj\u00facu stabilitu a zni\u017euje riziko prevr\u00e1tenia, \u010do je kritick\u00e9 pri zdv\u00edhan\u00ed \u0165a\u017ek\u00fdch bremien.<\/p>\n<h3>V\u00fdhody v\u00fdkonu<\/h3>\n<p>Invertovan\u00fd teleskopick\u00fd valec poskytuje v porovnan\u00ed s in\u00fdmi kon\u0161trukciami nieko\u013eko v\u00fdkonnostn\u00fdch v\u00fdhod. Pou\u017eitie jedno\u010dinn\u00e9ho hydraulick\u00e9ho syst\u00e9mu zni\u017euje riziko \u00fanikov a zjednodu\u0161uje syst\u00e9m, \u010do zvy\u0161uje spo\u013eahlivos\u0165 a zni\u017euje n\u00e1klady na \u00fadr\u017ebu. Invertovan\u00e1 kon\u0161trukcia valca poskytuje vynikaj\u00facu stabilitu a zni\u017euje riziko prevr\u00e1tenia, \u010do je kritick\u00e9 pri zdv\u00edhan\u00ed \u0165a\u017ek\u00fdch bremien. Okrem toho pou\u017eitie viacer\u00fdch stup\u0148ov umo\u017e\u0148uje valcu vys\u00fava\u0165 a zas\u00fava\u0165 sa do r\u00f4znych d\u013a\u017eok, \u010do poskytuje flexibilitu pri zdv\u00edhan\u00ed a preprave bremien.<\/p>\n<p>Utesnen\u00e9 spoje vo valci zabra\u0148uj\u00fa \u00faniku kvapaliny a udr\u017eiavaj\u00fa tlak, \u010do zlep\u0161uje celkov\u00fa \u00fa\u010dinnos\u0165 hydraulick\u00e9ho syst\u00e9mu. Pou\u017eitie vysokokvalitn\u00fdch materi\u00e1lov a presn\u00fdch v\u00fdrobn\u00fdch techn\u00edk zaru\u010duje, \u017ee valec je odoln\u00fd a vydr\u017e\u00ed aj n\u00e1ro\u010dn\u00e9 pou\u017e\u00edvanie po\u010das dlh\u00e9ho obdobia. Inverzn\u00fd teleskopick\u00fd valec je navrhnut\u00fd tak, aby poskytoval spo\u013eahliv\u00fd v\u00fdkon v n\u00e1ro\u010dn\u00fdch prostrediach, v\u010faka \u010domu je ide\u00e1lny na pou\u017eitie v stavebn\u00edctve, ban\u00edctve a doprave.<\/p>\n<p>Invertovan\u00fd teleskopick\u00fd valec je inovat\u00edvny dizajn teleskopick\u00fdch valcov, ktor\u00fd poskytuje vynikaj\u00faci v\u00fdkon a odolnos\u0165 v porovnan\u00ed s in\u00fdmi kon\u0161trukciami. Pou\u017eitie jedno\u010dinn\u00e9ho hydraulick\u00e9ho syst\u00e9mu, utesnen\u00fdch spojov a presn\u00fdch v\u00fdrobn\u00fdch techn\u00edk zaru\u010duje, \u017ee valec je spo\u013eahliv\u00fd a odoln\u00fd. Okrem toho, invertovan\u00fd dizajn valca poskytuje vynikaj\u00facu stabilitu a zni\u017euje riziko prevr\u00e1tenia, \u010do je kritick\u00e9 pri zdv\u00edhan\u00ed \u0165a\u017ek\u00fdch bremien. Invertovan\u00fd teleskopick\u00fd valec je ide\u00e1lnou vo\u013ebou pre ka\u017ed\u00e9ho, kto potrebuje odoln\u00fd a spo\u013eahliv\u00fd hydraulick\u00fd valec na zdv\u00edhanie a prepravu \u0165a\u017ek\u00fdch bremien.<\/p>\n<h3>O FMP<\/h3>\n<p>FMP je spolo\u010dnos\u0165, ktor\u00e1 sa \u0161pecializuje na v\u00fdrobu a predaj hydraulick\u00fdch valcov. So s\u00eddlom v Taliansku pon\u00fakame vysoko kvalitn\u00e9 a spo\u013eahliv\u00e9 hydraulick\u00e9 valce s dlhoro\u010dn\u00fdmi sk\u00fasenos\u0165ami v odbore a profesion\u00e1lnym t\u00edmom.<\/p>\n<p><img decoding=\"async\" src=\"https:\/\/fmp-components.com\/wp-content\/uploads\/2024\/12\/Adjustable-Clevis-Type-Cylinders-6.webp\" alt=\"Nastavite\u013en\u00fd valec typu Clevis\" width=\"817\" title=\"\"><\/p>\n<ol>\n<li>\u0160irok\u00fd sortiment produktov: Pon\u00fakame \u0161irok\u00fd sortiment hydraulick\u00fdch valcov vhodn\u00fdch pre r\u00f4zne aplik\u00e1cie v priemysle stavebn\u00fdch strojov.<\/li>\n<li>Vynikaj\u00faca kvalita: V\u0161etky na\u0161e hydraulick\u00e9 valce s\u00fa vyroben\u00e9 z najkvalitnej\u0161\u00edch materi\u00e1lov a prech\u00e1dzaj\u00fa pr\u00edsnymi kontrolami kvality, aby sa zabezpe\u010dila ich odolnos\u0165 a v\u00fdkon.<\/li>\n<li>Mo\u017enosti prisp\u00f4sobenia: Pon\u00fakame slu\u017eby prisp\u00f4sobenia, aby sme splnili \u0161pecifick\u00e9 po\u017eiadavky na\u0161ich z\u00e1kazn\u00edkov a poskytli rie\u0161enia na mieru ich potreb\u00e1m v oblasti stavebn\u00fdch strojov.<\/li>\n<li>Odborn\u00fd obchodn\u00fd t\u00edm: N\u00e1\u0161 sk\u00fasen\u00fd obchodn\u00fd t\u00edm m\u00e1 hlbok\u00e9 znalosti o odvetv\u00ed stavebn\u00fdch strojov a m\u00f4\u017ee poskytn\u00fa\u0165 profesion\u00e1lne konzult\u00e1cie o produktoch, aby pomohol z\u00e1kazn\u00edkom pri informovan\u00fdch rozhodnutiach o k\u00fape.<\/li>\n<li>Efekt\u00edvna logistika: V\u010faka n\u00e1\u0161mu efekt\u00edvnemu distribu\u010dn\u00e9mu syst\u00e9mu logistiky garantujeme v\u010dasn\u00e9 a presn\u00e9 dodanie hydraulick\u00fdch valcov na\u0161im z\u00e1kazn\u00edkom, \u010d\u00edm zabezpe\u010dujeme hladk\u00fd priebeh ich projektov bez ome\u0161kan\u00ed.<\/li>\n<\/ol>\n<p>Spojte sa s FMP pre v\u0161etky va\u0161e potreby v oblasti hydraulick\u00fdch valcov a za\u017eite spo\u013eahlivos\u0165, kvalitu a profesionalitu, ktor\u00e9 n\u00e1s odli\u0161uj\u00fa v odvetv\u00ed stavebn\u00fdch strojov.<\/p>\n<p>Autor: CX<\/p>","protected":false},"excerpt":{"rendered":"<p>Predstavujeme odoln\u00fd 10-tonov\u00fd hydraulick\u00fd teleskopick\u00fd valec pre pr\u00edves: Odoln\u00fd 10-tonov\u00fd hydraulick\u00fd teleskopick\u00fd valec pre pr\u00edves je vysoko kvalitn\u00fd a spo\u013eahliv\u00fd produkt navrhnut\u00fd tak, aby poskytoval vynikaj\u00faci v\u00fdkon v r\u00f4znych aplik\u00e1ci\u00e1ch s pr\u00edvesmi. V\u010faka svojej robustnej kon\u0161trukcii a pokro\u010dilej hydraulickej technol\u00f3gii pon\u00faka tento valec v\u00fdnimo\u010dn\u00fa nosnos\u0165 a stabilitu. K\u013e\u00fa\u010dov\u00e9 vlastnosti: 1. Vynikaj\u00faca pevnos\u0165: [\u2026]<\/p>","protected":false},"featured_media":1632,"comment_status":"closed","ping_status":"closed","template":"","meta":{"_et_pb_use_builder":"","_et_pb_old_content":"","_et_gb_content_width":""},"product_brand":[],"product_cat":[45],"product_tag":[34,48],"class_list":{"0":"post-1631","1":"product","2":"type-product","3":"status-publish","4":"has-post-thumbnail","6":"product_cat-inverted-telescopic-cylinder","7":"product_tag-hydraulic-cylinder","8":"product_tag-inverted-telescopic-cylinder","10":"first","11":"instock","12":"product-type-simple"},"_links":{"self":[{"href":"https:\/\/fmp-components.com\/sk\/wp-json\/wp\/v2\/product\/1631","targetHints":{"allow":["GET"]}}],"collection":[{"href":"https:\/\/fmp-components.com\/sk\/wp-json\/wp\/v2\/product"}],"about":[{"href":"https:\/\/fmp-components.com\/sk\/wp-json\/wp\/v2\/types\/product"}],"replies":[{"embeddable":true,"href":"https:\/\/fmp-components.com\/sk\/wp-json\/wp\/v2\/comments?post=1631"}],"wp:featuredmedia":[{"embeddable":true,"href":"https:\/\/fmp-components.com\/sk\/wp-json\/wp\/v2\/media\/1632"}],"wp:attachment":[{"href":"https:\/\/fmp-components.com\/sk\/wp-json\/wp\/v2\/media?parent=1631"}],"wp:term":[{"taxonomy":"product_brand","embeddable":true,"href":"https:\/\/fmp-components.com\/sk\/wp-json\/wp\/v2\/product_brand?post=1631"},{"taxonomy":"product_cat","embeddable":true,"href":"https:\/\/fmp-components.com\/sk\/wp-json\/wp\/v2\/product_cat?post=1631"},{"taxonomy":"product_tag","embeddable":true,"href":"https:\/\/fmp-components.com\/sk\/wp-json\/wp\/v2\/product_tag?post=1631"}],"curies":[{"name":"pracovn\u00fd list","href":"https:\/\/api.w.org\/{rel}","templated":true}]}}