{"id":1627,"date":"2024-12-23T06:59:20","date_gmt":"2024-12-23T06:59:20","guid":{"rendered":"https:\/\/fmp-components.com\/product\/dump-truck-4-stage-hydraulic-cylinder-long-stroke-telescopic-hydraulic-cylinder\/"},"modified":"2024-12-23T08:30:21","modified_gmt":"2024-12-23T08:30:21","slug":"dump-truck-4-stage-hydraulic-cylinder-long-stroke-telescopic-hydraulic-cylinder","status":"publish","type":"product","link":"https:\/\/fmp-components.com\/sk\/product\/dump-truck-4-stage-hydraulic-cylinder-long-stroke-telescopic-hydraulic-cylinder\/","title":{"rendered":"4-stup\u0148ov\u00fd hydraulick\u00fd valec pre skl\u00e1pa\u010d s dlh\u00fdm zdvihom, teleskopick\u00fd hydraulick\u00fd valec"},"content":{"rendered":"<h2>Predstavujeme 4-stup\u0148ov\u00fd hydraulick\u00fd valec pre skl\u00e1pa\u010de s dlh\u00fdm zdvihom, teleskopick\u00fd hydraulick\u00fd valec<\/h2>\n<p>\u0160tvorstup\u0148ov\u00fd hydraulick\u00fd valec s dlh\u00fdm zdvihom pre skl\u00e1pa\u010de je v\u0161estrann\u00fd a odoln\u00fd produkt ur\u010den\u00fd pre n\u00e1ro\u010dn\u00e9 aplik\u00e1cie. Be\u017ene sa pou\u017e\u00edva v skl\u00e1pa\u010doch a je navrhnut\u00fd tak, aby poskytoval maxim\u00e1lnu pevnos\u0165 a v\u00fdkon.<\/p>\n<p>Tento hydraulick\u00fd valec je vyroben\u00fd z vysoko kvalitn\u00fdch materi\u00e1lov, \u010do zaru\u010duje dlhotrvaj\u00facu odolnos\u0165 a spo\u013eahlivos\u0165. M\u00e1 4-stup\u0148ov\u00fa teleskopick\u00fa kon\u0161trukciu, ktor\u00e1 umo\u017e\u0148uje dlh\u0161\u00ed zdvih, v\u010faka \u010domu dok\u00e1\u017ee zdv\u00edha\u0165 a premiest\u0148ova\u0165 \u0165a\u017e\u0161ie bremen\u00e1. Okrem toho m\u00e1 ve\u013ek\u00fd priemer valca, \u010do umo\u017e\u0148uje zv\u00fd\u0161en\u00fd hydraulick\u00fd prietok a r\u00fdchlej\u0161iu prev\u00e1dzku.<\/p>\n<p>\u0160tvorstup\u0148ov\u00fd hydraulick\u00fd valec s dlh\u00fdm zdvihom a teleskopick\u00fdm hydraulick\u00fdm valcom pre skl\u00e1pa\u010de je navrhnut\u00fd s oh\u013eadom na bezpe\u010dnos\u0165. Je vybaven\u00fd zabudovan\u00fdm bezpe\u010dnostn\u00fdm ventilom, ktor\u00fd automaticky zastav\u00ed pr\u00edli\u0161n\u00e9 vysunutie valca, \u010d\u00edm sa zabr\u00e1ni po\u0161kodeniu zariadenia alebo mo\u017en\u00e9mu zraneniu obsluhy.<\/p>\n<table style=\"width: 100%;\" border=\"1\" width=\"100%\" cellspacing=\"0\" cellpadding=\"0\">\n<tbody>\n<tr>\n<th>N\u00e1zov produktu<\/th>\n<td>4-stup\u0148ov\u00fd hydraulick\u00fd valec pre skl\u00e1pa\u010d s dlh\u00fdm zdvihom, teleskopick\u00fd hydraulick\u00fd valec<\/td>\n<\/tr>\n<tr>\n<th>Stav<\/th>\n<td>Nov\u00e9<\/td>\n<\/tr>\n<tr>\n<th>Z\u00e1ruka<\/th>\n<td>1 rok<\/td>\n<\/tr>\n<tr>\n<th>Hmotnos\u0165 (kg)<\/th>\n<td>56<\/td>\n<\/tr>\n<tr>\n<th>Maxim\u00e1lny \u0165ah<\/th>\n<td>3000<\/td>\n<\/tr>\n<tr>\n<th>Maxim\u00e1lny \u0165ah<\/th>\n<td>20 ton<\/td>\n<\/tr>\n<tr>\n<th>Dizajn<\/th>\n<td>4-stup\u0148ov\u00fd teleskopick\u00fd valec s dlh\u00fdm zdvihom<\/td>\n<\/tr>\n<tr>\n<th>V\u00fdkon<\/th>\n<td>Vynikaj\u00faci v\u00fdkon, odolnos\u0165 a bezpe\u010dnos\u0165<\/td>\n<\/tr>\n<tr>\n<th>Pou\u017eite\u013en\u00e9 odvetvia<\/th>\n<td>V\u00fdrobn\u00e9 z\u00e1vody, Opravovne strojov, Farmy, Energetika a ban\u00edctvo, Tov\u00e1rne na v\u00fdrobu strojov<\/td>\n<\/tr>\n<\/tbody>\n<\/table>\n<h2>Vlastnosti 4-stup\u0148ov\u00e9ho hydraulick\u00e9ho valca<\/h2>\n<p>\u0160tvorstup\u0148ov\u00fd hydraulick\u00fd valec pre skl\u00e1pa\u010de sa vyzna\u010duje mnoh\u00fdmi charakteristick\u00fdmi vlastnos\u0165ami:<br \/>\n<img decoding=\"async\" src=\"https:\/\/hzpt.com\/wp-content\/uploads\/2023\/11\/Inverted-Telescopic-Cylinder-2.webp\" alt=\"\" title=\"\"><\/p>\n<ol>\n<li>\u0160tandardn\u00e1 kon\u0161trukcia piestov\u00e9ho valca<\/li>\n<li>Hydraulick\u00fd v\u00fdkon<\/li>\n<li>Materi\u00e1l oce\u013eov\u00e9ho tela<\/li>\n<li>Typ s obr\u00e1ten\u00fdmi teleskopick\u00fdmi valcami<\/li>\n<li>Certifik\u00e1cia ISO9001:2000<\/li>\n<\/ol>\n<h2>Aplik\u00e1cie 4-stup\u0148ov\u00e9ho hydraulick\u00e9ho valca<\/h2>\n<p>V\u010faka svojmu v\u0161estrann\u00e9mu dizajnu a efekt\u00edvnej funk\u010dnosti mo\u017eno \u0161tvorstup\u0148ov\u00fd hydraulick\u00fd valec pou\u017ei\u0165 v mnoh\u00fdch odvetviach:<\/p>\n<ol>\n<li>V\u00fdrobn\u00fd z\u00e1vod<\/li>\n<li>Opravovne strojov<\/li>\n<li>Farmy<\/li>\n<li>Energia a ban\u00edctvo<\/li>\n<li>V\u00fdroba strojov<\/li>\n<\/ol>\n<p><img decoding=\"async\" src=\"https:\/\/hzpt.com\/wp-content\/uploads\/2023\/11\/Inverted-Telescopic-Cylinder-Applications.webp\" alt=\"Aplik\u00e1cie inverzn\u00e9ho teleskopick\u00e9ho valca\" title=\"\"><\/p>\n<h2>Princ\u00edp \u010dinnosti a \u00fadr\u017eba 4-stup\u0148ov\u00e9ho hydraulick\u00e9ho valca<\/h2>\n<p>\u0160tvorstup\u0148ov\u00fd hydraulick\u00fd valec pracuje na princ\u00edpe hydraulickej kvapaliny, ktor\u00e1 generuje v\u00fdstupn\u00fa silu. Medzi pravideln\u00e9 met\u00f3dy \u00fadr\u017eby na zabezpe\u010denie optim\u00e1lneho v\u00fdkonu patr\u00ed pravideln\u00e1 kontrola, \u010distenie, mazanie, be\u017en\u00e9 kontroly a opravy, v\u00fdmena tesnen\u00ed a dodr\u017eiavanie pokynov v n\u00e1vode na obsluhu.<br \/>\n<img decoding=\"async\" src=\"https:\/\/hzpt.com\/wp-content\/uploads\/2023\/11\/Inverted-Telescopic-Cylinder-20.webp\" alt=\"\" title=\"\"><\/p>\n<h2>Invertovan\u00fd teleskopick\u00fd valec<\/h2>\n<h3>\u00davod<\/h3>\n<p>Invertovan\u00fd teleskopick\u00fd valec je hydraulick\u00fd valec, ktor\u00fd sa pou\u017e\u00edva v r\u00f4znych aplik\u00e1ci\u00e1ch vr\u00e1tane skl\u00e1pa\u010dov. Je to typ valca s jedine\u010dnou \u0161trukt\u00farou a dizajnom, v\u010faka \u010domu je ide\u00e1lny na pou\u017eitie v odvetviach, ktor\u00e9 vy\u017eaduj\u00fa vysoko kvalitn\u00e9 hydraulick\u00e9 syst\u00e9my. Invertovan\u00fd teleskopick\u00fd valec sa tie\u017e naz\u00fdva jedno\u010dinn\u00fd teleskopick\u00fd valec a je zn\u00e1my svojou stabilitou a \u00fa\u010dinnos\u0165ou.<\/p>\n<h3>\u0160trukt\u00fara obr\u00e1ten\u00e9ho teleskopick\u00e9ho valca<\/h3>\n<p>Invertovan\u00fd teleskopick\u00fd valec sa sklad\u00e1 z viacer\u00fdch stup\u0148ov, ktor\u00e9 s\u00fa vlo\u017een\u00e9 do seba. Najvzdialenej\u0161\u00ed stupe\u0148 je najv\u00e4\u010d\u0161\u00ed a najvn\u00fatornej\u0161\u00ed stupe\u0148 je najmen\u0161\u00ed. Stupne s\u00fa spojen\u00e9 piestom, ktor\u00fd sa pohybuje hore a dole vo vn\u00fatri valca. Piest je spojen\u00fd s ty\u010dou, ktor\u00e1 vy\u010dnieva z valca.<\/p>\n<p>Invertovan\u00fd teleskopick\u00fd valec m\u00e1 jedine\u010dn\u00fa kon\u0161trukciu, v ktorej je piest umiestnen\u00fd v spodnej \u010dasti valca. Ty\u010d, ktor\u00e1 vy\u010dnieva mimo valca, je spojen\u00e1 so z\u00e1\u0165a\u017eou a hmotnos\u0165 z\u00e1\u0165a\u017ee sa pou\u017e\u00edva na vysunutie valca. T\u00e1to kon\u0161trukcia rob\u00ed invertovan\u00fd teleskopick\u00fd valec stabilnej\u0161\u00edm a \u00fa\u010dinnej\u0161\u00edm ako in\u00e9 typy hydraulick\u00fdch valcov.<\/p>\n<h3>Aplik\u00e1cie invertovan\u00e9ho teleskopick\u00e9ho valca<\/h3>\n<p>Invertovan\u00fd teleskopick\u00fd valec sa \u0161iroko pou\u017e\u00edva v r\u00f4znych odvetviach, vr\u00e1tane skl\u00e1pa\u010dov, \u017eeriavov a in\u00fdch \u0165a\u017ek\u00fdch zariaden\u00ed. Jedn\u00fdm z hlavn\u00fdch pou\u017eit\u00ed invertovan\u00e9ho teleskopick\u00e9ho valca s\u00fa skl\u00e1pa\u010de. Valec sa pou\u017e\u00edva na zdv\u00edhanie a sp\u00fa\u0161\u0165anie korby skl\u00e1pa\u010da, \u010do umo\u017e\u0148uje prepravu ve\u013ek\u00fdch objemov materi\u00e1lu.<\/p>\n<h3>4-stup\u0148ov\u00fd hydraulick\u00fd valec pre skl\u00e1pa\u010d<\/h3>\n<p>\u0160tvorstup\u0148ov\u00fd hydraulick\u00fd valec pre skl\u00e1pa\u010de je typ obr\u00e1ten\u00e9ho teleskopick\u00e9ho valca, ktor\u00fd je \u0161peci\u00e1lne navrhnut\u00fd na pou\u017eitie v skl\u00e1pa\u010doch. Valec m\u00e1 \u0161tyri stupne, \u010do umo\u017e\u0148uje dlh\u0161\u00ed zdvih a v\u00e4\u010d\u0161iu nosnos\u0165. \u0160tvorstup\u0148ov\u00fd hydraulick\u00fd valec pre skl\u00e1pa\u010de je tie\u017e zn\u00e1my svojou odolnos\u0165ou a spo\u013eahlivos\u0165ou, v\u010faka \u010domu je ide\u00e1lny na pou\u017eitie v n\u00e1ro\u010dn\u00fdch podmienkach.<\/p>\n<h3>Teleskopick\u00fd hydraulick\u00fd valec s dlh\u00fdm zdvihom<\/h3>\n<p>Teleskopick\u00fd hydraulick\u00fd valec s dlh\u00fdm zdvihom je \u010fal\u0161\u00ed typ obr\u00e1ten\u00e9ho teleskopick\u00e9ho valca, ktor\u00fd sa pou\u017e\u00edva v r\u00f4znych odvetviach vr\u00e1tane skl\u00e1pa\u010dov. Kon\u0161trukcia s dlh\u00fdm zdvihom umo\u017e\u0148uje dlh\u0161iu d\u013a\u017eku zdvihu, v\u010faka \u010domu je ide\u00e1lny pre aplik\u00e1cie, kde je potrebn\u00fd dlh\u0161\u00ed zdvih. Teleskopick\u00fd hydraulick\u00fd valec s dlh\u00fdm zdvihom je tie\u017e zn\u00e1my svojou \u00fa\u010dinnos\u0165ou a spo\u013eahlivos\u0165ou, v\u010faka \u010domu je ob\u013e\u00fabenou vo\u013ebou v mnoh\u00fdch odvetviach.<\/p>\n<p>Stru\u010dne povedan\u00e9, invertovan\u00fd teleskopick\u00fd valec je unik\u00e1tny hydraulick\u00fd valec, ktor\u00fd sa \u0161iroko pou\u017e\u00edva v r\u00f4znych odvetviach vr\u00e1tane skl\u00e1pa\u010dov. Valec m\u00e1 jedine\u010dn\u00fa \u0161trukt\u00faru a dizajn, v\u010faka \u010domu je stabilnej\u0161\u00ed a efekt\u00edvnej\u0161\u00ed ako in\u00e9 typy hydraulick\u00fdch valcov. \u0160tvorstup\u0148ov\u00fd hydraulick\u00fd valec skl\u00e1pa\u010da a teleskopick\u00fd hydraulick\u00fd valec s dlh\u00fdm zdvihom s\u00fa dva pr\u00edklady invertovan\u00fdch teleskopick\u00fdch valcov, ktor\u00e9 s\u00fa \u0161peci\u00e1lne navrhnut\u00e9 na pou\u017eitie v skl\u00e1pa\u010doch a in\u00fdch \u0165a\u017ek\u00fdch zariadeniach.<\/p>\n<h3>O FMP<\/h3>\n<p>FMP je popredn\u00e1 spolo\u010dnos\u0165 \u0161pecializuj\u00faca sa na v\u00fdrobu a predaj hydraulick\u00fdch valcov. So s\u00eddlom v Taliansku pon\u00fakame z\u00e1kazn\u00edkom \u0161irok\u00fa \u0161k\u00e1lu vysoko kvalitn\u00fdch a spo\u013eahliv\u00fdch rie\u0161en\u00ed v oblasti hydraulick\u00fdch valcov, ktor\u00e9 s\u00fa podporen\u00e9 na\u0161imi rozsiahlymi sk\u00fasenos\u0165ami v odvetv\u00ed a profesion\u00e1lnym t\u00edmom.<\/p>\n<p><strong>1. Rozmanit\u00fd sortiment produktov:<\/strong> N\u00e1\u0161 sortiment zah\u0155\u0148a r\u00f4zne hydraulick\u00e9 valce ur\u010den\u00e9 pre r\u00f4zne aplik\u00e1cie, \u010d\u00edm zabezpe\u010dujeme, \u017ee dok\u00e1\u017eeme splni\u0165 \u0161pecifick\u00e9 potreby na\u0161ich z\u00e1kazn\u00edkov.<\/p>\n<p><strong>2. Vynikaj\u00faca kvalita:<\/strong> V spolo\u010dnosti FMP kladieme d\u00f4raz na kvalitu a zabezpe\u010dujeme, aby v\u0161etky na\u0161e hydraulick\u00e9 valce sp\u013a\u0148ali pr\u00edsne normy kvality. Vybudovali sme si dlhodob\u00e9 a stabiln\u00e9 vz\u0165ahy s vysokokvalitn\u00fdmi dod\u00e1vate\u013emi, dom\u00e1cimi aj medzin\u00e1rodn\u00fdmi, aby sme zaru\u010dili excelentnos\u0165 na\u0161ich produktov.<\/p>\n<p><strong>3. Odborn\u00fd obchodn\u00fd t\u00edm:<\/strong> N\u00e1\u0161 sk\u00fasen\u00fd a kvalifikovan\u00fd obchodn\u00fd t\u00edm m\u00e1 hlbok\u00e9 znalosti o odvetv\u00ed stavebn\u00fdch strojov. Sleduje najnov\u0161ie trendy a rozumie potreb\u00e1m z\u00e1kazn\u00edkov, \u010do im umo\u017e\u0148uje poskytova\u0165 profesion\u00e1lne poradenstvo oh\u013eadom produktov a inteligentn\u00e9 n\u00e1vrhy na n\u00e1kup.<\/p>\n<p><strong>4. Efekt\u00edvna logistick\u00e1 distrib\u00facia:<\/strong> Zaviedli sme efekt\u00edvny logistick\u00fd distribu\u010dn\u00fd syst\u00e9m, aby sme zabezpe\u010dili v\u010dasn\u00e9 a presn\u00e9 dodanie po\u017eadovan\u00fdch hydraulick\u00fdch valcov na\u0161im z\u00e1kazn\u00edkom, \u010d\u00edm sa skr\u00e1tia prestoje a zv\u00fd\u0161i produktivita.<\/p>\n<p><strong>5. Z\u00e1v\u00e4zok k spokojnosti z\u00e1kazn\u00edkov:<\/strong> V spolo\u010dnosti FMP kladieme d\u00f4raz na spokojnos\u0165 z\u00e1kazn\u00edkov. Sna\u017e\u00edme sa budova\u0165 dlhodob\u00e9 vz\u0165ahy s na\u0161imi klientmi dod\u00e1van\u00edm v\u00fdnimo\u010dn\u00fdch produktov a poskytovan\u00edm vynikaj\u00facej popredajnej podpory.<\/p>\n<p><img decoding=\"async\" src=\"https:\/\/fmp-components.com\/wp-content\/uploads\/2024\/12\/Adjustable-Clevis-Type-Cylinders-6.webp\" alt=\"Nastavite\u013en\u00fd valec typu Clevis\" width=\"815\" title=\"\"><br \/>\nAutor: CX<\/p>","protected":false},"excerpt":{"rendered":"<p>Introducing Dump Truck 4 Stage Hydraulic Cylinder Long Stroke Telescopic Hydraulic Cylinder The Dump Truck 4 Stage Hydraulic Cylinder Long Stroke Telescopic Hydraulic Cylinder is a versatile and durable product designed for heavy-duty applications. It is commonly used in dump trucks, and is engineered to provide maximum strength and performance. This hydraulic cylinder is constructed [&hellip;]<\/p>","protected":false},"featured_media":1628,"comment_status":"closed","ping_status":"closed","template":"","meta":{"_et_pb_use_builder":"","_et_pb_old_content":"","_et_gb_content_width":""},"product_brand":[],"product_cat":[45],"product_tag":[34,48],"class_list":{"0":"post-1627","1":"product","2":"type-product","3":"status-publish","4":"has-post-thumbnail","6":"product_cat-inverted-telescopic-cylinder","7":"product_tag-hydraulic-cylinder","8":"product_tag-inverted-telescopic-cylinder","10":"first","11":"instock","12":"product-type-simple"},"_links":{"self":[{"href":"https:\/\/fmp-components.com\/sk\/wp-json\/wp\/v2\/product\/1627","targetHints":{"allow":["GET"]}}],"collection":[{"href":"https:\/\/fmp-components.com\/sk\/wp-json\/wp\/v2\/product"}],"about":[{"href":"https:\/\/fmp-components.com\/sk\/wp-json\/wp\/v2\/types\/product"}],"replies":[{"embeddable":true,"href":"https:\/\/fmp-components.com\/sk\/wp-json\/wp\/v2\/comments?post=1627"}],"wp:featuredmedia":[{"embeddable":true,"href":"https:\/\/fmp-components.com\/sk\/wp-json\/wp\/v2\/media\/1628"}],"wp:attachment":[{"href":"https:\/\/fmp-components.com\/sk\/wp-json\/wp\/v2\/media?parent=1627"}],"wp:term":[{"taxonomy":"product_brand","embeddable":true,"href":"https:\/\/fmp-components.com\/sk\/wp-json\/wp\/v2\/product_brand?post=1627"},{"taxonomy":"product_cat","embeddable":true,"href":"https:\/\/fmp-components.com\/sk\/wp-json\/wp\/v2\/product_cat?post=1627"},{"taxonomy":"product_tag","embeddable":true,"href":"https:\/\/fmp-components.com\/sk\/wp-json\/wp\/v2\/product_tag?post=1627"}],"curies":[{"name":"pracovn\u00fd list","href":"https:\/\/api.w.org\/{rel}","templated":true}]}}