{"id":1619,"date":"2024-12-23T06:59:20","date_gmt":"2024-12-23T06:59:20","guid":{"rendered":"https:\/\/fmp-components.com\/product\/factory-serving-hydraulic-cylinder-double-acting-small-dump-truck-hydraulic-cylinder\/"},"modified":"2024-12-23T08:37:33","modified_gmt":"2024-12-23T08:37:33","slug":"factory-serving-hydraulic-cylinder-double-acting-small-dump-truck-hydraulic-cylinder","status":"publish","type":"product","link":"https:\/\/fmp-components.com\/sk\/product\/factory-serving-hydraulic-cylinder-double-acting-small-dump-truck-hydraulic-cylinder\/","title":{"rendered":"Hydraulick\u00fd valec s dvojit\u00fdm \u00fa\u010dinkom pre mal\u00e9 skl\u00e1pa\u010de, dod\u00e1van\u00fd z v\u00fdroby"},"content":{"rendered":"<p>Dvoj\u010dinn\u00fd hydraulick\u00fd valec pre mal\u00e9 skl\u00e1pa\u010de dod\u00e1van\u00fd z v\u00fdroby je vysoko kvalitn\u00fd produkt ur\u010den\u00fd na pou\u017eitie v skl\u00e1pa\u010doch. V\u010faka dvoj\u010dinnej funkcii pon\u00faka tento hydraulick\u00fd valec efekt\u00edvny a v\u00fdkonn\u00fd v\u00fdkon. Vyr\u00e1ba ho renomovan\u00e1 tov\u00e1re\u0148, ktor\u00e1 sa \u0161pecializuje na v\u00fdrobu hydraulick\u00fdch valcov, \u010do zaru\u010duje spo\u013eahlivos\u0165 a odolnos\u0165.<\/p>\n<p>Tento hydraulick\u00fd valec je \u0161peci\u00e1lne navrhnut\u00fd pre skl\u00e1pa\u010de, v\u010faka \u010domu je ide\u00e1lny pre r\u00f4zne aplik\u00e1cie v stavebn\u00edctve a logistike. Jeho kompaktn\u00e9 rozmery umo\u017e\u0148uj\u00fa jednoduch\u00fa in\u0161tal\u00e1ciu a integr\u00e1ciu do syst\u00e9mov skl\u00e1pa\u010dov.<\/p>\n<p>Tov\u00e1rensk\u00fd hydraulick\u00fd valec s dvoj\u010dinn\u00fdm \u00fa\u010dinkom pre mal\u00e9 skl\u00e1pa\u010de je vyroben\u00fd tak, aby odolal \u0165a\u017ek\u00fdm za\u0165a\u017eeniam a n\u00e1ro\u010dn\u00fdm pracovn\u00fdm podmienkam. Jeho robustn\u00e1 kon\u0161trukcia a vysoko kvalitn\u00e9 materi\u00e1ly zabezpe\u010duj\u00fa dlhotrvaj\u00faci v\u00fdkon a minim\u00e1lne po\u017eiadavky na \u00fadr\u017ebu.<\/p>\n<p>Tento hydraulick\u00fd valec, vybaven\u00fd dvoj\u010dinnou funkciou, umo\u017e\u0148uje vys\u00favanie aj zas\u00favanie, \u010d\u00edm poskytuje plynul\u00e9 a presn\u00e9 ovl\u00e1danie zdv\u00edhac\u00edch a vysyp\u00e1vac\u00edch oper\u00e1ci\u00ed skl\u00e1pa\u010da. T\u00e1to funkcia zvy\u0161uje produktivitu a efektivitu, umo\u017e\u0148uje r\u00fdchlej\u0161ie cykly a zv\u00fd\u0161en\u00fa prev\u00e1dzkov\u00fa kapacitu.<\/p>\n<p>Bezpe\u010dnos\u0165 je pri tomto hydraulickom valci najvy\u0161\u0161ou prioritou. Je vybaven\u00fd spo\u013eahliv\u00fdmi tesneniami a mechanizmami, ktor\u00e9 zabra\u0148uj\u00fa \u00fanikom a zabezpe\u010duj\u00fa spr\u00e1vnu funkciu. To zais\u0165uje bezpe\u010dnos\u0165 obsluhy aj okolit\u00e9ho prostredia.<\/p>\n<p>Z\u00e1verom mo\u017eno poveda\u0165, \u017ee dvoj\u010dinn\u00fd hydraulick\u00fd valec pre mal\u00e9 skl\u00e1pa\u010de z v\u00fdroby je spo\u013eahliv\u00fd a efekt\u00edvny produkt ur\u010den\u00fd pre skl\u00e1pa\u010de. Jeho dvoj\u010dinnos\u0165, kompaktn\u00e9 rozmery a odolnos\u0165 z neho robia vynikaj\u00facu vo\u013ebu pre r\u00f4zne aplik\u00e1cie v stavebn\u00edctve a logistike. V\u010faka svojej vysoko kvalitnej kon\u0161trukcii a bezpe\u010dnostn\u00fdm prvkom je tento hydraulick\u00fd valec cenn\u00fdm doplnkom ka\u017ed\u00e9ho syst\u00e9mu skl\u00e1pa\u010da.<\/p>\n<h2>Predstavujeme dvoj\u010dinn\u00fd hydraulick\u00fd valec pre mal\u00e9 skl\u00e1pa\u010de<\/h2>\n<p>H\u013ead\u00e1te najnov\u0161ie hydraulick\u00e9 technol\u00f3gie? U\u017e neh\u013eadajte \u010falej, predstav\u00edme v\u00e1m n\u00e1\u0161 najnov\u0161\u00ed produkt pre rok 2023! N\u00e1\u0161 dvoj\u010dinn\u00fd hydraulick\u00fd valec pre mal\u00e9 skl\u00e1pa\u010de je najmodernej\u0161\u00ed hydraulick\u00fd komponent navrhnut\u00fd a vyroben\u00fd v na\u0161ej tov\u00e1rni. V\u010faka r\u00f4znym funkci\u00e1m je tento hydraulick\u00fd valec perfektn\u00fdm rie\u0161en\u00edm pre odvetvia, ako s\u00fa v\u00fdrobn\u00e9 z\u00e1vody, opravovne strojov, farmy, energetika a ban\u00edctvo a v\u00fdroba strojov.<\/p>\n<h3>K\u013e\u00fa\u010dov\u00e9 vlastnosti n\u00e1\u0161ho hydraulick\u00e9ho valca<\/h3>\n<ul>\n<li>Novo navrhnut\u00fd: Ide o \u00faplne nov\u00fd produkt uveden\u00fd na trh v roku 2023, ktor\u00fd v\u00e1m zaru\u010duje najnov\u0161ie technol\u00f3gie.<\/li>\n<li>Zabezpe\u010denie kvality: Hydraulick\u00fd valec sa dod\u00e1va s ro\u010dnou z\u00e1rukou a na zabezpe\u010denie kvality je k dispoz\u00edcii v\u00fdstupn\u00e9 in\u0161pek\u010dn\u00e9 video.<\/li>\n<li>Odoln\u00e9 z\u00e1kladn\u00e9 komponenty: Je vybaven\u00fd odoln\u00fdmi z\u00e1kladn\u00fdmi komponentmi, ako s\u00fa lo\u017eisko a piestov\u00fd valec.<\/li>\n<li>\u0164a\u017ek\u00fd: S maxim\u00e1lnym \u0165ahom 3000 a maxim\u00e1lnym \u0165ahom 20 ton je ur\u010den\u00fd pre n\u00e1ro\u010dn\u00e9 oper\u00e1cie.<\/li>\n<li>\u0160tandardn\u00e9 \u0161pecifik\u00e1cie: Valec je \u0161tandardn\u00fd, s piestovou kon\u0161trukciou, oce\u013eov\u00fdm telesom a hydraulick\u00fdm pohonom.<\/li>\n<\/ul>\n<p><img decoding=\"async\" src=\"https:\/\/hzpt.com\/wp-content\/uploads\/2023\/11\/Inverted-Telescopic-Cylinder-22.webp\" alt=\"\" title=\"\"><\/p>\n<h3>Aplik\u00e1cie hydraulick\u00e9ho valca<\/h3>\n<p>N\u00e1\u0161 hydraulick\u00fd valec je v\u0161estrann\u00fd a mo\u017eno ho pou\u017ei\u0165 v r\u00f4znych odvetviach a aplik\u00e1ci\u00e1ch vr\u00e1tane:<\/p>\n<ul>\n<li>V\u00fdrobn\u00e9 z\u00e1vody: Na pou\u017eitie v \u0165a\u017ek\u00fdch strojoch a zariadeniach.<\/li>\n<li>Opravovne strojov: Ide\u00e1lne na opravu a \u00fadr\u017ebu \u0165a\u017ek\u00fdch strojov.<\/li>\n<li>Farmy: M\u00f4\u017ee sa pou\u017ei\u0165 v po\u013enohospod\u00e1rskych strojoch na r\u00f4zne oper\u00e1cie.<\/li>\n<li>Energia a ban\u00edctvo: Ide\u00e1lne na pou\u017eitie v \u0165a\u017ek\u00fdch bansk\u00fdch zariadeniach.<\/li>\n<li>V\u00fdroba strojov: Ide\u00e1lne na v\u00fdrobu r\u00f4znych strojn\u00fdch s\u00fa\u010diastok.<\/li>\n<\/ul>\n<p><img decoding=\"async\" src=\"https:\/\/hzpt.com\/wp-content\/uploads\/2023\/11\/Inverted-Telescopic-Cylinder-Applications.webp\" alt=\"Aplik\u00e1cie hydraulick\u00fdch valcov\" title=\"\"><\/p>\n<h3>Princ\u00edp \u010dinnosti a \u00fadr\u017eba hydraulick\u00e9ho valca<\/h3>\n<p>Hydraulick\u00fd valec funguje na princ\u00edpe generovania line\u00e1rneho pohybu a sily z tlaku hydraulickej kvapaliny. Spr\u00e1vna \u00fadr\u017eba hydraulick\u00e9ho valca je k\u013e\u00fa\u010dov\u00e1, \u010do zah\u0155\u0148a:<\/p>\n<ul>\n<li>Pravideln\u00e1 kontrola: Pravideln\u00e1 kontrola valca, \u010di nevykazuje zn\u00e1mky opotrebovania.<\/li>\n<li>\u010cistenie: Pravidelne \u010distite valec, aby ste predi\u0161li hromadeniu prachu a ne\u010dist\u00f4t.<\/li>\n<li>Mazanie: Zabezpe\u010denie dobr\u00e9ho mazania pohybliv\u00fdch \u010dast\u00ed valca.<\/li>\n<li>Pravideln\u00e9 kontroly a opravy: Pravideln\u00e9 kontroly a vykon\u00e1vanie potrebn\u00fdch opr\u00e1v, aby sa zabezpe\u010dilo, \u017ee valec je v perfektnom prev\u00e1dzkovom stave.<\/li>\n<li>V\u00fdmena tesnenia: Pravideln\u00e1 kontrola a v\u00fdmena tesnen\u00ed, aby sa predi\u0161lo \u00faniku.<\/li>\n<\/ul>\n<p><img decoding=\"async\" src=\"https:\/\/hzpt.com\/wp-content\/uploads\/2023\/11\/Inverted-Telescopic-Cylinder-4.webp\" alt=\"\" title=\"\"><\/p>\n<h2>Invertovan\u00fd teleskopick\u00fd valec<\/h2>\n<p>Hydraulick\u00fd valec dod\u00e1van\u00fd z v\u00fdroby:<\/p>\n<p>Hydraulick\u00e9 valce s\u00fa z\u00e1kladn\u00fdmi komponentmi v r\u00f4znych priemyseln\u00fdch aplik\u00e1ci\u00e1ch, ktor\u00e9 poskytuj\u00fa v\u00fdkon a silu potrebn\u00fa na pohyb \u0165a\u017ek\u00fdch strojov a zariaden\u00ed. Jedn\u00fdm typom hydraulick\u00e9ho valca, ktor\u00fd vynik\u00e1 z h\u013eadiska dizajnu a funk\u010dnosti, je inverzn\u00fd teleskopick\u00fd valec.<\/p>\n<p>Tento typ hydraulick\u00e9ho valca, navrhnut\u00fd a vyroben\u00fd v na\u0161ej tov\u00e1rni, pon\u00faka vynikaj\u00faci v\u00fdkon a spo\u013eahlivos\u0165, v\u010faka \u010domu je ide\u00e1lnou vo\u013ebou pre r\u00f4zne aplik\u00e1cie vr\u00e1tane mal\u00fdch skl\u00e1pa\u010dov.<\/p>\n<p>Dvojit\u00e9 p\u00f4sobenie:<\/p>\n<p>Inverzn\u00fd teleskopick\u00fd valec je dvoj\u010dinn\u00fd valec, \u010do znamen\u00e1, \u017ee dok\u00e1\u017ee generova\u0165 silu v oboch smeroch. T\u00e1to funkcia umo\u017e\u0148uje presnej\u0161ie ovl\u00e1danie a efekt\u00edvnej\u0161iu prev\u00e1dzku hydraulick\u00e9ho syst\u00e9mu. \u010ci u\u017e ide o vys\u00favanie alebo zas\u00favanie, valec dok\u00e1\u017ee doda\u0165 konzistentn\u00fa a siln\u00fa silu na splnenie po\u017eadovanej \u00falohy.<\/p>\n<p>Hydraulick\u00fd valec pre mal\u00e9 skl\u00e1pa\u010de:<\/p>\n<p>Inverzn\u00fd teleskopick\u00fd valec, \u0161peci\u00e1lne navrhnut\u00fd pre mal\u00e9 skl\u00e1pa\u010de, pon\u00faka oproti in\u00fdm typom hydraulick\u00fdch valcov nieko\u013eko v\u00fdhod. Jeho kompaktn\u00e1 ve\u013ekos\u0165 a \u013eahk\u00e1 kon\u0161trukcia z neho robia ide\u00e1lnu vo\u013ebu pre aplik\u00e1cie s obmedzen\u00fdm priestorom a potrebou minimalizova\u0165 hmotnos\u0165.<\/p>\n<p>Hydraulick\u00fd valec mal\u00e9ho skl\u00e1pa\u010da je schopn\u00fd manipulova\u0165 s \u0165a\u017ek\u00fdmi bremenami a z\u00e1rove\u0148 zabezpe\u010duje plynul\u00fd a kontrolovan\u00fd pohyb po\u010das procesu skl\u00e1pania. V\u010faka presn\u00e9mu polohovaniu a vysokej zdv\u00edhacej kapacite zais\u0165uje efekt\u00edvnu prev\u00e1dzku a zv\u00fd\u0161en\u00fa produktivitu.<\/p>\n<p>K\u013e\u00fa\u010dov\u00e9 vlastnosti:<\/p>\n<ul>\n<li>Vysokokvalitn\u00e9 materi\u00e1ly: Valec je vyroben\u00fd z vysokokvalitn\u00fdch materi\u00e1lov, ktor\u00e9 zais\u0165uj\u00fa odolnos\u0165 a dlh\u00fa \u017eivotnos\u0165 aj v n\u00e1ro\u010dn\u00fdch pracovn\u00fdch podmienkach.<\/li>\n<li>Bezprobl\u00e9mov\u00e1 prev\u00e1dzka: Kon\u0161trukcia a kon\u0161trukcia valca zabezpe\u010duj\u00fa plynul\u00fd a efekt\u00edvny chod, minimalizuj\u00fa straty energie a maximalizuj\u00fa v\u00fdkon.<\/li>\n<li>Tesnenia a puzdr\u00e1: Valec je vybaven\u00fd vysokov\u00fdkonn\u00fdmi tesneniami a puzdrami, ktor\u00e9 pon\u00fakaj\u00fa vynikaj\u00facu odolnos\u0165 vo\u010di opotrebovaniu, \u010d\u00edm sa predl\u017euje \u017eivotnos\u0165 valca.<\/li>\n<li>Jednoduch\u00e1 \u00fadr\u017eba: Kon\u0161trukcia valca umo\u017e\u0148uje jednoduch\u00fd pr\u00edstup k vn\u00fatorn\u00fdm komponentom, \u010do zjednodu\u0161uje \u00fadr\u017ebu a skracuje prestoje.<\/li>\n<\/ul>\n<p>V\u010faka svojmu v\u00fdnimo\u010dn\u00e9mu v\u00fdkonu, spo\u013eahlivosti a odolnosti je inverzn\u00fd teleskopick\u00fd valec vyroben\u00fd v na\u0161ej tov\u00e1rni ide\u00e1lnou vo\u013ebou pre mal\u00e9 skl\u00e1pa\u010de a r\u00f4zne in\u00e9 aplik\u00e1cie vy\u017eaduj\u00face vysoko kvalitn\u00e9 hydraulick\u00e9 valce. D\u00f4verujte na\u0161im odborn\u00fdm znalostiam a sk\u00fasenostiam, aby sme v\u00e1m poskytli najlep\u0161ie hydraulick\u00e9 rie\u0161enia pre va\u0161e \u0161pecifick\u00e9 potreby.<\/p>\n<h3>O FMP<\/h3>\n<p>FMP je spolo\u010dnos\u0165, ktor\u00e1 sa \u0161pecializuje na v\u00fdrobu a predaj hydraulick\u00fdch valcov. Na\u0161\u00edm cie\u013eom je poskytova\u0165 na\u0161im z\u00e1kazn\u00edkom vysoko kvalitn\u00e9 a spo\u013eahliv\u00e9 hydraulick\u00e9 valce pre r\u00f4zne typy stavebn\u00fdch strojov. V\u010faka na\u0161im dlhoro\u010dn\u00fdm sk\u00fasenostiam v odbore a profesion\u00e1lnemu t\u00edmu pon\u00fakame v\u00fdnimo\u010dn\u00e9 produkty a slu\u017eby, ktor\u00e9 sp\u013a\u0148aj\u00fa potreby na\u0161ich klientov.<\/p>\n<p><strong>1. \u0160irok\u00fd sortiment hydraulick\u00fdch valcov:<\/strong> N\u00e1\u0161 sortiment zah\u0155\u0148a r\u00f4zne hydraulick\u00e9 valce, ako s\u00fa nastavite\u013en\u00e9 valce s vidlicov\u00fdm z\u00e1vesom, teleskopick\u00e9 valce a dvoj\u010dinn\u00e9 valce. Pon\u00fakame rie\u0161enia pre r\u00f4zne typy stavebn\u00fdch strojov, \u010d\u00edm zabezpe\u010dujeme kompatibilitu a \u00fa\u010dinnos\u0165 v r\u00f4znych aplik\u00e1ci\u00e1ch.<\/p>\n<p><strong>2. Vynikaj\u00faca kvalita:<\/strong> V spolo\u010dnosti FMP kladieme d\u00f4raz na kvalitu na\u0161ich produktov. Budujeme dlhodob\u00e9 a stabiln\u00e9 partnersk\u00e9 vz\u0165ahy s vysoko kvalitn\u00fdmi dod\u00e1vate\u013emi, aby sme zabezpe\u010dili, \u017ee v\u0161etky hydraulick\u00e9 valce, ktor\u00e9 dod\u00e1vame, sp\u013a\u0148aj\u00fa pr\u00edsne normy kvality. N\u00e1\u0161 z\u00e1v\u00e4zok ku kvalite zaru\u010duje odolnos\u0165, spo\u013eahlivos\u0165 a optim\u00e1lny v\u00fdkon.<\/p>\n<p><strong>3. Profesion\u00e1lny obchodn\u00fd t\u00edm:<\/strong> M\u00e1me sk\u00fasen\u00fd a kvalifikovan\u00fd obchodn\u00fd t\u00edm, ktor\u00fd sa dobre orientuje v trendoch v\u00fdvoja a potreb\u00e1ch z\u00e1kazn\u00edkov v odvetv\u00ed stavebn\u00fdch strojov. Dok\u00e1\u017ee poskytn\u00fa\u0165 profesion\u00e1lne poradenstvo oh\u013eadom produktov a inteligentn\u00e9 n\u00e1vrhy na n\u00e1kup, \u010d\u00edm pom\u00e1ha na\u0161im z\u00e1kazn\u00edkom robi\u0165 informovan\u00e9 rozhodnutia.<\/p>\n<p><strong>4. Efekt\u00edvna logistick\u00e1 distrib\u00facia:<\/strong> Ch\u00e1peme d\u00f4le\u017eitos\u0165 v\u010dasn\u00e9ho dodania. Spolo\u010dnos\u0165 FMP m\u00e1 zaveden\u00fd efekt\u00edvny logistick\u00fd distribu\u010dn\u00fd syst\u00e9m, aby zabezpe\u010dila, \u017ee na\u0161i z\u00e1kazn\u00edci dostan\u00fa po\u017eadovan\u00e9 hydraulick\u00e9 valce v\u010das a presne. Uprednost\u0148ujeme spokojnos\u0165 z\u00e1kazn\u00edkov a sna\u017e\u00edme sa splni\u0165 ich o\u010dak\u00e1vania t\u00fdkaj\u00face sa dod\u00e1vok.<\/p>\n<p><strong>5. Zameranie na \u00faspech z\u00e1kazn\u00edkov:<\/strong> V spolo\u010dnosti FMP ver\u00edme v budovanie dlhodob\u00fdch partnerstiev s na\u0161imi z\u00e1kazn\u00edkmi. Z\u00e1le\u017e\u00ed n\u00e1m na ich \u00faspechu a spokojnosti. N\u00e1\u0161 t\u00edm sa zaviazal poskytova\u0165 v\u00fdnimo\u010dn\u00fd z\u00e1kazn\u00edcky servis, promptne rie\u0161i\u0165 ak\u00e9ko\u013evek obavy alebo ot\u00e1zky a zabezpe\u010di\u0165 hladk\u00fd a pr\u00edjemn\u00fd z\u00e1\u017eitok po\u010das cel\u00e9ho procesu n\u00e1kupu.<\/p>\n<p><img decoding=\"async\" src=\"https:\/\/fmp-components.com\/wp-content\/uploads\/2024\/12\/Adjustable-Clevis-Type-Cylinders-6.webp\" alt=\"Nastavite\u013en\u00fd valec typu Clevis\" width=\"811\" title=\"\"><br \/>\nAutor: CX<\/p>","protected":false},"excerpt":{"rendered":"<p>Factory Serving Hydraulic Cylinder Double Acting Small Dump Truck Hydraulic Cylinder is a high-quality product designed for use in dump trucks. With its double-acting feature, this hydraulic cylinder offers efficient and powerful performance. It is manufactured by a reputable factory that specializes in producing hydraulic cylinders, ensuring reliability and durability. This hydraulic cylinder is specifically [&hellip;]<\/p>","protected":false},"featured_media":1620,"comment_status":"closed","ping_status":"closed","template":"","meta":{"_et_pb_use_builder":"","_et_pb_old_content":"","_et_gb_content_width":""},"product_brand":[],"product_cat":[45],"product_tag":[34,48],"class_list":{"0":"post-1619","1":"product","2":"type-product","3":"status-publish","4":"has-post-thumbnail","6":"product_cat-inverted-telescopic-cylinder","7":"product_tag-hydraulic-cylinder","8":"product_tag-inverted-telescopic-cylinder","10":"first","11":"instock","12":"product-type-simple"},"_links":{"self":[{"href":"https:\/\/fmp-components.com\/sk\/wp-json\/wp\/v2\/product\/1619","targetHints":{"allow":["GET"]}}],"collection":[{"href":"https:\/\/fmp-components.com\/sk\/wp-json\/wp\/v2\/product"}],"about":[{"href":"https:\/\/fmp-components.com\/sk\/wp-json\/wp\/v2\/types\/product"}],"replies":[{"embeddable":true,"href":"https:\/\/fmp-components.com\/sk\/wp-json\/wp\/v2\/comments?post=1619"}],"wp:featuredmedia":[{"embeddable":true,"href":"https:\/\/fmp-components.com\/sk\/wp-json\/wp\/v2\/media\/1620"}],"wp:attachment":[{"href":"https:\/\/fmp-components.com\/sk\/wp-json\/wp\/v2\/media?parent=1619"}],"wp:term":[{"taxonomy":"product_brand","embeddable":true,"href":"https:\/\/fmp-components.com\/sk\/wp-json\/wp\/v2\/product_brand?post=1619"},{"taxonomy":"product_cat","embeddable":true,"href":"https:\/\/fmp-components.com\/sk\/wp-json\/wp\/v2\/product_cat?post=1619"},{"taxonomy":"product_tag","embeddable":true,"href":"https:\/\/fmp-components.com\/sk\/wp-json\/wp\/v2\/product_tag?post=1619"}],"curies":[{"name":"pracovn\u00fd list","href":"https:\/\/api.w.org\/{rel}","templated":true}]}}