{"id":1613,"date":"2024-12-23T06:59:20","date_gmt":"2024-12-23T06:59:20","guid":{"rendered":"https:\/\/fmp-components.com\/product\/factory-serving-small-dump-truck-double-acting-hydraulic-cylinder\/"},"modified":"2024-12-23T08:23:17","modified_gmt":"2024-12-23T08:23:17","slug":"factory-serving-small-dump-truck-double-acting-hydraulic-cylinder","status":"publish","type":"product","link":"https:\/\/fmp-components.com\/sk\/product\/factory-serving-small-dump-truck-double-acting-hydraulic-cylinder\/","title":{"rendered":"Dvoj\u010dinn\u00fd hydraulick\u00fd valec pre mal\u00e9 skl\u00e1pa\u010de"},"content":{"rendered":"<h2>Predstavujeme dvoj\u010dinn\u00fd hydraulick\u00fd valec pre mal\u00e9 skl\u00e1pa\u010de, ktor\u00fd je dod\u00e1van\u00fd do tov\u00e1rne<\/h2>\n<p>Dvoj\u010dinn\u00fd hydraulick\u00fd valec pre mal\u00e9 skl\u00e1pa\u010de, dod\u00e1van\u00fd z v\u00fdroby, je vysoko kvalitn\u00fd a v\u0161estrann\u00fd komponent navrhnut\u00fd \u0161peci\u00e1lne pre mal\u00e9 skl\u00e1pa\u010de. V\u010faka svojim pokro\u010dil\u00fdm funkci\u00e1m a spo\u013eahliv\u00e9mu v\u00fdkonu je tento hydraulick\u00fd valec nevyhnutnou s\u00fa\u010das\u0165ou ka\u017ed\u00e9ho syst\u00e9mu skl\u00e1pa\u010da.<\/p>\n<p>Jednou z k\u013e\u00fa\u010dov\u00fdch vlastnost\u00ed tohto hydraulick\u00e9ho valca je jeho dvoj\u010dinn\u00e1 funkcia. To znamen\u00e1, \u017ee dok\u00e1\u017ee generova\u0165 silu v oboch smeroch, \u010do umo\u017e\u0148uje efekt\u00edvne a presn\u00e9 ovl\u00e1danie pohybu skl\u00e1pa\u010da. \u010ci u\u017e ide o zdv\u00edhanie alebo sp\u00fa\u0161\u0165anie korby, tento valec zais\u0165uje plynul\u00fd a spo\u013eahliv\u00fd chod.<\/p>\n<p>Tento hydraulick\u00fd valec je vyroben\u00fd z odoln\u00fdch materi\u00e1lov a je vyroben\u00fd tak, aby odolal n\u00e1ro\u010dn\u00fdm podmienkam. Prech\u00e1dza pr\u00edsnymi testami, aby sa zabezpe\u010dila jeho pevnos\u0165 a dlh\u00e1 \u017eivotnos\u0165. Zvl\u00e1dne \u0165a\u017ek\u00e9 bremen\u00e1 a bezchybne funguje aj v n\u00e1ro\u010dn\u00fdch prostrediach.<\/p>\n<p>Dvoj\u010dinn\u00fd hydraulick\u00fd valec pre mal\u00e9 skl\u00e1pa\u010de, ur\u010den\u00fd pre v\u00fdrobu, je navrhnut\u00fd s oh\u013eadom na bezpe\u010dnos\u0165. Obsahuje pokro\u010dil\u00e9 funkcie, ako s\u00fa pretlakov\u00e9 ventily a tesnenia, ktor\u00e9 zabra\u0148uj\u00fa \u00fanikom a udr\u017eiavaj\u00fa optim\u00e1lny v\u00fdkon. Jeho robustn\u00e1 kon\u0161trukcia a spo\u013eahliv\u00e9 tesniace mechanizmy zabezpe\u010duj\u00fa minim\u00e1lnu \u00fadr\u017ebu a prestoje, \u010d\u00edm maximalizuj\u00fa produktivitu.<\/p>\n<p>V\u010faka svojej kompaktnej ve\u013ekosti je tento hydraulick\u00fd valec \u0161peci\u00e1lne navrhnut\u00fd pre mal\u00e9 skl\u00e1pa\u010de. Jeho vynikaj\u00faci pomer v\u00fdkonu a ve\u013ekosti umo\u017e\u0148uje efekt\u00edvne vyu\u017eitie priestoru v hydraulickom syst\u00e9me n\u00e1kladn\u00e9ho vozidla. To nielen zlep\u0161uje celkov\u00fd v\u00fdkon skl\u00e1pa\u010da, ale prispieva aj k \u00faspore paliva.<\/p>\n<p>Z\u00e1verom mo\u017eno poveda\u0165, \u017ee dvoj\u010dinn\u00fd hydraulick\u00fd valec pre mal\u00e9 skl\u00e1pa\u010de, ktor\u00fd je dod\u00e1van\u00fd vo v\u00fdrobe, je \u0161pi\u010dkov\u00fdm komponentom, ktor\u00fd poskytuje v\u00fdnimo\u010dn\u00fd v\u00fdkon pre mal\u00e9 skl\u00e1pa\u010de. Jeho dvoj\u010dinn\u00e1 funk\u010dnos\u0165, odolnos\u0165 a bezpe\u010dnostn\u00e9 prvky z neho robia ide\u00e1lnu vo\u013ebu na zv\u00fd\u0161enie efekt\u00edvnosti a produktivity prev\u00e1dzky skl\u00e1pa\u010dov.<\/p>\n<h2>Vlastnosti dvoj\u010dinn\u00e9ho hydraulick\u00e9ho valca<\/h2>\n<ul>\n<li>\u0160tandardn\u00fd hydraulicky poh\u00e1\u0148an\u00fd piestov\u00fd valec pre optim\u00e1lny v\u00fdkon<\/li>\n<li>Oce\u013eov\u00fd materi\u00e1l tela pre zv\u00fd\u0161en\u00fa odolnos\u0165<\/li>\n<li>Maxim\u00e1lny \u0165ah 3000 a maxim\u00e1lny \u0165ah 20 ton pre n\u00e1ro\u010dn\u00e9 oper\u00e1cie<\/li>\n<li>R\u00f4zne ve\u013ekosti pre v\u0155tanie, ty\u010d, zdvih a \u010dap pre r\u00f4zne po\u017eiadavky<\/li>\n<li>Certifik\u00e1cia ISO9001:2000, ktor\u00e1 zaru\u010duje kvalitu a spo\u013eahlivos\u0165<\/li>\n<\/ul>\n<p><img decoding=\"async\" src=\"https:\/\/hzpt.com\/wp-content\/uploads\/2023\/11\/Inverted-Telescopic-Cylinder-15.webp\" alt=\"\" title=\"\"><\/p>\n<h2>Aplik\u00e1cie dvoj\u010dinn\u00e9ho hydraulick\u00e9ho valca<\/h2>\n<p>Dvoj\u010dinn\u00e9 hydraulick\u00e9 valce s\u00fa v\u0161estrann\u00e9 zariadenia be\u017ene pou\u017e\u00edvan\u00e9 v r\u00f4znych aplik\u00e1ci\u00e1ch, kde je potrebn\u00fd riaden\u00fd line\u00e1rny pohyb a sila. Funguj\u00fa pomocou hydraulick\u00e9ho tlaku na pohyb piestu tam a sp\u00e4\u0165 vo valci, \u010d\u00edm poskytuj\u00fa silu v oboch smeroch. Tu je nieko\u013eko aplik\u00e1ci\u00ed, kde sa dvoj\u010dinn\u00e9 hydraulick\u00e9 valce \u010dasto pou\u017e\u00edvaj\u00fa:<\/p>\n<h3>Stavebn\u00e9 stroje<\/h3>\n<p>Dvoj\u010dinn\u00e9 hydraulick\u00e9 valce sa hojne pou\u017e\u00edvaj\u00fa v stavebn\u00fdch strojoch, ako s\u00fa bagre, naklada\u010de, buldoz\u00e9ry a \u017eeriavy. Pom\u00e1haj\u00fa pri \u00faloh\u00e1ch, ako je zdv\u00edhanie, tla\u010denie, kopanie a premiest\u0148ovanie \u0165a\u017ek\u00fdch bremien, a poskytuj\u00fa potrebn\u00fa silu pre tieto oper\u00e1cie.<\/p>\n<h3>Priemyseln\u00e9 stroje<\/h3>\n<p>Hydraulick\u00e9 valce nach\u00e1dzaj\u00fa uplatnenie v \u0161irokej \u0161k\u00e1le priemyseln\u00fdch strojov. Pou\u017e\u00edvaj\u00fa sa v lisoch, zariadeniach na kovov\u00fdrobu, syst\u00e9moch manipul\u00e1cie s materi\u00e1lom a obr\u00e1bac\u00edch strojoch na zabezpe\u010denie riadenej sily pri oh\u00fdban\u00ed, strihan\u00ed, dierovan\u00ed, tv\u00e1rnen\u00ed a in\u00fdch v\u00fdrobn\u00fdch procesoch.<\/p>\n<h3>Po\u013enohospod\u00e1rske stroje<\/h3>\n<p>Hydraulick\u00e9 valce zohr\u00e1vaj\u00fa d\u00f4le\u017eit\u00fa \u00falohu v po\u013enohospod\u00e1rskych strojoch, ako s\u00fa traktory, kombajny a postrekova\u010de. Tieto valce sa pou\u017e\u00edvaj\u00fa v r\u00f4znych funkci\u00e1ch vr\u00e1tane ovl\u00e1dania ramien a pr\u00edslu\u0161enstva, ovl\u00e1dania n\u00e1strojov, nastavovania v\u00fd\u0161ky a uhla zariadenia a u\u013eah\u010denia riadenia.<\/p>\n<p><img decoding=\"async\" src=\"https:\/\/hzpt.com\/wp-content\/uploads\/2023\/11\/Inverted-Telescopic-Cylinder-Applications.webp\" alt=\"Aplik\u00e1cie inverzn\u00e9ho teleskopick\u00e9ho valca\" title=\"\"><\/p>\n<h2>Princ\u00edp fungovania a met\u00f3dy \u00fadr\u017eby<\/h2>\n<ul>\n<li>Pravideln\u00e1 kontrola: Pravideln\u00e9 kontroly zabezpe\u010duj\u00fa spr\u00e1vne fungovanie valca a pom\u00e1haj\u00fa v\u010das odhali\u0165 ak\u00e9ko\u013evek potenci\u00e1lne probl\u00e9my.<\/li>\n<li>\u010cistenie: Pravideln\u00e9 \u010distenie zabra\u0148uje hromadeniu prachu a ne\u010dist\u00f4t, ktor\u00e9 m\u00f4\u017eu ovplyvni\u0165 v\u00fdkon valca.<\/li>\n<li>Mazanie: Spr\u00e1vne mazanie pom\u00e1ha k hladk\u00e9mu fungovaniu a zni\u017euje opotrebovanie.<\/li>\n<li>Pravideln\u00e9 kontroly a opravy: Pravideln\u00e1 \u00fadr\u017eba pom\u00e1ha pred\u013a\u017ei\u0165 \u017eivotnos\u0165 valca.<\/li>\n<li>V\u00fdmena tesnenia: V\u010dasn\u00e1 v\u00fdmena tesnen\u00ed pom\u00e1ha predch\u00e1dza\u0165 \u00fanikom a udr\u017eiava \u00fa\u010dinnos\u0165 valca.<\/li>\n<\/ul>\n<p><img decoding=\"async\" src=\"https:\/\/hzpt.com\/wp-content\/uploads\/2023\/11\/Inverted-Telescopic-Cylinder-14.webp\" alt=\"\" title=\"\"><\/p>\n<h2>Invertovan\u00fd teleskopick\u00fd valec<\/h2>\n<h3>\u00davod<\/h3>\n<p>Inverzn\u00fd teleskopick\u00fd valec je typ hydraulick\u00e9ho valca, ktor\u00fd sa pou\u017e\u00edva v r\u00f4znych priemyseln\u00fdch aplik\u00e1ci\u00e1ch. Je to dvoj\u010dinn\u00fd hydraulick\u00fd valec, ktor\u00fd je ur\u010den\u00fd na pou\u017eitie v aplik\u00e1ci\u00e1ch s obmedzen\u00fdm priestorom. Valec je vyroben\u00fd zo s\u00e9rie s\u00fastredn\u00fdch trub\u00edc, ktor\u00e9 s\u00fa vlo\u017een\u00e9 jedna do druhej. Vonkaj\u0161ia r\u00fara je pevn\u00e1, zatia\u013e \u010do vn\u00fatorn\u00e1 r\u00fara sa pohybuje dovn\u00fatra a von z vonkaj\u0161ej r\u00fary. Valec sa be\u017ene pou\u017e\u00edva v mal\u00fdch skl\u00e1pa\u010doch, tov\u00e1rensk\u00fdch zariadeniach a in\u00fdch strojoch.<\/p>\n<h3>Vlastnosti inverzn\u00e9ho teleskopick\u00e9ho valca<\/h3>\n<p>Inverzn\u00fd teleskopick\u00fd valec je navrhnut\u00fd s nieko\u013ek\u00fdmi funkciami, v\u010faka ktor\u00fdm je ide\u00e1lny na pou\u017eitie v r\u00f4znych priemyseln\u00fdch aplik\u00e1ci\u00e1ch. Medzi tieto funkcie patria:<\/p>\n<ul>\n<li>Kompaktn\u00fd dizajn, ktor\u00fd umo\u017e\u0148uje jednoduch\u00fa in\u0161tal\u00e1ciu v stiesnen\u00fdch priestoroch<\/li>\n<li>Dvoj\u010dinn\u00fd valec, ktor\u00fd zabezpe\u010duje plynul\u00fd a kontrolovan\u00fd pohyb v oboch smeroch<\/li>\n<li>Vysoko odoln\u00fd a odoln\u00fd vo\u010di opotrebovaniu<\/li>\n<li>Efekt\u00edvne vyu\u017eitie hydraulickej kvapaliny, ktor\u00e9 pom\u00e1ha zni\u017eova\u0165 prev\u00e1dzkov\u00e9 n\u00e1klady<\/li>\n<li>Jednoduch\u00e1 \u00fadr\u017eba a opravy, \u010do pom\u00e1ha zni\u017eova\u0165 prestoje a n\u00e1klady na opravy<\/li>\n<\/ul>\n<h3>Aplik\u00e1cie invertovan\u00e9ho teleskopick\u00e9ho valca<\/h3>\n<p>Inverzn\u00fd teleskopick\u00fd valec sa be\u017ene pou\u017e\u00edva v r\u00f4znych priemyseln\u00fdch aplik\u00e1ci\u00e1ch. Medzi najbe\u017enej\u0161ie aplik\u00e1cie patria:<\/p>\n<ol>\n<li>Mal\u00e9 skl\u00e1pa\u010de \u2013 Valec sa pou\u017e\u00edva na zdv\u00edhanie a sp\u00fa\u0161\u0165anie korby mal\u00fdch skl\u00e1pa\u010dov. Kompaktn\u00e1 kon\u0161trukcia valca ho rob\u00ed ide\u00e1lnym na pou\u017eitie v t\u00fdchto typoch vozidiel.<\/li>\n<li>Tov\u00e1rensk\u00e9 zariadenia \u2013 Valec sa pou\u017e\u00edva v r\u00f4znych tov\u00e1rensk\u00fdch zariadeniach, ako s\u00fa dopravn\u00edkov\u00e9 syst\u00e9my, zdv\u00edhacie stoly a baliace stroje. Plynul\u00fd a kontrolovan\u00fd pohyb valca ho rob\u00ed ide\u00e1lnym na pou\u017eitie v t\u00fdchto aplik\u00e1ci\u00e1ch.<\/li>\n<li>Stavebn\u00e9 zariadenia \u2013 Valec sa pou\u017e\u00edva v r\u00f4znych stavebn\u00fdch zariadeniach, ako s\u00fa bagre, r\u00fdpadl\u00e1 a \u017eeriavy. Trvanlivos\u0165 a odolnos\u0165 valca vo\u010di opotrebovaniu ho robia ide\u00e1lnym na pou\u017eitie v t\u00fdchto aplik\u00e1ci\u00e1ch.<\/li>\n<li>Manipula\u010dn\u00e9 zariadenia \u2013 Valec sa pou\u017e\u00edva v r\u00f4znych manipula\u010dn\u00fdch zariadeniach, ako s\u00fa vysokozdvi\u017en\u00e9 voz\u00edky, paletov\u00e9 voz\u00edky a no\u017enicov\u00e9 zdvih\u00e1ky. Efekt\u00edvne vyu\u017eitie hydraulickej kvapaliny valcom je ide\u00e1lne na pou\u017eitie v t\u00fdchto aplik\u00e1ci\u00e1ch.<\/li>\n<\/ol>\n<p>Invertovan\u00fd teleskopick\u00fd valec je vysoko v\u0161estrann\u00fd a efekt\u00edvny hydraulick\u00fd valec, ktor\u00fd sa pou\u017e\u00edva v r\u00f4znych priemyseln\u00fdch aplik\u00e1ci\u00e1ch. Jeho kompaktn\u00fd dizajn, dvoj\u010dinn\u00fd valec, odolnos\u0165 a efekt\u00edvne vyu\u017eitie hydraulickej kvapaliny ho robia ide\u00e1lnym na pou\u017eitie v mal\u00fdch skl\u00e1pa\u010doch, tov\u00e1rensk\u00fdch zariadeniach, stavebn\u00fdch strojoch a zariadeniach na manipul\u00e1ciu s materi\u00e1lom. Ak h\u013ead\u00e1te spo\u013eahliv\u00fd a efekt\u00edvny hydraulick\u00fd valec pre va\u0161e priemyseln\u00e9 aplik\u00e1cie, invertovan\u00fd teleskopick\u00fd valec je vynikaj\u00facou vo\u013ebou. V\u010faka svojim pokro\u010dil\u00fdm funkci\u00e1m a vysok\u00e9mu v\u00fdkonu ur\u010dite spln\u00ed va\u0161e \u0161pecifick\u00e9 potreby a po\u017eiadavky.<\/p>\n<h3>O FMP<\/h3>\n<p><img decoding=\"async\" src=\"https:\/\/fmp-components.com\/wp-content\/uploads\/2024\/12\/Adjustable-Clevis-Type-Cylinders-6.webp\" alt=\"Nastavite\u013en\u00fd valec typu Clevis\" width=\"808\" title=\"\"><\/p>\n<p>FMP je popredn\u00e1 spolo\u010dnos\u0165 \u0161pecializuj\u00faca sa na v\u00fdrobu a predaj hydraulick\u00fdch valcov. V\u010faka na\u0161im dlhoro\u010dn\u00fdm sk\u00fasenostiam v odbore a profesion\u00e1lnemu t\u00edmu sa zav\u00e4zujeme poskytova\u0165 na\u0161im z\u00e1kazn\u00edkom vysoko kvalitn\u00e9 a spo\u013eahliv\u00e9 hydraulick\u00e9 valce pre r\u00f4zne aplik\u00e1cie v odvetv\u00ed stavebn\u00fdch strojov.<\/p>\n<p>1. \u0160irok\u00fd sortiment produktov: Pon\u00fakame \u0161irok\u00fd sortiment hydraulick\u00fdch valcov vr\u00e1tane nastavite\u013en\u00fdch valcov s vidlicov\u00fdm z\u00e1vesom, teleskopick\u00fdch valcov, zv\u00e1ran\u00fdch valcov, valcov s \u010dapom a \u010fal\u0161\u00edch. Nech s\u00fa va\u0161e \u0161pecifick\u00e9 potreby ak\u00e9ko\u013evek, m\u00e1me pre v\u00e1s to spr\u00e1vne rie\u0161enie hydraulick\u00e9ho valca.<\/p>\n<p>2. Vynikaj\u00faca kvalita: V spolo\u010dnosti FMP kladieme d\u00f4raz na kvalitu a zabezpe\u010dujeme, aby v\u0161etky na\u0161e hydraulick\u00e9 valce sp\u013a\u0148ali pr\u00edsne normy kvality. Vybudovali sme si dlhodob\u00e9 a stabiln\u00e9 vz\u0165ahy s vysokokvalitn\u00fdmi dod\u00e1vate\u013emi, a to na dom\u00e1com aj medzin\u00e1rodnom trhu, aby sme zaru\u010dili trvanlivos\u0165 a v\u00fdkonnos\u0165 na\u0161ich produktov.<\/p>\n<p>3. Odborn\u00fd obchodn\u00fd t\u00edm: N\u00e1\u0161 sk\u00fasen\u00fd a kvalifikovan\u00fd obchodn\u00fd t\u00edm je dobre obozn\u00e1men\u00fd s najnov\u0161\u00edmi trendmi v odvetv\u00ed a potrebami z\u00e1kazn\u00edkov. Je pripraven\u00fd poskytn\u00fa\u0165 profesion\u00e1lne poradenstvo v oblasti produktov a pon\u00faknu\u0165 inteligentn\u00e9 n\u00e1vrhy na n\u00e1kup, \u010d\u00edm zabezpe\u010d\u00ed, \u017ee si vyberiete to najlep\u0161ie rie\u0161enie pre va\u0161e stavebn\u00e9 stroje.<\/p>\n<p>4. Efekt\u00edvna logistick\u00e1 distrib\u00facia: Ch\u00e1peme d\u00f4le\u017eitos\u0165 v\u010dasn\u00e9ho dodania. V\u010faka n\u00e1\u0161mu efekt\u00edvnemu logistick\u00e9mu distribu\u010dn\u00e9mu syst\u00e9mu zabezpe\u010dujeme, aby z\u00e1kazn\u00edci dostali po\u017eadovan\u00e9 hydraulick\u00e9 valce v\u010das a presne. M\u00f4\u017eete sa na n\u00e1s spo\u013eahn\u00fa\u0165, \u017ee poskytneme r\u00fdchly a spo\u013eahliv\u00fd servis.<\/p>\n<p>5. Prisp\u00f4sobite\u013en\u00e9 rie\u0161enia: Ch\u00e1peme, \u017ee ka\u017ed\u00fd projekt stavebn\u00fdch strojov je jedine\u010dn\u00fd. Preto pon\u00fakame prisp\u00f4sobite\u013en\u00e9 rie\u0161enia hydraulick\u00fdch valcov, ktor\u00e9 sp\u013a\u0148aj\u00fa va\u0161e \u0161pecifick\u00e9 po\u017eiadavky. \u010ci u\u017e potrebujete valec so \u0161pecifickou d\u013a\u017ekou zdvihu, sp\u00f4sobom mont\u00e1\u017ee alebo ak\u00fdmko\u013evek in\u00fdm prisp\u00f4soben\u00edm, vieme v\u00e1m poskytn\u00fa\u0165 rie\u0161enia na mieru.<\/p>\n<p>Partnerstvo so spolo\u010dnos\u0165ou FMP znamen\u00e1 pr\u00edstup k vysokokvalitn\u00fdm hydraulick\u00fdm valcom, sk\u00fasen\u00e9mu obchodn\u00e9mu t\u00edmu, efekt\u00edvnej logistike a prisp\u00f4sobite\u013en\u00fdm rie\u0161eniam. D\u00f4verujte n\u00e1m, \u017ee v\u00e1m dod\u00e1me spo\u013eahliv\u00e9 a odoln\u00e9 hydraulick\u00e9 valce, ktor\u00e9 potrebujete pre svoje projekty stavebn\u00fdch strojov.<br \/>\nAutor: CX<\/p>","protected":false},"excerpt":{"rendered":"<p>Introducing the Factory Serving Small Dump Truck Double Acting Hydraulic Cylinder The Factory Serving Small Dump Truck Double Acting Hydraulic Cylinder is a high-quality and versatile component designed specifically for small dump trucks. With its advanced features and reliable performance, this hydraulic cylinder is an essential part of any dump truck system. One of the [&hellip;]<\/p>","protected":false},"featured_media":1614,"comment_status":"closed","ping_status":"closed","template":"","meta":{"_et_pb_use_builder":"","_et_pb_old_content":"","_et_gb_content_width":""},"product_brand":[],"product_cat":[45],"product_tag":[34,48],"class_list":{"0":"post-1613","1":"product","2":"type-product","3":"status-publish","4":"has-post-thumbnail","6":"product_cat-inverted-telescopic-cylinder","7":"product_tag-hydraulic-cylinder","8":"product_tag-inverted-telescopic-cylinder","10":"first","11":"instock","12":"product-type-simple"},"_links":{"self":[{"href":"https:\/\/fmp-components.com\/sk\/wp-json\/wp\/v2\/product\/1613","targetHints":{"allow":["GET"]}}],"collection":[{"href":"https:\/\/fmp-components.com\/sk\/wp-json\/wp\/v2\/product"}],"about":[{"href":"https:\/\/fmp-components.com\/sk\/wp-json\/wp\/v2\/types\/product"}],"replies":[{"embeddable":true,"href":"https:\/\/fmp-components.com\/sk\/wp-json\/wp\/v2\/comments?post=1613"}],"wp:featuredmedia":[{"embeddable":true,"href":"https:\/\/fmp-components.com\/sk\/wp-json\/wp\/v2\/media\/1614"}],"wp:attachment":[{"href":"https:\/\/fmp-components.com\/sk\/wp-json\/wp\/v2\/media?parent=1613"}],"wp:term":[{"taxonomy":"product_brand","embeddable":true,"href":"https:\/\/fmp-components.com\/sk\/wp-json\/wp\/v2\/product_brand?post=1613"},{"taxonomy":"product_cat","embeddable":true,"href":"https:\/\/fmp-components.com\/sk\/wp-json\/wp\/v2\/product_cat?post=1613"},{"taxonomy":"product_tag","embeddable":true,"href":"https:\/\/fmp-components.com\/sk\/wp-json\/wp\/v2\/product_tag?post=1613"}],"curies":[{"name":"pracovn\u00fd list","href":"https:\/\/api.w.org\/{rel}","templated":true}]}}