{"id":1599,"date":"2024-12-23T06:59:20","date_gmt":"2024-12-23T06:59:20","guid":{"rendered":"https:\/\/fmp-components.com\/product\/customized-double-acting-telescopic-hydraulic-cylinder-for-dump-trailer\/"},"modified":"2024-12-23T08:26:07","modified_gmt":"2024-12-23T08:26:07","slug":"customized-double-acting-telescopic-hydraulic-cylinder-for-dump-trailer","status":"publish","type":"product","link":"https:\/\/fmp-components.com\/sk\/product\/customized-double-acting-telescopic-hydraulic-cylinder-for-dump-trailer\/","title":{"rendered":"Prisp\u00f4soben\u00fd dvoj\u010dinn\u00fd teleskopick\u00fd hydraulick\u00fd valec pre skl\u00e1pac\u00ed pr\u00edves"},"content":{"rendered":"<h2>Predstavujeme prisp\u00f4soben\u00fd dvoj\u010dinn\u00fd teleskopick\u00fd hydraulick\u00fd valec pre skl\u00e1pacie pr\u00edvesy:<\/h2>\n<p>Prisp\u00f4soben\u00fd dvoj\u010dinn\u00fd teleskopick\u00fd hydraulick\u00fd valec je \u0161peci\u00e1lne navrhnut\u00fd pre skl\u00e1pacie n\u00e1vesy a poskytuje vynikaj\u00faci v\u00fdkon a odolnos\u0165. Tento vysoko kvalitn\u00fd hydraulick\u00fd valec je skon\u0161truovan\u00fd tak, aby odolal \u0165a\u017ek\u00fdm za\u0165a\u017eeniam a n\u00e1ro\u010dn\u00fdm pracovn\u00fdm podmienkam.<\/p>\n<p>K\u013e\u00fa\u010dov\u00e9 vlastnosti:<\/p>\n<p>1. Dvoj\u010dinn\u00fd: Valec je navrhnut\u00fd tak, aby fungoval v re\u017eime vys\u00favania aj zas\u00favania, \u010do zais\u0165uje efekt\u00edvnu a v\u0161estrann\u00fa prev\u00e1dzku.<\/p>\n<p>2. Teleskopick\u00e1 kon\u0161trukcia: V\u010faka svojej teleskopickej kon\u0161trukcii pon\u00faka tento hydraulick\u00fd valec viacero stup\u0148ov vysunutia, \u010do umo\u017e\u0148uje vylep\u0161en\u00e9 zdv\u00edhacie schopnosti a lep\u0161iu kontrolu.<\/p>\n<p>3. Prisp\u00f4sobite\u013enos\u0165: Valec je mo\u017en\u00e9 prisp\u00f4sobi\u0165 \u0161pecifick\u00fdm po\u017eiadavk\u00e1m vr\u00e1tane d\u013a\u017eky zdvihu, mo\u017enost\u00ed mont\u00e1\u017ee a menovit\u00e9ho tlaku. T\u00e1to flexibilita zais\u0165uje bezprobl\u00e9mov\u00fa integr\u00e1ciu do r\u00f4znych aplik\u00e1ci\u00ed skl\u00e1pac\u00edch n\u00e1vesov.<\/p>\n<p>4. Vynikaj\u00faca pevnos\u0165: Valec je vyroben\u00fd z prvotriednych materi\u00e1lov a m\u00f4\u017ee sa pochv\u00e1li\u0165 v\u00fdnimo\u010dnou pevnos\u0165ou a odolnos\u0165ou, \u010d\u00edm poskytuje optim\u00e1lny v\u00fdkon aj pri extr\u00e9mnom za\u0165a\u017een\u00ed.<\/p>\n<p>5. Presn\u00e9 in\u017einierstvo: Ka\u017ed\u00fd valec je starostlivo vyroben\u00fd, aby sa zabezpe\u010dil presn\u00fd pohyb a plynul\u00e1 prev\u00e1dzka, \u010d\u00edm sa zaru\u010duje spo\u013eahliv\u00fd a konzistentn\u00fd v\u00fdkon.<\/p>\n<p>6. Jednoduch\u00e1 in\u0161tal\u00e1cia: Valec je navrhnut\u00fd pre jednoduch\u00fa in\u0161tal\u00e1ciu, minimaliz\u00e1ciu prestojov a maximaliz\u00e1ciu produktivity.<\/p>\n<p>Aplik\u00e1cie:<\/p>\n<p>Prisp\u00f4soben\u00fd dvoj\u010dinn\u00fd teleskopick\u00fd hydraulick\u00fd valec je vhodn\u00fd pre \u0161irok\u00fa \u0161k\u00e1lu aplik\u00e1ci\u00ed skl\u00e1pac\u00edch n\u00e1vesov vr\u00e1tane staven\u00edsk, ban\u00edckych prev\u00e1dzok, po\u013enohospod\u00e1rstva a dopravy. Jeho robustn\u00e1 kon\u0161trukcia a spo\u013eahliv\u00fd v\u00fdkon z neho robia ide\u00e1lnu vo\u013ebu pre n\u00e1ro\u010dn\u00e9 pracovn\u00e9 prostredia.<\/p>\n<table style=\"width: 100%;\" border=\"1\" width=\"100%\" cellspacing=\"0\" cellpadding=\"0\">\n<tbody>\n<tr>\n<th>N\u00e1zov produktu<\/th>\n<td>Prisp\u00f4soben\u00fd dvoj\u010dinn\u00fd teleskopick\u00fd hydraulick\u00fd valec pre skl\u00e1pac\u00ed pr\u00edves<\/td>\n<\/tr>\n<tr>\n<th>Stav<\/th>\n<td>Nov\u00e9<\/td>\n<\/tr>\n<tr>\n<th>Z\u00e1ruka<\/th>\n<td>1 rok<\/td>\n<\/tr>\n<tr>\n<th>Maxim\u00e1lny \u0165ah<\/th>\n<td>3000<\/td>\n<\/tr>\n<tr>\n<th>Maxim\u00e1lny \u0165ah<\/th>\n<td>20 ton<\/td>\n<\/tr>\n<tr>\n<th>Dizajn<\/th>\n<td>Dvoj\u010dinn\u00fd teleskopick\u00fd valec<\/td>\n<\/tr>\n<tr>\n<th>Z\u00e1kladn\u00e9 komponenty<\/th>\n<td>Lo\u017eisko a piestov\u00fd valec<\/td>\n<\/tr>\n<tr>\n<th>Materi\u00e1l<\/th>\n<td>Robustn\u00e1 oce\u013e<\/td>\n<\/tr>\n<tr>\n<th>Nap\u00e1jac\u00ed zdroj<\/th>\n<td>Hydraulick\u00e9<\/td>\n<\/tr>\n<tr>\n<th>Certifik\u00e1cia<\/th>\n<td>ISO9001:2000<\/td>\n<\/tr>\n<tr>\n<th>V\u00fdkon<\/th>\n<td>V\u00fdnimo\u010dn\u00e1 odolnos\u0165 a v\u0161estrannos\u0165<\/td>\n<\/tr>\n<tr>\n<th>Pou\u017eite\u013en\u00e9 odvetvia<\/th>\n<td>V\u00fdrobn\u00e9 z\u00e1vody, Opravovne strojov, Farmy, Energetika a ban\u00edctvo, V\u00fdroba strojov, Stroj\u00e1rne<\/td>\n<\/tr>\n<\/tbody>\n<\/table>\n<p><img decoding=\"async\" src=\"https:\/\/hzpt.com\/wp-content\/uploads\/2023\/11\/Inverted-Telescopic-Cylinder-10.webp\" alt=\"\" title=\"\"><\/p>\n<h2>Vlastnosti dvoj\u010dinn\u00e9ho teleskopick\u00e9ho hydraulick\u00e9ho valca<\/h2>\n<p>Tento inovat\u00edvny hydraulick\u00fd valec je vybaven\u00fd \u0161pi\u010dkov\u00fdmi funkciami, v\u010faka ktor\u00fdm je v\u00fdnimo\u010dn\u00fd:<\/p>\n<ul>\n<li><b>\u0160tandardn\u00e1 \u0161trukt\u00fara:<\/b> Produkt sa dod\u00e1va so \u0161tandardnou kon\u0161trukciou piestov\u00e9ho valca, ktor\u00e1 zais\u0165uje spo\u013eahliv\u00fd v\u00fdkon.<\/li>\n<li><b>Maxim\u00e1lny \u0165ah a \u0165ah:<\/b> Pon\u00faka maxim\u00e1lny \u0165ah 3000 a maxim\u00e1lny \u0165ah 20 ton, \u010do zabezpe\u010duje vysok\u00fd v\u00fdkon.<\/li>\n<li><b>Kvalitn\u00e9 materi\u00e1ly:<\/b> Valec je vyroben\u00fd z pevnej ocele, \u010do zaru\u010duje odolnos\u0165 a dlhodob\u00e9 pou\u017e\u00edvanie.<\/li>\n<li><b>Prisp\u00f4sobenie:<\/b> Valec sa dod\u00e1va v \u010diernej farbe s prisp\u00f4sobite\u013enou ve\u013ekos\u0165ou v\u0155tania, ve\u013ekos\u0165ou ty\u010de, ve\u013ekos\u0165ou zdvihu a ve\u013ekos\u0165ou \u010dapu.<\/li>\n<li><b>Certifikovan\u00e9:<\/b> Valec m\u00e1 certifik\u00e1ciu ISO9001:2000, ktor\u00e1 zaru\u010duje kvalitu a s\u00falad s priemyseln\u00fdmi normami.<\/li>\n<\/ul>\n<h2>Aplik\u00e1cie hydraulick\u00e9ho valca<\/h2>\n<p>Dvoj\u010dinn\u00fd teleskopick\u00fd hydraulick\u00fd valec je ide\u00e1lny pre \u0161irok\u00fa \u0161k\u00e1lu odvetv\u00ed a aplik\u00e1ci\u00ed. Je obzvl\u00e1\u0161\u0165 u\u017eito\u010dn\u00fd pre v\u00fdrobn\u00e9 z\u00e1vody, opravovne strojov, farmy, energetick\u00fd a ban\u00edcky sektor, v\u00fdrobu strojov a stroj\u00e1rne.<\/p>\n<p><img decoding=\"async\" src=\"https:\/\/hzpt.com\/wp-content\/uploads\/2023\/11\/Inverted-Telescopic-Cylinder-Applications.webp\" alt=\"Aplik\u00e1cie inverzn\u00e9ho teleskopick\u00e9ho valca\" title=\"\"><\/p>\n<h2>Princ\u00edp \u010dinnosti a \u00fadr\u017eba hydraulick\u00e9ho valca<\/h2>\n<p>Dvoj\u010dinn\u00fd teleskopick\u00fd hydraulick\u00fd valec funguje na princ\u00edpoch mechaniky tekut\u00edn, kde hydraulick\u00fd tlak vytv\u00e1ra silu, ktor\u00e1 pohybuje piestom valca. T\u00e1to \u010dinnos\u0165 m\u00f4\u017ee vyvola\u0165 siln\u00fd tlak alebo \u0165ah, \u010do je vhodn\u00e9 pre r\u00f4zne priemyseln\u00e9 aplik\u00e1cie. Tu je nieko\u013eko d\u00f4le\u017eit\u00fdch tipov na \u00fadr\u017ebu, ktor\u00e9 zabezpe\u010dia dlh\u00fa \u017eivotnos\u0165 valca:<\/p>\n<p><img decoding=\"async\" src=\"https:\/\/hzpt.com\/wp-content\/uploads\/2023\/11\/Inverted-Telescopic-Cylinder-17.webp\" alt=\"\" title=\"\"><\/p>\n<ul>\n<li><b>Pravideln\u00e9 kontroly:<\/b> Pravidelne kontrolujte valec, \u010di nie je opotrebovan\u00fd, roztrhnut\u00fd alebo po\u0161koden\u00fd. \u200b\u200bV\u010dasn\u00e9 odhalenie m\u00f4\u017ee pred\u00eds\u0165 \u010fal\u0161\u00edm probl\u00e9mom.<\/li>\n<li><b>\u010cistenie:<\/b> Udr\u017eujte valec \u010dist\u00fd, aby ste predi\u0161li usadenin\u00e1m, ktor\u00e9 by mohli ovplyvni\u0165 jeho v\u00fdkon.<\/li>\n<li><b>Mazanie:<\/b> Pravidelne nama\u017ete valec, aby ste zabezpe\u010dili hladk\u00fd chod a zn\u00ed\u017eili trenie.<\/li>\n<li><b>Oprava a v\u00fdmena:<\/b> V pr\u00edpade ak\u00e9hoko\u013evek po\u0161kodenia zabezpe\u010dte v\u010dasn\u00fa opravu alebo v\u00fdmenu, aby ste predi\u0161li ak\u00fdmko\u013evek prev\u00e1dzkov\u00fdm preru\u0161eniam.<\/li>\n<li><b>Postupujte pod\u013ea manu\u00e1lu:<\/b> V\u017edy dodr\u017eiavajte n\u00e1vod na obsluhu, kde n\u00e1jdete presn\u00e9 pokyny na obsluhu a \u00fadr\u017ebu.<\/li>\n<\/ul>\n<h2>Invertovan\u00fd teleskopick\u00fd valec<\/h2>\n<p>Prisp\u00f4soben\u00fd dvoj\u010dinn\u00fd teleskopick\u00fd hydraulick\u00fd valec pre skl\u00e1pacie pr\u00edvesy je \u0161pecifick\u00fd typ hydraulick\u00e9ho valca, ktor\u00fd sa \u0161iroko pou\u017e\u00edva v r\u00f4znych odvetviach, najm\u00e4 v stavebn\u00edctve a doprave. T\u00e1to inovat\u00edvna kon\u0161trukcia valca pon\u00faka mno\u017estvo v\u00fdhod vr\u00e1tane zv\u00fd\u0161enej nosnosti, zlep\u0161enej stability a lep\u0161ej kontroly nad pohybom \u0165a\u017ek\u00fdch bremien.<\/p>\n<p>Jednou z k\u013e\u00fa\u010dov\u00fdch vlastnost\u00ed prisp\u00f4soben\u00e9ho dvoj\u010dinn\u00e9ho teleskopick\u00e9ho hydraulick\u00e9ho valca pre skl\u00e1pacie pr\u00edvesy je jeho obr\u00e1ten\u00e1 teleskopick\u00e1 kon\u0161trukcia. To znamen\u00e1, \u017ee najvzdialenej\u0161\u00ed stupe\u0148 valca je najv\u00e4\u010d\u0161\u00ed a ka\u017ed\u00fd nasleduj\u00faci stupe\u0148 sa postupne zmen\u0161uje. Toto jedine\u010dn\u00e9 usporiadanie umo\u017e\u0148uje kompaktn\u00fa d\u013a\u017eku v zasunutom stave a z\u00e1rove\u0148 poskytuje pred\u013a\u017een\u00fa d\u013a\u017eku zdvihu, ke\u010f je to potrebn\u00e9. Obr\u00e1ten\u00e1 teleskopick\u00e1 konfigur\u00e1cia tie\u017e prispieva k celkovej stabilite a odolnosti valca.<\/p>\n<p>Teraz sa pozrime na v\u00fdhody prisp\u00f4soben\u00e9ho dvoj\u010dinn\u00e9ho teleskopick\u00e9ho hydraulick\u00e9ho valca pre skl\u00e1pacie pr\u00edvesy:<\/p>\n<ol>\n<li><strong>Zv\u00fd\u0161en\u00e1 nosnos\u0165:<\/strong> Invertovan\u00e1 teleskopick\u00e1 kon\u0161trukcia umo\u017e\u0148uje valcu unies\u0165 v\u00e4\u010d\u0161ie bremen\u00e1 v porovnan\u00ed s konven\u010dn\u00fdmi hydraulick\u00fdmi valcami. Je to v\u010faka zv\u00e4\u010d\u0161enej ploche v\u00e4\u010d\u0161ieho vonkaj\u0161ieho stup\u0148a, \u010do umo\u017e\u0148uje lep\u0161ie rozlo\u017eenie hmotnosti a nosnos\u0165.<\/li>\n<li><strong>Vylep\u0161en\u00e1 kontrola:<\/strong> Prisp\u00f4soben\u00fd dvoj\u010dinn\u00fd teleskopick\u00fd hydraulick\u00fd valec pre skl\u00e1pac\u00ed pr\u00edves pon\u00faka v\u00fdnimo\u010dn\u00fa kontrolu nad pohybom skl\u00e1pacieho pr\u00edvesu. Viacstup\u0148ov\u00e1 kon\u0161trukcia umo\u017e\u0148uje presn\u00e9 polohovanie a plynul\u00fa prev\u00e1dzku, \u010d\u00edm zais\u0165uje bezpe\u010dn\u00e9 a efekt\u00edvne nakladanie a vykladanie materi\u00e1lov.<\/li>\n<li><strong>Vylep\u0161en\u00e1 stabilita:<\/strong> Invertovan\u00e9 teleskopick\u00e9 usporiadanie poskytuje lep\u0161iu stabilitu po\u010das zdv\u00edhania a sp\u00fa\u0161\u0165ania. V\u00e4\u010d\u0161\u00ed vonkaj\u0161\u00ed stupe\u0148 pon\u00faka pevn\u00fa z\u00e1klad\u0148u, \u010d\u00edm sa minimalizuje riziko prevr\u00e1tenia alebo prevr\u00e1tenia pri manipul\u00e1cii s \u0165a\u017ek\u00fdmi bremenami.<\/li>\n<li><strong>Mo\u017enosti prisp\u00f4sobenia:<\/strong> Prisp\u00f4soben\u00fd dvoj\u010dinn\u00fd teleskopick\u00fd hydraulick\u00fd valec pre skl\u00e1pacie pr\u00edvesy je mo\u017en\u00e9 prisp\u00f4sobi\u0165 \u0161pecifick\u00fdm po\u017eiadavk\u00e1m. Patria sem \u00fapravy d\u013a\u017eky zdvihu, ve\u013ekosti otvoru a mont\u00e1\u017enych konfigur\u00e1ci\u00ed. Tieto mo\u017enosti zabezpe\u010duj\u00fa kompatibilitu s r\u00f4znymi kon\u0161trukciami a aplik\u00e1ciami skl\u00e1pac\u00edch pr\u00edvesov.<\/li>\n<\/ol>\n<p>Z\u00e1verom mo\u017eno poveda\u0165, \u017ee prisp\u00f4soben\u00fd dvoj\u010dinn\u00fd teleskopick\u00fd hydraulick\u00fd valec pre skl\u00e1pacie pr\u00edvesy je v\u0161estrann\u00e9 a spo\u013eahliv\u00e9 rie\u0161enie hydraulick\u00e9ho valca. Jeho obr\u00e1ten\u00e1 teleskopick\u00e1 kon\u0161trukcia spolu so zv\u00fd\u0161enou nosnos\u0165ou, vylep\u0161en\u00fdm ovl\u00e1dan\u00edm, zlep\u0161enou stabilitou a mo\u017enos\u0165ami prisp\u00f4sobenia z neho robia ide\u00e1lnu vo\u013ebu pre r\u00f4zne odvetvia. \u010ci u\u017e v stavebn\u00edctve alebo doprave, tento valec pon\u00faka vynikaj\u00faci v\u00fdkon a \u00fa\u010dinnos\u0165, \u010d\u00edm zabezpe\u010duje optim\u00e1lnu produktivitu a bezpe\u010dnos\u0165 pri prev\u00e1dzke skl\u00e1pac\u00edch pr\u00edvesov.<\/p>\n<h3>O hydraulickom valci FMP<\/h3>\n<p>FMP je popredn\u00e1 spolo\u010dnos\u0165 \u0161pecializuj\u00faca sa na predaj a servis vysokokvalitn\u00fdch dielov a kompletn\u00fdch strojov pre stavebn\u00e9 stroje. N\u00e1\u0161 hydraulick\u00fd valec je jedn\u00fdm z na\u0161ich najpred\u00e1vanej\u0161\u00edch produktov a s hrdos\u0165ou predstavujeme jeho vlastnosti a v\u00fdhody na\u0161im klientom:<\/p>\n<ol>\n<li><strong>Robustn\u00fd a odoln\u00fd:<\/strong> N\u00e1\u0161 hydraulick\u00fd valec je vyroben\u00fd z vysoko kvalitn\u00fdch materi\u00e1lov, ktor\u00e9 zaru\u010duj\u00fa jeho odolnos\u0165 a dlh\u00fa \u017eivotnos\u0165. Je navrhnut\u00fd tak, aby odolal n\u00e1ro\u010dn\u00fdm podmienkam a n\u00e1ro\u010dnej prev\u00e1dzke, v\u010faka \u010domu je ide\u00e1lnou vo\u013ebou pre stavebn\u00e9 stroje.<\/li>\n<li><strong>Prisp\u00f4sobite\u013en\u00e9:<\/strong> Pon\u00fakame \u0161irok\u00fd sortiment hydraulick\u00fdch valcov vr\u00e1tane nastavite\u013en\u00fdch valcov s vidlicov\u00fdm uchyten\u00edm, valcov s \u0165ahadlou a zv\u00e1ran\u00fdch valcov. N\u00e1\u0161 t\u00edm odborn\u00edkov dok\u00e1\u017ee valce prisp\u00f4sobi\u0165 aj va\u0161im jedine\u010dn\u00fdm po\u017eiadavk\u00e1m a \u0161pecifik\u00e1ci\u00e1m.<\/li>\n<li><strong>Hladk\u00e9 a efekt\u00edvne:<\/strong> N\u00e1\u0161 hydraulick\u00fd valec sa vyzna\u010duje vysoko kvalitn\u00fdm tesnen\u00edm piesta a ty\u010de, ktor\u00e9 zais\u0165uje plynul\u00fd a efekt\u00edvny chod. M\u00e1 tie\u017e kompaktn\u00fd dizajn, ktor\u00fd \u0161etr\u00ed priestor pri in\u0161tal\u00e1cii a zni\u017euje spotrebu energie.<\/li>\n<li><strong>Cenovo v\u00fdhodn\u00e9:<\/strong> N\u00e1\u0161 hydraulick\u00fd valec m\u00e1 konkurencieschopn\u00fa cenu a z\u00e1rove\u0148 si zachov\u00e1va vysok\u00e9 \u0161tandardy kvality. Jeho n\u00edzke n\u00e1roky na \u00fadr\u017ebu a dlh\u00e1 \u017eivotnos\u0165 tie\u017e zni\u017euj\u00fa prev\u00e1dzkov\u00e9 n\u00e1klady pre na\u0161ich klientov.<\/li>\n<li><strong>Vynikaj\u00faci z\u00e1kazn\u00edcky servis:<\/strong> V spolo\u010dnosti FMP m\u00e1me t\u00edm sk\u00fasen\u00fdch a profesion\u00e1lnych obchodn\u00fdch z\u00e1stupcov, ktor\u00ed poskytuj\u00fa odborn\u00e9 poradenstvo v oblasti produktov a inteligentn\u00e9 n\u00e1vrhy na n\u00e1kup. M\u00e1me tie\u017e efekt\u00edvny logistick\u00fd distribu\u010dn\u00fd syst\u00e9m, ktor\u00fd zabezpe\u010duje v\u010dasn\u00e9 a presn\u00e9 dodanie na\u0161ich produktov na\u0161im klientom.<\/li>\n<\/ol>\n<p>Ako spolo\u010dnos\u0165, ktor\u00e1 p\u00f4sob\u00ed v tomto odvetv\u00ed u\u017e mnoho rokov, sa zav\u00e4zujeme poskytova\u0165 na\u0161im klientom tie najlep\u0161ie produkty a slu\u017eby. S hydraulick\u00fdm valcom FMP si m\u00f4\u017eete by\u0165 ist\u00ed spo\u013eahliv\u00fdm a vysoko v\u00fdkonn\u00fdm hydraulick\u00fdm syst\u00e9mom pre va\u0161e potreby v oblasti stavebn\u00fdch strojov.<\/p>\n<p><img decoding=\"async\" src=\"https:\/\/fmp-components.com\/wp-content\/uploads\/2024\/12\/Adjustable-Clevis-Type-Cylinders-6.webp\" alt=\"Nastavite\u013en\u00fd valec typu Clevis\" width=\"801\" title=\"\"><br \/>\nAutor: CX<\/p>","protected":false},"excerpt":{"rendered":"<p>Introducing the Customized Double Acting Telescopic Hydraulic Cylinder For Dump Trailer: The Customized Double Acting Telescopic Hydraulic Cylinder is specifically designed for dump trailers, providing excellent performance and durability. This high-quality hydraulic cylinder is engineered to withstand heavy loads and harsh working conditions. Key Features: 1. Double Acting: The cylinder is designed to function in [&hellip;]<\/p>","protected":false},"featured_media":1600,"comment_status":"closed","ping_status":"closed","template":"","meta":{"_et_pb_use_builder":"","_et_pb_old_content":"","_et_gb_content_width":""},"product_brand":[],"product_cat":[45],"product_tag":[34,48],"class_list":{"0":"post-1599","1":"product","2":"type-product","3":"status-publish","4":"has-post-thumbnail","6":"product_cat-inverted-telescopic-cylinder","7":"product_tag-hydraulic-cylinder","8":"product_tag-inverted-telescopic-cylinder","10":"first","11":"instock","12":"product-type-simple"},"_links":{"self":[{"href":"https:\/\/fmp-components.com\/sk\/wp-json\/wp\/v2\/product\/1599","targetHints":{"allow":["GET"]}}],"collection":[{"href":"https:\/\/fmp-components.com\/sk\/wp-json\/wp\/v2\/product"}],"about":[{"href":"https:\/\/fmp-components.com\/sk\/wp-json\/wp\/v2\/types\/product"}],"replies":[{"embeddable":true,"href":"https:\/\/fmp-components.com\/sk\/wp-json\/wp\/v2\/comments?post=1599"}],"wp:featuredmedia":[{"embeddable":true,"href":"https:\/\/fmp-components.com\/sk\/wp-json\/wp\/v2\/media\/1600"}],"wp:attachment":[{"href":"https:\/\/fmp-components.com\/sk\/wp-json\/wp\/v2\/media?parent=1599"}],"wp:term":[{"taxonomy":"product_brand","embeddable":true,"href":"https:\/\/fmp-components.com\/sk\/wp-json\/wp\/v2\/product_brand?post=1599"},{"taxonomy":"product_cat","embeddable":true,"href":"https:\/\/fmp-components.com\/sk\/wp-json\/wp\/v2\/product_cat?post=1599"},{"taxonomy":"product_tag","embeddable":true,"href":"https:\/\/fmp-components.com\/sk\/wp-json\/wp\/v2\/product_tag?post=1599"}],"curies":[{"name":"pracovn\u00fd list","href":"https:\/\/api.w.org\/{rel}","templated":true}]}}