{"id":1534,"date":"2024-12-23T05:51:36","date_gmt":"2024-12-23T05:51:36","guid":{"rendered":"https:\/\/fmp-components.com\/product\/china-supplier-two-way-hydraulic-piston-cylinder-welded-hydraulic-cylinder\/"},"modified":"2024-12-23T08:46:15","modified_gmt":"2024-12-23T08:46:15","slug":"italy-supplier-two-way-hydraulic-piston-cylinder-welded-hydraulic-cylinder","status":"publish","type":"product","link":"https:\/\/fmp-components.com\/sk\/product\/italy-supplier-two-way-hydraulic-piston-cylinder-welded-hydraulic-cylinder\/","title":{"rendered":"Taliansky dod\u00e1vate\u013e obojsmern\u00e9ho hydraulick\u00e9ho piestov\u00e9ho valca zv\u00e1ran\u00fd hydraulick\u00fd valec"},"content":{"rendered":"<h2>Taliansky dod\u00e1vate\u013e obojsmern\u00e9ho hydraulick\u00e9ho piestov\u00e9ho valca zv\u00e1ran\u00fd hydraulick\u00fd valec<\/h2>\n<p>Taliansky dod\u00e1vate\u013e obojsmern\u00e9ho hydraulick\u00e9ho piestov\u00e9ho valca Zv\u00e1ran\u00fd hydraulick\u00fd valec je vysoko kvalitn\u00fd hydraulick\u00fd valec ur\u010den\u00fd pre n\u00e1ro\u010dn\u00e9 aplik\u00e1cie. Tento hydraulick\u00fd valec je \u0161peci\u00e1lne navrhnut\u00fd tak, aby odolal vysok\u00e9mu tlaku, vysokej teplote a drsn\u00fdm podmienkam prostredia.<\/p>\n<p>Piestov\u00fd valec je vyroben\u00fd z vysoko kvalitn\u00fdch materi\u00e1lov, ktor\u00e9 zaru\u010duj\u00fa odolnos\u0165 a pevnos\u0165. Valec je zv\u00e1ran\u00fd pomocou pokro\u010dil\u00fdch techn\u00edk, ktor\u00e9 zaru\u010duj\u00fa presnos\u0165 a spo\u013eahlivos\u0165. V\u010faka obojsmernej kon\u0161trukcii tento hydraulick\u00fd valec poskytuje plynul\u00fd a konzistentn\u00fd pohyb v oboch smeroch.<\/p>\n<p>Tento hydraulick\u00fd piestov\u00fd valec je ide\u00e1lny na pou\u017eitie v stavebn\u00edctve, ban\u00edctve, po\u013enohospod\u00e1rstve a in\u00fdch \u0165a\u017ek\u00fdch odvetviach. Je \u0161peci\u00e1lne navrhnut\u00fd pre n\u00e1ro\u010dn\u00e9 podmienky a je vyroben\u00fd pre dlh\u00fa \u017eivotnos\u0165.<\/p>\n<p><img decoding=\"async\" title=\"Hydraulick\u00fd valec snehov\u00e9ho pluhu\" src=\"https:\/\/hzpt.com\/wp-content\/uploads\/2023\/11\/Snow-Plow-Hydraulic-Cylinder-2.webp\" alt=\"Hydraulick\u00fd valec snehov\u00e9ho pluhu\" \/><\/p>\n<p>Stru\u010dne povedan\u00e9, zv\u00e1ran\u00fd hydraulick\u00fd valec s obojsmern\u00fdm hydraulick\u00fdm piestov\u00fdm valcom od talianskeho dod\u00e1vate\u013ea je \u0161pi\u010dkov\u00fd hydraulick\u00fd valec, ktor\u00fd pon\u00faka vynikaj\u00faci v\u00fdkon a spo\u013eahlivos\u0165. \u010ci u\u017e h\u013ead\u00e1te hydraulick\u00fd valec pre va\u0161e \u0165a\u017ek\u00e9 stroje alebo zariadenia, tento produkt je vynikaj\u00facou vo\u013ebou.<\/p>\n<h2>O produkte<\/h2>\n<p>Ako popredn\u00fd dod\u00e1vate\u013e z Talianska s hrdos\u0165ou predstavujeme n\u00e1\u0161 nov\u00fd \u0161tandardn\u00fd obojsmern\u00fd hydraulick\u00fd piestov\u00fd valec. Tento vysoko kvalitn\u00fd zv\u00e1ran\u00fd hydraulick\u00fd valec je navrhnut\u00fd tak, aby sp\u013a\u0148al potreby opravovn\u00ed strojov, fariem, energetick\u00fdch a \u0165a\u017eobn\u00fdch spolo\u010dnost\u00ed, stroj\u00e1rskych z\u00e1vodov a \u010fal\u0161\u00edch. S hmotnos\u0165ou 6,4 kg je \u013eahk\u00fd a odoln\u00fd, \u010do zais\u0165uje spo\u013eahliv\u00fd v\u00fdkon aj v n\u00e1ro\u010dn\u00fdch aplik\u00e1ci\u00e1ch.<\/p>\n<h3>Vlastnosti produktu<\/h3>\n<ul>\n<li>\n<ul>\n<li><strong>Siln\u00fd \u0165ah a tlak:<\/strong> N\u00e1\u0161 piestov\u00fd valec pon\u00faka maxim\u00e1lny \u0165ah 3000 a maxim\u00e1lny \u0165ah 20 ton, \u010do zaru\u010duje v\u00fdnimo\u010dn\u00fd v\u00fdkon v r\u00f4znych aplik\u00e1ci\u00e1ch.<\/li>\n<li><strong>Kvalitn\u00fd materi\u00e1l:<\/strong> Telo valca je vyroben\u00e9 z ocele, \u010do zais\u0165uje dlhotrvaj\u00facu \u017eivotnos\u0165 a odolnos\u0165 vo\u010di opotrebovaniu.<\/li>\n<li><strong>V\u0161estrann\u00fd:<\/strong> Je \u0161peci\u00e1lne navrhnut\u00fd ako hydraulick\u00fd valec pre snehov\u00e9 pluhy a m\u00e1 porty G\/SAE\/NPT\/M, v\u010faka \u010domu je vhodn\u00fd pre \u0161irok\u00fa \u0161k\u00e1lu aplik\u00e1ci\u00ed.<\/li>\n<li><strong>Zaru\u010den\u00e1 kvalita:<\/strong> Produkt sa dod\u00e1va s ro\u010dnou z\u00e1rukou a obsahuje z\u00e1kladn\u00e9 komponenty, ako s\u00fa lo\u017eisk\u00e1 a hydraulick\u00e9 valce. Okrem toho m\u00e1 certifik\u00e1t ISO9001:2000, ktor\u00fd zaru\u010duje vynikaj\u00facu kvalitu.<\/li>\n<\/ul>\n<\/li>\n<\/ul>\n<p><img decoding=\"async\" src=\"https:\/\/hzpt.com\/wp-content\/uploads\/2023\/11\/Snow-Plow-Hydraulic-Cylinder-4Factory.webp\" alt=\"Obr\u00e1zok z v\u00fdroby\" title=\"\"><\/p>\n<h2>V\u00fdhody nastavite\u013en\u00fdch valcov s vidlicov\u00fdm uchyten\u00edm<\/h2>\n<p>Nastavite\u013en\u00e9 valce s vidlicov\u00fdm uchyten\u00edm s\u00fa hydraulick\u00e9 zariadenia pou\u017e\u00edvan\u00e9 v r\u00f4znych priemyseln\u00fdch aplik\u00e1ci\u00e1ch. Tieto valce pon\u00fakaj\u00fa oproti in\u00fdm typom hydraulick\u00fdch valcov nieko\u013eko v\u00fdhod, v\u010faka \u010domu s\u00fa preferovanou vo\u013ebou v mnoh\u00fdch odvetviach. V tomto \u010dl\u00e1nku sa budeme venova\u0165 v\u00fdhod\u00e1m nastavite\u013en\u00fdch valcov s vidlicov\u00fdm uchyten\u00edm a ich v\u00fdhod\u00e1m pre r\u00f4zne aplik\u00e1cie.<\/p>\n<p>1. Zv\u00fd\u0161en\u00e1 flexibilita:<br \/>\nNastavite\u013en\u00e9 valce s vidlicov\u00fdm uchyten\u00edm poskytuj\u00fa zv\u00fd\u0161en\u00fa flexibilitu, pokia\u013e ide o nastavenie d\u013a\u017eky zdvihu. V\u010faka nastavite\u013en\u00e9mu uchyteniu vidlicov\u00fdm uchyten\u00edm umo\u017e\u0148uj\u00fa tieto valce jednoduch\u00e9 prisp\u00f4sobenie a adaptabilitu r\u00f4znym po\u017eiadavk\u00e1m na in\u0161tal\u00e1ciu. T\u00e1to flexibilita ich rob\u00ed vhodn\u00fdmi pre \u0161irok\u00fa \u0161k\u00e1lu aplik\u00e1ci\u00ed vr\u00e1tane stavebn\u00edctva, manipul\u00e1cie s materi\u00e1lom a v\u00fdrobn\u00e9ho priemyslu.<\/p>\n<p>2. Presn\u00e9 polohovanie:<br \/>\nJednou z k\u013e\u00fa\u010dov\u00fdch v\u00fdhod nastavite\u013en\u00fdch valcov s vidlicov\u00fdm uchyten\u00edm je ich schopnos\u0165 presn\u00e9ho polohovania. Nastavite\u013en\u00e9 uchytenia vidlicov\u00e9ho uchytenia umo\u017e\u0148uj\u00fa jemn\u00e9 doladenie d\u013a\u017eky zdvihu valca, \u010do umo\u017e\u0148uje presn\u00e9 ovl\u00e1danie vys\u00favacieho a zas\u00favacieho pohybu valca. T\u00e1to schopnos\u0165 presn\u00e9ho polohovania je nevyhnutn\u00e1 v aplik\u00e1ci\u00e1ch, kde je presnos\u0165 a ovl\u00e1danie k\u013e\u00fa\u010dov\u00e9, napr\u00edklad v robotike a automatiza\u010dn\u00fdch syst\u00e9moch.<\/p>\n<p>3. Trvanlivos\u0165 a pevnos\u0165:<br \/>\nNastavite\u013en\u00e9 valce s vidlicov\u00fdm z\u00e1vesom s\u00fa navrhnut\u00e9 tak, aby odolali vysok\u00e9mu za\u0165a\u017eeniu a drsn\u00fdm prev\u00e1dzkov\u00fdm podmienkam. Tieto valce s\u00fa vyroben\u00e9 z vysoko kvalitn\u00fdch materi\u00e1lov a prech\u00e1dzaj\u00fa pr\u00edsnymi testami, aby sa zabezpe\u010dila odolnos\u0165 a pevnos\u0165. V\u010faka svojej robustnej kon\u0161trukcii dok\u00e1\u017eu odola\u0165 vysokotlak\u00e9mu prostrediu a opakovan\u00e9mu pou\u017e\u00edvaniu bez kompromisov v oblasti v\u00fdkonu, v\u010faka \u010domu s\u00fa ide\u00e1lne pre n\u00e1ro\u010dn\u00e9 aplik\u00e1cie v odvetviach, ako je ban\u00edctvo a po\u013enohospod\u00e1rstvo.<\/p>\n<p>4. Efekt\u00edvna premena energie:<br \/>\n\u010eal\u0161ou v\u00fdhodou nastavite\u013en\u00fdch valcov s vidlicov\u00fdm z\u00e1vitom je ich efekt\u00edvna premena energie. Tieto valce vyu\u017e\u00edvaj\u00fa hydraulick\u00fd tlak na premenu mechanickej energie na line\u00e1rny pohyb. Vyu\u017eit\u00edm sily kvapal\u00edn dok\u00e1\u017eu valce generova\u0165 zna\u010dn\u00fa silu s relat\u00edvne mal\u00fdm vstupn\u00fdm v\u00fdkonom. T\u00e1to energeticky \u00fasporn\u00e1 prev\u00e1dzka zni\u017euje spotrebu energie a prispieva k celkov\u00fdm \u00faspor\u00e1m prev\u00e1dzkov\u00fdch n\u00e1kladov.<\/p>\n<p>5. Jednoduch\u00e1 \u00fadr\u017eba:<br \/>\nNastavite\u013en\u00e9 valce s vidlicov\u00fdm uchyten\u00edm s\u00fa navrhnut\u00e9 pre jednoduch\u00fa \u00fadr\u017ebu a servis. \u010casto s\u00fa vybaven\u00e9 funkciami, ako s\u00fa odn\u00edmate\u013en\u00e9 \u010dapy s vidlicov\u00fdm uchyten\u00edm a s\u00fapravy tesnen\u00ed, \u010do u\u013eah\u010duje vykon\u00e1vanie be\u017en\u00fdch \u00fadr\u017eb\u00e1rskych \u00faloh. Okrem toho maj\u00fa tieto valce dlh\u0161iu \u017eivotnos\u0165 v porovnan\u00ed s in\u00fdmi typmi, \u010do zni\u017euje frekvenciu v\u00fdmen a s\u00favisiace prestoje.<\/p>\n<p>Z\u00e1verom mo\u017eno poveda\u0165, \u017ee nastavite\u013en\u00e9 valce s vidlicov\u00fdm uchyten\u00edm pon\u00fakaj\u00fa nieko\u013eko v\u00fdhod, v\u010faka ktor\u00fdm s\u00fa spo\u013eahlivou vo\u013ebou pre r\u00f4zne priemyseln\u00e9 aplik\u00e1cie. Ich zv\u00fd\u0161en\u00e1 flexibilita, presn\u00e9 polohovanie, odolnos\u0165 a pevnos\u0165, efekt\u00edvna premena energie a jednoduch\u00e1 \u00fadr\u017eba prispievaj\u00fa k zlep\u0161en\u00e9mu v\u00fdkonu a n\u00e1kladovej efekt\u00edvnosti. \u010ci u\u017e v stavebn\u00edctve, manipul\u00e1cii s materi\u00e1lom alebo vo v\u00fdrobnom priemysle, tieto valce dok\u00e1\u017eu poskytn\u00fa\u0165 potrebn\u00fd v\u00fdkon a ovl\u00e1danie na splnenie \u0161pecifick\u00fdch po\u017eiadaviek aplik\u00e1cie. Zv\u00e1\u017ete v\u00fdber talianskeho dod\u00e1vate\u013ea nastavite\u013en\u00fdch valcov s vidlicov\u00fdm uchyten\u00edm, ako s\u00fa obojsmern\u00e9 hydraulick\u00e9 piestov\u00e9 valce alebo zv\u00e1ran\u00e9 hydraulick\u00e9 valce, aby ste si zaistili vysoko kvalitn\u00e9 produkty a spo\u013eahliv\u00fd v\u00fdkon.<\/p>\n<h3>O FMP<\/h3>\n<p>V spolo\u010dnosti FMP sa \u0161pecializujeme na predaj a servis dielov a kompletn\u00fdch strojov pre stavebn\u00e9 stroje. N\u00e1\u0161 sortiment je \u0161irok\u00fd a zah\u0155\u0148a r\u00f4zne typy stavebn\u00fdch strojov, ako s\u00fa prevodovky pre po\u013enohospod\u00e1rske stroje, hydraulick\u00e9 valce, plan\u00e9tov\u00e9 prevodovky, priemyseln\u00e9 prevodovky, diely pre po\u013enohospod\u00e1rske stroje a rad \u0161pi\u010dkov\u00e9ho pr\u00edslu\u0161enstva, ktor\u00e9 k nim patr\u00ed. Jedn\u00fdm z na\u0161ich najob\u013e\u00fabenej\u0161\u00edch produktov je hydraulick\u00fd valec.<\/p>\n<p>Tu je p\u00e4\u0165 d\u00f4vodov, pre\u010do s\u00fa hydraulick\u00e9 valce FMP tou najlep\u0161ou vo\u013ebou pre va\u0161e stroje:<\/p>\n<p>1. Vysokokvalitn\u00e9 materi\u00e1ly: Na\u0161e hydraulick\u00e9 valce s\u00fa vyroben\u00e9 z vysokokvalitn\u00fdch materi\u00e1lov, \u010do zaru\u010duje ich odolnos\u0165 a spo\u013eahlivos\u0165.<\/p>\n<p>2. Prisp\u00f4sobite\u013en\u00fd dizajn: Pon\u00fakame nastavite\u013en\u00e9 valce s vidlicov\u00fdm uz\u00e1verom, ktor\u00e9 sa daj\u00fa \u013eahko prisp\u00f4sobi\u0165 va\u0161im \u0161pecifick\u00fdm potreb\u00e1m a po\u017eiadavk\u00e1m.<\/p>\n<p>3. Profesion\u00e1lny t\u00edm: N\u00e1\u0161 sk\u00fasen\u00fd a kvalifikovan\u00fd obchodn\u00fd t\u00edm m\u00e1 znalosti o odvetv\u00ed stavebn\u00fdch strojov a m\u00f4\u017ee poskytn\u00fa\u0165 profesion\u00e1lne konzult\u00e1cie o produktoch a inteligentn\u00e9 n\u00e1vrhy na n\u00e1kup.<\/p>\n<p>4. Pr\u00edsne \u0161tandardy kvality: Vytv\u00e1ran\u00edm dlhodob\u00fdch a stabiln\u00fdch kooperat\u00edvnych vz\u0165ahov s mnoh\u00fdmi kvalitn\u00fdmi dod\u00e1vate\u013emi doma aj v zahrani\u010d\u00ed zabezpe\u010dujeme, aby v\u0161etky dod\u00e1van\u00e9 diely sp\u013a\u0148ali pr\u00edsne \u0161tandardy kvality.<\/p>\n<p>5. Efekt\u00edvny logistick\u00fd distribu\u010dn\u00fd syst\u00e9m: M\u00e1me efekt\u00edvny logistick\u00fd distribu\u010dn\u00fd syst\u00e9m, ktor\u00fd zabezpe\u010duje, \u017ee z\u00e1kazn\u00edci dostan\u00fa po\u017eadovan\u00e9 diely v\u010das a presne.<\/p>\n<p>Na\u0161e hydraulick\u00e9 valce s\u00fa ide\u00e1lne pre r\u00f4zne aplik\u00e1cie vr\u00e1tane po\u013enohospod\u00e1rskych strojov, stavebn\u00fdch strojov a priemyseln\u00fdch strojov. S FMP sa m\u00f4\u017eete spo\u013eahn\u00fa\u0165, \u017ee z\u00edskavate produkty a slu\u017eby najvy\u0161\u0161ej kvality, podporen\u00e9 dlhoro\u010dn\u00fdmi sk\u00fasenos\u0165ami v odvetv\u00ed a profesion\u00e1lnym t\u00edmom. Presved\u010dte sa sami, pre\u010do je FMP tou spr\u00e1vnou vo\u013ebou pre diely pre stavebn\u00e9 stroje a kompletn\u00e9 strojov\u00e9 rie\u0161enia.<\/p>\n<p><img decoding=\"async\" src=\"https:\/\/fmp-components.com\/wp-content\/uploads\/2024\/12\/Adjustable-Clevis-Type-Cylinders-6.webp\" alt=\"Nastavite\u013en\u00fd valec typu Clevis\" width=\"845\" title=\"\"><\/p>\n<h2>\u010casto kladen\u00e9 ot\u00e1zky<\/h2>\n<ol>\n<li><strong>Ot\u00e1zka: Ste obchodn\u00e1 spolo\u010dnos\u0165 alebo v\u00fdrobca?<\/strong><br \/>\nA: Sme v\u00fdrobca.<\/li>\n<li><strong>Ot\u00e1zka: Ak\u00e1 je va\u0161a dodacia lehota?<\/strong><br \/>\nA: Vo v\u0161eobecnosti to trv\u00e1 25-35 dn\u00ed.<\/li>\n<li><strong>Ot\u00e1zka: Poskytujete vzorky? Je to zadarmo alebo navy\u0161e?<\/strong><br \/>\nA: \u00c1no, pon\u00fakame vzorky, ale nie s\u00fa zadarmo.<\/li>\n<\/ol>\n<p>Autor: CX<\/p>","protected":false},"excerpt":{"rendered":"<p>Italy Supplier Two Way Hydraulic Piston Cylinder Welded Hydraulic Cylinder Italy Supplier Two Way Hydraulic Piston Cylinder Welded Hydraulic Cylinder is a high-quality hydraulic cylinder designed for heavy-duty applications. This hydraulic cylinder is specifically designed to withstand high pressure, high temperature, and harsh environmental conditions. The piston cylinder is made of high-quality materials that ensure [&hellip;]<\/p>","protected":false},"featured_media":1535,"comment_status":"closed","ping_status":"closed","template":"","meta":{"_et_pb_use_builder":"","_et_pb_old_content":"","_et_gb_content_width":""},"product_brand":[],"product_cat":[42],"product_tag":[34,44],"class_list":{"0":"post-1534","1":"product","2":"type-product","3":"status-publish","4":"has-post-thumbnail","6":"product_cat-snow-plow-hydraulic-cylinder","7":"product_tag-hydraulic-cylinder","8":"product_tag-snow-plow-hydraulic-cylinder","10":"first","11":"instock","12":"product-type-simple"},"_links":{"self":[{"href":"https:\/\/fmp-components.com\/sk\/wp-json\/wp\/v2\/product\/1534","targetHints":{"allow":["GET"]}}],"collection":[{"href":"https:\/\/fmp-components.com\/sk\/wp-json\/wp\/v2\/product"}],"about":[{"href":"https:\/\/fmp-components.com\/sk\/wp-json\/wp\/v2\/types\/product"}],"replies":[{"embeddable":true,"href":"https:\/\/fmp-components.com\/sk\/wp-json\/wp\/v2\/comments?post=1534"}],"wp:featuredmedia":[{"embeddable":true,"href":"https:\/\/fmp-components.com\/sk\/wp-json\/wp\/v2\/media\/1535"}],"wp:attachment":[{"href":"https:\/\/fmp-components.com\/sk\/wp-json\/wp\/v2\/media?parent=1534"}],"wp:term":[{"taxonomy":"product_brand","embeddable":true,"href":"https:\/\/fmp-components.com\/sk\/wp-json\/wp\/v2\/product_brand?post=1534"},{"taxonomy":"product_cat","embeddable":true,"href":"https:\/\/fmp-components.com\/sk\/wp-json\/wp\/v2\/product_cat?post=1534"},{"taxonomy":"product_tag","embeddable":true,"href":"https:\/\/fmp-components.com\/sk\/wp-json\/wp\/v2\/product_tag?post=1534"}],"curies":[{"name":"pracovn\u00fd list","href":"https:\/\/api.w.org\/{rel}","templated":true}]}}