{"id":1532,"date":"2024-12-23T05:51:36","date_gmt":"2024-12-23T05:51:36","guid":{"rendered":"https:\/\/fmp-components.com\/product\/customized-two-way-double-effect-hydraulic-piston-cylinder\/"},"modified":"2024-12-23T06:02:52","modified_gmt":"2024-12-23T06:02:52","slug":"customized-two-way-double-effect-hydraulic-piston-cylinder","status":"publish","type":"product","link":"https:\/\/fmp-components.com\/sk\/product\/customized-two-way-double-effect-hydraulic-piston-cylinder\/","title":{"rendered":"Prisp\u00f4soben\u00fd obojsmern\u00fd hydraulick\u00fd piestov\u00fd valec s dvojit\u00fdm efektom"},"content":{"rendered":"<p>Prisp\u00f4soben\u00fd obojsmern\u00fd hydraulick\u00fd piestov\u00fd valecPrisp\u00f4soben\u00fd obojsmern\u00fd hydraulick\u00fd piestov\u00fd valec je vysoko kvalitn\u00fd produkt navrhnut\u00fd tak, aby sp\u013a\u0148al po\u017eiadavky r\u00f4znych priemyseln\u00fdch aplik\u00e1ci\u00ed. V\u010faka pokro\u010dilej hydraulickej technol\u00f3gii pon\u00faka tento piestov\u00fd valec vynikaj\u00faci v\u00fdkon a spo\u013eahlivos\u0165.<\/p>\n<p>Tento hydraulick\u00fd piestov\u00fd valec s obojsmernou kon\u0161trukciou s dvojit\u00fdm \u00fa\u010dinkom umo\u017e\u0148uje efekt\u00edvne a presn\u00e9 ovl\u00e1danie hydraulick\u00fdch syst\u00e9mov. Umo\u017e\u0148uje vys\u00favanie aj zas\u00favanie piestu, \u010d\u00edm zabezpe\u010duje plynul\u00fd a presn\u00fd pohyb.<\/p>\n<p>Valec je vyroben\u00fd z odoln\u00fdch materi\u00e1lov, ktor\u00e9 zaru\u010duj\u00fa dlh\u00fa \u017eivotnos\u0165 a odolnos\u0165 vo\u010di opotrebovaniu. Je navrhnut\u00fd tak, aby odolal vysok\u00e9mu tlaku a \u0165a\u017ek\u00fdm za\u0165a\u017eeniam, v\u010faka \u010domu je vhodn\u00fd do n\u00e1ro\u010dn\u00fdch priemyseln\u00fdch prostred\u00ed.<\/p>\n<p><img loading=\"lazy\" decoding=\"async\" class=\"\" title=\"Hydraulick\u00fd valec snehov\u00e9ho pluhu\" src=\"https:\/\/hzpt.com\/wp-content\/uploads\/2023\/11\/Snow-Plow-Hydraulic-Cylinder-3.webp\" alt=\"Hydraulick\u00fd valec snehov\u00e9ho pluhu\" width=\"922\" height=\"922\" \/><\/p>\n<p>Prisp\u00f4sobite\u013en\u00fd obojsmern\u00fd hydraulick\u00fd piestov\u00fd valec s dvojit\u00fdm \u00fa\u010dinkom je vysoko prisp\u00f4sobite\u013en\u00fd \u0161pecifick\u00fdm po\u017eiadavk\u00e1m. D\u00e1 sa prisp\u00f4sobi\u0165 r\u00f4znym d\u013a\u017ekam zdvihu, ve\u013ekostiam otvorov a mo\u017enostiam mont\u00e1\u017ee. T\u00e1to v\u0161estrannos\u0165 umo\u017e\u0148uje bezprobl\u00e9mov\u00fa integr\u00e1ciu do existuj\u00facich hydraulick\u00fdch syst\u00e9mov alebo vytvorenie nov\u00fdch syst\u00e9mov.<\/p>\n<p>Okrem v\u00fdnimo\u010dn\u00e9ho v\u00fdkonu je tento piestov\u00fd valec navrhnut\u00fd s oh\u013eadom na bezpe\u010dnos\u0165. Obsahuje prvky, ako s\u00fa tesnenia a tlmi\u010de, ktor\u00e9 zabra\u0148uj\u00fa \u00fanikom a minimalizuj\u00fa vibr\u00e1cie, \u010d\u00edm zais\u0165uj\u00fa bezpe\u010dn\u00fa a stabiln\u00fa prev\u00e1dzku.<\/p>\n<p>Celkovo je prisp\u00f4soben\u00fd obojsmern\u00fd hydraulick\u00fd piestov\u00fd valec s dvojit\u00fdm \u00fa\u010dinkom spo\u013eahliv\u00fdm a efekt\u00edvnym rie\u0161en\u00edm pre r\u00f4zne priemyseln\u00e9 aplik\u00e1cie. Jeho prisp\u00f4sobite\u013enos\u0165, vynikaj\u00faci v\u00fdkon a bezpe\u010dnostn\u00e9 prvky z neho robia ide\u00e1lnu vo\u013ebu pre firmy, ktor\u00e9 chc\u00fa vylep\u0161i\u0165 svoje hydraulick\u00e9 syst\u00e9my.<\/p>\n<div>\n<p>Vylep\u0161ite si svoje stroje pomocou obojsmern\u00e9ho hydraulick\u00e9ho piestov\u00e9ho valca s dvojit\u00fdm \u00fa\u010dinkom pre maxim\u00e1lne prisp\u00f4sobenie a efektivitu. Tento hydraulick\u00fd piestov\u00fd valec, vyroben\u00fd s presnos\u0165ou a odborn\u00fdmi znalos\u0165ami, zaru\u010duje \u0161pi\u010dkov\u00fd v\u00fdkon a spo\u013eahlivos\u0165.<\/p>\n<p><img decoding=\"async\" title=\"Hydraulick\u00fd valec snehov\u00e9ho pluhu\" src=\"https:\/\/hzpt.com\/wp-content\/uploads\/2023\/11\/Snow-Plow-Hydraulic-Cylinder-2.webp\" alt=\"Hydraulick\u00fd valec snehov\u00e9ho pluhu\" \/><\/p>\n<h2>Vlastnosti produktu<\/h2>\n<table style=\"width: 100%;\" border=\"1\" width=\"100%\" cellspacing=\"0\" cellpadding=\"0\">\n<tbody>\n<tr>\n<th>N\u00e1zov produktu<\/th>\n<td>Hydraulick\u00fd valec snehov\u00e9ho pluhu<\/td>\n<\/tr>\n<tr>\n<th>Stav<\/th>\n<td>Nov\u00e9<\/td>\n<\/tr>\n<tr>\n<th>Z\u00e1ruka<\/th>\n<td>1 rok<\/td>\n<\/tr>\n<tr>\n<th>Pou\u017eite\u013en\u00e9 odvetvia<\/th>\n<td>Opravovne strojov, Farmy, Energia a ban\u00edctvo, V\u00fdroba strojov, Stroj\u00e1rensk\u00fd z\u00e1vod<\/td>\n<\/tr>\n<tr>\n<th>Hmotnos\u0165 (kg)<\/th>\n<td>6.4<\/td>\n<\/tr>\n<tr>\n<th>Typ marketingu<\/th>\n<td>Nov\u00fd produkt 2023<\/td>\n<\/tr>\n<tr>\n<th>Z\u00e1kladn\u00e9 komponenty<\/th>\n<td>Lo\u017eisko, hydraulick\u00fd valec<\/td>\n<\/tr>\n<tr>\n<th>\u0160trukt\u00fara<\/th>\n<td>Piestov\u00fd valec<\/td>\n<\/tr>\n<tr>\n<th>Zdroj energie<\/th>\n<td>Hydraulick\u00e9<\/td>\n<\/tr>\n<\/tbody>\n<\/table>\n<h2>\u00dadr\u017eba a starostlivos\u0165<\/h2>\n<p>Tento hydraulick\u00fd piestov\u00fd valec s ro\u010dnou z\u00e1rukou a z\u00e1kladnou s\u00fa\u010das\u0165ou lo\u017e\u00edsk a hydraulick\u00fdch valcov je navrhnut\u00fd tak, aby vydr\u017eal. Jeho oce\u013eov\u00e9 telo zvy\u0161uje jeho odolnos\u0165 a umo\u017e\u0148uje mu odol\u00e1va\u0165 aj t\u00fdm naj\u0165a\u017e\u0161\u00edm podmienkam. S maxim\u00e1lnym \u0165ahom 3000 a maxim\u00e1lnym \u0165ahom 20 ton je to energeticky \u00fasporn\u00fd stroj.<\/p>\n<h2>Aplik\u00e1cie<\/h2>\n<p>V\u010faka kompaktn\u00fdm rozmerom a n\u00edzkej hmotnosti 6,4 kg je tento hydraulick\u00fd piestov\u00fd valec vhodn\u00fd na pou\u017eitie v opravovniach strojov, na farm\u00e1ch, v energetickom a \u0165a\u017eobnom priemysle, vo v\u00fdrobe strojov a v stroj\u00e1r\u0148ach. Jeho v\u0161estrannos\u0165 v aplik\u00e1ci\u00e1ch z neho rob\u00ed ide\u00e1lnu vo\u013ebu pre r\u00f4zne strojn\u00e9 zostavy.<\/p>\n<p><img decoding=\"async\" src=\"https:\/\/hzpt.com\/wp-content\/uploads\/2023\/11\/Snow-Plow-Hydraulic-Cylinder-4Factory.webp\" alt=\"Obr\u00e1zok z v\u00fdroby\" title=\"\"><\/p>\n<\/div>\n<h2>V\u00fdhody nastavite\u013en\u00fdch valcov s vidlicov\u00fdm uchyten\u00edm<\/h2>\n<ul>\n<li style=\"list-style-type: none;\">\n<ul>\n<li>Zv\u00fd\u0161en\u00e1 v\u0161estrannos\u0165<\/li>\n<\/ul>\n<\/li>\n<\/ul>\n<p>Nastavite\u013en\u00fd valec s vidlicov\u00fdm z\u00e1vesom pon\u00faka \u0161irok\u00fa \u0161k\u00e1lu flexibility v aplik\u00e1cii, preto\u017ee sa d\u00e1 prisp\u00f4sobi\u0165 \u0161pecifick\u00fdm pr\u00edpadom pou\u017eitia. Plat\u00ed to najm\u00e4 pre prisp\u00f4sobite\u013en\u00fd obojsmern\u00fd hydraulick\u00fd piestov\u00fd valec s dvojit\u00fdm \u00fa\u010dinkom. Mo\u017enos\u0165 nastavenia mont\u00e1\u017enych bodov umo\u017e\u0148uje jednoduch\u0161iu in\u0161tal\u00e1ciu a pou\u017eitie v r\u00f4znych aplik\u00e1ci\u00e1ch.<\/p>\n<ul>\n<li style=\"list-style-type: none;\">\n<ul>\n<li>Zv\u00fd\u0161en\u00e1 \u00fa\u010dinnos\u0165<\/li>\n<\/ul>\n<\/li>\n<\/ul>\n<p>Pou\u017eitie nastavite\u013en\u00fdch valcov s vidlicov\u00fdm uchyten\u00edm zais\u0165uje, \u017ee valec je optimalizovan\u00fd pre zam\u00fd\u0161\u013ean\u00fd pr\u00edpad pou\u017eitia. To znamen\u00e1, \u017ee valec nie je nadmerne ani nedostato\u010dne vyu\u017e\u00edvan\u00fd, \u010do vedie k zlep\u0161eniu \u00fa\u010dinnosti. Toto je obzvl\u00e1\u0161\u0165 d\u00f4le\u017eit\u00e9 pre prisp\u00f4soben\u00fd obojsmern\u00fd hydraulick\u00fd piestov\u00fd valec s dvojit\u00fdm \u00fa\u010dinkom, preto\u017ee ho mo\u017eno optimalizova\u0165 pre obojsmern\u00e9 pou\u017eitie, \u010do vedie k v\u00e4\u010d\u0161ej kontrole nad z\u00e1\u0165a\u017eou.<\/p>\n<ul>\n<li style=\"list-style-type: none;\">\n<ul>\n<li>Zv\u00fd\u0161en\u00e1 bezpe\u010dnos\u0165<\/li>\n<\/ul>\n<\/li>\n<\/ul>\n<p>Nastavite\u013en\u00e9 valce s vidlicov\u00fdm uz\u00e1verom s\u00fa navrhnut\u00e9 tak, aby sa dali \u013eahko nastavi\u0165, \u010do v\u00fdrazne zni\u017euje riziko neh\u00f4d. Toto je obzvl\u00e1\u0161\u0165 d\u00f4le\u017eit\u00e9 pre prisp\u00f4soben\u00e9 obojsmern\u00e9 hydraulick\u00e9 piestov\u00e9 valce s dvojit\u00fdm \u00fa\u010dinkom, ktor\u00e9 je mo\u017en\u00e9 optimalizova\u0165 pre bezpe\u010dnos\u0165 v obojsmern\u00fdch aplik\u00e1ci\u00e1ch. Okrem toho pou\u017eitie vysokokvalitn\u00fdch materi\u00e1lov zaru\u010duje, \u017ee tieto valce s\u00fa spo\u013eahliv\u00e9 a bezpe\u010dn\u00e9 na pou\u017e\u00edvanie.<\/p>\n<ul>\n<li style=\"list-style-type: none;\">\n<ul>\n<li>Zv\u00fd\u0161en\u00e1 odolnos\u0165<\/li>\n<\/ul>\n<\/li>\n<\/ul>\n<p>Nastavite\u013en\u00e9 valce s vidlicov\u00fdm z\u00e1vesom s\u00fa vyroben\u00e9 pre dlh\u00fa \u017eivotnos\u0165. S\u00fa vyroben\u00e9 z vysoko kvalitn\u00fdch materi\u00e1lov, ktor\u00e9 odol\u00e1vaj\u00fa n\u00e1ro\u010dn\u00fdm prev\u00e1dzkov\u00fdm podmienkam. Plat\u00ed to najm\u00e4 pre prisp\u00f4soben\u00fd obojsmern\u00fd hydraulick\u00fd piestov\u00fd valec s dvojit\u00fdm \u00fa\u010dinkom, ktor\u00fd je navrhnut\u00fd tak, aby odolal tlakom obojsmern\u00fdch aplik\u00e1ci\u00ed. To zais\u0165uje, \u017ee valec vydr\u017e\u00ed dlh\u0161ie a bude vy\u017eadova\u0165 menej v\u00fdmen, \u010do v priebehu \u010dasu vedie k \u00faspore n\u00e1kladov.<\/p>\n<ul>\n<li style=\"list-style-type: none;\">\n<ul>\n<li>Vylep\u0161en\u00fd v\u00fdkon<\/li>\n<\/ul>\n<\/li>\n<\/ul>\n<p>Nastavite\u013en\u00e9 valce s vidlicov\u00fdm uchyten\u00edm s\u00fa navrhnut\u00e9 tak, aby optimalizovali v\u00fdkon. Mo\u017enos\u0165 nastavenia mont\u00e1\u017enych bodov umo\u017e\u0148uje v\u00e4\u010d\u0161iu kontrolu nad z\u00e1\u0165a\u017eou, \u010do vedie k zlep\u0161eniu v\u00fdkonu. Toto je obzvl\u00e1\u0161\u0165 d\u00f4le\u017eit\u00e9 pre prisp\u00f4soben\u00fd obojsmern\u00fd hydraulick\u00fd piestov\u00fd valec s dvojit\u00fdm \u00fa\u010dinkom, ktor\u00fd je mo\u017en\u00e9 optimalizova\u0165 pre lep\u0161\u00ed v\u00fdkon v obojsmern\u00fdch aplik\u00e1ci\u00e1ch. Okrem toho pou\u017eitie vysokokvalitn\u00fdch materi\u00e1lov zaru\u010duje, \u017ee tieto valce bud\u00fa fungova\u0165 \u010do najlep\u0161ie po dlh\u0161iu dobu.<\/p>\n<p>Z\u00e1verom mo\u017eno poveda\u0165, \u017ee pou\u017eitie nastavite\u013en\u00fdch valcov s vidlicov\u00fdm uchyten\u00edm, konkr\u00e9tne prisp\u00f4soben\u00fdch obojsmern\u00fdch hydraulick\u00fdch piestov\u00fdch valcov s dvojit\u00fdm \u00fa\u010dinkom, pon\u00faka \u0161irok\u00fa \u0161k\u00e1lu v\u00fdhod. Tieto valce s\u00fa v\u0161estrann\u00e9, \u00fa\u010dinn\u00e9, bezpe\u010dn\u00e9, odoln\u00e9 a pon\u00fakaj\u00fa vylep\u0161en\u00fd v\u00fdkon. V\u010faka mo\u017enosti prisp\u00f4sobenia \u0161pecifick\u00fdm pr\u00edpadom pou\u017eitia s\u00fa tieto valce vynikaj\u00facou vo\u013ebou pre ak\u00e9ko\u013evek n\u00e1ro\u010dn\u00e9 aplik\u00e1cie.<\/p>\n<h3>O spolo\u010dnosti FMP \u2013 V\u00e1\u0161 profesion\u00e1lny dod\u00e1vate\u013e hydraulick\u00fdch valcov<\/h3>\n<p>V spolo\u010dnosti FMP sa \u0161pecializujeme na predaj a servis dielov a kompletn\u00fdch strojov pre stavebn\u00e9 stroje a sme hrd\u00ed na to, \u017ee sme popredn\u00fdm dod\u00e1vate\u013eom vysoko kvalitn\u00fdch a spo\u013eahliv\u00fdch hydraulick\u00fdch valcov. Tu je len nieko\u013eko d\u00f4vodov, pre\u010do ver\u00edme, \u017ee na\u0161e hydraulick\u00e9 valce s\u00fa najlep\u0161ie na trhu:<\/p>\n<p>1. Presn\u00e9 in\u017einierstvo \u2013 Na\u0161e hydraulick\u00e9 valce s\u00fa navrhnut\u00e9 s pou\u017eit\u00edm presn\u00e9ho in\u017einierstva, \u010do zaru\u010duje ich odolnos\u0165 a spo\u013eahlivos\u0165 aj v t\u00fdch naj\u0165a\u017e\u0161\u00edch podmienkach.<\/p>\n<p>2. \u0160irok\u00fd rozsah pou\u017eitia \u2013 Na\u0161e hydraulick\u00e9 valce sa daj\u00fa pou\u017ei\u0165 v \u0161irokej \u0161k\u00e1le aplik\u00e1ci\u00ed vr\u00e1tane po\u013enohospod\u00e1rskych strojov, priemyseln\u00fdch zariaden\u00ed a stavebn\u00fdch strojov.<\/p>\n<p>3. Z\u00e1kazkov\u00fd dizajn \u2013 Dizajn na\u0161ich hydraulick\u00fdch valcov vieme prisp\u00f4sobi\u0165 \u0161pecifick\u00fdm potreb\u00e1m na\u0161ich z\u00e1kazn\u00edkov a zabezpe\u010di\u0165, aby z na\u0161ich produktov z\u00edskali \u010do najlep\u0161\u00ed v\u00fdkon.<\/p>\n<p>4. Vysokokvalitn\u00e9 materi\u00e1ly \u2013 Pri v\u00fdrobe na\u0161ich hydraulick\u00fdch valcov pou\u017e\u00edvame iba tie najkvalitnej\u0161ie materi\u00e1ly, \u010d\u00edm zabezpe\u010dujeme, \u017ee s\u00fa schopn\u00e9 odol\u00e1va\u0165 opotrebovaniu v priebehu \u010dasu.<\/p>\n<p>5. Vynikaj\u00faca z\u00e1kazn\u00edcka podpora \u2013 V spolo\u010dnosti FMP sme hrd\u00ed na to, \u017ee v\u0161etk\u00fdm na\u0161im klientom poskytujeme vynikaj\u00facu z\u00e1kazn\u00edcku podporu. Od konzult\u00e1ci\u00ed o produktoch a\u017e po inteligentn\u00e9 n\u00e1vrhy na n\u00e1kup, n\u00e1\u0161 sk\u00fasen\u00fd obchodn\u00fd t\u00edm je v\u00e1m v\u017edy k dispoz\u00edcii.<\/p>\n<p>Ak teda h\u013ead\u00e1te spo\u013eahliv\u00e9ho a odoln\u00e9ho dod\u00e1vate\u013ea hydraulick\u00fdch valcov, FMP je to prav\u00e9 miesto. Kontaktujte n\u00e1s e\u0161te dnes a dozviete sa viac o na\u0161ich produktoch a slu\u017eb\u00e1ch a o tom, ako v\u00e1m m\u00f4\u017eeme pom\u00f4c\u0165 splni\u0165 va\u0161e potreby v oblasti stavebn\u00fdch strojov!<\/p>\n<p><img decoding=\"async\" src=\"https:\/\/fmp-components.com\/wp-content\/uploads\/2024\/12\/Adjustable-Clevis-Type-Cylinders-6.webp\" alt=\"Nastavite\u013en\u00fd valec typu Clevis\" width=\"844\" title=\"\"><\/p>\n<h2>\u010casto kladen\u00e9 ot\u00e1zky<\/h2>\n<ol>\n<li><strong>Ot\u00e1zka: Ste obchodn\u00e1 spolo\u010dnos\u0165 alebo v\u00fdrobca?<\/strong>A: Sme tov\u00e1re\u0148.<\/li>\n<li><strong>Ot\u00e1zka: Ak\u00e1 je va\u0161a dodacia lehota?<\/strong>A: Vo v\u0161eobecnosti to trv\u00e1 25-35 dn\u00ed.<\/li>\n<li><strong>Ot\u00e1zka: Poskytujete vzorky? Je to zadarmo alebo navy\u0161e?<\/strong>A: \u00c1no, mohli by sme pon\u00faknu\u0165 vzorku, ale nie je zadarmo.<\/li>\n<\/ol>\n<p>Autor: CX<\/p>","protected":false},"excerpt":{"rendered":"<p>Customized Two Way Double Effect Hydraulic Piston CylinderThe Customized Two Way Double Effect Hydraulic Piston Cylinder is a high-quality product designed to meet the demands of various industrial applications. With its advanced hydraulic technology, this piston cylinder offers superior performance and reliability. Featuring a two-way, double-effect design, this hydraulic piston cylinder allows for efficient and [&hellip;]<\/p>","protected":false},"featured_media":1533,"comment_status":"closed","ping_status":"closed","template":"","meta":{"_et_pb_use_builder":"","_et_pb_old_content":"","_et_gb_content_width":""},"product_brand":[],"product_cat":[42],"product_tag":[34,44],"class_list":{"0":"post-1532","1":"product","2":"type-product","3":"status-publish","4":"has-post-thumbnail","6":"product_cat-snow-plow-hydraulic-cylinder","7":"product_tag-hydraulic-cylinder","8":"product_tag-snow-plow-hydraulic-cylinder","10":"first","11":"instock","12":"product-type-simple"},"_links":{"self":[{"href":"https:\/\/fmp-components.com\/sk\/wp-json\/wp\/v2\/product\/1532","targetHints":{"allow":["GET"]}}],"collection":[{"href":"https:\/\/fmp-components.com\/sk\/wp-json\/wp\/v2\/product"}],"about":[{"href":"https:\/\/fmp-components.com\/sk\/wp-json\/wp\/v2\/types\/product"}],"replies":[{"embeddable":true,"href":"https:\/\/fmp-components.com\/sk\/wp-json\/wp\/v2\/comments?post=1532"}],"wp:featuredmedia":[{"embeddable":true,"href":"https:\/\/fmp-components.com\/sk\/wp-json\/wp\/v2\/media\/1533"}],"wp:attachment":[{"href":"https:\/\/fmp-components.com\/sk\/wp-json\/wp\/v2\/media?parent=1532"}],"wp:term":[{"taxonomy":"product_brand","embeddable":true,"href":"https:\/\/fmp-components.com\/sk\/wp-json\/wp\/v2\/product_brand?post=1532"},{"taxonomy":"product_cat","embeddable":true,"href":"https:\/\/fmp-components.com\/sk\/wp-json\/wp\/v2\/product_cat?post=1532"},{"taxonomy":"product_tag","embeddable":true,"href":"https:\/\/fmp-components.com\/sk\/wp-json\/wp\/v2\/product_tag?post=1532"}],"curies":[{"name":"pracovn\u00fd list","href":"https:\/\/api.w.org\/{rel}","templated":true}]}}