{"id":1528,"date":"2024-12-23T05:51:36","date_gmt":"2024-12-23T05:51:36","guid":{"rendered":"https:\/\/fmp-components.com\/product\/hot-sale-stainless-steel-double-acting-hydraulic-cylinder-for-snow-plow\/"},"modified":"2024-12-23T06:00:40","modified_gmt":"2024-12-23T06:00:40","slug":"hot-sale-stainless-steel-double-acting-hydraulic-cylinder-for-snow-plow","status":"publish","type":"product","link":"https:\/\/fmp-components.com\/sk\/product\/hot-sale-stainless-steel-double-acting-hydraulic-cylinder-for-snow-plow\/","title":{"rendered":"Hor\u00faci v\u00fdpredaj z nehrdzavej\u00facej ocele, dvoj\u010dinn\u00fd hydraulick\u00fd valec pre snehov\u00fd pluh"},"content":{"rendered":"<h2>Hor\u00faci v\u00fdpredaj z nehrdzavej\u00facej ocele, dvoj\u010dinn\u00fd hydraulick\u00fd valec pre snehov\u00fd pluh<\/h2>\n<p>V\u00fdpredajn\u00fd dvoj\u010dinn\u00fd hydraulick\u00fd valec z nehrdzavej\u00facej ocele pre snehov\u00fd pluh je vysoko kvalitn\u00fd produkt navrhnut\u00fd tak, aby poskytoval efekt\u00edvne pluhovanie v najdrsnej\u0161\u00edch zimn\u00fdch podmienkach. Tento hydraulick\u00fd valec vyroben\u00fd z odolnej nehrdzavej\u00facej ocele je navrhnut\u00fd tak, aby odolal extr\u00e9mnym teplot\u00e1m a kor\u00f3zii.<\/p>\n<p>Dvoj\u010dinn\u00fd mechanizmus umo\u017e\u0148uje plynul\u00fd a efekt\u00edvny pohyb v oboch smeroch, \u010do u\u013eah\u010duje nastavenie radlice pluhu do po\u017eadovan\u00e9ho uhla. Kompaktn\u00e1 kon\u0161trukcia hydraulick\u00e9ho valca navy\u0161e umo\u017e\u0148uje jednoduch\u00fa in\u0161tal\u00e1ciu na r\u00f4zne snehov\u00e9 pluhy.<\/p>\n<p>V\u010faka svojmu vynikaj\u00facemu v\u00fdkonu a odolnosti je hor\u00faco predajn\u00fd dvoj\u010dinn\u00fd hydraulick\u00fd valec z nehrdzavej\u00facej ocele pre snehov\u00fd pluh perfektn\u00fdm doplnkom pre ak\u00e9ko\u013evek zariadenie na odh\u0155\u0148anie snehu. Nenechajte sa spomali\u0165 zimn\u00fdm po\u010das\u00edm \u2013 investujte do tohto spo\u013eahliv\u00e9ho a efekt\u00edvneho hydraulick\u00e9ho valca e\u0161te dnes. Dvoj\u010dinn\u00fd hydraulick\u00fd valec z nehrdzavej\u00facej ocele, ur\u010den\u00fd pre n\u00e1ro\u010dn\u00e9 aplik\u00e1cie, pon\u00faka vynikaj\u00faci v\u00fdkon a odolnos\u0165 pri prev\u00e1dzke s snehov\u00fdm pluhom. V\u010faka nov\u00e9mu stavu a ro\u010dnou z\u00e1ruke tento hydraulick\u00fd valec s\u013eubuje spo\u013eahlivos\u0165 a pokoj v du\u0161i pre pou\u017e\u00edvate\u013ea.<img decoding=\"async\" title=\"Hydraulick\u00fd valec snehov\u00e9ho pluhu\" src=\"https:\/\/hzpt.com\/wp-content\/uploads\/2023\/11\/Snow-Plow-Hydraulic-Cylinder-2.webp\" alt=\"Hydraulick\u00fd valec snehov\u00e9ho pluhu\" \/><\/p>\n<h2>Vlastnosti produktu<\/h2>\n<h3>Vynikaj\u00faca kvalita a dizajn<\/h3>\n<p>Hydraulick\u00fd valec je vyroben\u00fd z robustn\u00e9ho oce\u013eov\u00e9ho tela a m\u00f4\u017ee sa pochv\u00e1li\u0165 \u0161tandardnou kon\u0161trukciou s piestov\u00fdm valcom. Pracuje na hydraulickej energii a je schopn\u00fd maxim\u00e1lneho \u0165ahu 3000 a maxim\u00e1lneho \u0165ahu 20 ton. Valec je dod\u00e1van\u00fd v elegantnej \u010diernej farbe a m\u00e1 porty G\/SAE\/NPT\/M.<\/p>\n<h3>Rozmery<\/h3>\n<p>Hydraulick\u00fd valec m\u00e1 v\u0155tanie od 2 do 6 palcov, ve\u013ekos\u0165 ty\u010de od 1,125 do 4 palcov, ve\u013ekos\u0165 zdvihu od 4 do 100 palcov a ve\u013ekos\u0165 \u010dapu od 0,5 do 2 palcov. T\u00e1to rozmanitos\u0165 rozmerov zaru\u010duje jeho pou\u017eitie v \u0161irokej \u0161k\u00e1le strojov a oper\u00e1ci\u00ed.<\/p>\n<h3>Zabezpe\u010denie kvality<\/h3>\n<p>Hydraulick\u00fd valec s certifik\u00e1tom ISO9001:2000 zaru\u010duje \u0161pi\u010dkov\u00fa kvalitu a v\u00fdkon. Ka\u017ed\u00e1 jednotka prech\u00e1dza v\u00fdstupnou video kontrolou a je vybaven\u00e1 spr\u00e1vou o sk\u00fa\u0161ke strojn\u00e9ho zariadenia. Na k\u013e\u00fa\u010dov\u00e9 komponenty, lo\u017eisko a hydraulick\u00fd valec sa vz\u0165ahuje 1-ro\u010dn\u00e1 z\u00e1ruka.<\/p>\n<h3>Aplik\u00e1cie<\/h3>\n<p>Hydraulick\u00fd valec je ide\u00e1lny pre r\u00f4zne odvetvia vr\u00e1tane opravovn\u00ed strojov, fariem, energetiky a ban\u00edctva, v\u00fdroby strojov a stroj\u00e1rskych z\u00e1vodov.<\/p>\n<h2>V\u00fdhody nastavite\u013en\u00fdch valcov s vidlicov\u00fdm uchyten\u00edm<\/h2>\n<p>Nastavite\u013en\u00e9 valce s vidlicov\u00fdm uchyten\u00edm s\u00fa typom hydraulick\u00e9ho valca, ktor\u00fd je schopn\u00fd vytv\u00e1ra\u0165 line\u00e1rny pohyb pomocou hydraulick\u00e9ho tlaku. Maj\u00fa nieko\u013eko v\u00fdhod, v\u010faka ktor\u00fdm s\u00fa vynikaj\u00facou vo\u013ebou pre mnoh\u00e9 aplik\u00e1cie. Tu s\u00fa niektor\u00e9 z v\u00fdhod nastavite\u013en\u00fdch valcov s vidlicov\u00fdm uchyten\u00edm:<\/p>\n<ul>\n<li><strong>Nastavite\u013enos\u0165:<\/strong> Jednou z najv\u00fdznamnej\u0161\u00edch v\u00fdhod nastavite\u013en\u00fdch valcov s vidlicov\u00fdm uchyten\u00edm je ich nastavite\u013enos\u0165. Tento typ valca umo\u017e\u0148uje presn\u00e9 ovl\u00e1danie polohy piestnej ty\u010de, v\u010faka \u010domu je ide\u00e1lny pre aplik\u00e1cie, ktor\u00e9 vy\u017eaduj\u00fa presn\u00e9 polohovanie. Napr\u00edklad hor\u00faci v\u00fdpredaj dvoj\u010dinn\u00e9ho hydraulick\u00e9ho valca z nehrdzavej\u00facej ocele pre snehov\u00fd pluh je mo\u017en\u00e9 nastavi\u0165 tak, aby sa zabezpe\u010dil spr\u00e1vny uhol radlice pluhu pre efekt\u00edvne odstra\u0148ovanie snehu.<\/li>\n<li><strong>Vysok\u00e1 sila:<\/strong> Nastavite\u013en\u00e9 valce s vidlicov\u00fdm uz\u00e1verom dok\u00e1\u017eu generova\u0165 vysok\u00e9 sily, v\u010faka \u010domu s\u00fa ide\u00e1lne pre aplik\u00e1cie, ktor\u00e9 vy\u017eaduj\u00fa ve\u013ek\u00fd v\u00fdkon. Je to sp\u00f4soben\u00e9 t\u00fdm, \u017ee hydraulick\u00e9 syst\u00e9my dok\u00e1\u017eu generova\u0165 ove\u013ea vy\u0161\u0161ie sily ako pneumatick\u00e9 syst\u00e9my. T\u00e1to vlastnos\u0165 ich rob\u00ed ide\u00e1lnymi pre n\u00e1ro\u010dn\u00e9 aplik\u00e1cie, ako s\u00fa bansk\u00e9 zariadenia alebo stavebn\u00e9 stroje.<\/li>\n<li><strong>Spo\u013eahlivos\u0165:<\/strong> Nastavite\u013en\u00e9 valce s vidlicov\u00fdm uz\u00e1verom s\u00fa v\u010faka svojej jednoduchej kon\u0161trukcii vysoko spo\u013eahliv\u00e9. Maj\u00fa m\u00e1lo pohybliv\u00fdch \u010dast\u00ed, ktor\u00e9 sa m\u00f4\u017eu zlomi\u0165 alebo pokazi\u0165, v\u010faka \u010domu s\u00fa vynikaj\u00facou vo\u013ebou pre aplik\u00e1cie, ktor\u00e9 vy\u017eaduj\u00fa vysok\u00fa \u00farove\u0148 spo\u013eahlivosti.<\/li>\n<li><strong>\u00da\u010dinnos\u0165:<\/strong> Hydraulick\u00e9 syst\u00e9my s\u00fa zn\u00e1me svojou vysokou \u00fa\u010dinnos\u0165ou, ktor\u00e1 je sp\u00f4soben\u00e1 t\u00fdm, \u017ee namiesto elektrickej energie vyu\u017e\u00edvaj\u00fa hydraulick\u00fa energiu. To znamen\u00e1, \u017ee nastavite\u013en\u00e9 valce s vidlicov\u00fdm uz\u00e1verom dok\u00e1\u017eu vygenerova\u0165 ve\u013ek\u00fa silu s pou\u017eit\u00edm ve\u013emi mal\u00e9ho mno\u017estva energie, v\u010faka \u010domu s\u00fa vynikaj\u00facou vo\u013ebou pre aplik\u00e1cie, kde je d\u00f4le\u017eit\u00e1 energetick\u00e1 \u00fa\u010dinnos\u0165.<\/li>\n<li><strong>Prisp\u00f4sobenie:<\/strong> Nastavite\u013en\u00e9 valce s vidlicov\u00fdm z\u00e1vitom je mo\u017en\u00e9 prisp\u00f4sobi\u0165 tak, aby sp\u013a\u0148ali \u0161pecifick\u00e9 po\u017eiadavky aplik\u00e1cie. M\u00f4\u017eu by\u0165 navrhnut\u00e9 tak, aby fungovali pri \u0161pecifick\u00fdch tlakoch, teplot\u00e1ch a r\u00fdchlostiach, \u010do z nich rob\u00ed vynikaj\u00facu vo\u013ebu pre aplik\u00e1cie so \u0161pecifick\u00fdmi po\u017eiadavkami.<\/li>\n<\/ul>\n<p>Hor\u00faco predajn\u00fd dvoj\u010dinn\u00fd hydraulick\u00fd valec z nehrdzavej\u00facej ocele pre snehov\u00fd pluh je vynikaj\u00facim pr\u00edkladom v\u00fdhod nastavite\u013en\u00fdch valcov s vidlicov\u00fdm z\u00e1vitom. Tento valec je mo\u017en\u00e9 nastavi\u0165 tak, aby radlica snehov\u00e9ho pluhu bola v spr\u00e1vnom uhle pre efekt\u00edvne odstra\u0148ovanie snehu. Okrem toho dok\u00e1\u017ee generova\u0165 vysok\u00e9 sily, v\u010faka \u010domu je ide\u00e1lny pre n\u00e1ro\u010dn\u00e9 aplik\u00e1cie odstra\u0148ovania snehu. Spo\u013eahlivos\u0165 a \u00fa\u010dinnos\u0165 hydraulick\u00fdch syst\u00e9mov robia z tohto valca tie\u017e vynikaj\u00facu vo\u013ebu pre zariadenia na odstra\u0148ovanie snehu.<\/p>\n<p>Z\u00e1verom mo\u017eno poveda\u0165, \u017ee nastavite\u013en\u00e9 valce s vidlicov\u00fdm z\u00e1vitom maj\u00fa nieko\u013eko v\u00fdhod, v\u010faka ktor\u00fdm s\u00fa vynikaj\u00facou vo\u013ebou pre mnoh\u00e9 aplik\u00e1cie. Ich nastavite\u013enos\u0165, vysok\u00e1 sila, spo\u013eahlivos\u0165, \u00fa\u010dinnos\u0165 a mo\u017enosti prisp\u00f4sobenia z nich robia vynikaj\u00facu vo\u013ebu pre \u0161irok\u00fa \u0161k\u00e1lu aplik\u00e1ci\u00ed vr\u00e1tane zariaden\u00ed na odstra\u0148ovanie snehu, ako je napr\u00edklad hor\u00faco predajn\u00fd dvoj\u010dinn\u00fd hydraulick\u00fd valec z nehrdzavej\u00facej ocele pre snehov\u00fd pluh.<\/p>\n<h3>O FMP<\/h3>\n<p>FMP je spolo\u010dnos\u0165, ktor\u00e1 sa \u0161pecializuje na v\u00fdrobu a predaj hydraulick\u00fdch valcov. S na\u0161\u00edm s\u00eddlom v Taliansku m\u00e1me rozsiahle sk\u00fasenosti v odvetv\u00ed stavebn\u00fdch strojov a \u0161pecializovan\u00fd t\u00edm odborn\u00edkov. Pon\u00fakame vysoko kvalitn\u00e9 a spo\u013eahliv\u00e9 hydraulick\u00e9 valce spolu so \u0161irokou \u0161k\u00e1lou \u010fal\u0161\u00edch dielov a rie\u0161en\u00ed pre stavebn\u00e9 stroje.<\/p>\n<p><strong>1. \u0160irok\u00fd sortiment produktov:<\/strong> N\u00e1\u0161 sortiment zah\u0155\u0148a r\u00f4zne typy hydraulick\u00fdch valcov, ktor\u00e9 uspokoja r\u00f4zne potreby v odvetv\u00ed stavebn\u00fdch strojov.<\/p>\n<p><strong>2. Vynikaj\u00faca kvalita:<\/strong> Vybudovali sme si dlhodob\u00e9 a stabiln\u00e9 partnerstv\u00e1 s vysoko kvalitn\u00fdmi dod\u00e1vate\u013emi z dom\u00e1ceho aj medzin\u00e1rodn\u00e9ho trhu. To zaru\u010duje, \u017ee v\u0161etky na\u0161e hydraulick\u00e9 valce sp\u013a\u0148aj\u00fa pr\u00edsne normy kvality a na\u0161im z\u00e1kazn\u00edkom poskytujeme spo\u013eahliv\u00e9 a odoln\u00e9 produkty.<\/p>\n<p><strong>3. Profesion\u00e1lny obchodn\u00fd t\u00edm:<\/strong> N\u00e1\u0161 sk\u00fasen\u00fd obchodn\u00fd t\u00edm m\u00e1 bohat\u00e9 znalosti o najnov\u0161\u00edch trendoch a po\u017eiadavk\u00e1ch z\u00e1kazn\u00edkov v odvetv\u00ed stavebn\u00fdch strojov. Dok\u00e1\u017ee poskytn\u00fa\u0165 profesion\u00e1lne konzult\u00e1cie o produktoch a pon\u00faknu\u0165 inteligentn\u00e9 n\u00e1vrhy na n\u00e1kup, ktor\u00e9 z\u00e1kazn\u00edkom pom\u00f4\u017eu vybra\u0165 najvhodnej\u0161\u00ed hydraulick\u00fd valec pre ich \u0161pecifick\u00e9 potreby.<\/p>\n<p><strong>4. Efekt\u00edvna logistick\u00e1 distrib\u00facia:<\/strong> V spolo\u010dnosti FMP ch\u00e1peme d\u00f4le\u017eitos\u0165 v\u010dasn\u00e9ho a presn\u00e9ho dodania. N\u00e1\u0161 efekt\u00edvny logistick\u00fd distribu\u010dn\u00fd syst\u00e9m zabezpe\u010duje, \u017ee z\u00e1kazn\u00edci dostan\u00fa po\u017eadovan\u00e9 diely v\u010das, \u010d\u00edm sa minimalizuj\u00fa prestoje a maximalizuje produktivita.<\/p>\n<p><strong>5. Z\u00e1v\u00e4zok k spokojnosti z\u00e1kazn\u00edkov:<\/strong> Uprednost\u0148ujeme spokojnos\u0165 z\u00e1kazn\u00edkov a sna\u017e\u00edme sa poskytova\u0165 v\u00fdnimo\u010dn\u00e9 slu\u017eby. N\u00e1\u0161 t\u00edm sa venuje promptne odpovedi na v\u0161etky ot\u00e1zky alebo obavy, aby sme na\u0161im v\u00e1\u017een\u00fdm z\u00e1kazn\u00edkom zabezpe\u010dili hladk\u00fd a pr\u00edjemn\u00fd z\u00e1\u017eitok.<\/p>\n<p><img decoding=\"async\" src=\"https:\/\/fmp-components.com\/wp-content\/uploads\/2024\/12\/Adjustable-Clevis-Type-Cylinders-6.webp\" alt=\"Nastavite\u013en\u00fd valec typu Clevis\" width=\"842\" title=\"\"><\/p>\n<h2>\u010casto kladen\u00e9 ot\u00e1zky<\/h2>\n<h3>Ot\u00e1zka: Ste obchodn\u00e1 spolo\u010dnos\u0165 alebo v\u00fdrobca?<\/h3>\n<p>A: Sme tov\u00e1re\u0148, ktor\u00e1 vyr\u00e1ba vysoko kvalitn\u00e9 hydraulick\u00e9 valce a in\u00e9 strojn\u00e9 s\u00fa\u010dasti.<\/p>\n<h3>Ot\u00e1zka: Ak\u00e1 je dodacia lehota pre v\u00e1\u0161 hydraulick\u00fd valec?<\/h3>\n<p>A: Dodacia lehota je zvy\u010dajne 25-35 dn\u00ed.<\/p>\n<h3>Ot\u00e1zka: M\u00f4\u017eete vyrobi\u0165 pod\u013ea vzoriek?<\/h3>\n<p>A: \u00c1no, vieme vyrobi\u0165 pod\u013ea va\u0161ich vzoriek alebo technick\u00fdch v\u00fdkresov. Vieme vyrobi\u0165 formy a up\u00ednacie pr\u00edpravky.<\/p>\n<p>Autor: CX<\/p>","protected":false},"excerpt":{"rendered":"<p>Hot Sale Stainless Steel Double Acting Hydraulic Cylinder for Snow Plow The Hot Sale Stainless Steel Double Acting Hydraulic Cylinder for Snow Plow is a high-quality product engineered to provide efficient plowing in the harshest winter conditions. Made with durable stainless steel, this hydraulic cylinder is designed to withstand extreme temperatures and resist corrosion. The [&hellip;]<\/p>","protected":false},"featured_media":1529,"comment_status":"closed","ping_status":"closed","template":"","meta":{"_et_pb_use_builder":"","_et_pb_old_content":"","_et_gb_content_width":""},"product_brand":[],"product_cat":[42],"product_tag":[34,44],"class_list":{"0":"post-1528","1":"product","2":"type-product","3":"status-publish","4":"has-post-thumbnail","6":"product_cat-snow-plow-hydraulic-cylinder","7":"product_tag-hydraulic-cylinder","8":"product_tag-snow-plow-hydraulic-cylinder","10":"first","11":"instock","12":"product-type-simple"},"_links":{"self":[{"href":"https:\/\/fmp-components.com\/sk\/wp-json\/wp\/v2\/product\/1528","targetHints":{"allow":["GET"]}}],"collection":[{"href":"https:\/\/fmp-components.com\/sk\/wp-json\/wp\/v2\/product"}],"about":[{"href":"https:\/\/fmp-components.com\/sk\/wp-json\/wp\/v2\/types\/product"}],"replies":[{"embeddable":true,"href":"https:\/\/fmp-components.com\/sk\/wp-json\/wp\/v2\/comments?post=1528"}],"wp:featuredmedia":[{"embeddable":true,"href":"https:\/\/fmp-components.com\/sk\/wp-json\/wp\/v2\/media\/1529"}],"wp:attachment":[{"href":"https:\/\/fmp-components.com\/sk\/wp-json\/wp\/v2\/media?parent=1528"}],"wp:term":[{"taxonomy":"product_brand","embeddable":true,"href":"https:\/\/fmp-components.com\/sk\/wp-json\/wp\/v2\/product_brand?post=1528"},{"taxonomy":"product_cat","embeddable":true,"href":"https:\/\/fmp-components.com\/sk\/wp-json\/wp\/v2\/product_cat?post=1528"},{"taxonomy":"product_tag","embeddable":true,"href":"https:\/\/fmp-components.com\/sk\/wp-json\/wp\/v2\/product_tag?post=1528"}],"curies":[{"name":"pracovn\u00fd list","href":"https:\/\/api.w.org\/{rel}","templated":true}]}}