{"id":1526,"date":"2024-12-23T05:51:36","date_gmt":"2024-12-23T05:51:36","guid":{"rendered":"https:\/\/fmp-components.com\/product\/competitive-price-welded-double-effect-hydraulic-piston-cylinder\/"},"modified":"2024-12-23T06:03:51","modified_gmt":"2024-12-23T06:03:51","slug":"competitive-price-welded-double-effect-hydraulic-piston-cylinder","status":"publish","type":"product","link":"https:\/\/fmp-components.com\/sk\/product\/competitive-price-welded-double-effect-hydraulic-piston-cylinder\/","title":{"rendered":"Konkuren\u010dn\u00e1 cena zv\u00e1ran\u00e9ho hydraulick\u00e9ho piestov\u00e9ho valca s dvojit\u00fdm efektom"},"content":{"rendered":"<p>Konkurencieschopn\u00e1 cena zv\u00e1ran\u00e9ho dvoj\u010dinn\u00e9ho hydraulick\u00e9ho piestov\u00e9ho valcaZv\u00e1ran\u00fd dvoj\u010dinn\u00fd hydraulick\u00fd piestov\u00fd valec za konkurencieschopn\u00fa cenu je vysoko kvalitn\u00fd hydraulick\u00fd valec ur\u010den\u00fd pre r\u00f4zne priemyseln\u00e9 aplik\u00e1cie. Tento hydraulick\u00fd piestov\u00fd valec sa vyzna\u010duje zv\u00e1ranou kon\u0161trukciou a dvoj\u010dinn\u00fdm ovl\u00e1dan\u00edm, \u010do poskytuje optim\u00e1lny v\u00fdkon a spo\u013eahlivos\u0165.<\/p>\n<p>Valec je vyroben\u00fd z prvotriednych materi\u00e1lov a je navrhnut\u00fd tak, aby odolal vysok\u00e9mu tlaku a ve\u013ek\u00e9mu za\u0165a\u017eeniu, v\u010faka \u010domu je ide\u00e1lny na pou\u017eitie v n\u00e1ro\u010dn\u00fdch priemyseln\u00fdch prostrediach. Piest je prec\u00edzne opracovan\u00fd a vyzna\u010duje sa vysokopevnostnou kon\u0161trukciou, ktor\u00e1 zais\u0165uje plynul\u00fd a konzistentn\u00fd chod po\u010das dlhej \u017eivotnosti.<\/p>\n<p><img decoding=\"async\" title=\"Hydraulick\u00fd valec snehov\u00e9ho pluhu\" src=\"https:\/\/hzpt.com\/wp-content\/uploads\/2023\/11\/Snow-Plow-Hydraulic-Cylinder-3.webp\" alt=\"Hydraulick\u00fd valec snehov\u00e9ho pluhu\" \/><\/p>\n<p>Tento hydraulick\u00fd valec sa \u013eahko in\u0161taluje a udr\u017eiava a je kompatibiln\u00fd so \u0161irokou \u0161k\u00e1lou hydraulick\u00fdch syst\u00e9mov. Je tie\u017e vysoko prisp\u00f4sobite\u013en\u00fd s r\u00f4znymi mo\u017enos\u0165ami mont\u00e1\u017ee a d\u013a\u017ekami zdvihu, ktor\u00e9 vyhovuj\u00fa va\u0161im \u0161pecifick\u00fdm po\u017eiadavk\u00e1m.<\/p>\n<p>Celkovo je zv\u00e1ran\u00fd hydraulick\u00fd piestov\u00fd valec s dvojit\u00fdm \u00fa\u010dinkom za konkurencieschopn\u00fa cenu vysokokvalitn\u00fdm hydraulick\u00fdm valcom, ktor\u00fd pon\u00faka vynikaj\u00faci v\u00fdkon, spo\u013eahlivos\u0165 a pomer ceny a kvality. \u010ci u\u017e potrebujete hydraulick\u00fd valec pre priemyseln\u00e9, po\u013enohospod\u00e1rske alebo mobiln\u00e9 aplik\u00e1cie, tento produkt ur\u010dite spln\u00ed va\u0161e potreby a prekon\u00e1 va\u0161e o\u010dak\u00e1vania.<\/p>\n<div>\n<h2>Vlastnosti produktu<\/h2>\n<ul>\n<li>Vyroben\u00e9 z robustnej ocele pre vynikaj\u00faci v\u00fdkon<\/li>\n<li>\u0160tandardn\u00e1 \u0161trukt\u00fara<\/li>\n<li>Maxim\u00e1lny \u0165ah 3000<\/li>\n<li>Maxim\u00e1lny \u0165ah 20 ton<\/li>\n<li>1-ro\u010dn\u00e1 z\u00e1ruka<\/li>\n<\/ul>\n<\/div>\n<div>\n<h3>\u0160pecifik\u00e1cie<\/h3>\n<ul>\n<li>Ve\u013ekos\u0165 otvoru: 2-6 palcov<\/li>\n<li>Ve\u013ekos\u0165 ty\u010de: 1,125-4 palce<\/li>\n<li>Ve\u013ekos\u0165 zdvihu: 4-100 palcov<\/li>\n<li>Ve\u013ekos\u0165 \u010dapu: 0,5-2 palce<\/li>\n<li>Porty: G\/SAE\/NPT\/M<\/li>\n<\/ul>\n<\/div>\n<div style=\"text-align: center;\"><\/div>\n<div style=\"text-align: center;\"><img decoding=\"async\" title=\"Hydraulick\u00fd valec snehov\u00e9ho pluhu\" src=\"https:\/\/hzpt.com\/wp-content\/uploads\/2023\/11\/Snow-Plow-Hydraulic-Cylinder-2.webp\" alt=\"Hydraulick\u00fd valec snehov\u00e9ho pluhu\" \/><\/div>\n<div style=\"text-align: center;\"><\/div>\n<div>\n<p>&nbsp;<\/p>\n<\/div>\n<h2>V\u00fdhody nastavite\u013en\u00fdch valcov s vidlicov\u00fdm uchyten\u00edm<\/h2>\n<ul>\n<li style=\"list-style-type: none;\">\n<ul>\n<li>Zv\u00fd\u0161en\u00e1 flexibilita a presnos\u0165 pri prev\u00e1dzke zariaden\u00ed<\/li>\n<\/ul>\n<\/li>\n<\/ul>\n<p>Nastavite\u013en\u00e9 valce s vidlicov\u00fdm uchyten\u00edm poskytuj\u00fa vysok\u00fd stupe\u0148 flexibility a presnosti pri prev\u00e1dzke zariadenia, \u010do umo\u017e\u0148uje presnej\u0161ie polohovanie a riadenie pohybu. Je to v\u010faka mo\u017enosti nastavi\u0165 d\u013a\u017eku valca, \u010do sa d\u00e1 urobi\u0165 jednoducho a r\u00fdchlo bez nutnosti demont\u00e1\u017ee cel\u00e9ho valca zo zariadenia. T\u00e1to zv\u00fd\u0161en\u00e1 flexibilita a presnos\u0165 m\u00f4\u017ee vies\u0165 k zv\u00fd\u0161eniu produktivity a efekt\u00edvnosti v\u00fdrobn\u00fdch procesov.<\/p>\n<ul>\n<li style=\"list-style-type: none;\">\n<ul>\n<li>Zlep\u0161en\u00e1 odolnos\u0165 a v\u00fdkon<\/li>\n<\/ul>\n<\/li>\n<\/ul>\n<p>Nastavite\u013en\u00e9 valce s vidlicov\u00fdm uchyten\u00edm s\u00fa navrhnut\u00e9 tak, aby odolali vysok\u00e9mu za\u0165a\u017eeniu a n\u00e1ro\u010dn\u00fdm prev\u00e1dzkov\u00fdm podmienkam. Zvy\u010dajne s\u00fa vyroben\u00e9 z vysoko kvalitn\u00fdch materi\u00e1lov, ako je oce\u013e alebo hlin\u00edk, ktor\u00e9 poskytuj\u00fa vynikaj\u00facu odolnos\u0165 vo\u010di opotrebovaniu, oderu a kor\u00f3zii. Okrem toho s\u00fa tieto valce \u010dasto dvoj\u010dinn\u00e9, \u010do znamen\u00e1, \u017ee m\u00f4\u017eu vyv\u00edja\u0165 silu v oboch smeroch. T\u00e1to vlastnos\u0165 umo\u017e\u0148uje presnej\u0161\u00ed a efekt\u00edvnej\u0161\u00ed pohyb zariadenia, \u010do vedie k lep\u0161ej odolnosti a celkov\u00e9mu v\u00fdkonu.<\/p>\n<ul>\n<li style=\"list-style-type: none;\">\n<ul>\n<li>Zv\u00fd\u0161en\u00e1 bezpe\u010dnos\u0165 a stabilita<\/li>\n<\/ul>\n<\/li>\n<\/ul>\n<p>Nastavite\u013en\u00e9 valce s vidlicov\u00fdm uz\u00e1verom s\u00fa navrhnut\u00e9 s oh\u013eadom na bezpe\u010dnos\u0165 a stabilitu. Zvy\u010dajne s\u00fa vybaven\u00e9 bezpe\u010dnostn\u00fdmi prvkami, ako s\u00fa poistn\u00e9 matice alebo blokovacie mechanizmy, ktor\u00e9 zabra\u0148uj\u00fa n\u00e1hodn\u00e9mu pohybu alebo odpojeniu. Okrem toho sa tieto valce \u010dasto pou\u017e\u00edvaj\u00fa v aplik\u00e1ci\u00e1ch, kde je stabilita kritick\u00e1, napr\u00edklad v \u0165a\u017ek\u00fdch strojoch alebo priemyseln\u00fdch zariadeniach. Nastavite\u013en\u00e1 funkcia umo\u017e\u0148uje presn\u00e9 polohovanie, \u010do m\u00f4\u017ee pom\u00f4c\u0165 predch\u00e1dza\u0165 nehod\u00e1m a zraneniam na pracovisku.<\/p>\n<ul>\n<li style=\"list-style-type: none;\">\n<ul>\n<li>Cenovo v\u00fdhodn\u00e9 a konkurencieschopn\u00e9 ceny<\/li>\n<\/ul>\n<\/li>\n<\/ul>\n<p>Nastavite\u013en\u00e9 valce s vidlicov\u00fdm z\u00e1vitom pon\u00fakaj\u00fa v\u00fdrobcom a prev\u00e1dzkovate\u013eom zariaden\u00ed cenovo v\u00fdhodn\u00e9 rie\u0161enie. V porovnan\u00ed s in\u00fdmi typmi valcov, ako s\u00fa napr\u00edklad zv\u00e1ran\u00e9 hydraulick\u00e9 piestov\u00e9 valce s dvojit\u00fdm \u00fa\u010dinkom, s\u00fa \u010dasto cenovo konkurencieschopn\u00e9. V\u010faka tomu s\u00fa atrakt\u00edvnou mo\u017enos\u0165ou pre t\u00fdch, ktor\u00ed chc\u00fa zn\u00ed\u017ei\u0165 n\u00e1klady bez straty v\u00fdkonu. Okrem toho, nastavite\u013en\u00e1 funkcia t\u00fdchto valcov m\u00f4\u017ee pom\u00f4c\u0165 zn\u00ed\u017ei\u0165 prestoje zariaden\u00ed a n\u00e1klady na \u00fadr\u017ebu, \u010d\u00edm sa \u010falej zvy\u0161uje ich n\u00e1kladov\u00e1 efekt\u00edvnos\u0165.<\/p>\n<p>Celkovo v\u010faka v\u00fdhod\u00e1m nastavite\u013en\u00fdch valcov s vidlicov\u00fdm uchyten\u00edm s\u00fa ob\u013e\u00fabenou vo\u013ebou pre v\u00fdrobcov a prev\u00e1dzkovate\u013eov zariaden\u00ed. Ich flexibilita, odolnos\u0165, bezpe\u010dnostn\u00e9 prvky a n\u00e1kladov\u00e1 efekt\u00edvnos\u0165 z nich robia vynikaj\u00facu vo\u013ebu pre \u0161irok\u00fa \u0161k\u00e1lu aplik\u00e1ci\u00ed. V\u010faka mo\u017enosti nastavenia d\u013a\u017eky valca poskytuj\u00fa tieto valce zv\u00fd\u0161en\u00fa presnos\u0165 a kontrolu pri pohybe zariadenia, \u010do vedie k zlep\u0161eniu produktivity a efekt\u00edvnosti. Okrem toho, ich bezpe\u010dnostn\u00e9 prvky a stabilita z nich robia spo\u013eahliv\u00fa vo\u013ebu pre t\u00fdch, ktor\u00ed pracuj\u00fa v \u0165a\u017ek\u00fdch strojoch alebo priemyseln\u00fdch zariadeniach. A v\u010faka konkurencieschopn\u00fdm cen\u00e1m pon\u00fakaj\u00fa nastavite\u013en\u00e9 valce s vidlicov\u00fdm uchyten\u00edm cenovo dostupn\u00e9 rie\u0161enie pre t\u00fdch, ktor\u00ed chc\u00fa zn\u00ed\u017ei\u0165 n\u00e1klady bez toho, aby obetovali v\u00fdkon.<\/p>\n<h3>O FMP<\/h3>\n<p>FMP je spolo\u010dnos\u0165, ktor\u00e1 sa \u0161pecializuje na v\u00fdrobu a predaj hydraulick\u00fdch valcov. S\u00eddlime v Taliansku, m\u00e1me dlhoro\u010dn\u00e9 sk\u00fasenosti v tomto odvetv\u00ed a profesion\u00e1lny t\u00edm, ktor\u00fd sa venuje poskytovaniu vysoko kvalitn\u00fdch a spo\u013eahliv\u00fdch hydraulick\u00fdch valcov na\u0161im z\u00e1kazn\u00edkom.<\/p>\n<p><img decoding=\"async\" src=\"https:\/\/fmp-components.com\/wp-content\/uploads\/2024\/12\/Adjustable-Clevis-Type-Cylinders-6.webp\" alt=\"Nastavite\u013en\u00fd valec typu Clevis\" width=\"841\" title=\"\"><\/p>\n<p>Tu je p\u00e4\u0165 d\u00f4vodov, pre\u010do by ste si mali vybra\u0165 na\u0161e hydraulick\u00e9 valce:<\/p>\n<ol>\n<li>\u0160irok\u00e1 \u0161k\u00e1la mo\u017enost\u00ed: Pon\u00fakame \u0161irok\u00fa \u0161k\u00e1lu hydraulick\u00fdch valcov vr\u00e1tane nastavite\u013en\u00fdch valcov s vidlicov\u00fdm uchyten\u00edm, ktor\u00e9 poskytuj\u00fa flexibilitu v r\u00f4znych aplik\u00e1ci\u00e1ch.<\/li>\n<li>V\u00fdnimo\u010dn\u00e1 kvalita: V\u0161etky na\u0161e hydraulick\u00e9 valce s\u00fa vyroben\u00e9 pod\u013ea pr\u00edsnych noriem kvality, \u010do zaru\u010duje ich odolnos\u0165 a v\u00fdkon.<\/li>\n<li>Odborn\u00e9 poradenstvo: N\u00e1\u0161 sk\u00fasen\u00fd obchodn\u00fd t\u00edm m\u00e1 znalosti o odvetv\u00ed stavebn\u00fdch strojov a m\u00f4\u017ee v\u00e1m poskytn\u00fa\u0165 profesion\u00e1lne poradenstvo oh\u013eadom produktov, ktor\u00e9 spln\u00ed va\u0161e \u0161pecifick\u00e9 potreby.<\/li>\n<li>Inteligentn\u00e9 n\u00e1vrhy na n\u00e1kup: Rozumieme potreb\u00e1m z\u00e1kazn\u00edkov a poskytujeme inteligentn\u00e9 n\u00e1vrhy na n\u00e1kup, ktor\u00e9 v\u00e1m pom\u00f4\u017eu robi\u0165 informovan\u00e9 rozhodnutia.<\/li>\n<li>Efekt\u00edvna logistika: V\u010faka n\u00e1\u0161mu efekt\u00edvnemu distribu\u010dn\u00e9mu syst\u00e9mu logistiky zabezpe\u010d\u00edme, \u017ee dostanete potrebn\u00e9 hydraulick\u00e9 valce v\u010das a presne.<\/li>\n<\/ol>\n<p>V spolo\u010dnosti FMP sa sna\u017e\u00edme prekona\u0165 o\u010dak\u00e1vania z\u00e1kazn\u00edkov na\u0161imi vysokokvalitn\u00fdmi hydraulick\u00fdmi valcami a v\u00fdnimo\u010dn\u00fdm servisom. Kontaktujte n\u00e1s e\u0161te dnes, ak potrebujete \u010doko\u013evek v oblasti hydraulick\u00fdch valcov!<\/p>\n<div style=\"text-align: center;\">\n<h2 style=\"text-align: left;\">\u010casto kladen\u00e9 ot\u00e1zky<\/h2>\n<\/div>\n<div>\n<h3>Ot\u00e1zka: Ste obchodn\u00e1 spolo\u010dnos\u0165 alebo v\u00fdrobca?<\/h3>\n<p>A: Sme tov\u00e1re\u0148.<\/p>\n<\/div>\n<div>\n<h3>Ot\u00e1zka: Ak\u00e1 je va\u0161a dodacia lehota?<\/h3>\n<p>A: Vo v\u0161eobecnosti je to 25-35 dn\u00ed.<\/p>\n<\/div>\n<div>\n<h3>Ot\u00e1zka: Poskytujete vzorky? Je to zadarmo alebo navy\u0161e?<\/h3>\n<p>A: \u00c1no, mohli by sme pon\u00faknu\u0165 vzorku, ale nie je zadarmo.<\/p>\n<\/div>\n<p>Autor: CX<\/p>","protected":false},"excerpt":{"rendered":"<p>Competitive Price Welded Double Effect Hydraulic Piston CylinderCompetitive Price Welded Double Effect Hydraulic Piston Cylinder is a high-quality hydraulic cylinder designed for various industrial applications. This hydraulic piston cylinder features a welded design and double-acting operation, providing optimal performance and reliability. The cylinder is made from premium quality materials and is designed to withstand high [&hellip;]<\/p>","protected":false},"featured_media":1527,"comment_status":"closed","ping_status":"closed","template":"","meta":{"_et_pb_use_builder":"","_et_pb_old_content":"","_et_gb_content_width":""},"product_brand":[],"product_cat":[42],"product_tag":[34,44],"class_list":{"0":"post-1526","1":"product","2":"type-product","3":"status-publish","4":"has-post-thumbnail","6":"product_cat-snow-plow-hydraulic-cylinder","7":"product_tag-hydraulic-cylinder","8":"product_tag-snow-plow-hydraulic-cylinder","10":"first","11":"instock","12":"product-type-simple"},"_links":{"self":[{"href":"https:\/\/fmp-components.com\/sk\/wp-json\/wp\/v2\/product\/1526","targetHints":{"allow":["GET"]}}],"collection":[{"href":"https:\/\/fmp-components.com\/sk\/wp-json\/wp\/v2\/product"}],"about":[{"href":"https:\/\/fmp-components.com\/sk\/wp-json\/wp\/v2\/types\/product"}],"replies":[{"embeddable":true,"href":"https:\/\/fmp-components.com\/sk\/wp-json\/wp\/v2\/comments?post=1526"}],"wp:featuredmedia":[{"embeddable":true,"href":"https:\/\/fmp-components.com\/sk\/wp-json\/wp\/v2\/media\/1527"}],"wp:attachment":[{"href":"https:\/\/fmp-components.com\/sk\/wp-json\/wp\/v2\/media?parent=1526"}],"wp:term":[{"taxonomy":"product_brand","embeddable":true,"href":"https:\/\/fmp-components.com\/sk\/wp-json\/wp\/v2\/product_brand?post=1526"},{"taxonomy":"product_cat","embeddable":true,"href":"https:\/\/fmp-components.com\/sk\/wp-json\/wp\/v2\/product_cat?post=1526"},{"taxonomy":"product_tag","embeddable":true,"href":"https:\/\/fmp-components.com\/sk\/wp-json\/wp\/v2\/product_tag?post=1526"}],"curies":[{"name":"pracovn\u00fd list","href":"https:\/\/api.w.org\/{rel}","templated":true}]}}