{"id":1524,"date":"2024-12-23T05:51:36","date_gmt":"2024-12-23T05:51:36","guid":{"rendered":"https:\/\/fmp-components.com\/product\/high-quality-double-effect-snow-plow-hydraulic-cylinder\/"},"modified":"2024-12-23T05:54:59","modified_gmt":"2024-12-23T05:54:59","slug":"high-quality-double-effect-snow-plow-hydraulic-cylinder","status":"publish","type":"product","link":"https:\/\/fmp-components.com\/sk\/product\/high-quality-double-effect-snow-plow-hydraulic-cylinder\/","title":{"rendered":"Vysokokvalitn\u00fd hydraulick\u00fd valec s dvojit\u00fdm \u00fa\u010dinkom na sne\u017en\u00fd pluh"},"content":{"rendered":"<p>Vysokokvalitn\u00fd hydraulick\u00fd valec s dvojit\u00fdm \u00fa\u010dinkom pre snehov\u00fd pluhVysokokvalitn\u00fd hydraulick\u00fd valec s dvojit\u00fdm \u00fa\u010dinkom pre snehov\u00fd pluh je z\u00e1kladnou s\u00fa\u010das\u0165ou ka\u017ed\u00e9ho snehov\u00e9ho pluhu. V\u010faka svojej odolnej kon\u0161trukcii a spo\u013eahliv\u00e9mu dizajnu s dvojit\u00fdm \u00fa\u010dinkom je tento hydraulick\u00fd valec vyroben\u00fd pre dlh\u00fa \u017eivotnos\u0165.<\/p>\n<p>Valec je navrhnut\u00fd tak, aby bez n\u00e1mahy pres\u00faval sneh na stranu pluhu, \u010d\u00edm sa odstra\u0148ovanie snehu zjednodu\u0161uje. Dok\u00e1\u017ee tie\u017e zdv\u00edha\u0165 a sp\u00fa\u0161\u0165a\u0165 pluh, aby sa prisp\u00f4sobil meniacej sa v\u00fd\u0161ke snehu.<\/p>\n<p>Vysokokvalitn\u00fd hydraulick\u00fd valec pre snehov\u00fd pluh s dvojit\u00fdm \u00fa\u010dinkom, vyroben\u00fd z vysoko kvalitn\u00fdch materi\u00e1lov a presn\u00e9ho spracovania, je nevyhnutnos\u0165ou pre ka\u017ed\u00e9ho oper\u00e1tora snehov\u00e9ho pluhu. V\u010faka svojmu vynikaj\u00facemu v\u00fdkonu a dlhotrvaj\u00facej odolnosti tento produkt ur\u010dite prekon\u00e1 va\u0161e o\u010dak\u00e1vania a u\u013eah\u010d\u00ed odstra\u0148ovanie snehu viac ako kedyko\u013evek predt\u00fdm.<\/p>\n<p><img decoding=\"async\" title=\"Hydraulick\u00fd valec snehov\u00e9ho pluhu\" src=\"https:\/\/hzpt.com\/wp-content\/uploads\/2023\/11\/Snow-Plow-Hydraulic-Cylinder-1.webp\" alt=\"Hydraulick\u00fd valec snehov\u00e9ho pluhu\" \/><\/p>\n<h3>\u0160pecifik\u00e1cie<\/h3>\n<ul>\n<li>Ve\u013ekos\u0165 otvoru: 2-6 palcov<\/li>\n<li>Ve\u013ekos\u0165 ty\u010de: 1,125-4 palce<\/li>\n<li>Ve\u013ekos\u0165 \u0165ahu: 4-100 palcov<\/li>\n<li>Ve\u013ekos\u0165 \u010dapu: 0,5-2 palce<\/li>\n<li>Porty: G\/SAE\/NPT\/M<\/li>\n<\/ul>\n<h2>Zabezpe\u010denie kvality<\/h2>\n<p>N\u00e1\u0161 produkt m\u00e1 certifik\u00e1t ISO9001:2000, \u010do zaru\u010duje, \u017ee sp\u013a\u0148a medzin\u00e1rodn\u00e9 normy kvality. Poskytujeme tie\u017e 1-ro\u010dn\u00fa z\u00e1ruku na k\u013e\u00fa\u010dov\u00e9 komponenty vr\u00e1tane lo\u017eiska a samotn\u00e9ho hydraulick\u00e9ho valca. Pre va\u0161u istotu poskytujeme videoz\u00e1znam z v\u00fdstupnej kontroly a spr\u00e1vu o sk\u00fa\u0161ke strojov.<\/p>\n<p><img decoding=\"async\" title=\"Hydraulick\u00fd valec snehov\u00e9ho pluhu\" src=\"https:\/\/hzpt.com\/wp-content\/uploads\/2023\/11\/Snow-Plow-Hydraulic-Cylinder-3.webp\" alt=\"Hydraulick\u00fd valec snehov\u00e9ho pluhu\" \/><\/p>\n<h2>V\u00fdhody nastavite\u013en\u00fdch valcov s vidlicov\u00fdm uchyten\u00edm<\/h2>\n<p>Nastavite\u013en\u00e9 valce s vidlicov\u00fdm uchyten\u00edm s\u00fa d\u00f4le\u017eitou s\u00fa\u010das\u0165ou hydraulick\u00fdch syst\u00e9mov pou\u017e\u00edvan\u00fdch v r\u00f4znych priemyseln\u00fdch a komer\u010dn\u00fdch aplik\u00e1ci\u00e1ch. Tieto valce pon\u00fakaj\u00fa oproti pevn\u00fdm valcom s vidlicov\u00fdm uchyten\u00edm nieko\u013eko v\u00fdhod. V tomto \u010dl\u00e1nku sa podrobne budeme venova\u0165 v\u00fdhod\u00e1m nastavite\u013en\u00fdch valcov s vidlicov\u00fdm uchyten\u00edm.<\/p>\n<p>1. <b>V\u00e4\u010d\u0161ia flexibilita pri in\u0161tal\u00e1cii a prev\u00e1dzke<\/b> \u2013 Nastavite\u013en\u00e9 valce s vidlicov\u00fdm uchyten\u00edm pon\u00fakaj\u00fa v\u00e4\u010d\u0161iu flexibilitu pri in\u0161tal\u00e1cii a prev\u00e1dzke. Na rozdiel od pevn\u00fdch valcov s vidlicov\u00fdm uchyten\u00edm umo\u017e\u0148uj\u00fa nastavite\u013en\u00e9 valce s vidlicov\u00fdm uchyten\u00edm pou\u017e\u00edvate\u013eovi vykon\u00e1va\u0165 mal\u00e9 \u00fapravy d\u013a\u017eky a uhla valca, \u010do m\u00f4\u017ee pom\u00f4c\u0165 dosiahnu\u0165 po\u017eadovan\u00fa \u00farove\u0148 v\u00fdkonu. V\u010faka tomu s\u00fa ide\u00e1lne na pou\u017eitie v aplik\u00e1ci\u00e1ch, kde je d\u00f4le\u017eit\u00e1 presnos\u0165, ako napr\u00edklad v pr\u00edpade vysoko kvalitn\u00e9ho hydraulick\u00e9ho valca s dvojit\u00fdm \u00fa\u010dinkom pre snehov\u00e9 pluhy.<\/p>\n<p>2. <b>Zlep\u0161en\u00fd v\u00fdkon a efektivita<\/b> \u2013 Nastavite\u013enos\u0165 valcov s vidlicov\u00fdm uhlom umo\u017e\u0148uje presnej\u0161ie ovl\u00e1danie hydraulick\u00e9ho syst\u00e9mu. To m\u00f4\u017ee vies\u0165 k zlep\u0161eniu v\u00fdkonu a \u00fa\u010dinnosti. Napr\u00edklad, ak je valec nastaven\u00fd na spr\u00e1vnu d\u013a\u017eku a uhol, m\u00f4\u017ee sa pohybova\u0165 plynulej\u0161ie a na prev\u00e1dzku vy\u017eaduje menej energie, \u010do m\u00f4\u017ee vies\u0165 k \u00faspore energie a zlep\u0161eniu produktivity.<\/p>\n<p>3. <b>Zn\u00ed\u017een\u00e1 \u00fadr\u017eba a prestoje<\/b> \u2013 Nastavite\u013en\u00e9 valce s vidlicov\u00fdm uchyten\u00edm s\u00fa navrhnut\u00e9 tak, aby boli odolnej\u0161ie a vy\u017eadovali menej \u00fadr\u017eby v porovnan\u00ed s valcami s pevn\u00fdm vidlicov\u00fdm uchyten\u00edm. Je to preto, \u017ee s\u00fa vyroben\u00e9 z vysoko kvalitn\u00fdch materi\u00e1lov, ako je uhl\u00edkov\u00e1 oce\u013e a nehrdzavej\u00faca oce\u013e, ktor\u00e9 s\u00fa odoln\u00e9 vo\u010di opotrebovaniu a kor\u00f3zii. Okrem toho, nastavite\u013enos\u0165 t\u00fdchto valcov umo\u017e\u0148uje jednoduch\u0161iu \u00fadr\u017ebu, \u010d\u00edm sa zni\u017euj\u00fa prestoje a n\u00e1klady na opravy.<\/p>\n<p>4. <b>Vylep\u0161en\u00e9 bezpe\u010dnostn\u00e9 prvky<\/b> \u2013 Nastavite\u013en\u00e9 valce s vidlicov\u00fdm z\u00e1vesom s\u00fa vybaven\u00e9 vylep\u0161en\u00fdmi bezpe\u010dnostn\u00fdmi prvkami, v\u010faka ktor\u00fdm je ich pou\u017e\u00edvanie bezpe\u010dnej\u0161ie v priemyseln\u00fdch a komer\u010dn\u00fdch aplik\u00e1ci\u00e1ch. M\u00f4\u017eu by\u0165 napr\u00edklad vybaven\u00e9 ochranou proti pre\u0165a\u017eeniu, ktor\u00e1 im zabr\u00e1ni prekro\u010di\u0165 maxim\u00e1lnu nosnos\u0165, \u010do m\u00f4\u017ee pom\u00f4c\u0165 predch\u00e1dza\u0165 nehod\u00e1m a zraneniam na pracovisku.<\/p>\n<p>Z\u00e1verom mo\u017eno poveda\u0165, \u017ee nastavite\u013en\u00e9 valce s vidlicov\u00fdm uchyten\u00edm pon\u00fakaj\u00fa oproti valcom s pevn\u00fdm uchyten\u00edm nieko\u013eko v\u00fdhod, vr\u00e1tane v\u00e4\u010d\u0161ej flexibility pri in\u0161tal\u00e1cii a prev\u00e1dzke, lep\u0161ieho v\u00fdkonu a \u00fa\u010dinnosti, zn\u00ed\u017eenej \u00fadr\u017eby a prestojov a vylep\u0161en\u00fdch bezpe\u010dnostn\u00fdch prvkov. V\u010faka t\u00fdmto v\u00fdhod\u00e1m s\u00fa vynikaj\u00facou vo\u013ebou pre pou\u017eitie v r\u00f4znych aplik\u00e1ci\u00e1ch vr\u00e1tane vysoko kvalitn\u00e9ho hydraulick\u00e9ho valca pre sne\u017en\u00e9 pluhy s dvojit\u00fdm \u00fa\u010dinkom, kde s\u00fa presnos\u0165, odolnos\u0165 a bezpe\u010dnos\u0165 mimoriadne d\u00f4le\u017eit\u00e9.<\/p>\n<h3>O FMP<\/h3>\n<p>FMP je spolo\u010dnos\u0165, ktor\u00e1 sa \u0161pecializuje na v\u00fdrobu a predaj hydraulick\u00fdch valcov. V\u010faka na\u0161im rozsiahlym sk\u00fasenostiam v tomto odvetv\u00ed a profesion\u00e1lnemu t\u00edmu sa venujeme poskytovaniu vysoko kvalitn\u00fdch a spo\u013eahliv\u00fdch hydraulick\u00fdch valcov na\u0161im z\u00e1kazn\u00edkom.<\/p>\n<p><img decoding=\"async\" src=\"https:\/\/fmp-components.com\/wp-content\/uploads\/2024\/12\/Adjustable-Clevis-Type-Cylinders-6.webp\" alt=\"Nastavite\u013en\u00fd valec typu Clevis\" width=\"840\" title=\"\"><\/p>\n<p>1. Vysokokvalitn\u00e9 produkty: V spolo\u010dnosti FMP sme hrd\u00ed na to, \u017ee pon\u00fakame \u0161pi\u010dkov\u00e9 hydraulick\u00e9 valce, ktor\u00e9 s\u00fa vyroben\u00e9 pre dlh\u00fa \u017eivotnos\u0165. Na\u0161e produkty prech\u00e1dzaj\u00fa pr\u00edsnymi opatreniami kontroly kvality, aby sa zabezpe\u010dila ich odolnos\u0165 a v\u00fdkon.<\/p>\n<p>2. \u0160irok\u00e1 \u0161k\u00e1la mo\u017enost\u00ed: Pon\u00fakame \u0161irok\u00fd sortiment hydraulick\u00fdch valcov, ktor\u00e9 sp\u013a\u0148aj\u00fa \u0161pecifick\u00e9 potreby na\u0161ich z\u00e1kazn\u00edkov. \u010ci u\u017e potrebujete nastavite\u013en\u00e9 valce s vidlicov\u00fdm uchyten\u00edm, valce s \u0165aha\u010dom alebo zv\u00e1ran\u00e9 valce, m\u00e1me pre v\u00e1s v\u0161etko.<\/p>\n<p>3. Pr\u00edsne \u0161tandardy kvality: Udr\u017eiavame dlhodob\u00e9 a stabiln\u00e9 partnerstv\u00e1 s renomovan\u00fdmi dod\u00e1vate\u013emi, aby sme zaru\u010dili, \u017ee v\u0161etky na\u0161e hydraulick\u00e9 valce sp\u013a\u0148aj\u00fa pr\u00edsne \u0161tandardy kvality. Ka\u017ed\u00fd produkt pred dodan\u00edm na\u0161im z\u00e1kazn\u00edkom prech\u00e1dza d\u00f4kladnou kontrolou.<\/p>\n<p>4. Odborn\u00fd obchodn\u00fd t\u00edm: N\u00e1\u0161 sk\u00fasen\u00fd a informovan\u00fd obchodn\u00fd t\u00edm je dobre obozn\u00e1men\u00fd s najnov\u0161\u00edmi trendmi a po\u017eiadavkami z\u00e1kazn\u00edkov v tomto odvetv\u00ed. Je v\u017edy pripraven\u00fd poskytn\u00fa\u0165 profesion\u00e1lne konzult\u00e1cie o produktoch a pon\u00faknu\u0165 inteligentn\u00e9 n\u00e1vrhy na n\u00e1kup, aby zabezpe\u010dil spokojnos\u0165 z\u00e1kazn\u00edkov.<\/p>\n<p>5. Efekt\u00edvny logistick\u00fd syst\u00e9m: Ch\u00e1peme d\u00f4le\u017eitos\u0165 v\u010dasn\u00e9ho dodania. V\u010faka n\u00e1\u0161mu efekt\u00edvnemu logistick\u00e9mu distribu\u010dn\u00e9mu syst\u00e9mu zabezpe\u010dujeme, aby na\u0161i z\u00e1kazn\u00edci dostali po\u017eadovan\u00e9 hydraulick\u00e9 valce r\u00fdchlo a presne.<\/p>\n<p>Vyberte si FMP pre va\u0161e potreby hydraulick\u00e9ho valca a za\u017eite kvalitu a spo\u013eahlivos\u0165, ktor\u00e1 n\u00e1s odli\u0161uje od konkurencie. Kontaktujte n\u00e1s e\u0161te dnes a za\u010dnite plodn\u00e9 partnerstvo.<\/p>\n<p>Autor: CX<\/p>","protected":false},"excerpt":{"rendered":"<p>High Quality Double Effect Snow Plow Hydraulic CylinderThe High Quality Double Effect Snow Plow Hydraulic Cylinder is an essential component for any snow plow. With its durable construction and reliable double-effect design, this hydraulic cylinder is built to last. The cylinder is designed to effortlessly move snow to the side of the plow, making snow [&hellip;]<\/p>","protected":false},"featured_media":1525,"comment_status":"closed","ping_status":"closed","template":"","meta":{"_et_pb_use_builder":"","_et_pb_old_content":"","_et_gb_content_width":""},"product_brand":[],"product_cat":[42],"product_tag":[34,44],"class_list":{"0":"post-1524","1":"product","2":"type-product","3":"status-publish","4":"has-post-thumbnail","6":"product_cat-snow-plow-hydraulic-cylinder","7":"product_tag-hydraulic-cylinder","8":"product_tag-snow-plow-hydraulic-cylinder","10":"first","11":"instock","12":"product-type-simple"},"_links":{"self":[{"href":"https:\/\/fmp-components.com\/sk\/wp-json\/wp\/v2\/product\/1524","targetHints":{"allow":["GET"]}}],"collection":[{"href":"https:\/\/fmp-components.com\/sk\/wp-json\/wp\/v2\/product"}],"about":[{"href":"https:\/\/fmp-components.com\/sk\/wp-json\/wp\/v2\/types\/product"}],"replies":[{"embeddable":true,"href":"https:\/\/fmp-components.com\/sk\/wp-json\/wp\/v2\/comments?post=1524"}],"wp:featuredmedia":[{"embeddable":true,"href":"https:\/\/fmp-components.com\/sk\/wp-json\/wp\/v2\/media\/1525"}],"wp:attachment":[{"href":"https:\/\/fmp-components.com\/sk\/wp-json\/wp\/v2\/media?parent=1524"}],"wp:term":[{"taxonomy":"product_brand","embeddable":true,"href":"https:\/\/fmp-components.com\/sk\/wp-json\/wp\/v2\/product_brand?post=1524"},{"taxonomy":"product_cat","embeddable":true,"href":"https:\/\/fmp-components.com\/sk\/wp-json\/wp\/v2\/product_cat?post=1524"},{"taxonomy":"product_tag","embeddable":true,"href":"https:\/\/fmp-components.com\/sk\/wp-json\/wp\/v2\/product_tag?post=1524"}],"curies":[{"name":"pracovn\u00fd list","href":"https:\/\/api.w.org\/{rel}","templated":true}]}}