{"id":1520,"date":"2024-12-23T05:50:37","date_gmt":"2024-12-23T05:50:37","guid":{"rendered":"https:\/\/fmp-components.com\/product\/high-quality-mini-customized-hydraulic-cylinder-for-snow-plow\/"},"modified":"2025-03-18T02:10:23","modified_gmt":"2025-03-18T02:10:23","slug":"high-quality-mini-customized-hydraulic-cylinder-for-snow-plow","status":"publish","type":"product","link":"https:\/\/fmp-components.com\/sk\/product\/high-quality-mini-customized-hydraulic-cylinder-for-snow-plow\/","title":{"rendered":"Vysokokvalitn\u00fd mini hydraulick\u00fd valec na mieru pre snehov\u00fd pluh"},"content":{"rendered":"<h2>Vysokokvalitn\u00fd mini hydraulick\u00fd valec na mieru pre snehov\u00fd pluh<\/h2>\n<p>Predstavujeme vysoko kvalitn\u00fd mini hydraulick\u00fd valec na mieru pre snehov\u00fd pluh:<\/p>\n<p>Vysokokvalitn\u00fd mini hydraulick\u00fd valec na mieru pre snehov\u00fd pluh je \u0161pi\u010dkov\u00fd produkt navrhnut\u00fd tak, aby sp\u013a\u0148al \u0161pecifick\u00e9 potreby odh\u0155\u0148ania snehu. Tento hydraulick\u00fd valec je navrhnut\u00fd s presnos\u0165ou a odborn\u00fdmi znalos\u0165ami, aby zabezpe\u010dil optim\u00e1lny v\u00fdkon v najdrsnej\u0161\u00edch zimn\u00fdch podmienkach.<\/p>\n<p>Tento hydraulick\u00fd valec sa vyzna\u010duje kompaktn\u00fdm dizajnom a pon\u00faka vynikaj\u00facu funk\u010dnos\u0165 pri minim\u00e1lnom priestore. Jeho miniat\u00farna ve\u013ekos\u0165 umo\u017e\u0148uje jednoduch\u00fa in\u0161tal\u00e1ciu a integr\u00e1ciu do existuj\u00facich syst\u00e9mov odh\u0155\u0148ania snehu. Napriek svojej malej ve\u013ekosti poskytuje v\u00fdnimo\u010dn\u00fd v\u00fdkon a \u00fa\u010dinnos\u0165, v\u010faka \u010domu je ide\u00e1lnou vo\u013ebou pre odh\u0155\u0148anie snehu.<\/p>\n<p><img decoding=\"async\" title=\"Hydraulick\u00fd valec snehov\u00e9ho pluhu\" src=\"https:\/\/hzpt.com\/wp-content\/uploads\/2023\/11\/Snow-Plow-Hydraulic-Cylinder-3.webp\" alt=\"Hydraulick\u00fd valec snehov\u00e9ho pluhu\" \/><\/p>\n<p>Tento hydraulick\u00fd valec je vyroben\u00fd z vysoko kvalitn\u00fdch materi\u00e1lov a je skon\u0161truovan\u00fd tak, aby odolal extr\u00e9mnym teplot\u00e1m a n\u00e1ro\u010dn\u00e9mu pou\u017e\u00edvaniu. Je navrhnut\u00fd tak, aby poskytoval maxim\u00e1lnu odolnos\u0165 a dlh\u00fa \u017eivotnos\u0165, \u010d\u00edm zabezpe\u010duje spo\u013eahliv\u00fd v\u00fdkon sez\u00f3nu \u010do sez\u00f3nu. V\u010faka svojej robustnej kon\u0161trukcii si \u013eahko porad\u00ed s n\u00e1ro\u010dn\u00fdmi \u00falohami spojen\u00fdmi s odh\u0155\u0148an\u00edm snehu, ako je tla\u010denie a zdv\u00edhanie \u0165a\u017ek\u00fdch n\u00e1kladov snehu.<\/p>\n<p>Mo\u017enosti prisp\u00f4sobenia, ktor\u00e9 s\u00fa k dispoz\u00edcii pri tomto hydraulickom valci, z neho robia v\u0161estrann\u00fa vo\u013ebu pre r\u00f4zne zostavy sne\u017en\u00fdch pluhov. D\u00e1 sa prisp\u00f4sobi\u0165 \u0161pecifick\u00fdm po\u017eiadavk\u00e1m vr\u00e1tane d\u013a\u017eky zdvihu, mo\u017enost\u00ed mont\u00e1\u017ee a menovit\u00e9ho tlaku. T\u00e1to flexibilita zabezpe\u010duje, \u017ee sa d\u00e1 bezprobl\u00e9movo integrova\u0165 s r\u00f4znymi syst\u00e9mami sne\u017en\u00fdch pluhov, \u010d\u00edm sa zvy\u0161uje ich \u00fa\u010dinnos\u0165 a efekt\u00edvnos\u0165.<\/p>\n<p>Okrem p\u00f4sobivej funk\u010dnosti sa tento hydraulick\u00fd valec m\u00f4\u017ee pochv\u00e1li\u0165 aj pokro\u010dil\u00fdmi bezpe\u010dnostn\u00fdmi prvkami. Je navrhnut\u00fd so zabudovan\u00fdmi mechanizmami, ktor\u00e9 zabra\u0148uj\u00fa pre\u0165a\u017eeniu a zabezpe\u010duj\u00fa plynul\u00e9 a kontrolovan\u00e9 pohyby. Tieto bezpe\u010dnostn\u00e9 prvky nielen chr\u00e1nia zariadenie, ale zais\u0165uj\u00fa aj bezpe\u010dnos\u0165 obsluhy po\u010das odh\u0155\u0148ania snehu.<\/p>\n<p>Celkovo je vysoko kvalitn\u00fd mini hydraulick\u00fd valec na mieru pre snehov\u00fd pluh spo\u013eahliv\u00fdm a vysoko v\u00fdkonn\u00fdm produktom, ktor\u00fd je nevyhnutn\u00fd pre efekt\u00edvne odstra\u0148ovanie snehu. V\u010faka kompaktn\u00e9mu dizajnu, odolnosti, mo\u017enostiam prisp\u00f4sobenia a pokro\u010dil\u00fdm bezpe\u010dnostn\u00fdm prvkom je perfektnou vo\u013ebou pre ak\u00e9ko\u013evek pou\u017eitie snehov\u00e9ho pluhu. Vysk\u00fa\u0161ajte silu a spo\u013eahlivos\u0165 tohto hydraulick\u00e9ho valca a u\u013eah\u010dite a zefekt\u00edvnite svoje \u00falohy odstra\u0148ovania snehu. Objavte silu a \u00fa\u010dinnos\u0165 n\u00e1\u0161ho vysoko kvalitn\u00e9ho mini hydraulick\u00e9ho valca na mieru pre snehov\u00fd pluh. N\u00e1\u0161 produkt je d\u00f4kazom najmodernej\u0161ej technol\u00f3gie a pr\u00edsnej kontroly kvality, ktorou sme zn\u00e1mi. V spolo\u010dnosti FMP Transmission sa zav\u00e4zujeme poskytova\u0165 vynikaj\u00facu kvalitu za konkurencieschopn\u00e9 ceny. Ch\u00e1peme d\u00f4le\u017eitos\u0165 odolnosti a v\u00fdkonu, najm\u00e4 v n\u00e1ro\u010dn\u00fdch aplik\u00e1ci\u00e1ch, ako je odstra\u0148ovanie snehu. Preto n\u00e1\u0161 hydraulick\u00fd valec vynik\u00e1 na trhu.<\/p>\n<h2>Vlastnosti produktu<\/h2>\n<p>N\u00e1\u0161 mini hydraulick\u00fd valec na mieru pre snehov\u00fd pluh nie je len tak hocijak\u00fd hydraulick\u00fd valec. Bol \u0161peci\u00e1lne navrhnut\u00fd pre robustnos\u0165, spo\u013eahlivos\u0165 a \u00fa\u010dinnos\u0165. Tu s\u00fa niektor\u00e9 z jeho vynikaj\u00facich vlastnost\u00ed:<\/p>\n<ul>\n<li><b>Stav:<\/b> Garantovane nov\u00e9 s 1-ro\u010dnou z\u00e1rukou<\/li>\n<li><b>Pou\u017eite\u013en\u00e9 odvetvia:<\/b> Ide\u00e1lne pre opravovne strojov, farmy, energetiku a ban\u00edctvo, v\u00fdrobu strojov, stroj\u00e1rne<\/li>\n<li><b>Z\u00e1kladn\u00e9 komponenty:<\/b> Lo\u017eisko, hydraulick\u00fd valec<\/li>\n<li><b>Sila a \u0161trukt\u00fara:<\/b> Funguje na hydraulick\u00fd pohon s robustnou kon\u0161trukciou piestov\u00e9ho valca<\/li>\n<li><b>Materi\u00e1l tela:<\/b> Vyroben\u00e9 z vysoko kvalitnej ocele<\/li>\n<li><b>Maxim\u00e1lny \u0165ah a \u0165ah:<\/b> Pon\u00faka maxim\u00e1lny \u0165ah 3000 a maxim\u00e1lny \u0165ah 20 ton<\/li>\n<\/ul>\n<h2>\u00dadr\u017eba a starostlivos\u0165<\/h2>\n<p>\u00dadr\u017eba hydraulick\u00e9ho valca je k\u013e\u00fa\u010dov\u00e1 pre zabezpe\u010denie jeho dlhej \u017eivotnosti. Pravideln\u00e9 kontroly tesnosti, v\u010dasn\u00e1 v\u00fdmena oleja a zabezpe\u010denie hydraulick\u00e9ho syst\u00e9mu bez ne\u010dist\u00f4t m\u00f4\u017eu v\u00fdrazne pred\u013a\u017ei\u0165 \u017eivotnos\u0165 v\u00e1\u0161ho produktu.<\/p>\n<h2>V\u00fdhody nastavite\u013en\u00fdch valcov s vidlicov\u00fdm uchyten\u00edm<\/h2>\n<ul>\n<li style=\"list-style-type: none;\">\n<ul>\n<li>Zv\u00fd\u0161en\u00e1 v\u0161estrannos\u0165<\/li>\n<\/ul>\n<\/li>\n<\/ul>\n<p>Nastavite\u013en\u00fd hydraulick\u00fd valec s vidlicov\u00fdm uchyten\u00edm je v\u0161estrann\u00fd hydraulick\u00fd valec, ktor\u00fd je mo\u017en\u00e9 nastavi\u0165 tak, aby vyhovoval \u0161irokej \u0161k\u00e1le aplik\u00e1ci\u00ed. Je navrhnut\u00fd s vidlicov\u00fdm uchyten\u00edm, ktor\u00e9 je mo\u017en\u00e9 nastavi\u0165 tak, aby vyhovovalo r\u00f4znym mont\u00e1\u017enym bodom. V\u010faka tomu je ide\u00e1lny na pou\u017eitie v mnoh\u00fdch r\u00f4znych typoch strojov vr\u00e1tane snehov\u00fdch pluhov.<\/p>\n<ul>\n<li style=\"list-style-type: none;\">\n<ul>\n<li>Zv\u00fd\u0161en\u00e1 \u00fa\u010dinnos\u0165<\/li>\n<\/ul>\n<\/li>\n<\/ul>\n<p>Vysokokvalitn\u00fd mini hydraulick\u00fd valec na mieru pre snehov\u00fd pluh je navrhnut\u00fd tak, aby zv\u00fd\u0161il \u00fa\u010dinnos\u0165. Je vyroben\u00fd z vysoko kvalitn\u00fdch materi\u00e1lov a je navrhnut\u00fd tak, aby odolal extr\u00e9mnym teplot\u00e1m a drsn\u00fdm podmienkam. To znamen\u00e1, \u017ee dok\u00e1\u017ee efekt\u00edvne pracova\u0165 v najn\u00e1ro\u010dnej\u0161\u00edch prostrediach, v\u010faka \u010domu je ide\u00e1lnou vo\u013ebou pre pou\u017eitie v snehov\u00fdch pluhoch.<\/p>\n<ul>\n<li style=\"list-style-type: none;\">\n<ul>\n<li>Zv\u00fd\u0161en\u00e1 odolnos\u0165<\/li>\n<\/ul>\n<\/li>\n<\/ul>\n<p>Vysokokvalitn\u00fd mini hydraulick\u00fd valec na mieru pre snehov\u00fd pluh je vyroben\u00fd z vysoko kvalitn\u00fdch materi\u00e1lov, ktor\u00e9 s\u00fa navrhnut\u00e9 tak, aby vydr\u017eali. Je skon\u0161truovan\u00fd tak, aby odolal drsn\u00fdm podmienkam a extr\u00e9mnym teplot\u00e1m, \u010do zabezpe\u010duje jeho efekt\u00edvnu pr\u00e1cu v najn\u00e1ro\u010dnej\u0161\u00edch prostrediach. V\u010faka tomu je ide\u00e1lnou vo\u013ebou pre pou\u017eitie v snehov\u00fdch pluhoch, kde bude vystaven\u00fd snehu, \u013eadu a in\u00fdm drsn\u00fdm podmienkam.<\/p>\n<ul>\n<li style=\"list-style-type: none;\">\n<ul>\n<li>Zn\u00ed\u017een\u00e9 n\u00e1klady na \u00fadr\u017ebu<\/li>\n<\/ul>\n<\/li>\n<\/ul>\n<p>Vysokokvalitn\u00fd mini hydraulick\u00fd valec na mieru pre snehov\u00fd pluh je navrhnut\u00fd tak, aby vy\u017eadoval n\u00edzku \u00fadr\u017ebu, \u010do m\u00f4\u017ee pom\u00f4c\u0165 zn\u00ed\u017ei\u0165 n\u00e1klady na \u00fadr\u017ebu. Je vyroben\u00fd z vysoko kvalitn\u00fdch materi\u00e1lov, ktor\u00e9 s\u00fa navrhnut\u00e9 tak, aby vydr\u017eali, \u010do znamen\u00e1, \u017ee bude vy\u017eadova\u0165 menej \u010dast\u00e9 opravy a v\u00fdmeny. To m\u00f4\u017ee pom\u00f4c\u0165 zn\u00ed\u017ei\u0165 celkov\u00e9 n\u00e1klady na \u00fadr\u017ebu snehov\u00fdch pluhov a in\u00fdch strojov.<\/p>\n<ul>\n<li style=\"list-style-type: none;\">\n<ul>\n<li>Vylep\u0161en\u00fd v\u00fdkon<\/li>\n<\/ul>\n<\/li>\n<\/ul>\n<p>Vysokokvalitn\u00fd mini hydraulick\u00fd valec na mieru pre snehov\u00fd pluh je navrhnut\u00fd tak, aby zlep\u0161il v\u00fdkon. Je vyroben\u00fd z vysoko kvalitn\u00fdch materi\u00e1lov a je navrhnut\u00fd tak, aby efekt\u00edvne pracoval v najn\u00e1ro\u010dnej\u0161\u00edch prostrediach. To znamen\u00e1, \u017ee m\u00f4\u017ee pom\u00f4c\u0165 zlep\u0161i\u0165 v\u00fdkon snehov\u00fdch pluhov, \u010d\u00edm sa zefekt\u00edvnia pri odstra\u0148ovan\u00ed snehu a \u013eadu z ciest a in\u00fdch povrchov.<\/p>\n<p>Z\u00e1verom mo\u017eno poveda\u0165, \u017ee vysoko kvalitn\u00fd mini hydraulick\u00fd valec na mieru pre snehov\u00e9 pluhy je ide\u00e1lnou vo\u013ebou pre pou\u017eitie v snehov\u00fdch pluhoch. Je navrhnut\u00fd s nastavite\u013en\u00fdm vidlicov\u00fdm koncom, ktor\u00fd je mo\u017en\u00e9 nastavi\u0165 tak, aby vyhovoval r\u00f4znym mont\u00e1\u017enym bodom, v\u010faka \u010domu je v\u0161estrann\u00fdm hydraulick\u00fdm valcom, ktor\u00fd mo\u017eno pou\u017ei\u0165 v mnoh\u00fdch r\u00f4znych typoch strojov. Je tie\u017e vyroben\u00fd z vysoko kvalitn\u00fdch materi\u00e1lov, ktor\u00e9 s\u00fa navrhnut\u00e9 tak, aby odolali drsn\u00fdm podmienkam a extr\u00e9mnym teplot\u00e1m, v\u010faka \u010domu je odoln\u00fd a nen\u00e1ro\u010dn\u00fd na \u00fadr\u017ebu. Okrem toho je navrhnut\u00fd tak, aby zlep\u0161il v\u00fdkon, v\u010faka \u010domu je \u00fa\u010dinn\u00fdm n\u00e1strojom na odstra\u0148ovanie snehu a \u013eadu z ciest a in\u00fdch povrchov.<\/p>\n<h3>O hydraulickom valci FMP<\/h3>\n<p>FMP je renomovan\u00e1 spolo\u010dnos\u0165 so s\u00eddlom v Taliansku, ktor\u00e1 sa \u0161pecializuje na dod\u00e1vky vysokokvalitn\u00fdch dielov a kompletn\u00fdch strojov pre stavebn\u00e9 stroje. Z\u00e1kazn\u00edkom poskytujeme \u0161irok\u00fd sortiment stavebn\u00fdch strojov vr\u00e1tane prevodoviek pre po\u013enohospod\u00e1rske stroje, plan\u00e9tov\u00fdch prevodoviek, priemyseln\u00fdch prevodoviek a radu \u0161pi\u010dkov\u00e9ho pr\u00edslu\u0161enstva, ktor\u00e9 k nim zodpoved\u00e1. N\u00e1\u0161 hydraulick\u00fd valec je jedn\u00fdm z na\u0161ich najlep\u0161\u00edch produktov, ktor\u00fd hrdo odpor\u00fa\u010dame na\u0161im z\u00e1kazn\u00edkom. Tu je nieko\u013eko d\u00f4vodov, pre\u010do:<\/p>\n<ol>\n<li><strong>Vysokokvalitn\u00fd materi\u00e1l:<\/strong> Na\u0161e hydraulick\u00e9 valce s\u00fa vyroben\u00e9 z vysoko kvalitn\u00fdch materi\u00e1lov, ktor\u00e9 s\u00fa odoln\u00e9 a odol\u00e1vaj\u00fa n\u00e1ro\u010dn\u00fdm pracovn\u00fdm podmienkam. To zaru\u010duje ich dlh\u0161iu \u017eivotnos\u0165 a ni\u017e\u0161ie n\u00e1klady na \u00fadr\u017ebu.<\/li>\n<li><strong>Prisp\u00f4sobite\u013en\u00e9:<\/strong> Pon\u00fakame \u0161irok\u00fd sortiment hydraulick\u00fdch valcov vr\u00e1tane nastavite\u013en\u00fdch valcov s vidlicov\u00fdm uchyten\u00edm, valcov s \u0165ahadlou, zv\u00e1ran\u00fdch valcov a mnoh\u00fdch \u010fal\u0161\u00edch. M\u00f4\u017eete si vybra\u0165 typ, ktor\u00fd najlep\u0161ie vyhovuje va\u0161im potreb\u00e1m, a my v\u00e1m vieme tie\u017e prisp\u00f4sobi\u0165 dizajn pod\u013ea va\u0161ich po\u017eiadaviek.<\/li>\n<li><strong>Profesion\u00e1lny t\u00edm:<\/strong> N\u00e1\u0161 t\u00edm profesion\u00e1lov m\u00e1 dlhoro\u010dn\u00e9 sk\u00fasenosti v odvetv\u00ed stavebn\u00fdch strojov. Poskytn\u00fa v\u00e1m odborn\u00e9 poradenstvo oh\u013eadom produktov a inteligentn\u00e9 n\u00e1vrhy na n\u00e1kup, ktor\u00e9 v\u00e1m pom\u00f4\u017eu robi\u0165 informovan\u00e9 rozhodnutia.<\/li>\n<li><strong>Pr\u00edsne \u0161tandardy kvality:<\/strong> Budujeme dlhodob\u00e9 a stabiln\u00e9 partnersk\u00e9 vz\u0165ahy s mnoh\u00fdmi kvalitn\u00fdmi dod\u00e1vate\u013emi doma aj v zahrani\u010d\u00ed, \u010d\u00edm zabezpe\u010dujeme, aby v\u0161etky dod\u00e1van\u00e9 diely sp\u013a\u0148ali pr\u00edsne \u0161tandardy kvality.<\/li>\n<li><strong>Efekt\u00edvna logistick\u00e1 distrib\u00facia:<\/strong> M\u00e1me efekt\u00edvny logistick\u00fd distribu\u010dn\u00fd syst\u00e9m, ktor\u00fd zabezpe\u010duje, aby z\u00e1kazn\u00edci dostali po\u017eadovan\u00e9 diely v\u010das a presne. To pom\u00e1ha minimalizova\u0165 prestoje a zvy\u0161ova\u0165 celkov\u00fa produktivitu.<\/li>\n<\/ol>\n<p>S hydraulick\u00fdm valcom FMP m\u00f4\u017eete o\u010dak\u00e1va\u0165 spo\u013eahliv\u00fd a odoln\u00fd v\u00fdkon, ktor\u00fd odol\u00e1 n\u00e1ro\u010dn\u00fdm pracovn\u00fdm podmienkam. Na\u0161e produkty s\u00fa vyroben\u00e9 z vysoko kvalitn\u00fdch materi\u00e1lov a s\u00fa prisp\u00f4sobite\u013en\u00e9 va\u0161im \u0161pecifick\u00fdm po\u017eiadavk\u00e1m. M\u00e1me t\u00edm profesion\u00e1lov, ktor\u00ed v\u00e1m poskytn\u00fa odborn\u00e9 poradenstvo a pr\u00edsny proces kontroly kvality, aby ste dostali len tie najlep\u0161ie produkty. V\u010faka n\u00e1\u0161mu efekt\u00edvnemu logistick\u00e9mu distribu\u010dn\u00e9mu syst\u00e9mu si m\u00f4\u017eete by\u0165 ist\u00ed, \u017ee svoje diely dostanete v\u010das a minimalizujete prestoje. Kontaktujte n\u00e1s teraz a zistite, ako v\u00e1m m\u00f4\u017eeme pom\u00f4c\u0165 zlep\u0161i\u0165 v\u00fdkon va\u0161ich stavebn\u00fdch strojov!<\/p>\n<p><img decoding=\"async\" src=\"https:\/\/fmp-components.com\/wp-content\/uploads\/2024\/12\/Adjustable-Clevis-Type-Cylinders-6.webp\" alt=\"Nastavite\u013en\u00fd valec typu Clevis\" width=\"838\" title=\"\"><\/p>\n<h2>\u010casto kladen\u00e9 ot\u00e1zky<\/h2>\n<dl>\n<dt><b>Ot\u00e1zka: Ste obchodn\u00e1 spolo\u010dnos\u0165 alebo v\u00fdrobca?<\/b><\/dt>\n<dd>A: Sme v\u00fdrobca.<\/dd>\n<dt><b>Ot\u00e1zka: Ak\u00e1 je va\u0161a dodacia lehota?<\/b><\/dt>\n<dd>A: Vo v\u0161eobecnosti je to 25-35 dn\u00ed.<\/dd>\n<dt><b>Ot\u00e1zka: Poskytujete vzorky? Je to zadarmo alebo navy\u0161e?<\/b><\/dt>\n<dd>A: \u00c1no, mohli by sme pon\u00faknu\u0165 vzorku, ale nie je zadarmo.<\/dd>\n<\/dl>\n<p>Autor: CX<\/p>","protected":false},"excerpt":{"rendered":"<p>High Quality Mini Customized Hydraulic Cylinder for Snow Plow Introducing the High Quality Mini Customized Hydraulic Cylinder for Snow Plow: The High Quality Mini Customized Hydraulic Cylinder for Snow Plow is a top-notch product designed to meet the specific needs of snow plowing. This hydraulic cylinder is engineered with precision and expertise to ensure optimal [&hellip;]<\/p>","protected":false},"featured_media":1521,"comment_status":"closed","ping_status":"closed","template":"","meta":{"_et_pb_use_builder":"","_et_pb_old_content":"","_et_gb_content_width":""},"product_brand":[],"product_cat":[42],"product_tag":[34,44],"class_list":{"0":"post-1520","1":"product","2":"type-product","3":"status-publish","4":"has-post-thumbnail","6":"product_cat-snow-plow-hydraulic-cylinder","7":"product_tag-hydraulic-cylinder","8":"product_tag-snow-plow-hydraulic-cylinder","10":"first","11":"instock","12":"product-type-simple"},"_links":{"self":[{"href":"https:\/\/fmp-components.com\/sk\/wp-json\/wp\/v2\/product\/1520","targetHints":{"allow":["GET"]}}],"collection":[{"href":"https:\/\/fmp-components.com\/sk\/wp-json\/wp\/v2\/product"}],"about":[{"href":"https:\/\/fmp-components.com\/sk\/wp-json\/wp\/v2\/types\/product"}],"replies":[{"embeddable":true,"href":"https:\/\/fmp-components.com\/sk\/wp-json\/wp\/v2\/comments?post=1520"}],"wp:featuredmedia":[{"embeddable":true,"href":"https:\/\/fmp-components.com\/sk\/wp-json\/wp\/v2\/media\/1521"}],"wp:attachment":[{"href":"https:\/\/fmp-components.com\/sk\/wp-json\/wp\/v2\/media?parent=1520"}],"wp:term":[{"taxonomy":"product_brand","embeddable":true,"href":"https:\/\/fmp-components.com\/sk\/wp-json\/wp\/v2\/product_brand?post=1520"},{"taxonomy":"product_cat","embeddable":true,"href":"https:\/\/fmp-components.com\/sk\/wp-json\/wp\/v2\/product_cat?post=1520"},{"taxonomy":"product_tag","embeddable":true,"href":"https:\/\/fmp-components.com\/sk\/wp-json\/wp\/v2\/product_tag?post=1520"}],"curies":[{"name":"pracovn\u00fd list","href":"https:\/\/api.w.org\/{rel}","templated":true}]}}