{"id":1518,"date":"2024-12-23T05:50:37","date_gmt":"2024-12-23T05:50:37","guid":{"rendered":"https:\/\/fmp-components.com\/product\/small-2-ton-hydraulic-piston-cylinder-hydraulic-cylinder-for-snow-plow\/"},"modified":"2025-05-10T13:02:44","modified_gmt":"2025-05-10T13:02:44","slug":"small-2-ton-hydraulic-piston-cylinder-hydraulic-cylinder-for-snow-plow","status":"publish","type":"product","link":"https:\/\/fmp-components.com\/sk\/product\/small-2-ton-hydraulic-piston-cylinder-hydraulic-cylinder-for-snow-plow\/","title":{"rendered":"Mal\u00fd 2-tonov\u00fd hydraulick\u00fd piestov\u00fd valec Hydraulick\u00fd valec pre snehov\u00fd pluh"},"content":{"rendered":"<h2>Mal\u00fd 2-tonov\u00fd hydraulick\u00fd piestov\u00fd valec Hydraulick\u00fd valec pre snehov\u00fd pluh<\/h2>\n<p>N\u00e1\u0161 mal\u00fd 2-tonov\u00fd hydraulick\u00fd piestov\u00fd valec pre snehov\u00fd pluh je inovat\u00edvny a spo\u013eahliv\u00fd hydraulick\u00fd valec navrhnut\u00fd so \u0161tandardnou kon\u0161trukciou piestov\u00e9ho valca a hydraulick\u00fdm v\u00fdkonom. Je ide\u00e1lnym doplnkom pre opravovne strojov, farmy, energetick\u00fd a bansk\u00fd priemysel, v\u00fdrobu strojov a tov\u00e1rne. V\u010faka pevn\u00e9mu oce\u013eov\u00e9mu telu je skon\u0161truovan\u00fd tak, aby odolal n\u00e1ro\u010dn\u00fdm pracovn\u00fdm podmienkam a poskytoval maxim\u00e1lny \u0165ah a \u0165ah pre efekt\u00edvny v\u00fdkon.<\/p>\n<h3>Vlastnosti produktu<\/h3>\n<ul>\n<li>\u013dahk\u00fd: V\u00e1\u017ei iba 10 kg<\/li>\n<li>1-ro\u010dn\u00e1 z\u00e1ruka<\/li>\n<li>Certifik\u00e1cia ISO9001:2000 pre zabezpe\u010denie kvality<\/li>\n<li>Medzi hlavn\u00e9 komponenty patr\u00ed lo\u017eisko a hydraulick\u00fd valec<\/li>\n<li>Dostupn\u00e9 v \u010diernej farbe<\/li>\n<li>Prisp\u00f4sobite\u013en\u00e9 s portami G\/SAE\/NPT\/M<\/li>\n<\/ul>\n<p><img decoding=\"async\" title=\"Hydraulick\u00fd valec snehov\u00e9ho pluhu\" src=\"https:\/\/hzpt.com\/wp-content\/uploads\/2023\/11\/Snow-Plow-Hydraulic-Cylinder-2.webp\" alt=\"Hydraulick\u00fd valec snehov\u00e9ho pluhu\" \/><\/p>\n<h3>Rozmery<\/h3>\n<ul>\n<li>Ve\u013ekos\u0165 otvoru: 2-6 palcov<\/li>\n<li>Ve\u013ekos\u0165 ty\u010de: 1,125-4 palce<\/li>\n<li>Ve\u013ekos\u0165 zdvihu: 4-100 palcov<\/li>\n<li>Ve\u013ekos\u0165 \u010dapu: 0,5-2 palce<\/li>\n<\/ul>\n<h3>V\u00fdkon a v\u00fdkon<\/h3>\n<p>N\u00e1\u0161 hydraulick\u00fd valec na odh\u0155\u0148anie snehu je navrhnut\u00fd tak, aby s \u013eahkos\u0165ou zvl\u00e1dal n\u00e1ro\u010dn\u00e9 \u00falohy, s maxim\u00e1lnym \u0165ahom 3000 a maxim\u00e1lnym \u0165ahom 20 ton. Je ide\u00e1lny pre opravovne strojov, farmy, energetick\u00fd a \u0165a\u017eobn\u00fd priemysel, v\u00fdrobu strojov a tov\u00e1rne.<\/p>\n<h2>V\u00fdhody nastavite\u013en\u00fdch valcov s vidlicov\u00fdm uchyten\u00edm<\/h2>\n<p>Nastavite\u013en\u00e9 valce s vidlicov\u00fdm uz\u00e1verom, ako napr\u00edklad mal\u00fd 2-tonov\u00fd hydraulick\u00fd piestov\u00fd hydraulick\u00fd valec pre snehov\u00fd pluh, pon\u00fakaj\u00fa mno\u017estvo v\u00fdhod pre r\u00f4zne aplik\u00e1cie. V tomto \u010dl\u00e1nku podrobne presk\u00famame v\u00fdhody t\u00fdchto valcov.<\/p>\n<h3>1. Zv\u00fd\u0161en\u00e1 flexibilita<\/h3>\n<p>Jednou z k\u013e\u00fa\u010dov\u00fdch v\u00fdhod nastavite\u013en\u00fdch valcov s vidlicov\u00fdm uchyten\u00edm je ich zv\u00fd\u0161en\u00e1 flexibilita. Tieto valce umo\u017e\u0148uj\u00fa jednoduch\u00e9 nastavenie a prisp\u00f4sobenie, \u010do im umo\u017e\u0148uje prisp\u00f4sobi\u0165 sa r\u00f4znym po\u017eiadavk\u00e1m a \u0161pecifik\u00e1ci\u00e1m. Mo\u017enos\u0165 nastavenia vidlicov\u00e9ho uchytenia poskytuje dodato\u010dn\u00fa flexibilitu pri prip\u00e1jan\u00ed valca k r\u00f4znym spojom, \u010do umo\u017e\u0148uje presn\u00e9 ovl\u00e1danie a optim\u00e1lny v\u00fdkon.<\/p>\n<h3>2. Zv\u00fd\u0161en\u00e1 efektivita<\/h3>\n<p>Nastavite\u013en\u00e9 valce s vidlicov\u00fdm uchyten\u00edm s\u00fa navrhnut\u00e9 tak, aby zlep\u0161ili \u00fa\u010dinnos\u0165 hydraulick\u00fdch syst\u00e9mov. V\u010faka presn\u00e9mu nastaveniu tieto valce zabezpe\u010duj\u00fa, \u017ee sila sa aplikuje najefekt\u00edvnej\u0161\u00edm sp\u00f4sobom, \u010d\u00edm sa minimalizuj\u00fa straty energie a maximalizuje v\u00fdkon. Mo\u017enos\u0165 jemn\u00e9ho doladenia polohy vidlicov\u00e9ho uchytenia zais\u0165uje, \u017ee valec pracuje s optim\u00e1lnou \u00fa\u010dinnos\u0165ou, \u010do vedie k zlep\u0161eniu celkov\u00e9ho v\u00fdkonu.<\/p>\n<h3>3. Zv\u00fd\u0161en\u00e1 odolnos\u0165<\/h3>\n<p>\u010eal\u0161ou v\u00fdhodou nastavite\u013en\u00fdch valcov s vidlicov\u00fdm uchyten\u00edm je ich zv\u00fd\u0161en\u00e1 odolnos\u0165. Tieto valce s\u00fa vyroben\u00e9 tak, aby odolali n\u00e1ro\u010dn\u00fdm aplik\u00e1ci\u00e1m a drsn\u00fdm prev\u00e1dzkov\u00fdm podmienkam. Pou\u017eitie vysokokvalitn\u00fdch materi\u00e1lov a pokro\u010dil\u00fdch v\u00fdrobn\u00fdch techn\u00edk zabezpe\u010duje, \u017ee tieto valce odol\u00e1vaj\u00fa vysok\u00e9mu tlaku, extr\u00e9mnym teplot\u00e1m a koroz\u00edvnemu prostrediu. T\u00e1to odolnos\u0165 sa premieta do dlh\u0161ej \u017eivotnosti a zn\u00ed\u017een\u00fdch n\u00e1kladov na \u00fadr\u017ebu.<\/p>\n<h3>4. Presn\u00e9 ovl\u00e1danie<\/h3>\n<p>Nastavite\u013en\u00e9 valce s vidlicov\u00fdm uchyten\u00edm poskytuj\u00fa presn\u00fa kontrolu nad pohybom a polohovan\u00edm prepojen\u00e9ho mechanizmu. Mo\u017enos\u0165 nastavenia polohy vidlicov\u00e9ho uchytenia umo\u017e\u0148uje jemn\u00e9 doladenie d\u013a\u017eky zdvihu a sily vyv\u00edjanej valcom. T\u00e1to presn\u00e1 kontrola je k\u013e\u00fa\u010dov\u00e1 v aplik\u00e1ci\u00e1ch, ktor\u00e9 vy\u017eaduj\u00fa presn\u00e9 polohovanie, ako napr\u00edklad v snehov\u00fdch pluhoch. Pou\u017eit\u00edm mal\u00e9ho 2-tonov\u00e9ho hydraulick\u00e9ho piestov\u00e9ho hydraulick\u00e9ho valca pre snehov\u00fd pluh m\u00f4\u017eu ma\u0165 oper\u00e1tori presn\u00fa kontrolu nad pohybmi pluhu, \u010d\u00edm sa zabezpe\u010d\u00ed efekt\u00edvne a \u00fa\u010dinn\u00e9 odstra\u0148ovanie snehu.<\/p>\n<h3>5. V\u0161estrannos\u0165<\/h3>\n<p>Nastavite\u013en\u00e9 valce s vidlicov\u00fdm z\u00e1vesom pon\u00fakaj\u00fa v\u0161estrann\u00e9 pou\u017eitie. Tieto valce sa daj\u00fa pou\u017ei\u0165 v \u0161irokej \u0161k\u00e1le odvetv\u00ed a aplik\u00e1ci\u00ed vr\u00e1tane po\u013enohospod\u00e1rstva, stavebn\u00edctva, manipul\u00e1cie s materi\u00e1lom a \u010fal\u0161\u00edch. Ich nastavite\u013en\u00e1 kon\u0161trukcia umo\u017e\u0148uje jednoduch\u00fa integr\u00e1ciu do r\u00f4znych syst\u00e9mov a prepojen\u00ed, v\u010faka \u010domu s\u00fa v\u0161estrannou vo\u013ebou pre r\u00f4zne hydraulick\u00e9 zostavy.<\/p>\n<p>Z\u00e1verom mo\u017eno poveda\u0165, \u017ee nastavite\u013en\u00e9 valce s vidlicov\u00fdm z\u00e1vitom, ako napr\u00edklad mal\u00fd 2-tonov\u00fd hydraulick\u00fd piestov\u00fd hydraulick\u00fd valec pre snehov\u00fd pluh, pon\u00fakaj\u00fa nieko\u013eko v\u00fdhod. Ich zv\u00fd\u0161en\u00e1 flexibilita, vylep\u0161en\u00e1 \u00fa\u010dinnos\u0165, zv\u00fd\u0161en\u00e1 odolnos\u0165, presn\u00e9 ovl\u00e1danie a v\u0161estrannos\u0165 z nich robia cenn\u00fa s\u00fa\u010das\u0165 hydraulick\u00fdch syst\u00e9mov. \u010ci u\u017e ide o snehov\u00e9 pluhy alebo in\u00e9 aplik\u00e1cie, tieto valce poskytuj\u00fa potrebn\u00fd v\u00fdkon a spo\u013eahlivos\u0165.<\/p>\n<h3>O FMP<\/h3>\n<p>FMP je popredn\u00e1 spolo\u010dnos\u0165 \u0161pecializuj\u00faca sa na v\u00fdrobu a predaj hydraulick\u00fdch valcov. V\u010faka na\u0161im dlhoro\u010dn\u00fdm sk\u00fasenostiam v tomto odvetv\u00ed a profesion\u00e1lnemu t\u00edmu sa venujeme poskytovaniu vysoko kvalitn\u00fdch a spo\u013eahliv\u00fdch hydraulick\u00fdch valcov a kompletn\u00fdch strojn\u00fdch rie\u0161en\u00ed z\u00e1kazn\u00edkom.<\/p>\n<p><img decoding=\"async\" class=\"aligncenter\" src=\"https:\/\/fmp-components.com\/wp-content\/uploads\/2024\/12\/Adjustable-Clevis-Type-Cylinders-6.webp\" alt=\"Nastavite\u013en\u00fd valec typu Clevis\" width=\"837\" title=\"\"><\/p>\n<p>Tu je p\u00e4\u0165 k\u013e\u00fa\u010dov\u00fdch v\u00fdhod na\u0161ich produktov a spolo\u010dnosti:<\/p>\n<ol>\n<li>\u0160irok\u00e1 \u0161k\u00e1la mo\u017enost\u00ed: Pon\u00fakame komplexn\u00fd sortiment hydraulick\u00fdch valcov vhodn\u00fdch pre r\u00f4zne aplik\u00e1cie v odvetv\u00ed stavebn\u00fdch strojov. Od nastavite\u013en\u00fdch valcov s vidlicov\u00fdm uchyten\u00edm a\u017e po in\u00e9 \u0161pecializovan\u00e9 typy, m\u00e1me perfektn\u00e9 rie\u0161enie, ktor\u00e9 spln\u00ed va\u0161e \u0161pecifick\u00e9 po\u017eiadavky.<\/li>\n<li>Vynikaj\u00faca kvalita: V spolo\u010dnosti FMP kladieme d\u00f4raz na kvalitu a zabezpe\u010dujeme, aby v\u0161etky na\u0161e hydraulick\u00e9 valce sp\u013a\u0148ali pr\u00edsne normy kvality. Na\u0161e produkty s\u00fa vyroben\u00e9 z prvotriednych materi\u00e1lov a prech\u00e1dzaj\u00fa pr\u00edsnymi testami, aby sa zaru\u010dila ich odolnos\u0165 a v\u00fdkon.<\/li>\n<li>Odborn\u00fd obchodn\u00fd t\u00edm: N\u00e1\u0161 sk\u00fasen\u00fd obchodn\u00fd t\u00edm m\u00e1 hlbok\u00e9 znalosti o odvetv\u00ed stavebn\u00fdch strojov, dr\u017e\u00ed krok s najnov\u0161\u00edmi trendmi a rozumie potreb\u00e1m z\u00e1kazn\u00edkov. Je pripraven\u00fd poskytn\u00fa\u0165 profesion\u00e1lne poradenstvo oh\u013eadom produktov a pon\u00faknu\u0165 inteligentn\u00e9 n\u00e1vrhy na n\u00e1kup, ktor\u00e9 v\u00e1m pom\u00f4\u017eu robi\u0165 informovan\u00e9 rozhodnutia.<\/li>\n<li>Efekt\u00edvna logistika: Ch\u00e1peme d\u00f4le\u017eitos\u0165 v\u010dasn\u00e9ho dodania, a preto sme zaviedli efekt\u00edvny logistick\u00fd distribu\u010dn\u00fd syst\u00e9m. To zabezpe\u010duje, \u017ee z\u00e1kazn\u00edci dostan\u00fa po\u017eadovan\u00e9 hydraulick\u00e9 valce r\u00fdchlo a presne, \u010d\u00edm sa minimalizuj\u00fa ak\u00e9ko\u013evek potenci\u00e1lne oneskorenia alebo preru\u0161enia.<\/li>\n<li>Siln\u00e9 vz\u0165ahy s dod\u00e1vate\u013emi: V\u010faka dlhodob\u00fdm a stabiln\u00fdm vz\u0165ahom s vysokokvalitn\u00fdmi dod\u00e1vate\u013emi, a to ako na dom\u00e1com, tak aj na medzin\u00e1rodnom trhu, dok\u00e1\u017eeme z\u00edska\u0165 tie najlep\u0161ie komponenty a materi\u00e1ly pre na\u0161e hydraulick\u00e9 valce. To n\u00e1m umo\u017e\u0148uje udr\u017eiava\u0165 konzistentn\u00fa kvalitu a v\u00fdkon v celom na\u0161om sortimente produktov.<\/li>\n<\/ol>\n<p>Vyberte si FMP pre va\u0161e potreby hydraulick\u00e9ho valca a za\u017eite spo\u013eahlivos\u0165 a excelentnos\u0165, ktor\u00fa pon\u00fakame. Kontaktujte n\u00e1s e\u0161te dnes, aby sme prediskutovali va\u0161e po\u017eiadavky a za\u010dali \u00faspe\u0161n\u00e9 partnerstvo.<\/p>\n<h2>\u010casto kladen\u00e9 ot\u00e1zky<\/h2>\n<ol>\n<li><strong>Ste obchodn\u00e1 spolo\u010dnos\u0165 alebo v\u00fdrobca?<\/strong><br \/>\nSme tov\u00e1re\u0148.<\/li>\n<li><strong>Ak\u00e1 je va\u0161a dodacia lehota?<\/strong><br \/>\nVo v\u0161eobecnosti je to 25-35 dn\u00ed.<\/li>\n<li><strong>Poskytujete vzorky? Je to zadarmo alebo za pr\u00edplatok?<\/strong><br \/>\n\u00c1no, mohli by sme pon\u00faknu\u0165 vzorku, ale nie je zadarmo.<\/li>\n<\/ol>\n<p><img decoding=\"async\" class=\"aligncenter\" title=\"Hydraulick\u00fd valec snehov\u00e9ho pluhu\" src=\"https:\/\/hzpt.com\/wp-content\/uploads\/2023\/11\/Snow-Plow-Hydraulic-Cylinder-1.webp\" alt=\"Hydraulick\u00fd valec snehov\u00e9ho pluhu\" \/><\/p>\n<p>Autor: CX<\/p>","protected":false},"excerpt":{"rendered":"<p>Small 2 Ton Hydraulic Piston Cylinder Hydraulic Cylinder for Snow Plow Our Small 2 Ton Hydraulic Piston Cylinder Hydraulic Cylinder for Snow Plow is an innovative and reliable hydraulic cylinder designed with a standard piston cylinder structure and hydraulic power. It is an ideal addition for machinery repair shops, farms, energy &amp; mining industries, machinery [&hellip;]<\/p>","protected":false},"featured_media":1519,"comment_status":"closed","ping_status":"closed","template":"","meta":{"_et_pb_use_builder":"","_et_pb_old_content":"","_et_gb_content_width":""},"product_brand":[],"product_cat":[42],"product_tag":[34,44],"class_list":{"0":"post-1518","1":"product","2":"type-product","3":"status-publish","4":"has-post-thumbnail","6":"product_cat-snow-plow-hydraulic-cylinder","7":"product_tag-hydraulic-cylinder","8":"product_tag-snow-plow-hydraulic-cylinder","10":"first","11":"instock","12":"product-type-simple"},"_links":{"self":[{"href":"https:\/\/fmp-components.com\/sk\/wp-json\/wp\/v2\/product\/1518","targetHints":{"allow":["GET"]}}],"collection":[{"href":"https:\/\/fmp-components.com\/sk\/wp-json\/wp\/v2\/product"}],"about":[{"href":"https:\/\/fmp-components.com\/sk\/wp-json\/wp\/v2\/types\/product"}],"replies":[{"embeddable":true,"href":"https:\/\/fmp-components.com\/sk\/wp-json\/wp\/v2\/comments?post=1518"}],"wp:featuredmedia":[{"embeddable":true,"href":"https:\/\/fmp-components.com\/sk\/wp-json\/wp\/v2\/media\/1519"}],"wp:attachment":[{"href":"https:\/\/fmp-components.com\/sk\/wp-json\/wp\/v2\/media?parent=1518"}],"wp:term":[{"taxonomy":"product_brand","embeddable":true,"href":"https:\/\/fmp-components.com\/sk\/wp-json\/wp\/v2\/product_brand?post=1518"},{"taxonomy":"product_cat","embeddable":true,"href":"https:\/\/fmp-components.com\/sk\/wp-json\/wp\/v2\/product_cat?post=1518"},{"taxonomy":"product_tag","embeddable":true,"href":"https:\/\/fmp-components.com\/sk\/wp-json\/wp\/v2\/product_tag?post=1518"}],"curies":[{"name":"pracovn\u00fd list","href":"https:\/\/api.w.org\/{rel}","templated":true}]}}