{"id":1514,"date":"2024-12-23T05:50:37","date_gmt":"2024-12-23T05:50:37","guid":{"rendered":"https:\/\/fmp-components.com\/product\/factory-direct-sale-2-ton-double-effect-small-snow-plow-hydraulic-cylinder\/"},"modified":"2025-05-10T13:02:11","modified_gmt":"2025-05-10T13:02:11","slug":"factory-direct-sale-2-ton-double-effect-small-snow-plow-hydraulic-cylinder","status":"publish","type":"product","link":"https:\/\/fmp-components.com\/sk\/product\/factory-direct-sale-2-ton-double-effect-small-snow-plow-hydraulic-cylinder\/","title":{"rendered":"Priamy predaj z tov\u00e1rne, 2-tonov\u00fd hydraulick\u00fd valec pre mal\u00fd snehov\u00fd pluh s dvojit\u00fdm efektom"},"content":{"rendered":"<h2>Predstavujeme hydraulick\u00fd valec pre mal\u00fd snehov\u00fd pluh s dvojit\u00fdm efektom s nosnos\u0165ou 2 tony priamo z tov\u00e1rne<\/h2>\n<p>Ak potrebujete spo\u013eahliv\u00fd a efekt\u00edvny n\u00e1stroj na odh\u0155\u0148anie snehu, n\u00e1\u0161 hydraulick\u00fd valec na odh\u0155\u0148anie snehu je tou spr\u00e1vnou vo\u013ebou. V\u010faka svojej vynikaj\u00facej kon\u0161trukcii a vysokej kapacite je ide\u00e1lnou vo\u013ebou pre t\u00fdch, ktor\u00ed h\u013eadaj\u00fa \u0161pi\u010dkov\u00e9 rie\u0161enie pre svoje potreby odh\u0155\u0148ania snehu.<\/p>\n<h3>Vlastnosti produktu<\/h3>\n<p>N\u00e1\u0161 hydraulick\u00fd valec na odh\u0155\u0148anie snehu je \u00faplne nov\u00fd produkt s radom p\u00f4sobiv\u00fdch funkci\u00ed, v\u010faka ktor\u00fdm vynik\u00e1 oproti konkurencii. Pon\u00faka jednoro\u010dn\u00fa z\u00e1ruku a maxim\u00e1lny \u0165ah 3000. Tento \u0161tandardn\u00fd piestov\u00fd valec je poh\u00e1\u0148an\u00fd hydraulicky a je vyroben\u00fd z odolnej ocele, aby sa zabezpe\u010dila dlh\u00e1 \u017eivotnos\u0165.<\/p>\n<h3>\u0160pecifik\u00e1cie produktu<\/h3>\n<p>Hydraulick\u00fd valec m\u00e1 v\u0155tanie od 2 do 6 palcov, ve\u013ekos\u0165 ty\u010de od 1,125 do 4 palcov a zdvih od 4 do 100 palcov. Ve\u013ekos\u0165 \u010dapu je 0,5 do 2 palcov a maxim\u00e1lna \u0165a\u017en\u00e1 kapacita je 20 ton. Je certifikovan\u00fd pod\u013ea normy ISO9001:2000, \u010do zaru\u010duje jeho vysok\u00fa kvalitu a spo\u013eahliv\u00fd v\u00fdkon.<\/p>\n<h3>\u00dadr\u017eba produktu<\/h3>\n<p>N\u00e1\u0161 hydraulick\u00fd valec na odh\u0155\u0148anie snehu sa nielen \u013eahko in\u0161taluje, ale aj udr\u017eiava. S hmotnos\u0165ou iba 10 kg sa z\u00e1ruka vz\u0165ahuje na hlavn\u00e9 komponenty vr\u00e1tane lo\u017eiska a samotn\u00e9ho hydraulick\u00e9ho valca. Pre va\u0161e pohodlie je k dispoz\u00edcii videoz\u00e1znam z v\u00fdstupnej kontroly a spr\u00e1va o sk\u00fa\u0161ke stroja.<\/p>\n<h3>Pou\u017eite\u013en\u00e9 odvetvia<\/h3>\n<p>N\u00e1\u0161 hydraulick\u00fd valec na snehov\u00fd pluh je v\u0161estrann\u00fd a sl\u00fa\u017ei r\u00f4znym odvetviam vr\u00e1tane opravovn\u00ed strojov, fariem, energetiky a ban\u00edctva, v\u00fdroby strojov a stroj\u00e1rskych z\u00e1vodov. Jeho vysok\u00fd v\u00fdkon a odolnos\u0165 z neho robia cenn\u00fd doplnok do ka\u017ed\u00e9ho arzen\u00e1lu \u0165a\u017ek\u00fdch strojov.<\/p>\n<h2>V\u00fdhody nastavite\u013en\u00fdch valcov s vidlicov\u00fdm uchyten\u00edm<\/h2>\n<p><strong>Priamy predaj z tov\u00e1rne, 2-tonov\u00fd hydraulick\u00fd valec pre mal\u00fd snehov\u00fd pluh s dvojit\u00fdm efektom<\/strong><\/p>\n<p>Nastavite\u013en\u00e9 valce s vidlicov\u00fdm uchyten\u00edm s\u00fa vysoko \u00fa\u010dinn\u00fdm a v\u0161estrann\u00fdm hydraulick\u00fdm komponentom, ktor\u00fd pon\u00faka nieko\u013eko v\u00fdhod v r\u00f4znych priemyseln\u00fdch aplik\u00e1ci\u00e1ch. V tomto \u010dl\u00e1nku presk\u00famame k\u013e\u00fa\u010dov\u00e9 v\u00fdhody pou\u017e\u00edvania nastavite\u013en\u00fdch valcov s vidlicov\u00fdm uchyten\u00edm a pre\u010do s\u00fa uprednost\u0148ovan\u00e9 v r\u00f4znych hydraulick\u00fdch syst\u00e9moch.<\/p>\n<p><strong>1. Zv\u00fd\u0161en\u00e1 v\u0161estrannos\u0165<\/strong><\/p>\n<p>Jednou z hlavn\u00fdch v\u00fdhod nastavite\u013en\u00fdch valcov s vidlicov\u00fdm uchyten\u00edm je ich v\u0161estrannos\u0165. Tieto valce s\u00fa navrhnut\u00e9 tak, aby boli nastavite\u013en\u00e9, \u010do umo\u017e\u0148uje jednoduch\u00e9 prisp\u00f4sobenie a adapt\u00e1ciu r\u00f4znym prev\u00e1dzkov\u00fdm po\u017eiadavk\u00e1m. Jednoduch\u00fdm nastaven\u00edm polohy vidlicov\u00e9ho uchytenia je mo\u017en\u00e9 upravi\u0165 d\u013a\u017eku zdvihu valca, \u010do umo\u017e\u0148uje presn\u00fa kontrolu nad v\u00fdkonom hydraulick\u00e9ho syst\u00e9mu. V\u010faka tejto v\u0161estrannosti s\u00fa nastavite\u013en\u00e9 valce s vidlicov\u00fdm uchyten\u00edm vhodn\u00e9 pre \u0161irok\u00fa \u0161k\u00e1lu aplik\u00e1ci\u00ed, od syst\u00e9mov odh\u0155\u0148ania snehu a\u017e po zariadenia na manipul\u00e1ciu s materi\u00e1lom.<\/p>\n<p><strong>2. Optim\u00e1lny v\u00fdkon<\/strong><\/p>\n<p>Nastavite\u013en\u00e9 valce s vidlicov\u00fdm uchyten\u00edm s\u00fa skon\u0161truovan\u00e9 tak, aby poskytovali optim\u00e1lny v\u00fdkon v hydraulick\u00fdch syst\u00e9moch. V\u010faka presn\u00e9mu nastaveniu umo\u017e\u0148uj\u00fa tieto valce obsluhe jemne doladi\u0165 hydraulick\u00fa silu, r\u00fdchlos\u0165 a d\u013a\u017eku zdvihu, \u010d\u00edm maximalizuj\u00fa \u00fa\u010dinnos\u0165 a produktivitu. \u010ci u\u017e ide o zdv\u00edhanie \u0165a\u017ek\u00fdch bremien alebo tla\u010denie\/\u0165ahanie, nastavite\u013en\u00e9 valce s vidlicov\u00fdm uchyten\u00edm poskytuj\u00fa v\u00fdnimo\u010dn\u00fd v\u00fdkon a zabezpe\u010duj\u00fa plynul\u00fd a spo\u013eahliv\u00fd prenos hydraulickej sily.<\/p>\n<p><strong>3. Zv\u00fd\u0161en\u00e1 odolnos\u0165<\/strong><\/p>\n<p>\u010eal\u0161ou pozoruhodnou v\u00fdhodou nastavite\u013en\u00fdch valcov s vidlicov\u00fdm uchyten\u00edm je ich robustn\u00e1 kon\u0161trukcia a odolnos\u0165. Tieto valce s\u00fa vyroben\u00e9 tak, aby odolali vysokotlak\u00e9mu prostrediu a n\u00e1ro\u010dn\u00fdm aplik\u00e1ci\u00e1m. Pou\u017eitie vysokokvalitn\u00fdch materi\u00e1lov, pokro\u010dil\u00fdch v\u00fdrobn\u00fdch techn\u00edk a pr\u00edsnych procesov kontroly kvality zabezpe\u010duje, \u017ee valce odol\u00e1vaj\u00fa extr\u00e9mnym podmienkam, s\u00fa odoln\u00e9 vo\u010di opotrebovaniu a maj\u00fa dlh\u0161iu \u017eivotnos\u0165. T\u00e1to odolnos\u0165 rob\u00ed z nastavite\u013en\u00fdch valcov s vidlicov\u00fdm uchyten\u00edm n\u00e1kladovo efekt\u00edvne rie\u0161enie, ktor\u00e9 zni\u017euje potrebu \u010dast\u00fdch v\u00fdmen a minimalizuje prestoje.<\/p>\n<p><strong>4. Presn\u00e9 ovl\u00e1danie<\/strong><\/p>\n<p>Nastavite\u013en\u00e9 valce s vidlicov\u00fdm uz\u00e1verom pon\u00fakaj\u00fa presn\u00e9 ovl\u00e1danie hydraulick\u00fdch syst\u00e9mov, v\u010faka \u010domu s\u00fa ide\u00e1lne pre aplik\u00e1cie, ktor\u00e9 vy\u017eaduj\u00fa presn\u00e9 polohovanie a ovl\u00e1danie. Mo\u017enos\u0165 nastavenia d\u013a\u017eky zdvihu umo\u017e\u0148uje jemn\u00e9 doladenie pohybu valca, \u010d\u00edm sa zabezpe\u010duj\u00fa presn\u00e9 a opakovate\u013en\u00e9 oper\u00e1cie. T\u00e1to \u00farove\u0148 ovl\u00e1dania je k\u013e\u00fa\u010dov\u00e1 v odvetviach ako stavebn\u00edctvo, po\u013enohospod\u00e1rstvo a v\u00fdroba, kde s\u00fa pre optim\u00e1lne v\u00fdsledky potrebn\u00e9 presn\u00e9 pohyby.<\/p>\n<p><strong>5. Jednoduch\u00e1 in\u0161tal\u00e1cia a \u00fadr\u017eba<\/strong><\/p>\n<p>In\u0161tal\u00e1cia a \u00fadr\u017eba nastavite\u013en\u00fdch valcov s vidlicov\u00fdm uchyten\u00edm je pomerne jednoduch\u00e1. Tieto valce s\u00fa navrhnut\u00e9 pre jednoduch\u00fa integr\u00e1ciu do hydraulick\u00fdch syst\u00e9mov so \u0161tandardizovan\u00fdmi rozmermi a mo\u017enos\u0165ami mont\u00e1\u017ee. Okrem toho vy\u017eaduj\u00fa minim\u00e1lnu \u00fadr\u017ebu v\u010faka svojej robustnej kon\u0161trukcii a vysoko kvalitn\u00fdm komponentom. Pravideln\u00e9 kontroly a mazanie zvy\u010dajne posta\u010duj\u00fa na udr\u017eanie t\u00fdchto valcov v optim\u00e1lnom prev\u00e1dzkovom stave, \u010d\u00edm sa zni\u017euj\u00fa n\u00e1klady na \u00fadr\u017ebu a prestoje.<\/p>\n<p>Celkovo pon\u00fakaj\u00fa nastavite\u013en\u00e9 valce s vidlicov\u00fdm uchyten\u00edm mno\u017estvo v\u00fdhod, pokia\u013e ide o v\u0161estrannos\u0165, v\u00fdkon, odolnos\u0165, presn\u00e9 ovl\u00e1danie a jednoduch\u00fa in\u0161tal\u00e1ciu a \u00fadr\u017ebu. Ich nastavite\u013enos\u0165 a schopnos\u0165 prisp\u00f4sobi\u0165 sa r\u00f4znym prev\u00e1dzkov\u00fdm po\u017eiadavk\u00e1m z nich rob\u00ed ob\u013e\u00faben\u00fa vo\u013ebu v \u0161irokej \u0161k\u00e1le hydraulick\u00fdch aplik\u00e1ci\u00ed. \u010ci u\u017e ide o mal\u00fd snehov\u00fd pluh alebo syst\u00e9m manipul\u00e1cie s \u0165a\u017ek\u00fdm materi\u00e1lom, nastavite\u013en\u00e9 valce s vidlicov\u00fdm uchyten\u00edm poskytuj\u00fa spo\u013eahlivos\u0165 a \u00fa\u010dinnos\u0165 potrebn\u00fa pre optim\u00e1lny v\u00fdkon.<\/p>\n<h3>O FMP<\/h3>\n<p>FMP je popredn\u00e1 spolo\u010dnos\u0165 \u0161pecializuj\u00faca sa na v\u00fdrobu a predaj hydraulick\u00fdch valcov. V\u010faka na\u0161im rozsiahlym sk\u00fasenostiam v odvetv\u00ed a profesion\u00e1lnemu t\u00edmu sa venujeme poskytovaniu vysoko kvalitn\u00fdch a spo\u013eahliv\u00fdch hydraulick\u00fdch valcov z\u00e1kazn\u00edkom pre r\u00f4zne aplik\u00e1cie stavebn\u00fdch strojov.<\/p>\n<p><img decoding=\"async\" class=\"aligncenter\" src=\"https:\/\/fmp-components.com\/wp-content\/uploads\/2024\/12\/Adjustable-Clevis-Type-Cylinders-6.webp\" alt=\"Nastavite\u013en\u00fd valec typu Clevis\" width=\"835\" title=\"\"><\/p>\n<p>Tu je p\u00e4\u0165 d\u00f4vodov, pre\u010do je v\u00fdber FMP pre va\u0161e potreby v oblasti hydraulick\u00fdch valcov spr\u00e1vnym rozhodnut\u00edm:<\/p>\n<ol>\n<li><strong>\u0160irok\u00fd sortiment produktov:<\/strong> Pon\u00fakame \u0161irok\u00fd sortiment hydraulick\u00fdch valcov vhodn\u00fdch pre r\u00f4zne aplik\u00e1cie v priemysle stavebn\u00fdch strojov. \u010ci u\u017e potrebujete valce pre po\u013enohospod\u00e1rske stroje, priemyseln\u00e9 prevodovky alebo plan\u00e9tov\u00e9 prevodovky, m\u00e1me pre v\u00e1s to prav\u00e9.<\/li>\n<li><strong>Pr\u00edsne \u0161tandardy kvality:<\/strong> V spolo\u010dnosti FMP kladieme d\u00f4raz na kvalitu a zabezpe\u010dujeme, aby v\u0161etky na\u0161e dod\u00e1van\u00e9 hydraulick\u00e9 valce sp\u013a\u0148ali pr\u00edsne \u0161tandardy kvality. Prostredn\u00edctvom dlhodob\u00fdch a stabiln\u00fdch partnerstiev s vysoko kvalitn\u00fdmi dod\u00e1vate\u013emi garantujeme spo\u013eahlivos\u0165 a trvanlivos\u0165 na\u0161ich produktov.<\/li>\n<li><strong>Sk\u00fasen\u00fd obchodn\u00fd t\u00edm:<\/strong> N\u00e1\u0161 sk\u00fasen\u00fd obchodn\u00fd t\u00edm m\u00e1 bohat\u00e9 znalosti o najnov\u0161\u00edch trendoch a po\u017eiadavk\u00e1ch z\u00e1kazn\u00edkov v odvetv\u00ed stavebn\u00fdch strojov. Poskytne v\u00e1m profesion\u00e1lne poradenstvo oh\u013eadom produktov, pom\u00f4\u017ee v\u00e1m pri informovan\u00fdch rozhodnutiach a n\u00e1jden\u00ed dokonal\u00e9ho hydraulick\u00e9ho valca pre va\u0161e \u0161pecifick\u00e9 po\u017eiadavky.<\/li>\n<li><strong>Efekt\u00edvna logistick\u00e1 distrib\u00facia:<\/strong> Ch\u00e1peme d\u00f4le\u017eitos\u0165 v\u010dasn\u00e9ho dodania. N\u00e1\u0161 efekt\u00edvny logistick\u00fd distribu\u010dn\u00fd syst\u00e9m zabezpe\u010d\u00ed, \u017ee dostanete po\u017eadovan\u00e9 hydraulick\u00e9 valce r\u00fdchlo a presne, \u010d\u00edm sa minimalizuj\u00fa prestoje a zabezpe\u010d\u00ed hladk\u00fd chod va\u0161ej prev\u00e1dzky.<\/li>\n<li><strong>Komplexn\u00e1 popredajn\u00e1 podpora:<\/strong> V spolo\u010dnosti FMP si cen\u00edme spokojnos\u0165 z\u00e1kazn\u00edkov. N\u00e1\u0161 \u0161pecializovan\u00fd t\u00edm podpory je v\u017edy pripraven\u00fd pom\u00f4c\u0165 v\u00e1m s ak\u00fdmiko\u013evek ot\u00e1zkami alebo obavami a poskytuje komplexn\u00fa popredajn\u00fa podporu, aby sme zabezpe\u010dili va\u0161u maxim\u00e1lnu spokojnos\u0165 s na\u0161imi hydraulick\u00fdmi valcami.<\/li>\n<\/ol>\n<p>Spojte sa s FMP e\u0161te dnes a za\u017eite kvalitu, spo\u013eahlivos\u0165 a v\u00fdnimo\u010dn\u00fd v\u00fdkon na\u0161ich hydraulick\u00fdch valcov. Kontaktujte n\u00e1s e\u0161te dnes, aby sme prediskutovali va\u0161e \u0161pecifick\u00e9 potreby a za\u010dali plodn\u00fa spolupr\u00e1cu.<\/p>\n<h2>\u010casto kladen\u00e9 ot\u00e1zky<\/h2>\n<p><img decoding=\"async\" class=\"aligncenter\" title=\"Hydraulick\u00fd valec snehov\u00e9ho pluhu\" src=\"https:\/\/hzpt.com\/wp-content\/uploads\/2023\/11\/Snow-Plow-Hydraulic-Cylinder-1.webp\" alt=\"Hydraulick\u00fd valec snehov\u00e9ho pluhu\" \/><\/p>\n<h3>Ot\u00e1zka: Ak\u00e1 je dodacia lehota pre va\u0161e hydraulick\u00e9 valce?<\/h3>\n<p>A: V\u0161eobecn\u00e1 dodacia lehota je 25-35 dn\u00ed.<\/p>\n<h3>Ot\u00e1zka: M\u00f4\u017eem si vy\u017eiada\u0165 vzorku v\u00e1\u0161ho produktu?<\/h3>\n<p>A: \u00c1no, pon\u00fakame vzorky produktov, ale nie s\u00fa bezplatn\u00e9.<\/p>\n<h3>Ot\u00e1zka: Viete vyrobi\u0165 hydraulick\u00e9 valce pod\u013ea konkr\u00e9tnych vzoriek alebo technick\u00fdch v\u00fdkresov?<\/h3>\n<p>A: \u00c1no, vieme vyrobi\u0165 v\u00fdrobky pod\u013ea va\u0161ich vzoriek alebo technick\u00fdch v\u00fdkresov. Vieme tie\u017e vyrobi\u0165 formy a pr\u00edpravky.<\/p>\n<p>Autor: CX<\/p>","protected":false},"excerpt":{"rendered":"<p>Introducing the Factory Direct Sale 2 Ton Double Effect Small Snow Plow Hydraulic Cylinder If you are in need of a reliable and efficient snow plowing tool, look no further than our Snow Plow Hydraulic Cylinder. With its excellent construction and high capacity, it is an ideal choice for those in need of a top-notch [&hellip;]<\/p>","protected":false},"featured_media":1515,"comment_status":"closed","ping_status":"closed","template":"","meta":{"_et_pb_use_builder":"","_et_pb_old_content":"","_et_gb_content_width":""},"product_brand":[],"product_cat":[42],"product_tag":[34,44],"class_list":{"0":"post-1514","1":"product","2":"type-product","3":"status-publish","4":"has-post-thumbnail","6":"product_cat-snow-plow-hydraulic-cylinder","7":"product_tag-hydraulic-cylinder","8":"product_tag-snow-plow-hydraulic-cylinder","10":"first","11":"instock","12":"product-type-simple"},"_links":{"self":[{"href":"https:\/\/fmp-components.com\/sk\/wp-json\/wp\/v2\/product\/1514","targetHints":{"allow":["GET"]}}],"collection":[{"href":"https:\/\/fmp-components.com\/sk\/wp-json\/wp\/v2\/product"}],"about":[{"href":"https:\/\/fmp-components.com\/sk\/wp-json\/wp\/v2\/types\/product"}],"replies":[{"embeddable":true,"href":"https:\/\/fmp-components.com\/sk\/wp-json\/wp\/v2\/comments?post=1514"}],"wp:featuredmedia":[{"embeddable":true,"href":"https:\/\/fmp-components.com\/sk\/wp-json\/wp\/v2\/media\/1515"}],"wp:attachment":[{"href":"https:\/\/fmp-components.com\/sk\/wp-json\/wp\/v2\/media?parent=1514"}],"wp:term":[{"taxonomy":"product_brand","embeddable":true,"href":"https:\/\/fmp-components.com\/sk\/wp-json\/wp\/v2\/product_brand?post=1514"},{"taxonomy":"product_cat","embeddable":true,"href":"https:\/\/fmp-components.com\/sk\/wp-json\/wp\/v2\/product_cat?post=1514"},{"taxonomy":"product_tag","embeddable":true,"href":"https:\/\/fmp-components.com\/sk\/wp-json\/wp\/v2\/product_tag?post=1514"}],"curies":[{"name":"pracovn\u00fd list","href":"https:\/\/api.w.org\/{rel}","templated":true}]}}