{"id":1512,"date":"2024-12-23T05:50:37","date_gmt":"2024-12-23T05:50:37","guid":{"rendered":"https:\/\/fmp-components.com\/product\/guaranteed-quality-small-hydraulic-cylinder-double-effect-hydraulic-cylinder-for-snow-plow\/"},"modified":"2024-12-23T06:24:04","modified_gmt":"2024-12-23T06:24:04","slug":"guaranteed-quality-small-hydraulic-cylinder-double-effect-hydraulic-cylinder-for-snow-plow","status":"publish","type":"product","link":"https:\/\/fmp-components.com\/sk\/product\/guaranteed-quality-small-hydraulic-cylinder-double-effect-hydraulic-cylinder-for-snow-plow\/","title":{"rendered":"Zaru\u010den\u00fd kvalitn\u00fd mal\u00fd hydraulick\u00fd valec s dvojit\u00fdm \u00fa\u010dinkom pre snehov\u00fd pluh"},"content":{"rendered":"<p>Zaru\u010den\u00e1 kvalita Mal\u00fd hydraulick\u00fd valec s dvojit\u00fdm \u00fa\u010dinkom pre snehov\u00fd pluh Predstavujeme zaru\u010den\u00fd kvalitn\u00fd mal\u00fd hydraulick\u00fd valec s dvojit\u00fdm \u00fa\u010dinkom pre snehov\u00fd pluh!<\/p>\n<p>Tento hydraulick\u00fd valec, navrhnut\u00fd s oh\u013eadom na presnos\u0165 a kvalitu, je perfektn\u00fdm doplnkom ka\u017ed\u00e9ho sne\u017en\u00e9ho pluhu. Jeho dvojit\u00fd \u00fa\u010dinok znamen\u00e1 zv\u00fd\u0161en\u00fa \u00fa\u010dinnos\u0165 a v\u00fdkon, v\u010faka \u010domu je odprat\u00e1vanie aj t\u00fdch najhustej\u0161\u00edch snehov\u00fdch zr\u00e1\u017eok jednoduch\u0161ie ako kedyko\u013evek predt\u00fdm.<\/p>\n<p>Tento hydraulick\u00fd valec je vyroben\u00fd len z najkvalitnej\u0161\u00edch materi\u00e1lov a je skon\u0161truovan\u00fd tak, aby odolal aj t\u00fdm naj\u0165a\u017e\u0161\u00edm podmienkam. Jeho kompaktn\u00e9 rozmery umo\u017e\u0148uj\u00fa jednoduch\u00fa in\u0161tal\u00e1ciu, v\u010faka \u010domu je ide\u00e1lnou vo\u013ebou pre ka\u017ed\u00e9ho oper\u00e1tora sne\u017en\u00e9ho pluhu, ktor\u00fd chce maximalizova\u0165 svoje mo\u017enosti odprat\u00e1vania snehu.<\/p>\n<p><img decoding=\"async\" title=\"Hydraulick\u00fd valec snehov\u00e9ho pluhu\" src=\"https:\/\/hzpt.com\/wp-content\/uploads\/2023\/11\/Snow-Plow-Hydraulic-Cylinder-3.webp\" alt=\"Hydraulick\u00fd valec snehov\u00e9ho pluhu\" \/><\/p>\n<p>V\u010faka zaru\u010denej kvalite a spo\u013eahlivosti je tento mal\u00fd hydraulick\u00fd valec perfektnou invest\u00edciou pre ka\u017ed\u00e9ho profesion\u00e1la v odh\u0155\u0148an\u00ed snehu. Nenechajte sa spomali\u0165 zimn\u00fdm po\u010das\u00edm \u2013 vyberte si mal\u00fd hydraulick\u00fd valec s dvojit\u00fdm \u00fa\u010dinkom pre snehov\u00fd pluh so zaru\u010denou kvalitou a odve\u010fte svoju pr\u00e1cu v\u017edy spr\u00e1vne.<\/p>\n<h2>V\u00fdhody nastavite\u013en\u00fdch valcov s vidlicov\u00fdm uchyten\u00edm<\/h2>\n<p>Nastavite\u013en\u00e9 valce s vidlicov\u00fdm uz\u00e1verom, ako napr\u00edklad mal\u00fd hydraulick\u00fd valec so zaru\u010denou kvalitou a hydraulick\u00fd valec s dvojit\u00fdm \u00fa\u010dinkom pre snehov\u00fd pluh, pon\u00fakaj\u00fa mno\u017estvo v\u00fdhod, v\u010faka ktor\u00fdm s\u00fa preferovanou vo\u013ebou v r\u00f4znych aplik\u00e1ci\u00e1ch. V tomto \u010dl\u00e1nku sa t\u00fdmito v\u00fdhodami podrobne zaober\u00e1me.<\/p>\n<p>1. Zv\u00fd\u0161en\u00e1 flexibilita:<br \/>\nNastavite\u013en\u00e9 valce s vidlicov\u00fdm uchyten\u00edm poskytuj\u00fa vynikaj\u00facu flexibilitu v\u010faka nastavite\u013en\u00e9mu uchyteniu vidlicov\u00fdm uchyten\u00edm. T\u00e1to funkcia umo\u017e\u0148uje jednoduch\u00fa in\u0161tal\u00e1ciu a nastavenie v r\u00f4znych poloh\u00e1ch, v\u010faka \u010domu s\u00fa vhodn\u00e9 pre \u0161irok\u00fa \u0161k\u00e1lu aplik\u00e1ci\u00ed. \u010ci u\u017e ide o snehov\u00fd pluh alebo ak\u00e9ko\u013evek in\u00e9 zariadenie, mo\u017enos\u0165 nastavenia polohy valca zais\u0165uje optim\u00e1lny v\u00fdkon.<\/p>\n<p>2. Presn\u00e9 ovl\u00e1danie:<br \/>\nTieto valce pon\u00fakaj\u00fa presn\u00fa kontrolu nad pohybom a polohovan\u00edm r\u00f4znych zariaden\u00ed. V\u010faka nastavite\u013enej d\u013a\u017eke zdvihu a mo\u017enostiam presn\u00e9ho polohovania umo\u017e\u0148uj\u00fa jemn\u00e9 doladenie prev\u00e1dzky pod\u013ea \u0161pecifick\u00fdch po\u017eiadaviek. T\u00e1to \u00farove\u0148 kontroly je k\u013e\u00fa\u010dov\u00e1 v aplik\u00e1ci\u00e1ch, kde je presnos\u0165 prvorad\u00e1, ako s\u00fa napr\u00edklad stavebn\u00e9 alebo priemyseln\u00e9 stroje.<\/p>\n<p>3. Trvanlivos\u0165 a spo\u013eahlivos\u0165:<br \/>\nMal\u00e9 hydraulick\u00e9 valce a hydraulick\u00e9 valce s dvojit\u00fdm \u00fa\u010dinkom pre snehov\u00e9 pluhy s garantovanou kvalitou s\u00fa skon\u0161truovan\u00e9 tak, aby odolali n\u00e1ro\u010dn\u00fdm podmienkam. Tieto valce s\u00fa vyroben\u00e9 z vysoko kvalitn\u00fdch materi\u00e1lov a skon\u0161truovan\u00e9 tak, aby odolali vysok\u00e9mu za\u0165a\u017eeniu, a preto poskytuj\u00fa v\u00fdnimo\u010dn\u00fa odolnos\u0165 a spo\u013eahlivos\u0165. To zaru\u010duje, \u017ee zvl\u00e1dnu aj tie naj\u0165a\u017e\u0161ie \u00falohy bez kompromisov vo v\u00fdkone.<\/p>\n<p>4. Efekt\u00edvny prenos v\u00fdkonu:<br \/>\nKon\u0161trukcia nastavite\u013en\u00fdch valcov s vidlicov\u00fdm uchyten\u00edm optimalizuje prenos v\u00fdkonu, \u010do vedie k efekt\u00edvnej prev\u00e1dzke. Pou\u017eitie pokro\u010dilej hydraulickej technol\u00f3gie umo\u017e\u0148uje plynul\u00fd a konzistentn\u00fd pohyb, \u010d\u00edm sa minimalizuj\u00fa straty energie. T\u00e1to \u00fa\u010dinnos\u0165 nielen zvy\u0161uje celkov\u00fd v\u00fdkon, ale z dlhodob\u00e9ho h\u013eadiska prispieva aj k \u00faspor\u00e1m n\u00e1kladov.<\/p>\n<p>5. V\u0161estrann\u00e9 aplik\u00e1cie:<br \/>\nV\u010faka svojej v\u0161estrannej kon\u0161trukcii nach\u00e1dzaj\u00fa nastavite\u013en\u00e9 valce s vidlicov\u00fdm uchyten\u00edm uplatnenie v \u0161irokej \u0161k\u00e1le odvetv\u00ed. Od po\u013enohospod\u00e1rstva cez stavebn\u00edctvo a manipul\u00e1ciu s materi\u00e1lom a\u017e po dopravu, tieto valce je mo\u017en\u00e9 integrova\u0165 do r\u00f4znych zariaden\u00ed a strojov. V\u010faka svojej prisp\u00f4sobivosti s\u00fa cenovo v\u00fdhodn\u00fdm rie\u0161en\u00edm pre r\u00f4zne prev\u00e1dzkov\u00e9 potreby.<\/p>\n<p>Z\u00e1verom mo\u017eno poveda\u0165, \u017ee nastavite\u013en\u00e9 valce s vidlicov\u00fdm uchyten\u00edm, vr\u00e1tane mal\u00fdch hydraulick\u00fdch valcov so zaru\u010denou kvalitou a hydraulick\u00fdch valcov s dvojit\u00fdm \u00fa\u010dinkom pre snehov\u00e9 pluhy, pon\u00fakaj\u00fa mno\u017estvo v\u00fdhod. Ich flexibilita, presn\u00e9 ovl\u00e1danie, odolnos\u0165, efekt\u00edvny prenos v\u00fdkonu a v\u0161estrannos\u0165 z nich robia vynikaj\u00facu vo\u013ebu pre r\u00f4zne aplik\u00e1cie. Zabudovan\u00edm t\u00fdchto valcov do zariaden\u00ed alebo strojov m\u00f4\u017eu podniky optimalizova\u0165 v\u00fdkon, zv\u00fd\u0161i\u0165 produktivitu a efekt\u00edvne dosiahnu\u0165 svoje prev\u00e1dzkov\u00e9 ciele.<\/p>\n<h3>O FMP<\/h3>\n<p>FMP je popredn\u00e1 spolo\u010dnos\u0165 v Taliansku, ktor\u00e1 sa \u0161pecializuje na predaj a servis dielov a kompletn\u00fdch strojov pre stavebn\u00e9 stroje. V\u010faka dlhoro\u010dn\u00fdm sk\u00fasenostiam v tomto odvetv\u00ed a t\u00edmu profesion\u00e1lov pon\u00fakame na\u0161im z\u00e1kazn\u00edkom vysoko kvalitn\u00e9 a spo\u013eahliv\u00e9 rie\u0161enia.<\/p>\n<h3>Hydraulick\u00fd valec<\/h3>\n<p>Jedn\u00fdm z na\u0161ich hlavn\u00fdch produktov je hydraulick\u00fd valec. Na\u0161e valce s\u00fa vyroben\u00e9 z vysoko kvalitn\u00fdch materi\u00e1lov a s\u00fa navrhnut\u00e9 tak, aby odolali extr\u00e9mnemu tlaku a vysok\u00e9mu za\u0165a\u017eeniu. Tu je p\u00e4\u0165 d\u00f4vodov, pre\u010do by ste si mali vybra\u0165 hydraulick\u00fd valec FMP:<\/p>\n<ol>\n<li><strong>Vysokokvalitn\u00e9 materi\u00e1ly:<\/strong> Na\u0161e hydraulick\u00e9 valce s\u00fa vyroben\u00e9 z vysoko kvalitn\u00fdch materi\u00e1lov, ktor\u00e9 zaru\u010duj\u00fa odolnos\u0165 a dlhotrvaj\u00faci v\u00fdkon. Pou\u017e\u00edvame len tie najlep\u0161ie materi\u00e1ly, aby sme zabezpe\u010dili, \u017ee na\u0161e valce odol\u00e1vaj\u00fa aj t\u00fdm naj\u0165a\u017e\u0161\u00edm podmienkam.<\/li>\n<li><strong>Prisp\u00f4sobite\u013en\u00e9:<\/strong> Pon\u00fakame \u0161irok\u00fd sortiment hydraulick\u00fdch valcov, ktor\u00e9 je mo\u017en\u00e9 prisp\u00f4sobi\u0165 va\u0161im \u0161pecifick\u00fdm potreb\u00e1m. Na\u0161e valce s\u00fa dostupn\u00e9 v r\u00f4znych ve\u013ekostiach, tvaroch a prevedeniach a my v\u00e1m pom\u00f4\u017eeme vybra\u0165 ten prav\u00fd pre va\u0161u aplik\u00e1ciu.<\/li>\n<li><strong>Spo\u013eahlivos\u0165:<\/strong> Na\u0161e hydraulick\u00e9 valce s\u00fa navrhnut\u00e9 tak, aby poskytovali spo\u013eahliv\u00fd v\u00fdkon aj v t\u00fdch naj\u0165a\u017e\u0161\u00edch podmienkach. Ch\u00e1peme d\u00f4le\u017eitos\u0165 spo\u013eahlivosti a prij\u00edmame v\u0161etky potrebn\u00e9 opatrenia, aby sme zabezpe\u010dili, \u017ee na\u0161e valce sp\u013a\u0148aj\u00fa dan\u00fa \u00falohu.<\/li>\n<li><strong>Konzult\u00e1cia s odborn\u00edkom:<\/strong> N\u00e1\u0161 obchodn\u00fd t\u00edm sa sklad\u00e1 z odborn\u00edkov v odvetv\u00ed stavebn\u00fdch strojov. S\u00fa obozn\u00e1men\u00ed s najnov\u0161\u00edmi trendmi a m\u00f4\u017eu v\u00e1m poskytn\u00fa\u0165 odborn\u00e9 poradenstvo o tom, ktor\u00fd hydraulick\u00fd valec je pre v\u00e1s ten prav\u00fd.<\/li>\n<li><strong>Efekt\u00edvna logistika:<\/strong> M\u00e1me efekt\u00edvny logistick\u00fd distribu\u010dn\u00fd syst\u00e9m, ktor\u00fd zabezpe\u010duje, \u017ee v\u00e1\u0161 hydraulick\u00fd valec dostanete v\u010das a presne. Ch\u00e1peme d\u00f4le\u017eitos\u0165 v\u010dasn\u00e9ho doru\u010denia a podnik\u00e1me v\u0161etky potrebn\u00e9 opatrenia, aby sme zabezpe\u010dili v\u010dasn\u00e9 doru\u010denie va\u0161ej objedn\u00e1vky.<\/li>\n<\/ol>\n<p>Ak h\u013ead\u00e1te spo\u013eahliv\u00fd a kvalitn\u00fd hydraulick\u00fd valec, FMP je to prav\u00e9 rie\u0161enie. M\u00e1me sk\u00fasenosti a odborn\u00e9 znalosti, aby sme v\u00e1m poskytli dokonal\u00e9 rie\u0161enie pre va\u0161e potreby.<\/p>\n<p><img decoding=\"async\" src=\"https:\/\/fmp-components.com\/wp-content\/uploads\/2024\/12\/Adjustable-Clevis-Type-Cylinders-6.webp\" alt=\"Nastavite\u013en\u00fd valec typu Clevis\" width=\"834\" title=\"\"><\/p>\n<h2>\u010casto kladen\u00e9 ot\u00e1zky<\/h2>\n<h3>Ste obchodn\u00e1 spolo\u010dnos\u0165 alebo v\u00fdrobca?<\/h3>\n<p>Sme v\u00fdrobca s vlastnou tov\u00e1r\u0148ou.<\/p>\n<h3>Ak\u00e1 je va\u0161a dodacia lehota?<\/h3>\n<p>Na\u0161a dodacia lehota je zvy\u010dajne 25-35 dn\u00ed.<\/p>\n<h3>Poskytujete vzorky? Je to zadarmo alebo za pr\u00edplatok?<\/h3>\n<p>Aj ke\u010f poskytujeme vzorky, nie s\u00fa zadarmo.<\/p>\n<p><img decoding=\"async\" title=\"Hydraulick\u00fd valec snehov\u00e9ho pluhu\" src=\"https:\/\/hzpt.com\/wp-content\/uploads\/2023\/11\/Snow-Plow-Hydraulic-Cylinder-1.webp\" alt=\"Hydraulick\u00fd valec snehov\u00e9ho pluhu\" \/><\/p>\n<p>Autor: CX<\/p>","protected":false},"excerpt":{"rendered":"<p>Guaranteed Quality Small Hydraulic Cylinder Double Effect Hydraulic Cylinder For Snow PlowIntroducing the Guaranteed Quality Small Hydraulic Cylinder Double Effect Hydraulic Cylinder for Snow Plow! Designed with precision and quality in mind, this hydraulic cylinder is the perfect addition to any snow plow. Its double effect capability means increased efficiency and power, making it easier [&hellip;]<\/p>","protected":false},"featured_media":1513,"comment_status":"closed","ping_status":"closed","template":"","meta":{"_et_pb_use_builder":"","_et_pb_old_content":"","_et_gb_content_width":""},"product_brand":[],"product_cat":[42],"product_tag":[34,44],"class_list":{"0":"post-1512","1":"product","2":"type-product","3":"status-publish","4":"has-post-thumbnail","6":"product_cat-snow-plow-hydraulic-cylinder","7":"product_tag-hydraulic-cylinder","8":"product_tag-snow-plow-hydraulic-cylinder","10":"first","11":"instock","12":"product-type-simple"},"_links":{"self":[{"href":"https:\/\/fmp-components.com\/sk\/wp-json\/wp\/v2\/product\/1512","targetHints":{"allow":["GET"]}}],"collection":[{"href":"https:\/\/fmp-components.com\/sk\/wp-json\/wp\/v2\/product"}],"about":[{"href":"https:\/\/fmp-components.com\/sk\/wp-json\/wp\/v2\/types\/product"}],"replies":[{"embeddable":true,"href":"https:\/\/fmp-components.com\/sk\/wp-json\/wp\/v2\/comments?post=1512"}],"wp:featuredmedia":[{"embeddable":true,"href":"https:\/\/fmp-components.com\/sk\/wp-json\/wp\/v2\/media\/1513"}],"wp:attachment":[{"href":"https:\/\/fmp-components.com\/sk\/wp-json\/wp\/v2\/media?parent=1512"}],"wp:term":[{"taxonomy":"product_brand","embeddable":true,"href":"https:\/\/fmp-components.com\/sk\/wp-json\/wp\/v2\/product_brand?post=1512"},{"taxonomy":"product_cat","embeddable":true,"href":"https:\/\/fmp-components.com\/sk\/wp-json\/wp\/v2\/product_cat?post=1512"},{"taxonomy":"product_tag","embeddable":true,"href":"https:\/\/fmp-components.com\/sk\/wp-json\/wp\/v2\/product_tag?post=1512"}],"curies":[{"name":"pracovn\u00fd list","href":"https:\/\/api.w.org\/{rel}","templated":true}]}}