{"id":1510,"date":"2024-12-23T05:50:37","date_gmt":"2024-12-23T05:50:37","guid":{"rendered":"https:\/\/fmp-components.com\/product\/2-ton-small-hydraulic-oil-cylinder-hydraulic-cylinder-for-snow-plow\/"},"modified":"2024-12-23T06:25:59","modified_gmt":"2024-12-23T06:25:59","slug":"2-ton-small-hydraulic-oil-cylinder-hydraulic-cylinder-for-snow-plow","status":"publish","type":"product","link":"https:\/\/fmp-components.com\/sk\/product\/2-ton-small-hydraulic-oil-cylinder-hydraulic-cylinder-for-snow-plow\/","title":{"rendered":"2-tonov\u00fd mal\u00fd hydraulick\u00fd olejov\u00fd valec Hydraulick\u00fd valec pre snehov\u00fd pluh"},"content":{"rendered":"<h2>2-tonov\u00fd mal\u00fd hydraulick\u00fd olejov\u00fd valec Hydraulick\u00fd valec pre snehov\u00fd pluh<\/h2>\n<p>2-tonov\u00fd mal\u00fd hydraulick\u00fd olejov\u00fd valec pre snehov\u00fd pluh je vysoko kvalitn\u00fd a odoln\u00fd hydraulick\u00fd valec navrhnut\u00fd \u0161peci\u00e1lne pre snehov\u00e9 pluhy. V\u010faka kompaktn\u00fdm rozmerom a p\u00f4sobivej pevnosti je tento hydraulick\u00fd valec schopn\u00fd zdv\u00edha\u0165 \u0165a\u017ek\u00e9 bremen\u00e1 a zabezpe\u010dova\u0165 plynul\u00fd a efekt\u00edvny chod.<\/p>\n<p>Mal\u00fd hydraulick\u00fd olejov\u00fd valec s nosnos\u0165ou 2 tony sa vyzna\u010duje robustnou kon\u0161trukciou a je vyroben\u00fd tak, aby odolal n\u00e1ro\u010dn\u00fdm podmienkam, s ktor\u00fdmi sa \u010dasto stret\u00e1vame pri odh\u0155\u0148an\u00ed snehu. Je vyroben\u00fd z prvotriednych materi\u00e1lov, ktor\u00e9 zaru\u010duj\u00fa jeho dlh\u00fa \u017eivotnos\u0165 a spo\u013eahlivos\u0165 aj pri extr\u00e9mnych teplot\u00e1ch.<\/p>\n<p>Tento hydraulick\u00fd valec je vybaven\u00fd pokro\u010dilou hydraulickou technol\u00f3giou, ktor\u00e1 umo\u017e\u0148uje presn\u00e9 ovl\u00e1danie a nastavenie radlice pluhu. Pon\u00faka vynikaj\u00faci v\u00fdkon a \u00fa\u010dinnos\u0165, \u010d\u00edm zabezpe\u010duje optim\u00e1lny v\u00fdkon pri odstra\u0148ovan\u00ed snehu a \u010disten\u00ed chodn\u00edkov.<\/p>\n<p>2-tonov\u00fd mal\u00fd hydraulick\u00fd olejov\u00fd valec pre snehov\u00fd pluh sa \u013eahko in\u0161taluje a je kompatibiln\u00fd so \u0161irokou \u0161k\u00e1lou modelov snehov\u00fdch pluhov. Jeho kompaktn\u00fd dizajn umo\u017e\u0148uje flexibilitu pri in\u0161tal\u00e1cii a zais\u0165uje, \u017ee nebude ovplyv\u0148ova\u0165 celkov\u00fa funk\u010dnos\u0165 snehov\u00e9ho pluhu.<\/p>\n<p>Z\u00e1verom mo\u017eno poveda\u0165, \u017ee 2-tonov\u00fd mal\u00fd hydraulick\u00fd olejov\u00fd valec pre snehov\u00fd pluh je \u0161pi\u010dkov\u00fd hydraulick\u00fd valec, ktor\u00fd zaru\u010duje v\u00fdnimo\u010dn\u00fd v\u00fdkon pri odh\u0155\u0148an\u00ed snehu. Jeho spo\u013eahlivos\u0165, odolnos\u0165 a efekt\u00edvna kon\u0161trukcia z neho robia ide\u00e1lnu vo\u013ebu pre t\u00fdch, ktor\u00ed potrebuj\u00fa v\u00fdkonn\u00fd hydraulick\u00fd valec pre svoje snehov\u00e9 pluhy.<\/p>\n<p>Predstavujeme n\u00e1\u0161 vysoko kvalitn\u00fd, robustn\u00fd 2-tonov\u00fd mal\u00fd hydraulick\u00fd olejov\u00fd valec pre snehov\u00fd pluh. Tento novo navrhnut\u00fd produkt, ktor\u00e9ho uvedenie na trh je napl\u00e1novan\u00e9 na rok 2023, je \u0161peci\u00e1lne navrhnut\u00fd pre n\u00e1ro\u010dn\u00e9 aplik\u00e1cie v r\u00f4znych odvetviach vr\u00e1tane opravovn\u00ed strojov, fariem, energetiky a ban\u00edctva, v\u00fdroby strojov a stroj\u00e1rskych z\u00e1vodov.<\/p>\n<h2>Vlastnosti produktu<\/h2>\n<p>Hydraulick\u00fd valec m\u00e1 jednoro\u010dn\u00fa z\u00e1ruku a je vyroben\u00fd z odolnej, vysoko kvalitnej ocele, ktor\u00e1 zais\u0165uje dlhotrvaj\u00faci v\u00fdkon. Ide o \u0161tandardn\u00fd piestov\u00fd valec s hydraulick\u00fdm v\u00fdkonom, ktor\u00fd pon\u00faka maxim\u00e1lny \u0165ah 3000 a maxim\u00e1lny \u0165ah 20 ton.<\/p>\n<h3>Rozmery a \u0161pecifik\u00e1cie<\/h3>\n<ul>\n<li>Ve\u013ekos\u0165 otvoru: 2-6 palcov<\/li>\n<li>Ve\u013ekos\u0165 ty\u010de: 1,125-4 palce<\/li>\n<li>Ve\u013ekos\u0165 zdvihu: 4-100 palcov<\/li>\n<li>Ve\u013ekos\u0165 \u010dapu: 0,5-2 palce<\/li>\n<\/ul>\n<p>Hydraulick\u00fd valec sa dod\u00e1va v elegantnej \u010diernej farbe, ktor\u00e1 mu dod\u00e1va profesion\u00e1lny a robustn\u00fd vzh\u013ead. Je vhodn\u00fd pre hydraulick\u00e9 valce sne\u017en\u00fdch pluhov a je certifikovan\u00fd pod\u013ea normy ISO9001:2000.<\/p>\n<p><img decoding=\"async\" title=\"Hydraulick\u00fd valec snehov\u00e9ho pluhu\" src=\"https:\/\/hzpt.com\/wp-content\/uploads\/2023\/11\/Snow-Plow-Hydraulic-Cylinder-2.webp\" alt=\"Hydraulick\u00fd valec snehov\u00e9ho pluhu\" \/><\/p>\n<h2>V\u00fdhody nastavite\u013en\u00fdch valcov s vidlicov\u00fdm uchyten\u00edm<\/h2>\n<p>Nastavite\u013en\u00e9 valce s vidlicov\u00fdm uchyten\u00edm, ako napr\u00edklad 2-tonov\u00fd mal\u00fd hydraulick\u00fd olejov\u00fd valec pre snehov\u00fd pluh, pon\u00fakaj\u00fa mno\u017estvo v\u00fdhod v r\u00f4znych aplik\u00e1ci\u00e1ch. Tieto valce, navrhnut\u00e9 s uchyten\u00edm vidlicov\u00fdm uchyten\u00edm, poskytuj\u00fa flexibilitu, odolnos\u0165 a spo\u013eahlivos\u0165 pre \u0161irok\u00fa \u0161k\u00e1lu priemyseln\u00fdch a mechanick\u00fdch oper\u00e1ci\u00ed. V tomto \u010dl\u00e1nku presk\u00famame k\u013e\u00fa\u010dov\u00e9 v\u00fdhody nastavite\u013en\u00fdch valcov s vidlicov\u00fdm uchyten\u00edm.<\/p>\n<h3>1. Zv\u00fd\u0161en\u00e1 flexibilita<\/h3>\n<p>Jednou z hlavn\u00fdch v\u00fdhod nastavite\u013en\u00fdch valcov s vidlicov\u00fdm uchyten\u00edm je ich zv\u00fd\u0161en\u00e1 flexibilita. Tieto valce s\u00fa navrhnut\u00e9 tak, aby umo\u017e\u0148ovali nastavite\u013en\u00e9 mont\u00e1\u017ene polohy, \u010do poskytuje v\u00e4\u010d\u0161iu v\u0161estrannos\u0165 v r\u00f4znych aplik\u00e1ci\u00e1ch. V\u010faka mo\u017enosti nastavenia uchytenia vidlicov\u00e9ho uchytenia je mo\u017en\u00e9 valec \u013eahko zarovna\u0165 a pripoji\u0165 k r\u00f4znym komponentom, \u010d\u00edm sa prisp\u00f4sob\u00ed r\u00f4znym mechanick\u00fdm nastaveniam. T\u00e1to flexibilita zais\u0165uje optim\u00e1lny v\u00fdkon a \u00fa\u010dinnos\u0165 v r\u00f4znych prev\u00e1dzkov\u00fdch podmienkach.<\/p>\n<h3>2. Presn\u00e9 polohovanie<\/h3>\n<p>\u010eal\u0161ou v\u00fdznamnou v\u00fdhodou nastavite\u013en\u00fdch valcov s vidlicov\u00fdm uchyten\u00edm je ich schopnos\u0165 presn\u00e9ho polohovania. Upevnenie vidlicov\u00fdm uchyten\u00edm umo\u017e\u0148uje jemn\u00e9 doladenie a presn\u00e9 zarovnanie valca vzh\u013eadom na ostatn\u00e9 mechanick\u00e9 \u010dasti. Toto presn\u00e9 polohovanie umo\u017e\u0148uje lep\u0161iu kontrolu a manipul\u00e1ciu so silami, \u010d\u00edm sa zabezpe\u010duj\u00fa plynul\u00e9 a presn\u00e9 pohyby v kritick\u00fdch oper\u00e1ci\u00e1ch. \u010ci u\u017e ide o zdv\u00edhanie \u0165a\u017ek\u00fdch bremien alebo ovl\u00e1danie pohybu zariaden\u00ed, nastavite\u013en\u00e9 valce s vidlicov\u00fdm uchyten\u00edm poskytuj\u00fa potrebn\u00fa presnos\u0165 pre optim\u00e1lny v\u00fdkon.<\/p>\n<h3>3. Zv\u00fd\u0161en\u00e1 odolnos\u0165<\/h3>\n<p>Nastavite\u013en\u00e9 valce s vidlicov\u00fdm z\u00e1vitom s\u00fa vyroben\u00e9 z vysoko kvalitn\u00fdch materi\u00e1lov, v\u010faka \u010domu s\u00fa ve\u013emi odoln\u00e9 a dlhotrvaj\u00face. Tieto valce s\u00fa navrhnut\u00e9 tak, aby odolali n\u00e1ro\u010dn\u00fdm prev\u00e1dzkov\u00fdm podmienkam vr\u00e1tane vysok\u00e9ho za\u0165a\u017eenia, extr\u00e9mnych tepl\u00f4t a drsn\u00e9ho prostredia. Robustn\u00e1 kon\u0161trukcia a spo\u013eahliv\u00e9 tesniace mechanizmy zabezpe\u010duj\u00fa, \u017ee valec vydr\u017e\u00ed n\u00e1ro\u010dn\u00e9 aplik\u00e1cie bez toho, aby to ohrozilo jeho v\u00fdkon alebo \u0161truktur\u00e1lnu integritu. T\u00e1to zv\u00fd\u0161en\u00e1 odolnos\u0165 sa premieta do zn\u00ed\u017een\u00fdch n\u00e1kladov na \u00fadr\u017ebu a v\u00fdmenu, v\u010faka \u010domu s\u00fa nastavite\u013en\u00e9 valce s vidlicov\u00fdm z\u00e1vitom z dlhodob\u00e9ho h\u013eadiska cenovo v\u00fdhodnou vo\u013ebou.<\/p>\n<h3>4. Zv\u00fd\u0161en\u00e1 efektivita<\/h3>\n<p>Pokia\u013e ide o hydraulick\u00e9 syst\u00e9my, \u00fa\u010dinnos\u0165 je prvorad\u00e1. Nastavite\u013en\u00e9 valce s vidlicov\u00fdm uchyten\u00edm v tomto aspekte vynikaj\u00fa t\u00fdm, \u017ee pon\u00fakaj\u00fa vylep\u0161en\u00fa \u00fa\u010dinnos\u0165 v r\u00f4znych aplik\u00e1ci\u00e1ch. Presn\u00e9 umiestnenie a flexibilita, ktor\u00e9 tieto valce poskytuj\u00fa, minimalizuj\u00fa energetick\u00e9 straty a zabezpe\u010duj\u00fa efekt\u00edvne vyu\u017eitie hydraulick\u00e9ho v\u00fdkonu. Optimaliz\u00e1ciou prenosu sily a zn\u00ed\u017een\u00edm zbyto\u010dn\u00e9ho trenia prispievaj\u00fa nastavite\u013en\u00e9 valce s vidlicov\u00fdm uchyten\u00edm k celkovej \u00fa\u010dinnosti syst\u00e9mu, \u010do vedie k zv\u00fd\u0161enej produktivite a zn\u00ed\u017eenej spotrebe energie.<\/p>\n<h3>5. V\u0161estrann\u00e9 aplik\u00e1cie<\/h3>\n<p>V\u010faka svojej v\u0161estrannosti s\u00fa nastavite\u013en\u00e9 valce s vidlicov\u00fdm uchyten\u00edm vhodn\u00e9 pre \u0161irok\u00fa \u0161k\u00e1lu aplik\u00e1ci\u00ed v r\u00f4znych odvetviach. \u010ci u\u017e ide o stavebn\u00edctvo, v\u00fdrobu, po\u013enohospod\u00e1rstvo alebo dopravu, tieto valce sa daj\u00fa pou\u017ei\u0165 v r\u00f4znych zariadeniach a strojoch. Od snehov\u00fdch pluhov a\u017e po po\u013enohospod\u00e1rske n\u00e1radie, nastavite\u013en\u00e9 valce s vidlicov\u00fdm uchyten\u00edm pon\u00fakaj\u00fa spo\u013eahliv\u00fd v\u00fdkon a prisp\u00f4sobivos\u0165 v r\u00f4znych prev\u00e1dzkov\u00fdch scen\u00e1roch.<\/p>\n<p>Z\u00e1verom mo\u017eno poveda\u0165, \u017ee nastavite\u013en\u00e9 valce s vidlicov\u00fdm uchyten\u00edm, ktor\u00fdch pr\u00edkladom je 2-tonov\u00fd mal\u00fd hydraulick\u00fd olejov\u00fd valec pre snehov\u00fd pluh, poskytuj\u00fa mno\u017estvo v\u00fdhod, pokia\u013e ide o flexibilitu, presn\u00e9 polohovanie, odolnos\u0165, \u00fa\u010dinnos\u0165 a v\u0161estrannos\u0165. V\u010faka svojmu jedine\u010dn\u00e9mu dizajnu a robustnej kon\u0161trukcii pon\u00fakaj\u00fa tieto valce spo\u013eahliv\u00fd v\u00fdkon a prispievaj\u00fa k hladk\u00e9mu chodu priemyseln\u00fdch a mechanick\u00fdch syst\u00e9mov.<\/p>\n<h3>O spolo\u010dnosti FMP \u2013 profesion\u00e1lny v\u00fdrobca a predajca hydraulick\u00fdch valcov<\/h3>\n<p>H\u013ead\u00e1te spo\u013eahliv\u00fd a kvalitn\u00fd hydraulick\u00fd valec pre va\u0161e stavebn\u00e9 stroje? Neh\u013eadajte \u010falej ako FMP! Ako profesion\u00e1lny v\u00fdrobca a predajca dielov a kompletn\u00fdch strojov pre stavebn\u00e9 stroje pon\u00fakame \u0161irok\u00fd sortiment hydraulick\u00fdch valcov navrhnut\u00fdch tak, aby sp\u013a\u0148ali potreby r\u00f4znych aplik\u00e1ci\u00ed.<\/p>\n<p>Tu je nieko\u013eko d\u00f4vodov, pre\u010do by ste si mali vybra\u0165 hydraulick\u00e9 valce FMP:<\/p>\n<p>1. Vysokokvalitn\u00e9 materi\u00e1ly \u2013 Na\u0161e hydraulick\u00e9 valce s\u00fa vyroben\u00e9 z najkvalitnej\u0161\u00edch materi\u00e1lov, aby bola zaru\u010den\u00e1 ich odolnos\u0165, spo\u013eahlivos\u0165 a dlh\u00e1 \u017eivotnos\u0165. Materi\u00e1ly z\u00edskavame od vysokokvalitn\u00fdch dod\u00e1vate\u013eov doma aj v zahrani\u010d\u00ed a podrobujeme ich pr\u00edsnym \u0161tandardom kontroly kvality.<\/p>\n<p>2. Prisp\u00f4sobite\u013en\u00e9 prevedenia \u2013 Pon\u00fakame \u0161irok\u00fa \u0161k\u00e1lu preveden\u00ed hydraulick\u00fdch valcov a vieme ich tie\u017e prisp\u00f4sobi\u0165 pod\u013ea potrieb a \u0161pecifik\u00e1ci\u00ed z\u00e1kazn\u00edka. \u010ci u\u017e potrebujete \u0161tandardn\u00fd valec alebo rie\u0161enie na mieru, pom\u00f4\u017eeme v\u00e1m n\u00e1js\u0165 ten spr\u00e1vny produkt.<\/p>\n<p>3. \u0160irok\u00fd rozsah pou\u017eitia \u2013 Na\u0161e hydraulick\u00e9 valce s\u00fa vhodn\u00e9 pre r\u00f4zne stavebn\u00e9 stroje vr\u00e1tane po\u013enohospod\u00e1rskych strojov, priemyseln\u00fdch zariaden\u00ed a \u010fal\u0161\u00edch. Od valcov seja\u010diek a\u017e po valce r\u00fdpadiel, m\u00e1me ten spr\u00e1vny produkt pre va\u0161e potreby.<\/p>\n<p>4. Profesion\u00e1lne poradenstvo \u2013 N\u00e1\u0161 sk\u00fasen\u00fd obchodn\u00fd t\u00edm je v\u00e1m v\u017edy k dispoz\u00edcii, aby v\u00e1m poskytol profesion\u00e1lne poradenstvo oh\u013eadom produktov a inteligentn\u00e9 n\u00e1vrhy na n\u00e1kup. Sledujeme najnov\u0161ie trendy a potreby z\u00e1kazn\u00edkov v odvetv\u00ed stavebn\u00fdch strojov, aby sme na\u0161im z\u00e1kazn\u00edkom mohli poskytova\u0165 tie najlep\u0161ie slu\u017eby.<\/p>\n<p>5. Efekt\u00edvna logistika \u2013 M\u00e1me efekt\u00edvny logistick\u00fd distribu\u010dn\u00fd syst\u00e9m, ktor\u00fd zabezpe\u010duje, aby z\u00e1kazn\u00edci dostali po\u017eadovan\u00e9 diely v\u010das a presne. Ch\u00e1peme d\u00f4le\u017eitos\u0165 minimaliz\u00e1cie prestojov a udr\u017eiavania bezprobl\u00e9movej prev\u00e1dzky va\u0161ich strojov.<\/p>\n<p>S hydraulick\u00fdmi valcami FMP si m\u00f4\u017eete by\u0165 ist\u00ed kvalitou a spo\u013eahlivos\u0165ou va\u0161ich stavebn\u00fdch strojov. Kontaktujte n\u00e1s e\u0161te dnes a dozviete sa viac o na\u0161ich produktoch a o tom, ako v\u00e1m m\u00f4\u017eeme pom\u00f4c\u0165 n\u00e1js\u0165 to spr\u00e1vne rie\u0161enie pre va\u0161e potreby.<\/p>\n<p><img decoding=\"async\" src=\"https:\/\/fmp-components.com\/wp-content\/uploads\/2024\/12\/Adjustable-Clevis-Type-Cylinders-6.webp\" alt=\"Nastavite\u013en\u00fd valec typu Clevis\" width=\"833\" title=\"\"><\/p>\n<p>Autor: CX<\/p>","protected":false},"excerpt":{"rendered":"<p>2 Ton Small Hydraulic Oil Cylinder Hydraulic Cylinder For Snow Plow The 2 Ton Small Hydraulic Oil Cylinder Hydraulic Cylinder For Snow Plow is a high-quality and durable hydraulic cylinder designed specifically for snow plows. With its compact size and impressive strength, this hydraulic cylinder is capable of lifting heavy loads and providing smooth and [&hellip;]<\/p>","protected":false},"featured_media":1511,"comment_status":"closed","ping_status":"closed","template":"","meta":{"_et_pb_use_builder":"","_et_pb_old_content":"","_et_gb_content_width":""},"product_brand":[],"product_cat":[42],"product_tag":[34,44],"class_list":{"0":"post-1510","1":"product","2":"type-product","3":"status-publish","4":"has-post-thumbnail","6":"product_cat-snow-plow-hydraulic-cylinder","7":"product_tag-hydraulic-cylinder","8":"product_tag-snow-plow-hydraulic-cylinder","10":"first","11":"instock","12":"product-type-simple"},"_links":{"self":[{"href":"https:\/\/fmp-components.com\/sk\/wp-json\/wp\/v2\/product\/1510","targetHints":{"allow":["GET"]}}],"collection":[{"href":"https:\/\/fmp-components.com\/sk\/wp-json\/wp\/v2\/product"}],"about":[{"href":"https:\/\/fmp-components.com\/sk\/wp-json\/wp\/v2\/types\/product"}],"replies":[{"embeddable":true,"href":"https:\/\/fmp-components.com\/sk\/wp-json\/wp\/v2\/comments?post=1510"}],"wp:featuredmedia":[{"embeddable":true,"href":"https:\/\/fmp-components.com\/sk\/wp-json\/wp\/v2\/media\/1511"}],"wp:attachment":[{"href":"https:\/\/fmp-components.com\/sk\/wp-json\/wp\/v2\/media?parent=1510"}],"wp:term":[{"taxonomy":"product_brand","embeddable":true,"href":"https:\/\/fmp-components.com\/sk\/wp-json\/wp\/v2\/product_brand?post=1510"},{"taxonomy":"product_cat","embeddable":true,"href":"https:\/\/fmp-components.com\/sk\/wp-json\/wp\/v2\/product_cat?post=1510"},{"taxonomy":"product_tag","embeddable":true,"href":"https:\/\/fmp-components.com\/sk\/wp-json\/wp\/v2\/product_tag?post=1510"}],"curies":[{"name":"pracovn\u00fd list","href":"https:\/\/api.w.org\/{rel}","templated":true}]}}