{"id":1508,"date":"2024-12-23T05:50:37","date_gmt":"2024-12-23T05:50:37","guid":{"rendered":"https:\/\/fmp-components.com\/product\/cost-effective-customized-stainless-steel-hydraulic-cylinder-double-acting-hydraulic-cylinder\/"},"modified":"2024-12-23T06:24:34","modified_gmt":"2024-12-23T06:24:34","slug":"cost-effective-customized-stainless-steel-hydraulic-cylinder-double-acting-hydraulic-cylinder","status":"publish","type":"product","link":"https:\/\/fmp-components.com\/sk\/product\/cost-effective-customized-stainless-steel-hydraulic-cylinder-double-acting-hydraulic-cylinder\/","title":{"rendered":"Cenovo v\u00fdhodn\u00fd hydraulick\u00fd valec z nehrdzavej\u00facej ocele na mieru s dvoj\u010dinn\u00fdm hydraulick\u00fdm valcom"},"content":{"rendered":"<p>Cenovo v\u00fdhodn\u00fd hydraulick\u00fd valec z nehrdzavej\u00facej ocele na mieru, dvoj\u010dinn\u00fd hydraulick\u00fd valec Cenovo v\u00fdhodn\u00fd hydraulick\u00fd valec z nehrdzavej\u00facej ocele na mieru, dvoj\u010dinn\u00fd hydraulick\u00fd valec je vysoko kvalitn\u00fd hydraulick\u00fd valec navrhnut\u00fd tak, aby sp\u013a\u0148al r\u00f4zne priemyseln\u00e9 potreby. Tento produkt je vyroben\u00fd z nehrdzavej\u00facej ocele, \u010do zaru\u010duje odolnos\u0165 a odolnos\u0165 vo\u010di kor\u00f3zii. Je tie\u017e prisp\u00f4soben\u00fd \u0161pecifick\u00fdm po\u017eiadavk\u00e1m z\u00e1kazn\u00edka.<\/p>\n<p>Jednou z najpozoruhodnej\u0161\u00edch vlastnost\u00ed tohto hydraulick\u00e9ho valca je, \u017ee je dvoj\u010dinn\u00fd. To znamen\u00e1, \u017ee dok\u00e1\u017ee generova\u0165 silu v oboch smeroch, v\u010faka \u010domu je v porovnan\u00ed s jedno\u010dinn\u00fdmi valcami efekt\u00edvnej\u0161\u00ed a v\u0161estrannej\u0161\u00ed. Je vhodn\u00fd pre \u0161irok\u00fa \u0161k\u00e1lu priemyseln\u00fdch aplik\u00e1ci\u00ed, ako je stavebn\u00edctvo, ban\u00edctvo a v\u00fdroba.<\/p>\n<p>Cenovo v\u00fdhodn\u00fd dvoj\u010dinn\u00fd hydraulick\u00fd valec z nehrdzavej\u00facej ocele na mieru je navrhnut\u00fd tak, aby bol n\u00e1kladovo efekt\u00edvny, \u010do znamen\u00e1, \u017ee poskytuje vynikaj\u00faci pomer ceny a kvality. Je vyroben\u00fd tak, aby vydr\u017eal a vy\u017eaduje si minim\u00e1lnu \u00fadr\u017ebu, \u010do pom\u00e1ha zni\u017eova\u0165 n\u00e1klady v priebehu \u010dasu. Jeho z\u00e1kazkov\u00fd dizajn navy\u0161e znamen\u00e1, \u017ee je prisp\u00f4soben\u00fd \u0161pecifick\u00fdm potreb\u00e1m z\u00e1kazn\u00edka, \u010do pom\u00e1ha minimalizova\u0165 odpad a optimalizova\u0165 efektivitu.<\/p>\n<p>Stru\u010dne povedan\u00e9, cenovo dostupn\u00fd dvoj\u010dinn\u00fd hydraulick\u00fd valec z nehrdzavej\u00facej ocele na mieru je spo\u013eahliv\u00fd a v\u0161estrann\u00fd hydraulick\u00fd valec, ktor\u00fd je navrhnut\u00fd tak, aby sp\u013a\u0148al r\u00f4zne priemyseln\u00e9 potreby. Jeho kon\u0161trukcia z nehrdzavej\u00facej ocele, dvoj\u010dinn\u00e1 funkcia a prisp\u00f4sobite\u013en\u00fd dizajn z neho robia cenovo v\u00fdhodn\u00e9 rie\u0161enie pre odvetvia, ktor\u00e9 vy\u017eaduj\u00fa vysoko kvalitn\u00e9 hydraulick\u00e9 valce.<\/p>\n<div>\n<h2>Cenovo v\u00fdhodn\u00fd hydraulick\u00fd valec z nehrdzavej\u00facej ocele na mieru pre va\u0161e hydraulick\u00e9 potreby<\/h2>\n<p>Predstavujeme v\u00e1m n\u00e1\u0161 dvoj\u010dinn\u00fd hydraulick\u00fd valec z nehrdzavej\u00facej ocele na mieru \u2013 perfektn\u00e9 rie\u0161enie pre va\u0161e hydraulick\u00e9 potreby. N\u00e1\u0161 produkt je navrhnut\u00fd s oh\u013eadom na presnos\u0165, odolnos\u0165 a kvalitu, v\u010faka \u010domu je ide\u00e1lny pre r\u00f4zne odvetvia, ako s\u00fa opravovne strojov, farmy, energetika a ban\u00edctvo, v\u00fdroba strojov a stroj\u00e1rne.<\/p>\n<p><img decoding=\"async\" title=\"Hydraulick\u00fd valec snehov\u00e9ho pluhu\" src=\"https:\/\/hzpt.com\/wp-content\/uploads\/2023\/11\/Snow-Plow-Hydraulic-Cylinder-3.webp\" alt=\"Hydraulick\u00fd valec snehov\u00e9ho pluhu\" \/><\/p>\n<h2>Vlastnosti produktu<\/h2>\n<p>N\u00e1\u0161 hydraulick\u00fd valec sa m\u00f4\u017ee pochv\u00e1li\u0165 mno\u017estvom funkci\u00ed, ktor\u00e9 ho odli\u0161uj\u00fa od konkurencie. Je vyroben\u00fd z odolnej nehrdzavej\u00facej ocele, \u010do zaru\u010duje dlhotrvaj\u00faci v\u00fdkon a minim\u00e1lnu \u00fadr\u017ebu. Je tie\u017e prisp\u00f4sobite\u013en\u00fd, \u010do v\u00e1m umo\u017e\u0148uje prisp\u00f4sobi\u0165 si ho va\u0161im \u0161pecifick\u00fdm potreb\u00e1m.<\/p>\n<ul>\n<li><b>Stav:<\/b> Nov\u00e9<\/li>\n<li><b>Z\u00e1ruka:<\/b> 1 rok<\/li>\n<li><b>Maxim\u00e1lny \u0165ah:<\/b> 3000<\/li>\n<li><b>Maxim\u00e1lny \u0165ah:<\/b> 20 ton<\/li>\n<li><b>Certifik\u00e1cia:<\/b> ISO9001:2000<\/li>\n<li><b>Ve\u013ekos\u0165 otvoru:<\/b> 2-6 palcov<\/li>\n<li><b>Ve\u013ekos\u0165 ty\u010de:<\/b> 1,125-4 palca<\/li>\n<li><b>Ve\u013ekos\u0165 \u0165ahu:<\/b> 4-100 palcov<\/li>\n<li><b>Ve\u013ekos\u0165 \u010dapu:<\/b> 0,5-2 palce<\/li>\n<\/ul>\n<\/div>\n<h2>V\u00fdhody nastavite\u013en\u00fdch valcov s vidlicov\u00fdm uchyten\u00edm<\/h2>\n<p>Nastavite\u013en\u00e9 valce s vidlicov\u00fdm uchyten\u00edm s\u00fa z\u00e1kladnou s\u00fa\u010das\u0165ou hydraulick\u00fdch syst\u00e9mov. Tieto valce sa pou\u017e\u00edvaj\u00fa na premenu hydraulickej energie na mechanick\u00fa silu. Be\u017ene sa vyskytuj\u00fa v r\u00f4znych aplik\u00e1ci\u00e1ch vr\u00e1tane stavebn\u00edctva, v\u00fdroby a dopravy. V tomto \u010dl\u00e1nku sa budeme venova\u0165 v\u00fdhod\u00e1m nastavite\u013en\u00fdch valcov s vidlicov\u00fdm uchyten\u00edm.<\/p>\n<p>1. <b>N\u00e1kladovo efekt\u00edvne<\/b><\/p>\n<p>Jednou z hlavn\u00fdch v\u00fdhod nastavite\u013en\u00fdch valcov s vidlicov\u00fdm uz\u00e1verom je ich n\u00e1kladov\u00e1 efekt\u00edvnos\u0165. S\u00fa navrhnut\u00e9 tak, aby boli odoln\u00e9 a dlhotrvaj\u00face, \u010do znamen\u00e1, \u017ee si vy\u017eaduj\u00fa menej \u00fadr\u017eby a menej opr\u00e1v. Okrem toho s\u00fa vyroben\u00e9 z vysoko kvalitn\u00fdch materi\u00e1lov, ako je nehrdzavej\u00faca oce\u013e, \u010do prispieva k ich dlhej \u017eivotnosti a spo\u013eahlivosti.<\/p>\n<p>2. <b>Prisp\u00f4sobite\u013en\u00e9<\/b><\/p>\n<p>\u010eal\u0161ou v\u00fdhodou nastavite\u013en\u00fdch valcov s vidlicov\u00fdm uz\u00e1verom je, \u017ee ich mo\u017eno prisp\u00f4sobi\u0165 \u0161pecifick\u00fdm priemyseln\u00fdm alebo komer\u010dn\u00fdm po\u017eiadavk\u00e1m. V\u00fdrobcovia m\u00f4\u017eu upravova\u0165 ve\u013ekos\u0165, tvar a vlastnosti t\u00fdchto valcov, ako napr\u00edklad prid\u00e1va\u0165 otvory a mo\u017enosti mont\u00e1\u017ee, aby vyhovovali potreb\u00e1m svojich z\u00e1kazn\u00edkov. Toto prisp\u00f4sobenie zabezpe\u010duje, \u017ee valce s\u00fa optimalizovan\u00e9 pre ich zam\u00fd\u0161\u013ean\u00e9 pou\u017eitie, \u010do zvy\u0161uje ich \u00fa\u010dinnos\u0165 a efekt\u00edvnos\u0165.<\/p>\n<p>3. <b>Kon\u0161trukcia z nehrdzavej\u00facej ocele<\/b><\/p>\n<p>Nastavite\u013en\u00e9 valce s vidlicov\u00fdm uchyten\u00edm sa \u010dasto vyr\u00e1baj\u00fa z nehrdzavej\u00facej ocele, \u010do je materi\u00e1l, ktor\u00fd pon\u00faka vynikaj\u00facu odolnos\u0165, odolnos\u0165 proti kor\u00f3zii a pevnos\u0165. V\u010faka pou\u017eitiu nehrdzavej\u00facej ocele tieto valce odol\u00e1vaj\u00fa n\u00e1ro\u010dn\u00fdm podmienkam prostredia, ako s\u00fa vysok\u00e9 teploty a vystavenie chemik\u00e1li\u00e1m. Okrem toho sa valce z nehrdzavej\u00facej ocele \u013eahko \u010distia a udr\u017eiavaj\u00fa, \u010do m\u00f4\u017ee pom\u00f4c\u0165 pred\u013a\u017ei\u0165 ich \u017eivotnos\u0165.<\/p>\n<p>4. <b>Dvoj\u010dinn\u00fd<\/b><\/p>\n<p>Nastavite\u013en\u00e9 valce s vidlicov\u00fdm uchyten\u00edm m\u00f4\u017eu by\u0165 navrhnut\u00e9 ako dvoj\u010dinn\u00e9 valce, \u010do znamen\u00e1, \u017ee dok\u00e1\u017eu generova\u0165 silu v oboch smeroch. T\u00e1to funkcia je u\u017eito\u010dn\u00e1 v aplik\u00e1ci\u00e1ch, kde sa vy\u017eaduje presn\u00e9 ovl\u00e1danie a pohyb, ako napr\u00edklad vo v\u00fdrobe a stavebn\u00edctve. Dvoj\u010dinn\u00e9 valce s\u00fa tie\u017e \u00fa\u010dinnej\u0161ie ako jedno\u010dinn\u00e9 valce, \u010do m\u00f4\u017ee prispie\u0165 k celkov\u00fdm \u00faspor\u00e1m n\u00e1kladov.<\/p>\n<p>Z\u00e1verom mo\u017eno poveda\u0165, \u017ee nastavite\u013en\u00e9 valce s vidlicov\u00fdm uchyten\u00edm pon\u00fakaj\u00fa oproti in\u00fdm typom hydraulick\u00fdch valcov nieko\u013eko v\u00fdhod. S\u00fa cenovo dostupn\u00e9, prisp\u00f4sobite\u013en\u00e9, vyroben\u00e9 z nehrdzavej\u00facej ocele a daj\u00fa sa navrhn\u00fa\u0165 ako dvoj\u010dinn\u00e9 valce. V\u010faka t\u00fdmto vlastnostiam s\u00fa vynikaj\u00facou vo\u013ebou pre priemyseln\u00e9 a komer\u010dn\u00e9 aplik\u00e1cie, ktor\u00e9 vy\u017eaduj\u00fa spo\u013eahliv\u00e9, \u00fa\u010dinn\u00e9 a dlhotrvaj\u00face hydraulick\u00e9 valce.<\/p>\n<h3>O FMP<\/h3>\n<p>FMP je popredn\u00e1 spolo\u010dnos\u0165 \u0161pecializuj\u00faca sa na v\u00fdrobu a predaj hydraulick\u00fdch valcov. V\u010faka na\u0161im rozsiahlym sk\u00fasenostiam v odvetv\u00ed a profesion\u00e1lnemu t\u00edmu sa zav\u00e4zujeme poskytova\u0165 na\u0161im z\u00e1kazn\u00edkom vysoko kvalitn\u00e9 a spo\u013eahliv\u00e9 rie\u0161enia v oblasti hydraulick\u00fdch valcov.<\/p>\n<p>Tu je 5 k\u013e\u00fa\u010dov\u00fdch v\u00fdhod na\u0161ich produktov a spolo\u010dnosti:<\/p>\n<p>1. \u0160irok\u00fd sortiment produktov: Pon\u00fakame \u0161irok\u00fd sortiment hydraulick\u00fdch valcov vr\u00e1tane nastavite\u013en\u00fdch valcov s vidlicov\u00fdm uchyten\u00edm, ako je uveden\u00e9 ni\u017e\u0161ie:<\/p>\n<p><img decoding=\"async\" src=\"https:\/\/fmp-components.com\/wp-content\/uploads\/2024\/12\/Adjustable-Clevis-Type-Cylinders-6.webp\" alt=\"Nastavite\u013en\u00fd valec typu Clevis\" width=\"832\" title=\"\"><\/p>\n<p>2. Vynikaj\u00faca kvalita: Vybudovali sme dlhodob\u00e9 a stabiln\u00e9 partnersk\u00e9 vz\u0165ahy s vysoko kvalitn\u00fdmi dod\u00e1vate\u013emi, \u010d\u00edm zabezpe\u010dujeme, \u017ee v\u0161etky na\u0161e hydraulick\u00e9 valce sp\u013a\u0148aj\u00fa pr\u00edsne normy kvality. N\u00e1\u0161 z\u00e1v\u00e4zok ku kvalite n\u00e1s odli\u0161uje od konkurencie.<\/p>\n<p>3. Profesion\u00e1lny obchodn\u00fd t\u00edm: N\u00e1\u0161 sk\u00fasen\u00fd a kvalifikovan\u00fd obchodn\u00fd t\u00edm m\u00e1 bohat\u00e9 znalosti o v\u00fdvojov\u00fdch trendoch a potreb\u00e1ch z\u00e1kazn\u00edkov v odvetv\u00ed hydraulick\u00fdch valcov. Je odhodlan\u00fd poskytova\u0165 profesion\u00e1lne poradenstvo oh\u013eadom produktov a inteligentn\u00e9 n\u00e1vrhy na n\u00e1kup.<\/p>\n<p>4. Efekt\u00edvna logistick\u00e1 distrib\u00facia: Ch\u00e1peme d\u00f4le\u017eitos\u0165 v\u010dasn\u00fdch a presn\u00fdch dod\u00e1vok. V\u010faka n\u00e1\u0161mu efekt\u00edvnemu logistick\u00e9mu distribu\u010dn\u00e9mu syst\u00e9mu zabezpe\u010dujeme, aby z\u00e1kazn\u00edci dostali potrebn\u00e9 hydraulick\u00e9 valce v\u010das.<\/p>\n<p>5. Komplexn\u00e9 rie\u0161enia: Okrem hydraulick\u00fdch valcov pon\u00fakame \u0161irok\u00fd sortiment dielov pre stavebn\u00e9 stroje a kompletn\u00e9 strojov\u00e9 rie\u0161enia. To umo\u017e\u0148uje na\u0161im z\u00e1kazn\u00edkom n\u00e1js\u0165 v\u0161etky potrebn\u00e9 komponenty a pr\u00edslu\u0161enstvo na jednom mieste, \u010do \u0161etr\u00ed \u010das a n\u00e1mahu.<\/p>\n<p>Poz\u00fdvame v\u00e1s, aby ste sa s nami spojili a vysk\u00fa\u0161ali si vynikaj\u00face vlastnosti hydraulick\u00fdch valcov FMP. Kontaktujte n\u00e1s e\u0161te dnes, aby sme prediskutovali va\u0161e \u0161pecifick\u00e9 po\u017eiadavky a n\u00e1\u0161 t\u00edm v\u00e1m pomohol n\u00e1js\u0165 perfektn\u00e9 rie\u0161enie hydraulick\u00e9ho valca pre va\u0161e potreby.<\/p>\n<h2>\u010casto kladen\u00e9 ot\u00e1zky<\/h2>\n<h3>Ot\u00e1zka: Ste obchodn\u00e1 spolo\u010dnos\u0165 alebo v\u00fdrobca?<\/h3>\n<p>A: Sme tov\u00e1re\u0148 na v\u00fdrobu hydraulick\u00fdch valcov a in\u00fdch s\u00fa\u010diastok pre po\u013enohospod\u00e1rske stroje.<\/p>\n<h3>Ot\u00e1zka: Ak\u00e1 je va\u0161a dodacia lehota?<\/h3>\n<p>A: Na\u0161a \u0161tandardn\u00e1 dodacia lehota je 25-35 dn\u00ed.<\/p>\n<h3>Ot\u00e1zka: Poskytujete vzorky? S\u00fa bezplatn\u00e9 alebo za pr\u00edplatok?<\/h3>\n<p>A: \u00c1no, poskytujeme vzorky, ale nie s\u00fa zadarmo.<\/p>\n<p>Autor: CX<\/p>","protected":false},"excerpt":{"rendered":"<p>Cost Effective Customized Stainless Steel Hydraulic Cylinder Double Acting Hydraulic CylinderCost Effective Customized Stainless Steel Hydraulic Cylinder Double Acting Hydraulic Cylinder is a high-quality hydraulic cylinder designed to meet various industrial needs. This product is made of stainless steel, which ensures durability and resistance to corrosion. It is also customized to meet the specific requirements [&hellip;]<\/p>","protected":false},"featured_media":1509,"comment_status":"closed","ping_status":"closed","template":"","meta":{"_et_pb_use_builder":"","_et_pb_old_content":"","_et_gb_content_width":""},"product_brand":[],"product_cat":[42],"product_tag":[34,44],"class_list":{"0":"post-1508","1":"product","2":"type-product","3":"status-publish","4":"has-post-thumbnail","6":"product_cat-snow-plow-hydraulic-cylinder","7":"product_tag-hydraulic-cylinder","8":"product_tag-snow-plow-hydraulic-cylinder","10":"first","11":"instock","12":"product-type-simple"},"_links":{"self":[{"href":"https:\/\/fmp-components.com\/sk\/wp-json\/wp\/v2\/product\/1508","targetHints":{"allow":["GET"]}}],"collection":[{"href":"https:\/\/fmp-components.com\/sk\/wp-json\/wp\/v2\/product"}],"about":[{"href":"https:\/\/fmp-components.com\/sk\/wp-json\/wp\/v2\/types\/product"}],"replies":[{"embeddable":true,"href":"https:\/\/fmp-components.com\/sk\/wp-json\/wp\/v2\/comments?post=1508"}],"wp:featuredmedia":[{"embeddable":true,"href":"https:\/\/fmp-components.com\/sk\/wp-json\/wp\/v2\/media\/1509"}],"wp:attachment":[{"href":"https:\/\/fmp-components.com\/sk\/wp-json\/wp\/v2\/media?parent=1508"}],"wp:term":[{"taxonomy":"product_brand","embeddable":true,"href":"https:\/\/fmp-components.com\/sk\/wp-json\/wp\/v2\/product_brand?post=1508"},{"taxonomy":"product_cat","embeddable":true,"href":"https:\/\/fmp-components.com\/sk\/wp-json\/wp\/v2\/product_cat?post=1508"},{"taxonomy":"product_tag","embeddable":true,"href":"https:\/\/fmp-components.com\/sk\/wp-json\/wp\/v2\/product_tag?post=1508"}],"curies":[{"name":"pracovn\u00fd list","href":"https:\/\/api.w.org\/{rel}","templated":true}]}}