{"id":1506,"date":"2024-12-23T05:50:37","date_gmt":"2024-12-23T05:50:37","guid":{"rendered":"https:\/\/fmp-components.com\/product\/premium-quality-snow-plow-2-ton-hydraulic-cylinder-small-hydraulic-cylinder\/"},"modified":"2024-12-23T06:28:21","modified_gmt":"2024-12-23T06:28:21","slug":"premium-quality-snow-plow-2-ton-hydraulic-cylinder-small-hydraulic-cylinder","status":"publish","type":"product","link":"https:\/\/fmp-components.com\/sk\/product\/premium-quality-snow-plow-2-ton-hydraulic-cylinder-small-hydraulic-cylinder\/","title":{"rendered":"Hydraulick\u00fd valec pr\u00e9miovej kvality pre snehov\u00fd pluh, 2 tony, mal\u00fd hydraulick\u00fd valec"},"content":{"rendered":"<p>Vysokokvalitn\u00fd 2-tonov\u00fd hydraulick\u00fd valec pre snehov\u00fd pluh Mal\u00fd hydraulick\u00fd valec Predstavujeme 2-tonov\u00fd hydraulick\u00fd valec a mal\u00fd hydraulick\u00fd valec pre snehov\u00fd pluh prvotriednej kvality:<\/p>\n<p>Hydraulick\u00fd valec pr\u00e9miovej kvality pre 2-tonov\u00fd snehov\u00fd pluh a mal\u00fd hydraulick\u00fd valec s\u00fa \u0161pi\u010dkov\u00e9 produkty navrhnut\u00e9 tak, aby sp\u013a\u0148ali v\u0161etky va\u0161e hydraulick\u00e9 potreby. V\u010faka svojmu v\u00fdnimo\u010dn\u00e9mu v\u00fdkonu a odolnosti s\u00fa tieto valce ide\u00e1lne pre \u0161irok\u00fa \u0161k\u00e1lu aplik\u00e1ci\u00ed.<\/p>\n<p>Hydraulick\u00fd valec pre snehov\u00fd pluh s nosnos\u0165ou 2 tony je \u0161peci\u00e1lne navrhnut\u00fd na zvl\u00e1dnutie n\u00e1ro\u010dn\u00fdch \u00faloh odh\u0155\u0148ania snehu. Jeho vysoko kvalitn\u00e1 kon\u0161trukcia zais\u0165uje spo\u013eahliv\u00fd v\u00fdkon aj v drsn\u00fdch poveternostn\u00fdch podmienkach. Tento valec pon\u00faka siln\u00fa hydraulick\u00fa silu, ktor\u00e1 v\u00e1m umo\u017en\u00ed bez n\u00e1mahy odstra\u0148ova\u0165 sneh a \u013ead z pr\u00edjazdovej cesty, parkov\u00edsk alebo akejko\u013evek inej oblasti, ktor\u00fa je potrebn\u00e9 zbavi\u0165 nahromaden\u00e9ho snehu.<\/p>\n<p>Na druhej strane, mal\u00fd hydraulick\u00fd valec je v\u0161estrann\u00e9 a kompaktn\u00e9 rie\u0161enie pre r\u00f4zne aplik\u00e1cie. Jeho kompaktn\u00e9 rozmery ho robia ide\u00e1lnym pre stiesnen\u00e9 priestory, kam sa v\u00e4\u010d\u0161ie valce nezmestia. Napriek svojej malej ve\u013ekosti poskytuje tento hydraulick\u00fd valec p\u00f4sobiv\u00fd v\u00fdkon, v\u010faka \u010domu je vhodn\u00fd pre \u00falohy, ako je zdv\u00edhanie a polohovanie zariaden\u00ed, pohon strojov alebo dokonca v automobilov\u00fdch aplik\u00e1ci\u00e1ch.<\/p>\n<p>Oba valce s\u00fa navrhnut\u00e9 s presnos\u0165ou a vyroben\u00e9 pre dlh\u00fa \u017eivotnos\u0165. S\u00fa vyroben\u00e9 z prvotriednych materi\u00e1lov, ktor\u00e9 zaru\u010duj\u00fa dlhotrvaj\u00facu odolnos\u0165 a spo\u013eahliv\u00fd v\u00fdkon. Tieto valce s\u00fa navrhnut\u00e9 tak, aby odolali vysok\u00e9mu za\u0165a\u017eeniu a extr\u00e9mnym prev\u00e1dzkov\u00fdm podmienkam, v\u010faka \u010domu s\u00fa spo\u013eahlivou vo\u013ebou pre profesion\u00e1lov aj nad\u0161encov.<\/p>\n<p>Z\u00e1verom mo\u017eno poveda\u0165, \u017ee pr\u00e9miov\u00fd hydraulick\u00fd valec pre 2-tonov\u00fd snehov\u00fd pluh a mal\u00fd hydraulick\u00fd valec s\u00fa nevyhnutn\u00e9 n\u00e1stroje, ktor\u00e9 pon\u00fakaj\u00fa v\u00fdnimo\u010dn\u00fd v\u00fdkon a spo\u013eahlivos\u0165. \u010ci u\u017e potrebujete odprata\u0165 sneh alebo potrebujete kompaktn\u00e9 hydraulick\u00e9 rie\u0161enie, tieto valce s\u00fa perfektnou vo\u013ebou. Investujte do t\u00fdchto vysoko kvalitn\u00fdch produktov a za\u017eite ich v\u00fdkon a spo\u013eahlivos\u0165.<\/p>\n<h2>Objavte 2-tonov\u00fd hydraulick\u00fd valec pre snehov\u00fd pluh<\/h2>\n<p>Hydraulick\u00fd valec na snehov\u00fd pluh s nosnos\u0165ou 2 tony je v\u00fdnimo\u010dn\u00fd produkt, ktor\u00fd je robustn\u00fd a spo\u013eahliv\u00fd, v\u010faka \u010domu je ide\u00e1lny pre n\u00e1ro\u010dn\u00e9 aplik\u00e1cie. V\u010faka svojej prvotriednej kvalite sa dod\u00e1va s ro\u010dnou z\u00e1rukou, ktor\u00e1 zaru\u010duje jeho trval\u00fd v\u00fdkon a kvalitu.<\/p>\n<h2>Vlastnosti produktu<\/h2>\n<p>Tento hydraulick\u00fd valec je navrhnut\u00fd pre n\u00e1ro\u010dn\u00e9 aplik\u00e1cie a poskytuje maxim\u00e1lny posuv 3000 a maxim\u00e1lny \u0165ah 20 ton. Jeho kon\u0161trukcia tela je vyroben\u00e1 z odolnej ocele, \u010do zaru\u010duje, \u017ee vydr\u017e\u00ed aj n\u00e1ro\u010dn\u00e9 pou\u017e\u00edvanie. Medzi pozoruhodn\u00e9 vlastnosti patria:<\/p>\n<ul>\n<li>\u0160tandardn\u00e1 kon\u0161trukcia piestov\u00e9ho valca<\/li>\n<li>Hydraulick\u00fd syst\u00e9m<\/li>\n<li>Pou\u017eite\u013en\u00e9 v r\u00f4znych odvetviach, ako s\u00fa opravovne strojov, farmy, energetika a ban\u00edctvo, v\u00fdroba strojov a stroj\u00e1rne.<\/li>\n<li>Certifik\u00e1cia ISO9001:2000<\/li>\n<li>Ve\u013ekos\u0165 otvoru: 2-6 palcov<\/li>\n<li>Ve\u013ekos\u0165 ty\u010de: 1,125-4 palce<\/li>\n<li>Ve\u013ekos\u0165 zdvihu: 4-100 palcov<\/li>\n<li>Ve\u013ekos\u0165 \u010dapu: 0,5-2 palce<\/li>\n<li>Dostupn\u00e9 v \u010diernej farbe<\/li>\n<\/ul>\n<p><img decoding=\"async\" title=\"Hydraulick\u00fd valec snehov\u00e9ho pluhu\" src=\"https:\/\/hzpt.com\/wp-content\/uploads\/2023\/11\/Snow-Plow-Hydraulic-Cylinder-1.webp\" alt=\"Hydraulick\u00fd valec snehov\u00e9ho pluhu\" \/><\/p>\n<h2>\u00dadr\u017eba produktu<\/h2>\n<p>Pre zaistenie dlhotrvaj\u00facej \u00fa\u010dinnosti hydraulick\u00e9ho valca sne\u017en\u00e9ho pluhu je nevyhnutn\u00e1 pravideln\u00e1 \u00fadr\u017eba. Na k\u013e\u00fa\u010dov\u00e9 komponenty, konkr\u00e9tne lo\u017eisko a hydraulick\u00fd valec, sa vz\u0165ahuje 1-ro\u010dn\u00e1 z\u00e1ruka, \u010do odr\u00e1\u017ea d\u00f4veru v kvalitu v\u00fdroby a odolnos\u0165.<\/p>\n<h2>Aplik\u00e1cie<\/h2>\n<p>Hydraulick\u00fd valec pre odh\u0155\u0148a\u010d snehu je vhodn\u00fd najm\u00e4 pre opravovne strojov, farmy, energetiku a ban\u00edctvo, v\u00fdrobu strojov a stroj\u00e1rne. Jeho kompaktn\u00e1 ve\u013ekos\u0165 a nosnos\u0165 2 tony z neho robia ide\u00e1lnu vo\u013ebu pre mal\u00e9 a\u017e stredne ve\u013ek\u00e9 aplik\u00e1cie.<\/p>\n<h2>V\u00fdhody nastavite\u013en\u00fdch valcov s vidlicov\u00fdm uchyten\u00edm<\/h2>\n<p>Nastavite\u013en\u00e9 valce s vidlicov\u00fdm uchyten\u00edm, ako napr\u00edklad vysokokvalitn\u00fd hydraulick\u00fd valec pre snehov\u00fd pluh s nosnos\u0165ou 2 tony a mal\u00fd hydraulick\u00fd valec, pon\u00fakaj\u00fa mno\u017estvo v\u00fdhod, v\u010faka ktor\u00fdm s\u00fa ob\u013e\u00fabenou vo\u013ebou v r\u00f4znych odvetviach. Tieto valce s\u00fa navrhnut\u00e9 s oh\u013eadom na presnos\u0165 a \u00fa\u010dinnos\u0165 a poskytuj\u00fa pou\u017e\u00edvate\u013eom zv\u00fd\u0161en\u00fd v\u00fdkon a spo\u013eahlivos\u0165. V tomto \u010dl\u00e1nku presk\u00famame v\u00fdhody nastavite\u013en\u00fdch valcov s vidlicov\u00fdm uchyten\u00edm a zd\u00f4razn\u00edme, pre\u010do s\u00fa preferovanou vo\u013ebou pre mnoh\u00e9 aplik\u00e1cie.<\/p>\n<h3>1. Zv\u00fd\u0161en\u00e1 flexibilita<\/h3>\n<p>Jednou z k\u013e\u00fa\u010dov\u00fdch v\u00fdhod nastavite\u013en\u00fdch valcov s vidlicov\u00fdm uchyten\u00edm je ich schopnos\u0165 pon\u00faknu\u0165 zv\u00fd\u0161en\u00fa flexibilitu. Tieto valce maj\u00fa na konci ty\u010de uchytenie vidlicov\u00fdm uchyten\u00edm, \u010do umo\u017e\u0148uje jednoduch\u00e9 nastavenie a polohovanie. T\u00e1to flexibilita umo\u017e\u0148uje pou\u017e\u00edvate\u013eom prisp\u00f4sobi\u0165 d\u013a\u017eku zdvihu valca pod\u013ea ich \u0161pecifick\u00fdch po\u017eiadaviek, v\u010faka \u010domu je vhodn\u00fd pre \u0161irok\u00fa \u0161k\u00e1lu aplik\u00e1ci\u00ed. \u010ci u\u017e ide o stavebn\u00edctvo, po\u013enohospod\u00e1rstvo alebo manipul\u00e1ciu s materi\u00e1lom, nastavite\u013en\u00fd valec s vidlicov\u00fdm uchyten\u00edm poskytuje v\u0161estrannos\u0165 potrebn\u00fa na efekt\u00edvne zvl\u00e1dnutie r\u00f4znych \u00faloh.<\/p>\n<h3>2. Presn\u00e9 ovl\u00e1danie<\/h3>\n<p>\u010eal\u0161ou pozoruhodnou v\u00fdhodou nastavite\u013en\u00fdch valcov s vidlicov\u00fdm uz\u00e1verom je ich schopnos\u0165 presne ovl\u00e1da\u0165. Tieto valce s\u00fa navrhnut\u00e9 tak, aby poskytovali presn\u00fd a kontrolovan\u00fd pohyb, \u010d\u00edm zabezpe\u010duj\u00fa plynul\u00fd a efekt\u00edvny chod. V\u010faka nastavite\u013enej d\u013a\u017eke zdvihu m\u00f4\u017eu pou\u017e\u00edvatelia jemne doladi\u0165 pohyby valca a dosiahnu\u0165 po\u017eadovan\u00fa \u00farove\u0148 presnosti. T\u00e1to \u00farove\u0148 ovl\u00e1dania je obzvl\u00e1\u0161\u0165 d\u00f4le\u017eit\u00e1 v aplik\u00e1ci\u00e1ch, kde je presnos\u0165 prvorad\u00e1, ako napr\u00edklad v robotike, automatiz\u00e1cii a v\u00fdrobn\u00fdch procesoch.<\/p>\n<h3>3. Trvanlivos\u0165 a spo\u013eahlivos\u0165<\/h3>\n<p>Pr\u00e9miov\u00fd hydraulick\u00fd valec a mal\u00fd hydraulick\u00fd valec pre odh\u0155\u0148a\u010d snehu s nosnos\u0165ou 2 tony, oba nastavite\u013en\u00e9 valce s vidlicov\u00fdm uchyten\u00edm, s\u00fa skon\u0161truovan\u00e9 tak, aby odolali n\u00e1ro\u010dn\u00e9mu prostrediu a intenz\u00edvnemu pou\u017e\u00edvaniu. Tieto valce s\u00fa vyroben\u00e9 z vysoko kvalitn\u00fdch materi\u00e1lov, \u010do zaru\u010duje odolnos\u0165 a spo\u013eahlivos\u0165 aj v extr\u00e9mnych podmienkach. S\u00fa skon\u0161truovan\u00e9 tak, aby odol\u00e1vali kor\u00f3zii, oderu a opotrebovaniu, v\u010faka \u010domu s\u00fa vhodn\u00e9 na dlhodob\u00e9 pou\u017e\u00edvanie v n\u00e1ro\u010dn\u00fdch podmienkach. Nastavite\u013en\u00e9 valce s vidlicov\u00fdm uchyten\u00edm s\u00fa navrhnut\u00e9 tak, aby poskytovali konzistentn\u00fd v\u00fdkon, zni\u017eovali prestoje a zvy\u0161ovali celkov\u00fa produktivitu.<\/p>\n<h3>4. Jednoduch\u00e1 \u00fadr\u017eba<\/h3>\n<p>Nastavite\u013en\u00e9 vidlicov\u00e9 valce s\u00fa navrhnut\u00e9 s oh\u013eadom na jednoduch\u00fa \u00fadr\u017ebu. Tieto valce maj\u00fa \u013eahko pr\u00edstupn\u00e9 komponenty, \u010do umo\u017e\u0148uje jednoduch\u00fa kontrolu a servis. Pri spr\u00e1vnej \u00fadr\u017ebe m\u00f4\u017eu valce pracova\u0165 s optim\u00e1lnou \u00fa\u010dinnos\u0165ou dlh\u0161iu dobu, \u010d\u00edm sa minimalizuje potreba \u010dast\u00fdch opr\u00e1v alebo v\u00fdmen. Jednoduch\u00e1 \u00fadr\u017eba spojen\u00e1 s nastavite\u013en\u00fdmi vidlicov\u00fdmi valcami z nich rob\u00ed n\u00e1kladovo efekt\u00edvnu vo\u013ebu pre podniky, preto\u017ee m\u00f4\u017eu dosiahnu\u0165 dlh\u0161iu \u017eivotnos\u0165 s minim\u00e1lnymi prestojmi.<\/p>\n<h3>5. \u0160irok\u00e1 \u0161k\u00e1la mo\u017enost\u00ed<\/h3>\n<p>Nastavite\u013en\u00e9 hydraulick\u00e9 valce s vidlicov\u00fdm uchyten\u00edm sa dod\u00e1vaj\u00fa v \u0161irokej \u0161k\u00e1le ve\u013ekost\u00ed, konfigur\u00e1ci\u00ed a \u0161pecifik\u00e1ci\u00ed, \u010do pou\u017e\u00edvate\u013eom poskytuje dostatok mo\u017enost\u00ed na v\u00fdber. \u010ci u\u017e ide o mal\u00fd hydraulick\u00fd valec pre kompaktn\u00e9 stroje alebo v\u00e4\u010d\u0161\u00ed pre \u0165a\u017ek\u00e9 stroje, k dispoz\u00edcii je vhodn\u00fd nastavite\u013en\u00fd valec s vidlicov\u00fdm uchyten\u00edm. T\u00e1to rozmanitos\u0165 mo\u017enost\u00ed umo\u017e\u0148uje pou\u017e\u00edvate\u013eom vybra\u0165 si valce, ktor\u00e9 najlep\u0161ie sp\u013a\u0148aj\u00fa ich \u0161pecifick\u00e9 po\u017eiadavky, a zabezpe\u010duje optim\u00e1lny v\u00fdkon a \u00fa\u010dinnos\u0165 v ich aplik\u00e1ci\u00e1ch.<\/p>\n<p>Z\u00e1verom mo\u017eno poveda\u0165, \u017ee nastavite\u013en\u00e9 valce s vidlicov\u00fdm uchyten\u00edm, ako napr\u00edklad vysokokvalitn\u00fd hydraulick\u00fd valec pre snehov\u00fd pluh s nosnos\u0165ou 2 tony a mal\u00fd hydraulick\u00fd valec, pon\u00fakaj\u00fa nieko\u013eko v\u00fdhod, v\u010faka ktor\u00fdm s\u00fa preferovanou vo\u013ebou v r\u00f4znych odvetviach. V\u010faka svojej zv\u00fd\u0161enej flexibilite, presn\u00e9mu ovl\u00e1daniu, odolnosti, jednoduchej \u00fadr\u017ebe a \u0161irokej \u0161k\u00e1le mo\u017enost\u00ed poskytuj\u00fa tieto valce pou\u017e\u00edvate\u013eom potrebn\u00fd v\u00fdkon a spo\u013eahlivos\u0165. \u010ci u\u017e ide o stavebn\u00edctvo, po\u013enohospod\u00e1rstvo alebo manipul\u00e1ciu s materi\u00e1lom, nastavite\u013en\u00e9 valce s vidlicov\u00fdm uchyten\u00edm sa ukazuj\u00fa ako nevyhnutn\u00e9 n\u00e1stroje na efekt\u00edvne a \u00fa\u010dinn\u00e9 vykon\u00e1vanie \u00faloh.<\/p>\n<h3>O hydraulickom valci FMP<\/h3>\n<p>Spolo\u010dnos\u0165 FMP sa venuje poskytovaniu vysokokvalitn\u00fdch a spo\u013eahliv\u00fdch dielov pre stavebn\u00e9 stroje a kompletn\u00fdch strojov\u00fdch rie\u0161en\u00ed. N\u00e1\u0161 hydraulick\u00fd valec je jedn\u00fdm z najob\u013e\u00fabenej\u0161\u00edch produktov v na\u0161om sortimente. Tu je p\u00e4\u0165 d\u00f4vodov, pre\u010do by ste si mali vybra\u0165 hydraulick\u00fd valec od spolo\u010dnosti FMP:<\/p>\n<ol>\n<li><strong>Vynikaj\u00faca kvalita:<\/strong> N\u00e1\u0161 hydraulick\u00fd valec je vyroben\u00fd z vysoko kvalitn\u00fdch materi\u00e1lov, \u010do zaru\u010duje jeho odolnos\u0165 a dlh\u00fa \u017eivotnos\u0165. Je navrhnut\u00fd a vyroben\u00fd s presnos\u0165ou, aby sp\u013a\u0148al pr\u00edsne normy kvality a zabezpe\u010doval tak, \u017ee odol\u00e1 aj n\u00e1ro\u010dn\u00fdm pracovn\u00fdm podmienkam.<\/li>\n<li><strong>Prisp\u00f4sobite\u013en\u00e9:<\/strong> N\u00e1\u0161 hydraulick\u00fd valec je mo\u017en\u00e9 prisp\u00f4sobi\u0165 va\u0161im \u0161pecifick\u00fdm po\u017eiadavk\u00e1m. Pon\u00fakame \u0161irok\u00fa \u0161k\u00e1lu mo\u017enost\u00ed vr\u00e1tane ve\u013ekost\u00ed otvorov, d\u013a\u017eok zdvihu a sp\u00f4sobov mont\u00e1\u017ee. N\u00e1\u0161 t\u00edm odborn\u00edkov v\u00e1m poskytne profesion\u00e1lne konzult\u00e1cie o produktoch a inteligentn\u00e9 n\u00e1vrhy na n\u00e1kup, ktor\u00e9 v\u00e1m pom\u00f4\u017eu vybra\u0165 ten spr\u00e1vny hydraulick\u00fd valec pre va\u0161e potreby.<\/li>\n<li><strong>Jednoduch\u00e1 in\u0161tal\u00e1cia:<\/strong> N\u00e1\u0161 hydraulick\u00fd valec je navrhnut\u00fd tak, aby sa dal \u013eahko in\u0161talova\u0165, \u010d\u00edm sa skr\u00e1tia prestoje a zv\u00fd\u0161i produktivita. Dod\u00e1va sa so \u0161irokou \u0161k\u00e1lou mo\u017enost\u00ed mont\u00e1\u017ee, ktor\u00e9 sa daj\u00fa jednoducho nain\u0161talova\u0165 na va\u0161e zariadenie.<\/li>\n<li><strong>Konkuren\u010dn\u00e1 cena:<\/strong> Pon\u00fakame konkurencieschopn\u00e9 ceny bez kompromisov v kvalite. Vybudovan\u00edm dlhodob\u00fdch a stabiln\u00fdch partnersk\u00fdch vz\u0165ahov s mnoh\u00fdmi kvalitn\u00fdmi dod\u00e1vate\u013emi doma aj v zahrani\u010d\u00ed zabezpe\u010dujeme, aby v\u0161etky dod\u00e1van\u00e9 diely sp\u013a\u0148ali pr\u00edsne \u0161tandardy kvality.<\/li>\n<li><strong>Efekt\u00edvny logistick\u00fd distribu\u010dn\u00fd syst\u00e9m:<\/strong> M\u00e1me efekt\u00edvny logistick\u00fd distribu\u010dn\u00fd syst\u00e9m, ktor\u00fd zabezpe\u010duje, aby z\u00e1kazn\u00edci dostali po\u017eadovan\u00e9 diely v\u010das a presne. \u00dazko spolupracujeme s na\u0161imi logistick\u00fdmi partnermi, aby sme z\u00e1kazn\u00edkom na celom svete poskytovali r\u00fdchle a spo\u013eahliv\u00e9 dodacie slu\u017eby.<\/li>\n<\/ol>\n<p><img decoding=\"async\" src=\"https:\/\/fmp-components.com\/wp-content\/uploads\/2024\/12\/Adjustable-Clevis-Type-Cylinders-6.webp\" alt=\"Nastavite\u013en\u00fd valec typu Clevis\" width=\"831\" title=\"\"><\/p>\n<p>S hydraulick\u00fdm valcom FMP si m\u00f4\u017eete by\u0165 ist\u00ed vynikaj\u00facou kvalitou, prisp\u00f4soben\u00edm, jednoduchou in\u0161tal\u00e1ciou, konkurencieschopn\u00fdmi cenami a efekt\u00edvnou logistickou distrib\u00faciou. Kontaktujte n\u00e1s e\u0161te dnes a dozviete sa viac o na\u0161ich produktoch a slu\u017eb\u00e1ch a my v\u00e1m pom\u00f4\u017eeme n\u00e1js\u0165 ten spr\u00e1vny hydraulick\u00fd valec pre va\u0161e potreby.<\/p>\n<h2>\u010casto kladen\u00e9 ot\u00e1zky<\/h2>\n<h3>Ot\u00e1zka: Ste obchodn\u00e1 spolo\u010dnos\u0165 alebo v\u00fdrobca?<\/h3>\n<p>A: Sme tov\u00e1re\u0148.<\/p>\n<h3>Ot\u00e1zka: Ak\u00e1 je va\u0161a dodacia lehota?<\/h3>\n<p>A: Vo v\u0161eobecnosti je to 25-35 dn\u00ed.<\/p>\n<h3>Ot\u00e1zka: Poskytujete vzorky? Je to zadarmo alebo navy\u0161e?<\/h3>\n<p>A: \u00c1no, mohli by sme pon\u00faknu\u0165 vzorku, ale nie je zadarmo.<\/p>\n<p><img decoding=\"async\" title=\"Hydraulick\u00fd valec snehov\u00e9ho pluhu\" src=\"https:\/\/hzpt.com\/wp-content\/uploads\/2023\/11\/Snow-Plow-Hydraulic-Cylinder-3.webp\" alt=\"Hydraulick\u00fd valec snehov\u00e9ho pluhu\" \/><\/p>\n<p>Autor: CX<\/p>","protected":false},"excerpt":{"rendered":"<p>Premium Quality Snow Plow 2 Ton Hydraulic Cylinder Small Hydraulic CylinderIntroducing the Premium Quality Snow Plow 2 Ton Hydraulic Cylinder and Small Hydraulic Cylinder: The Premium Quality Snow Plow 2 Ton Hydraulic Cylinder and Small Hydraulic Cylinder are top-of-the-line products designed to meet all your hydraulic needs. With their exceptional performance and durability, these cylinders [&hellip;]<\/p>","protected":false},"featured_media":1507,"comment_status":"closed","ping_status":"closed","template":"","meta":{"_et_pb_use_builder":"","_et_pb_old_content":"","_et_gb_content_width":""},"product_brand":[],"product_cat":[42],"product_tag":[34,44],"class_list":{"0":"post-1506","1":"product","2":"type-product","3":"status-publish","4":"has-post-thumbnail","6":"product_cat-snow-plow-hydraulic-cylinder","7":"product_tag-hydraulic-cylinder","8":"product_tag-snow-plow-hydraulic-cylinder","10":"first","11":"instock","12":"product-type-simple"},"_links":{"self":[{"href":"https:\/\/fmp-components.com\/sk\/wp-json\/wp\/v2\/product\/1506","targetHints":{"allow":["GET"]}}],"collection":[{"href":"https:\/\/fmp-components.com\/sk\/wp-json\/wp\/v2\/product"}],"about":[{"href":"https:\/\/fmp-components.com\/sk\/wp-json\/wp\/v2\/types\/product"}],"replies":[{"embeddable":true,"href":"https:\/\/fmp-components.com\/sk\/wp-json\/wp\/v2\/comments?post=1506"}],"wp:featuredmedia":[{"embeddable":true,"href":"https:\/\/fmp-components.com\/sk\/wp-json\/wp\/v2\/media\/1507"}],"wp:attachment":[{"href":"https:\/\/fmp-components.com\/sk\/wp-json\/wp\/v2\/media?parent=1506"}],"wp:term":[{"taxonomy":"product_brand","embeddable":true,"href":"https:\/\/fmp-components.com\/sk\/wp-json\/wp\/v2\/product_brand?post=1506"},{"taxonomy":"product_cat","embeddable":true,"href":"https:\/\/fmp-components.com\/sk\/wp-json\/wp\/v2\/product_cat?post=1506"},{"taxonomy":"product_tag","embeddable":true,"href":"https:\/\/fmp-components.com\/sk\/wp-json\/wp\/v2\/product_tag?post=1506"}],"curies":[{"name":"pracovn\u00fd list","href":"https:\/\/api.w.org\/{rel}","templated":true}]}}