{"id":1502,"date":"2024-12-23T05:50:37","date_gmt":"2024-12-23T05:50:37","guid":{"rendered":"https:\/\/fmp-components.com\/product\/high-quality-customized-snow-plow-hydraulic-piston-cylinder\/"},"modified":"2024-12-23T06:26:31","modified_gmt":"2024-12-23T06:26:31","slug":"high-quality-customized-snow-plow-hydraulic-piston-cylinder","status":"publish","type":"product","link":"https:\/\/fmp-components.com\/sk\/product\/high-quality-customized-snow-plow-hydraulic-piston-cylinder\/","title":{"rendered":"Vysokokvalitn\u00fd hydraulick\u00fd piestov\u00fd valec na snehov\u00fd pluh na mieru"},"content":{"rendered":"<p>Vysokokvalitn\u00fd hydraulick\u00fd piestov\u00fd valec pre snehov\u00fd pluh na mieruVysokokvalitn\u00fd hydraulick\u00fd piestov\u00fd valec pre snehov\u00fd pluh na mieru je nevyhnutnos\u0165ou pre ka\u017ed\u00e9ho, kto chce zabezpe\u010di\u0165 plynul\u00e9 a efekt\u00edvne odh\u0155\u0148anie snehu. Tento produkt je navrhnut\u00fd tak, aby poskytoval najvy\u0161\u0161iu \u00farove\u0148 v\u00fdkonu a spo\u013eahlivosti aj v t\u00fdch najn\u00e1ro\u010dnej\u0161\u00edch podmienkach.<\/p>\n<p>Tento hydraulick\u00fd piestov\u00fd valec je vyroben\u00fd z najkvalitnej\u0161\u00edch materi\u00e1lov a skon\u0161truovan\u00fd tak, aby vydr\u017eal, a je odoln\u00fd aj spo\u013eahliv\u00fd. Je schopn\u00fd zvl\u00e1dnu\u0165 \u0165a\u017ek\u00e9 bremen\u00e1 a \u013eahko odol\u00e1va extr\u00e9mnym teplot\u00e1m, v\u010faka \u010domu je ide\u00e1lnou vo\u013ebou pre ka\u017ed\u00e9ho, kto potrebuje kvalitn\u00fd a dlhotrvaj\u00faci hydraulick\u00fd piestov\u00fd valec pre odh\u0155\u0148a\u010d snehu.<\/p>\n<p>Okrem toho je mo\u017en\u00e9 tento produkt prisp\u00f4sobi\u0165 jedine\u010dn\u00fdm potreb\u00e1m ka\u017ed\u00e9ho z\u00e1kazn\u00edka, \u010d\u00edm sa zabezpe\u010d\u00ed, \u017ee bude dokonale prisp\u00f4soben\u00fd jeho \u0161pecifick\u00fdm po\u017eiadavk\u00e1m. \u010ci u\u017e potrebujete piestov\u00fd valec v\u00e4\u010d\u0161\u00ed alebo men\u0161\u00ed, alebo tak\u00fd, ktor\u00fd je ur\u010den\u00fd pre konkr\u00e9tny typ snehov\u00e9ho pluhu, tento produkt je mo\u017en\u00e9 prisp\u00f4sobi\u0165 va\u0161im potreb\u00e1m.<\/p>\n<p>Celkovo, ak potrebujete vysoko kvalitn\u00fd, odoln\u00fd a spo\u013eahliv\u00fd hydraulick\u00fd piestov\u00fd valec pre snehov\u00fd pluh, neh\u013eadajte \u010falej ako vysoko kvalitn\u00fd hydraulick\u00fd piestov\u00fd valec pre snehov\u00fd pluh na mieru. V\u010faka svojmu vynikaj\u00facemu v\u00fdkonu a prisp\u00f4sobite\u013en\u00e9mu dizajnu v\u00e1m tento produkt ur\u010dite poskytne potrebn\u00e9 v\u00fdsledky. Predstavujeme v\u00e1m n\u00e1\u0161 vysoko kvalitn\u00fd hydraulick\u00fd piestov\u00fd valec pre snehov\u00fd pluh na mieru, nov\u00fd, \u0161pi\u010dkov\u00fd produkt navrhnut\u00fd tak, aby zrevolucionizoval va\u0161e opravovne strojov, farmy, energetick\u00e9 a bansk\u00e9 prev\u00e1dzky, v\u00fdrobu strojov a \u010fal\u0161ie pr\u00edslu\u0161n\u00e9 odvetvia. Hydraulick\u00fd piestov\u00fd valec pre snehov\u00fd pluh, vyroben\u00fd s presnos\u0165ou, zaru\u010duje robustnos\u0165, spo\u013eahlivos\u0165 a pozoruhodn\u00fd v\u00fdkon.<\/p>\n<p><img decoding=\"async\" title=\"Hydraulick\u00fd valec snehov\u00e9ho pluhu\" src=\"https:\/\/hzpt.com\/wp-content\/uploads\/2023\/11\/Snow-Plow-Hydraulic-Cylinder-1.webp\" alt=\"Hydraulick\u00fd valec snehov\u00e9ho pluhu\" \/><\/p>\n<h2>Vlastnosti hydraulick\u00e9ho piestov\u00e9ho valca<\/h2>\n<p>N\u00e1\u0161 hydraulick\u00fd piestov\u00fd valec pre snehov\u00fd pluh sa vyzna\u010duje v\u00fdnimo\u010dn\u00fdmi vlastnos\u0165ami, medzi ktor\u00e9 patria:<\/p>\n<ul>\n<li>Jednoro\u010dn\u00e1 z\u00e1ruka v\u00e1m zaru\u010d\u00ed jeho kvalitu a odolnos\u0165.<\/li>\n<li>Certifik\u00e1cia ISO 9001:2000, ktor\u00e1 sved\u010d\u00ed o vysok\u00fdch \u0161tandardoch v\u00fdroby.<\/li>\n<li>\u0160tandardn\u00e1 kon\u0161trukcia a kon\u0161trukcia piestov\u00e9ho valca zabezpe\u010duj\u00faca kompatibilitu s v\u00e4\u010d\u0161inou strojov.<\/li>\n<li>Vyroben\u00e9 z ocele, s\u013eubuj\u00face robustnos\u0165 a dlh\u00fa \u017eivotnos\u0165.<\/li>\n<li>Maxim\u00e1lny \u0165ah 3000 a maxim\u00e1lny \u0165ah 20 ton zaru\u010duj\u00fa siln\u00fd v\u00fdkon.<\/li>\n<li>R\u00f4zne mo\u017enosti ve\u013ekost\u00ed pre v\u0155tanie, ty\u010d, zdvih a \u010dap, aby vyhovovali va\u0161im \u0161pecifick\u00fdm potreb\u00e1m.<\/li>\n<li>K dispoz\u00edcii s portami G\/SAE\/NPT\/M.<\/li>\n<li>Jeho elegantn\u00e1 \u010dierna farba umoc\u0148uje jeho profesion\u00e1lny vzh\u013ead.<\/li>\n<\/ul>\n<h2>\u00dadr\u017eba a pou\u017eitie hydraulick\u00e9ho piestov\u00e9ho valca<\/h2>\n<p>\u00dadr\u017eba n\u00e1\u0161ho hydraulick\u00e9ho piestov\u00e9ho valca pre snehov\u00fd pluh je jednoduch\u00e1 a priamo\u010diara, \u010do zais\u0165uje dlh\u00fa \u017eivotnos\u0165 produktu a optim\u00e1lny v\u00fdkon. S ro\u010dnou z\u00e1rukou na z\u00e1kladn\u00e9 komponenty vr\u00e1tane lo\u017eiska a hydraulick\u00e9ho valca s\u013eubujeme n\u00e1\u0161 produkt spo\u013eahlivos\u0165 a robustnos\u0165. Jeho vyu\u017eitie je rozsiahle a rozmanit\u00e9, od opravovn\u00ed strojov, fariem, energetiky a ban\u00edctva, v\u00fdroby strojov a \u010fal\u0161\u00edch, v\u010faka \u010domu je v\u0161estrann\u00fdm a nepostr\u00e1date\u013en\u00fdm n\u00e1strojom v mnoh\u00fdch odvetviach.<img decoding=\"async\" title=\"Hydraulick\u00fd valec snehov\u00e9ho pluhu\" src=\"https:\/\/hzpt.com\/wp-content\/uploads\/2023\/11\/Snow-Plow-Hydraulic-Cylinder-3.webp\" alt=\"Hydraulick\u00fd valec snehov\u00e9ho pluhu\" \/><\/p>\n<h2>V\u00fdhody nastavite\u013en\u00fdch valcov s vidlicov\u00fdm uchyten\u00edm<\/h2>\n<p>Nastavite\u013en\u00e9 valce s vidlicovou vidlicou, ako napr\u00edklad vysokokvalitn\u00fd hydraulick\u00fd piestov\u00fd valec pre sne\u017en\u00e9 pluhy na mieru, pon\u00fakaj\u00fa v r\u00f4znych aplik\u00e1ci\u00e1ch nieko\u013eko v\u00fdrazn\u00fdch v\u00fdhod. Tieto valce s\u00fa navrhnut\u00e9 so \u0161pecifick\u00fdmi vlastnos\u0165ami, ktor\u00e9 zlep\u0161uj\u00fa ich funk\u010dnos\u0165 a v\u00fdkon, v\u010faka \u010domu s\u00fa ob\u013e\u00fabenou vo\u013ebou v mnoh\u00fdch odvetviach. Ni\u017e\u0161ie s\u00fa uveden\u00e9 niektor\u00e9 k\u013e\u00fa\u010dov\u00e9 v\u00fdhody nastavite\u013en\u00fdch valcov s vidlicovou vidlicou:<\/p>\n<p>1. Zv\u00fd\u0161en\u00e1 flexibilita: Nastavite\u013en\u00e9 valce s vidlicov\u00fdm uchyten\u00edm poskytuj\u00fa vysok\u00fd stupe\u0148 flexibility, pokia\u013e ide o mo\u017enosti mont\u00e1\u017ee. Kon\u0161trukcia nastavite\u013en\u00e9ho vidlicov\u00e9ho uchytenia umo\u017e\u0148uje jednoduch\u00e9 pripevnenie k r\u00f4znym zariadeniam alebo strojom, \u010d\u00edm poskytuje v\u0161estrann\u00e9 rie\u0161enie pre r\u00f4zne aplik\u00e1cie. T\u00e1to flexibilita eliminuje potrebu vlastn\u00fdch mont\u00e1\u017enych konzol, \u010d\u00edm \u0161etr\u00ed \u010das a n\u00e1klady na in\u0161tal\u00e1ciu.<\/p>\n<p>2. Presn\u00e9 nastavenie d\u013a\u017eky: Jednou z v\u00fdznamn\u00fdch v\u00fdhod nastavite\u013en\u00fdch valcov s vidlicov\u00fdm uz\u00e1verom je mo\u017enos\u0165 nastavenia d\u013a\u017eky valca pod\u013ea \u0161pecifick\u00fdch po\u017eiadaviek. T\u00e1to funkcia umo\u017e\u0148uje presn\u00e9 polohovanie a zabezpe\u010duje optim\u00e1lny v\u00fdkon a funk\u010dnos\u0165. V\u010faka jednoduch\u00e9mu nastaveniu d\u013a\u017eky sa valec dok\u00e1\u017ee prisp\u00f4sobi\u0165 r\u00f4znym d\u013a\u017ekam zdvihu, v\u010faka \u010domu je vhodn\u00fd pre \u0161irok\u00fa \u0161k\u00e1lu \u00faloh.<\/p>\n<p>3. Optimalizovan\u00fd v\u00fdkon: Nastavite\u013en\u00e9 valce s vidlicov\u00fdm uz\u00e1verom s\u00fa navrhnut\u00e9 tak, aby poskytovali vysoko kvalitn\u00fd v\u00fdkon v n\u00e1ro\u010dn\u00fdch podmienkach. Tieto valce s\u00fa skon\u0161truovan\u00e9 s pou\u017eit\u00edm pokro\u010dilej technol\u00f3gie tesnenia, ktor\u00e1 zais\u0165uje spo\u013eahliv\u00fa a efekt\u00edvnu prev\u00e1dzku aj v n\u00e1ro\u010dn\u00fdch podmienkach. Presn\u00e1 v\u00fdroba a pou\u017eitie vysoko kvalitn\u00fdch materi\u00e1lov prispievaj\u00fa k odolnosti a dlhej \u017eivotnosti t\u00fdchto valcov.<\/p>\n<p>4. Zv\u00fd\u0161en\u00e1 nosnos\u0165: \u010eal\u0161ou v\u00fdhodou pou\u017eitia nastavite\u013en\u00fdch valcov s vidlicov\u00fdm z\u00e1vesom je ich schopnos\u0165 zvl\u00e1da\u0165 \u0165a\u017ek\u00e9 bremen\u00e1. Tieto valce s\u00fa navrhnut\u00e9 tak, aby poskytovali robustn\u00e9 zdv\u00edhacie a tla\u010dn\u00e9 schopnosti, v\u010faka \u010domu s\u00fa vhodn\u00e9 pre aplik\u00e1cie, ktor\u00e9 vy\u017eaduj\u00fa zna\u010dn\u00fa silu. Robustn\u00e1 kon\u0161trukcia a presn\u00e9 spracovanie umo\u017e\u0148uj\u00fa valcom odol\u00e1va\u0165 \u0165a\u017ek\u00fdm bremen\u00e1m bez kompromisov v oblasti v\u00fdkonu alebo bezpe\u010dnosti.<\/p>\n<p>5. Vylep\u0161en\u00e9 bezpe\u010dnostn\u00e9 prvky: Nastavite\u013en\u00e9 valce s vidlicov\u00fdm uz\u00e1verom uprednost\u0148uj\u00fa bezpe\u010dnos\u0165 t\u00fdm, \u017ee obsahuj\u00fa r\u00f4zne prvky na predch\u00e1dzanie nehod\u00e1m alebo po\u0161kodeniu. Tieto valce \u010dasto obsahuj\u00fa zabudovan\u00e9 bezpe\u010dnostn\u00e9 z\u00e1mky alebo mechanizmy na zabezpe\u010denie bezpe\u010dn\u00e9ho upevnenia a zabr\u00e1nenie ne\u00famyseln\u00e9mu pohybu. Okrem toho m\u00f4\u017eu by\u0165 niektor\u00e9 modely vybaven\u00e9 syst\u00e9mami ochrany proti pre\u0165a\u017eeniu alebo pretlakov\u00fdmi ventilmi na ochranu pred nadmernou silou alebo tlakom.<\/p>\n<p>Z\u00e1verom mo\u017eno poveda\u0165, \u017ee nastavite\u013en\u00e9 valce s vidlicov\u00fdm z\u00e1vitom, ako napr\u00edklad vysokokvalitn\u00fd hydraulick\u00fd piestov\u00fd valec pre snehov\u00e9 pluhy na mieru, pon\u00fakaj\u00fa nieko\u013eko v\u00fdhod, v\u010faka ktor\u00fdm s\u00fa preferovanou vo\u013ebou v mnoh\u00fdch aplik\u00e1ci\u00e1ch. K ich popularite prispieva ich flexibilita v mo\u017enostiach mont\u00e1\u017ee, presn\u00e9 nastavenie d\u013a\u017eky, optimalizovan\u00fd v\u00fdkon, zv\u00fd\u0161en\u00e1 nosnos\u0165 a vylep\u0161en\u00e9 bezpe\u010dnostn\u00e9 prvky. \u010ci u\u017e sa pou\u017e\u00edvaj\u00fa v snehov\u00fdch pluhoch, stavebn\u00fdch zariadeniach alebo in\u00fdch priemyseln\u00fdch strojoch, tieto valce poskytuj\u00fa spo\u013eahliv\u00fd a efekt\u00edvny hydraulick\u00fd v\u00fdkon pre r\u00f4zne \u00falohy.<\/p>\n<h3>O hydraulickom valci FMP<\/h3>\n<p>FMP je spolo\u010dnos\u0165, ktor\u00e1 z\u00e1kazn\u00edkom poskytuje vysoko kvalitn\u00e9 a spo\u013eahliv\u00e9 hydraulick\u00e9 valce a kompletn\u00e9 strojn\u00e9 rie\u0161enia. Na\u0161e hydraulick\u00e9 valce sa \u0161iroko pou\u017e\u00edvaj\u00fa v r\u00f4znych typoch stavebn\u00fdch strojov vr\u00e1tane prevodoviek po\u013enohospod\u00e1rskych strojov, plan\u00e9tov\u00fdch prevodoviek, priemyseln\u00fdch prevodoviek a s\u00fa\u010diastok po\u013enohospod\u00e1rskych strojov. Tu je 5 d\u00f4vodov, pre\u010do by ste si mali vybra\u0165 FMP:<\/p>\n<p>1. Vysok\u00e9 \u0161tandardy kvality: V spolo\u010dnosti FMP budujeme dlhodob\u00e9 a stabiln\u00e9 partnersk\u00e9 vz\u0165ahy s mnoh\u00fdmi kvalitn\u00fdmi dod\u00e1vate\u013emi doma aj v zahrani\u010d\u00ed, \u010d\u00edm zabezpe\u010dujeme, aby v\u0161etky dod\u00e1van\u00e9 hydraulick\u00e9 valce sp\u013a\u0148ali pr\u00edsne \u0161tandardy kvality. Na\u0161e hydraulick\u00e9 valce s\u00fa odoln\u00e9, efekt\u00edvne a maj\u00fa dlh\u00fa \u017eivotnos\u0165, \u010do m\u00f4\u017ee z\u00e1kazn\u00edkom u\u0161etri\u0165 n\u00e1klady na \u00fadr\u017ebu a opravy.<\/p>\n<p>2. Profesion\u00e1lny t\u00edm: FMP m\u00e1 sk\u00fasen\u00fd a kvalifikovan\u00fd obchodn\u00fd t\u00edm, ktor\u00fd je obozn\u00e1men\u00fd s v\u00fdvojov\u00fdmi trendmi a potrebami z\u00e1kazn\u00edkov v odvetv\u00ed stavebn\u00fdch strojov. Dok\u00e1\u017ee poskytn\u00fa\u0165 profesion\u00e1lne poradenstvo oh\u013eadom produktov a inteligentn\u00e9 n\u00e1vrhy na n\u00e1kup, \u010d\u00edm z\u00e1kazn\u00edkom pom\u00f4\u017ee vybra\u0165 si najvhodnej\u0161ie hydraulick\u00e9 valce pre ich stroje.<\/p>\n<p>3. \u0160irok\u00fd sortiment produktov: Sortiment produktov spolo\u010dnosti FMP je \u0161irok\u00fd a zah\u0155\u0148a r\u00f4zne typy hydraulick\u00fdch valcov, ako s\u00fa nastavite\u013en\u00e9 valce s vidlicov\u00fdm z\u00e1vesom, teleskopick\u00e9 valce a zv\u00e1ran\u00e9 hydraulick\u00e9 valce. Pon\u00fakame tie\u017e rad \u0161pi\u010dkov\u00e9ho pr\u00edslu\u0161enstva, ktor\u00e9 k nim zodpoved\u00e1, ako s\u00fa hydraulick\u00e9 \u010derpadl\u00e1, ventily a filtre, aby sme splnili r\u00f4zne potreby z\u00e1kazn\u00edkov.<\/p>\n<p>4. Efekt\u00edvna logistick\u00e1 distrib\u00facia: FMP m\u00e1 efekt\u00edvny logistick\u00fd distribu\u010dn\u00fd syst\u00e9m, ktor\u00fd zabezpe\u010duje, aby z\u00e1kazn\u00edci dostali potrebn\u00e9 hydraulick\u00e9 valce v\u010das a presne. Poskytujeme r\u00fdchle a spo\u013eahliv\u00e9 prepravn\u00e9 slu\u017eby, aby sme z\u00e1kazn\u00edkom \u0161etrili \u010das a predi\u0161li strat\u00e1m sp\u00f4soben\u00fdm me\u0161kan\u00edm.<\/p>\n<p>5. Profesion\u00e1lny popredajn\u00fd servis: Spolo\u010dnos\u0165 FMP sa zav\u00e4zuje poskytova\u0165 z\u00e1kazn\u00edkom profesion\u00e1lny popredajn\u00fd servis. Ak maj\u00fa z\u00e1kazn\u00edci ak\u00e9ko\u013evek ot\u00e1zky alebo probl\u00e9my po\u010das pou\u017e\u00edvania na\u0161ich hydraulick\u00fdch valcov, n\u00e1\u0161 popredajn\u00fd t\u00edm poskytne v\u010dasn\u00e9 a efekt\u00edvne rie\u0161enia, aby sa zabezpe\u010dila bezprobl\u00e9mov\u00e1 prev\u00e1dzka strojov z\u00e1kazn\u00edkov.<\/p>\n<p><img decoding=\"async\" src=\"https:\/\/fmp-components.com\/wp-content\/uploads\/2024\/12\/Adjustable-Clevis-Type-Cylinders-6.webp\" alt=\"Nastavite\u013en\u00fd valec typu Clevis\" width=\"829\" title=\"\"><\/p>\n<p>Zvo\u013ete si FMP, vyberte si kvalitn\u00e9 a spo\u013eahliv\u00e9 hydraulick\u00e9 valce pre va\u0161e stavebn\u00e9 stroje.<\/p>\n<h2>\u010casto kladen\u00e9 ot\u00e1zky<\/h2>\n<h3>Ot\u00e1zka: Ste obchodn\u00e1 spolo\u010dnos\u0165 alebo v\u00fdrobca?<\/h3>\n<p>A: Sme v\u00fdrobca.<\/p>\n<h3>Ot\u00e1zka: Ak\u00e1 je va\u0161a dodacia lehota?<\/h3>\n<p>A: Na\u0161a dodacia lehota je zvy\u010dajne 25-35 dn\u00ed.<\/p>\n<h3>Ot\u00e1zka: Poskytujete vzorky? Je to zadarmo alebo navy\u0161e?<\/h3>\n<p>A: \u00c1no, poskytujeme vzorky, ale nie s\u00fa zadarmo.<\/p>\n<p>Autor: CX<\/p>","protected":false},"excerpt":{"rendered":"<p>High Quality Customized Snow Plow Hydraulic Piston CylinderHigh Quality Customized Snow Plow Hydraulic Piston Cylinder is a must-have for anyone who wants to ensure a smooth and efficient snow plowing experience. This product is designed to provide the highest level of performance and reliability in even the harshest conditions. Crafted from the finest materials and [&hellip;]<\/p>","protected":false},"featured_media":1503,"comment_status":"closed","ping_status":"closed","template":"","meta":{"_et_pb_use_builder":"","_et_pb_old_content":"","_et_gb_content_width":""},"product_brand":[],"product_cat":[42],"product_tag":[34,44],"class_list":{"0":"post-1502","1":"product","2":"type-product","3":"status-publish","4":"has-post-thumbnail","6":"product_cat-snow-plow-hydraulic-cylinder","7":"product_tag-hydraulic-cylinder","8":"product_tag-snow-plow-hydraulic-cylinder","10":"first","11":"instock","12":"product-type-simple"},"_links":{"self":[{"href":"https:\/\/fmp-components.com\/sk\/wp-json\/wp\/v2\/product\/1502","targetHints":{"allow":["GET"]}}],"collection":[{"href":"https:\/\/fmp-components.com\/sk\/wp-json\/wp\/v2\/product"}],"about":[{"href":"https:\/\/fmp-components.com\/sk\/wp-json\/wp\/v2\/types\/product"}],"replies":[{"embeddable":true,"href":"https:\/\/fmp-components.com\/sk\/wp-json\/wp\/v2\/comments?post=1502"}],"wp:featuredmedia":[{"embeddable":true,"href":"https:\/\/fmp-components.com\/sk\/wp-json\/wp\/v2\/media\/1503"}],"wp:attachment":[{"href":"https:\/\/fmp-components.com\/sk\/wp-json\/wp\/v2\/media?parent=1502"}],"wp:term":[{"taxonomy":"product_brand","embeddable":true,"href":"https:\/\/fmp-components.com\/sk\/wp-json\/wp\/v2\/product_brand?post=1502"},{"taxonomy":"product_cat","embeddable":true,"href":"https:\/\/fmp-components.com\/sk\/wp-json\/wp\/v2\/product_cat?post=1502"},{"taxonomy":"product_tag","embeddable":true,"href":"https:\/\/fmp-components.com\/sk\/wp-json\/wp\/v2\/product_tag?post=1502"}],"curies":[{"name":"pracovn\u00fd list","href":"https:\/\/api.w.org\/{rel}","templated":true}]}}