{"id":1500,"date":"2024-12-23T05:50:37","date_gmt":"2024-12-23T05:50:37","guid":{"rendered":"https:\/\/fmp-components.com\/product\/new-model-snow-plow-stainless-steel-hydraulic-cylinder-double-acting\/"},"modified":"2024-12-23T06:22:27","modified_gmt":"2024-12-23T06:22:27","slug":"new-model-snow-plow-stainless-steel-hydraulic-cylinder-double-acting","status":"publish","type":"product","link":"https:\/\/fmp-components.com\/sk\/product\/new-model-snow-plow-stainless-steel-hydraulic-cylinder-double-acting\/","title":{"rendered":"Nov\u00fd model snehov\u00e9ho pluhu s hydraulick\u00fdm valcom z nehrdzavej\u00facej ocele s dvoj\u010dinn\u00fdm \u00fa\u010dinkom"},"content":{"rendered":"<h2>Nov\u00fd model snehov\u00e9ho pluhu s hydraulick\u00fdm valcom z nehrdzavej\u00facej ocele s dvoj\u010dinn\u00fdm \u00fa\u010dinkom<\/h2>\n<p>Predstavujeme nov\u00fd model sne\u017en\u00e9ho pluhu s hydraulick\u00fdm valcom z nehrdzavej\u00facej ocele s dvoj\u010dinn\u00fdm \u00fa\u010dinkom:<\/p>\n<p>Hydraulick\u00fd valec z nehrdzavej\u00facej ocele s dvojit\u00fdm \u00fa\u010dinkom pre snehov\u00e9 pluhy nov\u00e9ho modelu je vysoko kvalitn\u00fd produkt navrhnut\u00fd \u0161peci\u00e1lne pre aplik\u00e1cie sne\u017en\u00fdch pluhov. Tento valec je vyroben\u00fd z nehrdzavej\u00facej ocele, \u010do zaru\u010duje odolnos\u0165 a odolnos\u0165 vo\u010di kor\u00f3zii aj v n\u00e1ro\u010dn\u00fdch poveternostn\u00fdch podmienkach.<\/p>\n<p>V\u010faka dvoj\u010dinnej kon\u0161trukcii pon\u00faka tento hydraulick\u00fd valec zv\u00fd\u0161en\u00fa \u00fa\u010dinnos\u0165 a v\u00fdkon. Je schopn\u00fd tla\u010di\u0165 aj \u0165aha\u0165, \u010d\u00edm poskytuje potrebn\u00fa silu na efekt\u00edvne pres\u00favanie snehu a in\u00fdch ne\u010dist\u00f4t. Dvoj\u010dinn\u00e1 funkcia umo\u017e\u0148uje r\u00fdchlej\u0161ie a presnej\u0161ie nastavenie, v\u010faka \u010domu je ide\u00e1lny pre oper\u00e1torov snehov\u00fdch pluhov, ktor\u00ed potrebuj\u00fa efekt\u00edvne pracova\u0165 v n\u00e1ro\u010dn\u00fdch podmienkach.<\/p>\n<p>Tento hydraulick\u00fd valec je navrhnut\u00fd tak, aby poskytoval v\u00fdnimo\u010dn\u00fd v\u00fdkon a spo\u013eahlivos\u0165. Je vybaven\u00fd pokro\u010dilou technol\u00f3giou tesnenia, ktor\u00e1 zais\u0165uje bez\u00fanikov\u00fa prev\u00e1dzku a predl\u017euje \u017eivotnos\u0165 valca. Kon\u0161trukcia z nehrdzavej\u00facej ocele zvy\u0161uje jeho odolnos\u0165, v\u010faka \u010domu je schopn\u00fd odol\u00e1va\u0165 n\u00e1ro\u010dn\u00e9mu pou\u017e\u00edvaniu po dlh\u0161iu dobu.<\/p>\n<p>Hydraulick\u00fd valec z nehrdzavej\u00facej ocele s dvojit\u00fdm \u00fa\u010dinkom pre snehov\u00fd pluh nov\u00e9ho modelu sa \u013eahko in\u0161taluje a je kompatibiln\u00fd s r\u00f4znymi syst\u00e9mami snehov\u00fdch pluhov. Jeho kompaktn\u00fd dizajn umo\u017e\u0148uje bezprobl\u00e9mov\u00fa integr\u00e1ciu, zabezpe\u010duje plynul\u00fd chod a minim\u00e1lne prestoje. \u010ci u\u017e ste profesion\u00e1lny oper\u00e1tor snehov\u00e9ho pluhu alebo majite\u013e domu, ktor\u00fd \u010dist\u00ed pr\u00edjazdov\u00fa cestu, tento hydraulick\u00fd valec je spo\u013eahlivou vo\u013ebou.<\/p>\n<p><img decoding=\"async\" title=\"Hydraulick\u00fd valec snehov\u00e9ho pluhu\" src=\"https:\/\/hzpt.com\/wp-content\/uploads\/2023\/11\/Snow-Plow-Hydraulic-Cylinder-2.webp\" alt=\"Hydraulick\u00fd valec snehov\u00e9ho pluhu\" \/><\/p>\n<p>K\u013e\u00fa\u010dov\u00e9 vlastnosti:<br \/>\n\u2013 Vyroben\u00e9 z nehrdzavej\u00facej ocele pre dlh\u00fa \u017eivotnos\u0165 a odolnos\u0165 vo\u010di kor\u00f3zii<br \/>\n\u2013 Dvoj\u010dinn\u00e1 kon\u0161trukcia pre zv\u00fd\u0161en\u00fa \u00fa\u010dinnos\u0165 a v\u00fdkon<br \/>\n\u2013 Pokro\u010dil\u00e1 technol\u00f3gia tesnenia pre bez\u00fanikov\u00fa prev\u00e1dzku<br \/>\n\u2013 Jednoduch\u00e1 in\u0161tal\u00e1cia a kompatibilita s r\u00f4znymi syst\u00e9mami sne\u017en\u00fdch pluhov<br \/>\n\u2013 Kompaktn\u00fd dizajn pre bezprobl\u00e9mov\u00fa integr\u00e1ciu a plynul\u00e9 ovl\u00e1danie<\/p>\n<p>Z\u00e1verom mo\u017eno poveda\u0165, \u017ee nov\u00fd model hydraulick\u00e9ho valca z nehrdzavej\u00facej ocele s dvoj\u010dinn\u00fdm mechanizmom je \u0161pi\u010dkov\u00fd produkt, ktor\u00fd pon\u00faka v\u00fdnimo\u010dn\u00fd v\u00fdkon a spo\u013eahlivos\u0165. Jeho kon\u0161trukcia z nehrdzavej\u00facej ocele, dvoj\u010dinn\u00fd dizajn a pokro\u010dil\u00e1 technol\u00f3gia tesnenia z neho robia spo\u013eahliv\u00fa vo\u013ebu pre aplik\u00e1cie s odh\u0155\u0148an\u00edm snehu. Investujte do tohto hydraulick\u00e9ho valca, aby ste zlep\u0161ili efektivitu odh\u0155\u0148ania snehu a s \u013eahkos\u0165ou zvl\u00e1dli n\u00e1ro\u010dn\u00e9 zimn\u00e9 podmienky. Predstavujeme na\u0161u najnov\u0161iu ponuku v hydraulickej technol\u00f3gii \u2013 nov\u00fd model hydraulick\u00e9ho valca z nehrdzavej\u00facej ocele s dvoj\u010dinn\u00fdm mechanizmom. Tento \u00faplne nov\u00fd, najmodernej\u0161\u00ed hydraulick\u00fd valec je nielen robustn\u00fd a odoln\u00fd, ale je vybaven\u00fd aj dvoj\u010dinn\u00fdm mechanizmom, \u010do zvy\u0161uje jeho v\u0161estrannos\u0165 a v\u00fdkon v r\u00f4znych priemyseln\u00fdch aplik\u00e1ci\u00e1ch.<\/p>\n<h2>Vlastnosti produktu<\/h2>\n<p>Tento nov\u00fd model hydraulick\u00e9ho valca je navrhnut\u00fd tak, aby poskytoval maxim\u00e1lny \u0165ah 3000 a maxim\u00e1lny \u0165ah 20 ton. M\u00e1 \u0161tandardn\u00fa piestov\u00fa kon\u0161trukciu a pracuje s hydraulick\u00fdm pohonom. S telom vyroben\u00fdm z ocele tento valec zaru\u010duje dlh\u00fa \u017eivotnos\u0165 a odolnos\u0165 vo\u010di opotrebovaniu.<\/p>\n<h3>\u0160pecifik\u00e1cie<\/h3>\n<ol>\n<li>Ve\u013ekos\u0165 otvoru: 2-6 palcov<\/li>\n<li>Ve\u013ekos\u0165 ty\u010de: 1,125-4 palce<\/li>\n<li>Ve\u013ekos\u0165 \u0165ahu: 4-100 palcov<\/li>\n<li>Ve\u013ekos\u0165 \u010dapu: 0,5-2 palce<\/li>\n<li>Porty: G\/SAE\/NPT\/M<\/li>\n<\/ol>\n<h2>\u00dadr\u017eba a starostlivos\u0165<\/h2>\n<p>Tento hydraulick\u00fd valec je skon\u0161truovan\u00fd tak, aby odolal n\u00e1ro\u010dn\u00fdm podmienkam, pravideln\u00e1 \u00fadr\u017eba je v\u0161ak k\u013e\u00fa\u010dom k zabezpe\u010deniu jeho optim\u00e1lneho fungovania. Odpor\u00fa\u010dame pravideln\u00e9 kontroly a \u010distenie, aby ste predi\u0161li potenci\u00e1lnemu po\u0161kodeniu alebo probl\u00e9mom s v\u00fdkonom. Okrem toho si m\u00f4\u017eete by\u0165 ist\u00ed ro\u010dnou z\u00e1rukou na k\u013e\u00fa\u010dov\u00e9 komponenty, ktor\u00fa poskytujeme, a na\u0161\u00edm z\u00e1v\u00e4zkom ku kvalite a spokojnosti z\u00e1kazn\u00edkov.<\/p>\n<h2>V\u00fdhody nastavite\u013en\u00fdch valcov s vidlicov\u00fdm uchyten\u00edm<\/h2>\n<p>Nastavite\u013en\u00e9 valce s vidlicov\u00fdm uchyten\u00edm s\u00fa typom hydraulick\u00e9ho valca, ktor\u00fd pon\u00faka mno\u017estvo v\u00fdhod v r\u00f4znych aplik\u00e1ci\u00e1ch. Tieto valce s\u00fa navrhnut\u00e9 s jedine\u010dn\u00fdm uchyten\u00edm s vidlicov\u00fdm uchyten\u00edm, ktor\u00e9 umo\u017e\u0148uje jednoduch\u00e9 nastavenie a v\u0161estrannos\u0165. V tomto \u010dl\u00e1nku podrobne presk\u00famame v\u00fdhody nastavite\u013en\u00fdch valcov s vidlicov\u00fdm uchyten\u00edm.<\/p>\n<h3>1. Vylep\u0161en\u00e9 prisp\u00f4sobenie<\/h3>\n<p>Jednou z v\u00fdznamn\u00fdch v\u00fdhod nastavite\u013en\u00fdch valcov s vidlicov\u00fdm uchyten\u00edm je ich mo\u017enos\u0165 prisp\u00f4sobenia pod\u013ea \u0161pecifick\u00fdch po\u017eiadaviek. Nastavite\u013en\u00e9 upevnenie vidlicov\u00fdm uchyten\u00edm umo\u017e\u0148uje jednoduch\u00e9 nastavenie d\u013a\u017eky zdvihu valca, \u010do umo\u017e\u0148uje presn\u00e9 ovl\u00e1danie pohybu hydraulick\u00e9ho syst\u00e9mu. T\u00e1to vylep\u0161en\u00e1 mo\u017enos\u0165 prisp\u00f4sobenia zais\u0165uje optim\u00e1lny v\u00fdkon a \u00fa\u010dinnos\u0165 v r\u00f4znych aplik\u00e1ci\u00e1ch.<\/p>\n<h3>2. Zlep\u0161en\u00e1 odolnos\u0165<\/h3>\n<p>Nastavite\u013en\u00e9 valce s vidlicov\u00fdm uchyten\u00edm s\u00fa skon\u0161truovan\u00e9 tak, aby odolali n\u00e1ro\u010dn\u00fdm podmienkam a n\u00e1ro\u010dn\u00fdm aplik\u00e1ci\u00e1m. Tieto valce s\u00fa vyroben\u00e9 z vysoko kvalitn\u00fdch materi\u00e1lov, ako je nehrdzavej\u00faca oce\u013e, ktor\u00e1 pon\u00faka vynikaj\u00facu odolnos\u0165 vo\u010di kor\u00f3zii a opotrebovaniu. Pou\u017eitie nehrdzavej\u00facej ocele v kon\u0161trukcii t\u00fdchto valcov zais\u0165uje ich dlh\u00fa \u017eivotnos\u0165 a odolnos\u0165, v\u010faka \u010domu s\u00fa ide\u00e1lne do n\u00e1ro\u010dn\u00fdch prostred\u00ed.<\/p>\n<h3>3. Zv\u00fd\u0161en\u00e1 efektivita<\/h3>\n<p>\u010eal\u0161ou v\u00fdhodou nastavite\u013en\u00fdch valcov s vidlicov\u00fdm uchyten\u00edm je ich schopnos\u0165 zv\u00fd\u0161i\u0165 celkov\u00fa \u00fa\u010dinnos\u0165 hydraulick\u00fdch syst\u00e9mov. Nastavite\u013en\u00e9 upevnenie vidlicov\u00fdm uchyten\u00edm umo\u017e\u0148uje presn\u00e9 polohovanie valca, \u010do umo\u017e\u0148uje optim\u00e1lny prenos sily a zlep\u0161uje manipul\u00e1ciu s bremenom. T\u00e1to zv\u00fd\u0161en\u00e1 \u00fa\u010dinnos\u0165 vedie k zn\u00ed\u017eeniu spotreby energie a zv\u00fd\u0161eniu produktivity v r\u00f4znych priemyseln\u00fdch procesoch.<\/p>\n<h3>4. V\u0161estrann\u00e9 pou\u017eitie<\/h3>\n<p>Nastavite\u013en\u00e9 hydraulick\u00e9 valce s vidlicov\u00fdm uchyten\u00edm nach\u00e1dzaj\u00fa uplatnenie v \u0161irokej \u0161k\u00e1le odvetv\u00ed a sektorov. V\u010faka svojej v\u0161estrannosti s\u00fa vhodn\u00e9 pre r\u00f4zne \u00falohy vr\u00e1tane manipul\u00e1cie s materi\u00e1lom, stavebn\u00fdch strojov, syst\u00e9mov odh\u0155\u0148ania snehu a \u010fal\u0161\u00edch. Tieto valce sa daj\u00fa \u013eahko integrova\u0165 do existuj\u00facich hydraulick\u00fdch syst\u00e9mov, \u010do zabezpe\u010duje bezprobl\u00e9mov\u00fa prev\u00e1dzku a kompatibilitu.<\/p>\n<h3>5. Dvoj\u010dinn\u00e1 schopnos\u0165<\/h3>\n<p>Jednou z k\u013e\u00fa\u010dov\u00fdch vlastnost\u00ed nastavite\u013en\u00fdch valcov s vidlicov\u00fdm uchyten\u00edm je ich dvoj\u010dinnos\u0165. To znamen\u00e1, \u017ee tieto valce m\u00f4\u017eu vyv\u00edja\u0165 silu v oboch smeroch, \u010do umo\u017e\u0148uje v\u00e4\u010d\u0161iu flexibilitu pri navrhovan\u00ed hydraulick\u00e9ho syst\u00e9mu. Dvoj\u010dinnos\u0165 t\u00fdchto valcov umo\u017e\u0148uje presn\u00e9 ovl\u00e1danie pohybu a polohovania hydraulick\u00fdch komponentov, \u010d\u00edm sa zabezpe\u010duje optim\u00e1lny v\u00fdkon a presnos\u0165.<\/p>\n<p>Nastavite\u013en\u00e9 valce s vidlicov\u00fdm uchyten\u00edm pon\u00fakaj\u00fa mno\u017estvo v\u00fdhod, pokia\u013e ide o prisp\u00f4sobenie, odolnos\u0165, \u00fa\u010dinnos\u0165, v\u0161estrannos\u0165 a dvoj\u010dinnos\u0165. Tieto valce s\u00fa cenn\u00fdm doplnkom hydraulick\u00fdch syst\u00e9mov v r\u00f4znych odvetviach a poskytuj\u00fa zv\u00fd\u0161en\u00fd v\u00fdkon a spo\u013eahlivos\u0165. V\u010faka svojim jedine\u010dn\u00fdm vlastnostiam a v\u00fdhod\u00e1m s\u00fa nastavite\u013en\u00e9 valce s vidlicov\u00fdm uchyten\u00edm na\u010falej preferovanou vo\u013ebou pre aplik\u00e1cie vy\u017eaduj\u00face presn\u00e9 ovl\u00e1danie a v\u0161estrannos\u0165.<\/p>\n<h3>O spolo\u010dnosti FMP \u2013 Profesion\u00e1lny predaj a servis hydraulick\u00fdch valcov<\/h3>\n<p>FMP je dobre zaveden\u00e1 spolo\u010dnos\u0165 so s\u00eddlom v Taliansku, ktor\u00e1 sa \u0161pecializuje na predaj a servis dielov a kompletn\u00fdch strojov pre stavebn\u00e9 stroje. V\u010faka dlhoro\u010dn\u00fdm sk\u00fasenostiam v tomto odvetv\u00ed a t\u00edmu kvalifikovan\u00fdch odborn\u00edkov poskytujeme na\u0161im z\u00e1kazn\u00edkom vysoko kvalitn\u00e9 a spo\u013eahliv\u00e9 hydraulick\u00e9 valce a kompletn\u00e9 strojn\u00e9 rie\u0161enia.<\/p>\n<p>Tu je p\u00e4\u0165 d\u00f4vodov, pre\u010do by ste si mali pre svoje potreby v oblasti hydraulick\u00fdch valcov vybra\u0165 FMP:<\/p>\n<p>1. \u0160irok\u00fd sortiment produktov: FMP pon\u00faka \u0161irok\u00fd sortiment hydraulick\u00fdch valcov vr\u00e1tane nastavite\u013en\u00fdch valcov s vidlicov\u00fdm uchyten\u00edm, ako napr\u00edklad <img decoding=\"async\" src=\"https:\/\/fmp-components.com\/wp-content\/uploads\/2024\/12\/Adjustable-Clevis-Type-Cylinders-6.webp\" alt=\"Nastavite\u013en\u00fd valec typu Clevis\" width=\"828\" title=\"\">, ako aj \u0165ahadl\u00e1 a zv\u00e1ran\u00e9 valce. Poskytujeme tie\u017e slu\u017eby prisp\u00f4sobenia pod\u013ea \u0161pecifick\u00fdch potrieb z\u00e1kazn\u00edkov.<\/p>\n<p>2. Najkvalitnej\u0161ie diely: Vybudovali sme dlhodob\u00e9 a stabiln\u00e9 partnersk\u00e9 vz\u0165ahy s mnoh\u00fdmi vysokokvalitn\u00fdmi dod\u00e1vate\u013emi na dom\u00e1com aj medzin\u00e1rodnom trhu, \u010d\u00edm zabezpe\u010dujeme, \u017ee v\u0161etky dod\u00e1van\u00e9 diely sp\u013a\u0148aj\u00fa pr\u00edsne normy kvality.<\/p>\n<p>3. Sk\u00fasen\u00fd obchodn\u00fd t\u00edm: N\u00e1\u0161 obchodn\u00fd t\u00edm m\u00e1 znalosti o v\u00fdvojov\u00fdch trendoch a potreb\u00e1ch z\u00e1kazn\u00edkov v odvetv\u00ed stavebn\u00fdch strojov. M\u00f4\u017ee v\u00e1m poskytn\u00fa\u0165 profesion\u00e1lne poradenstvo oh\u013eadom produktov a inteligentn\u00e9 n\u00e1vrhy na n\u00e1kup, aby v\u00e1m pomohol urobi\u0165 najlep\u0161iu vo\u013ebu.<\/p>\n<p>4. Efekt\u00edvna logistick\u00e1 distrib\u00facia: M\u00e1me efekt\u00edvny logistick\u00fd distribu\u010dn\u00fd syst\u00e9m, ktor\u00fd zabezpe\u010duje, \u017ee z\u00e1kazn\u00edci dostan\u00fa po\u017eadovan\u00e9 diely v\u010das a presne.<\/p>\n<p>5. Profesion\u00e1lny popredajn\u00fd servis: Spolo\u010dnos\u0165 FMP poskytuje profesion\u00e1lny popredajn\u00fd servis, aby zabezpe\u010dila, \u017ee na\u0161i z\u00e1kazn\u00edci bud\u00fa ma\u0165 s na\u0161imi produktmi bezstarostn\u00fd z\u00e1\u017eitok.<\/p>\n<p>V\u00fdberom spolo\u010dnosti FMP ako dod\u00e1vate\u013ea hydraulick\u00fdch valcov si m\u00f4\u017eete by\u0165 ist\u00ed kvalitn\u00fdmi produktmi, profesion\u00e1lnym servisom a spo\u013eahliv\u00fdm partnerom pre v\u00e1\u0161 \u00faspech. Kontaktujte n\u00e1s e\u0161te dnes a dozviete sa viac o tom, ako v\u00e1m m\u00f4\u017eeme pom\u00f4c\u0165 splni\u0165 va\u0161e potreby v oblasti hydraulick\u00fdch valcov.<\/p>\n<h2>\u010casto kladen\u00e9 ot\u00e1zky<\/h2>\n<ol>\n<li>Ot\u00e1zka: Ste obchodn\u00e1 spolo\u010dnos\u0165 alebo v\u00fdrobca?<br \/>\nA: Sme tov\u00e1re\u0148.<\/li>\n<li>Ot\u00e1zka: Ak\u00e1 je va\u0161a dodacia lehota?<br \/>\nA: Vo v\u0161eobecnosti je to 25-35 dn\u00ed.<\/li>\n<li>Ot\u00e1zka: Poskytujete vzorky? Je to zadarmo alebo navy\u0161e?<br \/>\nA: \u00c1no, mohli by sme pon\u00faknu\u0165 vzorku, ale nie je zadarmo.<\/li>\n<\/ol>\n<p>Autor: CX<\/p>","protected":false},"excerpt":{"rendered":"<p>New Model Snow Plow Stainless Steel Hydraulic Cylinder Double Acting Introducing the New Model Snow Plow Stainless Steel Hydraulic Cylinder Double Acting: The New Model Snow Plow Stainless Steel Hydraulic Cylinder Double Acting is a high-quality product designed specifically for snow plow applications. This cylinder is made from stainless steel, ensuring durability and resistance to [&hellip;]<\/p>","protected":false},"featured_media":1501,"comment_status":"closed","ping_status":"closed","template":"","meta":{"_et_pb_use_builder":"","_et_pb_old_content":"","_et_gb_content_width":""},"product_brand":[],"product_cat":[42],"product_tag":[34,44],"class_list":{"0":"post-1500","1":"product","2":"type-product","3":"status-publish","4":"has-post-thumbnail","6":"product_cat-snow-plow-hydraulic-cylinder","7":"product_tag-hydraulic-cylinder","8":"product_tag-snow-plow-hydraulic-cylinder","10":"first","11":"instock","12":"product-type-simple"},"_links":{"self":[{"href":"https:\/\/fmp-components.com\/sk\/wp-json\/wp\/v2\/product\/1500","targetHints":{"allow":["GET"]}}],"collection":[{"href":"https:\/\/fmp-components.com\/sk\/wp-json\/wp\/v2\/product"}],"about":[{"href":"https:\/\/fmp-components.com\/sk\/wp-json\/wp\/v2\/types\/product"}],"replies":[{"embeddable":true,"href":"https:\/\/fmp-components.com\/sk\/wp-json\/wp\/v2\/comments?post=1500"}],"wp:featuredmedia":[{"embeddable":true,"href":"https:\/\/fmp-components.com\/sk\/wp-json\/wp\/v2\/media\/1501"}],"wp:attachment":[{"href":"https:\/\/fmp-components.com\/sk\/wp-json\/wp\/v2\/media?parent=1500"}],"wp:term":[{"taxonomy":"product_brand","embeddable":true,"href":"https:\/\/fmp-components.com\/sk\/wp-json\/wp\/v2\/product_brand?post=1500"},{"taxonomy":"product_cat","embeddable":true,"href":"https:\/\/fmp-components.com\/sk\/wp-json\/wp\/v2\/product_cat?post=1500"},{"taxonomy":"product_tag","embeddable":true,"href":"https:\/\/fmp-components.com\/sk\/wp-json\/wp\/v2\/product_tag?post=1500"}],"curies":[{"name":"pracovn\u00fd list","href":"https:\/\/api.w.org\/{rel}","templated":true}]}}