{"id":1496,"date":"2024-12-23T05:50:37","date_gmt":"2024-12-23T05:50:37","guid":{"rendered":"https:\/\/fmp-components.com\/product\/premium-quality-welded-small-double-acting-hydraulic-cylinder\/"},"modified":"2025-05-10T13:03:08","modified_gmt":"2025-05-10T13:03:08","slug":"premium-quality-welded-small-double-acting-hydraulic-cylinder","status":"publish","type":"product","link":"https:\/\/fmp-components.com\/sk\/product\/premium-quality-welded-small-double-acting-hydraulic-cylinder\/","title":{"rendered":"Zv\u00e1ran\u00fd mal\u00fd dvoj\u010dinn\u00fd hydraulick\u00fd valec pr\u00e9miovej kvality"},"content":{"rendered":"<h2>Nov\u00fd a robustn\u00fd hydraulick\u00fd valec pre snehov\u00fd pluh<\/h2>\n<p>Predstavujeme nov\u00fd a robustn\u00fd hydraulick\u00fd valec pre odh\u0155\u0148a\u010d snehu, \u0161tandardn\u00fd piestov\u00fd valec poh\u00e1\u0148an\u00fd hydraulickou silou. Je prec\u00edzne navrhnut\u00fd tak, aby sp\u013a\u0148al vysok\u00e9 \u0161tandardy opravovn\u00ed strojov, fariem, energetick\u00e9ho a bansk\u00e9ho priemyslu a stroj\u00e1rskych z\u00e1vodov.<\/p>\n<h3>Vlastnosti produktu<\/h3>\n<ul>\n<li>\u00daplne nov\u00e9 s 1-ro\u010dnou z\u00e1rukou.<\/li>\n<li>Priemer otvoru: 2-6 palcov<\/li>\n<li>Ve\u013ekos\u0165 ty\u010de: 1,125-4 palce<\/li>\n<li>Ve\u013ekos\u0165 \u0165ahu: 4-100 palcov<\/li>\n<li>Ve\u013ekos\u0165 kol\u00edka: 0,5-2 palce<\/li>\n<li>Maxim\u00e1lny \u0165ah: 3000<\/li>\n<li>Maxim\u00e1lny \u0165ah: 20 ton<\/li>\n<li>Certifik\u00e1cia: ISO9001:2000<\/li>\n<li>Hmotnos\u0165: 4 kg<\/li>\n<\/ul>\n<h3>Vynikaj\u00faca kvalita a v\u00fdkon<\/h3>\n<p>Na\u0161e hydraulick\u00e9 valce s\u00fa vyroben\u00e9 z oce\u013eov\u00e9ho telesa pre maxim\u00e1lnu odolnos\u0165 a dlh\u00fa \u017eivotnos\u0165. S\u00fa navrhnut\u00e9 tak, aby odolali najn\u00e1ro\u010dnej\u0161\u00edm podmienkam, v\u010faka \u010domu s\u00fa spo\u013eahlivou vo\u013ebou pre va\u0161e strojn\u00e9 potreby. Na\u0161e produkty prech\u00e1dzaj\u00fa pr\u00edsnym testovan\u00edm a pre v\u00e1\u0161 pokoj s\u00fa dod\u00e1van\u00e9 s videoz\u00e1znamom v\u00fdstupnej kontroly a spr\u00e1vou o sk\u00fa\u0161ke stroja.<\/p>\n<h2>V\u00fdhody nastavite\u013en\u00fdch valcov s vidlicov\u00fdm uchyten\u00edm<\/h2>\n<p>Nastavite\u013en\u00e9 valce s vidlicov\u00fdm uchyten\u00edm, zn\u00e1me aj ako vysoko kvalitn\u00e9 zv\u00e1ran\u00e9 mal\u00e9 dvoj\u010dinn\u00e9 hydraulick\u00e9 valce, pon\u00fakaj\u00fa v r\u00f4znych aplik\u00e1ci\u00e1ch nieko\u013eko v\u00fdhod. Tieto valce s\u00fa navrhnut\u00e9 tak, aby poskytovali efekt\u00edvny a spo\u013eahliv\u00fd v\u00fdkon, v\u010faka \u010domu s\u00fa ob\u013e\u00fabenou vo\u013ebou v odvetviach, ako je stavebn\u00edctvo, v\u00fdroba a po\u013enohospod\u00e1rstvo. V tomto \u010dl\u00e1nku presk\u00famame k\u013e\u00fa\u010dov\u00e9 v\u00fdhody nastavite\u013en\u00fdch valcov s vidlicov\u00fdm uchyten\u00edm.<\/p>\n<p><strong>1. Zv\u00fd\u0161en\u00e1 flexibilita a v\u0161estrannos\u0165<\/strong><\/p>\n<p>Nastavite\u013en\u00e9 valce s vidlicov\u00fdm uchyten\u00edm s\u00fa vysoko v\u0161estrann\u00e9, \u010do umo\u017e\u0148uje jednoduch\u00e9 prisp\u00f4sobenie a adaptabilitu v r\u00f4znych aplik\u00e1ci\u00e1ch. Funkcia vidlicov\u00e9ho uchytenia umo\u017e\u0148uje pripevnenie r\u00f4zneho pr\u00edslu\u0161enstva a mo\u017enost\u00ed mont\u00e1\u017ee, \u010d\u00edm poskytuje v\u00e4\u010d\u0161iu flexibilitu pri prip\u00e1jan\u00ed valca k in\u00fdm komponentom alebo kon\u0161trukci\u00e1m. T\u00e1to v\u0161estrannos\u0165 zabezpe\u010duje, \u017ee valec je mo\u017en\u00e9 prisp\u00f4sobi\u0165 \u0161pecifick\u00fdm po\u017eiadavk\u00e1m, \u010d\u00edm sa zvy\u0161uje jeho celkov\u00fd v\u00fdkon.<\/p>\n<p><strong>2. Vynikaj\u00faca nosnos\u0165<\/strong><\/p>\n<p>Tieto valce s\u00fa skon\u0161truovan\u00e9 tak, aby s \u013eahkos\u0165ou zvl\u00e1dali \u0165a\u017ek\u00e9 bremen\u00e1. Zv\u00e1ran\u00e1 kon\u0161trukcia najvy\u0161\u0161ej kvality zais\u0165uje v\u00fdnimo\u010dn\u00fa pevnos\u0165 a odolnos\u0165, \u010do umo\u017e\u0148uje valcu odol\u00e1va\u0165 vysok\u00e9mu tlaku a n\u00e1ro\u010dn\u00fdm oper\u00e1ci\u00e1m. V\u010faka svojej robustnej nosnosti s\u00fa nastavite\u013en\u00e9 valce s vidlicov\u00fdm uchyten\u00edm ide\u00e1lne pre n\u00e1ro\u010dn\u00e9 \u00falohy, ktor\u00e9 zah\u0155\u0148aj\u00fa zdv\u00edhanie, tla\u010denie alebo \u0165ahanie \u0165a\u017ek\u00fdch predmetov.<\/p>\n<p><strong>3. Presn\u00e9 ovl\u00e1danie a polohovanie<\/strong><\/p>\n<p>Jednou z k\u013e\u00fa\u010dov\u00fdch v\u00fdhod nastavite\u013en\u00fdch valcov s vidlicovou vidlicou je ich schopnos\u0165 presne ovl\u00e1da\u0165 a polohova\u0165. Dvoj\u010dinn\u00e1 kon\u0161trukcia umo\u017e\u0148uje vys\u00favanie aj zas\u00favanie piestu, \u010do umo\u017e\u0148uje presn\u00fd a kontrolovan\u00fd pohyb. T\u00e1to \u00farove\u0148 ovl\u00e1dania je obzvl\u00e1\u0161\u0165 v\u00fdhodn\u00e1 v aplik\u00e1ci\u00e1ch, ktor\u00e9 vy\u017eaduj\u00fa presn\u00e9 polohovanie alebo opakuj\u00face sa \u00falohy, \u010d\u00edm sa zabezpe\u010duje optim\u00e1lny v\u00fdkon a \u00fa\u010dinnos\u0165.<\/p>\n<p><strong>4. Efekt\u00edvna premena energie<\/strong><\/p>\n<p>Nastavite\u013en\u00e9 valce s vidlicov\u00fdm uchyten\u00edm s\u00fa navrhnut\u00e9 tak, aby optimalizovali premenu energie, \u010do vedie k zlep\u0161eniu celkovej \u00fa\u010dinnosti. Hydraulick\u00fd syst\u00e9m efekt\u00edvne premie\u0148a hydraulick\u00fa energiu na mechanick\u00fa silu, \u010do umo\u017e\u0148uje valcu generova\u0165 zna\u010dn\u00fd v\u00fdkon s minim\u00e1lnym vstupom energie. T\u00e1to \u00fa\u010dinnos\u0165 zais\u0165uje n\u00e1kladov\u00fa efekt\u00edvnos\u0165 a zni\u017euje vplyv na \u017eivotn\u00e9 prostredie spojen\u00fd s nadmernou spotrebou energie.<\/p>\n<p><strong>5. Spo\u013eahliv\u00fd a nen\u00e1ro\u010dn\u00fd na \u00fadr\u017ebu<\/strong><\/p>\n<p>V\u010faka svojej prvotriednej kon\u0161trukcii a robustn\u00e9mu dizajnu pon\u00fakaj\u00fa nastavite\u013en\u00e9 valce s vidlicov\u00fdm z\u00e1vesom v\u00fdnimo\u010dn\u00fa spo\u013eahlivos\u0165 a odolnos\u0165. Tieto valce s\u00fa skon\u0161truovan\u00e9 tak, aby odolali n\u00e1ro\u010dn\u00fdm prev\u00e1dzkov\u00fdm podmienkam vr\u00e1tane extr\u00e9mnych tepl\u00f4t, vysok\u00e9ho tlaku a ve\u013ek\u00e9ho za\u0165a\u017eenia. Okrem toho vy\u017eaduj\u00fa minim\u00e1lnu \u00fadr\u017ebu, \u010d\u00edm sa zni\u017euj\u00fa prestoje a s\u00favisiace n\u00e1klady. T\u00e1to spo\u013eahlivos\u0165 a n\u00edzke n\u00e1roky na \u00fadr\u017ebu robia z nastavite\u013en\u00fdch valcov s vidlicov\u00fdm z\u00e1vesom cenovo v\u00fdhodn\u00fa vo\u013ebu pre dlhodob\u00e9 pou\u017e\u00edvanie.<\/p>\n<p>Z\u00e1verom mo\u017eno poveda\u0165, \u017ee nastavite\u013en\u00e9 valce s vidlicov\u00fdm z\u00e1vesom poskytuj\u00fa mno\u017estvo v\u00fdhod v r\u00f4znych aplik\u00e1ci\u00e1ch. Ich zv\u00fd\u0161en\u00e1 flexibilita, vynikaj\u00faca nosnos\u0165, presn\u00e9 ovl\u00e1danie a polohovanie, efekt\u00edvna premena energie a spo\u013eahliv\u00fd v\u00fdkon z nich robia preferovan\u00fa vo\u013ebu pre mnoh\u00e9 odvetvia. \u010ci u\u017e ide o zdv\u00edhanie \u0165a\u017ek\u00fdch predmetov, ovl\u00e1danie pohybov alebo optimaliz\u00e1ciu energetickej \u00fa\u010dinnosti, tieto valce poskytuj\u00fa v\u00fdnimo\u010dn\u00fd v\u00fdkon a prispievaj\u00fa k celkov\u00e9mu \u00faspechu hydraulick\u00fdch syst\u00e9mov.<\/p>\n<h3>O FMP<\/h3>\n<p>FMP je spolo\u010dnos\u0165 \u0161pecializuj\u00faca sa na v\u00fdrobu a predaj hydraulick\u00fdch valcov. Ako l\u00edder v odvetv\u00ed stavebn\u00fdch strojov sa venujeme poskytovaniu vysoko kvalitn\u00fdch a spo\u013eahliv\u00fdch rie\u0161en\u00ed v oblasti hydraulick\u00fdch valcov na\u0161im z\u00e1kazn\u00edkom.<\/p>\n<p><img decoding=\"async\" class=\"aligncenter\" src=\"https:\/\/fmp-components.com\/wp-content\/uploads\/2024\/12\/Adjustable-Clevis-Type-Cylinders-6.webp\" alt=\"Nastavite\u013en\u00fd valec typu Clevis\" width=\"826\" title=\"\"><\/p>\n<p>Tu je p\u00e4\u0165 k\u013e\u00fa\u010dov\u00fdch v\u00fdhod na\u0161ich hydraulick\u00fdch valcov:<\/p>\n<ol>\n<li>Odoln\u00e9 a robustn\u00e9: Na\u0161e hydraulick\u00e9 valce s\u00fa skon\u0161truovan\u00e9 tak, aby odolali n\u00e1ro\u010dn\u00fdm aplik\u00e1ci\u00e1m a drsn\u00e9mu pracovn\u00e9mu prostrediu. S\u00fa vyroben\u00e9 z vysoko kvalitn\u00fdch materi\u00e1lov a navrhnut\u00e9 tak, aby zabezpe\u010dili dlhotrvaj\u00faci v\u00fdkon.<\/li>\n<li>Presnos\u0165 a \u00fa\u010dinnos\u0165: Na\u0161e hydraulick\u00e9 valce s\u00fa navrhnut\u00e9 s oh\u013eadom na presnos\u0165 a \u00fa\u010dinnos\u0165. Poskytuj\u00fa plynul\u00fd a presn\u00fd pohyb, \u010do umo\u017e\u0148uje optim\u00e1lne ovl\u00e1danie a prev\u00e1dzku.<\/li>\n<li>\u0160irok\u00e1 \u0161k\u00e1la mo\u017enost\u00ed: Pon\u00fakame \u0161irok\u00fd sortiment hydraulick\u00fdch valcov, ktor\u00e9 sp\u013a\u0148aj\u00fa r\u00f4zne po\u017eiadavky. Od nastavite\u013en\u00fdch valcov s vidlicov\u00fdm uchyten\u00edm a\u017e po dvoj\u010dinn\u00e9 teleskopick\u00e9 valce, m\u00e1me spr\u00e1vne rie\u0161enie pre r\u00f4zne aplik\u00e1cie.<\/li>\n<li>Pr\u00edsne \u0161tandardy kvality: V spolo\u010dnosti FMP sme nadviazali dlhodob\u00e9 partnerstv\u00e1 s renomovan\u00fdmi dod\u00e1vate\u013emi, aby sme zabezpe\u010dili, \u017ee v\u0161etky na\u0161e hydraulick\u00e9 valce sp\u013a\u0148aj\u00fa pr\u00edsne \u0161tandardy kvality. N\u00e1\u0161 z\u00e1v\u00e4zok ku kvalite zaru\u010duje spo\u013eahlivos\u0165 a v\u00fdkonnos\u0165 na\u0161ich produktov.<\/li>\n<li>Odborn\u00e9 poradenstvo a podpora: N\u00e1\u0161 sk\u00fasen\u00fd obchodn\u00fd t\u00edm m\u00e1 rozsiahle znalosti v odvetv\u00ed stavebn\u00fdch strojov. Disponuje rozsiahlymi znalos\u0165ami hydraulick\u00fdch valcov a m\u00f4\u017ee v\u00e1m poskytn\u00fa\u0165 odborn\u00e9 poradenstvo, ktor\u00e9 v\u00e1m pom\u00f4\u017ee vybra\u0165 si ten spr\u00e1vny produkt pre va\u0161e \u0161pecifick\u00e9 potreby.<\/li>\n<\/ol>\n<p>S FMP si m\u00f4\u017eete by\u0165 ist\u00ed, \u017ee z\u00edskate \u0161pi\u010dkov\u00e9 hydraulick\u00e9 valce, ktor\u00e9 poskytuj\u00fa v\u00fdnimo\u010dn\u00fd v\u00fdkon a spo\u013eahlivos\u0165. Kontaktujte n\u00e1s e\u0161te dnes a preberte s nami svoje po\u017eiadavky na hydraulick\u00e9 valce. Sta\u0148te sa va\u0161\u00edm d\u00f4veryhodn\u00fdm partnerom v odvetv\u00ed stavebn\u00fdch strojov.<\/p>\n<h2>\u010casto kladen\u00e9 ot\u00e1zky<\/h2>\n<p><strong>Ot\u00e1zka: Ak\u00e1 je dodacia lehota pre hydraulick\u00e9 valce na snehov\u00fd pluh?<\/strong><\/p>\n<p>A: V\u0161eobecn\u00e1 dodacia lehota je 25-35 dn\u00ed.<\/p>\n<p><strong>Ot\u00e1zka: Poskytujete vzorky hydraulick\u00fdch valcov pre snehov\u00e9 pluhy?<\/strong><\/p>\n<p>A: \u00c1no, pon\u00fakame vzorky, ale nie s\u00fa bezplatn\u00e9.<\/p>\n<p><strong>Ot\u00e1zka: M\u00f4\u017eete vyrobi\u0165 pod\u013ea vzoriek?<\/strong><\/p>\n<p>A: \u00c1no, vieme vyrobi\u0165 v\u00fdrobky pod\u013ea va\u0161ich vzoriek alebo technick\u00fdch v\u00fdkresov. Vieme tie\u017e vyrobi\u0165 formy a pr\u00edpravky.<\/p>\n<p><img decoding=\"async\" class=\"aligncenter\" title=\"Hydraulick\u00fd valec snehov\u00e9ho pluhu\" src=\"https:\/\/hzpt.com\/wp-content\/uploads\/2023\/11\/Snow-Plow-Hydraulic-Cylinder-1.webp\" alt=\"Hydraulick\u00fd valec snehov\u00e9ho pluhu\" \/><\/p>\n<p>Autor: CX<\/p>","protected":false},"excerpt":{"rendered":"<p>The New and Robust Snow Plow Hydraulic Cylinder Introducing the new and robust Snow Plow Hydraulic Cylinder, a standard piston cylinder powered by hydraulic force. It is engineered with precision to meet the high standards of machinery repair shops, farms, energy and mining industries, and machinery manufacturing factories. Product Features Brand new with a 1-year [&hellip;]<\/p>","protected":false},"featured_media":1497,"comment_status":"closed","ping_status":"closed","template":"","meta":{"_et_pb_use_builder":"","_et_pb_old_content":"","_et_gb_content_width":""},"product_brand":[],"product_cat":[42],"product_tag":[34,44],"class_list":{"0":"post-1496","1":"product","2":"type-product","3":"status-publish","4":"has-post-thumbnail","6":"product_cat-snow-plow-hydraulic-cylinder","7":"product_tag-hydraulic-cylinder","8":"product_tag-snow-plow-hydraulic-cylinder","10":"first","11":"instock","12":"product-type-simple"},"_links":{"self":[{"href":"https:\/\/fmp-components.com\/sk\/wp-json\/wp\/v2\/product\/1496","targetHints":{"allow":["GET"]}}],"collection":[{"href":"https:\/\/fmp-components.com\/sk\/wp-json\/wp\/v2\/product"}],"about":[{"href":"https:\/\/fmp-components.com\/sk\/wp-json\/wp\/v2\/types\/product"}],"replies":[{"embeddable":true,"href":"https:\/\/fmp-components.com\/sk\/wp-json\/wp\/v2\/comments?post=1496"}],"wp:featuredmedia":[{"embeddable":true,"href":"https:\/\/fmp-components.com\/sk\/wp-json\/wp\/v2\/media\/1497"}],"wp:attachment":[{"href":"https:\/\/fmp-components.com\/sk\/wp-json\/wp\/v2\/media?parent=1496"}],"wp:term":[{"taxonomy":"product_brand","embeddable":true,"href":"https:\/\/fmp-components.com\/sk\/wp-json\/wp\/v2\/product_brand?post=1496"},{"taxonomy":"product_cat","embeddable":true,"href":"https:\/\/fmp-components.com\/sk\/wp-json\/wp\/v2\/product_cat?post=1496"},{"taxonomy":"product_tag","embeddable":true,"href":"https:\/\/fmp-components.com\/sk\/wp-json\/wp\/v2\/product_tag?post=1496"}],"curies":[{"name":"pracovn\u00fd list","href":"https:\/\/api.w.org\/{rel}","templated":true}]}}