{"id":1492,"date":"2024-12-23T05:50:37","date_gmt":"2024-12-23T05:50:37","guid":{"rendered":"https:\/\/fmp-components.com\/product\/new-arrival-snow-plow-stainless-steel-hydraulic-oil-cylinder\/"},"modified":"2024-12-23T06:27:49","modified_gmt":"2024-12-23T06:27:49","slug":"new-arrival-snow-plow-stainless-steel-hydraulic-oil-cylinder","status":"publish","type":"product","link":"https:\/\/fmp-components.com\/sk\/product\/new-arrival-snow-plow-stainless-steel-hydraulic-oil-cylinder\/","title":{"rendered":"Nov\u00fd hydraulick\u00fd olejov\u00fd valec z nehrdzavej\u00facej ocele s pluhom na sneh"},"content":{"rendered":"<h2>Nov\u00fd hydraulick\u00fd olejov\u00fd valec z nehrdzavej\u00facej ocele s pluhom na sneh<\/h2>\n<p>Nov\u00fd hydraulick\u00fd valec z nehrdzavej\u00facej ocele pre snehov\u00e9 pluhy je \u0161pi\u010dkov\u00fd produkt navrhnut\u00fd \u0161peci\u00e1lne pre snehov\u00e9 pluhy. Tento hydraulick\u00fd valec je vyroben\u00fd z vysoko kvalitnej nehrdzavej\u00facej ocele a pon\u00faka v\u00fdnimo\u010dn\u00fa odolnos\u0165 a dlh\u00fa \u017eivotnos\u0165, v\u010faka \u010domu vydr\u017e\u00ed aj tie najdrsnej\u0161ie zimn\u00e9 podmienky.<\/p>\n<p>Tento olejov\u00fd valec je vybaven\u00fd pokro\u010dilou hydraulickou technol\u00f3giou a poskytuje v\u00fdkonn\u00fd a spo\u013eahliv\u00fd v\u00fdkon, \u010do umo\u017e\u0148uje efekt\u00edvne a \u00fa\u010dinn\u00e9 odh\u0155\u0148anie snehu. Jeho hydraulick\u00fd syst\u00e9m umo\u017e\u0148uje plynul\u00fd a presn\u00fd chod, \u010do pou\u017e\u00edvate\u013eom umo\u017e\u0148uje \u013eahko a presne ovl\u00e1da\u0165 pluh.<\/p>\n<p>Kon\u0161trukcia tejto olejovej f\u013ea\u0161e z nehrdzavej\u00facej ocele pon\u00faka vynikaj\u00facu odolnos\u0165 vo\u010di kor\u00f3zii, hrdzi a opotrebovaniu, v\u010faka \u010domu je ide\u00e1lna na pou\u017eitie v zasne\u017eenom a z\u013eadovatenom prostred\u00ed. To zais\u0165uje, \u017ee f\u013ea\u0161a zostane v optim\u00e1lnom stave po\u010das celej svojej \u017eivotnosti a poskytne konzistentn\u00fd a spo\u013eahliv\u00fd v\u00fdkon rok \u010do rok.<\/p>\n<p>Nov\u00fd hydraulick\u00fd olejov\u00fd valec z nehrdzavej\u00facej ocele pre sne\u017en\u00fd pluh je navrhnut\u00fd s oh\u013eadom na pou\u017e\u00edvate\u013ea a \u013eahko sa in\u0161taluje a obsluhuje. Jeho kompaktn\u00fd a \u013eahk\u00fd dizajn umo\u017e\u0148uje bezprobl\u00e9mov\u00fa in\u0161tal\u00e1ciu a jeho u\u017e\u00edvate\u013esky pr\u00edvetiv\u00e9 ovl\u00e1danie rob\u00ed obsluhu jednoduchou a priamo\u010diarou.<\/p>\n<p>V\u010faka svojej vynikaj\u00facej kvalite a v\u00fdkonu je nov\u00fd hydraulick\u00fd olejov\u00fd valec z nehrdzavej\u00facej ocele pre snehov\u00fd pluh nevyhnutnos\u0165ou pre ka\u017ed\u00e9ho oper\u00e1tora snehov\u00e9ho pluhu. \u010ci u\u017e ste profesion\u00e1l alebo majite\u013e domu, ktor\u00fd chce odprata\u0165 sneh zo svojej pr\u00edjazdovej cesty, tento produkt prekon\u00e1 va\u0161e o\u010dak\u00e1vania a odprat\u00e1vanie snehu v\u00e1m spr\u00edjemn\u00ed.<\/p>\n<p>Investujte e\u0161te dnes do nov\u00e9ho hydraulick\u00e9ho valca z nehrdzavej\u00facej ocele pre odh\u0155\u0148a\u010d snehu a za\u017eite rozdiel, ktor\u00fd v\u00e1m m\u00f4\u017ee prinies\u0165 pri odh\u0155\u0148an\u00ed snehu. Bu\u010fte o krok pred zimn\u00fdm po\u010das\u00edm a udr\u017eujte svoje okolie \u010dist\u00e9 a bezpe\u010dn\u00e9 s t\u00fdmto \u0161pi\u010dkov\u00fdm hydraulick\u00fdm valcom.<\/p>\n<div>\n<h2>Predstavujeme hydraulick\u00fd olejov\u00fd valec z nehrdzavej\u00facej ocele pre sne\u017en\u00fd pluh<\/h2>\n<p>Hydraulick\u00fd valec z nehrdzavej\u00facej ocele pre odh\u0155\u0148anie snehu je inovat\u00edvne zariadenie, ktor\u00e9 zmen\u00ed sp\u00f4sob, ak\u00fdm riadite svoje \u00falohy odh\u0155\u0148ania snehu. Je to \u0161pi\u010dkov\u00fd hydraulick\u00fd valec navrhnut\u00fd tak, aby poskytoval \u00fa\u010dinnos\u0165, odolnos\u0165 a prvotriedny v\u00fdkon. Toto zariadenie nie je len \u010fal\u0161\u00edm kusom vybavenia, ale sk\u00f4r invest\u00edciou, ktor\u00e1 v\u00e1m u\u013eah\u010d\u00ed a zefekt\u00edvni odh\u0155\u0148anie snehu.<\/p>\n<h2>Vlastnosti produktu<\/h2>\n<ul>\n<li>\u0160pi\u010dkov\u00fd piestov\u00fd valec \u0161tandardnej ve\u013ekosti, ktor\u00fd pracuje s hydraulick\u00fdm pohonom<\/li>\n<li>Oce\u013eov\u00fd materi\u00e1l tela pre odolnos\u0165 a dlhotrvaj\u00faci v\u00fdkon<\/li>\n<li>Maxim\u00e1lny \u0165ah 3000 a maxim\u00e1lny \u0165ah 20 ton pre zvl\u00e1dnutie najn\u00e1ro\u010dnej\u0161\u00edch \u00faloh odh\u0155\u0148ania snehu<\/li>\n<li>Ve\u013ekos\u0165 v\u0155tania sa pohybuje od 2 do 6 palcov, ve\u013ekos\u0165 ty\u010de od 1,125 do 4 palcov a ve\u013ekos\u0165 zdvihu od 4 do 100 palcov.<\/li>\n<li>Ve\u013ekos\u0165 kol\u00edkov medzi 0,5-2 palcami pre jednoduch\u00fa in\u0161tal\u00e1ciu, pou\u017eitie a \u00fadr\u017ebu<\/li>\n<li>Jadro je vybaven\u00e9 lo\u017eiskom a hydraulick\u00fdm valcom, na ktor\u00e9 sa vz\u0165ahuje 1-ro\u010dn\u00e1 z\u00e1ruka.<\/li>\n<\/ul>\n<\/div>\n<h2>V\u00fdhody nastavite\u013en\u00fdch valcov s vidlicov\u00fdm uchyten\u00edm<\/h2>\n<ul>\n<li style=\"list-style-type: none;\">\n<ul>\n<li><strong>Prisp\u00f4sobenie:<\/strong> Jednou z k\u013e\u00fa\u010dov\u00fdch v\u00fdhod nastavite\u013en\u00fdch hydraulick\u00fdch valcov s vidlicov\u00fdm uchyten\u00edm je ich mo\u017enos\u0165 prisp\u00f4sobenia \u0161pecifick\u00fdm hydraulick\u00fdm aplik\u00e1ci\u00e1m. V\u010faka nastavite\u013en\u00e9mu uchyteniu sa daj\u00fa \u013eahko prisp\u00f4sobi\u0165 r\u00f4znym mont\u00e1\u017enym konfigur\u00e1ci\u00e1m, v\u010faka \u010domu s\u00fa v\u0161estrann\u00e9 a vhodn\u00e9 pre \u0161irok\u00fa \u0161k\u00e1lu aplik\u00e1ci\u00ed.<\/li>\n<\/ul>\n<\/li>\n<\/ul>\n<p>Napr\u00edklad nov\u00fd hydraulick\u00fd olejov\u00fd valec z nehrdzavej\u00facej ocele pre snehov\u00e9 pluhy je skvel\u00fdm pr\u00edkladom nastavite\u013en\u00fdch valcov s vidlicov\u00fdm z\u00e1vitom, ktor\u00e9 s\u00fa prisp\u00f4soben\u00e9 na pou\u017eitie v snehov\u00fdch pluhoch. V\u010faka kon\u0161trukcii z nehrdzavej\u00facej ocele je vysoko odoln\u00fd vo\u010di kor\u00f3zii a je navrhnut\u00fd tak, aby odolal drsn\u00fdm zimn\u00fdm podmienkam. Jeho nastavite\u013en\u00e1 vidlicov\u00e1 kon\u0161trukcia tie\u017e umo\u017e\u0148uje jednoduch\u00fa mont\u00e1\u017e na r\u00f4zne typy snehov\u00fdch pluhov, v\u010faka \u010domu je v\u0161estrann\u00fdm rie\u0161en\u00edm na odstra\u0148ovanie snehu.<\/p>\n<ul>\n<li style=\"list-style-type: none;\">\n<ul>\n<li><strong>Vysoko \u00fa\u010dinn\u00e9:<\/strong> \u010eal\u0161ou v\u00fdhodou nastavite\u013en\u00fdch valcov s vidlicov\u00fdm uz\u00e1verom je ich vysok\u00e1 \u00fa\u010dinnos\u0165. V\u010faka presn\u00e9mu kon\u0161truk\u010dn\u00e9mu spracovaniu a vysoko kvalitn\u00fdm materi\u00e1lom s\u00fa schopn\u00e9 poskytova\u0165 konzistentn\u00fd a spo\u013eahliv\u00fd v\u00fdkon aj v n\u00e1ro\u010dn\u00fdch aplik\u00e1ci\u00e1ch.<\/li>\n<\/ul>\n<\/li>\n<\/ul>\n<p>Napr\u00edklad nov\u00fd hydraulick\u00fd valec z nehrdzavej\u00facej ocele pre snehov\u00fd pluh je navrhnut\u00fd tak, aby poskytoval maxim\u00e1lnu zdv\u00edhaciu silu s minim\u00e1lnym \u00fasil\u00edm. Jeho vysokotlakov\u00fd hydraulick\u00fd syst\u00e9m zais\u0165uje, \u017ee dok\u00e1\u017ee \u013eahko zdv\u00edha\u0165 \u0165a\u017ek\u00e9 snehov\u00e9 pluhy, zatia\u013e \u010do jeho nastavite\u013en\u00e1 kon\u0161trukcia vidlice umo\u017e\u0148uje presn\u00e9 ovl\u00e1danie uhla a polohy radlice pluhu, \u010d\u00edm sa zabezpe\u010duje optim\u00e1lny v\u00fdkon pri odstra\u0148ovan\u00ed snehu.<\/p>\n<ul>\n<li style=\"list-style-type: none;\">\n<ul>\n<li><strong>Odoln\u00e9:<\/strong> Nastavite\u013en\u00e9 valce s vidlicov\u00fdm uz\u00e1verom s\u00fa tie\u017e zn\u00e1me svojou odolnos\u0165ou a dlhou \u017eivotnos\u0165ou. S\u00fa skon\u0161truovan\u00e9 tak, aby odolali drsn\u00fdm podmienkam prostredia, extr\u00e9mnym teplot\u00e1m a vysok\u00fdm za\u0165a\u017eeniam, v\u010faka \u010domu s\u00fa ide\u00e1lne na pou\u017eitie v r\u00f4znych priemyseln\u00fdch aplik\u00e1ci\u00e1ch.<\/li>\n<\/ul>\n<\/li>\n<\/ul>\n<p>Nov\u00fd hydraulick\u00fd olejov\u00fd valec z nehrdzavej\u00facej ocele pre snehov\u00fd pluh je vyroben\u00fd z vysoko kvalitnej nehrdzavej\u00facej ocele, ktor\u00e1 je nielen vysoko odoln\u00e1 vo\u010di kor\u00f3zii, ale poskytuje aj vynikaj\u00facu pevnos\u0165 a odolnos\u0165. Jeho presn\u00e9 spracovanie a vysoko kvalitn\u00e9 materi\u00e1ly navy\u0161e zabezpe\u010duj\u00fa, \u017ee odol\u00e1 extr\u00e9mnym teplot\u00e1m a vysok\u00e9mu za\u0165a\u017eeniu, v\u010faka \u010domu je spo\u013eahliv\u00fdm a odoln\u00fdm rie\u0161en\u00edm na odstra\u0148ovanie snehu.<\/p>\n<ul>\n<li style=\"list-style-type: none;\">\n<ul>\n<li><strong>Jednoduch\u00e1 \u00fadr\u017eba:<\/strong> Nakoniec, nastavite\u013en\u00e9 valce s vidlicov\u00fdm z\u00e1vitom s\u00fa navrhnut\u00e9 pre jednoduch\u00fa \u00fadr\u017ebu. V\u010faka ich jednoduchej, no robustnej kon\u0161trukcii sa daj\u00fa \u013eahko rozobra\u0165 a servisova\u0165, \u010do umo\u017e\u0148uje r\u00fdchle a efekt\u00edvne opravy a \u00fadr\u017ebu.<\/li>\n<\/ul>\n<\/li>\n<\/ul>\n<p>Napr\u00edklad nov\u00fd hydraulick\u00fd olejov\u00fd valec z nehrdzavej\u00facej ocele pre snehov\u00fd pluh je navrhnut\u00fd s modul\u00e1rnou kon\u0161trukciou, ktor\u00e1 umo\u017e\u0148uje jednoduch\u00fa demont\u00e1\u017e a v\u00fdmenu jednotliv\u00fdch komponentov. Jeho vysoko kvalitn\u00e9 materi\u00e1ly tie\u017e zabezpe\u010duj\u00fa minim\u00e1lnu \u00fadr\u017ebu, v\u010faka \u010domu je cenovo v\u00fdhodn\u00fdm rie\u0161en\u00edm na odstra\u0148ovanie snehu.<\/p>\n<p>Z\u00e1verom mo\u017eno poveda\u0165, \u017ee nastavite\u013en\u00e9 valce s vidlicov\u00fdm uchyten\u00edm pon\u00fakaj\u00fa cel\u00fd rad v\u00fdhod vr\u00e1tane prisp\u00f4sobenia, \u00fa\u010dinnosti, odolnosti a jednoduchej \u00fadr\u017eby. Nov\u00fd hydraulick\u00fd olejov\u00fd valec z nehrdzavej\u00facej ocele pre snehov\u00e9 pluhy je skvel\u00fdm pr\u00edkladom nastavite\u013en\u00fdch valcov s vidlicov\u00fdm uchyten\u00edm, ktor\u00e9 s\u00fa prisp\u00f4soben\u00e9 na pou\u017eitie v snehov\u00fdch pluhoch a pon\u00fakaj\u00fa v\u00fdnimo\u010dn\u00fd v\u00fdkon a spo\u013eahlivos\u0165 v drsn\u00fdch zimn\u00fdch podmienkach.<\/p>\n<h3>O spolo\u010dnosti FMP \u2013 profesion\u00e1lny v\u00fdrobca a dod\u00e1vate\u013e hydraulick\u00fdch valcov<\/h3>\n<p>FMP je spolo\u010dnos\u0165, ktor\u00e1 sa \u0161pecializuje na v\u00fdrobu a predaj vysoko kvalitn\u00fdch a spo\u013eahliv\u00fdch dielov a kompletn\u00fdch strojov pre stavebn\u00e9 stroje. M\u00e1me dlhoro\u010dn\u00e9 sk\u00fasenosti v tomto odvetv\u00ed a profesion\u00e1lny t\u00edm, ktor\u00fd zabezpe\u010duje, aby na\u0161i z\u00e1kazn\u00edci dost\u00e1vali tie najlep\u0161ie produkty a slu\u017eby.<\/p>\n<p>N\u00e1\u0161 hydraulick\u00fd valec je jedn\u00fdm z na\u0161ich najob\u013e\u00fabenej\u0161\u00edch produktov a to z dobr\u00e9ho d\u00f4vodu. Tu je len nieko\u013eko d\u00f4vodov, pre\u010do by ste si mali vybra\u0165 FMP ako dod\u00e1vate\u013ea hydraulick\u00fdch valcov:<\/p>\n<p>1. Vysokokvalitn\u00e9 materi\u00e1ly \u2013 Na v\u00fdrobu na\u0161ich hydraulick\u00fdch valcov pou\u017e\u00edvame iba tie najkvalitnej\u0161ie materi\u00e1ly. To zaru\u010duje ich odolnos\u0165, spo\u013eahlivos\u0165 a dlh\u00fa \u017eivotnos\u0165.<\/p>\n<p>2. \u0160irok\u00fd v\u00fdber mo\u017enost\u00ed \u2013 Pon\u00fakame \u0161irok\u00fd sortiment hydraulick\u00fdch valcov, vr\u00e1tane nastavite\u013en\u00fdch valcov s vidlicov\u00fdm uchyten\u00edm, dvoj\u010dinn\u00fdch hydraulick\u00fdch valcov a zv\u00e1ran\u00fdch hydraulick\u00fdch valcov. To umo\u017e\u0148uje z\u00e1kazn\u00edkom vybra\u0165 si valec, ktor\u00fd najlep\u0161ie vyhovuje ich potreb\u00e1m.<\/p>\n<p>3. Prisp\u00f4sobenie \u2013 Ch\u00e1peme, \u017ee ka\u017ed\u00fd z\u00e1kazn\u00edk m\u00e1 jedine\u010dn\u00e9 po\u017eiadavky, a preto pon\u00fakame hydraulick\u00e9 valce na mieru, ktor\u00e9 sp\u013a\u0148aj\u00fa \u0161pecifick\u00e9 potreby.<\/p>\n<p>4. Profesion\u00e1lny obchodn\u00fd t\u00edm \u2013 N\u00e1\u0161 sk\u00fasen\u00fd a kvalifikovan\u00fd obchodn\u00fd t\u00edm je v\u017edy pripraven\u00fd poskytn\u00fa\u0165 profesion\u00e1lne konzult\u00e1cie o produktoch a pon\u00faknu\u0165 z\u00e1kazn\u00edkom inteligentn\u00e9 n\u00e1vrhy na n\u00e1kup.<\/p>\n<p>5. Efekt\u00edvny logistick\u00fd distribu\u010dn\u00fd syst\u00e9m \u2013 M\u00e1me efekt\u00edvny logistick\u00fd distribu\u010dn\u00fd syst\u00e9m, ktor\u00fd zabezpe\u010duje, \u017ee z\u00e1kazn\u00edci dostan\u00fa po\u017eadovan\u00e9 hydraulick\u00e9 valce v\u010das a presne.<\/p>\n<p><img decoding=\"async\" src=\"https:\/\/fmp-components.com\/wp-content\/uploads\/2024\/12\/Adjustable-Clevis-Type-Cylinders-6.webp\" alt=\"Nastavite\u013en\u00fd valec typu Clevis\" width=\"824\" title=\"\"><\/p>\n<p>Okrem t\u00fdchto v\u00fdhod sa spolo\u010dnos\u0165 FMP zav\u00e4zuje budova\u0165 dlhodob\u00e9 a stabiln\u00e9 kooperat\u00edvne vz\u0165ahy s vysokokvalitn\u00fdmi dod\u00e1vate\u013emi doma aj v zahrani\u010d\u00ed, aby zabezpe\u010dila, \u017ee v\u0161etky dod\u00e1van\u00e9 diely sp\u013a\u0148aj\u00fa pr\u00edsne normy kvality. Preto garantujeme, \u017ee na\u0161e hydraulick\u00e9 valce s\u00fa najvy\u0161\u0161ej kvality a splnia va\u0161e potreby.<\/p>\n<p>Vyberte si FMP ako v\u00fdrobcu a dod\u00e1vate\u013ea hydraulick\u00fdch valcov. Kontaktujte n\u00e1s e\u0161te dnes a dozviete sa viac o na\u0161ich produktoch a slu\u017eb\u00e1ch.<\/p>\n<h2>\u010casto kladen\u00e9 ot\u00e1zky<\/h2>\n<h3>Ot\u00e1zka: Ste obchodn\u00e1 spolo\u010dnos\u0165 alebo v\u00fdrobca?<\/h3>\n<p>A: Sme tov\u00e1re\u0148, ktor\u00e1 vyr\u00e1ba na\u0161e produkty.<\/p>\n<h3>Ot\u00e1zka: Ak\u00e1 je va\u0161a dodacia lehota?<\/h3>\n<p>A: Na\u0161a dodacia lehota je zvy\u010dajne 25-35 dn\u00ed.<\/p>\n<h3>Ot\u00e1zka: Poskytujete vzorky?<\/h3>\n<p>A: \u00c1no, poskytujeme vzorky, ale nie s\u00fa zadarmo.<\/p>\n<p><img decoding=\"async\" title=\"Hydraulick\u00fd valec snehov\u00e9ho pluhu\" src=\"https:\/\/hzpt.com\/wp-content\/uploads\/2023\/11\/Snow-Plow-Hydraulic-Cylinder-3.webp\" alt=\"Hydraulick\u00fd valec snehov\u00e9ho pluhu\" \/><\/p>\n<p>Autor: CX<\/p>","protected":false},"excerpt":{"rendered":"<p>New Arrival Snow Plow Stainless Steel Hydraulic Oil Cylinder The New Arrival Snow Plow Stainless Steel Hydraulic Oil Cylinder is a cutting-edge product designed specifically for snow plows. Made from high-quality stainless steel, this hydraulic oil cylinder offers exceptional durability and longevity, ensuring it can withstand even the harshest winter conditions. Equipped with advanced hydraulic [&hellip;]<\/p>","protected":false},"featured_media":1493,"comment_status":"closed","ping_status":"closed","template":"","meta":{"_et_pb_use_builder":"","_et_pb_old_content":"","_et_gb_content_width":""},"product_brand":[],"product_cat":[42],"product_tag":[34,44],"class_list":{"0":"post-1492","1":"product","2":"type-product","3":"status-publish","4":"has-post-thumbnail","6":"product_cat-snow-plow-hydraulic-cylinder","7":"product_tag-hydraulic-cylinder","8":"product_tag-snow-plow-hydraulic-cylinder","10":"first","11":"instock","12":"product-type-simple"},"_links":{"self":[{"href":"https:\/\/fmp-components.com\/sk\/wp-json\/wp\/v2\/product\/1492","targetHints":{"allow":["GET"]}}],"collection":[{"href":"https:\/\/fmp-components.com\/sk\/wp-json\/wp\/v2\/product"}],"about":[{"href":"https:\/\/fmp-components.com\/sk\/wp-json\/wp\/v2\/types\/product"}],"replies":[{"embeddable":true,"href":"https:\/\/fmp-components.com\/sk\/wp-json\/wp\/v2\/comments?post=1492"}],"wp:featuredmedia":[{"embeddable":true,"href":"https:\/\/fmp-components.com\/sk\/wp-json\/wp\/v2\/media\/1493"}],"wp:attachment":[{"href":"https:\/\/fmp-components.com\/sk\/wp-json\/wp\/v2\/media?parent=1492"}],"wp:term":[{"taxonomy":"product_brand","embeddable":true,"href":"https:\/\/fmp-components.com\/sk\/wp-json\/wp\/v2\/product_brand?post=1492"},{"taxonomy":"product_cat","embeddable":true,"href":"https:\/\/fmp-components.com\/sk\/wp-json\/wp\/v2\/product_cat?post=1492"},{"taxonomy":"product_tag","embeddable":true,"href":"https:\/\/fmp-components.com\/sk\/wp-json\/wp\/v2\/product_tag?post=1492"}],"curies":[{"name":"pracovn\u00fd list","href":"https:\/\/api.w.org\/{rel}","templated":true}]}}