{"id":1490,"date":"2024-12-23T05:50:37","date_gmt":"2024-12-23T05:50:37","guid":{"rendered":"https:\/\/fmp-components.com\/product\/competitive-price-piston-hydraulic-cylinder-double-acting\/"},"modified":"2024-12-23T06:14:10","modified_gmt":"2024-12-23T06:14:10","slug":"competitive-price-piston-hydraulic-cylinder-double-acting","status":"publish","type":"product","link":"https:\/\/fmp-components.com\/sk\/product\/competitive-price-piston-hydraulic-cylinder-double-acting\/","title":{"rendered":"Konkuren\u010dn\u00e1 cena piestov\u00e9ho hydraulick\u00e9ho valca s dvojit\u00fdm \u00fa\u010dinkom"},"content":{"rendered":"<h2>Predstavujeme konkuren\u010dn\u00fa cenu piestov\u00e9ho hydraulick\u00e9ho valca s dvoj\u010dinn\u00fdm \u00fa\u010dinkom:<\/h2>\n<p>Dvoj\u010dinn\u00fd hydraulick\u00fd valec s piestom za konkurencieschopn\u00fa cenu je vysoko kvalitn\u00fd produkt ur\u010den\u00fd pre r\u00f4zne priemyseln\u00e9 aplik\u00e1cie. Tento hydraulick\u00fd valec je vyroben\u00fd s pou\u017eit\u00edm pokro\u010dil\u00fdch technol\u00f3gi\u00ed a prvotriednych materi\u00e1lov, \u010do zaru\u010duje odolnos\u0165 a spo\u013eahlivos\u0165.<\/p>\n<p>Tento hydraulick\u00fd valec s piestovou kon\u0161trukciou pon\u00faka plynul\u00fd a presn\u00fd pohyb, \u010do umo\u017e\u0148uje efekt\u00edvnu a \u00fa\u010dinn\u00fa prev\u00e1dzku. Je navrhnut\u00fd pre dvoj\u010dinn\u00fd \u00fa\u010dinok, \u010do mu umo\u017e\u0148uje vyv\u00edja\u0165 silu v oboch smeroch, \u010d\u00edm sa zvy\u0161uje produktivita a v\u0161estrannos\u0165.<\/p>\n<p>V\u010faka svojej konkurencieschopnej cene pon\u00faka tento hydraulick\u00fd valec vynikaj\u00faci pomer ceny a kvality. Pon\u00faka vynikaj\u00faci v\u00fdkon a odolnos\u0165, v\u010faka \u010domu je cenovo v\u00fdhodnou vo\u013ebou pre firmy v\u0161etk\u00fdch ve\u013ekost\u00ed. \u010ci u\u017e sa pou\u017e\u00edva v stavebn\u00edctve, po\u013enohospod\u00e1rstve alebo v\u00fdrobe, tento hydraulick\u00fd valec je skon\u0161truovan\u00fd tak, aby odolal n\u00e1ro\u010dn\u00fdm podmienkam a poskytoval v\u00fdnimo\u010dn\u00e9 v\u00fdsledky.<\/p>\n<p><img decoding=\"async\" title=\"Hydraulick\u00fd valec snehov\u00e9ho pluhu\" src=\"https:\/\/hzpt.com\/wp-content\/uploads\/2023\/11\/Snow-Plow-Hydraulic-Cylinder-2.webp\" alt=\"Hydraulick\u00fd valec snehov\u00e9ho pluhu\" \/><\/p>\n<p>Konkuren\u010dn\u00fd cenov\u00fd piestov\u00fd hydraulick\u00fd valec s dvoj\u010dinn\u00fdm \u00fa\u010dinkom sa \u013eahko in\u0161taluje a udr\u017eiava, \u010d\u00edm minimalizuje prestoje a maximalizuje produktivitu. Je kompatibiln\u00fd s r\u00f4znymi hydraulick\u00fdmi syst\u00e9mami a mo\u017eno ho bezprobl\u00e9movo integrova\u0165 do existuj\u00facich zariaden\u00ed.<\/p>\n<p>Z\u00e1verom mo\u017eno poveda\u0165, \u017ee konkurencieschopn\u00fd dvoj\u010dinn\u00fd hydraulick\u00fd valec s piestom je spo\u013eahliv\u00fdm a efekt\u00edvnym rie\u0161en\u00edm pre va\u0161e hydraulick\u00e9 potreby. Jeho konkurencieschopn\u00e1 cena v kombin\u00e1cii s vysoko kvalitnou kon\u0161trukciou a v\u00fdkonom z neho rob\u00ed vynikaj\u00facu vo\u013ebu pre firmy, ktor\u00e9 chc\u00fa zlep\u0161i\u0165 svoju prev\u00e1dzku. Investujte do tohto hydraulick\u00e9ho valca e\u0161te dnes a za\u017eite zv\u00fd\u0161en\u00fa produktivitu a n\u00e1kladov\u00fa efekt\u00edvnos\u0165. Ak h\u013ead\u00e1te odoln\u00fd a efekt\u00edvny hydraulick\u00fd valec s piestom, u\u017e neh\u013eadajte \u010falej. Tento dvoj\u010dinn\u00fd valec sa pon\u00faka za konkurencieschopn\u00fa cenu, \u010do v\u00e1m zaru\u010d\u00ed najlep\u0161\u00ed pomer ceny a kvality. Jeho jedine\u010dn\u00fd dizajn a kon\u0161trukcia ho robia vhodn\u00fdm pre r\u00f4zne oblasti vr\u00e1tane opravovn\u00ed strojov, fariem, energetiky a ban\u00edctva, v\u00fdroby strojov a tov\u00e1rn\u00ed.<\/p>\n<h2>\u0160pecifik\u00e1cie produktu<\/h2>\n<p>Tento nov\u00fd piestov\u00fd hydraulick\u00fd valec sa dod\u00e1va s ro\u010dnou z\u00e1rukou, ktor\u00e1 s\u013eubuje spo\u013eahliv\u00fd v\u00fdkon a odolnos\u0165. Valec m\u00e1 \u0161tandardn\u00fa kon\u0161trukciu, je poh\u00e1\u0148an\u00fd hydraulicky a vyroben\u00fd z robustn\u00e9ho oce\u013eov\u00e9ho tela. To zaru\u010duje, \u017ee vydr\u017e\u00ed n\u00e1ro\u010dn\u00e9 pou\u017e\u00edvanie bez kompromisov v jeho \u00fa\u010dinnosti a dlhej \u017eivotnosti.<\/p>\n<h3>Z\u00e1kladn\u00e9 komponenty<\/h3>\n<p>Hlavn\u00fdmi komponentmi tohto hydraulick\u00e9ho valca s\u00fa lo\u017eisko a samotn\u00fd hydraulick\u00fd valec. Ide o k\u013e\u00fa\u010dov\u00e9 \u010dasti, ktor\u00e9 zohr\u00e1vaj\u00fa v\u00fdznamn\u00fa \u00falohu v celkovej funk\u010dnosti a \u00fa\u010dinnosti zariadenia.<\/p>\n<h3>V\u00fdkon a kapacita<\/h3>\n<p>Hydraulick\u00fd valec sa m\u00f4\u017ee pochv\u00e1li\u0165 maxim\u00e1lnym tlakom 3000 a maxim\u00e1lnou \u0165a\u017enou silou 20 ton, \u010do zais\u0165uje, \u017ee s \u013eahkos\u0165ou zvl\u00e1dne aj \u0165a\u017ek\u00e9 bremen\u00e1. Je vhodn\u00fd na pou\u017eitie ako hydraulick\u00fd valec pre odh\u0155\u0148anie snehu, v\u010faka \u010domu je v\u0161estrann\u00fdm n\u00e1strojom pre \u0161irok\u00fa \u0161k\u00e1lu aplik\u00e1ci\u00ed.<\/p>\n<h3>Ve\u013ekos\u0165 a dizajn<\/h3>\n<p>Valec m\u00e1 v\u0155tanie 2-6 palcov a ve\u013ekos\u0165 piestnice 1,125-4 palce, zdvih 4-100 palcov a ve\u013ekos\u0165 \u010dapu 0,5-2 palce. Je navrhnut\u00fd s portami G\/SAE\/NPT\/M a dod\u00e1va sa v elegantnej \u010diernej farbe.<\/p>\n<h2>V\u00fdhody nastavite\u013en\u00fdch valcov s vidlicov\u00fdm uchyten\u00edm<\/h2>\n<p>Nastavite\u013en\u00e9 valce s vidlicov\u00fdm z\u00e1vitom, ako napr\u00edklad cenovo konkurencieschopn\u00fd piestov\u00fd hydraulick\u00fd valec s dvoj\u010dinn\u00fdm \u00fa\u010dinkom, pon\u00fakaj\u00fa v r\u00f4znych aplik\u00e1ci\u00e1ch nieko\u013eko v\u00fdrazn\u00fdch v\u00fdhod. Tieto valce s\u00fa navrhnut\u00e9 s oh\u013eadom na presnos\u0165 a \u00fa\u010dinnos\u0165, \u010do umo\u017e\u0148uje optim\u00e1lny v\u00fdkon a v\u0161estrannos\u0165. Ni\u017e\u0161ie s\u00fa uveden\u00e9 niektor\u00e9 k\u013e\u00fa\u010dov\u00e9 v\u00fdhody pou\u017eitia nastavite\u013en\u00fdch valcov s vidlicov\u00fdm z\u00e1vitom:<\/p>\n<h3>1. Zv\u00fd\u0161en\u00e1 flexibilita<\/h3>\n<p>Jednou z hlavn\u00fdch v\u00fdhod nastavite\u013en\u00fdch valcov s vidlicov\u00fdm uchyten\u00edm je ich schopnos\u0165 poskytova\u0165 zv\u00fd\u0161en\u00fa flexibilitu v r\u00f4znych prev\u00e1dzkov\u00fdch podmienkach. Kon\u0161trukcia nastavite\u013en\u00e9ho vidlicov\u00e9ho uchytenia umo\u017e\u0148uje jednoduch\u00e9 prisp\u00f4sobenie a nastavenie d\u013a\u017eky zdvihu, \u010do umo\u017e\u0148uje prisp\u00f4sobi\u0165 valec \u0161pecifick\u00fdm po\u017eiadavk\u00e1m. T\u00e1to flexibilita zabezpe\u010duje, \u017ee valec mo\u017eno pou\u017ei\u0165 v \u0161irokej \u0161k\u00e1le aplik\u00e1ci\u00ed, v\u010faka \u010domu je v\u0161estrannou vo\u013ebou pre r\u00f4zne odvetvia.<\/p>\n<h3>2. Vynikaj\u00faca nosnos\u0165<\/h3>\n<p>\u010eal\u0161ou pozoruhodnou v\u00fdhodou nastavite\u013en\u00fdch valcov s vidlicov\u00fdm uchyten\u00edm je ich vynikaj\u00faca nosnos\u0165. Tieto valce s\u00fa navrhnut\u00e9 tak, aby zvl\u00e1dali \u0165a\u017ek\u00e9 bremen\u00e1 a poskytovali v\u00fdnimo\u010dn\u00fd v\u00fdkon. Najm\u00e4 cenovo konkurencieschopn\u00fd piestov\u00fd hydraulick\u00fd valec s dvoj\u010dinn\u00fdm \u00fa\u010dinkom je schopn\u00fd generova\u0165 vysok\u00e9 sily pri vys\u00favan\u00ed aj zas\u00favan\u00ed, v\u010faka \u010domu je ide\u00e1lny pre aplik\u00e1cie, ktor\u00e9 vy\u017eaduj\u00fa zna\u010dn\u00fd v\u00fdkon a \u00fa\u010dinnos\u0165.<\/p>\n<h3>3. Presn\u00e9 polohovanie<\/h3>\n<p>Nastavite\u013en\u00e9 valce s vidlicov\u00fdm uchyten\u00edm s\u00fa zn\u00e1me svojimi schopnos\u0165ami presn\u00e9ho polohovania. Pou\u017eitie pokro\u010dilej hydraulickej technol\u00f3gie umo\u017e\u0148uje presn\u00e9 a kontrolovan\u00e9 pohyby, \u010d\u00edm sa zabezpe\u010d\u00ed, \u017ee valec dok\u00e1\u017ee dosiahnu\u0165 presn\u00fd line\u00e1rny pohyb. T\u00e1to \u00farove\u0148 presnosti je k\u013e\u00fa\u010dov\u00e1 v aplik\u00e1ci\u00e1ch, kde je potrebn\u00e9 presn\u00e9 polohovanie, ako napr\u00edklad v robotike, automatiz\u00e1cii a syst\u00e9moch manipul\u00e1cie s materi\u00e1lom.<\/p>\n<h3>4. Trvanlivos\u0165 a dlh\u00e1 \u017eivotnos\u0165<\/h3>\n<p>Nastavite\u013en\u00e9 valce s vidlicov\u00fdm z\u00e1vitom s\u00fa vyroben\u00e9 z vysoko kvalitn\u00fdch materi\u00e1lov a prech\u00e1dzaj\u00fa pr\u00edsnymi testami, aby sa zabezpe\u010dila odolnos\u0165 a dlh\u00e1 \u017eivotnos\u0165. Cenovo konkurencieschopn\u00fd piestov\u00fd hydraulick\u00fd valec s dvoj\u010dinn\u00fdm \u00fa\u010dinkom je skon\u0161truovan\u00fd tak, aby odolal n\u00e1ro\u010dn\u00fdm prev\u00e1dzkov\u00fdm podmienkam a n\u00e1ro\u010dn\u00fdm aplik\u00e1ci\u00e1m. Robustn\u00e1 kon\u0161trukcia valca a spo\u013eahliv\u00fd tesniaci syst\u00e9m prispievaj\u00fa k jeho pred\u013a\u017eenej \u017eivotnosti, zni\u017euj\u00fa po\u017eiadavky na \u00fadr\u017ebu a celkov\u00e9 n\u00e1klady.<\/p>\n<h3>5. Efekt\u00edvna spotreba energie<\/h3>\n<p>Efekt\u00edvna spotreba energie je k\u013e\u00fa\u010dovou v\u00fdhodou nastavite\u013en\u00fdch valcov s vidlicov\u00fdm z\u00e1vitom. Tieto valce s\u00fa navrhnut\u00e9 tak, aby minimalizovali energetick\u00e9 straty a optimalizovali vyu\u017eitie energie, \u010do vedie k zlep\u0161eniu celkovej \u00fa\u010dinnosti. Pokro\u010dil\u00e1 hydraulick\u00e1 kon\u0161trukcia a presn\u00e9 riadiace mechanizmy cenovo konkurencieschopn\u00e9ho piestov\u00e9ho hydraulick\u00e9ho valca s dvoj\u010dinn\u00fdm \u00fa\u010dinkom prispievaj\u00fa k jeho schopnosti \u0161etri\u0165 energiu, v\u010faka \u010domu je cenovo v\u00fdhodnou vo\u013ebou pre dlhodob\u00e9 pou\u017e\u00edvanie.<\/p>\n<h3>6. Jednoduch\u00e1 in\u0161tal\u00e1cia a \u00fadr\u017eba<\/h3>\n<p>Nastavite\u013en\u00e9 valce s vidlicov\u00fdm uchyten\u00edm s\u00fa navrhnut\u00e9 pre jednoduch\u00fa in\u0161tal\u00e1ciu a \u00fadr\u017ebu. Ich kompaktn\u00fd dizajn a \u0161tandardizovan\u00e9 mo\u017enosti mont\u00e1\u017ee zjednodu\u0161uj\u00fa proces in\u0161tal\u00e1cie a skracuj\u00fa prestoje. Modul\u00e1rna kon\u0161trukcia valca navy\u0161e umo\u017e\u0148uje jednoduch\u00fd pr\u00edstup k vn\u00fatorn\u00fdm komponentom, \u010do u\u013eah\u010duje r\u00fdchlu a bezprobl\u00e9mov\u00fa \u00fadr\u017ebu.<\/p>\n<p>Z\u00e1verom mo\u017eno poveda\u0165, \u017ee nastavite\u013en\u00e9 valce s vidlicov\u00fdm uchyten\u00edm, ako napr\u00edklad cenovo konkurencieschopn\u00e9 piestov\u00e9 hydraulick\u00e9 valce s dvoj\u010dinn\u00fdm \u00fa\u010dinkom, pon\u00fakaj\u00fa mno\u017estvo v\u00fdhod v \u0161irokej \u0161k\u00e1le aplik\u00e1ci\u00ed. Ich zv\u00fd\u0161en\u00e1 flexibilita, vynikaj\u00faca nosnos\u0165, presn\u00e9 polohovanie, odolnos\u0165, efekt\u00edvna spotreba energie a jednoduch\u00e1 in\u0161tal\u00e1cia a \u00fadr\u017eba z nich robia \u017eiadan\u00fa vo\u013ebu pre odvetvia, ktor\u00e9 h\u013eadaj\u00fa spo\u013eahliv\u00e9 a vysoko v\u00fdkonn\u00e9 hydraulick\u00e9 rie\u0161enia.<\/p>\n<h3>O hydraulickom valci FMP<\/h3>\n<p>FMP je popredn\u00e1 spolo\u010dnos\u0165 v Taliansku, ktor\u00e1 sa \u0161pecializuje na predaj a servis dielov a kompletn\u00fdch strojov pre stavebn\u00e9 stroje. N\u00e1\u0161 hydraulick\u00fd valec je jedn\u00fdm z na\u0161ich najpred\u00e1vanej\u0161\u00edch produktov a sme hrd\u00ed na jeho vynikaj\u00facu kvalitu a funk\u010dnos\u0165. Tu je p\u00e4\u0165 d\u00f4vodov, pre\u010do by ste si mali vybra\u0165 hydraulick\u00fd valec FMP:<\/p>\n<ol>\n<li><strong>Pr\u00e9miov\u00e1 kvalita:<\/strong> Hydraulick\u00fd valec FMP je vyroben\u00fd z vysoko kvalitn\u00fdch materi\u00e1lov, ktor\u00e9 zaru\u010duj\u00fa odolnos\u0165 a spo\u013eahlivos\u0165. Materi\u00e1ly z\u00edskavame od d\u00f4veryhodn\u00fdch dod\u00e1vate\u013eov, ktor\u00ed sp\u013a\u0148aj\u00fa na\u0161e pr\u00edsne \u0161tandardy kvality, \u010d\u00edm zabezpe\u010dujeme, \u017ee na\u0161e v\u00fdrobky s\u00fa najvy\u0161\u0161ej kvality.<\/li>\n<li><strong>R\u00f4zne \u0161pecifik\u00e1cie:<\/strong> Na\u0161e hydraulick\u00e9 valce sa dod\u00e1vaj\u00fa v r\u00f4znych ve\u013ekostiach a \u0161pecifik\u00e1ci\u00e1ch, aby vyhovovali va\u0161im \u0161pecifick\u00fdm potreb\u00e1m. Pon\u00fakame \u0161irok\u00fd sortiment produktov vr\u00e1tane nastavite\u013en\u00fdch valcov s vidlicov\u00fdm uchyten\u00edm, \u0165ahadiel a zv\u00e1ran\u00fdch hydraulick\u00fdch valcov.<\/li>\n<li><strong>Odborn\u00e1 konzult\u00e1cia:<\/strong> N\u00e1\u0161 sk\u00fasen\u00fd obchodn\u00fd t\u00edm m\u00e1 znalosti o stavebn\u00fdch strojoch a m\u00f4\u017ee v\u00e1m poskytn\u00fa\u0165 profesion\u00e1lne poradenstvo oh\u013eadom produktov. Pom\u00f4\u017eeme v\u00e1m ur\u010di\u0165, ktor\u00fd hydraulick\u00fd valec je vhodn\u00fd pre v\u00e1\u0161 projekt, a zabezpe\u010d\u00edme tak va\u0161e informovan\u00e9 rozhodnutie.<\/li>\n<li><strong>Efekt\u00edvna logistika:<\/strong> Ch\u00e1peme, \u017ee \u010das je k\u013e\u00fa\u010dov\u00fd, a preto m\u00e1me zaveden\u00fd efekt\u00edvny logistick\u00fd distribu\u010dn\u00fd syst\u00e9m. Zabezpe\u010d\u00edme, aby v\u00e1m bol v\u00e1\u0161 hydraulick\u00fd valec doru\u010den\u00fd v\u010das a presne.<\/li>\n<li><strong>Vynikaj\u00faci z\u00e1kazn\u00edcky servis:<\/strong> V spolo\u010dnosti FMP si v\u00e1\u017eime na\u0161ich z\u00e1kazn\u00edkov a sna\u017e\u00edme sa poskytova\u0165 vynikaj\u00face slu\u017eby z\u00e1kazn\u00edkom. Zaviazali sme sa k splneniu a prekonaniu va\u0161ich o\u010dak\u00e1van\u00ed a sme v\u017edy pripraven\u00ed pom\u00f4c\u0165 v\u00e1m s ak\u00fdmiko\u013evek ot\u00e1zkami alebo obavami, ktor\u00e9 by ste mohli ma\u0165.<\/li>\n<\/ol>\n<p>V spolo\u010dnosti FMP sme hrd\u00ed na to, \u017ee na\u0161im z\u00e1kazn\u00edkom poskytujeme vysoko kvalitn\u00e9 a spo\u013eahliv\u00e9 rie\u0161enia v oblasti hydraulick\u00fdch valcov. Na\u0161e produkty a slu\u017eby s\u00fa podlo\u017een\u00e9 dlhoro\u010dn\u00fdmi sk\u00fasenos\u0165ami v odvetv\u00ed a profesion\u00e1lnym t\u00edmom. Vyberte si hydraulick\u00fd valec FMP pre svoj \u010fal\u0161\u00ed projekt a za\u017eite rozdiel.<\/p>\n<p><img decoding=\"async\" src=\"https:\/\/fmp-components.com\/wp-content\/uploads\/2024\/12\/Adjustable-Clevis-Type-Cylinders-6.webp\" alt=\"Nastavite\u013en\u00fd valec typu Clevis\" width=\"823\" title=\"\"><\/p>\n<h2>Pre\u010do si vybra\u0165 n\u00e1\u0161 piestov\u00fd hydraulick\u00fd valec?<\/h2>\n<p>N\u00e1\u0161 dvoj\u010dinn\u00fd hydraulick\u00fd valec s piestom pon\u00faka konkurencieschopn\u00fa cenu bez kompromisov v kvalite a spo\u013eahlivosti produktu. Sme odhodlan\u00ed uspokoji\u0165 potreby na\u0161ich z\u00e1kazn\u00edkov a poskytova\u0165 im produkty, ktor\u00e9 s\u00fa odoln\u00e9, efekt\u00edvne a spo\u013eahliv\u00e9.<\/p>\n<p>Odpor\u00fa\u010dame v\u00e1m presk\u00fama\u0165 n\u00e1\u0161 produkt a sami sa presved\u010di\u0165, ak\u00fd rozdiel m\u00f4\u017ee prinies\u0165 vo va\u0161e oper\u00e1cie. V\u010faka na\u0161im konkurencieschopn\u00fdm cen\u00e1m a vysoko kvalitn\u00fdm produktom sme si ist\u00ed, \u017ee u n\u00e1s n\u00e1jdete hodnotu a v\u00fdkon, ktor\u00e9 h\u013ead\u00e1te.<\/p>\n<h2>\u010casto kladen\u00e9 ot\u00e1zky<\/h2>\n<h3>Ot\u00e1zka: Ak\u00e1 je dodacia lehota?<\/h3>\n<p>A: Typick\u00e1 dodacia lehota je 25-35 dn\u00ed.<\/p>\n<h3>Ot\u00e1zka: Poskytujete vzorky? Je to zadarmo alebo navy\u0161e?<\/h3>\n<p>A: \u00c1no, poskytujeme vzorky, ale nie s\u00fa zadarmo.<\/p>\n<h3>Ot\u00e1zka: M\u00f4\u017eete vyrobi\u0165 pod\u013ea vzoriek?<\/h3>\n<p>A: \u00c1no, vieme vyrobi\u0165 na z\u00e1klade va\u0161ich vzoriek alebo technick\u00fdch v\u00fdkresov. Sme tie\u017e schopn\u00ed vyrobi\u0165 formy a pr\u00edpravky.<\/p>\n<p><img decoding=\"async\" title=\"Hydraulick\u00fd valec snehov\u00e9ho pluhu\" src=\"https:\/\/hzpt.com\/wp-content\/uploads\/2023\/11\/Snow-Plow-Hydraulic-Cylinder-3.webp\" alt=\"Hydraulick\u00fd valec snehov\u00e9ho pluhu\" \/><\/p>\n<p>Autor: CX<\/p>","protected":false},"excerpt":{"rendered":"<p>Introducing Competitive Price Piston Hydraulic Cylinder Double Acting: The Competitive Price Piston Hydraulic Cylinder Double Acting is a high-quality product designed for various industrial applications. This hydraulic cylinder is manufactured using advanced technology and premium materials, ensuring durability and reliability. Featuring a piston design, this hydraulic cylinder offers smooth and precise movement, allowing for efficient [&hellip;]<\/p>","protected":false},"featured_media":1491,"comment_status":"closed","ping_status":"closed","template":"","meta":{"_et_pb_use_builder":"","_et_pb_old_content":"","_et_gb_content_width":""},"product_brand":[],"product_cat":[42],"product_tag":[34,44],"class_list":{"0":"post-1490","1":"product","2":"type-product","3":"status-publish","4":"has-post-thumbnail","6":"product_cat-snow-plow-hydraulic-cylinder","7":"product_tag-hydraulic-cylinder","8":"product_tag-snow-plow-hydraulic-cylinder","10":"first","11":"instock","12":"product-type-simple"},"_links":{"self":[{"href":"https:\/\/fmp-components.com\/sk\/wp-json\/wp\/v2\/product\/1490","targetHints":{"allow":["GET"]}}],"collection":[{"href":"https:\/\/fmp-components.com\/sk\/wp-json\/wp\/v2\/product"}],"about":[{"href":"https:\/\/fmp-components.com\/sk\/wp-json\/wp\/v2\/types\/product"}],"replies":[{"embeddable":true,"href":"https:\/\/fmp-components.com\/sk\/wp-json\/wp\/v2\/comments?post=1490"}],"wp:featuredmedia":[{"embeddable":true,"href":"https:\/\/fmp-components.com\/sk\/wp-json\/wp\/v2\/media\/1491"}],"wp:attachment":[{"href":"https:\/\/fmp-components.com\/sk\/wp-json\/wp\/v2\/media?parent=1490"}],"wp:term":[{"taxonomy":"product_brand","embeddable":true,"href":"https:\/\/fmp-components.com\/sk\/wp-json\/wp\/v2\/product_brand?post=1490"},{"taxonomy":"product_cat","embeddable":true,"href":"https:\/\/fmp-components.com\/sk\/wp-json\/wp\/v2\/product_cat?post=1490"},{"taxonomy":"product_tag","embeddable":true,"href":"https:\/\/fmp-components.com\/sk\/wp-json\/wp\/v2\/product_tag?post=1490"}],"curies":[{"name":"pracovn\u00fd list","href":"https:\/\/api.w.org\/{rel}","templated":true}]}}