{"id":1488,"date":"2024-12-23T05:50:37","date_gmt":"2024-12-23T05:50:37","guid":{"rendered":"https:\/\/fmp-components.com\/product\/customized-double-effect-stainless-steel-hydraulic-ram-cylinder\/"},"modified":"2025-05-10T12:28:50","modified_gmt":"2025-05-10T12:28:50","slug":"customized-double-effect-stainless-steel-hydraulic-ram-cylinder","status":"publish","type":"product","link":"https:\/\/fmp-components.com\/sk\/product\/customized-double-effect-stainless-steel-hydraulic-ram-cylinder\/","title":{"rendered":"Prisp\u00f4soben\u00fd hydraulick\u00fd valec z nehrdzavej\u00facej ocele s dvojit\u00fdm efektom"},"content":{"rendered":"<h2>Prisp\u00f4soben\u00fd hydraulick\u00fd valec z nehrdzavej\u00facej ocele s dvojit\u00fdm efektom<\/h2>\n<p>Predstavujeme prisp\u00f4soben\u00fd hydraulick\u00fd valec z nehrdzavej\u00facej ocele s dvojit\u00fdm \u00fa\u010dinkom:<\/p>\n<p>Hydraulick\u00fd valec z nehrdzavej\u00facej ocele s dvojit\u00fdm \u00fa\u010dinkom na mieru je vysoko kvalitn\u00fd produkt navrhnut\u00fd pre optim\u00e1lny v\u00fdkon v r\u00f4znych priemyseln\u00fdch aplik\u00e1ci\u00e1ch. Tento hydraulick\u00fd valec je vyroben\u00fd z odolnej nehrdzavej\u00facej ocele, \u010do zaru\u010duje jeho dlh\u00fa \u017eivotnos\u0165 a odolnos\u0165 vo\u010di kor\u00f3zii.<\/p>\n<p>V\u010faka dvojit\u00e9mu \u00fa\u010dinku zabezpe\u010duje tento valec efekt\u00edvnu a spo\u013eahliv\u00fa prev\u00e1dzku. Funkcia dvojit\u00e9ho \u00fa\u010dinku umo\u017e\u0148uje vys\u00favanie aj zas\u00favanie piestu, \u010d\u00edm sa zvy\u0161uje produktivita a skracuj\u00fa prestoje. V\u010faka tomu je ide\u00e1lnou vo\u013ebou pre n\u00e1ro\u010dn\u00e9 \u00falohy, ktor\u00e9 vy\u017eaduj\u00fa presn\u00e9 ovl\u00e1danie a plynul\u00fd chod.<\/p>\n<p>Hydraulick\u00fd valec s dvojit\u00fdm \u00fa\u010dinkom z nehrdzavej\u00facej ocele na mieru je navrhnut\u00fd tak, aby poskytoval v\u00fdnimo\u010dn\u00fd v\u00fdkon za podmienok vysok\u00e9ho tlaku. Jeho robustn\u00e1 kon\u0161trukcia a pokro\u010dil\u00e1 technol\u00f3gia tesnenia zabezpe\u010duj\u00fa minim\u00e1lne \u00faniky a zv\u00fd\u0161en\u00fa bezpe\u010dnos\u0165 po\u010das prev\u00e1dzky.<\/p>\n<p>Tento hydraulick\u00fd valec je vysoko prisp\u00f4sobite\u013en\u00fd \u0161pecifick\u00fdm po\u017eiadavk\u00e1m. Je k dispoz\u00edcii v r\u00f4znych ve\u013ekostiach a d\u013a\u017ekach zdvihu, \u010do umo\u017e\u0148uje jednoduch\u00fa integr\u00e1ciu do r\u00f4znych hydraulick\u00fdch syst\u00e9mov. Okrem toho ho mo\u017eno prisp\u00f4sobi\u0165 \u0161pecifick\u00fdm rozsahom tlaku a teploty, v\u010faka \u010domu je vhodn\u00fd pre \u0161irok\u00fa \u0161k\u00e1lu aplik\u00e1ci\u00ed v r\u00f4znych odvetviach.<\/p>\n<p>Stru\u010dne povedan\u00e9, hydraulick\u00fd valec s dvojit\u00fdm \u00fa\u010dinkom z nehrdzavej\u00facej ocele na mieru pon\u00faka odolnos\u0165, \u00fa\u010dinnos\u0165 a v\u0161estrannos\u0165. Jeho vynikaj\u00faci v\u00fdkon a prisp\u00f4sobite\u013en\u00e9 funkcie z neho robia ide\u00e1lnu vo\u013ebu pre priemyseln\u00e9 aplik\u00e1cie, kde s\u00fa spo\u013eahlivos\u0165 a presnos\u0165 prvorad\u00e9.<\/p>\n<h2>Prisp\u00f4soben\u00fd hydraulick\u00fd valec z nehrdzavej\u00facej ocele s dvojit\u00fdm \u00fa\u010dinkom pre \u0165a\u017ek\u00e9 stroje<\/h2>\n<p>Predstavujeme nov\u00fd a pokro\u010dil\u00fd, prisp\u00f4soben\u00fd dvojit\u00fd hydraulick\u00fd valec z nehrdzavej\u00facej ocele, ktor\u00fd je dokonal\u00fdm rie\u0161en\u00edm pre va\u0161e po\u017eiadavky na \u0165a\u017ek\u00e9 stroje. Tento modern\u00fd hydraulick\u00fd valec bol vyroben\u00fd z vysoko kvalitnej ocele, \u010do zaru\u010duje maxim\u00e1lnu odolnos\u0165 a \u00fa\u010dinnos\u0165. Jeho dvojit\u00fd \u00fa\u010dinok umo\u017e\u0148uje plynul\u00fa prev\u00e1dzku v opravovniach strojov, na farm\u00e1ch, v energetickom a banskom sektore, pri v\u00fdrobe strojov a v tov\u00e1r\u0148ach.<\/p>\n<h2>Hlavn\u00e9 vlastnosti produktu<\/h2>\n<ul>\n<li>Stav: \u00daplne nov\u00fd<\/li>\n<li>Z\u00e1ruka: 1 rok<\/li>\n<li>Hmotnos\u0165: 11 kg<\/li>\n<li>Maxim\u00e1lny \u0165ah: 3000<\/li>\n<li>Typ: Hydraulick\u00e9 valce pre odh\u0155\u0148a\u010d snehu<\/li>\n<li>Maxim\u00e1lny \u0165ah: 20 ton<\/li>\n<li>Certifik\u00e1cia: ISO9001:2000<\/li>\n<li>Farba: \u010cierna<\/li>\n<\/ul>\n<h2>Bezkonkuren\u010dn\u00e1 kvalita a efekt\u00edvnos\u0165<\/h2>\n<p>N\u00e1\u0161 hydraulick\u00fd valec s dvojit\u00fdm \u00fa\u010dinkom z nehrdzavej\u00facej ocele na mieru sa dod\u00e1va s p\u00f4sobivou 1-ro\u010dnou z\u00e1rukou, ktor\u00e1 v\u00e1m zaru\u010d\u00ed najlep\u0161\u00ed pomer ceny a kvality. Jeho hlavn\u00e9 komponenty pozost\u00e1vaj\u00fa z lo\u017eiska a hydraulick\u00e9ho valca, v\u010faka \u010domu ide o \u0161tandardn\u00fa kon\u0161trukciu piestov\u00e9ho valca. Tento produkt tie\u017e pon\u00faka maxim\u00e1lny tlak 3000, v\u010faka \u010domu je spo\u013eahlivou vo\u013ebou pre n\u00e1ro\u010dn\u00e9 prev\u00e1dzky.<\/p>\n<h2>V\u00fdhody nastavite\u013en\u00fdch valcov s vidlicov\u00fdm uchyten\u00edm<\/h2>\n<p>Nastavite\u013en\u00e9 valce s vidlicov\u00fdm uchyten\u00edm, zn\u00e1me aj ako hydraulick\u00e9 valce s uchyten\u00edm, s\u00fa k\u013e\u00fa\u010dovou s\u00fa\u010das\u0165ou v r\u00f4znych odvetviach, ktor\u00e9 sa spoliehaj\u00fa na \u0165a\u017ek\u00e9 stroje a zariadenia. Tieto valce pon\u00fakaj\u00fa oproti in\u00fdm typom valcov nieko\u013eko v\u00fdhod, v\u010faka \u010domu s\u00fa ob\u013e\u00fabenou vo\u013ebou pre mnoh\u00e9 aplik\u00e1cie. V tomto blogovom pr\u00edspevku sa podrobne pozrieme na v\u00fdhody nastavite\u013en\u00fdch valcov s vidlicov\u00fdm uchyten\u00edm.<\/p>\n<h3>1. Zv\u00fd\u0161en\u00e1 flexibilita a prisp\u00f4sobenie<\/h3>\n<p>Jednou z k\u013e\u00fa\u010dov\u00fdch v\u00fdhod nastavite\u013en\u00fdch valcov s vidlicov\u00fdm uchyten\u00edm je ich zv\u00fd\u0161en\u00e1 flexibilita a mo\u017enosti prisp\u00f4sobenia. Tieto valce s\u00fa navrhnut\u00e9 tak, aby boli nastavite\u013en\u00e9, \u010do umo\u017e\u0148uje presn\u00e9 polohovanie a zarovnanie v r\u00f4znych aplik\u00e1ci\u00e1ch. T\u00e1to funkcia nastavite\u013enosti umo\u017e\u0148uje oper\u00e1torom optimalizova\u0165 v\u00fdkon a efektivitu pou\u017e\u00edvan\u00fdch strojov, \u010do vedie k zv\u00fd\u0161enej produktivite a skr\u00e1teniu prestojov.<\/p>\n<p>\u010eal\u0161ou v\u00fdznamnou v\u00fdhodou nastavite\u013en\u00fdch valcov s vidlicov\u00fdm uz\u00e1verom je mo\u017enos\u0165 prisp\u00f4sobenia. Tieto valce je mo\u017en\u00e9 prisp\u00f4sobi\u0165 \u0161pecifick\u00fdm po\u017eiadavk\u00e1m, ako je ve\u013ekos\u0165, d\u013a\u017eka zdvihu a mo\u017enosti mont\u00e1\u017ee. Mo\u017enos\u0165 prisp\u00f4sobenia valca zais\u0165uje kompatibilitu s r\u00f4znymi zariadeniami a syst\u00e9mami, v\u010faka \u010domu je v\u0161estrannou vo\u013ebou pre r\u00f4zne odvetvia.<\/p>\n<h3>2. Dizajn s dvojit\u00fdm efektom pre efekt\u00edvnu prev\u00e1dzku<\/h3>\n<p>Nastavite\u013en\u00e9 valce s vidlicov\u00fdm mechanizmom s\u00fa zvy\u010dajne navrhnut\u00e9 s mechanizmom s dvojit\u00fdm \u00fa\u010dinkom, ktor\u00fd umo\u017e\u0148uje efekt\u00edvnu prev\u00e1dzku a lep\u0161\u00ed v\u00fdkon. T\u00e1to kon\u0161trukcia umo\u017e\u0148uje vys\u00favanie aj zas\u00favanie valca, \u010d\u00edm sa zabezpe\u010duje vyv\u00e1\u017een\u00fd a kontrolovan\u00fd pohyb. Kon\u0161trukcia s dvojit\u00fdm \u00fa\u010dinkom eliminuje potrebu vonkaj\u0161\u00edch s\u00edl alebo manu\u00e1lneho nastavovania, v\u010faka \u010domu je valec spo\u013eahlivej\u0161\u00ed a \u013eah\u0161ie sa ovl\u00e1da.<\/p>\n<p>Dvojit\u00fd \u00fa\u010dinok t\u00fdchto valcov navy\u0161e poskytuje vy\u0161\u0161\u00ed v\u00fdkon v porovnan\u00ed s jedno\u00fa\u010delov\u00fdmi valcami. T\u00e1to zv\u00fd\u0161en\u00e1 sila rob\u00ed nastavite\u013en\u00e9 valce s vidlicov\u00fdm uchyten\u00edm vhodn\u00fdmi pre n\u00e1ro\u010dn\u00e9 aplik\u00e1cie, ktor\u00e9 vy\u017eaduj\u00fa zdv\u00edhanie alebo tla\u010denie zna\u010dn\u00fdch bremien. Efekt\u00edvna prev\u00e1dzka t\u00fdchto valcov zvy\u0161uje celkov\u00fa produktivitu a zabezpe\u010duje \u00faspe\u0161n\u00e9 dokon\u010denie n\u00e1ro\u010dn\u00fdch \u00faloh.<\/p>\n<h3>3. Vysokokvalitn\u00e1 kon\u0161trukcia z nehrdzavej\u00facej ocele<\/h3>\n<p>Nastavite\u013en\u00e9 valce s vidlicov\u00fdm z\u00e1vitom s\u00fa vyroben\u00e9 z vysoko kvalitnej nehrdzavej\u00facej ocele, ktor\u00e1 pon\u00faka mno\u017estvo v\u00fdhod z h\u013eadiska odolnosti a odolnosti vo\u010di kor\u00f3zii. Nehrdzavej\u00faca oce\u013e je zn\u00e1ma svojou v\u00fdnimo\u010dnou pevnos\u0165ou a odolnos\u0165ou vo\u010di opotrebovaniu, v\u010faka \u010domu je ide\u00e1lna do n\u00e1ro\u010dn\u00fdch pracovn\u00fdch prostred\u00ed.<\/p>\n<p>Pou\u017eit\u00edm nehrdzavej\u00facej ocele pri kon\u0161trukcii nastavite\u013en\u00fdch valcov s vidlicov\u00fdm z\u00e1vitom v\u00fdrobcovia zabezpe\u010duj\u00fa, \u017ee tieto valce odol\u00e1vaj\u00fa n\u00e1ro\u010dn\u00fdm podmienkam, ako s\u00fa extr\u00e9mne teploty, vystavenie chemik\u00e1li\u00e1m a siln\u00e9 vibr\u00e1cie. T\u00e1to odolnos\u0165 predl\u017euje \u017eivotnos\u0165 valcov a zni\u017euje po\u017eiadavky na \u00fadr\u017ebu, \u010do vedie k \u00faspore n\u00e1kladov pre oper\u00e1torov.<\/p>\n<h3>4. Zlep\u0161en\u00e1 bezpe\u010dnos\u0165 a spo\u013eahlivos\u0165<\/h3>\n<p>Nastavite\u013en\u00e9 valce s vidlicovou vidlicou uprednost\u0148uj\u00fa bezpe\u010dnos\u0165 a spo\u013eahlivos\u0165, v\u010faka \u010domu s\u00fa preferovanou vo\u013ebou v kritick\u00fdch aplik\u00e1ci\u00e1ch. Tieto valce s\u00fa skon\u0161truovan\u00e9 s pokro\u010dil\u00fdmi bezpe\u010dnostn\u00fdmi prvkami, ako je ochrana proti pre\u0165a\u017eeniu a mechanizmy n\u00fadzov\u00e9ho zastavenia, aby sa predi\u0161lo nehod\u00e1m a po\u0161kodeniu zariaden\u00ed.<\/p>\n<p>Okrem toho presn\u00e9 ovl\u00e1danie a polohovanie, ktor\u00e9 pon\u00fakaj\u00fa nastavite\u013en\u00e9 valce s vidlicov\u00fdm uchyten\u00edm, prispievaj\u00fa k celkovej bezpe\u010dnosti strojov. Obsluha m\u00f4\u017ee presne nastavi\u0165 d\u013a\u017eku zdvihu a r\u00fdchlos\u0165 valca, \u010d\u00edm zabezpe\u010d\u00ed plynul\u00fd a kontrolovan\u00fd pohyb. T\u00e1to \u00farove\u0148 ovl\u00e1dania minimalizuje riziko n\u00e1hlych trhnut\u00ed alebo neo\u010dak\u00e1van\u00fdch pohybov, ktor\u00e9 by mohli ohrozi\u0165 bezpe\u010dnos\u0165 obsluhy a okolit\u00e9ho person\u00e1lu.<\/p>\n<p>Z\u00e1verom mo\u017eno poveda\u0165, \u017ee v\u00fdhody nastavite\u013en\u00fdch valcov s vidlicov\u00fdm uz\u00e1verom z nich robia vynikaj\u00facu vo\u013ebu pre r\u00f4zne odvetvia. Flexibilita, mo\u017enosti prisp\u00f4sobenia, efekt\u00edvna prev\u00e1dzka, vysoko kvalitn\u00e1 kon\u0161trukcia a zv\u00fd\u0161en\u00e1 bezpe\u010dnos\u0165, ktor\u00e9 pon\u00fakaj\u00fa, prispievaj\u00fa k zlep\u0161eniu v\u00fdkonu zariaden\u00ed, produktivity a celkovej prev\u00e1dzkovej efekt\u00edvnosti. V\u010faka svojim jedine\u010dn\u00fdm vlastnostiam a mo\u017enostiam s\u00fa nastavite\u013en\u00e9 valce s vidlicov\u00fdm uz\u00e1verom cennou s\u00fa\u010das\u0165ou modern\u00e9ho priemyseln\u00e9ho prostredia.<\/p>\n<h3>O hydraulickom valci FMP<\/h3>\n<p>FMP je popredn\u00fdm dod\u00e1vate\u013eom vysokokvalitn\u00fdch hydraulick\u00fdch valcov pre stavebn\u00e9 stroje. Na\u0161e produkty s\u00fa zn\u00e1me svojou odolnos\u0165ou, spo\u013eahlivos\u0165ou a vynikaj\u00facim v\u00fdkonom. Tu je nieko\u013eko d\u00f4vodov, pre\u010do by ste si mali vybra\u0165 hydraulick\u00fd valec FMP pre va\u0161e potreby v oblasti stavebn\u00fdch strojov:<\/p>\n<p>1. Kvalita: Na\u0161e hydraulick\u00e9 valce s\u00fa vyroben\u00e9 z vysoko kvalitn\u00fdch materi\u00e1lov, ktor\u00e9 zaru\u010duj\u00fa ich dlhotrvaj\u00facu \u017eivotnos\u0165 a vynikaj\u00faci v\u00fdkon.<\/p>\n<p>2. \u0160irok\u00fd sortiment produktov: FMP pon\u00faka r\u00f4zne hydraulick\u00e9 valce pre r\u00f4zne typy stavebn\u00fdch strojov vr\u00e1tane nastavite\u013en\u00fdch valcov s vidlicov\u00fdm uchyten\u00edm (pozri obr\u00e1zok ni\u017e\u0161ie), valcov s \u010dapom, zv\u00e1ran\u00fdch valcov a mnoh\u00fdch \u010fal\u0161\u00edch.<\/p>\n<p><img decoding=\"async\" src=\"https:\/\/fmp-components.com\/wp-content\/uploads\/2024\/12\/Adjustable-Clevis-Type-Cylinders-6.webp\" alt=\"Nastavite\u013en\u00fd valec typu Clevis\" width=\"822\" title=\"\"><\/p>\n<p>3. Konkuren\u010dn\u00e9 ceny: FMP pon\u00faka svoje produkty za vysoko konkurencieschopn\u00e9 ceny, v\u010faka \u010domu s\u00fa dostupn\u00e9 \u0161irok\u00e9mu spektru z\u00e1kazn\u00edkov.<\/p>\n<p>4. Profesion\u00e1lny t\u00edm: N\u00e1\u0161 sk\u00fasen\u00fd obchodn\u00fd t\u00edm m\u00e1 znalosti o odvetv\u00ed stavebn\u00fdch strojov a m\u00f4\u017ee z\u00e1kazn\u00edkom poskytn\u00fa\u0165 odborn\u00e9 poradenstvo a podporu.<\/p>\n<p>5. Efekt\u00edvna logistika: M\u00e1me dobre zaveden\u00fd logistick\u00fd distribu\u010dn\u00fd syst\u00e9m, ktor\u00fd zabezpe\u010duje v\u010dasn\u00e9 a presn\u00e9 dodanie produktov z\u00e1kazn\u00edkom.<\/p>\n<p>Stru\u010dne povedan\u00e9, hydraulick\u00fd valec FMP je spo\u013eahlivou a d\u00f4veryhodnou vo\u013ebou pre v\u0161etky va\u0161e potreby v oblasti stavebn\u00fdch strojov. Kontaktujte n\u00e1s e\u0161te dnes a dozviete sa viac o na\u0161ich produktoch a slu\u017eb\u00e1ch.<\/p>\n<h2>\u010casto kladen\u00e9 ot\u00e1zky<\/h2>\n<h3>Ot\u00e1zka: Ste obchodn\u00e1 spolo\u010dnos\u0165 alebo v\u00fdrobca?<\/h3>\n<p>A: Sme tov\u00e1re\u0148, ktor\u00e1 sa \u0161pecializuje na v\u00fdrobu hydraulick\u00fdch valcov a s\u00fa\u010diastok pre po\u013enohospod\u00e1rske stroje.<\/p>\n<h3>Ot\u00e1zka: Ak\u00e1 je va\u0161a dodacia lehota?<\/h3>\n<p>A: Na\u0161a dodacia lehota je zvy\u010dajne 25-35 dn\u00ed.<\/p>\n<h3>Ot\u00e1zka: Poskytujete vzorky?<\/h3>\n<p>A: \u00c1no, poskytujeme vzorky, ale nie s\u00fa bezplatn\u00e9.<\/p>\n<p>Autor: CX<\/p>","protected":false},"excerpt":{"rendered":"<p>Customized Double Effect Stainless Steel Hydraulic Ram Cylinder Introducing the Customized Double Effect Stainless Steel Hydraulic Ram Cylinder: The Customized Double Effect Stainless Steel Hydraulic Ram Cylinder is a high-quality product designed for optimal performance in various industrial applications. This hydraulic ram cylinder is manufactured using durable stainless steel, ensuring its longevity and resistance to [&hellip;]<\/p>","protected":false},"featured_media":1489,"comment_status":"closed","ping_status":"closed","template":"","meta":{"_et_pb_use_builder":"","_et_pb_old_content":"","_et_gb_content_width":""},"product_brand":[],"product_cat":[42],"product_tag":[34,44],"class_list":{"0":"post-1488","1":"product","2":"type-product","3":"status-publish","4":"has-post-thumbnail","6":"product_cat-snow-plow-hydraulic-cylinder","7":"product_tag-hydraulic-cylinder","8":"product_tag-snow-plow-hydraulic-cylinder","10":"first","11":"instock","12":"product-type-simple"},"_links":{"self":[{"href":"https:\/\/fmp-components.com\/sk\/wp-json\/wp\/v2\/product\/1488","targetHints":{"allow":["GET"]}}],"collection":[{"href":"https:\/\/fmp-components.com\/sk\/wp-json\/wp\/v2\/product"}],"about":[{"href":"https:\/\/fmp-components.com\/sk\/wp-json\/wp\/v2\/types\/product"}],"replies":[{"embeddable":true,"href":"https:\/\/fmp-components.com\/sk\/wp-json\/wp\/v2\/comments?post=1488"}],"wp:featuredmedia":[{"embeddable":true,"href":"https:\/\/fmp-components.com\/sk\/wp-json\/wp\/v2\/media\/1489"}],"wp:attachment":[{"href":"https:\/\/fmp-components.com\/sk\/wp-json\/wp\/v2\/media?parent=1488"}],"wp:term":[{"taxonomy":"product_brand","embeddable":true,"href":"https:\/\/fmp-components.com\/sk\/wp-json\/wp\/v2\/product_brand?post=1488"},{"taxonomy":"product_cat","embeddable":true,"href":"https:\/\/fmp-components.com\/sk\/wp-json\/wp\/v2\/product_cat?post=1488"},{"taxonomy":"product_tag","embeddable":true,"href":"https:\/\/fmp-components.com\/sk\/wp-json\/wp\/v2\/product_tag?post=1488"}],"curies":[{"name":"pracovn\u00fd list","href":"https:\/\/api.w.org\/{rel}","templated":true}]}}