{"id":1484,"date":"2024-12-23T05:50:37","date_gmt":"2024-12-23T05:50:37","guid":{"rendered":"https:\/\/fmp-components.com\/product\/factory-price-2-ton-small-double-acting-hydraulic-cylinder\/"},"modified":"2025-03-18T02:09:32","modified_gmt":"2025-03-18T02:09:32","slug":"factory-price-2-ton-small-double-acting-hydraulic-cylinder","status":"publish","type":"product","link":"https:\/\/fmp-components.com\/sk\/product\/factory-price-2-ton-small-double-acting-hydraulic-cylinder\/","title":{"rendered":"V\u00fdrobn\u00e1 cena 2 tony mal\u00fd dvoj\u010dinn\u00fd hydraulick\u00fd valec"},"content":{"rendered":"<h2>V\u00fdrobn\u00e1 cena 2 tony mal\u00fd dvoj\u010dinn\u00fd hydraulick\u00fd valec<\/h2>\n<p>Mal\u00fd dvoj\u010dinn\u00fd hydraulick\u00fd valec s nosnos\u0165ou 2 tony od v\u00fdrobcu je vysoko kvalitn\u00fd produkt navrhnut\u00fd tak, aby sp\u013a\u0148al potreby r\u00f4znych priemyseln\u00fdch odvetv\u00ed. V\u010faka kompaktn\u00fdm rozmerom a efekt\u00edvnej kon\u0161trukcii zais\u0165uje tento hydraulick\u00fd valec optim\u00e1lny v\u00fdkon a spo\u013eahlivos\u0165.<\/p>\n<p>Tento hydraulick\u00fd valec s dvoj\u010dinn\u00fdm mechanizmom umo\u017e\u0148uje vys\u00favanie aj zas\u00favanie piestu, \u010d\u00edm zabezpe\u010duje presn\u00e9 ovl\u00e1danie a plynul\u00fd chod. \u010ci u\u017e ide o zdv\u00edhanie \u0165a\u017ek\u00fdch bremien, tla\u010denie alebo \u0165ahanie, tento valec poskytuje konzistentn\u00fa a siln\u00fa silu.<\/p>\n<p>Tento hydraulick\u00fd valec je vyroben\u00fd z odoln\u00fdch materi\u00e1lov a pon\u00faka v\u00fdnimo\u010dn\u00fa pevnos\u0165 a dlh\u00fa \u017eivotnos\u0165. Je skon\u0161truovan\u00fd tak, aby odolal intenz\u00edvnemu pou\u017e\u00edvaniu a n\u00e1ro\u010dn\u00fdm pracovn\u00fdm podmienkam, \u010d\u00edm zabezpe\u010duje spo\u013eahliv\u00fd v\u00fdkon aj v n\u00e1ro\u010dn\u00fdch aplik\u00e1ci\u00e1ch.<\/p>\n<p>Mal\u00fd dvoj\u010dinn\u00fd hydraulick\u00fd valec s nosnos\u0165ou 2 tony za tov\u00e1rensk\u00fa cenu sa \u013eahko in\u0161taluje a udr\u017eiava. Je navrhnut\u00fd pre bezprobl\u00e9mov\u00fa prev\u00e1dzku, zni\u017euje prestoje a zvy\u0161uje produktivitu. Jeho kompaktn\u00e9 rozmery ho robia vhodn\u00fdm pre stiesnen\u00e9 priestory a umo\u017e\u0148uj\u00fa flexibiln\u00e9 mo\u017enosti in\u0161tal\u00e1cie.<\/p>\n<p>V\u010faka konkurencieschopnej v\u00fdrobnej cene pon\u00faka tento hydraulick\u00fd valec vynikaj\u00faci pomer ceny a kvality. Poskytuje cenovo v\u00fdhodn\u00e9 rie\u0161enie bez kompromisov v oblasti kvality alebo v\u00fdkonu.<\/p>\n<p>Stru\u010dne povedan\u00e9, mal\u00fd dvoj\u010dinn\u00fd hydraulick\u00fd valec s nosnos\u0165ou 2 tony za v\u00fdrobn\u00fa cenu je ide\u00e1lnou vo\u013ebou pre odvetvia, ktor\u00e9 vy\u017eaduj\u00fa efekt\u00edvne a spo\u013eahliv\u00e9 hydraulick\u00e9 syst\u00e9my. Jeho kompaktn\u00e9 rozmery, odolnos\u0165 a konkurencieschopn\u00e1 cena z neho robia cenn\u00fd pr\u00ednos v r\u00f4znych aplik\u00e1ci\u00e1ch.<img decoding=\"async\" title=\"Hydraulick\u00fd valec snehov\u00e9ho pluhu\" src=\"https:\/\/hzpt.com\/wp-content\/uploads\/2023\/11\/Snow-Plow-Hydraulic-Cylinder-1.webp\" alt=\"Hydraulick\u00fd valec snehov\u00e9ho pluhu\" \/><\/p>\n<h2>Vlastnosti a \u00fadr\u017eba produktu<\/h2>\n<p>N\u00e1\u0161 hydraulick\u00fd valec je vyroben\u00fd z ocele a zaru\u010duje odolnos\u0165 a pevnos\u0165. Pracuje s hydraulick\u00fdm syst\u00e9mom a je navrhnut\u00fd so \u0161tandardnou piestovou kon\u0161trukciou. Valec je certifikovan\u00fd pod\u013ea normy ISO9001:2000, \u010do zaru\u010duje, \u017ee sp\u013a\u0148a medzin\u00e1rodn\u00e9 normy kvality. Je tie\u017e navrhnut\u00fd tak, aby odolal maxim\u00e1lnemu \u0165ahu 3000 ton a maxim\u00e1lnemu \u0165ahu 20 ton.<\/p>\n<p>N\u00e1\u0161 hydraulick\u00fd valec sa \u013eahko udr\u017eiava a dod\u00e1va sa s ro\u010dnou z\u00e1rukou, ktor\u00e1 v\u00e1m zaru\u010d\u00ed najlep\u0161\u00ed pomer ceny a kvality. Z\u00e1ruka sa vz\u0165ahuje aj na hlavn\u00e9 komponenty, medzi ktor\u00e9 patr\u00ed lo\u017eisko a hydraulick\u00fd valec.<\/p>\n<h3>Be\u017en\u00e9 aplik\u00e1cie<\/h3>\n<p>Tento hydraulick\u00fd valec je v\u0161estrann\u00fd a mo\u017eno ho pou\u017ei\u0165 v r\u00f4znych aplik\u00e1ci\u00e1ch. Naj\u010dastej\u0161ie sa pou\u017e\u00edva v hydraulick\u00fdch syst\u00e9moch sne\u017en\u00fdch pluhov, \u010do z neho rob\u00ed k\u013e\u00fa\u010dov\u00fa s\u00fa\u010das\u0165 po\u010das zimn\u00fdch mesiacov. Jeho porty s\u00fa kompatibiln\u00e9 s G\/SAE\/NPT\/M, v\u010faka \u010domu je vysoko prisp\u00f4sobiv\u00fd r\u00f4znym syst\u00e9mom.<\/p>\n<h2>V\u00fdhody nastavite\u013en\u00fdch valcov s vidlicov\u00fdm uchyten\u00edm<\/h2>\n<p>Nastavite\u013en\u00e9 valce s vidlicov\u00fdm uz\u00e1verom, zn\u00e1me aj ako hydraulick\u00e9 valce, s\u00fa k\u013e\u00fa\u010dovou s\u00fa\u010das\u0165ou v r\u00f4znych odvetviach v\u010faka svojej v\u0161estrannej funk\u010dnosti a po\u010detn\u00fdm v\u00fdhod\u00e1m. V tomto \u010dl\u00e1nku presk\u00famame k\u013e\u00fa\u010dov\u00e9 v\u00fdhody t\u00fdchto valcov a to, ako m\u00f4\u017eu zv\u00fd\u0161i\u0165 efektivitu a produktivitu v r\u00f4znych aplik\u00e1ci\u00e1ch.<\/p>\n<h3>1. Zv\u00fd\u0161en\u00e1 flexibilita<\/h3>\n<p>Jednou z hlavn\u00fdch v\u00fdhod nastavite\u013en\u00fdch valcov s vidlicov\u00fdm z\u00e1vitom je ich schopnos\u0165 pon\u00faknu\u0165 zv\u00fd\u0161en\u00fa flexibilitu v r\u00f4znych hydraulick\u00fdch syst\u00e9moch. Tieto valce s\u00fa navrhnut\u00e9 tak, aby boli nastavite\u013en\u00e9, \u010do umo\u017e\u0148uje pou\u017e\u00edvate\u013eom upravova\u0165 ich d\u013a\u017eku, zdvih a mont\u00e1\u017enu polohu pod\u013ea \u0161pecifick\u00fdch po\u017eiadaviek. T\u00e1to v\u0161estrannos\u0165 im umo\u017e\u0148uje prisp\u00f4sobi\u0165 sa r\u00f4znym prev\u00e1dzkov\u00fdm podmienkam a optimalizova\u0165 v\u00fdkon v r\u00f4znych aplik\u00e1ci\u00e1ch, \u010d\u00edm sa zvy\u0161uje celkov\u00e1 flexibilita syst\u00e9mu.<\/p>\n<h3>2. Vylep\u0161en\u00e1 manipul\u00e1cia s n\u00e1kladom<\/h3>\n<p>Nastavite\u013en\u00e9 valce s vidlicov\u00fdm uz\u00e1verom s\u00fa skon\u0161truovan\u00e9 tak, aby odol\u00e1vali \u0165a\u017ek\u00fdm za\u0165a\u017eeniam a poskytovali efekt\u00edvnu manipul\u00e1ciu s bremenom. V\u010faka dvoj\u010dinnej funkcii dok\u00e1\u017eu tieto valce vyv\u00edja\u0165 silu pri vys\u00favan\u00ed aj zas\u00favan\u00ed, v\u010faka \u010domu s\u00fa vysoko efekt\u00edvne pri premiest\u0148ovan\u00ed a manipul\u00e1cii s \u0165a\u017ek\u00fdmi predmetmi. T\u00e1to vynikaj\u00faca schopnos\u0165 manipul\u00e1cie s bremenom zais\u0165uje plynul\u00e9 a presn\u00e9 oper\u00e1cie, minimalizuje prestoje a maximalizuje produktivitu.<\/p>\n<h3>3. Presn\u00e9 ovl\u00e1danie<\/h3>\n<p>Presnos\u0165 a prec\u00edzne ovl\u00e1danie s\u00fa k\u013e\u00fa\u010dov\u00fdmi faktormi v mnoh\u00fdch priemyseln\u00fdch procesoch. Nastavite\u013en\u00e9 valce s vidlicov\u00fdm uz\u00e1verom v tomto aspekte vynikaj\u00fa a pon\u00fakaj\u00fa presn\u00e9 ovl\u00e1danie pohybu a polohovania bremien. Tieto valce je mo\u017en\u00e9 jemne nastavi\u0165 tak, aby sa dosiahla po\u017eadovan\u00e1 r\u00fdchlos\u0165, sila a poloha, \u010d\u00edm sa zabezpe\u010d\u00ed optim\u00e1lny v\u00fdkon v \u0161irokej \u0161k\u00e1le aplik\u00e1ci\u00ed. T\u00e1to \u00farove\u0148 ovl\u00e1dania nielen zlep\u0161uje produktivitu, ale aj zvy\u0161uje bezpe\u010dnos\u0165 a zni\u017euje riziko ch\u00fdb alebo neh\u00f4d.<\/p>\n<h3>4. Trvanlivos\u0165 a spo\u013eahlivos\u0165<\/h3>\n<p>Nastavite\u013en\u00e9 valce s vidlicov\u00fdm z\u00e1vitom s\u00fa skon\u0161truovan\u00e9 tak, aby odolali n\u00e1ro\u010dn\u00fdm prev\u00e1dzkov\u00fdm podmienkam a poskytovali dlhotrvaj\u00facu \u017eivotnos\u0165. S\u00fa vyroben\u00e9 z vysoko kvalitn\u00fdch materi\u00e1lov a prech\u00e1dzaj\u00fa pr\u00edsnymi testami, aby sa zabezpe\u010dila ich spo\u013eahlivos\u0165 a v\u00fdkon. Tieto valce s\u00fa navrhnut\u00e9 tak, aby odolali vysok\u00e9mu tlaku, extr\u00e9mnym teplot\u00e1m a drsn\u00e9mu prostrediu, v\u010faka \u010domu s\u00fa vhodn\u00e9 na pou\u017eitie v n\u00e1ro\u010dn\u00fdch aplik\u00e1ci\u00e1ch v r\u00f4znych odvetviach.<\/p>\n<h3>5. N\u00e1kladov\u00e1 efekt\u00edvnos\u0165<\/h3>\n<p>\u010eal\u0161ou v\u00fdznamnou v\u00fdhodou nastavite\u013en\u00fdch valcov s vidlicov\u00fdm uchyten\u00edm je ich n\u00e1kladov\u00e1 efekt\u00edvnos\u0165. Tieto valce pon\u00fakaj\u00fa spo\u013eahliv\u00e9 a efekt\u00edvne rie\u0161enie pre r\u00f4zne \u00falohy, \u010d\u00edm zni\u017euj\u00fa potrebu manu\u00e1lnej pr\u00e1ce a zefekt\u00edv\u0148uj\u00fa prev\u00e1dzku. Maximaliz\u00e1ciou produktivity a minimaliz\u00e1ciou prestojov m\u00f4\u017eu z dlhodob\u00e9ho h\u013eadiska prispie\u0165 k v\u00fdrazn\u00fdm \u00faspor\u00e1m n\u00e1kladov. Okrem toho ich odolnos\u0165 a n\u00edzke n\u00e1roky na \u00fadr\u017ebu \u010falej zvy\u0161uj\u00fa ich n\u00e1kladov\u00fa efekt\u00edvnos\u0165, v\u010faka \u010domu s\u00fa vynikaj\u00facou invest\u00edciou pre podniky.<\/p>\n<p>Nastavite\u013en\u00e9 valce s vidlicov\u00fdm uchyten\u00edm poskytuj\u00fa mno\u017estvo v\u00fdhod, ktor\u00e9 m\u00f4\u017eu by\u0165 ve\u013emi prospe\u0161n\u00e9 pre r\u00f4zne odvetvia. V\u010faka svojej zv\u00fd\u0161enej flexibilite, vylep\u0161en\u00fdm schopnostiam manipul\u00e1cie s n\u00e1kladom, presn\u00e9mu ovl\u00e1daniu, odolnosti a n\u00e1kladovej efekt\u00edvnosti sa tieto valce stali nepostr\u00e1date\u013enou s\u00fa\u010das\u0165ou hydraulick\u00fdch syst\u00e9mov. \u010ci u\u017e vo v\u00fdrobe, stavebn\u00edctve alebo akomko\u013evek inom odvetv\u00ed, ktor\u00e9 sa spolieha na hydraulick\u00fa energiu, nastavite\u013en\u00e9 valce s vidlicov\u00fdm uchyten\u00edm pon\u00fakaj\u00fa spo\u013eahliv\u00e9 a efekt\u00edvne rie\u0161enie, ktor\u00e9 m\u00f4\u017ee zv\u00fd\u0161i\u0165 produktivitu a optimalizova\u0165 prev\u00e1dzku.<\/p>\n<h3>O FMP \u2013 hydraulickom valci<\/h3>\n<p>FMP je popredn\u00e1 spolo\u010dnos\u0165 \u0161pecializuj\u00faca sa na predaj a servis dielov a kompletn\u00fdch strojov pre stavebn\u00e9 stroje. Poskytujeme vysoko kvalitn\u00e9 a spo\u013eahliv\u00e9 diely pre stavebn\u00e9 stroje a kompletn\u00e9 strojov\u00e9 rie\u0161enia s dlhoro\u010dn\u00fdmi sk\u00fasenos\u0165ami v tomto odvetv\u00ed a profesion\u00e1lnym t\u00edmom so s\u00eddlom v Taliansku. Na\u0161a spolo\u010dnos\u0165 pon\u00faka \u0161irok\u00fd sortiment produktov vr\u00e1tane prevodoviek pre po\u013enohospod\u00e1rske stroje, plan\u00e9tov\u00fdch prevodoviek, priemyseln\u00fdch prevodoviek a r\u00f4znych typov dielov pre stavebn\u00e9 stroje.<\/p>\n<p>Tu s\u00fa niektor\u00e9 v\u00fdhody a vlastnosti n\u00e1\u0161ho hydraulick\u00e9ho valca:<\/p>\n<p>1. Vysokokvalitn\u00e9 materi\u00e1ly: Na\u0161e hydraulick\u00e9 valce s\u00fa vyroben\u00e9 z vysokokvalitn\u00fdch materi\u00e1lov, ktor\u00e9 s\u00fa pevn\u00e9, odoln\u00e9 a maj\u00fa dlh\u00fa \u017eivotnos\u0165. Zabezpe\u010dujeme, aby na\u0161e v\u00fdrobky sp\u013a\u0148ali pr\u00edsne normy kvality a boli navrhnut\u00e9 tak, aby z\u00e1kazn\u00edkom poskytovali optim\u00e1lny v\u00fdkon.<\/p>\n<p>2. Prisp\u00f4sobite\u013en\u00e9: Pon\u00fakame prisp\u00f4sobite\u013en\u00e9 hydraulick\u00e9 valce, ktor\u00e9 je mo\u017en\u00e9 prisp\u00f4sobi\u0165 \u0161pecifick\u00fdm potreb\u00e1m na\u0161ich z\u00e1kazn\u00edkov. M\u00f4\u017eete si vybra\u0165 spr\u00e1vnu ve\u013ekos\u0165, zdvih a priemer v\u0155tania pre va\u0161u aplik\u00e1ciu.<\/p>\n<p>3. \u0160irok\u00fd rozsah pou\u017eitia: N\u00e1\u0161 hydraulick\u00fd valec sa d\u00e1 pou\u017ei\u0165 v r\u00f4znych aplik\u00e1ci\u00e1ch vr\u00e1tane po\u013enohospod\u00e1rskych strojov, stavebn\u00fdch strojov a priemyseln\u00fdch strojov.<\/p>\n<p>4. Inteligentn\u00e9 n\u00e1vrhy na n\u00e1kup: N\u00e1\u0161 sk\u00fasen\u00fd obchodn\u00fd t\u00edm pozn\u00e1 v\u00fdvojov\u00e9 trendy a potreby z\u00e1kazn\u00edkov v odvetv\u00ed stavebn\u00fdch strojov. M\u00f4\u017ee poskytn\u00fa\u0165 profesion\u00e1lne poradenstvo oh\u013eadom produktov a inteligentn\u00e9 n\u00e1vrhy na n\u00e1kup.<\/p>\n<p>5. Efekt\u00edvna logistika: M\u00e1me efekt\u00edvny logistick\u00fd distribu\u010dn\u00fd syst\u00e9m, ktor\u00fd zabezpe\u010duje, \u017ee z\u00e1kazn\u00edci dostan\u00fa po\u017eadovan\u00e9 diely v\u010das a presne.<\/p>\n<p>V spolo\u010dnosti FMP sa zav\u00e4zujeme poskytova\u0165 vysoko kvalitn\u00e9, spo\u013eahliv\u00e9 a prisp\u00f4soben\u00e9 hydraulick\u00e9 valce, ktor\u00e9 sp\u013a\u0148aj\u00fa \u0161pecifick\u00e9 potreby na\u0161ich z\u00e1kazn\u00edkov. N\u00e1\u0161 t\u00edm je v\u017edy pripraven\u00fd poskytn\u00fa\u0165 v\u00e1m profesion\u00e1lne a efekt\u00edvne slu\u017eby. Vyberte si FMP ako svojho dod\u00e1vate\u013ea hydraulick\u00fdch valcov a my v\u00e1m poskytneme tie najlep\u0161ie produkty a slu\u017eby.<\/p>\n<p><img decoding=\"async\" src=\"https:\/\/fmp-components.com\/wp-content\/uploads\/2024\/12\/Adjustable-Clevis-Type-Cylinders-6.webp\" alt=\"Nastavite\u013en\u00fd valec typu Clevis\" width=\"820\" title=\"\"><\/p>\n<h2>\u010casto kladen\u00e9 ot\u00e1zky<\/h2>\n<h3>Ot\u00e1zka: Ste obchodn\u00e1 spolo\u010dnos\u0165 alebo v\u00fdrobca?<\/h3>\n<p>A: Sme tov\u00e1re\u0148.<\/p>\n<h3>Ot\u00e1zka: Ak\u00e1 je va\u0161a dodacia lehota?<\/h3>\n<p>A: Vo v\u0161eobecnosti je to 25-35 dn\u00ed.<\/p>\n<h3>Ot\u00e1zka: Poskytujete vzorky? Je to zadarmo alebo navy\u0161e?<\/h3>\n<p>A: \u00c1no, mohli by sme pon\u00faknu\u0165 vzorku, ale nie je zadarmo.<\/p>\n<p>Autor: CX<\/p>","protected":false},"excerpt":{"rendered":"<p>Factory Price 2 Ton Small Double Acting Hydraulic Cylinder The Factory Price 2 Ton Small Double Acting Hydraulic Cylinder is a high-quality product designed to meet the needs of various industries. With its compact size and efficient design, this hydraulic cylinder ensures optimal performance and reliability. Featuring a double-acting mechanism, this hydraulic cylinder allows for [&hellip;]<\/p>","protected":false},"featured_media":1485,"comment_status":"closed","ping_status":"closed","template":"","meta":{"_et_pb_use_builder":"","_et_pb_old_content":"","_et_gb_content_width":""},"product_brand":[],"product_cat":[42],"product_tag":[34,44],"class_list":{"0":"post-1484","1":"product","2":"type-product","3":"status-publish","4":"has-post-thumbnail","6":"product_cat-snow-plow-hydraulic-cylinder","7":"product_tag-hydraulic-cylinder","8":"product_tag-snow-plow-hydraulic-cylinder","10":"first","11":"instock","12":"product-type-simple"},"_links":{"self":[{"href":"https:\/\/fmp-components.com\/sk\/wp-json\/wp\/v2\/product\/1484","targetHints":{"allow":["GET"]}}],"collection":[{"href":"https:\/\/fmp-components.com\/sk\/wp-json\/wp\/v2\/product"}],"about":[{"href":"https:\/\/fmp-components.com\/sk\/wp-json\/wp\/v2\/types\/product"}],"replies":[{"embeddable":true,"href":"https:\/\/fmp-components.com\/sk\/wp-json\/wp\/v2\/comments?post=1484"}],"wp:featuredmedia":[{"embeddable":true,"href":"https:\/\/fmp-components.com\/sk\/wp-json\/wp\/v2\/media\/1485"}],"wp:attachment":[{"href":"https:\/\/fmp-components.com\/sk\/wp-json\/wp\/v2\/media?parent=1484"}],"wp:term":[{"taxonomy":"product_brand","embeddable":true,"href":"https:\/\/fmp-components.com\/sk\/wp-json\/wp\/v2\/product_brand?post=1484"},{"taxonomy":"product_cat","embeddable":true,"href":"https:\/\/fmp-components.com\/sk\/wp-json\/wp\/v2\/product_cat?post=1484"},{"taxonomy":"product_tag","embeddable":true,"href":"https:\/\/fmp-components.com\/sk\/wp-json\/wp\/v2\/product_tag?post=1484"}],"curies":[{"name":"pracovn\u00fd list","href":"https:\/\/api.w.org\/{rel}","templated":true}]}}