{"id":1482,"date":"2024-12-23T05:49:26","date_gmt":"2024-12-23T05:49:26","guid":{"rendered":"https:\/\/fmp-components.com\/product\/high-quality-mini-customized-welded-hydraulic-cylinder\/"},"modified":"2025-05-10T13:04:29","modified_gmt":"2025-05-10T13:04:29","slug":"high-quality-mini-customized-welded-hydraulic-cylinder","status":"publish","type":"product","link":"https:\/\/fmp-components.com\/sk\/product\/high-quality-mini-customized-welded-hydraulic-cylinder\/","title":{"rendered":"Vysokokvalitn\u00fd mini zv\u00e1ran\u00fd hydraulick\u00fd valec na mieru"},"content":{"rendered":"<h2><span style=\"color: #333333; font-size: 30px;\">Vylep\u0161ite si svoje stroje pomocou n\u00e1\u0161ho zv\u00e1ran\u00e9ho hydraulick\u00e9ho valca na mieru<\/span><\/h2>\n<div>\n<p>Vysk\u00fa\u0161ajte silu n\u00e1\u0161ho vysoko kvalitn\u00e9ho mini zv\u00e1ran\u00e9ho hydraulick\u00e9ho valca na mieru, nov\u00e9ho \u0161tandardu v efekt\u00edvnosti strojov. N\u00e1\u0161 hydraulick\u00fd valec je ide\u00e1lny pre opravovne strojov, farmy, energetiku a ban\u00edctvo, v\u00fdrobu strojov a stroj\u00e1rne. Je navrhnut\u00fd tak, aby poskytoval optim\u00e1lny v\u00fdkon s kompaktnou kon\u0161trukciou a robustnou kon\u0161trukciou.<\/p>\n<h3>Hlavn\u00e9 vlastnosti produktu<\/h3>\n<ul>\n<li>Hydraulick\u00fd v\u00fdkon: Hydraulick\u00fd valec pracuje s hydraulick\u00fdm v\u00fdkonom a poskytuje obrovsk\u00fa silu pre r\u00f4zne aplik\u00e1cie.<\/li>\n<li>Odolnos\u0165: Telo vyroben\u00e9 z vysoko kvalitnej ocele zaru\u010duje odolnos\u0165 a dlh\u00fa \u017eivotnos\u0165 valca.<\/li>\n<li>\u0160pecifik\u00e1cie: S maxim\u00e1lnym \u0165ahom 3000 a maxim\u00e1lnym \u0165ahom 20 ton je tento hydraulick\u00fd valec ur\u010den\u00fd pre n\u00e1ro\u010dn\u00e9 oper\u00e1cie.<\/li>\n<li>Prisp\u00f4sobite\u013en\u00e9: Ve\u013ekos\u0165 otvoru, ve\u013ekos\u0165 ty\u010de, ve\u013ekos\u0165 zdvihu a ve\u013ekos\u0165 \u010dapu je mo\u017en\u00e9 prisp\u00f4sobi\u0165 pod\u013ea va\u0161ich potrieb.<\/li>\n<li>Z\u00e1ruka: Produkt sa dod\u00e1va s ro\u010dnou z\u00e1rukou, ktor\u00e1 zaru\u010duje z\u00e1kazn\u00edkovi pokoj v du\u0161i.<\/li>\n<\/ul>\n<\/div>\n<h2>V\u00fdhody nastavite\u013en\u00fdch valcov s vidlicov\u00fdm uchyten\u00edm<\/h2>\n<p>Hydraulick\u00e9 valce s\u00fa z\u00e1kladnou s\u00fa\u010das\u0165ou mnoh\u00fdch strojov a zariaden\u00ed pou\u017e\u00edvan\u00fdch v r\u00f4znych odvetviach. Jedn\u00fdm typom hydraulick\u00e9ho valca, ktor\u00fd vynik\u00e1 v\u010faka svojmu jedine\u010dn\u00e9mu dizajnu a funk\u010dnosti, je nastavite\u013en\u00fd valec s vidlicov\u00fdm z\u00e1vesom. V tomto \u010dl\u00e1nku presk\u00famame v\u00fdhody nastavite\u013en\u00fdch valcov s vidlicov\u00fdm z\u00e1vesom a pre\u010do s\u00fa ob\u013e\u00fabenou vo\u013ebou v mnoh\u00fdch aplik\u00e1ci\u00e1ch.<\/p>\n<h3>1. V\u0161estrannos\u0165<\/h3>\n<p>Jednou z hlavn\u00fdch v\u00fdhod nastavite\u013en\u00fdch valcov s vidlicov\u00fdm uchyten\u00edm je ich v\u0161estrannos\u0165. Tieto valce sa daj\u00fa pou\u017ei\u0165 v \u0161irokej \u0161k\u00e1le aplik\u00e1ci\u00ed v\u010faka ich mo\u017enosti nastavenia pod\u013ea \u0161pecifick\u00fdch potrieb. V\u010faka tomu s\u00fa ide\u00e1lnou vo\u013ebou pre aplik\u00e1cie, ktor\u00e9 vy\u017eaduj\u00fa hydraulick\u00fd valec na mieru. Okrem toho sa daj\u00fa pou\u017ei\u0165 v tla\u010dn\u00fdch aj \u0165ahov\u00fdch aplik\u00e1ci\u00e1ch, \u010do \u010falej zvy\u0161uje ich v\u0161estrannos\u0165.<\/p>\n<h3>2. Presn\u00e9 polohovanie<\/h3>\n<p>Nastavite\u013en\u00e9 valce s vidlicov\u00fdm uchyten\u00edm s\u00fa navrhnut\u00e9 tak, aby poskytovali presn\u00e9 polohovanie, \u010do je v mnoh\u00fdch aplik\u00e1ci\u00e1ch k\u013e\u00fa\u010dov\u00e9. S t\u00fdmito valcami m\u00f4\u017eete nastavi\u0165 d\u013a\u017eku zdvihu valca a dosiahnu\u0165 tak presn\u00fa polohu potrebn\u00fa pre va\u0161u aplik\u00e1ciu. V\u010faka tomu s\u00fa ide\u00e1lnou vo\u013ebou pre aplik\u00e1cie, ktor\u00e9 vy\u017eaduj\u00fa presn\u00e9 polohovanie, napr\u00edklad vo v\u00fdrobnom priemysle.<\/p>\n<h3>3. Vysok\u00e1 kvalita<\/h3>\n<p>Nastavite\u013en\u00e9 valce s vidlicov\u00fdm uchyten\u00edm s\u00fa vyroben\u00e9 z vysoko kvalitn\u00fdch materi\u00e1lov, \u010do zaru\u010duje odolnos\u0165 a dlh\u00fa \u017eivotnos\u0165. S\u00fa navrhnut\u00e9 tak, aby odolali n\u00e1ro\u010dn\u00e9mu prostrediu a n\u00e1ro\u010dn\u00fdm aplik\u00e1ci\u00e1m, v\u010faka \u010domu s\u00fa ob\u013e\u00fabenou vo\u013ebou v odvetviach, ako je stavebn\u00edctvo a ban\u00edctvo. Okrem toho v\u00fdrobcovia, ako napr\u00edklad High Quality Mini Customized Welded Hydraulic Cylinder, vyr\u00e1baj\u00fa nastavite\u013en\u00e9 valce s vidlicov\u00fdm uchyten\u00edm, ktor\u00e9 s\u00fa testovan\u00e9 na splnenie medzin\u00e1rodn\u00fdch noriem, \u010do zaru\u010duje ich kvalitu.<\/p>\n<h3>4. Prisp\u00f4sobite\u013en\u00e9<\/h3>\n<p>Nastavite\u013en\u00e9 valce s vidlicov\u00fdm uchyten\u00edm je mo\u017en\u00e9 prisp\u00f4sobi\u0165 \u0161pecifick\u00fdm potreb\u00e1m a aplik\u00e1ci\u00e1m. Toto prisp\u00f4sobenie m\u00f4\u017ee zah\u0155\u0148a\u0165 r\u00f4zne mo\u017enosti mont\u00e1\u017ee, konfigur\u00e1cie koncov ty\u010d\u00ed a d\u013a\u017eky zdvihu. V\u010faka tomu s\u00fa ide\u00e1lnou vo\u013ebou pre aplik\u00e1cie, ktor\u00e9 vy\u017eaduj\u00fa jedine\u010dn\u00fd hydraulick\u00fd valec, ktor\u00fd sa nenach\u00e1dza v \u0161tandardn\u00fdch valcoch.<\/p>\n<h3>5. N\u00e1kladovo efekt\u00edvne<\/h3>\n<p>Nastavite\u013en\u00e9 valce s vidlicov\u00fdm uchyten\u00edm s\u00fa cenovo v\u00fdhodnou vo\u013ebou pre aplik\u00e1cie, ktor\u00e9 vy\u017eaduj\u00fa hydraulick\u00fd valec na mieru. Namiesto investovania do plne z\u00e1kazkov\u00e9ho valca je mo\u017en\u00e9 nastavite\u013en\u00e9 valce s vidlicov\u00fdm uchyten\u00edm upravi\u0165 tak, aby vyhovovali \u0161pecifick\u00fdm potreb\u00e1m, \u010d\u00edm sa zni\u017euj\u00fa n\u00e1klady a dodacia lehota. Okrem toho ich vysok\u00e1 kvalita a odolnos\u0165 zabezpe\u010duj\u00fa dlhotrvaj\u00faci v\u00fdkon a zni\u017euj\u00fa celkov\u00e9 n\u00e1klady na \u00fadr\u017ebu a v\u00fdmenu.<\/p>\n<p>Z\u00e1verom mo\u017eno poveda\u0165, \u017ee nastavite\u013en\u00e9 valce s vidlicov\u00fdm uchyten\u00edm pon\u00fakaj\u00fa oproti \u0161tandardn\u00fdm hydraulick\u00fdm valcom mnoho v\u00fdhod. V\u010faka svojej v\u0161estrannosti, presn\u00e9mu polohovaniu, vysokej kvalite, mo\u017enosti prisp\u00f4sobenia a n\u00e1kladovej efekt\u00edvnosti s\u00fa ob\u013e\u00fabenou vo\u013ebou v r\u00f4znych odvetviach. \u010ci u\u017e potrebujete hydraulick\u00fd valec pre \u0161tandardn\u00fa alebo z\u00e1kazkov\u00fa aplik\u00e1ciu, nastavite\u013en\u00e9 valce s vidlicov\u00fdm uchyten\u00edm stoja za zv\u00e1\u017eenie.<\/p>\n<h3>O FMP<\/h3>\n<p><img decoding=\"async\" class=\"aligncenter\" src=\"https:\/\/fmp-components.com\/wp-content\/uploads\/2024\/12\/Adjustable-Clevis-Type-Cylinders-6.webp\" alt=\"Nastavite\u013en\u00fd valec typu Clevis\" width=\"819\" title=\"\"><\/p>\n<p>FMP je popredn\u00e1 spolo\u010dnos\u0165 \u0161pecializuj\u00faca sa na v\u00fdrobu a predaj hydraulick\u00fdch valcov. V\u010faka na\u0161im rozsiahlym sk\u00fasenostiam v odvetv\u00ed a profesion\u00e1lnemu t\u00edmu sa venujeme poskytovaniu vysoko kvalitn\u00fdch a spo\u013eahliv\u00fdch hydraulick\u00fdch valcov pre r\u00f4zne aplik\u00e1cie stavebn\u00fdch strojov.<\/p>\n<p>1. \u0160irok\u00fd sortiment produktov:<br \/>\nPon\u00fakame \u0161irok\u00fd sortiment hydraulick\u00fdch valcov, ktor\u00e9 uspokoja r\u00f4zne potreby stavebn\u00fdch strojov. N\u00e1\u0161 sortiment zah\u0155\u0148a nastavite\u013en\u00e9 valce s vidlicov\u00fdm z\u00e1vesom, zv\u00e1ran\u00e9 valce, teleskopick\u00e9 valce a \u010fal\u0161ie. Tento rozsiahly sortiment zaru\u010duje, \u017ee m\u00e1me ten spr\u00e1vny hydraulick\u00fd valec pre va\u0161e \u0161pecifick\u00e9 po\u017eiadavky.<\/p>\n<p>2. Vynikaj\u00faca kvalita:<br \/>\nV spolo\u010dnosti FMP kladieme d\u00f4raz na kvalitu a zabezpe\u010dujeme, aby v\u0161etky na\u0161e hydraulick\u00e9 valce sp\u013a\u0148ali pr\u00edsne normy kvality. Vybudovali sme si dlhodob\u00e9 a stabiln\u00e9 vz\u0165ahy s vysokokvalitn\u00fdmi dod\u00e1vate\u013emi na dom\u00e1com aj medzin\u00e1rodnom trhu. To n\u00e1m umo\u017e\u0148uje z\u00edskava\u0165 tie najkvalitnej\u0161ie materi\u00e1ly a komponenty, v\u00fdsledkom \u010doho s\u00fa hydraulick\u00e9 valce, ktor\u00e9 s\u00fa odoln\u00e9, efekt\u00edvne a spo\u013eahliv\u00e9.<\/p>\n<p>3. Profesion\u00e1lny obchodn\u00fd t\u00edm:<br \/>\nN\u00e1\u0161 sk\u00fasen\u00fd a kvalifikovan\u00fd obchodn\u00fd t\u00edm m\u00e1 hlbok\u00e9 znalosti o odvetv\u00ed stavebn\u00fdch strojov. Sleduje najnov\u0161ie trendy v tomto odvetv\u00ed a rozumie \u0161pecifick\u00fdm potreb\u00e1m na\u0161ich z\u00e1kazn\u00edkov. V\u010faka svojim odborn\u00fdm znalostiam poskytuje profesion\u00e1lne poradenstvo oh\u013eadom produktov a nasmeruje v\u00e1s k hydraulick\u00e9mu valcu, ktor\u00fd najlep\u0161ie vyhovuje va\u0161im po\u017eiadavk\u00e1m.<\/p>\n<p>4. N\u00e1vrhy na inteligentn\u00fd n\u00e1kup:<br \/>\nCh\u00e1peme, \u017ee ka\u017ed\u00fd z\u00e1kazn\u00edk m\u00e1 jedine\u010dn\u00e9 potreby, a preto n\u00e1\u0161 obchodn\u00fd t\u00edm vynaklad\u00e1 maxim\u00e1lne \u00fasilie, aby v\u00e1m pon\u00fakol inteligentn\u00e9 n\u00e1vrhy na n\u00e1kup. Zoh\u013ead\u0148uj\u00fa faktory, ako s\u00fa po\u017eiadavky aplik\u00e1cie, rozpo\u010dtov\u00e9 obmedzenia a po\u017eiadavky projektu, aby odporu\u010dili najvhodnej\u0161\u00ed hydraulick\u00fd valec. Tento personalizovan\u00fd pr\u00edstup zaru\u010duje, \u017ee sa rozhodnete informovane a n\u00e1jdete spr\u00e1vne rie\u0161enie pre hydraulick\u00fd valec.<\/p>\n<p>5. Efekt\u00edvna logistick\u00e1 distrib\u00facia:<br \/>\nSme hrd\u00ed na n\u00e1\u0161 efekt\u00edvny logistick\u00fd distribu\u010dn\u00fd syst\u00e9m, ktor\u00fd zabezpe\u010duje v\u010dasn\u00e9 a presn\u00e9 dodanie hydraulick\u00fdch valcov na\u0161im z\u00e1kazn\u00edkom. V\u010faka n\u00e1\u0161mu dobre organizovan\u00e9mu dod\u00e1vate\u013esk\u00e9mu re\u0165azcu v\u00e1m garantujeme, \u017ee po\u017eadovan\u00e9 hydraulick\u00e9 valce dostanete v\u010das, \u010d\u00edm sa minimalizuj\u00fa ak\u00e9ko\u013evek oneskorenia alebo preru\u0161enia va\u0161ich stavebn\u00fdch projektov.<\/p>\n<p>Spojte sa s FMP a z\u00edskajte hydraulick\u00e9 valce najvy\u0161\u0161ej kvality, ktor\u00e9 s\u00fa podlo\u017een\u00e9 odborn\u00fdmi znalos\u0165ami v danom odvetv\u00ed, vynikaj\u00facou kvalitou a efekt\u00edvnym servisom. Kontaktujte n\u00e1s e\u0161te dnes a preberte s nami svoje po\u017eiadavky na stavebn\u00e9 stroje a za\u017eite rozdiel, ktor\u00fd pon\u00faka FMP.<\/p>\n<h2>\u010casto kladen\u00e9 ot\u00e1zky<\/h2>\n<h3>Ot\u00e1zka: Ste obchodn\u00e1 spolo\u010dnos\u0165 alebo v\u00fdrobca?<\/h3>\n<p>A: Sme tov\u00e1re\u0148, ktor\u00e1 vyr\u00e1ba produkty.<\/p>\n<h3>Ot\u00e1zka: Ak\u00e1 je va\u0161a dodacia lehota?<\/h3>\n<p>A: Na\u0161a v\u0161eobecn\u00e1 dodacia lehota je 25-35 dn\u00ed.<\/p>\n<h3>Ot\u00e1zka: Poskytujete vzorky? S\u00fa bezplatn\u00e9 alebo za pr\u00edplatok?<\/h3>\n<p>A: \u00c1no, pon\u00fakame vzorky, ale nie s\u00fa zadarmo.<\/p>\n<p><img decoding=\"async\" class=\"aligncenter\" title=\"Hydraulick\u00fd valec snehov\u00e9ho pluhu\" src=\"https:\/\/hzpt.com\/wp-content\/uploads\/2023\/11\/Snow-Plow-Hydraulic-Cylinder-3.webp\" alt=\"Hydraulick\u00fd valec snehov\u00e9ho pluhu\" \/><\/p>\n<p>Autor: CX<\/p>","protected":false},"excerpt":{"rendered":"<p>Upgrade Your Machinery with Our Customized Welded Hydraulic Cylinder Experience the power of our High Quality Mini Customized Welded Hydraulic Cylinder, the new standard in machinery efficiency. Perfect for Machinery Repair Shops, Farms, Energy &amp; Mining, Machinery Manufacturing, and Machinery Factory, our hydraulic cylinder is designed to deliver optimal performance with a compact structure and [&hellip;]<\/p>","protected":false},"featured_media":1483,"comment_status":"closed","ping_status":"closed","template":"","meta":{"_et_pb_use_builder":"","_et_pb_old_content":"","_et_gb_content_width":""},"product_brand":[],"product_cat":[42],"product_tag":[34,44],"class_list":{"0":"post-1482","1":"product","2":"type-product","3":"status-publish","4":"has-post-thumbnail","6":"product_cat-snow-plow-hydraulic-cylinder","7":"product_tag-hydraulic-cylinder","8":"product_tag-snow-plow-hydraulic-cylinder","10":"first","11":"instock","12":"product-type-simple"},"_links":{"self":[{"href":"https:\/\/fmp-components.com\/sk\/wp-json\/wp\/v2\/product\/1482","targetHints":{"allow":["GET"]}}],"collection":[{"href":"https:\/\/fmp-components.com\/sk\/wp-json\/wp\/v2\/product"}],"about":[{"href":"https:\/\/fmp-components.com\/sk\/wp-json\/wp\/v2\/types\/product"}],"replies":[{"embeddable":true,"href":"https:\/\/fmp-components.com\/sk\/wp-json\/wp\/v2\/comments?post=1482"}],"wp:featuredmedia":[{"embeddable":true,"href":"https:\/\/fmp-components.com\/sk\/wp-json\/wp\/v2\/media\/1483"}],"wp:attachment":[{"href":"https:\/\/fmp-components.com\/sk\/wp-json\/wp\/v2\/media?parent=1482"}],"wp:term":[{"taxonomy":"product_brand","embeddable":true,"href":"https:\/\/fmp-components.com\/sk\/wp-json\/wp\/v2\/product_brand?post=1482"},{"taxonomy":"product_cat","embeddable":true,"href":"https:\/\/fmp-components.com\/sk\/wp-json\/wp\/v2\/product_cat?post=1482"},{"taxonomy":"product_tag","embeddable":true,"href":"https:\/\/fmp-components.com\/sk\/wp-json\/wp\/v2\/product_tag?post=1482"}],"curies":[{"name":"pracovn\u00fd list","href":"https:\/\/api.w.org\/{rel}","templated":true}]}}