{"id":1480,"date":"2024-12-23T05:49:26","date_gmt":"2024-12-23T05:49:26","guid":{"rendered":"https:\/\/fmp-components.com\/product\/premium-quality-stainless-steel-hydraulic-oil-cylinder-hydraulic-piston-cylinder\/"},"modified":"2024-12-23T06:45:09","modified_gmt":"2024-12-23T06:45:09","slug":"premium-quality-stainless-steel-hydraulic-oil-cylinder-hydraulic-piston-cylinder","status":"publish","type":"product","link":"https:\/\/fmp-components.com\/sk\/product\/premium-quality-stainless-steel-hydraulic-oil-cylinder-hydraulic-piston-cylinder\/","title":{"rendered":"Hydraulick\u00fd olejov\u00fd valec z nehrdzavej\u00facej ocele prvotriednej kvality, hydraulick\u00fd piestov\u00fd valec"},"content":{"rendered":"<h2>Hydraulick\u00fd olejov\u00fd valec z nehrdzavej\u00facej ocele prvotriednej kvality, hydraulick\u00fd piestov\u00fd valec<\/h2>\n<p>Hydraulick\u00fd piestov\u00fd valec z nehrdzavej\u00facej ocele prvotriednej kvality je vysoko v\u00fdkonn\u00fd hydraulick\u00fd valec ur\u010den\u00fd pre r\u00f4zne priemyseln\u00e9 aplik\u00e1cie. Tento valec je vyroben\u00fd z nehrdzavej\u00facej ocele prvotriednej kvality, \u010do zvy\u0161uje jeho odolnos\u0165 a odolnos\u0165 vo\u010di kor\u00f3zii.<\/p>\n<p>V\u010faka pokro\u010dilej kon\u0161trukcii hydraulick\u00e9ho piestu zais\u0165uje tento valec plynul\u00fd a efekt\u00edvny chod. Je schopn\u00fd generova\u0165 siln\u00fa hydraulick\u00fa silu, v\u010faka \u010domu je vhodn\u00fd pre n\u00e1ro\u010dn\u00e9 \u00falohy. \u010ci u\u017e ide o zdv\u00edhanie, tla\u010denie alebo \u0165ahanie, tento hydraulick\u00fd valec poskytuje spo\u013eahliv\u00fd a konzistentn\u00fd v\u00fdkon.<\/p>\n<p>V\u010faka kon\u0161trukcii z nehrdzavej\u00facej ocele je t\u00e1to f\u013ea\u0161a ide\u00e1lna na pou\u017eitie v n\u00e1ro\u010dn\u00fdch prostrediach vr\u00e1tane prostredia s vystaven\u00edm agres\u00edvnym chemik\u00e1li\u00e1m alebo extr\u00e9mnym teplot\u00e1m. Poskytuje vynikaj\u00facu odolnos\u0165 vo\u010di kor\u00f3zii, \u010d\u00edm zais\u0165uje dlh\u0161iu \u017eivotnos\u0165 a zni\u017euje n\u00e1roky na \u00fadr\u017ebu.<\/p>\n<p>Tento hydraulick\u00fd valec je vybaven\u00fd pokro\u010dilou technol\u00f3giou tesnenia, ktor\u00e1 minimalizuje riziko \u00faniku a zvy\u0161uje celkov\u00fa \u00fa\u010dinnos\u0165. Vyzna\u010duje sa presn\u00fdm obr\u00e1ban\u00edm a tesnen\u00edm, \u010do zabezpe\u010duje spo\u013eahliv\u00fa a bez\u00fanikov\u00fa prev\u00e1dzku aj za podmienok vysok\u00e9ho tlaku.<\/p>\n<p>Okrem toho je mo\u017en\u00e9 tento hydraulick\u00fd valec prisp\u00f4sobi\u0165 \u0161pecifick\u00fdm po\u017eiadavk\u00e1m. Je k dispoz\u00edcii v r\u00f4znych ve\u013ekostiach, d\u013a\u017ekach zdvihu a mo\u017enostiach mont\u00e1\u017ee, \u010do umo\u017e\u0148uje jednoduch\u00fa integr\u00e1ciu do r\u00f4znych hydraulick\u00fdch syst\u00e9mov. V\u010faka v\u0161estrannosti je tento valec vhodn\u00fd pre \u0161irok\u00fa \u0161k\u00e1lu odvetv\u00ed vr\u00e1tane stavebn\u00edctva, v\u00fdroby, po\u013enohospod\u00e1rstva a \u010fal\u0161\u00edch.<\/p>\n<p>Z\u00e1verom mo\u017eno poveda\u0165, \u017ee prvotriedny hydraulick\u00fd olejov\u00fd valec s hydraulick\u00fdm piestom z nehrdzavej\u00facej ocele je vysoko kvalitn\u00fd hydraulick\u00fd valec, ktor\u00fd pon\u00faka v\u00fdnimo\u010dn\u00fd v\u00fdkon a odolnos\u0165. Jeho kon\u0161trukcia z nehrdzavej\u00facej ocele, pokro\u010dil\u00fd hydraulick\u00fd dizajn a mo\u017enosti prisp\u00f4sobenia z neho robia vynikaj\u00facu vo\u013ebu pre r\u00f4zne priemyseln\u00e9 aplik\u00e1cie.<\/p>\n<h2>Vylep\u0161ite svoje stroje pomocou vysoko kvalitn\u00e9ho hydraulick\u00e9ho olejov\u00e9ho valca z nehrdzavej\u00facej ocele a hydraulick\u00e9ho piestov\u00e9ho valca<\/h2>\n<p>Zv\u00fd\u0161te v\u00fdkon a \u00fa\u010dinnos\u0165 svojich strojov s na\u0161\u00edm prvotriednym hydraulick\u00fdm olejov\u00fdm valcom z nehrdzavej\u00facej ocele s hydraulick\u00fdm piestov\u00fdm valcom. Tento hydraulick\u00fd valec je vyroben\u00fd tak, aby odolal n\u00e1ro\u010dn\u00e9mu pou\u017e\u00edvaniu, a zais\u0165uje spo\u013eahliv\u00fa a efekt\u00edvnu prev\u00e1dzku aj v t\u00fdch najn\u00e1ro\u010dnej\u0161\u00edch podmienkach.<\/p>\n<p><img decoding=\"async\" title=\"Hydraulick\u00fd valec snehov\u00e9ho pluhu\" src=\"https:\/\/hzpt.com\/wp-content\/uploads\/2023\/11\/Snow-Plow-Hydraulic-Cylinder-3.webp\" alt=\"Hydraulick\u00fd valec snehov\u00e9ho pluhu\" \/><\/p>\n<h2>Vlastnosti produktu<\/h2>\n<p>N\u00e1\u0161 hydraulick\u00fd olejov\u00fd valec, hydraulick\u00fd piestov\u00fd valec, vyroben\u00fd z vysoko kvalitnej nehrdzavej\u00facej ocele, zaru\u010duje odolnos\u0165 a dlh\u00fa \u017eivotnos\u0165. Dod\u00e1va sa s ro\u010dnou z\u00e1rukou a je vhodn\u00fd na pou\u017eitie v r\u00f4znych odvetviach, ako s\u00fa opravovne strojov, farmy, energetika a ban\u00edctvo, v\u00fdroba strojov a \u010fal\u0161ie.<\/p>\n<ul>\n<li style=\"list-style-type: none;\">\n<ul>\n<li>Stav: Nov\u00e9<\/li>\n<li>Z\u00e1ruka: 1 rok<\/li>\n<li>Hmotnos\u0165 (kg): 6<\/li>\n<\/ul>\n<\/li>\n<\/ul>\n<ul>\n<li>\u0160tandard: \u0160tandard<\/li>\n<li>Kon\u0161trukcia: Piestov\u00fd valec<\/li>\n<li>V\u00fdkon: Hydraulick\u00fd<\/li>\n<li>Materi\u00e1l tela: Oce\u013e<\/li>\n<li>Maxim\u00e1lny \u0165ah: 3000<\/li>\n<li>Typ: Hydraulick\u00e9 valce pre odh\u0155\u0148a\u010d snehu<\/li>\n<li>Maxim\u00e1lny \u0165ah: 20 ton<\/li>\n<li>Certifik\u00e1cia: ISO9001:2000<\/li>\n<\/ul>\n<h2>\u00dadr\u017eba a starostlivos\u0165<\/h2>\n<p>N\u00e1\u0161 hydraulick\u00fd piestov\u00fd valec z nehrdzavej\u00facej ocele je navrhnut\u00fd tak, aby vy\u017eadoval len n\u00edzku \u00fadr\u017ebu a nen\u00e1ro\u010dn\u00fa starostlivos\u0165. Pravideln\u00e9 \u010distenie a kontrola ak\u00fdchko\u013evek zn\u00e1mok opotrebenia m\u00f4\u017ee udr\u017ea\u0165 produkt v optim\u00e1lnej prev\u00e1dzke. Pre zabezpe\u010denie hladkej prev\u00e1dzky a dlhej \u017eivotnosti je tie\u017e d\u00f4le\u017eit\u00e9 pou\u017e\u00edva\u0165 hydraulick\u00fd olej odpor\u00fa\u010dan\u00fd v\u00fdrobcom.<\/p>\n<h2>Be\u017en\u00e9 aplik\u00e1cie<\/h2>\n<p>Na\u0161e hydraulick\u00e9 valce sa \u0161iroko pou\u017e\u00edvaj\u00fa v s\u00fa\u010diastkach po\u013enohospod\u00e1rskych strojov, ako s\u00fa v\u00fdvodov\u00e9 hriadele, prevodovky po\u013enohospod\u00e1rskych v\u00fdvodov\u00fdch hriade\u013eov, po\u013enohospod\u00e1rske kladky a \u010fal\u0161ie. Taktie\u017e sa \u0161iroko pou\u017e\u00edvaj\u00fa v hydraulick\u00fdch valcoch sne\u017en\u00fdch pluhov, kde zabezpe\u010duj\u00fa spo\u013eahliv\u00fa a plynul\u00e9 fungovanie.<\/p>\n<h2>V\u00fdhody nastavite\u013en\u00fdch valcov s vidlicov\u00fdm uchyten\u00edm<\/h2>\n<p>Nastavite\u013en\u00e9 valce s vidlicov\u00fdm uchyten\u00edm s\u00fa typom hydraulick\u00fdch piestov\u00fdch valcov, ktor\u00e9 pon\u00fakaj\u00fa oproti in\u00fdm kon\u0161trukci\u00e1m valcov nieko\u013eko k\u013e\u00fa\u010dov\u00fdch v\u00fdhod. Tieto valce s\u00fa vyroben\u00e9 z vysoko kvalitnej nehrdzavej\u00facej ocele, \u010do zaru\u010duje ich odolnos\u0165 a spo\u013eahlivos\u0165 v r\u00f4znych aplik\u00e1ci\u00e1ch. V tomto \u010dl\u00e1nku sa podrobne pozrieme na v\u00fdhody nastavite\u013en\u00fdch valcov s vidlicov\u00fdm uchyten\u00edm.<\/p>\n<h3>1. Zv\u00fd\u0161en\u00e1 flexibilita<\/h3>\n<p>Jednou z hlavn\u00fdch v\u00fdhod nastavite\u013en\u00fdch valcov s vidlicov\u00fdm uchyten\u00edm je ich zv\u00fd\u0161en\u00e1 flexibilita. Tieto valce s\u00fa vybaven\u00e9 vidlicov\u00fdm uchyten\u00edm, ktor\u00e9 umo\u017e\u0148uje jednoduch\u00e9 nastavenie polohy piestnej ty\u010de. T\u00e1to flexibilita umo\u017e\u0148uje prisp\u00f4sobi\u0165 sa valcu r\u00f4znym mont\u00e1\u017enym konfigur\u00e1ci\u00e1m, v\u010faka \u010domu je vhodn\u00fd pre \u0161irok\u00fa \u0161k\u00e1lu aplik\u00e1ci\u00ed.<\/p>\n<h3>2. Presn\u00e9 polohovanie<\/h3>\n<p>Nastavite\u013en\u00e9 valce s vidlicov\u00fdm uchyten\u00edm vynikaj\u00fa v aplik\u00e1ci\u00e1ch, ktor\u00e9 vy\u017eaduj\u00fa presn\u00e9 polohovanie. Mo\u017enos\u0165 nastavenia polohy piestnej ty\u010de umo\u017e\u0148uje jemn\u00e9 doladenie a presn\u00e9 ovl\u00e1danie vys\u00favania a zas\u00favania valca. T\u00e1to \u00farove\u0148 presnosti je k\u013e\u00fa\u010dov\u00e1 v aplik\u00e1ci\u00e1ch, ako je priemyseln\u00e1 automatiz\u00e1cia, kde s\u00fa potrebn\u00e9 presn\u00e9 pohyby.<\/p>\n<p><img decoding=\"async\" title=\"Hydraulick\u00fd valec snehov\u00e9ho pluhu\" src=\"https:\/\/hzpt.com\/wp-content\/uploads\/2023\/11\/Snow-Plow-Hydraulic-Cylinder-1.webp\" alt=\"Hydraulick\u00fd valec snehov\u00e9ho pluhu\" \/><\/p>\n<h3>3. Zv\u00fd\u0161en\u00e1 d\u013a\u017eka z\u00e1beru<\/h3>\n<p>V porovnan\u00ed s in\u00fdmi kon\u0161trukciami valcov pon\u00fakaj\u00fa nastavite\u013en\u00e9 valce s vidlicov\u00fdm uchyten\u00edm dlh\u0161\u00ed zdvih. Nastavite\u013en\u00e9 uchytenie vidlicov\u00fdm uchyten\u00edm umo\u017e\u0148uje v\u00e4\u010d\u0161\u00ed rozsah pohybu, \u010do umo\u017e\u0148uje piestnej ty\u010di vys\u00fava\u0165 a zas\u00fava\u0165 sa na dlh\u0161iu vzdialenos\u0165. T\u00e1to pred\u013a\u017een\u00e1 d\u013a\u017eka zdvihu je v\u00fdhodn\u00e1 v aplik\u00e1ci\u00e1ch, ktor\u00e9 vy\u017eaduj\u00fa v\u00e4\u010d\u0161\u00ed pracovn\u00fd rozsah.<\/p>\n<h3>4. Optim\u00e1lne rozlo\u017eenie za\u0165a\u017eenia<\/h3>\n<p>\u010eal\u0161ou v\u00fdhodou nastavite\u013en\u00fdch valcov s vidlicov\u00fdm uchyten\u00edm je ich schopnos\u0165 rovnomernej\u0161ie rozlo\u017ei\u0165 za\u0165a\u017eenie. Uchytenie vidlicov\u00fdm uchyten\u00edm poskytuje stabiln\u00e9 a bezpe\u010dn\u00e9 spojenie medzi valcom a z\u00e1\u0165a\u017eou, \u010d\u00edm sa zabezpe\u010duje rovnomern\u00e9 rozlo\u017eenie s\u00edl. Toto rovnomern\u00e9 rozlo\u017eenie za\u0165a\u017eenia minimalizuje nam\u00e1hanie a nam\u00e1hanie valca, \u010do vedie k zlep\u0161en\u00e9mu v\u00fdkonu a dlh\u0161ej \u017eivotnosti.<\/p>\n<h3>5. Jednoduch\u00e1 \u00fadr\u017eba<\/h3>\n<p>Nastavite\u013en\u00e9 valce s vidlicov\u00fdm uchyten\u00edm s\u00fa navrhnut\u00e9 pre jednoduch\u00fa \u00fadr\u017ebu. Uchytenie vidlicov\u00fdm uchyten\u00edm umo\u017e\u0148uje r\u00fdchlu a bezprobl\u00e9mov\u00fa demont\u00e1\u017e a op\u00e4tovn\u00fa mont\u00e1\u017e valca. T\u00e1to jednoduch\u00e1 \u00fadr\u017eba skracuje prestoje a zvy\u0161uje celkov\u00fa \u00fa\u010dinnos\u0165 syst\u00e9mu.<\/p>\n<p>Stru\u010dne povedan\u00e9, nastavite\u013en\u00e9 valce s vidlicov\u00fdm uchyten\u00edm pon\u00fakaj\u00fa mno\u017estvo v\u00fdhod, v\u010faka ktor\u00fdm s\u00fa preferovanou vo\u013ebou v mnoh\u00fdch aplik\u00e1ci\u00e1ch. Ich zv\u00fd\u0161en\u00e1 flexibilita, presn\u00e9 polohovanie, zv\u00e4\u010d\u0161en\u00e1 d\u013a\u017eka zdvihu, optim\u00e1lne rozlo\u017eenie za\u0165a\u017eenia a jednoduch\u00e1 \u00fadr\u017eba z nich robia spo\u013eahliv\u00fa a efekt\u00edvnu mo\u017enos\u0165 hydraulick\u00fdch piestov\u00fdch valcov. V\u010faka pou\u017eitiu vysoko kvalitnej nehrdzavej\u00facej ocele tieto valce zabezpe\u010duj\u00fa dlhotrvaj\u00faci v\u00fdkon a odolnos\u0165. \u010ci u\u017e v priemyselnej automatiz\u00e1cii, stavebn\u00edctve alebo akejko\u013evek inej oblasti, ktor\u00e1 vy\u017eaduje hydraulick\u00fd v\u00fdkon, nastavite\u013en\u00e9 valce s vidlicov\u00fdm uchyten\u00edm poskytuj\u00fa v\u0161estrannos\u0165 a v\u00fdkon potrebn\u00fd na splnenie po\u017eiadaviek r\u00f4znych aplik\u00e1ci\u00ed.<\/p>\n<h3>O FMP<\/h3>\n<p>FMP je spolo\u010dnos\u0165, ktor\u00e1 sa \u0161pecializuje na v\u00fdrobu a predaj hydraulick\u00fdch valcov. S\u00eddlime v Taliansku, m\u00e1me dlhoro\u010dn\u00e9 sk\u00fasenosti v odvetv\u00ed stavebn\u00fdch strojov a profesion\u00e1lny t\u00edm, ktor\u00fd sa venuje poskytovaniu vysoko kvalitn\u00fdch a spo\u013eahliv\u00fdch produktov a slu\u017eieb.<\/p>\n<p><img decoding=\"async\" src=\"https:\/\/fmp-components.com\/wp-content\/uploads\/2024\/12\/Adjustable-Clevis-Type-Cylinders-6.webp\" alt=\"Nastavite\u013en\u00fd valec typu Clevis\" width=\"818\" title=\"\"><\/p>\n<p>Tu je p\u00e4\u0165 d\u00f4vodov, pre\u010do by ste si mali pre svoje potreby v oblasti hydraulick\u00fdch valcov vybra\u0165 FMP:<\/p>\n<ol>\n<li>\u0160irok\u00fd sortiment produktov: Pon\u00fakame komplexn\u00fd sortiment hydraulick\u00fdch valcov vr\u00e1tane nastavite\u013en\u00fdch valcov s vidlicov\u00fdm z\u00e1vitom, valcov s \u0165ahadlou, zv\u00e1ran\u00fdch valcov a \u010fal\u0161\u00edch. Nech s\u00fa va\u0161e \u0161pecifick\u00e9 po\u017eiadavky ak\u00e9ko\u013evek, m\u00e1me pre v\u00e1s ten spr\u00e1vny valec.<\/li>\n<li>V\u00fdnimo\u010dn\u00e1 kvalita: V\u0161etky na\u0161e hydraulick\u00e9 valce s\u00fa vyroben\u00e9 z najkvalitnej\u0161\u00edch materi\u00e1lov a najmodernej\u0161\u00edch technol\u00f3gi\u00ed. Dodr\u017eiavame pr\u00edsne normy kvality, aby sme zabezpe\u010dili, \u017ee na\u0161e produkty sp\u013a\u0148aj\u00fa alebo prekra\u010duj\u00fa o\u010dak\u00e1vania z\u00e1kazn\u00edkov.<\/li>\n<li>Spo\u013eahliv\u00fd v\u00fdkon: Na\u0161e hydraulick\u00e9 valce s\u00fa navrhnut\u00e9 tak, aby poskytovali spo\u013eahliv\u00fd a konzistentn\u00fd v\u00fdkon aj v n\u00e1ro\u010dn\u00fdch podmienkach. S\u00fa skon\u0161truovan\u00e9 tak, aby odolali vysok\u00e9mu za\u0165a\u017eeniu a zabezpe\u010dili plynul\u00fd a efekt\u00edvny chod.<\/li>\n<li>Odborn\u00e9 poradenstvo: N\u00e1\u0161 sk\u00fasen\u00fd obchodn\u00fd t\u00edm m\u00e1 bohat\u00e9 znalosti v odvetv\u00ed stavebn\u00fdch strojov. Je obozn\u00e1men\u00fd s najnov\u0161\u00edmi trendmi a potrebami z\u00e1kazn\u00edkov a m\u00f4\u017ee v\u00e1m poskytn\u00fa\u0165 odborn\u00e9 poradenstvo oh\u013eadom produktov, ktor\u00e9 v\u00e1m pom\u00f4\u017eu pri v\u00fdbere spr\u00e1vneho produktu pre va\u0161e projekty.<\/li>\n<li>Efekt\u00edvne dodanie: Ch\u00e1peme d\u00f4le\u017eitos\u0165 v\u010dasn\u00e9ho doru\u010denia. V\u010faka n\u00e1\u0161mu efekt\u00edvnemu logistick\u00e9mu distribu\u010dn\u00e9mu syst\u00e9mu zabezpe\u010dujeme, aby v\u00e1m po\u017eadovan\u00e9 hydraulick\u00e9 valce boli doru\u010den\u00e9 v\u010das a presne, \u010d\u00edm sa minimalizuj\u00fa prestoje a va\u0161e projekty sa bud\u00fa realizova\u0165 pod\u013ea pl\u00e1nu.<\/li>\n<\/ol>\n<p>Spojte sa s FMP pre va\u0161e potreby v oblasti hydraulick\u00fdch valcov a za\u017eite rozdiel. Kontaktujte n\u00e1s e\u0161te dnes, aby sme prediskutovali va\u0161e po\u017eiadavky a na\u0161li perfektn\u00e9 rie\u0161enie pre va\u0161e stavebn\u00e9 stroje.<\/p>\n<p>Autor: CX<\/p>","protected":false},"excerpt":{"rendered":"<p>Premium Quality Stainless Steel Hydraulic Oil Cylinder Hydraulic Piston Cylinder The Premium Quality Stainless Steel Hydraulic Oil Cylinder Hydraulic Piston Cylinder is a high-performance hydraulic cylinder designed for various industrial applications. This cylinder is made from premium quality stainless steel, which enhances its durability and resistance to corrosion. With its advanced hydraulic piston design, this [&hellip;]<\/p>","protected":false},"featured_media":1481,"comment_status":"closed","ping_status":"closed","template":"","meta":{"_et_pb_use_builder":"","_et_pb_old_content":"","_et_gb_content_width":""},"product_brand":[],"product_cat":[42],"product_tag":[34,44],"class_list":{"0":"post-1480","1":"product","2":"type-product","3":"status-publish","4":"has-post-thumbnail","6":"product_cat-snow-plow-hydraulic-cylinder","7":"product_tag-hydraulic-cylinder","8":"product_tag-snow-plow-hydraulic-cylinder","10":"first","11":"instock","12":"product-type-simple"},"_links":{"self":[{"href":"https:\/\/fmp-components.com\/sk\/wp-json\/wp\/v2\/product\/1480","targetHints":{"allow":["GET"]}}],"collection":[{"href":"https:\/\/fmp-components.com\/sk\/wp-json\/wp\/v2\/product"}],"about":[{"href":"https:\/\/fmp-components.com\/sk\/wp-json\/wp\/v2\/types\/product"}],"replies":[{"embeddable":true,"href":"https:\/\/fmp-components.com\/sk\/wp-json\/wp\/v2\/comments?post=1480"}],"wp:featuredmedia":[{"embeddable":true,"href":"https:\/\/fmp-components.com\/sk\/wp-json\/wp\/v2\/media\/1481"}],"wp:attachment":[{"href":"https:\/\/fmp-components.com\/sk\/wp-json\/wp\/v2\/media?parent=1480"}],"wp:term":[{"taxonomy":"product_brand","embeddable":true,"href":"https:\/\/fmp-components.com\/sk\/wp-json\/wp\/v2\/product_brand?post=1480"},{"taxonomy":"product_cat","embeddable":true,"href":"https:\/\/fmp-components.com\/sk\/wp-json\/wp\/v2\/product_cat?post=1480"},{"taxonomy":"product_tag","embeddable":true,"href":"https:\/\/fmp-components.com\/sk\/wp-json\/wp\/v2\/product_tag?post=1480"}],"curies":[{"name":"pracovn\u00fd list","href":"https:\/\/api.w.org\/{rel}","templated":true}]}}