{"id":1476,"date":"2024-12-23T05:49:26","date_gmt":"2024-12-23T05:49:26","guid":{"rendered":"https:\/\/fmp-components.com\/product\/superior-quality-small-welded-hydraulic-oil-cylinder\/"},"modified":"2024-12-23T06:35:24","modified_gmt":"2024-12-23T06:35:24","slug":"superior-quality-small-welded-hydraulic-oil-cylinder","status":"publish","type":"product","link":"https:\/\/fmp-components.com\/sk\/product\/superior-quality-small-welded-hydraulic-oil-cylinder\/","title":{"rendered":"Vysokokvalitn\u00fd mal\u00fd zv\u00e1ran\u00fd hydraulick\u00fd olejov\u00fd valec"},"content":{"rendered":"<h2>Vysokokvalitn\u00fd mal\u00fd zv\u00e1ran\u00fd hydraulick\u00fd olejov\u00fd valec<\/h2>\n<p>Predstavujeme mal\u00fd zv\u00e1ran\u00fd hydraulick\u00fd olejov\u00fd valec vysokej kvality:<\/p>\n<p>Mal\u00fd zv\u00e1ran\u00fd hydraulick\u00fd olejov\u00fd valec najvy\u0161\u0161ej kvality je vysoko spo\u013eahliv\u00fd a efekt\u00edvny produkt ur\u010den\u00fd pre r\u00f4zne priemyseln\u00e9 aplik\u00e1cie. V\u010faka pokro\u010dilej technol\u00f3gii a \u0161pi\u010dkov\u00e9mu remeseln\u00e9mu spracovaniu je tento hydraulick\u00fd valec vyroben\u00fd tak, aby poskytoval v\u00fdnimo\u010dn\u00fd v\u00fdkon a dlh\u00fa \u017eivotnos\u0165.<\/p>\n<p>Tento hydraulick\u00fd olejov\u00fd valec je odborne vyroben\u00fd z vysoko kvalitn\u00fdch materi\u00e1lov, \u010do zaru\u010duje dlh\u00fa \u017eivotnos\u0165 a odolnos\u0165 vo\u010di opotrebovaniu. Jeho zv\u00e1ran\u00e1 kon\u0161trukcia poskytuje vynikaj\u00facu pevnos\u0165 a stabilitu, v\u010faka \u010domu je vhodn\u00fd aj pre tie najn\u00e1ro\u010dnej\u0161ie hydraulick\u00e9 syst\u00e9my.<\/p>\n<p>Tento valec je vybaven\u00fd najmodernej\u0161ou hydraulickou technol\u00f3giou a pon\u00faka presn\u00e9 ovl\u00e1danie a plynul\u00fd chod. Zabezpe\u010duje efekt\u00edvny prenos sily, \u010do umo\u017e\u0148uje plynul\u00fd pohyb a optim\u00e1lny v\u00fdkon hydraulick\u00fdch strojov.<\/p>\n<p>Mal\u00fd zv\u00e1ran\u00fd hydraulick\u00fd olejov\u00fd valec vysokej kvality je zn\u00e1my svojou p\u00f4sobivou nosnos\u0165ou a odolnos\u0165ou vo\u010di vysok\u00fdm tlakom. V\u010faka tomu je ide\u00e1lny pre n\u00e1ro\u010dn\u00e9 aplik\u00e1cie, ktor\u00e9 vy\u017eaduj\u00fa spo\u013eahliv\u00fd a robustn\u00fd hydraulick\u00fd syst\u00e9m.<\/p>\n<p>Okrem toho je tento hydraulick\u00fd valec d\u00f4kladne testovan\u00fd a kontrolovan\u00fd, aby sp\u013a\u0148al najvy\u0161\u0161ie \u0161tandardy kvality. Podstupuje pr\u00edsne v\u00fdkonnostn\u00e9 hodnotenia, aby sa zabezpe\u010dila jeho funk\u010dnos\u0165 a spo\u013eahlivos\u0165 v r\u00f4znych prev\u00e1dzkov\u00fdch podmienkach.<\/p>\n<p>Stru\u010dne povedan\u00e9, mal\u00fd zv\u00e1ran\u00fd hydraulick\u00fd olejov\u00fd valec najvy\u0161\u0161ej kvality je \u0161pi\u010dkov\u00fd produkt navrhnut\u00fd tak, aby poskytoval v\u00fdnimo\u010dn\u00fd v\u00fdkon a odolnos\u0165. V\u010faka pokro\u010dilej technol\u00f3gii, presn\u00e9mu ovl\u00e1daniu a vynikaj\u00facej pevnosti je vynikaj\u00facou vo\u013ebou pre priemyseln\u00e9 aplik\u00e1cie, ktor\u00e9 vy\u017eaduj\u00fa spo\u013eahliv\u00e9 hydraulick\u00e9 syst\u00e9my.<\/p>\n<p><img decoding=\"async\" title=\"Hydraulick\u00fd valec snehov\u00e9ho pluhu\" src=\"https:\/\/hzpt.com\/wp-content\/uploads\/2023\/11\/Snow-Plow-Hydraulic-Cylinder-3.webp\" alt=\"Hydraulick\u00fd valec snehov\u00e9ho pluhu\" \/><\/p>\n<h2>Predstavujeme mal\u00fd zv\u00e1ran\u00fd hydraulick\u00fd olejov\u00fd valec vysokej kvality<\/h2>\n<p>Predstavujeme mal\u00fd zv\u00e1ran\u00fd hydraulick\u00fd olejov\u00fd valec najvy\u0161\u0161ej kvality, \u0161pi\u010dkov\u00fd strojn\u00fd komponent navrhnut\u00fd tak, aby sp\u013a\u0148al pr\u00edsne po\u017eiadavky viacer\u00fdch odvetv\u00ed. Tento hydraulick\u00fd valec je nov\u00fd, vysoko spo\u013eahliv\u00fd a m\u00e1 jednoro\u010dn\u00fa z\u00e1ruku, \u010do sved\u010d\u00ed o na\u0161om z\u00e1v\u00e4zku ku kvalite a spo\u013eahlivosti.<\/p>\n<h2>Vlastnosti produktu<\/h2>\n<p>Hydraulick\u00fd olejov\u00fd valec je vyroben\u00fd z robustnej ocele a navrhnut\u00fd v \u0161tandardnej piestovej kon\u0161trukcii, ktor\u00e1 je ide\u00e1lna pre opravovne strojov, farmy, energetiku a ban\u00edctvo, v\u00fdrobu strojov a tov\u00e1rne. S hmotnos\u0165ou 12 kg sa s t\u00fdmto hydraulick\u00fdm valcom \u013eahko manipuluje. Jeho hlavn\u00e9 komponenty zah\u0155\u0148aj\u00fa lo\u017eisko a hydraulick\u00fd valec, na ktor\u00e9 sa vz\u0165ahuje jednoro\u010dn\u00e1 z\u00e1ruka. Valec pracuje s hydraulick\u00fdm pohonom a znesie maxim\u00e1lny tlak 3000 a maxim\u00e1lny \u0165ah 20 ton, v\u010faka \u010domu je robustnou a spo\u013eahlivou vo\u013ebou pre priemyseln\u00e9 odvetvia s vysok\u00fdm tlakom.<\/p>\n<h2>Technick\u00e9 \u0161pecifik\u00e1cie<\/h2>\n<ul>\n<li>\u0160tandardn\u00e9 alebo ne\u0161tandardn\u00e9: \u0160tandardn\u00e9<\/li>\n<li>Kon\u0161trukcia: Piestov\u00fd valec<\/li>\n<li>V\u00fdkon: Hydraulick\u00fd<\/li>\n<li>Materi\u00e1l tela: Oce\u013e<\/li>\n<li>Maxim\u00e1lny \u0165ah: 3000<\/li>\n<li>Maxim\u00e1lny \u0165ah: 20 ton<\/li>\n<li>Materi\u00e1l: G\/SAE\/NPT\/M<\/li>\n<li>Ve\u013ekos\u0165 otvoru: 2-6 palcov<\/li>\n<li>Ve\u013ekos\u0165 ty\u010de: 1,125-4 palce<\/li>\n<li>Ve\u013ekos\u0165 zdvihu: 4-100 palcov<\/li>\n<li>Ve\u013ekos\u0165 \u010dapu: 0,5-2 palce<\/li>\n<\/ul>\n<h2>V\u00fdhody nastavite\u013en\u00fdch valcov s vidlicov\u00fdm uchyten\u00edm<\/h2>\n<p>Nastavite\u013en\u00e9 valce s vidlicov\u00fdm uchyten\u00edm sa st\u00e1vaj\u00fa \u010doraz ob\u013e\u00fabenej\u0161\u00edmi v r\u00f4znych priemyseln\u00fdch aplik\u00e1ci\u00e1ch v\u010faka svojim mnoh\u00fdm v\u00fdhod\u00e1m. V tomto \u010dl\u00e1nku presk\u00famame v\u00fdhody t\u00fdchto valcov a pre\u010do s\u00fa lep\u0161ie ako in\u00e9 typy hydraulick\u00fdch valcov.<\/p>\n<h3>1. V\u0161estrannos\u0165<\/h3>\n<p>Jednou z hlavn\u00fdch v\u00fdhod nastavite\u013en\u00fdch valcov s vidlicov\u00fdm uz\u00e1verom je ich v\u0161estrannos\u0165. Tieto valce sa daj\u00fa pou\u017ei\u0165 v \u0161irokej \u0161k\u00e1le aplik\u00e1ci\u00ed, od stavebn\u00fdch zariaden\u00ed a\u017e po po\u013enohospod\u00e1rske stroje. T\u00e1to v\u0161estrannos\u0165 je sp\u00f4soben\u00e1 ich schopnos\u0165ou \u013eahko sa nastavi\u0165 pod\u013ea \u0161pecifick\u00fdch po\u017eiadaviek, v\u010faka \u010domu s\u00fa ide\u00e1lnou vo\u013ebou pre aplik\u00e1cie, kde je k\u013e\u00fa\u010dov\u00e1 flexibilita.<\/p>\n<h3>2. Presnos\u0165<\/h3>\n<p>\u010eal\u0161ou v\u00fdhodou nastavite\u013en\u00fdch valcov s vidlicovou vidlicou je ich presnos\u0165. Tieto valce s\u00fa navrhnut\u00e9 tak, aby poskytovali presn\u00e9 a spo\u013eahliv\u00e9 ovl\u00e1danie, v\u010faka \u010domu s\u00fa ide\u00e1lne pre aplik\u00e1cie, kde je potrebn\u00fd presn\u00fd pohyb. T\u00e1to presnos\u0165 sa dosahuje pou\u017eit\u00edm vysoko kvalitn\u00fdch materi\u00e1lov a pokro\u010dil\u00fdch v\u00fdrobn\u00fdch techn\u00edk, v\u00fdsledkom \u010doho s\u00fa mal\u00e9 zv\u00e1ran\u00e9 hydraulick\u00e9 olejov\u00e9 valce vynikaj\u00facej kvality.<\/p>\n<h3>3. Trvanlivos\u0165<\/h3>\n<p>Nastavite\u013en\u00e9 valce s vidlicov\u00fdm uz\u00e1verom s\u00fa tie\u017e zn\u00e1me svojou odolnos\u0165ou. Tieto valce s\u00fa navrhnut\u00e9 tak, aby odolali aj najdrsnej\u0161\u00edm podmienkam a prostrediu, v\u010faka \u010domu s\u00fa ide\u00e1lne na pou\u017eitie v n\u00e1ro\u010dn\u00fdch aplik\u00e1ci\u00e1ch. T\u00e1to odolnos\u0165 je dosiahnut\u00e1 pou\u017eit\u00edm vysoko kvalitn\u00fdch materi\u00e1lov a pokro\u010dil\u00fdch v\u00fdrobn\u00fdch techn\u00edk, ktor\u00e9 zabezpe\u010duj\u00fa, \u017ee valce s\u00fa vyroben\u00e9 s d\u00f4razom na dlh\u00fa \u017eivotnos\u0165.<\/p>\n<h3>4. Efekt\u00edvnos\u0165<\/h3>\n<p>\u010eal\u0161ou v\u00fdhodou nastavite\u013en\u00fdch valcov s vidlicov\u00fdm z\u00e1vesom je \u00fa\u010dinnos\u0165. Tieto valce s\u00fa navrhnut\u00e9 tak, aby poskytovali maxim\u00e1lny v\u00fdkon pri minim\u00e1lnej spotrebe energie, v\u010faka \u010domu s\u00fa energeticky \u00faspornou mo\u017enos\u0165ou pre \u0161irok\u00fa \u0161k\u00e1lu aplik\u00e1ci\u00ed. T\u00e1to \u00fa\u010dinnos\u0165 sa dosahuje pou\u017eit\u00edm pokro\u010dil\u00fdch hydraulick\u00fdch syst\u00e9mov a \u010fal\u0161\u00edch kon\u0161truk\u010dn\u00fdch prvkov, ktor\u00e9 optimalizuj\u00fa v\u00fdkon a minimalizuj\u00fa plytvanie energiou.<\/p>\n<h3>5. Prisp\u00f4sobenie<\/h3>\n<p>Nakoniec, nastavite\u013en\u00e9 valce s vidlicov\u00fdm z\u00e1vitom pon\u00fakaj\u00fa vysok\u00fd stupe\u0148 prisp\u00f4sobenia. Tieto valce sa daj\u00fa \u013eahko upravi\u0165 tak, aby vyhovovali \u0161pecifick\u00fdm po\u017eiadavk\u00e1m, v\u010faka \u010domu s\u00fa ide\u00e1lnou vo\u013ebou pre aplik\u00e1cie, kde je potrebn\u00e9 prisp\u00f4sobenie. Toto prisp\u00f4sobenie m\u00f4\u017ee zah\u0155\u0148a\u0165 \u00fapravy v\u0155tania valca, d\u013a\u017eky zdvihu a mo\u017enost\u00ed mont\u00e1\u017ee, okrem in\u00fdch funkci\u00ed, \u010d\u00edm sa zabezpe\u010d\u00ed, \u017ee valec presne sp\u013a\u0148a potreby aplik\u00e1cie.<\/p>\n<p>Z\u00e1verom mo\u017eno poveda\u0165, \u017ee nastavite\u013en\u00e9 valce s vidlicov\u00fdm uz\u00e1verom pon\u00fakaj\u00fa \u0161irok\u00fa \u0161k\u00e1lu v\u00fdhod, v\u010faka ktor\u00fdm s\u00fa ide\u00e1lnou vo\u013ebou pre r\u00f4zne priemyseln\u00e9 aplik\u00e1cie. Od ich v\u0161estrannosti a presnosti a\u017e po odolnos\u0165, \u00fa\u010dinnos\u0165 a mo\u017enosti prisp\u00f4sobenia poskytuj\u00fa tieto valce vynikaj\u00faci v\u00fdkon a spo\u013eahlivos\u0165, v\u010faka \u010domu s\u00fa v tomto odvetv\u00ed preferovanou vo\u013ebou.<\/p>\n<h3>O FMP<\/h3>\n<p>FMP je spolo\u010dnos\u0165, ktor\u00e1 sa \u0161pecializuje na v\u00fdrobu a predaj hydraulick\u00fdch valcov. V\u010faka na\u0161im dlhoro\u010dn\u00fdm sk\u00fasenostiam v odbore a profesion\u00e1lnemu t\u00edmu poskytujeme z\u00e1kazn\u00edkom vysoko kvalitn\u00e9 a spo\u013eahliv\u00e9 hydraulick\u00e9 valce pre stavebn\u00e9 stroje.<\/p>\n<p><img decoding=\"async\" src=\"https:\/\/fmp-components.com\/wp-content\/uploads\/2024\/12\/Adjustable-Clevis-Type-Cylinders-6.webp\" alt=\"Nastavite\u013en\u00fd valec typu Clevis\" width=\"816\" title=\"\"><\/p>\n<p>Tu je p\u00e4\u0165 d\u00f4vodov, pre\u010do by ste si mali vybra\u0165 na\u0161e hydraulick\u00e9 valce:<\/p>\n<ol>\n<li>\u0160irok\u00e1 \u0161k\u00e1la mo\u017enost\u00ed: Pon\u00fakame komplexn\u00fd sortiment hydraulick\u00fdch valcov vr\u00e1tane nastavite\u013en\u00fdch valcov s vidlicov\u00fdm z\u00e1vitom, valcov s \u0165ahadlou, zv\u00e1ran\u00fdch valcov, teleskopick\u00fdch valcov a kompaktn\u00fdch valcov. Nech u\u017e va\u0161e stavebn\u00e9 stroje potrebuj\u00fa \u010doko\u013evek, m\u00e1me pre v\u00e1s ten prav\u00fd valec.<\/li>\n<li>Vynikaj\u00faca kvalita: V\u0161etky na\u0161e hydraulick\u00e9 valce s\u00fa vyroben\u00e9 z vysoko kvalitn\u00fdch materi\u00e1lov a prech\u00e1dzaj\u00fa pr\u00edsnymi kontrolami kvality. Zabezpe\u010dujeme, aby ka\u017ed\u00fd valec sp\u013a\u0148al pr\u00edsne priemyseln\u00e9 normy, a t\u00fdm v\u00e1m poskytoval spo\u013eahliv\u00fd a odoln\u00fd v\u00fdkon.<\/li>\n<li>Prisp\u00f4sobenie: Ch\u00e1peme, \u017ee ka\u017ed\u00fd stavebn\u00fd projekt m\u00e1 jedine\u010dn\u00e9 po\u017eiadavky. Preto pon\u00fakame mo\u017enosti prisp\u00f4sobenia na\u0161ich hydraulick\u00fdch valcov. \u010ci u\u017e ide o ve\u013ekos\u0165, sp\u00f4sob mont\u00e1\u017ee alebo menovit\u00fd tlak, valec dok\u00e1\u017eeme prisp\u00f4sobi\u0165 va\u0161im \u0161pecifick\u00fdm potreb\u00e1m.<\/li>\n<li>Odborn\u00e9 poradenstvo: N\u00e1\u0161 sk\u00fasen\u00fd obchodn\u00fd t\u00edm m\u00e1 bohat\u00e9 sk\u00fasenosti s odvetv\u00edm stavebn\u00fdch strojov. Poskytne v\u00e1m odborn\u00e9 poradenstvo oh\u013eadom produktov a pom\u00f4\u017ee v\u00e1m vybra\u0165 si ten spr\u00e1vny hydraulick\u00fd valec pre va\u0161e zariadenie. Zaviazali sme sa n\u00e1js\u0165 pre na\u0161ich z\u00e1kazn\u00edkov tie najlep\u0161ie rie\u0161enia.<\/li>\n<li>Efekt\u00edvna distrib\u00facia: M\u00e1me zaveden\u00fd efekt\u00edvny logistick\u00fd distribu\u010dn\u00fd syst\u00e9m, ktor\u00fd zabezpe\u010duje, \u017ee va\u0161e hydraulick\u00e9 valce dostanete v\u010das a presne. M\u00f4\u017eete sa na n\u00e1s spo\u013eahn\u00fa\u0165, \u017ee v\u00e1m doru\u010d\u00edme potrebn\u00e9 diely vtedy, ke\u010f ich potrebujete, \u010d\u00edm sa minimalizuj\u00fa prestoje va\u0161ich strojov.<\/li>\n<\/ol>\n<p>Vyberte si FMP pre va\u0161e potreby hydraulick\u00e9ho valca a za\u017eite rozdiel. Kontaktujte n\u00e1s e\u0161te dnes a preberte s nami, ako m\u00f4\u017eeme splni\u0165 va\u0161e po\u017eiadavky na stavebn\u00e9 stroje.<\/p>\n<h2>\u010casto kladen\u00e9 ot\u00e1zky<\/h2>\n<h3>Ot\u00e1zka: Ste obchodn\u00e1 spolo\u010dnos\u0165 alebo v\u00fdrobca?<\/h3>\n<p>A: Sme tov\u00e1re\u0148 a vyr\u00e1bame na\u0161e produkty.<\/p>\n<h3>Ot\u00e1zka: Ak\u00e1 je va\u0161a dodacia lehota?<\/h3>\n<p>A: Na\u0161a dodacia lehota je zvy\u010dajne 25-35 dn\u00ed.<\/p>\n<h3>Ot\u00e1zka: M\u00f4\u017eete vyrobi\u0165 pod\u013ea vzoriek?<\/h3>\n<p>A: \u00c1no, vieme vyrobi\u0165 pod\u013ea va\u0161ich vzoriek alebo technick\u00fdch v\u00fdkresov. Vieme vyrobi\u0165 formy a up\u00ednacie pr\u00edpravky.<\/p>\n<p><img decoding=\"async\" src=\"https:\/\/hzpt.com\/wp-content\/uploads\/2023\/11\/Snow-Plow-Hydraulic-Cylinder-4Factory.webp\" alt=\"Tov\u00e1re\u0148 na prenos energie Ever-Power\" title=\"\"><\/p>\n<p>Autor: CX<\/p>","protected":false},"excerpt":{"rendered":"<p>Superior Quality Small Welded Hydraulic Oil Cylinder Introducing the Superior Quality Small Welded Hydraulic Oil Cylinder: The Superior Quality Small Welded Hydraulic Oil Cylinder is a highly reliable and efficient product designed for various industrial applications. With its advanced technology and top-notch craftsmanship, this hydraulic cylinder is built to deliver exceptional performance and longevity. This [&hellip;]<\/p>","protected":false},"featured_media":1477,"comment_status":"closed","ping_status":"closed","template":"","meta":{"_et_pb_use_builder":"","_et_pb_old_content":"","_et_gb_content_width":""},"product_brand":[],"product_cat":[42],"product_tag":[34,44],"class_list":{"0":"post-1476","1":"product","2":"type-product","3":"status-publish","4":"has-post-thumbnail","6":"product_cat-snow-plow-hydraulic-cylinder","7":"product_tag-hydraulic-cylinder","8":"product_tag-snow-plow-hydraulic-cylinder","10":"first","11":"instock","12":"product-type-simple"},"_links":{"self":[{"href":"https:\/\/fmp-components.com\/sk\/wp-json\/wp\/v2\/product\/1476","targetHints":{"allow":["GET"]}}],"collection":[{"href":"https:\/\/fmp-components.com\/sk\/wp-json\/wp\/v2\/product"}],"about":[{"href":"https:\/\/fmp-components.com\/sk\/wp-json\/wp\/v2\/types\/product"}],"replies":[{"embeddable":true,"href":"https:\/\/fmp-components.com\/sk\/wp-json\/wp\/v2\/comments?post=1476"}],"wp:featuredmedia":[{"embeddable":true,"href":"https:\/\/fmp-components.com\/sk\/wp-json\/wp\/v2\/media\/1477"}],"wp:attachment":[{"href":"https:\/\/fmp-components.com\/sk\/wp-json\/wp\/v2\/media?parent=1476"}],"wp:term":[{"taxonomy":"product_brand","embeddable":true,"href":"https:\/\/fmp-components.com\/sk\/wp-json\/wp\/v2\/product_brand?post=1476"},{"taxonomy":"product_cat","embeddable":true,"href":"https:\/\/fmp-components.com\/sk\/wp-json\/wp\/v2\/product_cat?post=1476"},{"taxonomy":"product_tag","embeddable":true,"href":"https:\/\/fmp-components.com\/sk\/wp-json\/wp\/v2\/product_tag?post=1476"}],"curies":[{"name":"pracovn\u00fd list","href":"https:\/\/api.w.org\/{rel}","templated":true}]}}