{"id":1474,"date":"2024-12-23T05:49:26","date_gmt":"2024-12-23T05:49:26","guid":{"rendered":"https:\/\/fmp-components.com\/product\/new-model-double-acting-small-hydraulic-piston-cylinder\/"},"modified":"2024-12-23T06:33:50","modified_gmt":"2024-12-23T06:33:50","slug":"new-model-double-acting-small-hydraulic-piston-cylinder","status":"publish","type":"product","link":"https:\/\/fmp-components.com\/sk\/product\/new-model-double-acting-small-hydraulic-piston-cylinder\/","title":{"rendered":"Nov\u00fd model dvoj\u010dinn\u00e9ho mal\u00e9ho hydraulick\u00e9ho piestov\u00e9ho valca"},"content":{"rendered":"<h2>Nov\u00fd model dvoj\u010dinn\u00e9ho mal\u00e9ho hydraulick\u00e9ho piestov\u00e9ho valca<\/h2>\n<p>Predstavujeme nov\u00fd model dvoj\u010dinn\u00e9ho mal\u00e9ho hydraulick\u00e9ho piestov\u00e9ho valca:<\/p>\n<p>Nov\u00fd model dvoj\u010dinn\u00e9ho hydraulick\u00e9ho piestov\u00e9ho valca s mal\u00fdm objemom je revolu\u010dn\u00fd produkt navrhnut\u00fd tak, aby poskytoval efekt\u00edvny a spo\u013eahliv\u00fd hydraulick\u00fd v\u00fdkon. V\u010faka kompaktn\u00fdm rozmerom a v\u00fdnimo\u010dn\u00e9mu v\u00fdkonu je tento valec ide\u00e1lny pre \u0161irok\u00fa \u0161k\u00e1lu priemyseln\u00fdch aplik\u00e1ci\u00ed.<\/p>\n<p>Tento hydraulick\u00fd piestov\u00fd valec s dvoj\u010dinn\u00fdm mechanizmom sa dok\u00e1\u017ee vys\u00fava\u0165 aj zas\u00fava\u0165, \u010do umo\u017e\u0148uje presn\u00e9 ovl\u00e1danie a flexibilitu pri r\u00f4znych oper\u00e1ci\u00e1ch. Jeho mal\u00e1 ve\u013ekos\u0165 ho rob\u00ed ide\u00e1lnym na pou\u017eitie v stiesnen\u00fdch priestoroch, kde v\u00e4\u010d\u0161ie valce nemusia by\u0165 vhodn\u00e9.<\/p>\n<p>Tento piestov\u00fd valec je vyroben\u00fd z najkvalitnej\u0161\u00edch materi\u00e1lov a je skon\u0161truovan\u00fd tak, aby odolal n\u00e1ro\u010dn\u00e9mu pou\u017e\u00edvaniu a poskytoval konzistentn\u00fd v\u00fdkon. Jeho robustn\u00e1 kon\u0161trukcia zais\u0165uje dlhotrvaj\u00facu \u017eivotnos\u0165, minimalizuje \u00fadr\u017ebu a prestoje.<\/p>\n<p>Tento valec je vybaven\u00fd pokro\u010dilou hydraulickou technol\u00f3giou a pon\u00faka plynul\u00fd a spo\u013eahliv\u00fd chod s presn\u00fdm ovl\u00e1dan\u00edm r\u00fdchlosti a sily. To zais\u0165uje optim\u00e1lny v\u00fdkon a zv\u00fd\u0161en\u00fa produktivitu v akejko\u013evek aplik\u00e1cii.<\/p>\n<p>Nov\u00fd model dvoj\u010dinn\u00e9ho hydraulick\u00e9ho piestov\u00e9ho valca s mal\u00fdm objemom sa \u013eahko in\u0161taluje a je kompatibiln\u00fd s v\u00e4\u010d\u0161inou hydraulick\u00fdch syst\u00e9mov. Jeho v\u0161estrann\u00e1 kon\u0161trukcia umo\u017e\u0148uje bezprobl\u00e9mov\u00fa integr\u00e1ciu do existuj\u00facich zost\u00e1v a poskytuje cenovo v\u00fdhodn\u00e9 rie\u0161enie pre moderniz\u00e1ciu alebo roz\u0161\u00edrenie hydraulick\u00fdch mo\u017enost\u00ed.<\/p>\n<p>\u010ci u\u017e potrebujete poh\u00e1\u0148a\u0165 stroje, ovl\u00e1da\u0165 \u0165a\u017ek\u00e9 bremen\u00e1 alebo vykon\u00e1va\u0165 presn\u00e9 pohyby, nov\u00fd model dvoj\u010dinn\u00e9ho hydraulick\u00e9ho piestov\u00e9ho valca s mal\u00fdm objemom je tou najlep\u0161ou vo\u013ebou. D\u00f4verujte jeho v\u00fdnimo\u010dn\u00e9mu v\u00fdkonu a odolnosti, ktor\u00e9 s \u013eahkos\u0165ou splnia va\u0161e hydraulick\u00e9 potreby.<\/p>\n<p>Vyberte si nov\u00fd model dvoj\u010dinn\u00e9ho mal\u00e9ho hydraulick\u00e9ho piestov\u00e9ho valca a za\u017eite silu hydraulickej technol\u00f3gie v jej najlep\u0161ej forme. Vylep\u0161ite svoje vybavenie a odomknite nov\u00e9 mo\u017enosti s t\u00fdmto inovat\u00edvnym produktom. Predstavujeme nov\u00fd model dvoj\u010dinn\u00e9ho mal\u00e9ho hydraulick\u00e9ho piestov\u00e9ho valca, z\u00e1zrak modern\u00e9ho stroj\u00e1rskeho in\u017einierstva. Tento produkt je vyroben\u00fd s pou\u017eit\u00edm inovat\u00edvnej technol\u00f3gie a vynikaj\u00facich materi\u00e1lov, aby poskytol optim\u00e1lny v\u00fdkon a odolnos\u0165. Tento hydraulick\u00fd piestov\u00fd valec je ide\u00e1lny pre opravovne strojov, farmy, energetick\u00fd a \u0165a\u017eobn\u00fd priemysel a tov\u00e1rne na v\u00fdrobu strojov a je nevyhnutnos\u0165ou pre va\u0161e n\u00e1ro\u010dn\u00e9 \u00falohy.<\/p>\n<p><img decoding=\"async\" title=\"Hydraulick\u00fd valec snehov\u00e9ho pluhu\" src=\"https:\/\/hzpt.com\/wp-content\/uploads\/2023\/11\/Snow-Plow-Hydraulic-Cylinder-2.webp\" alt=\"Hydraulick\u00fd valec snehov\u00e9ho pluhu\" \/><\/p>\n<h2>Zv\u00fdraznen\u00e9 funkcie<\/h2>\n<p>Hydraulick\u00fd piestov\u00fd valec sa dod\u00e1va s ro\u010dnou z\u00e1rukou, \u010do na\u0161im z\u00e1kazn\u00edkom zaru\u010duje pokoj v du\u0161i. M\u00e1 \u0161tandardn\u00fa kon\u0161trukciu a je poh\u00e1\u0148an\u00fd hydraulickou energiou. Materi\u00e1l tela je pevn\u00e1 oce\u013e, ktor\u00e1 odol\u00e1 extr\u00e9mnym podmienkam. S maxim\u00e1lnym \u0165ahom 3000 a maxim\u00e1lnym \u0165ahom 20 ton je tento stroj skuto\u010dne v\u00fdkonn\u00fd. Ide o typ hydraulick\u00e9ho valca na sne\u017en\u00fd pluh s portami G\/SAE\/NPT\/M. M\u00e1 certifik\u00e1ciu ISO9001:2000, ktor\u00e1 zaru\u010duje jeho kvalitu a spo\u013eahlivos\u0165.<\/p>\n<p><img decoding=\"async\" title=\"Hydraulick\u00fd valec snehov\u00e9ho pluhu\" src=\"https:\/\/hzpt.com\/wp-content\/uploads\/2023\/11\/Snow-Plow-Hydraulic-Cylinder-3.webp\" alt=\"Hydraulick\u00fd valec snehov\u00e9ho pluhu\" \/><\/p>\n<h3>\u010eal\u0161ie \u0161pecifik\u00e1cie<\/h3>\n<ul>\n<li>Ve\u013ekos\u0165 otvoru: 2-6 palcov<\/li>\n<li>Ve\u013ekos\u0165 ty\u010de: 1,125-4 palce<\/li>\n<li>Ve\u013ekos\u0165 zdvihu: 4-100 palcov<\/li>\n<li>Ve\u013ekos\u0165 \u010dapu: 0,5-2 palce<\/li>\n<li>Farba: \u010cierna<\/li>\n<\/ul>\n<p><img decoding=\"async\" src=\"https:\/\/hzpt.com\/wp-content\/uploads\/2023\/11\/Snow-Plow-Hydraulic-Cylinder-4Factory.webp\" alt=\"Obr\u00e1zok z v\u00fdroby\" title=\"\"><\/p>\n<h2>V\u00fdhody nastavite\u013en\u00fdch valcov s vidlicov\u00fdm uchyten\u00edm<\/h2>\n<p>Nastavite\u013en\u00e9 valce s vidlicov\u00fdm uchyten\u00edm s\u00fa ob\u013e\u00fabenou vo\u013ebou pre mnoho priemyseln\u00fdch a stavebn\u00fdch aplik\u00e1ci\u00ed. Tieto valce poskytuj\u00fa oproti in\u00fdm typom valcov nieko\u013eko v\u00fdhod. V tomto \u010dl\u00e1nku sa budeme venova\u0165 niektor\u00fdm v\u00fdhod\u00e1m nastavite\u013en\u00fdch valcov s vidlicov\u00fdm uchyten\u00edm, vr\u00e1tane ich odolnosti, v\u0161estrannosti a \u00fa\u010dinnosti.<\/p>\n<h3>Trvanlivos\u0165<\/h3>\n<p>Jednou z hlavn\u00fdch v\u00fdhod nastavite\u013en\u00fdch valcov s vidlicov\u00fdm uchyten\u00edm je ich odolnos\u0165. Tieto valce s\u00fa navrhnut\u00e9 tak, aby odolali vysok\u00e9mu za\u0165a\u017eeniu a extr\u00e9mnym prev\u00e1dzkov\u00fdm podmienkam. Pou\u017eitie vysokokvalitn\u00fdch materi\u00e1lov, ako s\u00fa oce\u013e a hlin\u00edkov\u00e9 zliatiny, zaru\u010duje, \u017ee tieto valce odol\u00e1vaj\u00fa opotrebovaniu pri ka\u017edodennom pou\u017e\u00edvan\u00ed.<\/p>\n<p>Okrem toho s\u00fa nastavite\u013en\u00e9 valce s vidlicov\u00fdm z\u00e1vitom navrhnut\u00e9 tak, aby odol\u00e1vali kor\u00f3zii a in\u00fdm typom po\u0161kodenia, ktor\u00e9 m\u00f4\u017ee vznikn\u00fa\u0165 v d\u00f4sledku vystavenia drsn\u00e9mu prostrediu. V\u010faka tomu s\u00fa ide\u00e1lnou vo\u013ebou pre vonkaj\u0161ie pou\u017eitie, kde m\u00f4\u017eu by\u0165 valce vystaven\u00e9 vlhkosti, soli a in\u00fdm koroz\u00edvnym l\u00e1tkam.<\/p>\n<h3>V\u0161estrannos\u0165<\/h3>\n<p>\u010eal\u0161ou v\u00fdhodou nastavite\u013en\u00fdch valcov s vidlicov\u00fdm uz\u00e1verom je ich v\u0161estrannos\u0165. Tieto valce sa daj\u00fa pou\u017ei\u0165 v \u0161irokej \u0161k\u00e1le aplik\u00e1ci\u00ed vr\u00e1tane po\u013enohospod\u00e1rstva, stavebn\u00edctva, ban\u00edctva a v\u00fdroby. Daj\u00fa sa prisp\u00f4sobi\u0165 r\u00f4znym typom strojov a zariaden\u00ed, v\u010faka \u010domu s\u00fa ve\u013emi v\u0161estrannou vo\u013ebou.<\/p>\n<p>Nastavite\u013en\u00e1 vidlicov\u00e1 kon\u0161trukcia t\u00fdchto valcov umo\u017e\u0148uje jednoduch\u00fa in\u0161tal\u00e1ciu a nastavenie, v\u010faka \u010domu s\u00fa pohodlnou vo\u013ebou pre mnoho aplik\u00e1ci\u00ed. Okrem toho, mo\u017enos\u0165 nastavenia d\u013a\u017eky valca umo\u017e\u0148uje v\u00e4\u010d\u0161iu flexibilitu pri n\u00e1vrhu a prev\u00e1dzke zariadenia.<\/p>\n<h3>Efekt\u00edvnos\u0165<\/h3>\n<p>Nastavite\u013en\u00e9 valce s vidlicov\u00fdm uchyten\u00edm s\u00fa tie\u017e vysoko \u00fa\u010dinn\u00e9. Pou\u017eitie pokro\u010dil\u00fdch hydraulick\u00fdch syst\u00e9mov, ako napr\u00edklad nov\u00fd model dvoj\u010dinn\u00e9ho hydraulick\u00e9ho piestov\u00e9ho valca s mal\u00fdm uchyten\u00edm, zais\u0165uje, \u017ee tieto valce m\u00f4\u017eu pracova\u0165 s maxim\u00e1lnou \u00fa\u010dinnos\u0165ou.<\/p>\n<p>Dvoj\u010dinn\u00e1 kon\u0161trukcia t\u00fdchto valcov umo\u017e\u0148uje lep\u0161iu kontrolu nad pohybom zariadenia, \u010do vedie k plynulej\u0161iemu a presnej\u0161iemu chodu. Okrem toho, nastavite\u013en\u00e1 vidlicov\u00e1 kon\u0161trukcia t\u00fdchto valcov umo\u017e\u0148uje lep\u0161iu kontrolu nad r\u00fdchlos\u0165ou zariadenia, \u010do vedie k vy\u0161\u0161ej \u00fa\u010dinnosti a produktivite.<\/p>\n<p>Z\u00e1verom mo\u017eno poveda\u0165, \u017ee nastavite\u013en\u00e9 valce s vidlicov\u00fdm uz\u00e1verom pon\u00fakaj\u00fa oproti in\u00fdm typom valcov nieko\u013eko v\u00fdhod. V\u010faka svojej odolnosti, v\u0161estrannosti a \u00fa\u010dinnosti s\u00fa ide\u00e1lnou vo\u013ebou pre mnoh\u00e9 priemyseln\u00e9 a stavebn\u00e9 aplik\u00e1cie. V\u010faka pokro\u010dil\u00fdm hydraulick\u00fdm syst\u00e9mom a inovat\u00edvnym dizajnom bud\u00fa tieto valce ur\u010dite aj na\u010falej zohr\u00e1va\u0165 d\u00f4le\u017eit\u00fa \u00falohu pri prev\u00e1dzke strojov a zariaden\u00ed e\u0161te mnoho rokov.<\/p>\n<h3>O FMP<\/h3>\n<p>FMP je popredn\u00e1 spolo\u010dnos\u0165 \u0161pecializuj\u00faca sa na v\u00fdrobu a predaj hydraulick\u00fdch valcov. So s\u00eddlom v Taliansku pon\u00fakame z\u00e1kazn\u00edkom \u0161irok\u00fa \u0161k\u00e1lu vysoko kvalitn\u00fdch a spo\u013eahliv\u00fdch rie\u0161en\u00ed v oblasti hydraulick\u00fdch valcov, ktor\u00e9 s\u00fa podporen\u00e9 na\u0161imi rozsiahlymi sk\u00fasenos\u0165ami v odvetv\u00ed a profesion\u00e1lnym t\u00edmom.<\/p>\n<p><strong>1. Rozmanit\u00fd sortiment produktov:<\/strong> N\u00e1\u0161 sortiment zah\u0155\u0148a r\u00f4zne hydraulick\u00e9 valce ur\u010den\u00e9 pre r\u00f4zne aplik\u00e1cie, \u010d\u00edm zabezpe\u010dujeme, \u017ee dok\u00e1\u017eeme splni\u0165 \u0161pecifick\u00e9 potreby na\u0161ich z\u00e1kazn\u00edkov.<\/p>\n<p><strong>2. Vynikaj\u00faca kvalita:<\/strong> V spolo\u010dnosti FMP kladieme d\u00f4raz na kvalitu a zabezpe\u010dujeme, aby v\u0161etky na\u0161e hydraulick\u00e9 valce sp\u013a\u0148ali pr\u00edsne normy kvality. Vybudovali sme si dlhodob\u00e9 a stabiln\u00e9 vz\u0165ahy s vysokokvalitn\u00fdmi dod\u00e1vate\u013emi, dom\u00e1cimi aj medzin\u00e1rodn\u00fdmi, aby sme zaru\u010dili excelentnos\u0165 na\u0161ich produktov.<\/p>\n<p><strong>3. Odborn\u00fd obchodn\u00fd t\u00edm:<\/strong> N\u00e1\u0161 sk\u00fasen\u00fd a kvalifikovan\u00fd obchodn\u00fd t\u00edm m\u00e1 hlbok\u00e9 znalosti o odvetv\u00ed stavebn\u00fdch strojov. Sleduje najnov\u0161ie trendy a rozumie potreb\u00e1m z\u00e1kazn\u00edkov, \u010do im umo\u017e\u0148uje poskytova\u0165 profesion\u00e1lne poradenstvo oh\u013eadom produktov a inteligentn\u00e9 n\u00e1vrhy na n\u00e1kup.<\/p>\n<p><strong>4. Efekt\u00edvna logistick\u00e1 distrib\u00facia:<\/strong> Zaviedli sme efekt\u00edvny logistick\u00fd distribu\u010dn\u00fd syst\u00e9m, aby sme zabezpe\u010dili v\u010dasn\u00e9 a presn\u00e9 dodanie po\u017eadovan\u00fdch hydraulick\u00fdch valcov na\u0161im z\u00e1kazn\u00edkom, \u010d\u00edm sa skr\u00e1tia prestoje a zv\u00fd\u0161i produktivita.<\/p>\n<p><strong>5. Z\u00e1v\u00e4zok k spokojnosti z\u00e1kazn\u00edkov:<\/strong> V spolo\u010dnosti FMP kladieme d\u00f4raz na spokojnos\u0165 z\u00e1kazn\u00edkov. Sna\u017e\u00edme sa budova\u0165 dlhodob\u00e9 vz\u0165ahy s na\u0161imi klientmi dod\u00e1van\u00edm v\u00fdnimo\u010dn\u00fdch produktov a poskytovan\u00edm vynikaj\u00facej popredajnej podpory.<\/p>\n<p><img decoding=\"async\" src=\"https:\/\/fmp-components.com\/wp-content\/uploads\/2024\/12\/Adjustable-Clevis-Type-Cylinders-6.webp\" alt=\"Nastavite\u013en\u00fd valec typu Clevis\" width=\"815\" title=\"\"><\/p>\n<h2>\u010casto kladen\u00e9 ot\u00e1zky<\/h2>\n<ol>\n<li style=\"list-style-type: none;\">\n<ol>\n<li>Ot\u00e1zka: Ste obchodn\u00e1 spolo\u010dnos\u0165 alebo v\u00fdrobca? Odpove\u010f: Sme tov\u00e1re\u0148.<\/li>\n<li>Ot\u00e1zka: Ak\u00e1 je va\u0161a dodacia lehota? Odpove\u010f: Vo v\u0161eobecnosti je to 25-35 dn\u00ed.<\/li>\n<li>Ot\u00e1zka: Poskytujete vzorky? S\u00fa bezplatn\u00e9 alebo za pr\u00edplatok? Odpove\u010f: \u00c1no, mohli by sme pon\u00faknu\u0165 vzorku, ale nie je zadarmo.<\/li>\n<\/ol>\n<\/li>\n<\/ol>\n<p>Autor: CX<\/p>","protected":false},"excerpt":{"rendered":"<p>New Model Double Acting Small Hydraulic Piston Cylinder Introducing the New Model Double Acting Small Hydraulic Piston Cylinder: The New Model Double Acting Small Hydraulic Piston Cylinder is a revolutionary product designed to provide efficient and reliable hydraulic power. With its compact size and exceptional performance, this cylinder is perfect for a wide range of [&hellip;]<\/p>","protected":false},"featured_media":1475,"comment_status":"closed","ping_status":"closed","template":"","meta":{"_et_pb_use_builder":"","_et_pb_old_content":"","_et_gb_content_width":""},"product_brand":[],"product_cat":[42],"product_tag":[34,44],"class_list":{"0":"post-1474","1":"product","2":"type-product","3":"status-publish","4":"has-post-thumbnail","6":"product_cat-snow-plow-hydraulic-cylinder","7":"product_tag-hydraulic-cylinder","8":"product_tag-snow-plow-hydraulic-cylinder","10":"first","11":"instock","12":"product-type-simple"},"_links":{"self":[{"href":"https:\/\/fmp-components.com\/sk\/wp-json\/wp\/v2\/product\/1474","targetHints":{"allow":["GET"]}}],"collection":[{"href":"https:\/\/fmp-components.com\/sk\/wp-json\/wp\/v2\/product"}],"about":[{"href":"https:\/\/fmp-components.com\/sk\/wp-json\/wp\/v2\/types\/product"}],"replies":[{"embeddable":true,"href":"https:\/\/fmp-components.com\/sk\/wp-json\/wp\/v2\/comments?post=1474"}],"wp:featuredmedia":[{"embeddable":true,"href":"https:\/\/fmp-components.com\/sk\/wp-json\/wp\/v2\/media\/1475"}],"wp:attachment":[{"href":"https:\/\/fmp-components.com\/sk\/wp-json\/wp\/v2\/media?parent=1474"}],"wp:term":[{"taxonomy":"product_brand","embeddable":true,"href":"https:\/\/fmp-components.com\/sk\/wp-json\/wp\/v2\/product_brand?post=1474"},{"taxonomy":"product_cat","embeddable":true,"href":"https:\/\/fmp-components.com\/sk\/wp-json\/wp\/v2\/product_cat?post=1474"},{"taxonomy":"product_tag","embeddable":true,"href":"https:\/\/fmp-components.com\/sk\/wp-json\/wp\/v2\/product_tag?post=1474"}],"curies":[{"name":"pracovn\u00fd list","href":"https:\/\/api.w.org\/{rel}","templated":true}]}}