{"id":1472,"date":"2024-12-23T05:49:26","date_gmt":"2024-12-23T05:49:26","guid":{"rendered":"https:\/\/fmp-components.com\/product\/quality-assurance-small-welded-snow-plow-hydraulic-cylinder\/"},"modified":"2024-12-23T06:44:32","modified_gmt":"2024-12-23T06:44:32","slug":"quality-assurance-small-welded-snow-plow-hydraulic-cylinder","status":"publish","type":"product","link":"https:\/\/fmp-components.com\/sk\/product\/quality-assurance-small-welded-snow-plow-hydraulic-cylinder\/","title":{"rendered":"Zabezpe\u010denie kvality Mal\u00fd zv\u00e1ran\u00fd hydraulick\u00fd valec na odh\u0155\u0148anie snehu"},"content":{"rendered":"<h2>Zabezpe\u010denie kvality Mal\u00fd zv\u00e1ran\u00fd hydraulick\u00fd valec na odh\u0155\u0148anie snehu<\/h2>\n<p>Mal\u00fd zv\u00e1ran\u00fd hydraulick\u00fd valec pre snehov\u00fd pluh so zabezpe\u010den\u00edm kvality je vysoko v\u00fdkonn\u00fd produkt ur\u010den\u00fd pre efekt\u00edvne odh\u0155\u0148anie snehu. V\u010faka kompaktn\u00fdm rozmerom a zv\u00e1ranej kon\u0161trukcii pon\u00faka tento hydraulick\u00fd valec odolnos\u0165 a spo\u013eahlivos\u0165 v n\u00e1ro\u010dn\u00fdch prostrediach.<\/p>\n<p>Tento valec, vybaven\u00fd pokro\u010dil\u00fdmi technol\u00f3giami zabezpe\u010denia kvality, prech\u00e1dza pr\u00edsnym testovan\u00edm, aby sa zabezpe\u010dilo, \u017ee jeho v\u00fdkon sp\u013a\u0148a najvy\u0161\u0161ie \u0161tandardy. V\u010faka mal\u00fdm rozmerom je vhodn\u00fd pre r\u00f4zne aplik\u00e1cie sne\u017en\u00fdch pluhov a poskytuje vynikaj\u00facu kontrolu a presnos\u0165.<\/p>\n<p>Hydraulick\u00fd syst\u00e9m tohto valca umo\u017e\u0148uje plynul\u00fa a efekt\u00edvnu prev\u00e1dzku, \u010do umo\u017e\u0148uje jednoduch\u00fa man\u00e9vrovate\u013enos\u0165 a zv\u00fd\u0161en\u00fa produktivitu. Jeho robustn\u00e1 kon\u0161trukcia zais\u0165uje dlhotrvaj\u00faci v\u00fdkon aj v n\u00e1ro\u010dn\u00fdch poveternostn\u00fdch podmienkach.<\/p>\n<p><img decoding=\"async\" title=\"Hydraulick\u00fd valec snehov\u00e9ho pluhu\" src=\"https:\/\/hzpt.com\/wp-content\/uploads\/2023\/11\/Snow-Plow-Hydraulic-Cylinder-3.webp\" alt=\"Hydraulick\u00fd valec snehov\u00e9ho pluhu\" \/><\/p>\n<p>V\u010faka svojej vynikaj\u00facej kvalite a spo\u013eahliv\u00e9mu v\u00fdkonu je mal\u00fd zv\u00e1ran\u00fd hydraulick\u00fd valec pre snehov\u00fd pluh s certifik\u00e1tom Quality Assurance ide\u00e1lnou vo\u013ebou pre profesion\u00e1lov v odvetv\u00ed odh\u0155\u0148ania snehu. Pon\u00faka vynikaj\u00faci pomer ceny a kvality a poskytuje spo\u013eahliv\u00e9 rie\u0161enie pre v\u0161etky va\u0161e potreby odh\u0155\u0148ania snehu.<\/p>\n<h2>Predstavujeme n\u00e1\u0161 mal\u00fd zv\u00e1ran\u00fd hydraulick\u00fd valec na snehov\u00fd pluh so zabezpe\u010den\u00edm kvality<\/h2>\n<p>N\u00e1\u0161 \u00faplne nov\u00fd hydraulick\u00fd valec na odh\u0155\u0148anie snehu je \u0161tandardn\u00fd piestov\u00fd valec navrhnut\u00fd \u0161peci\u00e1lne pre n\u00e1ro\u010dn\u00e9 aplik\u00e1cie odh\u0155\u0148ania snehu. Je vyroben\u00fd z pevnej ocele, v\u010faka \u010domu je robustn\u00fd a vysoko \u00fa\u010dinn\u00fd.<\/p>\n<h2>Vlastnosti a \u0161pecifik\u00e1cie produktu<\/h2>\n<p>N\u00e1\u0161 hydraulick\u00fd valec na odh\u0155\u0148anie snehu sa dod\u00e1va s ro\u010dnou z\u00e1rukou a v\u00e1\u017ei iba 5 kilogramov, v\u010faka \u010domu sa \u013eahko in\u0161taluje a prev\u00e1dzkuje. Je ide\u00e1lny pre r\u00f4zne odvetvia vr\u00e1tane opravovn\u00ed strojov, fariem, energetiky, bansk\u00e9ho sektora, v\u00fdroby strojov a stroj\u00e1rskych z\u00e1vodov. Hlavn\u00fdmi komponentmi tohto hydraulick\u00e9ho valca s\u00fa lo\u017eisko a hydraulick\u00fd valec. Materi\u00e1l tela je pevn\u00e1 oce\u013e, \u010do zais\u0165uje dlhodob\u00fd v\u00fdkon a odolnos\u0165.<\/p>\n<ul>\n<li>Maxim\u00e1lny \u0165ah: 3000<\/li>\n<li>Maxim\u00e1lny \u0165ah: 20 ton<\/li>\n<li>Ve\u013ekos\u0165 otvoru: 2-6 palcov<\/li>\n<li>Ve\u013ekos\u0165 ty\u010de: 1,125-4 palce<\/li>\n<li>Ve\u013ekos\u0165 zdvihu: 4-100 palcov<\/li>\n<li>Ve\u013ekos\u0165 \u010dapu: 0,5-2 palce<\/li>\n<li>Farba: \u010cierna<\/li>\n<\/ul>\n<h2>\u00dadr\u017eba a starostlivos\u0165<\/h2>\n<p>Pre zaistenie optim\u00e1lneho v\u00fdkonu a dlhej \u017eivotnosti je nevyhnutn\u00e1 spr\u00e1vna \u00fadr\u017eba a starostlivos\u0165 o v\u00e1\u0161 hydraulick\u00fd valec. Pravideln\u00e1 kontrola, \u010distenie a mazanie m\u00f4\u017eu v\u00fdrazne pred\u013a\u017ei\u0165 \u017eivotnos\u0165 produktu a udr\u017ea\u0165 ho v najlep\u0161ej forme.<\/p>\n<h2>Scen\u00e1re aplik\u00e1ci\u00ed<\/h2>\n<p>Hydraulick\u00fd valec na odh\u0155\u0148anie snehu sa \u0161iroko pou\u017e\u00edva v r\u00f4znych odvetviach vr\u00e1tane opravovn\u00ed strojov, fariem, energetiky a ban\u00edctva, v\u00fdroby strojov a stroj\u00e1rskych z\u00e1vodov. Jeho kompaktn\u00e1 ve\u013ekos\u0165, v\u00fdkon a odolnos\u0165 z neho robia ide\u00e1lnu vo\u013ebu pre n\u00e1ro\u010dn\u00e9 odh\u0155\u0148anie snehu.<\/p>\n<p><img decoding=\"async\" title=\"Hydraulick\u00fd valec snehov\u00e9ho pluhu\" src=\"https:\/\/hzpt.com\/wp-content\/uploads\/2023\/11\/Snow-Plow-Hydraulic-Cylinder-1.webp\" alt=\"Hydraulick\u00fd valec snehov\u00e9ho pluhu\" \/><\/p>\n<h2>V\u00fdhody nastavite\u013en\u00fdch valcov s vidlicov\u00fdm uchyten\u00edm<\/h2>\n<p>Nastavite\u013en\u00e9 valce s vidlicov\u00fdm uchyten\u00edm pon\u00fakaj\u00fa oproti tradi\u010dn\u00fdm hydraulick\u00fdm valcom nieko\u013eko v\u00fdhod. Tieto inovat\u00edvne valce s\u00fa navrhnut\u00e9 s presnos\u0165ou a obsahuj\u00fa pokro\u010dil\u00e9 funkcie, ktor\u00e9 zvy\u0161uj\u00fa ich v\u00fdkon a v\u0161estrannos\u0165. V tomto \u010dl\u00e1nku podrobne presk\u00famame v\u00fdhody nastavite\u013en\u00fdch valcov s vidlicov\u00fdm uchyten\u00edm.<\/p>\n<h3>Zv\u00fd\u0161en\u00e1 flexibilita<\/h3>\n<p>Jednou z k\u013e\u00fa\u010dov\u00fdch v\u00fdhod nastavite\u013en\u00fdch valcov s vidlicov\u00fdm uchyten\u00edm je ich zv\u00fd\u0161en\u00e1 flexibilita. Tieto valce s\u00fa navrhnut\u00e9 tak, aby poskytovali nastavite\u013en\u00e9 mo\u017enosti mont\u00e1\u017ee, \u010do umo\u017e\u0148uje jednoduch\u00e9 prisp\u00f4sobenie a adapt\u00e1ciu na r\u00f4zne aplik\u00e1cie. Funkcia nastavite\u013en\u00e9ho uchytenia umo\u017e\u0148uje mont\u00e1\u017e valca v r\u00f4znych uhloch, \u010do poskytuje v\u00e4\u010d\u0161iu flexibilitu pri in\u0161tal\u00e1cii a prev\u00e1dzke. T\u00e1to v\u0161estrannos\u0165 umo\u017e\u0148uje pou\u017eitie valca v \u0161irokej \u0161k\u00e1le odvetv\u00ed, ako je po\u013enohospod\u00e1rstvo, stavebn\u00edctvo a v\u00fdroba.<\/p>\n<h3>Zv\u00fd\u0161en\u00e1 \u00fa\u010dinnos\u0165<\/h3>\n<p>Nastavite\u013en\u00e9 valce s vidlicov\u00fdm uchyten\u00edm s\u00fa navrhnut\u00e9 tak, aby poskytovali vy\u0161\u0161iu \u00fa\u010dinnos\u0165 v porovnan\u00ed s konven\u010dn\u00fdmi valcami. Pou\u017eitie pokro\u010dilej hydraulickej technol\u00f3gie zais\u0165uje efekt\u00edvny prenos v\u00fdkonu, \u010do vedie k zv\u00fd\u0161enej produktivite a zn\u00ed\u017eenej spotrebe energie. Tieto valce s\u00fa navrhnut\u00e9 tak, aby poskytovali presn\u00fa kontrolu nad pohybom a silou, \u010do umo\u017e\u0148uje obsluhe dosiahnu\u0165 optim\u00e1lny v\u00fdkon v r\u00f4znych aplik\u00e1ci\u00e1ch. Kon\u0161trukcia nastavite\u013en\u00e9ho vidlicov\u00e9ho uchytenia tie\u017e pom\u00e1ha minimalizova\u0165 opotrebenie, predl\u017euje \u017eivotnos\u0165 valca a zni\u017euje n\u00e1klady na \u00fadr\u017ebu.<\/p>\n<h3>Zv\u00fd\u0161en\u00e1 odolnos\u0165<\/h3>\n<p>Zabezpe\u010denie kvality je k\u013e\u00fa\u010dov\u00fdm faktorom pri v\u00fdrobe nastavite\u013en\u00fdch valcov s vidlicov\u00fdm uchyten\u00edm. Tieto valce s\u00fa vyroben\u00e9 tak, aby odolali n\u00e1ro\u010dn\u00fdm prev\u00e1dzkov\u00fdm podmienkam a poskytovali dlhotrvaj\u00faci v\u00fdkon. Pou\u017eitie vysokokvalitn\u00fdch materi\u00e1lov, ako je kalen\u00e1 oce\u013e a odoln\u00e9 tesnenia, zais\u0165uje, \u017ee valce odol\u00e1vaj\u00fa vysok\u00fdm za\u0165a\u017eeniam, extr\u00e9mnym teplot\u00e1m a drsn\u00e9mu prostrediu. Okrem toho s\u00fa mal\u00e9 zv\u00e1ran\u00e9 hydraulick\u00e9 valce na odh\u0155\u0148anie snehu navrhnut\u00e9 tak, aby odol\u00e1vali kor\u00f3zii, v\u010faka \u010domu s\u00fa ide\u00e1lne pre vonkaj\u0161ie pou\u017eitie, kde je be\u017en\u00e9 vystavenie vlhkosti a in\u00fdm environment\u00e1lnym faktorom.<\/p>\n<h3>Zv\u00fd\u0161en\u00e1 bezpe\u010dnos\u0165<\/h3>\n<p>Nastavite\u013en\u00e9 valce s vidlicov\u00fdm uz\u00e1verom klad\u00fa pri svojej kon\u0161trukcii d\u00f4raz na bezpe\u010dnos\u0165. Tieto valce s\u00fa vybaven\u00e9 pokro\u010dil\u00fdmi bezpe\u010dnostn\u00fdmi prvkami, ako s\u00fa pretlakov\u00e9 ventily a syst\u00e9my ochrany proti pre\u0165a\u017eeniu, aby sa predi\u0161lo nehod\u00e1m a po\u0161kodeniu zariaden\u00ed. Nastavite\u013en\u00e9 mo\u017enosti mont\u00e1\u017ee tie\u017e umo\u017e\u0148uj\u00fa presn\u00e9 polohovanie, \u010d\u00edm sa zni\u017euje riziko nespr\u00e1vneho zarovnania alebo nespr\u00e1vnej in\u0161tal\u00e1cie. Okrem toho valce prech\u00e1dzaj\u00fa pr\u00edsnymi testami a opatreniami kontroly kvality, aby sa zabezpe\u010dilo, \u017ee sp\u013a\u0148aj\u00fa priemyseln\u00e9 normy a predpisy, \u010do poskytuje obsluhe pokoj.<\/p>\n<h3>V\u0161estrann\u00e9 aplik\u00e1cie<\/h3>\n<p>V\u010faka mo\u017enostiam nastavite\u013enej mont\u00e1\u017ee a pokro\u010dil\u00fdm funkci\u00e1m nach\u00e1dzaj\u00fa nastavite\u013en\u00e9 valce s vidlicov\u00fdm uchyten\u00edm uplatnenie v r\u00f4znych odvetviach. Tieto valce sa be\u017ene pou\u017e\u00edvaj\u00fa v po\u013enohospod\u00e1rskych strojoch na \u00falohy, ako je zdv\u00edhanie a nakl\u00e1\u0148anie \u0165a\u017ek\u00fdch bremien. Pou\u017e\u00edvaj\u00fa sa aj v stavebn\u00fdch strojoch na \u00falohy, ako s\u00fa zemn\u00e9 pr\u00e1ce a manipul\u00e1cia s materi\u00e1lom. Okrem toho sa nastavite\u013en\u00e9 valce s vidlicov\u00fdm uchyten\u00edm pou\u017e\u00edvaj\u00fa vo v\u00fdrobn\u00fdch procesoch, ktor\u00e9 vy\u017eaduj\u00fa presn\u00fa kontrolu nad silou a pohybom. V\u0161estrannos\u0165 t\u00fdchto valcov z nich rob\u00ed cenn\u00fd pr\u00ednos v mnoh\u00fdch aplik\u00e1ci\u00e1ch, \u010d\u00edm zvy\u0161uje produktivitu a efektivitu.<\/p>\n<p>Z\u00e1verom mo\u017eno poveda\u0165, \u017ee nastavite\u013en\u00e9 valce s vidlicov\u00fdm uchyten\u00edm pon\u00fakaj\u00fa mno\u017estvo v\u00fdhod, v\u010faka ktor\u00fdm s\u00fa preferovanou vo\u013ebou v r\u00f4znych odvetviach. Ich zv\u00fd\u0161en\u00e1 flexibilita, vylep\u0161en\u00e1 \u00fa\u010dinnos\u0165, odolnos\u0165, bezpe\u010dnostn\u00e9 prvky a v\u0161estrann\u00e9 pou\u017eitie ich odli\u0161uj\u00fa od konven\u010dn\u00fdch hydraulick\u00fdch valcov. Pou\u017eitie pokro\u010dil\u00fdch technol\u00f3gi\u00ed a opatren\u00ed na zabezpe\u010denie kvality zais\u0165uje spo\u013eahliv\u00fd v\u00fdkon a dlh\u00fa \u017eivotnos\u0165 t\u00fdchto valcov. Celkovo s\u00fa nastavite\u013en\u00e9 valce s vidlicov\u00fdm uchyten\u00edm cenn\u00fdm doplnkom ka\u017ed\u00e9ho hydraulick\u00e9ho syst\u00e9mu a poskytuj\u00fa optim\u00e1lny v\u00fdkon a prisp\u00f4sobivos\u0165.<\/p>\n<h3>O hydraulickom valci FMP<\/h3>\n<p>FMP je d\u00f4veryhodn\u00e1 spolo\u010dnos\u0165, ktor\u00e1 sa \u0161pecializuje na predaj a servis dielov a kompletn\u00fdch strojov pre stavebn\u00e9 stroje. Na\u0161e hydraulick\u00e9 valce s\u00fa navrhnut\u00e9 a vyroben\u00e9 tak, aby sp\u013a\u0148ali vysok\u00e9 po\u017eiadavky stavebn\u00e9ho priemyslu. Pon\u00fakame \u0161irok\u00fd sortiment produktov, ktor\u00fd zah\u0155\u0148a r\u00f4zne typy hydraulick\u00fdch valcov, ako s\u00fa nastavite\u013en\u00e9 valce s vidlicov\u00fdm uchyten\u00edm, zv\u00e1ran\u00e9 valce, teleskopick\u00e9 valce a mnoho \u010fal\u0161\u00edch.<\/p>\n<p>Tu je nieko\u013eko d\u00f4vodov, pre\u010do by ste si mali vybra\u0165 hydraulick\u00fd valec FMP:<\/p>\n<ol>\n<li><strong>Vysokokvalitn\u00e9 komponenty:<\/strong> Na\u0161e hydraulick\u00e9 valce s\u00fa vyroben\u00e9 z prvotriednych komponentov, ktor\u00e9 sp\u013a\u0148aj\u00fa pr\u00edsne normy kvality. Materi\u00e1ly z\u00edskavame od spo\u013eahliv\u00fdch dod\u00e1vate\u013eov doma aj v zahrani\u010d\u00ed, aby sme zabezpe\u010dili najvy\u0161\u0161iu kvalitu na\u0161ich v\u00fdrobkov.<\/li>\n<li><strong>Spo\u013eahliv\u00fd v\u00fdkon:<\/strong> Pou\u017e\u00edvame pokro\u010dil\u00e9 v\u00fdrobn\u00e9 techniky a technol\u00f3gie, aby sme zabezpe\u010dili spo\u013eahliv\u00fd v\u00fdkon na\u0161ich hydraulick\u00fdch valcov aj v t\u00fdch najn\u00e1ro\u010dnej\u0161\u00edch prostrediach.<\/li>\n<li><strong>Prisp\u00f4sobenie:<\/strong> Pon\u00fakame slu\u017eby prisp\u00f4sobenia, aby sme splnili \u0161pecifick\u00e9 potreby na\u0161ich z\u00e1kazn\u00edkov. N\u00e1\u0161 t\u00edm sk\u00fasen\u00fdch in\u017einierov dok\u00e1\u017ee navrhn\u00fa\u0165 a vyrobi\u0165 hydraulick\u00e9 valce, ktor\u00e9 presne sp\u013a\u0148aj\u00fa va\u0161e po\u017eiadavky.<\/li>\n<li><strong>Konkuren\u010dn\u00e9 ceny:<\/strong> Na\u0161e produkty pon\u00fakame za konkurencieschopn\u00e9 ceny bez kompromisov v kvalite. Na\u0161\u00edm cie\u013eom je poskytova\u0165 na\u0161im z\u00e1kazn\u00edkom cenovo v\u00fdhodn\u00e9 rie\u0161enia.<\/li>\n<li><strong>Vynikaj\u00faci z\u00e1kazn\u00edcky servis:<\/strong> N\u00e1\u0161 obchodn\u00fd t\u00edm m\u00e1 znalosti a sk\u00fasenosti v odvetv\u00ed stavebn\u00fdch strojov. M\u00f4\u017ee poskytn\u00fa\u0165 profesion\u00e1lne poradenstvo oh\u013eadom produktov a inteligentn\u00e9 n\u00e1vrhy na n\u00e1kup. M\u00e1me tie\u017e efekt\u00edvny logistick\u00fd distribu\u010dn\u00fd syst\u00e9m, ktor\u00fd zabezpe\u010duje, \u017ee z\u00e1kazn\u00edci dostan\u00fa po\u017eadovan\u00e9 diely v\u010das a presne.<\/li>\n<\/ol>\n<p>Kontaktujte n\u00e1s a dozviete sa viac o na\u0161ich hydraulick\u00fdch valcoch a o tom, ako v\u00e1m m\u00f4\u017eeme pom\u00f4c\u0165 s va\u0161imi potrebami v oblasti stavebn\u00fdch strojov.<\/p>\n<p><img decoding=\"async\" src=\"https:\/\/fmp-components.com\/wp-content\/uploads\/2024\/12\/Adjustable-Clevis-Type-Cylinders-6.webp\" alt=\"Nastavite\u013en\u00fd valec typu Clevis\" width=\"814\" title=\"\"><\/p>\n<p>Autor: CX<\/p>","protected":false},"excerpt":{"rendered":"<p>Quality Assurance Small Welded Snow Plow Hydraulic Cylinder The Quality Assurance Small Welded Snow Plow Hydraulic Cylinder is a high-performance product designed for efficient snow plowing operations. With its compact size and welded construction, this hydraulic cylinder offers durability and reliability in demanding environments. Equipped with advanced quality assurance technologies, this cylinder undergoes rigorous testing [&hellip;]<\/p>","protected":false},"featured_media":1473,"comment_status":"closed","ping_status":"closed","template":"","meta":{"_et_pb_use_builder":"","_et_pb_old_content":"","_et_gb_content_width":""},"product_brand":[],"product_cat":[42],"product_tag":[34,44],"class_list":{"0":"post-1472","1":"product","2":"type-product","3":"status-publish","4":"has-post-thumbnail","6":"product_cat-snow-plow-hydraulic-cylinder","7":"product_tag-hydraulic-cylinder","8":"product_tag-snow-plow-hydraulic-cylinder","10":"first","11":"instock","12":"product-type-simple"},"_links":{"self":[{"href":"https:\/\/fmp-components.com\/sk\/wp-json\/wp\/v2\/product\/1472","targetHints":{"allow":["GET"]}}],"collection":[{"href":"https:\/\/fmp-components.com\/sk\/wp-json\/wp\/v2\/product"}],"about":[{"href":"https:\/\/fmp-components.com\/sk\/wp-json\/wp\/v2\/types\/product"}],"replies":[{"embeddable":true,"href":"https:\/\/fmp-components.com\/sk\/wp-json\/wp\/v2\/comments?post=1472"}],"wp:featuredmedia":[{"embeddable":true,"href":"https:\/\/fmp-components.com\/sk\/wp-json\/wp\/v2\/media\/1473"}],"wp:attachment":[{"href":"https:\/\/fmp-components.com\/sk\/wp-json\/wp\/v2\/media?parent=1472"}],"wp:term":[{"taxonomy":"product_brand","embeddable":true,"href":"https:\/\/fmp-components.com\/sk\/wp-json\/wp\/v2\/product_brand?post=1472"},{"taxonomy":"product_cat","embeddable":true,"href":"https:\/\/fmp-components.com\/sk\/wp-json\/wp\/v2\/product_cat?post=1472"},{"taxonomy":"product_tag","embeddable":true,"href":"https:\/\/fmp-components.com\/sk\/wp-json\/wp\/v2\/product_tag?post=1472"}],"curies":[{"name":"pracovn\u00fd list","href":"https:\/\/api.w.org\/{rel}","templated":true}]}}