{"id":1470,"date":"2024-12-23T05:49:26","date_gmt":"2024-12-23T05:49:26","guid":{"rendered":"https:\/\/fmp-components.com\/product\/china-supplier-mini-piston-hydraulic-cylinder-double-acting\/"},"modified":"2025-03-18T02:10:05","modified_gmt":"2025-03-18T02:10:05","slug":"italy-supplier-mini-piston-hydraulic-cylinder-double-acting","status":"publish","type":"product","link":"https:\/\/fmp-components.com\/sk\/product\/italy-supplier-mini-piston-hydraulic-cylinder-double-acting\/","title":{"rendered":"Taliansky dod\u00e1vate\u013e mini piestov\u00e9ho hydraulick\u00e9ho valca s dvoj\u010dinn\u00fdm \u00fa\u010dinkom"},"content":{"rendered":"<h2>Taliansky dod\u00e1vate\u013e mini piestov\u00e9ho hydraulick\u00e9ho valca s dvoj\u010dinn\u00fdm \u00fa\u010dinkom<\/h2>\n<p>Taliansky dod\u00e1vate\u013e mini piestov\u00e9ho hydraulick\u00e9ho valca s dvoj\u010dinn\u00fdm \u00fa\u010dinkom je vysoko kvalitn\u00fd hydraulick\u00fd valec, ktor\u00fd m\u00e1 kompaktn\u00e9 rozmery a pon\u00faka spo\u013eahliv\u00fd v\u00fdkon. Tento produkt je navrhnut\u00fd a vyroben\u00fd popredn\u00fdm dod\u00e1vate\u013eom v Taliansku, zn\u00e1mym svojimi odborn\u00fdmi znalos\u0165ami vo v\u00fdrobe hydraulick\u00fdch zariaden\u00ed.<\/p>\n<p>Dvoj\u010dinn\u00fd mini piestov\u00fd hydraulick\u00fd valec je vysoko v\u0161estrann\u00fd a mo\u017eno ho pou\u017ei\u0165 v r\u00f4znych aplik\u00e1ci\u00e1ch, ako s\u00fa priemyseln\u00e9 stroje, stavebn\u00e9 zariadenia a po\u013enohospod\u00e1rske stroje. Jeho dvoj\u010dinn\u00e1 kon\u0161trukcia umo\u017e\u0148uje efekt\u00edvnu prev\u00e1dzku pri vys\u00favan\u00ed aj zas\u00favan\u00ed, \u010d\u00edm sa zvy\u0161uje produktivita a v\u00fdkon.<\/p>\n<p>Tento hydraulick\u00fd valec je vyroben\u00fd z vysoko kvalitn\u00fdch materi\u00e1lov, \u010do zaru\u010duje odolnos\u0165 a dlh\u00fa \u017eivotnos\u0165. Je navrhnut\u00fd tak, aby odolal vysok\u00fdm za\u0165a\u017eeniam a drsn\u00fdm pracovn\u00fdm podmienkam, v\u010faka \u010domu je vhodn\u00fd do n\u00e1ro\u010dn\u00fdch prostred\u00ed. Piest je presne navrhnut\u00fd tak, aby zabezpe\u010doval plynul\u00fd a spo\u013eahliv\u00fd chod, \u010d\u00edm sa zni\u017euje trenie a opotrebenie.<\/p>\n<p><img decoding=\"async\" title=\"Hydraulick\u00fd valec snehov\u00e9ho pluhu\" src=\"https:\/\/hzpt.com\/wp-content\/uploads\/2023\/11\/Snow-Plow-Hydraulic-Cylinder-3.webp\" alt=\"Hydraulick\u00fd valec snehov\u00e9ho pluhu\" \/><\/p>\n<p>Hydraulick\u00fd valec s mini piestom a dvoj\u010dinn\u00fdm pohonom od talianskeho dod\u00e1vate\u013ea sa \u013eahko in\u0161taluje a udr\u017eiava. Je vybaven\u00fd vysoko kvalitn\u00fdmi tesneniami, ktor\u00e9 zabra\u0148uj\u00fa \u00fanikom a udr\u017eiavaj\u00fa optim\u00e1lny v\u00fdkon. Okrem toho je kompatibiln\u00fd s r\u00f4znymi hydraulick\u00fdmi syst\u00e9mami, v\u010faka \u010domu je v\u0161estrannou vo\u013ebou pre r\u00f4zne odvetvia.<\/p>\n<p>V\u010faka kompaktn\u00fdm rozmerom pon\u00faka tento hydraulick\u00fd valec flexibilitu pri in\u0161tal\u00e1cii, a to aj v stiesnen\u00fdch priestoroch. Poskytuje vynikaj\u00facu d\u013a\u017eku zdvihu, \u010do umo\u017e\u0148uje presn\u00e9 ovl\u00e1danie a efekt\u00edvnu prev\u00e1dzku. Dvoj\u010dinn\u00fd minipiestov\u00fd hydraulick\u00fd valec je navrhnut\u00fd tak, aby poskytoval konzistentn\u00fa a presn\u00fa silu, \u010d\u00edm sa zvy\u0161uje celkov\u00fd v\u00fdkon stroja, v ktorom je nain\u0161talovan\u00fd.<\/p>\n<p>Z\u00e1verom mo\u017eno poveda\u0165, \u017ee dvoj\u010dinn\u00fd mini piestov\u00fd hydraulick\u00fd valec od talianskeho dod\u00e1vate\u013ea je spo\u013eahliv\u00fd a vysoko v\u00fdkonn\u00fd hydraulick\u00fd valec, ktor\u00fd pon\u00faka v\u0161estrannos\u0165, odolnos\u0165 a \u00fa\u010dinnos\u0165. V\u010faka kompaktn\u00fdm rozmerom a dvoj\u010dinn\u00e9mu dizajnu je vhodn\u00fd pre \u0161irok\u00fa \u0161k\u00e1lu aplik\u00e1ci\u00ed v r\u00f4znych odvetviach. Vyberte si tento produkt pre zv\u00fd\u0161en\u00fa produktivitu a spo\u013eahliv\u00fa prev\u00e1dzku. Objavte nov\u00fd \u0161tandard \u00fa\u010dinnosti a v\u00fdkonu s dvoj\u010dinn\u00fdm mini piestov\u00fdm hydraulick\u00fdm valcom od na\u0161ich renomovan\u00fdch talianskych dod\u00e1vate\u013eov. S ro\u010dnou z\u00e1rukou a \u0161irokou \u0161k\u00e1lou pou\u017eite\u013en\u00fdch odvetv\u00ed je tento produkt istou invest\u00edciou do kvality a v\u00fdkonu.<\/p>\n<h2>Vlastnosti produktu<\/h2>\n<p>N\u00e1\u0161 mini piestov\u00fd hydraulick\u00fd valec je dvoj\u010dinn\u00fd, \u0161tandardn\u00fd piestov\u00fd valec navrhnut\u00fd pre vysok\u00fd v\u00fdkon. V\u010faka robustn\u00e9mu oce\u013eov\u00e9mu telu dok\u00e1\u017ee vytvori\u0165 maxim\u00e1lny \u0165ah 3000 a maxim\u00e1lny \u0165ah 20 ton. Je nielen v\u00fdkonn\u00fd, ale aj v\u0161estrann\u00fd, a preto sa perfektne hod\u00ed k hydraulick\u00fdm valcom sne\u017en\u00fdch pluhov.<\/p>\n<h3>\u0160pecifik\u00e1cie<\/h3>\n<ul>\n<li>Hmotnos\u0165 (KG): 5,4<\/li>\n<li>Maxim\u00e1lny \u0165ah: 3000<\/li>\n<li>Typ: Hydraulick\u00e9 valce pre odh\u0155\u0148a\u010d snehu<\/li>\n<li>Porty: G\/SAE\/NPT\/M<\/li>\n<li>Maxim\u00e1lny \u0165ah: 20 ton<\/li>\n<li>Ve\u013ekos\u0165 otvoru: 2-6 palcov<\/li>\n<li>Ve\u013ekos\u0165 ty\u010de: 1,125-4 palce<\/li>\n<li>Ve\u013ekos\u0165 zdvihu: 4-100 palcov<\/li>\n<li>Ve\u013ekos\u0165 \u010dapu: 0,5-2 palce<\/li>\n<li>Farba: \u010cierna<\/li>\n<\/ul>\n<p><img decoding=\"async\" src=\"https:\/\/hzpt.com\/wp-content\/uploads\/2023\/11\/Snow-Plow-Hydraulic-Cylinder-4Factory.webp\" alt=\"Tov\u00e1re\u0148 na prenos energie Ever-Power\" title=\"\"><\/p>\n<h2>V\u00fdhody nastavite\u013en\u00fdch valcov s vidlicov\u00fdm uchyten\u00edm<\/h2>\n<p>Nastavite\u013en\u00e9 valce s vidlicovou mont\u00e1\u017eou pon\u00fakaj\u00fa v hydraulick\u00fdch syst\u00e9moch r\u00f4zne v\u00fdhody. Tieto valce, zn\u00e1me aj ako hydraulick\u00e9 valce s vidlicovou mont\u00e1\u017eou, sa v\u010faka svojej v\u0161estrannosti a v\u00fdkonu \u0161iroko pou\u017e\u00edvaj\u00fa v priemyseln\u00fdch aplik\u00e1ci\u00e1ch. V tomto \u010dl\u00e1nku presk\u00famame v\u00fdhody pou\u017e\u00edvania nastavite\u013en\u00fdch valcov s vidlicovou mont\u00e1\u017eou a pre\u010do s\u00fa vynikaj\u00facou vo\u013ebou pre hydraulick\u00e9 syst\u00e9my.<\/p>\n<p>1. Zv\u00fd\u0161en\u00e1 flexibilita a prisp\u00f4sobivos\u0165:<br \/>\nNastavite\u013en\u00e9 valce s vidlicov\u00fdm uchyten\u00edm umo\u017e\u0148uj\u00fa jednoduch\u00e9 nastavenie mont\u00e1\u017enej polohy, \u010do umo\u017e\u0148uje v\u00e4\u010d\u0161iu flexibilitu pri n\u00e1vrhu hydraulick\u00e9ho syst\u00e9mu. T\u00e1to prisp\u00f4sobivos\u0165 je k\u013e\u00fa\u010dov\u00e1 pri rie\u0161en\u00ed r\u00f4znych uhlov in\u0161tal\u00e1cie alebo ke\u010f priestorov\u00e9 obmedzenia vy\u017eaduj\u00fa presn\u00e9 polohovanie. Nastavite\u013en\u00e9 uchytenie vidlicov\u00fdm uchyten\u00edm pon\u00faka \u0161irok\u00fd rozsah nastaven\u00ed, \u010d\u00edm sa zabezpe\u010d\u00ed optim\u00e1lne zarovnanie valca pre efekt\u00edvnu prev\u00e1dzku.<\/p>\n<p>Okrem toho, mo\u017enos\u0165 nastavenia uchytenia vidlice umo\u017e\u0148uje prisp\u00f4sobi\u0165 sa zmen\u00e1m v po\u017eiadavk\u00e1ch na za\u0165a\u017eenie alebo \u00faprav\u00e1m syst\u00e9mu, \u010d\u00edm sa zabr\u00e1ni potrebe \u00faplnej v\u00fdmeny valcov. T\u00e1to flexibilita \u0161etr\u00ed \u010das, \u00fasilie a n\u00e1klady spojen\u00e9 s rekonfigur\u00e1ciou syst\u00e9mu.<\/p>\n<p>2. Vynikaj\u00faca nosnos\u0165:<br \/>\nNastavite\u013en\u00e9 valce s vidlicov\u00fdm uchyten\u00edm s\u00fa navrhnut\u00e9 tak, aby efekt\u00edvne zvl\u00e1dali \u0165a\u017ek\u00e9 bremen\u00e1. Vidlicov\u00e9 uchytenie poskytuje pevn\u00fd spojovac\u00ed bod medzi piestnou ty\u010dou a bremenom, \u010d\u00edm sa zabezpe\u010duje spo\u013eahliv\u00e1 nosnos\u0165. V\u010faka tejto vlastnosti s\u00fa vhodn\u00e9 pre aplik\u00e1cie, ktor\u00e9 zah\u0155\u0148aj\u00fa zdv\u00edhanie, tla\u010denie alebo \u0165ahanie \u0165a\u017ek\u00fdch predmetov.<\/p>\n<p>Robustn\u00e1 kon\u0161trukcia a prec\u00edzne spracovanie t\u00fdchto valcov zabezpe\u010duj\u00fa ich schopnos\u0165 odol\u00e1va\u0165 vysok\u00fdm tlakom a \u0165a\u017ek\u00fdm za\u0165a\u017eeniam bez kompromisov vo v\u00fdkone. T\u00e1to spo\u013eahlivos\u0165 je nevyhnutn\u00e1 pre priemyseln\u00e9 prev\u00e1dzky, kde s\u00fa bezpe\u010dnos\u0165 a produktivita prvorad\u00e9.<\/p>\n<p>3. Mo\u017enosti zv\u00fd\u0161enej d\u013a\u017eky zdvihu:<br \/>\nD\u013a\u017eka zdvihu sa vz\u0165ahuje na vzdialenos\u0165, ktor\u00fa m\u00f4\u017ee piestna ty\u010d prejs\u0165 vo valci. Nastavite\u013en\u00e9 valce s vidlicov\u00fdm uchyten\u00edm pon\u00fakaj\u00fa \u0161irok\u00fa \u0161k\u00e1lu mo\u017enost\u00ed d\u013a\u017eky zdvihu, \u010do umo\u017e\u0148uje presn\u00e9 ovl\u00e1danie a prisp\u00f4sobenie hydraulick\u00e9ho syst\u00e9mu. Mo\u017enos\u0165 v\u00fdberu najvhodnej\u0161ej d\u013a\u017eky zdvihu zais\u0165uje optim\u00e1lny v\u00fdkon pre konkr\u00e9tne aplik\u00e1cie.<\/p>\n<p>Dlh\u0161ie d\u013a\u017eky zdvihu m\u00f4\u017eu by\u0165 v\u00fdhodn\u00e9 v situ\u00e1ci\u00e1ch, kde je potrebn\u00fd v\u00e4\u010d\u0161\u00ed rozsah pohybu, zatia\u013e \u010do krat\u0161ie d\u013a\u017eky zdvihu s\u00fa vhodn\u00e9 pre aplik\u00e1cie, ktor\u00e9 vy\u017eaduj\u00fa presnej\u0161ie a kontrolovanej\u0161ie pohyby. Nastavite\u013en\u00e9 uchytenie vidlice umo\u017e\u0148uje jednoduch\u00fd v\u00fdber a nastavenie po\u017eadovanej d\u013a\u017eky zdvihu, \u010d\u00edm sa zvy\u0161uje v\u0161estrannos\u0165 valca.<\/p>\n<p>4. Trvanlivos\u0165 a dlh\u00e1 \u017eivotnos\u0165:<br \/>\nNastavite\u013en\u00e9 valce s vidlicov\u00fdm z\u00e1vitom s\u00fa vyroben\u00e9 z vysoko kvalitn\u00fdch materi\u00e1lov a prech\u00e1dzaj\u00fa pr\u00edsnymi testami, aby sa zabezpe\u010dila odolnos\u0165 a dlh\u00e1 \u017eivotnos\u0165. Pou\u017eitie robustn\u00fdch materi\u00e1lov, ako je vysokopevnostn\u00e1 oce\u013e, v kombin\u00e1cii s pokro\u010dil\u00fdmi v\u00fdrobn\u00fdmi technikami vedie k valcom, ktor\u00e9 odol\u00e1vaj\u00fa n\u00e1ro\u010dn\u00fdm prev\u00e1dzkov\u00fdm podmienkam.<\/p>\n<p>Tieto valce s\u00fa navrhnut\u00e9 tak, aby odol\u00e1vali kor\u00f3zii, oderu a opotrebovaniu, \u010do zaru\u010duje, \u017ee vydr\u017eia n\u00e1roky n\u00e1ro\u010dn\u00fdch priemyseln\u00fdch aplik\u00e1ci\u00ed. Pri spr\u00e1vnej \u00fadr\u017ebe maj\u00fa nastavite\u013en\u00e9 valce s vidlicov\u00fdm uchyten\u00edm dlh\u00fa \u017eivotnos\u0165, \u010d\u00edm sa minimalizuj\u00fa prestoje a n\u00e1klady na v\u00fdmenu.<\/p>\n<p>Z\u00e1verom mo\u017eno poveda\u0165, \u017ee nastavite\u013en\u00e9 valce s vidlicov\u00fdm uchyten\u00edm pon\u00fakaj\u00fa v hydraulick\u00fdch syst\u00e9moch nieko\u013eko v\u00fdhod. Ich flexibilita, nosnos\u0165, mo\u017enosti d\u013a\u017eky zdvihu a odolnos\u0165 z nich robia spo\u013eahliv\u00fa vo\u013ebu pre r\u00f4zne priemyseln\u00e9 aplik\u00e1cie. Pou\u017eit\u00edm nastavite\u013en\u00fdch valcov s vidlicov\u00fdm uchyten\u00edm m\u00f4\u017eu hydraulick\u00e9 syst\u00e9my dosiahnu\u0165 optim\u00e1lny v\u00fdkon, \u00fa\u010dinnos\u0165 a dlh\u00fa \u017eivotnos\u0165.<\/p>\n<h3>O FMP<\/h3>\n<p>FMP je spolo\u010dnos\u0165, ktor\u00e1 sa \u0161pecializuje na v\u00fdrobu a predaj hydraulick\u00fdch valcov. V\u010faka na\u0161im dlhoro\u010dn\u00fdm sk\u00fasenostiam v odbore a profesion\u00e1lnemu t\u00edmu sa venujeme poskytovaniu vysoko kvalitn\u00fdch a spo\u013eahliv\u00fdch hydraulick\u00fdch valcov pre stavebn\u00e9 stroje na\u0161im z\u00e1kazn\u00edkom.<\/p>\n<p><img decoding=\"async\" src=\"https:\/\/fmp-components.com\/wp-content\/uploads\/2024\/12\/Adjustable-Clevis-Type-Cylinders-6.webp\" alt=\"Nastavite\u013en\u00fd valec typu Clevis\" width=\"813\" title=\"\"><\/p>\n<p>Tu je p\u00e4\u0165 k\u013e\u00fa\u010dov\u00fdch v\u00fdhod na\u0161ich produktov a spolo\u010dnosti:<\/p>\n<ol>\n<li>\u0160irok\u00fd sortiment produktov: Pon\u00fakame \u0161irok\u00fd sortiment hydraulick\u00fdch valcov pre r\u00f4zne typy stavebn\u00fdch strojov vr\u00e1tane prevodoviek po\u013enohospod\u00e1rskych strojov, plan\u00e9tov\u00fdch prevodoviek, priemyseln\u00fdch prevodoviek a dielov pre po\u013enohospod\u00e1rske stroje. To umo\u017e\u0148uje na\u0161im z\u00e1kazn\u00edkom n\u00e1js\u0165 si perfektn\u00fd hydraulick\u00fd valec, ktor\u00fd vyhovuje ich \u0161pecifick\u00fdm potreb\u00e1m.<\/li>\n<li>Pr\u00edsne \u0161tandardy kvality: Nadviazan\u00edm dlhodob\u00fdch a stabiln\u00fdch partnerstiev s vysokokvalitn\u00fdmi dod\u00e1vate\u013emi doma aj v zahrani\u010d\u00ed zabezpe\u010dujeme, aby v\u0161etky na\u0161e dod\u00e1van\u00e9 hydraulick\u00e9 valce sp\u013a\u0148ali pr\u00edsne \u0161tandardy kvality. To zaru\u010duje odolnos\u0165, v\u00fdkon a spo\u013eahlivos\u0165 na\u0161ich produktov.<\/li>\n<li>Sk\u00fasen\u00fd obchodn\u00fd t\u00edm: N\u00e1\u0161 sk\u00fasen\u00fd obchodn\u00fd t\u00edm m\u00e1 bohat\u00e9 znalosti o v\u00fdvojov\u00fdch trendoch a potreb\u00e1ch z\u00e1kazn\u00edkov v odvetv\u00ed stavebn\u00fdch strojov. Poskytuje profesion\u00e1lne poradenstvo oh\u013eadom produktov a pon\u00faka inteligentn\u00e9 n\u00e1vrhy na n\u00e1kup prisp\u00f4soben\u00e9 po\u017eiadavk\u00e1m ka\u017ed\u00e9ho z\u00e1kazn\u00edka.<\/li>\n<li>Efekt\u00edvna logistick\u00e1 distrib\u00facia: Zaviedli sme efekt\u00edvny logistick\u00fd distribu\u010dn\u00fd syst\u00e9m, aby sme zabezpe\u010dili, \u017ee na\u0161i z\u00e1kazn\u00edci dostan\u00fa potrebn\u00e9 hydraulick\u00e9 valce v\u010das a presne. To minimalizuje ak\u00e9ko\u013evek oneskorenia alebo preru\u0161enia v ich stavebn\u00fdch projektoch.<\/li>\n<li>Spokojnos\u0165 z\u00e1kazn\u00edkov: V spolo\u010dnosti FMP kladieme d\u00f4raz na spokojnos\u0165 z\u00e1kazn\u00edkov. Sna\u017e\u00edme sa poskytova\u0165 vynikaj\u00face slu\u017eby z\u00e1kazn\u00edkom t\u00fdm, \u017ee pon\u00fakame spo\u013eahliv\u00e9 produkty, r\u00fdchlu pomoc a efekt\u00edvne rie\u0161enia ak\u00fdchko\u013evek ot\u00e1zok alebo ob\u00e1v, ktor\u00e9 na\u0161i z\u00e1kazn\u00edci m\u00f4\u017eu ma\u0165.<\/li>\n<\/ol>\n<p>Partnerstvo so spolo\u010dnos\u0165ou FMP znamen\u00e1 pr\u00edstup k vysokokvalitn\u00fdm hydraulick\u00fdm valcom a d\u00f4veryhodn\u00e9mu partnerovi v odvetv\u00ed stavebn\u00fdch strojov. Kontaktujte n\u00e1s e\u0161te dnes a preberte s nami svoje potreby t\u00fdkaj\u00face sa hydraulick\u00fdch valcov a vysk\u00fa\u0161ajte v\u00fdhody spolupr\u00e1ce so spolo\u010dnos\u0165ou FMP.<\/p>\n<p>Autor: CX<\/p>","protected":false},"excerpt":{"rendered":"<p>Italy Supplier Mini Piston Hydraulic Cylinder Double Acting Italy Supplier Mini Piston Hydraulic Cylinder Double Acting is a high-quality hydraulic cylinder that is compact in size and offers reliable performance. This product is designed and manufactured by a leading supplier in Italy, known for its expertise in producing hydraulic equipment. The Mini Piston Hydraulic Cylinder [&hellip;]<\/p>","protected":false},"featured_media":1471,"comment_status":"closed","ping_status":"closed","template":"","meta":{"_et_pb_use_builder":"","_et_pb_old_content":"","_et_gb_content_width":""},"product_brand":[],"product_cat":[42],"product_tag":[34,44],"class_list":{"0":"post-1470","1":"product","2":"type-product","3":"status-publish","4":"has-post-thumbnail","6":"product_cat-snow-plow-hydraulic-cylinder","7":"product_tag-hydraulic-cylinder","8":"product_tag-snow-plow-hydraulic-cylinder","10":"first","11":"instock","12":"product-type-simple"},"_links":{"self":[{"href":"https:\/\/fmp-components.com\/sk\/wp-json\/wp\/v2\/product\/1470","targetHints":{"allow":["GET"]}}],"collection":[{"href":"https:\/\/fmp-components.com\/sk\/wp-json\/wp\/v2\/product"}],"about":[{"href":"https:\/\/fmp-components.com\/sk\/wp-json\/wp\/v2\/types\/product"}],"replies":[{"embeddable":true,"href":"https:\/\/fmp-components.com\/sk\/wp-json\/wp\/v2\/comments?post=1470"}],"wp:featuredmedia":[{"embeddable":true,"href":"https:\/\/fmp-components.com\/sk\/wp-json\/wp\/v2\/media\/1471"}],"wp:attachment":[{"href":"https:\/\/fmp-components.com\/sk\/wp-json\/wp\/v2\/media?parent=1470"}],"wp:term":[{"taxonomy":"product_brand","embeddable":true,"href":"https:\/\/fmp-components.com\/sk\/wp-json\/wp\/v2\/product_brand?post=1470"},{"taxonomy":"product_cat","embeddable":true,"href":"https:\/\/fmp-components.com\/sk\/wp-json\/wp\/v2\/product_cat?post=1470"},{"taxonomy":"product_tag","embeddable":true,"href":"https:\/\/fmp-components.com\/sk\/wp-json\/wp\/v2\/product_tag?post=1470"}],"curies":[{"name":"pracovn\u00fd list","href":"https:\/\/api.w.org\/{rel}","templated":true}]}}