{"id":1468,"date":"2024-12-23T05:49:26","date_gmt":"2024-12-23T05:49:26","guid":{"rendered":"https:\/\/fmp-components.com\/product\/new-arrival-small-stainless-steel-double-acting-hydraulic-cylinder\/"},"modified":"2024-12-23T06:36:32","modified_gmt":"2024-12-23T06:36:32","slug":"new-arrival-small-stainless-steel-double-acting-hydraulic-cylinder","status":"publish","type":"product","link":"https:\/\/fmp-components.com\/sk\/product\/new-arrival-small-stainless-steel-double-acting-hydraulic-cylinder\/","title":{"rendered":"Nov\u00fd mal\u00fd dvoj\u010dinn\u00fd hydraulick\u00fd valec z nehrdzavej\u00facej ocele"},"content":{"rendered":"<h2>Nov\u00fd mal\u00fd dvoj\u010dinn\u00fd hydraulick\u00fd valec z nehrdzavej\u00facej ocele<\/h2>\n<p>Predstavujeme nov\u00fd mal\u00fd dvoj\u010dinn\u00fd hydraulick\u00fd valec z nehrdzavej\u00facej ocele<\/p>\n<p>Mal\u00fd dvoj\u010dinn\u00fd hydraulick\u00fd valec z nehrdzavej\u00facej ocele je najnov\u0161\u00edm produktom v na\u0161om sortimente. Je navrhnut\u00fd tak, aby poskytoval vysok\u00fd v\u00fdkon a odolnos\u0165 v kompaktnom a \u013eahkom balen\u00ed.<\/p>\n<p>Tento hydraulick\u00fd valec je vyroben\u00fd z vysoko kvalitnej nehrdzavej\u00facej ocele, je odoln\u00fd vo\u010di kor\u00f3zii a odol\u00e1 vysok\u00e9mu tlaku a extr\u00e9mnym teplot\u00e1m. Je skon\u0161truovan\u00fd s dvoj\u010dinnou technol\u00f3giou, ktor\u00e1 umo\u017e\u0148uje plynul\u00fd a konzistentn\u00fd chod v oboch smeroch.<\/p>\n<p>Tento hydraulick\u00fd valec je vhodn\u00fd pre \u0161irok\u00fa \u0161k\u00e1lu aplik\u00e1ci\u00ed vr\u00e1tane priemyseln\u00fdch strojov, po\u013enohospod\u00e1rskych zariaden\u00ed a stavebn\u00fdch vozidiel. Jeho mal\u00e1 ve\u013ekos\u0165 a jednoduch\u00e1 in\u0161tal\u00e1cia ho robia ide\u00e1lnym na pou\u017eitie v stiesnen\u00fdch priestoroch a pre mobiln\u00e9 zariadenia.<\/p>\n<p>Okrem vynikaj\u00faceho v\u00fdkonu je mal\u00fd dvoj\u010dinn\u00fd hydraulick\u00fd valec z nehrdzavej\u00facej ocele navrhnut\u00fd aj pre jednoduch\u00fa \u00fadr\u017ebu a dlhodob\u00e9 pou\u017e\u00edvanie. Dod\u00e1va sa s ro\u010dnou z\u00e1rukou pre v\u00e4\u010d\u0161\u00ed pokoj v du\u0161i.<\/p>\n<p>Celkovo je mal\u00fd dvoj\u010dinn\u00fd hydraulick\u00fd valec z nehrdzavej\u00facej ocele spo\u013eahliv\u00fdm a efekt\u00edvnym rie\u0161en\u00edm pre ak\u00fdko\u013evek hydraulick\u00fd syst\u00e9m. Objednajte si ho e\u0161te dnes a presved\u010dte sa, ak\u00fd rozdiel m\u00f4\u017ee prinies\u0165 vo va\u0161u prev\u00e1dzku. Predstavujeme n\u00e1\u0161 najnov\u0161\u00ed produkt \u2013 mal\u00fd dvoj\u010dinn\u00fd hydraulick\u00fd valec z nehrdzavej\u00facej ocele. Tento novo uveden\u00fd produkt je ide\u00e1lny pre pou\u017eitie v opravovniach strojov, farm\u00e1ch, energetike a ban\u00edctve, v\u00fdrobe strojov a stroj\u00e1r\u0148ach.<\/p>\n<p><img decoding=\"async\" title=\"Hydraulick\u00fd valec snehov\u00e9ho pluhu\" src=\"https:\/\/hzpt.com\/wp-content\/uploads\/2023\/11\/Snow-Plow-Hydraulic-Cylinder-1.webp\" alt=\"Hydraulick\u00fd valec snehov\u00e9ho pluhu\" \/><\/p>\n<h2>Vlastnosti produktu<\/h2>\n<p>Produkt je navrhnut\u00fd s pou\u017eit\u00edm najmodernej\u0161ej technol\u00f3gie. Ide o \u0161tandardn\u00fd piestov\u00fd valec poh\u00e1\u0148an\u00fd hydraulick\u00fdm syst\u00e9mom. Materi\u00e1l tela je oce\u013e, v\u010faka \u010domu je odoln\u00fd a m\u00e1 dlh\u00fa \u017eivotnos\u0165. M\u00e1 maxim\u00e1lny \u0165ah 3000 a maxim\u00e1lny \u0165ah 20 ton, v\u010faka \u010domu je mimoriadne efekt\u00edvny.<\/p>\n<h3>Typ: Hydraulick\u00e9 valce pre odh\u0155\u0148a\u010d snehu<\/h3>\n<p>Tento hydraulick\u00fd valec je navrhnut\u00fd \u0161peci\u00e1lne pre snehov\u00e9 pluhy. Je to nov\u00fd produkt pre rok 2023 so z\u00e1rukou 1 rok na z\u00e1kladn\u00e9 komponenty. Medzi z\u00e1kladn\u00e9 komponenty patr\u00ed lo\u017eisko a samotn\u00fd hydraulick\u00fd valec.<\/p>\n<h3>Materi\u00e1l: G\/SAE\/NPT\/M<\/h3>\n<p>Otvory hydraulick\u00e9ho valca s\u00fa G\/SAE\/NPT\/M. Ve\u013ekos\u0165 otvoru sa pohybuje od 2 do 6 palcov, ve\u013ekos\u0165 ty\u010de od 1,125 do 4 palcov, ve\u013ekos\u0165 zdvihu od 4 do 100 palcov a ve\u013ekos\u0165 \u010dapu od 0,5 do 2 palcov. Tento produkt je certifikovan\u00fd pod\u013ea normy ISO9001:2000.<\/p>\n<p><img decoding=\"async\" title=\"Hydraulick\u00fd valec snehov\u00e9ho pluhu\" src=\"https:\/\/hzpt.com\/wp-content\/uploads\/2023\/11\/Snow-Plow-Hydraulic-Cylinder-3.webp\" alt=\"Hydraulick\u00fd valec snehov\u00e9ho pluhu\" \/><\/p>\n<h2>V\u00fdhody nastavite\u013en\u00fdch valcov s vidlicov\u00fdm uchyten\u00edm<\/h2>\n<p>Nastavite\u013en\u00e9 valce s vidlicov\u00fdm uz\u00e1verom, ako napr\u00edklad nov\u00fd mal\u00fd dvoj\u010dinn\u00fd hydraulick\u00fd valec z nehrdzavej\u00facej ocele, pon\u00fakaj\u00fa oproti in\u00fdm typom valcov mno\u017estvo v\u00fdhod. Ni\u017e\u0161ie s\u00fa uveden\u00e9 niektor\u00e9 z k\u013e\u00fa\u010dov\u00fdch v\u00fdhod:<\/p>\n<ul>\n<li><strong>Flexibilita pri mont\u00e1\u017ei:<\/strong> Nastavite\u013en\u00e9 valce s vidlicov\u00fdm uhlom pon\u00fakaj\u00fa ve\u013ek\u00fa flexibilitu pri mont\u00e1\u017ei. M\u00f4\u017eu by\u0165 namontovan\u00e9 v r\u00f4znych smeroch a uhloch, \u010do poskytuje v\u00e4\u010d\u0161iu v\u0161estrannos\u0165 v ich aplik\u00e1ci\u00e1ch. To je obzvl\u00e1\u0161\u0165 d\u00f4le\u017eit\u00e9 v aplik\u00e1ci\u00e1ch, kde je obmedzen\u00fd priestor a vy\u017eaduje sa \u0161pecifick\u00e1 mont\u00e1\u017ena konfigur\u00e1cia.<\/li>\n<li><strong>Zv\u00fd\u0161en\u00e1 stabilita:<\/strong> Nastavite\u013en\u00fd valec s vidlicov\u00fdm uchyten\u00edm poskytuje v porovnan\u00ed s in\u00fdmi typmi valcov zv\u00fd\u0161en\u00fa stabilitu. Je to v\u010faka tomu, \u017ee uchytenie vidlicov\u00fdm uchyten\u00edm je pevnej\u0161ie a tuh\u0161ie ako in\u00e9 typy uchytenia. T\u00e1to zv\u00fd\u0161en\u00e1 stabilita vedie k lep\u0161iemu v\u00fdkonu a dlh\u0161ej \u017eivotnosti valca.<\/li>\n<li><strong>Jednoduch\u00e1 \u00fadr\u017eba:<\/strong> Nastavite\u013en\u00e9 valce s vidlicov\u00fdm uz\u00e1verom s\u00fa navrhnut\u00e9 s oh\u013eadom na jednoduch\u00fa \u00fadr\u017ebu. Pon\u00fakaj\u00fa jednoduch\u00fd pr\u00edstup k piestu a tesneniam, \u010do umo\u017e\u0148uje r\u00fdchle a jednoduch\u00e9 postupy \u00fadr\u017eby. To skracuje prestoje a zvy\u0161uje produktivitu.<\/li>\n<li><strong>Prisp\u00f4sobite\u013en\u00e1 d\u013a\u017eka \u0165ahu:<\/strong> D\u013a\u017eku zdvihu nastavite\u013en\u00fdch valcov s vidlicov\u00fdm z\u00e1vitom je mo\u017en\u00e9 \u013eahko prisp\u00f4sobi\u0165 \u0161pecifick\u00fdm po\u017eiadavk\u00e1m aplik\u00e1cie. Toto prisp\u00f4sobenie zabezpe\u010duje, \u017ee valec je optimalizovan\u00fd pre zam\u00fd\u0161\u013ean\u00fa aplik\u00e1ciu a poskytuje najlep\u0161\u00ed mo\u017en\u00fd v\u00fdkon.<\/li>\n<li><strong>Zv\u00fd\u0161en\u00e1 \u00fa\u010dinnos\u0165:<\/strong> Pou\u017eitie nastavite\u013en\u00fdch valcov s vidlicov\u00fdm uchyten\u00edm m\u00f4\u017ee vies\u0165 k zv\u00fd\u0161eniu \u00fa\u010dinnosti v aplik\u00e1ci\u00e1ch. Je to v\u010faka tomu, \u017ee valec je mo\u017en\u00e9 optimalizova\u0165 pre konkr\u00e9tnu aplik\u00e1ciu, \u010do vedie k zlep\u0161eniu v\u00fdkonu a zn\u00ed\u017eeniu spotreby energie.<\/li>\n<li><strong>Zlep\u0161en\u00e1 bezpe\u010dnos\u0165:<\/strong> Nastavite\u013en\u00e9 valce s vidlicov\u00fdm uz\u00e1verom s\u00fa navrhnut\u00e9 s oh\u013eadom na bezpe\u010dnos\u0165. Pon\u00fakaj\u00fa vynikaj\u00facu kontrolu nad pohybom valca, \u010do umo\u017e\u0148uje presn\u00fa a bezpe\u010dn\u00fa prev\u00e1dzku. To je obzvl\u00e1\u0161\u0165 d\u00f4le\u017eit\u00e9 v aplik\u00e1ci\u00e1ch, kde je bezpe\u010dnos\u0165 najvy\u0161\u0161ou prioritou.<\/li>\n<\/ul>\n<p>Z\u00e1verom mo\u017eno poveda\u0165, \u017ee nastavite\u013en\u00e9 valce s vidlicov\u00fdm z\u00e1vitom, ako napr\u00edklad nov\u00fd mal\u00fd dvoj\u010dinn\u00fd hydraulick\u00fd valec z nehrdzavej\u00facej ocele, pon\u00fakaj\u00fa oproti in\u00fdm typom valcov \u0161irok\u00fa \u0161k\u00e1lu v\u00fdhod. Ich flexibilita pri mont\u00e1\u017ei, zv\u00fd\u0161en\u00e1 stabilita, jednoduch\u00e1 \u00fadr\u017eba, prisp\u00f4sobite\u013en\u00e1 d\u013a\u017eka zdvihu, zv\u00fd\u0161en\u00e1 \u00fa\u010dinnos\u0165 a lep\u0161ia bezpe\u010dnos\u0165 z nich robia vynikaj\u00facu vo\u013ebu pre r\u00f4zne aplik\u00e1cie.<\/p>\n<h3>O FMP<\/h3>\n<p>FMP je spolo\u010dnos\u0165, ktor\u00e1 sa \u0161pecializuje na v\u00fdrobu a predaj hydraulick\u00fdch valcov. V\u010faka na\u0161im rozsiahlym sk\u00fasenostiam v odvetv\u00ed a profesion\u00e1lnemu t\u00edmu poskytujeme z\u00e1kazn\u00edkom vysoko kvalitn\u00e9 a spo\u013eahliv\u00e9 hydraulick\u00e9 valce pre stavebn\u00e9 stroje.<\/p>\n<p>1. \u0160irok\u00fd sortiment produktov:<\/p>\n<p>N\u00e1\u0161 sortiment zah\u0155\u0148a r\u00f4zne hydraulick\u00e9 valce pre stavebn\u00e9 stroje. \u010ci u\u017e potrebujete jedno\u010dinn\u00e9 alebo dvoj\u010dinn\u00e9 valce, teleskopick\u00e9 valce alebo valce navrhnut\u00e9 na mieru, m\u00e1me perfektn\u00e9 rie\u0161enie, ktor\u00e9 spln\u00ed va\u0161e \u0161pecifick\u00e9 po\u017eiadavky.<\/p>\n<p>2. Komponenty najvy\u0161\u0161ej kvality:<\/p>\n<p>V\u0161etky na\u0161e hydraulick\u00e9 valce s\u00fa vyroben\u00e9 z najkvalitnej\u0161\u00edch komponentov. V na\u0161om v\u00fdrobnom procese kladieme d\u00f4raz na kvalitu, aby sme zabezpe\u010dili dlh\u00fa \u017eivotnos\u0165 a v\u00fdkonnos\u0165 na\u0161ich produktov.<\/p>\n<p>3. Odborn\u00e9 znalosti a konzult\u00e1cie:<\/p>\n<p>N\u00e1\u0161 sk\u00fasen\u00fd obchodn\u00fd t\u00edm m\u00e1 bohat\u00e9 znalosti o v\u00fdvojov\u00fdch trendoch a potreb\u00e1ch z\u00e1kazn\u00edkov v odvetv\u00ed stavebn\u00fdch strojov. Poskytne v\u00e1m odborn\u00e9 poradenstvo oh\u013eadom produktov a pom\u00f4\u017ee v\u00e1m vybra\u0165 si ten spr\u00e1vny hydraulick\u00fd valec pre va\u0161e stroje.<\/p>\n<p>4. Spo\u013eahliv\u00fd dod\u00e1vate\u013esk\u00fd re\u0165azec:<\/p>\n<p>V\u010faka budovaniu dlhodob\u00fdch a stabiln\u00fdch kooperat\u00edvnych vz\u0165ahov s vysokokvalitn\u00fdmi dod\u00e1vate\u013emi garantujeme, \u017ee v\u0161etky dod\u00e1van\u00e9 diely sp\u013a\u0148aj\u00fa pr\u00edsne normy kvality. To zais\u0165uje spo\u013eahlivos\u0165 a \u017eivotnos\u0165 na\u0161ich hydraulick\u00fdch valcov.<\/p>\n<p>5. Efekt\u00edvna logistika a v\u010dasn\u00e9 dodanie:<\/p>\n<p>M\u00e1me zaveden\u00fd efekt\u00edvny logistick\u00fd distribu\u010dn\u00fd syst\u00e9m, aby sme zabezpe\u010dili, \u017ee z\u00e1kazn\u00edci dostan\u00fa po\u017eadovan\u00e9 hydraulick\u00e9 valce v\u010das a presne. Ch\u00e1peme d\u00f4le\u017eitos\u0165 minimaliz\u00e1cie prestojov a sna\u017e\u00edme sa zabezpe\u010di\u0165 r\u00fdchle dodanie.<\/p>\n<p><img decoding=\"async\" src=\"https:\/\/fmp-components.com\/wp-content\/uploads\/2024\/12\/Adjustable-Clevis-Type-Cylinders-6.webp\" alt=\"Nastavite\u013en\u00fd valec typu Clevis\" width=\"812\" title=\"\"><\/p>\n<p>Autor: CX<\/p>","protected":false},"excerpt":{"rendered":"<p>New Arrival Small Stainless Steel Double Acting Hydraulic Cylinder Introducing the New Arrival Small Stainless Steel Double Acting Hydraulic Cylinder The Small Stainless Steel Double Acting Hydraulic Cylinder is the latest product to join our inventory. It is designed to provide high performance and durability in a compact and lightweight package. Made with high-quality stainless [&hellip;]<\/p>","protected":false},"featured_media":1469,"comment_status":"closed","ping_status":"closed","template":"","meta":{"_et_pb_use_builder":"","_et_pb_old_content":"","_et_gb_content_width":""},"product_brand":[],"product_cat":[42],"product_tag":[34,44],"class_list":{"0":"post-1468","1":"product","2":"type-product","3":"status-publish","4":"has-post-thumbnail","6":"product_cat-snow-plow-hydraulic-cylinder","7":"product_tag-hydraulic-cylinder","8":"product_tag-snow-plow-hydraulic-cylinder","10":"first","11":"instock","12":"product-type-simple"},"_links":{"self":[{"href":"https:\/\/fmp-components.com\/sk\/wp-json\/wp\/v2\/product\/1468","targetHints":{"allow":["GET"]}}],"collection":[{"href":"https:\/\/fmp-components.com\/sk\/wp-json\/wp\/v2\/product"}],"about":[{"href":"https:\/\/fmp-components.com\/sk\/wp-json\/wp\/v2\/types\/product"}],"replies":[{"embeddable":true,"href":"https:\/\/fmp-components.com\/sk\/wp-json\/wp\/v2\/comments?post=1468"}],"wp:featuredmedia":[{"embeddable":true,"href":"https:\/\/fmp-components.com\/sk\/wp-json\/wp\/v2\/media\/1469"}],"wp:attachment":[{"href":"https:\/\/fmp-components.com\/sk\/wp-json\/wp\/v2\/media?parent=1468"}],"wp:term":[{"taxonomy":"product_brand","embeddable":true,"href":"https:\/\/fmp-components.com\/sk\/wp-json\/wp\/v2\/product_brand?post=1468"},{"taxonomy":"product_cat","embeddable":true,"href":"https:\/\/fmp-components.com\/sk\/wp-json\/wp\/v2\/product_cat?post=1468"},{"taxonomy":"product_tag","embeddable":true,"href":"https:\/\/fmp-components.com\/sk\/wp-json\/wp\/v2\/product_tag?post=1468"}],"curies":[{"name":"pracovn\u00fd list","href":"https:\/\/api.w.org\/{rel}","templated":true}]}}