{"id":1464,"date":"2024-12-23T05:49:26","date_gmt":"2024-12-23T05:49:26","guid":{"rendered":"https:\/\/fmp-components.com\/product\/superior-quality-mini-two-way-hydraulic-piston-cylinder\/"},"modified":"2024-12-23T06:29:50","modified_gmt":"2024-12-23T06:29:50","slug":"superior-quality-mini-two-way-hydraulic-piston-cylinder","status":"publish","type":"product","link":"https:\/\/fmp-components.com\/sk\/product\/superior-quality-mini-two-way-hydraulic-piston-cylinder\/","title":{"rendered":"Vysokokvalitn\u00fd mini obojsmern\u00fd hydraulick\u00fd piestov\u00fd valec"},"content":{"rendered":"<p>Vysokokvalitn\u00fd mini obojsmern\u00fd hydraulick\u00fd piestov\u00fd valec Vysokokvalitn\u00fd mini obojsmern\u00fd hydraulick\u00fd piestov\u00fd valec je \u0161pi\u010dkov\u00fd produkt navrhnut\u00fd pre optim\u00e1lny v\u00fdkon a odolnos\u0165. Tento hydraulick\u00fd valec je vyroben\u00fd z vysoko kvalitn\u00fdch materi\u00e1lov a presn\u00e9ho in\u017einierstva, aby sa zabezpe\u010dila spo\u013eahliv\u00e1 a konzistentn\u00e1 prev\u00e1dzka aj v t\u00fdch najn\u00e1ro\u010dnej\u0161\u00edch aplik\u00e1ci\u00e1ch.<\/p>\n<p>Piestov\u00fd valec sa vyzna\u010duje kompaktn\u00fdm dizajnom, ktor\u00fd umo\u017e\u0148uje jednoduch\u00fa in\u0161tal\u00e1ciu a efekt\u00edvne vyu\u017eitie priestoru. Jeho obojsmern\u00fd chod poskytuje v\u00fdnimo\u010dn\u00fa kontrolu a presnos\u0165, v\u010faka \u010domu je ide\u00e1lny pre \u0161irok\u00fa \u0161k\u00e1lu priemyseln\u00fdch a komer\u010dn\u00fdch aplik\u00e1ci\u00ed.<\/p>\n<p>Okrem vynikaj\u00faceho v\u00fdkonu je mini obojsmern\u00fd hydraulick\u00fd piestov\u00fd valec najvy\u0161\u0161ej kvality navrhnut\u00fd aj s oh\u013eadom na bezpe\u010dnos\u0165. Jeho pokro\u010dil\u00e9 funkcie a robustn\u00e1 kon\u0161trukcia zabezpe\u010duj\u00fa, \u017ee odol\u00e1 aj t\u00fdm naj\u0165a\u017e\u0161\u00edm podmienkam a dlhodobo si udr\u017e\u00ed optim\u00e1lny v\u00fdkon.<\/p>\n<p>Celkovo pon\u00faka mini obojsmern\u00fd hydraulick\u00fd piestov\u00fd valec najvy\u0161\u0161ej kvality bezkonkuren\u010dn\u00fa hodnotu a v\u00fdkon pre ak\u00fako\u013evek aplik\u00e1ciu, ktor\u00e1 vy\u017eaduje spo\u013eahliv\u00fd a efekt\u00edvny hydraulick\u00fd v\u00fdkon. \u010ci u\u017e pracujete vo v\u00fdrobe, stavebn\u00edctve alebo v akomko\u013evek inom odvetv\u00ed, ktor\u00e9 vy\u017eaduje vysoko kvalitn\u00e9 hydraulick\u00e9 zariadenia, tento piestov\u00fd valec je pre v\u00e1s ide\u00e1lnou vo\u013ebou. Za\u017eite vynikaj\u00faci v\u00fdkon s na\u0161\u00edm nov\u00fdm mini obojsmern\u00fdm hydraulick\u00fdm piestov\u00fdm valcom. Tento \u0161pi\u010dkov\u00fd produkt pon\u00faka bezkonkuren\u010dn\u00fa kvalitu a je navrhnut\u00fd tak, aby sp\u013a\u0148al r\u00f4zne priemyseln\u00e9 po\u017eiadavky. N\u00e1\u0161 hydraulick\u00fd piestov\u00fd valec je navrhnut\u00fd tak, aby poskytoval spo\u013eahliv\u00fd servis a vynikaj\u00facu odolnos\u0165, v\u010faka \u010domu je nevyhnutnou s\u00fa\u010das\u0165ou pre opravovne strojov, farmy, energetick\u00fd a \u0165a\u017eobn\u00fd priemysel, v\u00fdrobu strojov a stroj\u00e1rne.<\/p>\n<h2>Vlastnosti produktu<\/h2>\n<h3>Vysok\u00e1 kvalita a odolnos\u0165<\/h3>\n<p>N\u00e1\u0161 hydraulick\u00fd piestov\u00fd valec je vyroben\u00fd z prvotriedneho oce\u013eov\u00e9ho materi\u00e1lu, ktor\u00fd zaru\u010duje dlh\u00fa \u017eivotnos\u0165 a robustn\u00fd v\u00fdkon. M\u00f4\u017ee sa pochv\u00e1li\u0165 maxim\u00e1lnou \u0165ahovou silou 3000 a 20 ton, v\u010faka \u010domu je efekt\u00edvnym a v\u00fdkonn\u00fdm n\u00e1strojom pre n\u00e1ro\u010dn\u00e9 oper\u00e1cie.<\/p>\n<h3>\u0160tandardn\u00e9 \u0161pecifik\u00e1cie<\/h3>\n<p>Produkt je navrhnut\u00fd so \u0161tandardn\u00fdmi \u0161pecifik\u00e1ciami, \u010do zais\u0165uje jednoduch\u00fa kompatibilitu s r\u00f4znymi aplik\u00e1ciami. Jeho priemer otvoru je od 2 do 6 palcov, priemer ty\u010de je od 1,125 do 4 palcov, zdvih je od 4 do 100 palcov a ve\u013ekos\u0165 \u010dapu je od 0,5 do 2 palcov. Produkt je dod\u00e1van\u00fd aj v elegantnej \u010diernej farbe, v\u010faka \u010domu je okrem vynikaj\u00facej funk\u010dnosti aj vizu\u00e1lne atrakt\u00edvny.<\/p>\n<h3>Zabezpe\u010denie kvality<\/h3>\n<p>N\u00e1\u0161 hydraulick\u00fd piestov\u00fd valec m\u00e1 certifik\u00e1t ISO9001:2000, \u010do zaru\u010duje jeho vynikaj\u00facu kvalitu a spo\u013eahlivos\u0165. Na produkt a jeho hlavn\u00e9 komponenty poskytujeme ro\u010dn\u00fa z\u00e1ruku, \u010d\u00edm na\u0161im z\u00e1kazn\u00edkom zaru\u010dujeme pokoj v du\u0161i.<\/p>\n<p><img decoding=\"async\" title=\"Hydraulick\u00fd valec snehov\u00e9ho pluhu\" src=\"https:\/\/hzpt.com\/wp-content\/uploads\/2023\/11\/Snow-Plow-Hydraulic-Cylinder-2.webp\" alt=\"Hydraulick\u00fd valec snehov\u00e9ho pluhu\" \/><\/p>\n<h2>V\u00fdhody nastavite\u013en\u00fdch valcov s vidlicov\u00fdm uchyten\u00edm<\/h2>\n<p>Nastavite\u013en\u00e9 valce s vidlicov\u00fdm z\u00e1vitom, ako napr\u00edklad mini obojsmern\u00fd hydraulick\u00fd piestov\u00fd valec najvy\u0161\u0161ej kvality, pon\u00fakaj\u00fa v r\u00f4znych aplik\u00e1ci\u00e1ch nieko\u013eko v\u00fdrazn\u00fdch v\u00fdhod. Tieto valce sa vyzna\u010duj\u00fa jedine\u010dn\u00fdm dizajnom a funk\u010dnos\u0165ou, ktor\u00e1 ich odli\u0161uje od be\u017en\u00fdch hydraulick\u00fdch valcov. V tomto \u010dl\u00e1nku sa budeme t\u00fdmito v\u00fdhodami podrobne zaobera\u0165 a zd\u00f4razn\u00edme ich v\u00fdhody pre r\u00f4zne odvetvia a aplik\u00e1cie.<\/p>\n<h3>1. Zv\u00fd\u0161en\u00e1 flexibilita a prisp\u00f4sobenie<\/h3>\n<p>Jednou z k\u013e\u00fa\u010dov\u00fdch v\u00fdhod nastavite\u013en\u00fdch valcov s vidlicov\u00fdm uchyten\u00edm je ich zv\u00fd\u0161en\u00e1 flexibilita a mo\u017enosti prisp\u00f4sobenia. Na rozdiel od \u0161tandardn\u00fdch valcov pon\u00fakaj\u00fa tieto valce nastavite\u013en\u00e9 uchytenia s vidlicov\u00fdm uchyten\u00edm, ktor\u00e9 umo\u017e\u0148uj\u00fa jednoduch\u00e9 pripevnenie a odpojenie. T\u00e1to funkcia umo\u017e\u0148uje r\u00fdchle a bezprobl\u00e9mov\u00e9 nastavenie polohy, d\u013a\u017eky a orient\u00e1cie valca, \u010d\u00edm poskytuje zv\u00fd\u0161en\u00fa flexibilitu v r\u00f4znych aplik\u00e1ci\u00e1ch.<\/p>\n<p>V\u010faka vysokokvalitn\u00e9mu mini obojsmern\u00e9mu hydraulick\u00e9mu piestov\u00e9mu valcu si pou\u017e\u00edvatelia m\u00f4\u017eu jednoducho nastavi\u0165 uchytenie vidlice pod\u013ea \u0161pecifick\u00fdch po\u017eiadaviek. V\u010faka tejto flexibilite s\u00fa tieto valce vhodn\u00e9 pre \u0161irok\u00fa \u0161k\u00e1lu aplik\u00e1ci\u00ed vr\u00e1tane priemyseln\u00fdch strojov, po\u013enohospod\u00e1rskych zariaden\u00ed a stavebn\u00fdch vozidiel.<\/p>\n<h3>2. Vylep\u0161en\u00e1 schopnos\u0165 manipul\u00e1cie s n\u00e1kladom<\/h3>\n<p>Nastavite\u013en\u00e9 valce s vidlicov\u00fdm uchyten\u00edm pon\u00fakaj\u00fa v porovnan\u00ed s tradi\u010dn\u00fdmi valcami aj lep\u0161iu manipula\u010dn\u00fa schopnos\u0165. Kon\u0161trukcia t\u00fdchto valcov zais\u0165uje efekt\u00edvny prenos sily, \u010do umo\u017e\u0148uje efekt\u00edvnu manipul\u00e1ciu s \u0165a\u017ek\u00fdmi bremenami. Piest vo vn\u00fatri valca zais\u0165uje plynul\u00fd pohyb, \u010d\u00edm sa zabezpe\u010duje presn\u00e9 ovl\u00e1danie a stabilita po\u010das prev\u00e1dzky.<\/p>\n<p>Vysokokvalitn\u00fd mini obojsmern\u00fd hydraulick\u00fd piestov\u00fd valec je navrhnut\u00fd z vysoko kvalitn\u00fdch materi\u00e1lov a pokro\u010dil\u00fdch technick\u00fdch techn\u00edk, v\u00fdsledkom \u010doho je robustn\u00fd a odoln\u00fd valec schopn\u00fd \u013eahko manipulova\u0165 s \u0165a\u017ek\u00fdmi bremenami. V\u010faka tomu je ide\u00e1lnou vo\u013ebou pre aplik\u00e1cie, ktor\u00e9 vy\u017eaduj\u00fa spo\u013eahliv\u00fa a efekt\u00edvnu manipul\u00e1ciu s bremenami, ako s\u00fa zariadenia na manipul\u00e1ciu s materi\u00e1lom a zdv\u00edhacie syst\u00e9my.<\/p>\n<h3>3. Optim\u00e1lny v\u00fdkon a \u00fa\u010dinnos\u0165<\/h3>\n<p>\u010eal\u0161ou v\u00fdznamnou v\u00fdhodou nastavite\u013en\u00fdch valcov s vidlicov\u00fdm z\u00e1vitom je ich schopnos\u0165 poskytova\u0165 optim\u00e1lny v\u00fdkon a \u00fa\u010dinnos\u0165. Tieto valce s\u00fa navrhnut\u00e9 tak, aby minimalizovali straty energie a maximalizovali v\u00fdstupn\u00fd v\u00fdkon, \u010d\u00edm zabezpe\u010duj\u00fa efekt\u00edvnu prev\u00e1dzku a zn\u00ed\u017een\u00e9 prev\u00e1dzkov\u00e9 n\u00e1klady.<\/p>\n<p>Vysokokvalitn\u00fd mini obojsmern\u00fd hydraulick\u00fd piestov\u00fd valec vyu\u017e\u00edva pokro\u010dil\u00fa hydraulick\u00fa technol\u00f3giu vr\u00e1tane presn\u00e9ho ovl\u00e1dania ventilov a efekt\u00edvneho riadenia prietoku kvapaliny. V\u00fdsledkom je zlep\u0161enie celkov\u00e9ho v\u00fdkonu syst\u00e9mu, zn\u00ed\u017eenie trenia a zv\u00fd\u0161en\u00e1 energetick\u00e1 \u00fa\u010dinnos\u0165. V\u010faka tomu sa tieto valce \u0161iroko pou\u017e\u00edvaj\u00fa v aplik\u00e1ci\u00e1ch, ktor\u00e9 vy\u017eaduj\u00fa vysoko v\u00fdkonn\u00e9 a energeticky \u00fasporn\u00e9 hydraulick\u00e9 syst\u00e9my, ako je napr\u00edklad automatiz\u00e1cia v\u00fdroby a priemyseln\u00e9 stroje.<\/p>\n<h3>4. V\u0161estrannos\u0165 mo\u017enost\u00ed mont\u00e1\u017ee<\/h3>\n<p>Nastavite\u013en\u00e9 valce s vidlicov\u00fdm uchyten\u00edm pon\u00fakaj\u00fa v\u0161estrann\u00e9 mo\u017enosti mont\u00e1\u017ee, \u010do umo\u017e\u0148uje bezprobl\u00e9mov\u00fa integr\u00e1ciu do r\u00f4znych syst\u00e9mov a kon\u0161trukci\u00ed. Tieto valce je mo\u017en\u00e9 namontova\u0165 vertik\u00e1lne, horizont\u00e1lne alebo v \u013eubovo\u013enom po\u017eadovanom uhle v z\u00e1vislosti od \u0161pecifick\u00fdch po\u017eiadaviek aplik\u00e1cie.<\/p>\n<p>Vysokokvalitn\u00fd mini obojsmern\u00fd hydraulick\u00fd piestov\u00fd valec sa dod\u00e1va s radom mont\u00e1\u017eneho pr\u00edslu\u0161enstva a mo\u017enost\u00ed, \u010do zais\u0165uje jednoduch\u00fa in\u0161tal\u00e1ciu a kompatibilitu s r\u00f4znymi syst\u00e9mami. V\u010faka tejto v\u0161estrannosti s\u00fa tieto valce vhodn\u00e9 pre \u0161irok\u00fa \u0161k\u00e1lu odvetv\u00ed vr\u00e1tane automobilov\u00e9ho, leteck\u00e9ho a n\u00e1morn\u00e9ho priemyslu.<\/p>\n<p>Z\u00e1verom mo\u017eno poveda\u0165, \u017ee nastavite\u013en\u00e9 valce s vidlicov\u00fdm uchyten\u00edm, ktor\u00fdch pr\u00edkladom je mini obojsmern\u00fd hydraulick\u00fd piestov\u00fd valec vynikaj\u00facej kvality, pon\u00fakaj\u00fa mno\u017estvo v\u00fdhod, pokia\u013e ide o flexibilitu, nosnos\u0165, v\u00fdkon a v\u0161estrannos\u0165. Tieto valce s\u00fa v\u010faka svojmu jedine\u010dn\u00e9mu dizajnu a funk\u010dnosti ve\u013emi vyh\u013ead\u00e1van\u00e9 v r\u00f4znych odvetviach. \u010ci u\u017e ide o priemyseln\u00e9 stroje, zariadenia na manipul\u00e1ciu s materi\u00e1lom alebo ak\u00e9ko\u013evek in\u00e9 aplik\u00e1cie, ktor\u00e9 vy\u017eaduj\u00fa spo\u013eahliv\u00e9 a efekt\u00edvne hydraulick\u00e9 syst\u00e9my, nastavite\u013en\u00e9 valce s vidlicov\u00fdm uchyten\u00edm sa ukazuj\u00fa ako vynikaj\u00faca vo\u013eba.<\/p>\n<h3>O spolo\u010dnosti FMP \u2013 Vysokokvalitn\u00e9 hydraulick\u00e9 valce pre stavebn\u00e9 stroje<\/h3>\n<p>H\u013ead\u00e1te vysokokvalitn\u00e9 hydraulick\u00e9 valce pre va\u0161e stavebn\u00e9 stroje? Neh\u013eadajte \u010falej ako FMP, popredn\u00e1 spolo\u010dnos\u0165 so s\u00eddlom v Taliansku, ktor\u00e1 sa \u0161pecializuje na predaj a servis dielov a kompletn\u00fdch strojov pre stavebn\u00e9 stroje.<\/p>\n<p>V spolo\u010dnosti FMP sa zav\u00e4zujeme poskytova\u0165 na\u0161im z\u00e1kazn\u00edkom spo\u013eahliv\u00e9 a efekt\u00edvne rie\u0161enia pre ich potreby v oblasti stavebn\u00fdch strojov. N\u00e1\u0161 sortiment zah\u0155\u0148a \u0161irok\u00fa \u0161k\u00e1lu stavebn\u00fdch strojov, prevodoviek pre po\u013enohospod\u00e1rske stroje, plan\u00e9tov\u00fdch prevodoviek, priemyseln\u00fdch prevodoviek a \u0161pi\u010dkov\u00e9ho pr\u00edslu\u0161enstva, ktor\u00e9 k nim zodpoved\u00e1.<\/p>\n<p>Tu s\u00fa niektor\u00e9 z v\u00fdhod v\u00fdberu FMP pre va\u0161e potreby hydraulick\u00e9ho valca:<\/p>\n<p>1. Vysokokvalitn\u00e9 produkty: V\u0161etky na\u0161e produkty poch\u00e1dzaj\u00fa od vysokokvalitn\u00fdch dod\u00e1vate\u013eov, \u010d\u00edm zabezpe\u010dujeme, \u017ee na\u0161i klienti dost\u00e1vaj\u00fa iba tie najkvalitnej\u0161ie produkty, ktor\u00e9 sp\u013a\u0148aj\u00fa pr\u00edsne normy kvality.<\/p>\n<p>2. Profesion\u00e1lny t\u00edm: N\u00e1\u0161 sk\u00fasen\u00fd a profesion\u00e1lny obchodn\u00fd t\u00edm je obozn\u00e1men\u00fd s v\u00fdvojov\u00fdmi trendmi a potrebami z\u00e1kazn\u00edkov v odvetv\u00ed stavebn\u00fdch strojov a m\u00f4\u017ee poskytn\u00fa\u0165 komplexn\u00e9 poradenstvo o produktoch a inteligentn\u00e9 n\u00e1vrhy na n\u00e1kup.<\/p>\n<p>3. Efekt\u00edvny logistick\u00fd distribu\u010dn\u00fd syst\u00e9m: M\u00e1me efekt\u00edvny logistick\u00fd distribu\u010dn\u00fd syst\u00e9m, ktor\u00fd zabezpe\u010duje v\u010dasn\u00e9 a presn\u00e9 dodanie produktov na\u0161im z\u00e1kazn\u00edkom.<\/p>\n<p>4. Konkuren\u010dn\u00e9 ceny: Pon\u00fakame konkurencieschopn\u00e9 ceny na\u0161ich produktov bez kompromisov v kvalite.<\/p>\n<p>5. Prisp\u00f4sobenie: Pon\u00fakame mo\u017enosti prisp\u00f4sobenia na\u0161ich hydraulick\u00fdch valcov, aby sme splnili jedine\u010dn\u00e9 potreby na\u0161ich z\u00e1kazn\u00edkov.<\/p>\n<p>Na\u0161e hydraulick\u00e9 valce, ako napr\u00edklad nastavite\u013en\u00fd vidlicov\u00fd valec (na obr\u00e1zku ni\u017e\u0161ie), s\u00fa ide\u00e1lne pre \u0161irok\u00fa \u0161k\u00e1lu aplik\u00e1ci\u00ed v stavebn\u00fdch strojoch. V\u010faka n\u00e1\u0161mu z\u00e1v\u00e4zku ku kvalite a spokojnosti z\u00e1kazn\u00edkov sa m\u00f4\u017eete spo\u013eahn\u00fa\u0165 na spolo\u010dnos\u0165 FMP, pokia\u013e ide o v\u0161etky va\u0161e potreby t\u00fdkaj\u00face sa hydraulick\u00fdch valcov.<\/p>\n<p><img decoding=\"async\" src=\"https:\/\/fmp-components.com\/wp-content\/uploads\/2024\/12\/Adjustable-Clevis-Type-Cylinders-6.webp\" alt=\"Nastavite\u013en\u00fd valec typu Clevis\" width=\"810\" title=\"\"><\/p>\n<h2>\u010casto kladen\u00e9 ot\u00e1zky<\/h2>\n<ol>\n<li style=\"list-style-type: none;\">\n<ol>\n<li>Ot\u00e1zka: Ste obchodn\u00e1 spolo\u010dnos\u0165 alebo v\u00fdrobca? Odpove\u010f: Sme tov\u00e1re\u0148.<\/li>\n<li>Ot\u00e1zka: Ak\u00e1 je va\u0161a dodacia lehota? Odpove\u010f: Vo v\u0161eobecnosti je to 25-35 dn\u00ed.<\/li>\n<li>Ot\u00e1zka: Poskytujete vzorky? S\u00fa bezplatn\u00e9 alebo za pr\u00edplatok? Odpove\u010f: \u00c1no, mohli by sme pon\u00faknu\u0165 vzorku, ale nie je zadarmo.<\/li>\n<\/ol>\n<\/li>\n<\/ol>\n<ol>\n<li><img decoding=\"async\" title=\"Hydraulick\u00fd valec snehov\u00e9ho pluhu\" src=\"https:\/\/hzpt.com\/wp-content\/uploads\/2023\/11\/Snow-Plow-Hydraulic-Cylinder-1.webp\" alt=\"Hydraulick\u00fd valec snehov\u00e9ho pluhu\" \/><\/li>\n<\/ol>\n<p>Autor: CX<\/p>","protected":false},"excerpt":{"rendered":"<p>Superior Quality Mini Two Way Hydraulic Piston CylinderThe Superior Quality Mini Two Way Hydraulic Piston Cylinder is a top-of-the-line product designed for optimal performance and durability. This hydraulic cylinder is built with high-quality materials and precision engineering to ensure reliable and consistent operation in even the most demanding applications. The piston cylinder features a compact [&hellip;]<\/p>","protected":false},"featured_media":1465,"comment_status":"closed","ping_status":"closed","template":"","meta":{"_et_pb_use_builder":"","_et_pb_old_content":"","_et_gb_content_width":""},"product_brand":[],"product_cat":[42],"product_tag":[34,44],"class_list":{"0":"post-1464","1":"product","2":"type-product","3":"status-publish","4":"has-post-thumbnail","6":"product_cat-snow-plow-hydraulic-cylinder","7":"product_tag-hydraulic-cylinder","8":"product_tag-snow-plow-hydraulic-cylinder","10":"first","11":"instock","12":"product-type-simple"},"_links":{"self":[{"href":"https:\/\/fmp-components.com\/sk\/wp-json\/wp\/v2\/product\/1464","targetHints":{"allow":["GET"]}}],"collection":[{"href":"https:\/\/fmp-components.com\/sk\/wp-json\/wp\/v2\/product"}],"about":[{"href":"https:\/\/fmp-components.com\/sk\/wp-json\/wp\/v2\/types\/product"}],"replies":[{"embeddable":true,"href":"https:\/\/fmp-components.com\/sk\/wp-json\/wp\/v2\/comments?post=1464"}],"wp:featuredmedia":[{"embeddable":true,"href":"https:\/\/fmp-components.com\/sk\/wp-json\/wp\/v2\/media\/1465"}],"wp:attachment":[{"href":"https:\/\/fmp-components.com\/sk\/wp-json\/wp\/v2\/media?parent=1464"}],"wp:term":[{"taxonomy":"product_brand","embeddable":true,"href":"https:\/\/fmp-components.com\/sk\/wp-json\/wp\/v2\/product_brand?post=1464"},{"taxonomy":"product_cat","embeddable":true,"href":"https:\/\/fmp-components.com\/sk\/wp-json\/wp\/v2\/product_cat?post=1464"},{"taxonomy":"product_tag","embeddable":true,"href":"https:\/\/fmp-components.com\/sk\/wp-json\/wp\/v2\/product_tag?post=1464"}],"curies":[{"name":"pracovn\u00fd list","href":"https:\/\/api.w.org\/{rel}","templated":true}]}}