{"id":1460,"date":"2024-12-23T05:49:26","date_gmt":"2024-12-23T05:49:26","guid":{"rendered":"https:\/\/fmp-components.com\/product\/guaranteed-quality-hydraulic-piston-cylinder-welded-snow-plow-hydraulic-cylinder\/"},"modified":"2024-12-23T06:43:05","modified_gmt":"2024-12-23T06:43:05","slug":"guaranteed-quality-hydraulic-piston-cylinder-welded-snow-plow-hydraulic-cylinder","status":"publish","type":"product","link":"https:\/\/fmp-components.com\/sk\/product\/guaranteed-quality-hydraulic-piston-cylinder-welded-snow-plow-hydraulic-cylinder\/","title":{"rendered":"Zaru\u010den\u00fd kvalitn\u00fd hydraulick\u00fd piestov\u00fd valec Zv\u00e1ran\u00fd hydraulick\u00fd valec pre snehov\u00fd pluh"},"content":{"rendered":"<h2>Zaru\u010den\u00fd kvalitn\u00fd hydraulick\u00fd piestov\u00fd valec Zv\u00e1ran\u00fd hydraulick\u00fd valec pre snehov\u00fd pluh<\/h2>\n<p>Predstavujeme zv\u00e1ran\u00fd hydraulick\u00fd valec pre snehov\u00fd pluh so zaru\u010denou kvalitou:<\/p>\n<p>Zv\u00e1ran\u00fd hydraulick\u00fd valec s piestov\u00fdm valcom zaru\u010denej kvality pre snehov\u00e9 pluhy je vysoko v\u00fdkonn\u00fd produkt navrhnut\u00fd \u0161peci\u00e1lne pre snehov\u00e9 pluhy. Tento hydraulick\u00fd valec je vyroben\u00fd s presnos\u0165ou a zaru\u010duje vynikaj\u00facu odolnos\u0165 a spo\u013eahlivos\u0165.<\/p>\n<p>V\u010faka zv\u00e1ranej kon\u0161trukcii pon\u00faka tento valec v\u00fdnimo\u010dn\u00fa pevnos\u0165 a odolnos\u0165 vo\u010di \u0165a\u017ek\u00fdm n\u00e1kladom a extr\u00e9mnym poveternostn\u00fdm podmienkam. Zaru\u010duje plynul\u00fd chod a presn\u00e9 ovl\u00e1danie, \u010do umo\u017e\u0148uje efekt\u00edvne a \u00fa\u010dinn\u00e9 odstra\u0148ovanie snehu.<\/p>\n<p>Hydraulick\u00fd piest v tomto valci poskytuje siln\u00fa silu, ktor\u00e1 umo\u017e\u0148uje sne\u017en\u00e9mu pluhu zvl\u00e1dnu\u0165 aj tie naj\u0165a\u017e\u0161ie podmienky. Jeho pokro\u010dil\u00e1 kon\u0161trukcia zais\u0165uje optim\u00e1lny v\u00fdkon a dlh\u00fa \u017eivotnos\u0165, v\u010faka \u010domu je spo\u013eahlivou vo\u013ebou pre profesion\u00e1lov v odstra\u0148ovan\u00ed snehu.<\/p>\n<p><img decoding=\"async\" title=\"Hydraulick\u00fd valec snehov\u00e9ho pluhu\" src=\"https:\/\/hzpt.com\/wp-content\/uploads\/2023\/11\/Snow-Plow-Hydraulic-Cylinder-2.webp\" alt=\"Hydraulick\u00fd valec snehov\u00e9ho pluhu\" \/><\/p>\n<p>Tento hydraulick\u00fd valec nielen\u017ee vynik\u00e1 v\u00fdkonom, ale kladie d\u00f4raz aj na bezpe\u010dnos\u0165. Je navrhnut\u00fd s pr\u00edsnymi normami kvality, aby sa zabezpe\u010dila spo\u013eahliv\u00e1 prev\u00e1dzka a predi\u0161lo sa ak\u00fdmko\u013evek potenci\u00e1lnym nebezpe\u010denstv\u00e1m.<\/p>\n<p>Zv\u00e1ran\u00fd hydraulick\u00fd piestov\u00fd valec pre snehov\u00fd pluh so zaru\u010denou kvalitou je najlep\u0161ou vo\u013ebou pre t\u00fdch, ktor\u00ed h\u013eadaj\u00fa spo\u013eahliv\u00e9 a vysoko kvalitn\u00e9 rie\u0161enie pre svoje vybavenie na odh\u0155\u0148anie snehu. Jeho v\u00fdnimo\u010dn\u00fd v\u00fdkon a odolnos\u0165 z neho robia nevyhnutn\u00fa s\u00fa\u010das\u0165 pre efekt\u00edvne a \u00faspe\u0161n\u00e9 odh\u0155\u0148anie snehu.<\/p>\n<h2>Predstavujeme hydraulick\u00fd piestov\u00fd valec Zv\u00e1ran\u00fd hydraulick\u00fd valec pre odh\u0155\u0148a\u010d snehu<\/h2>\n<p>Predstavujeme zv\u00e1ran\u00fd hydraulick\u00fd valec s hydraulick\u00fdm piestov\u00fdm valcom pre snehov\u00fd pluh \u2013 najnov\u0161\u00ed pr\u00edrastok do sveta hydraulick\u00fdch syst\u00e9mov. Tento \u0161pi\u010dkov\u00fd produkt zaru\u010duje kvalitu, odolnos\u0165 a \u00fa\u010dinnos\u0165, v\u010faka \u010domu je prelomov\u00fdm prvkom v odvetv\u00ed hydraulick\u00fdch valcov.<\/p>\n<h2>Vlastnosti a \u00fadr\u017eba produktu<\/h2>\n<p>Hydraulick\u00fd piestov\u00fd valec je navrhnut\u00fd s vynikaj\u00facou kvalitou. Ide o \u0161tandardn\u00fd piestov\u00fd valec s telesom vyroben\u00fdm z ocele, ktor\u00e1 pon\u00faka vysok\u00fa odolnos\u0165 vo\u010di opotrebovaniu a zaru\u010duje dlh\u00fa \u017eivotnos\u0165. Pon\u00faka maxim\u00e1lny \u0165ah 3000 a maxim\u00e1lny \u0165ah 20 ton, v\u010faka \u010domu je ide\u00e1lny pre n\u00e1ro\u010dn\u00e9 \u00falohy, ako je odh\u0155\u0148anie snehu.<\/p>\n<p>Tento v\u00fdkonn\u00fd hydraulick\u00fd valec je v\u0161estrann\u00fd a prisp\u00f4sobite\u013en\u00fd r\u00f4znym aplik\u00e1ci\u00e1m s priemerom otvoru 2 \u2013 6 palcov, priemerom ty\u010de 1,125 \u2013 4 palce, zdvihom 4 \u2013 100 palcov a priemerom \u010dapu 0,5 \u2013 2 palce. Jeho \u010dierna farba mu dod\u00e1va elegantn\u00fd a profesion\u00e1lny vzh\u013ead.<\/p>\n<p>\u00dadr\u017eba tohto hydraulick\u00e9ho valca je jednoduch\u00e1. Dod\u00e1va sa s ro\u010dnou z\u00e1rukou na z\u00e1kladn\u00e9 komponenty, ako s\u00fa lo\u017eisko a samotn\u00fd hydraulick\u00fd valec. Pravideln\u00e9 kontroly a v\u010dasn\u00e1 v\u00fdmena t\u00fdchto z\u00e1kladn\u00fdch komponentov zabezpe\u010dia optim\u00e1lny v\u00fdkon produktu v priebehu \u010dasu.<\/p>\n<p><img decoding=\"async\" src=\"https:\/\/hzpt.com\/wp-content\/uploads\/2023\/11\/Snow-Plow-Hydraulic-Cylinder-4Factory.webp\" alt=\"Obr\u00e1zok z v\u00fdroby\" title=\"\"><\/p>\n<h2>V\u00fdhody nastavite\u013en\u00fdch valcov s vidlicov\u00fdm uchyten\u00edm<\/h2>\n<p>Nastavite\u013en\u00e9 valce s vidlicov\u00fdm z\u00e1vitom, ako napr\u00edklad zv\u00e1ran\u00fd hydraulick\u00fd valec pre snehov\u00fd pluh so zaru\u010denou kvalitou, pon\u00fakaj\u00fa v r\u00f4znych aplik\u00e1ci\u00e1ch nieko\u013eko v\u00fdrazn\u00fdch v\u00fdhod. Tieto valce s\u00fa navrhnut\u00e9 s presnos\u0165ou a odborn\u00fdmi znalos\u0165ami, aby poskytovali optim\u00e1lny v\u00fdkon a spo\u013eahlivos\u0165. V tomto \u010dl\u00e1nku podrobne presk\u00famame jedine\u010dn\u00e9 vlastnosti a v\u00fdhody nastavite\u013en\u00fdch valcov s vidlicov\u00fdm z\u00e1vitom.<\/p>\n<p><strong>1. Zv\u00fd\u0161en\u00e1 flexibilita a prisp\u00f4sobivos\u0165<\/strong><\/p>\n<p>Jednou z hlavn\u00fdch v\u00fdhod nastavite\u013en\u00fdch valcov s vidlicov\u00fdm uchyten\u00edm je ich schopnos\u0165 poskytn\u00fa\u0165 zv\u00fd\u0161en\u00fa flexibilitu a prisp\u00f4sobivos\u0165 v r\u00f4znych prev\u00e1dzkov\u00fdch podmienkach. Tieto valce s\u00fa navrhnut\u00e9 s nastavite\u013en\u00fdmi uchyteniami s vidlicov\u00fdm uchyten\u00edm, \u010do umo\u017e\u0148uje jednoduch\u00e9 prisp\u00f4sobenie a nastavenie pod\u013ea \u0161pecifick\u00fdch po\u017eiadaviek. T\u00e1to vlastnos\u0165 umo\u017e\u0148uje jednoduch\u00fa integr\u00e1ciu valcov do r\u00f4znych syst\u00e9mov, v\u010faka \u010domu s\u00fa vysoko v\u0161estrann\u00e9 a efekt\u00edvne.<\/p>\n<p><strong>2. Optim\u00e1lna nosnos\u0165<\/strong><\/p>\n<p>Zv\u00e1ran\u00fd hydraulick\u00fd valec s piestov\u00fdm valcom zaru\u010denej kvality pre snehov\u00fd pluh je navrhnut\u00fd tak, aby poskytoval v\u00fdnimo\u010dn\u00fa nosnos\u0165. V\u010faka svojej robustnej kon\u0161trukcii a pokro\u010dilej hydraulickej technol\u00f3gii dok\u00e1\u017ee tento valec efekt\u00edvne a \u013eahko zvl\u00e1dnu\u0165 \u0165a\u017ek\u00e9 bremen\u00e1. \u010ci u\u017e sa pou\u017e\u00edva v snehov\u00fdch pluhoch alebo in\u00fdch \u0165a\u017ek\u00fdch strojoch, tento valec je navrhnut\u00fd tak, aby odolal vysok\u00e9mu tlaku a poskytoval spo\u013eahliv\u00fd v\u00fdkon aj v n\u00e1ro\u010dn\u00fdch podmienkach.<\/p>\n<p><img decoding=\"async\" title=\"Hydraulick\u00fd valec snehov\u00e9ho pluhu\" src=\"https:\/\/hzpt.com\/wp-content\/uploads\/2023\/11\/Snow-Plow-Hydraulic-Cylinder-1.webp\" alt=\"Hydraulick\u00fd valec snehov\u00e9ho pluhu\" \/><\/p>\n<p><strong>3. Presn\u00e9 ovl\u00e1danie a plynul\u00e1 prev\u00e1dzka<\/strong><\/p>\n<p>Nastavite\u013en\u00e9 valce s vidlicov\u00fdm uchyten\u00edm s\u00fa zn\u00e1me pre svoje presn\u00e9 ovl\u00e1danie a plynul\u00fd chod. Tieto valce s\u00fa vybaven\u00e9 pokro\u010dil\u00fdmi hydraulick\u00fdmi syst\u00e9mami, ktor\u00e9 zabezpe\u010duj\u00fa presn\u00e9 polohovanie a kontrolovan\u00fd pohyb. Pou\u017eitie vysokokvalitn\u00fdch materi\u00e1lov a presn\u00fdch v\u00fdrobn\u00fdch techn\u00edk \u010falej zvy\u0161uje celkov\u00fd v\u00fdkon, \u010do vedie k plynulej a efekt\u00edvnej prev\u00e1dzke v r\u00f4znych aplik\u00e1ci\u00e1ch.<\/p>\n<p><strong>4. Zv\u00fd\u0161en\u00e1 produktivita a efekt\u00edvnos\u0165<\/strong><\/p>\n<p>Zabudovan\u00edm nastavite\u013en\u00fdch valcov s vidlicov\u00fdm uz\u00e1verom m\u00f4\u017eu priemyseln\u00e9 odvetvia v\u00fdrazne zv\u00fd\u0161i\u0165 produktivitu a efektivitu. Tieto valce pon\u00fakaj\u00fa r\u00fdchlu a jednoduch\u00fa in\u0161tal\u00e1ciu, \u010d\u00edm sa skracuj\u00fa prestoje a maximalizuje sa prev\u00e1dzkyschopnos\u0165. Ich spo\u013eahliv\u00fd v\u00fdkon a prisp\u00f4sobivos\u0165 tie\u017e prispievaj\u00fa k zv\u00fd\u0161eniu efektivity v r\u00f4znych oper\u00e1ci\u00e1ch, \u010do vedie k zlep\u0161eniu produktivity a n\u00e1kladovej efekt\u00edvnosti.<\/p>\n<p><strong>5. Trvanlivos\u0165 a dlh\u00e1 \u017eivotnos\u0165<\/strong><\/p>\n<p>Zaru\u010den\u00e1 kvalita hydraulick\u00e9ho piestov\u00e9ho valca Zv\u00e1ran\u00fd hydraulick\u00fd valec pre snehov\u00fd pluh je vyroben\u00fd z vysoko kvalitn\u00fdch materi\u00e1lov a prech\u00e1dza pr\u00edsnym testovan\u00edm, aby sa zabezpe\u010dila odolnos\u0165 a dlh\u00e1 \u017eivotnos\u0165. Tieto valce s\u00fa navrhnut\u00e9 tak, aby odolali n\u00e1ro\u010dn\u00fdm pracovn\u00fdm podmienkam a vysok\u00e9mu za\u0165a\u017eeniu, v\u010faka \u010domu s\u00fa vysoko spo\u013eahliv\u00e9 a dlhotrvaj\u00face. T\u00e1to odolnos\u0165 eliminuje potrebu \u010dast\u00fdch v\u00fdmen, zni\u017euje n\u00e1klady na \u00fadr\u017ebu a zvy\u0161uje celkov\u00fa ziskovos\u0165.<\/p>\n<p>Z\u00e1verom mo\u017eno poveda\u0165, \u017ee v\u00fdhody nastavite\u013en\u00fdch valcov s vidlicov\u00fdm z\u00e1vitom, ktor\u00fdch pr\u00edkladom je zv\u00e1ran\u00fd hydraulick\u00fd valec s piestov\u00fdm valcom zaru\u010denej kvality pre odh\u0155\u0148a\u010d snehu, s\u00fa po\u010detn\u00e9. Ich zv\u00fd\u0161en\u00e1 flexibilita, optim\u00e1lna nosnos\u0165, presn\u00e9 ovl\u00e1danie, zv\u00fd\u0161en\u00e1 produktivita a odolnos\u0165 z nich robia ide\u00e1lnu vo\u013ebu pre r\u00f4zne odvetvia. Za\u010dlenenie t\u00fdchto valcov do r\u00f4znych syst\u00e9mov m\u00f4\u017ee vies\u0165 k zlep\u0161eniu v\u00fdkonu, \u00fa\u010dinnosti a n\u00e1kladovej efekt\u00edvnosti. Vyberte si nastavite\u013en\u00e9 valce s vidlicov\u00fdm z\u00e1vitom pre va\u0161e hydraulick\u00e9 potreby a vysk\u00fa\u0161ajte si ich v\u00fdhody na vlastnej ko\u017ei.<\/p>\n<h3>O FMP<\/h3>\n<p><img decoding=\"async\" src=\"https:\/\/fmp-components.com\/wp-content\/uploads\/2024\/12\/Adjustable-Clevis-Type-Cylinders-6.webp\" alt=\"Nastavite\u013en\u00fd valec typu Clevis\" width=\"808\" title=\"\"><\/p>\n<p>FMP je popredn\u00e1 spolo\u010dnos\u0165 \u0161pecializuj\u00faca sa na v\u00fdrobu a predaj hydraulick\u00fdch valcov. V\u010faka na\u0161im dlhoro\u010dn\u00fdm sk\u00fasenostiam v odbore a profesion\u00e1lnemu t\u00edmu sa zav\u00e4zujeme poskytova\u0165 na\u0161im z\u00e1kazn\u00edkom vysoko kvalitn\u00e9 a spo\u013eahliv\u00e9 hydraulick\u00e9 valce pre r\u00f4zne aplik\u00e1cie v odvetv\u00ed stavebn\u00fdch strojov.<\/p>\n<p>1. \u0160irok\u00fd sortiment produktov: Pon\u00fakame \u0161irok\u00fd sortiment hydraulick\u00fdch valcov vr\u00e1tane nastavite\u013en\u00fdch valcov s vidlicov\u00fdm z\u00e1vesom, teleskopick\u00fdch valcov, zv\u00e1ran\u00fdch valcov, valcov s \u010dapom a \u010fal\u0161\u00edch. Nech s\u00fa va\u0161e \u0161pecifick\u00e9 potreby ak\u00e9ko\u013evek, m\u00e1me pre v\u00e1s to spr\u00e1vne rie\u0161enie hydraulick\u00e9ho valca.<\/p>\n<p>2. Vynikaj\u00faca kvalita: V spolo\u010dnosti FMP kladieme d\u00f4raz na kvalitu a zabezpe\u010dujeme, aby v\u0161etky na\u0161e hydraulick\u00e9 valce sp\u013a\u0148ali pr\u00edsne normy kvality. Vybudovali sme si dlhodob\u00e9 a stabiln\u00e9 vz\u0165ahy s vysokokvalitn\u00fdmi dod\u00e1vate\u013emi, a to na dom\u00e1com aj medzin\u00e1rodnom trhu, aby sme zaru\u010dili trvanlivos\u0165 a v\u00fdkonnos\u0165 na\u0161ich produktov.<\/p>\n<p>3. Odborn\u00fd obchodn\u00fd t\u00edm: N\u00e1\u0161 sk\u00fasen\u00fd a kvalifikovan\u00fd obchodn\u00fd t\u00edm je dobre obozn\u00e1men\u00fd s najnov\u0161\u00edmi trendmi v odvetv\u00ed a potrebami z\u00e1kazn\u00edkov. Je pripraven\u00fd poskytn\u00fa\u0165 profesion\u00e1lne poradenstvo v oblasti produktov a pon\u00faknu\u0165 inteligentn\u00e9 n\u00e1vrhy na n\u00e1kup, \u010d\u00edm zabezpe\u010d\u00ed, \u017ee si vyberiete to najlep\u0161ie rie\u0161enie pre va\u0161e stavebn\u00e9 stroje.<\/p>\n<p>4. Efekt\u00edvna logistick\u00e1 distrib\u00facia: Ch\u00e1peme d\u00f4le\u017eitos\u0165 v\u010dasn\u00e9ho dodania. V\u010faka n\u00e1\u0161mu efekt\u00edvnemu logistick\u00e9mu distribu\u010dn\u00e9mu syst\u00e9mu zabezpe\u010dujeme, aby z\u00e1kazn\u00edci dostali po\u017eadovan\u00e9 hydraulick\u00e9 valce v\u010das a presne. M\u00f4\u017eete sa na n\u00e1s spo\u013eahn\u00fa\u0165, \u017ee poskytneme r\u00fdchly a spo\u013eahliv\u00fd servis.<\/p>\n<p>5. Prisp\u00f4sobite\u013en\u00e9 rie\u0161enia: Ch\u00e1peme, \u017ee ka\u017ed\u00fd projekt stavebn\u00fdch strojov je jedine\u010dn\u00fd. Preto pon\u00fakame prisp\u00f4sobite\u013en\u00e9 rie\u0161enia hydraulick\u00fdch valcov, ktor\u00e9 sp\u013a\u0148aj\u00fa va\u0161e \u0161pecifick\u00e9 po\u017eiadavky. \u010ci u\u017e potrebujete valec so \u0161pecifickou d\u013a\u017ekou zdvihu, sp\u00f4sobom mont\u00e1\u017ee alebo ak\u00fdmko\u013evek in\u00fdm prisp\u00f4soben\u00edm, vieme v\u00e1m poskytn\u00fa\u0165 rie\u0161enia na mieru.<\/p>\n<p>Partnerstvo so spolo\u010dnos\u0165ou FMP znamen\u00e1 pr\u00edstup k vysokokvalitn\u00fdm hydraulick\u00fdm valcom, sk\u00fasen\u00e9mu obchodn\u00e9mu t\u00edmu, efekt\u00edvnej logistike a prisp\u00f4sobite\u013en\u00fdm rie\u0161eniam. D\u00f4verujte n\u00e1m, \u017ee v\u00e1m dod\u00e1me spo\u013eahliv\u00e9 a odoln\u00e9 hydraulick\u00e9 valce, ktor\u00e9 potrebujete pre svoje projekty stavebn\u00fdch strojov. Autor: CX<\/p>","protected":false},"excerpt":{"rendered":"<p>Zaru\u010den\u00fd kvalitn\u00fd hydraulick\u00fd piestov\u00fd valec Zv\u00e1ran\u00fd hydraulick\u00fd valec pre snehov\u00fd pluh Predstavujeme zaru\u010den\u00fd kvalitn\u00fd hydraulick\u00fd piestov\u00fd valec Zv\u00e1ran\u00fd hydraulick\u00fd valec pre snehov\u00fd pluh: Zaru\u010den\u00fd kvalitn\u00fd hydraulick\u00fd piestov\u00fd valec Zv\u00e1ran\u00fd hydraulick\u00fd valec pre snehov\u00fd pluh je vysoko v\u00fdkonn\u00fd produkt navrhnut\u00fd \u0161peci\u00e1lne pre snehov\u00e9 pluhy. Tento hydraulick\u00fd valec je vyroben\u00fd s presnos\u0165ou a zaru\u010duje vynikaj\u00facu odolnos\u0165 a spo\u013eahlivos\u0165. V\u010faka zv\u00e1ran\u00fdm [\u2026]<\/p>","protected":false},"featured_media":1461,"comment_status":"closed","ping_status":"closed","template":"","meta":{"_et_pb_use_builder":"","_et_pb_old_content":"","_et_gb_content_width":""},"product_brand":[],"product_cat":[42],"product_tag":[34,44],"class_list":{"0":"post-1460","1":"product","2":"type-product","3":"status-publish","4":"has-post-thumbnail","6":"product_cat-snow-plow-hydraulic-cylinder","7":"product_tag-hydraulic-cylinder","8":"product_tag-snow-plow-hydraulic-cylinder","10":"first","11":"instock","12":"product-type-simple"},"_links":{"self":[{"href":"https:\/\/fmp-components.com\/sk\/wp-json\/wp\/v2\/product\/1460","targetHints":{"allow":["GET"]}}],"collection":[{"href":"https:\/\/fmp-components.com\/sk\/wp-json\/wp\/v2\/product"}],"about":[{"href":"https:\/\/fmp-components.com\/sk\/wp-json\/wp\/v2\/types\/product"}],"replies":[{"embeddable":true,"href":"https:\/\/fmp-components.com\/sk\/wp-json\/wp\/v2\/comments?post=1460"}],"wp:featuredmedia":[{"embeddable":true,"href":"https:\/\/fmp-components.com\/sk\/wp-json\/wp\/v2\/media\/1461"}],"wp:attachment":[{"href":"https:\/\/fmp-components.com\/sk\/wp-json\/wp\/v2\/media?parent=1460"}],"wp:term":[{"taxonomy":"product_brand","embeddable":true,"href":"https:\/\/fmp-components.com\/sk\/wp-json\/wp\/v2\/product_brand?post=1460"},{"taxonomy":"product_cat","embeddable":true,"href":"https:\/\/fmp-components.com\/sk\/wp-json\/wp\/v2\/product_cat?post=1460"},{"taxonomy":"product_tag","embeddable":true,"href":"https:\/\/fmp-components.com\/sk\/wp-json\/wp\/v2\/product_tag?post=1460"}],"curies":[{"name":"pracovn\u00fd list","href":"https:\/\/api.w.org\/{rel}","templated":true}]}}