{"id":1458,"date":"2024-12-23T05:49:26","date_gmt":"2024-12-23T05:49:26","guid":{"rendered":"https:\/\/fmp-components.com\/product\/factory-serving-small-hydraulic-cylinder-double-acting-hydraulic-cylinder-for-snow-plow\/"},"modified":"2024-12-23T06:39:29","modified_gmt":"2024-12-23T06:39:29","slug":"factory-serving-small-hydraulic-cylinder-double-acting-hydraulic-cylinder-for-snow-plow","status":"publish","type":"product","link":"https:\/\/fmp-components.com\/sk\/product\/factory-serving-small-hydraulic-cylinder-double-acting-hydraulic-cylinder-for-snow-plow\/","title":{"rendered":"Mal\u00fd hydraulick\u00fd valec s dvoj\u010dinn\u00fdm hydraulick\u00fdm valcom pre sne\u017en\u00fd pluh"},"content":{"rendered":"<h2>Mal\u00fd hydraulick\u00fd valec s dvoj\u010dinn\u00fdm hydraulick\u00fdm valcom pre sne\u017en\u00fd pluh<\/h2>\n<p>Mal\u00fd hydraulick\u00fd valec s dvoj\u010dinn\u00fdm hydraulick\u00fdm valcom pre snehov\u00e9 pluhy dod\u00e1van\u00fd z v\u00fdroby je vysoko kvalitn\u00fd hydraulick\u00fd valec navrhnut\u00fd \u0161peci\u00e1lne na pou\u017eitie v snehov\u00fdch pluhoch. V\u010faka dvoj\u010dinn\u00e9mu p\u00f4sobeniu poskytuje tento valec siln\u00fd a spo\u013eahliv\u00fd v\u00fdkon, ktor\u00fd pom\u00e1ha r\u00fdchlo a efekt\u00edvne odstra\u0148ova\u0165 sneh a \u013ead.<\/p>\n<p>Tento hydraulick\u00fd valec je vyroben\u00fd z prvotriednych materi\u00e1lov a je navrhnut\u00fd tak, aby vydr\u017eal. Jeho kompaktn\u00e9 rozmery z neho robia ide\u00e1lnu vo\u013ebu pre men\u0161ie modely snehov\u00fdch pluhov a pon\u00fakaj\u00fa priestorovo \u00fasporn\u00e9 rie\u0161enie bez kompromisov vo v\u00fdkone. Jeho dvoj\u010dinn\u00e1 kon\u0161trukcia zais\u0165uje plynul\u00fd a konzistentn\u00fd chod, \u010do umo\u017e\u0148uje presn\u00e9 ovl\u00e1danie a maxim\u00e1lnu \u00fa\u010dinnos\u0165.<\/p>\n<p><img decoding=\"async\" title=\"Hydraulick\u00fd valec snehov\u00e9ho pluhu\" src=\"https:\/\/hzpt.com\/wp-content\/uploads\/2023\/11\/Snow-Plow-Hydraulic-Cylinder-1.webp\" alt=\"Hydraulick\u00fd valec snehov\u00e9ho pluhu\" \/><\/p>\n<p>\u010ci u\u017e ste profesion\u00e1lny poskytovate\u013e slu\u017eieb odstra\u0148ovania snehu alebo majite\u013e domu, ktor\u00fd h\u013ead\u00e1 efekt\u00edvny sp\u00f4sob, ako vy\u010disti\u0165 svoju pr\u00edjazdov\u00fa cestu, mal\u00fd hydraulick\u00fd valec s dvoj\u010dinn\u00fdm hydraulick\u00fdm valcom pre snehov\u00fd pluh z tov\u00e1rne je spo\u013eahliv\u00fdm a efekt\u00edvnym rie\u0161en\u00edm. V\u010faka svojej odolnej kon\u0161trukcii a pokro\u010dil\u00fdm funkci\u00e1m tento hydraulick\u00fd valec ur\u010dite spln\u00ed aj tie najn\u00e1ro\u010dnej\u0161ie po\u017eiadavky zimn\u00e9ho po\u010dasia.<\/p>\n<div>\n<h2>Objavte vysokov\u00fdkonn\u00fd dvoj\u010dinn\u00fd hydraulick\u00fd valec pre v\u00e1\u0161 snehov\u00fd pluh<\/h2>\n<p>H\u013ead\u00e1te spo\u013eahliv\u00fd a vysoko v\u00fdkonn\u00fd hydraulick\u00fd valec pre v\u00e1\u0161 snehov\u00fd pluh? Neh\u013eadajte \u010falej ako v na\u0161ej tov\u00e1rni! Pon\u00fakame nov\u00fd a odoln\u00fd hydraulick\u00fd valec s ro\u010dnou z\u00e1rukou, vhodn\u00fd pre r\u00f4zne odvetvia vr\u00e1tane opravovn\u00ed strojov, fariem, energetiky a ban\u00edctva, v\u00fdroby strojov a stroj\u00e1rskych z\u00e1vodov.<\/p>\n<h2>Vlastnosti produktu<\/h2>\n<ul>\n<li>Hmotnos\u0165: 5,4 kg<\/li>\n<li>Vyroben\u00e9 z odolnej ocele<\/li>\n<li>Hydraulick\u00fd pohon pre vynikaj\u00faci v\u00fdkon a spo\u013eahlivos\u0165<\/li>\n<li>Maxim\u00e1lny \u0165ah: 3000<\/li>\n<li>Maxim\u00e1lny \u0165ah: 20 ton<\/li>\n<li>Ve\u013ekos\u0165 otvoru: 2-6 palcov<\/li>\n<li>Ve\u013ekos\u0165 ty\u010de: 1,125-4 palce<\/li>\n<li>Ve\u013ekos\u0165 zdvihu: 4-100 palcov<\/li>\n<li>Ve\u013ekos\u0165 \u010dapu: 0,5-2 palce<\/li>\n<li>Farba: \u010dierna<\/li>\n<li>Certifik\u00e1cia: ISO9001:2000<\/li>\n<li>Balenie: \u017eelezn\u00e9 puzdro, preglejkov\u00e9 puzdro alebo kart\u00f3nov\u00e1 krabica<\/li>\n<\/ul>\n<p><img decoding=\"async\" src=\"https:\/\/hzpt.com\/wp-content\/uploads\/2023\/11\/Snow-Plow-Hydraulic-Cylinder-4Factory.webp\" alt=\"Obr\u00e1zok z v\u00fdroby\" title=\"\"><\/p>\n<\/div>\n<h2>V\u00fdhody nastavite\u013en\u00fdch valcov s vidlicov\u00fdm uchyten\u00edm<\/h2>\n<p>Nastavite\u013en\u00e9 valce s vidlicov\u00fdm uchyten\u00edm sa v\u010faka svojej v\u0161estrannosti a v\u00fdhod\u00e1m, ktor\u00e9 pon\u00fakaj\u00fa, \u0161iroko pou\u017e\u00edvaj\u00fa v r\u00f4znych odvetviach. Tu s\u00fa niektor\u00e9 z k\u013e\u00fa\u010dov\u00fdch v\u00fdhod nastavite\u013en\u00fdch valcov s vidlicov\u00fdm uchyten\u00edm:<\/p>\n<h3>1. V\u0161estrannos\u0165<\/h3>\n<p>Jednou z k\u013e\u00fa\u010dov\u00fdch v\u00fdhod nastavite\u013en\u00fdch valcov s vidlicov\u00fdm uchyten\u00edm je ich v\u0161estrannos\u0165. Tieto valce sa daj\u00fa pou\u017ei\u0165 v \u0161irokej \u0161k\u00e1le aplik\u00e1ci\u00ed, v\u010faka \u010domu s\u00fa ide\u00e1lnou vo\u013ebou pre mnoh\u00e9 odvetvia. Be\u017ene sa pou\u017e\u00edvaj\u00fa v aplik\u00e1ci\u00e1ch, ako je manipul\u00e1cia s materi\u00e1lom, stavebn\u00e9 zariadenia a po\u013enohospod\u00e1rske stroje.<\/p>\n<h3>2. Nastavite\u013en\u00e1 d\u013a\u017eka zdvihu<\/h3>\n<p>\u010eal\u0161ou v\u00fdznamnou v\u00fdhodou nastavite\u013en\u00fdch valcov s vidlicov\u00fdm uz\u00e1verom je ich nastavite\u013en\u00e1 d\u013a\u017eka zdvihu. To znamen\u00e1, \u017ee d\u013a\u017eku zdvihu valca mo\u017eno \u013eahko nastavi\u0165 tak, aby vyhovovala \u0161pecifick\u00fdm potreb\u00e1m aplik\u00e1cie. Toto je obzvl\u00e1\u0161\u0165 v\u00fdhodn\u00e9 v situ\u00e1ci\u00e1ch, ke\u010f sa valec pou\u017e\u00edva v r\u00f4znych aplik\u00e1ci\u00e1ch s r\u00f4znymi po\u017eiadavkami.<\/p>\n<h3>3. Vysok\u00e1 nosnos\u0165<\/h3>\n<p>Nastavite\u013en\u00e9 valce s vidlicov\u00fdm z\u00e1vitom s\u00fa navrhnut\u00e9 tak, aby mali vysok\u00fa nosnos\u0165, v\u010faka \u010domu s\u00fa vhodn\u00e9 pre n\u00e1ro\u010dn\u00e9 aplik\u00e1cie. Be\u017ene sa pou\u017e\u00edvaj\u00fa v aplik\u00e1ci\u00e1ch, ktor\u00e9 vy\u017eaduj\u00fa vysok\u00fa silu a tlak, napr\u00edklad pri v\u00fdrobe \u0165a\u017ek\u00fdch strojov.<\/p>\n<h3>4. Dvoj\u010dinn\u00e9 alebo jedno\u010dinn\u00e9<\/h3>\n<p>Nastavite\u013en\u00e9 valce s vidlicov\u00fdm z\u00e1vitom m\u00f4\u017eu by\u0165 navrhnut\u00e9 ako dvoj\u010dinn\u00e9 alebo jedno\u010dinn\u00e9, v z\u00e1vislosti od po\u017eiadaviek aplik\u00e1cie. Dvoj\u010dinn\u00e9 valce sa be\u017ene pou\u017e\u00edvaj\u00fa v aplik\u00e1ci\u00e1ch, ktor\u00e9 vy\u017eaduj\u00fa tla\u010dn\u00fa aj \u0165a\u017en\u00fa silu, zatia\u013e \u010do jedno\u010dinn\u00e9 valce sa pou\u017e\u00edvaj\u00fa v aplik\u00e1ci\u00e1ch, ktor\u00e9 vy\u017eaduj\u00fa iba jednu smerov\u00fa silu.<\/p>\n<h3>5. Mal\u00fd hydraulick\u00fd valec dod\u00e1van\u00fd do tov\u00e1rne<\/h3>\n<p>Nastavite\u013en\u00e9 valce s vidlicov\u00fdm uz\u00e1verom sa daj\u00fa vyrobi\u0165 v r\u00f4znych ve\u013ekostiach, v\u010faka \u010domu s\u00fa vhodn\u00e9 pre r\u00f4zne aplik\u00e1cie vr\u00e1tane t\u00fdch, ktor\u00e9 vy\u017eaduj\u00fa mal\u00e9 hydraulick\u00e9 valce. Be\u017ene sa pou\u017e\u00edvaj\u00fa v aplik\u00e1ci\u00e1ch, ktor\u00e9 vy\u017eaduj\u00fa vysok\u00fa presnos\u0165 a spr\u00e1vnos\u0165, ako napr\u00edklad v zdravotn\u00edckych zariadeniach a laborat\u00f3rnych pr\u00edstrojoch.<\/p>\n<h3>6. Dvoj\u010dinn\u00fd hydraulick\u00fd valec pre snehov\u00fd pluh<\/h3>\n<p>Nastavite\u013en\u00e9 valce s vidlicov\u00fdm uchyten\u00edm sa be\u017ene pou\u017e\u00edvaj\u00fa v snehov\u00fdch pluhoch kv\u00f4li ich schopnosti poskytova\u0165 vysok\u00fa silu a tlak. Dvoj\u010dinn\u00e9 hydraulick\u00e9 valce sa pou\u017e\u00edvaj\u00fa v snehov\u00fdch pluhoch na zdv\u00edhanie a sp\u00fa\u0161\u0165anie radlice pluhu a z\u00e1rove\u0148 poskytuj\u00fa potrebn\u00fa silu na pohyb radlice zo strany na stranu.<\/p>\n<p>Z\u00e1verom mo\u017eno poveda\u0165, \u017ee nastavite\u013en\u00e9 valce s vidlicov\u00fdm uchyten\u00edm pon\u00fakaj\u00fa mno\u017estvo v\u00fdhod, v\u010faka ktor\u00fdm s\u00fa ide\u00e1lnou vo\u013ebou pre mnoh\u00e9 aplik\u00e1cie. Ich v\u0161estrannos\u0165, nastavite\u013en\u00e1 d\u013a\u017eka zdvihu, vysok\u00e1 nosnos\u0165 a mo\u017enos\u0165 kon\u0161trukcie ako dvoj\u010dinn\u00e9 alebo jedno\u010dinn\u00e9 valce ich robia vhodn\u00fdmi pre \u0161irok\u00fa \u0161k\u00e1lu odvetv\u00ed a aplik\u00e1ci\u00ed. Okrem toho, ich mo\u017enos\u0165 v\u00fdroby v r\u00f4znych ve\u013ekostiach vr\u00e1tane mal\u00fdch hydraulick\u00fdch valcov z nich rob\u00ed ob\u013e\u00faben\u00fa vo\u013ebu pre presn\u00e9 aplik\u00e1cie.<\/p>\n<h3>O FMP \u2013 hydraulickom valci<\/h3>\n<p>FMP je popredn\u00e1 spolo\u010dnos\u0165 v oblasti predaja a servisu dielov a kompletn\u00fdch strojov pre stavebn\u00e9 stroje. M\u00e1me dlhoro\u010dn\u00e9 sk\u00fasenosti v tomto odvetv\u00ed a t\u00edm profesion\u00e1lnych odborn\u00edkov, ktor\u00ed poskytuj\u00fa vysoko kvalitn\u00e9 a spo\u013eahliv\u00e9 diely pre stavebn\u00e9 stroje a kompletn\u00e9 rie\u0161enia pre stroje. N\u00e1\u0161 \u0161irok\u00fd sortiment zah\u0155\u0148a prevodovky pre po\u013enohospod\u00e1rske stroje, plan\u00e9tov\u00e9 prevodovky, priemyseln\u00e9 prevodovky, diely pre po\u013enohospod\u00e1rske stroje a rad \u0161pi\u010dkov\u00e9ho pr\u00edslu\u0161enstva, ktor\u00e9 k nim zodpoved\u00e1. Zaviazali sme sa poskytova\u0165 z\u00e1kazn\u00edkom tie najlep\u0161ie produkty a slu\u017eby. Tu je nieko\u013eko d\u00f4vodov, pre\u010do by ste si mali vybra\u0165 FMP pre hydraulick\u00e9 valce:<\/p>\n<ol>\n<li><strong>Vysokokvalitn\u00e9 a spo\u013eahliv\u00e9 produkty:<\/strong> V spolo\u010dnosti FMP kladieme d\u00f4raz na kvalitu na\u0161ich produktov. Budujeme dlhodob\u00e9 a stabiln\u00e9 partnersk\u00e9 vz\u0165ahy s vysoko kvalitn\u00fdmi dod\u00e1vate\u013emi z cel\u00e9ho sveta. V\u0161etky na\u0161e dod\u00e1van\u00e9 diely sp\u013a\u0148aj\u00fa pr\u00edsne \u0161tandardy kvality.<\/li>\n<li><strong>\u0160irok\u00fd sortiment produktov:<\/strong> Pon\u00fakame \u0161irok\u00fd sortiment hydraulick\u00fdch valcov vr\u00e1tane \u0161tandardn\u00fdch a z\u00e1kazkov\u00fdch valcov. N\u00e1\u0161 nastavite\u013en\u00fd valec s vidlicov\u00fdm uchyten\u00edm je ob\u013e\u00faben\u00fd produkt, ktor\u00fd je vysoko odoln\u00fd a nastavite\u013en\u00fd tak, aby sp\u013a\u0148al r\u00f4zne potreby.<\/li>\n<li><strong>Profesion\u00e1lny predajn\u00fd t\u00edm:<\/strong> N\u00e1\u0161 obchodn\u00fd t\u00edm m\u00e1 sk\u00fasenosti a je kvalifikovan\u00fd v odvetv\u00ed stavebn\u00fdch strojov. Pozn\u00e1 najnov\u0161ie v\u00fdvojov\u00e9 trendy a potreby z\u00e1kazn\u00edkov a vie poskytn\u00fa\u0165 profesion\u00e1lne poradenstvo oh\u013eadom produktov a inteligentn\u00e9 n\u00e1vrhy na n\u00e1kup.<\/li>\n<li><strong>Efekt\u00edvna logistick\u00e1 distrib\u00facia:<\/strong> Ch\u00e1peme, \u017ee v\u010dasn\u00e9 dodanie je pre na\u0161ich z\u00e1kazn\u00edkov k\u013e\u00fa\u010dov\u00e9. Preto sme zaviedli efekt\u00edvny logistick\u00fd distribu\u010dn\u00fd syst\u00e9m, aby sme zabezpe\u010dili, \u017ee z\u00e1kazn\u00edci dostan\u00fa po\u017eadovan\u00e9 diely v\u010das a presne.<\/li>\n<li><strong>Konkuren\u010dn\u00e9 ceny:<\/strong> V spolo\u010dnosti FMP pon\u00fakame konkurencieschopn\u00e9 ceny bez kompromisov v kvalite. Sna\u017e\u00edme sa z\u00e1kazn\u00edkom poskytn\u00fa\u0165 najlep\u0161\u00ed pomer ceny a kvality.<\/li>\n<\/ol>\n<p><img decoding=\"async\" src=\"https:\/\/fmp-components.com\/wp-content\/uploads\/2024\/12\/Adjustable-Clevis-Type-Cylinders-6.webp\" alt=\"Nastavite\u013en\u00fd valec typu Clevis\" width=\"807\" title=\"\"><\/p>\n<p>Z\u00e1kazn\u00edkom sa venujeme poskytovaniu vysokokvalitn\u00fdch produktov a slu\u017eieb a sme si ist\u00ed, \u017ee dok\u00e1\u017eeme splni\u0165 va\u0161e potreby t\u00fdkaj\u00face sa hydraulick\u00fdch valcov. V pr\u00edpade ak\u00fdchko\u013evek \u010fal\u0161\u00edch ot\u00e1zok alebo ak si chcete objedna\u0165, nev\u00e1hajte n\u00e1s kontaktova\u0165.<\/p>\n<p>Autor: CX<\/p>","protected":false},"excerpt":{"rendered":"<p>Factory Serving Small Hydraulic Cylinder Double Acting Hydraulic Cylinder For Snow Plow Factory Serving Small Hydraulic Cylinder Double Acting Hydraulic Cylinder For Snow Plow is a high-quality hydraulic cylinder designed specifically for use in snow plows. With its double acting capability, this cylinder delivers powerful and reliable performance, helping to clear snow and ice quickly [&hellip;]<\/p>","protected":false},"featured_media":1459,"comment_status":"closed","ping_status":"closed","template":"","meta":{"_et_pb_use_builder":"","_et_pb_old_content":"","_et_gb_content_width":""},"product_brand":[],"product_cat":[42],"product_tag":[34,44],"class_list":{"0":"post-1458","1":"product","2":"type-product","3":"status-publish","4":"has-post-thumbnail","6":"product_cat-snow-plow-hydraulic-cylinder","7":"product_tag-hydraulic-cylinder","8":"product_tag-snow-plow-hydraulic-cylinder","10":"first","11":"instock","12":"product-type-simple"},"_links":{"self":[{"href":"https:\/\/fmp-components.com\/sk\/wp-json\/wp\/v2\/product\/1458","targetHints":{"allow":["GET"]}}],"collection":[{"href":"https:\/\/fmp-components.com\/sk\/wp-json\/wp\/v2\/product"}],"about":[{"href":"https:\/\/fmp-components.com\/sk\/wp-json\/wp\/v2\/types\/product"}],"replies":[{"embeddable":true,"href":"https:\/\/fmp-components.com\/sk\/wp-json\/wp\/v2\/comments?post=1458"}],"wp:featuredmedia":[{"embeddable":true,"href":"https:\/\/fmp-components.com\/sk\/wp-json\/wp\/v2\/media\/1459"}],"wp:attachment":[{"href":"https:\/\/fmp-components.com\/sk\/wp-json\/wp\/v2\/media?parent=1458"}],"wp:term":[{"taxonomy":"product_brand","embeddable":true,"href":"https:\/\/fmp-components.com\/sk\/wp-json\/wp\/v2\/product_brand?post=1458"},{"taxonomy":"product_cat","embeddable":true,"href":"https:\/\/fmp-components.com\/sk\/wp-json\/wp\/v2\/product_cat?post=1458"},{"taxonomy":"product_tag","embeddable":true,"href":"https:\/\/fmp-components.com\/sk\/wp-json\/wp\/v2\/product_tag?post=1458"}],"curies":[{"name":"pracovn\u00fd list","href":"https:\/\/api.w.org\/{rel}","templated":true}]}}