{"id":1456,"date":"2024-12-23T05:49:26","date_gmt":"2024-12-23T05:49:26","guid":{"rendered":"https:\/\/fmp-components.com\/product\/factory-price-small-hydraulic-piston-cylinder-hydraulic-cylinder-double-acting-for-snow-plow\/"},"modified":"2024-12-23T06:41:55","modified_gmt":"2024-12-23T06:41:55","slug":"factory-price-small-hydraulic-piston-cylinder-hydraulic-cylinder-double-acting-for-snow-plow","status":"publish","type":"product","link":"https:\/\/fmp-components.com\/sk\/product\/factory-price-small-hydraulic-piston-cylinder-hydraulic-cylinder-double-acting-for-snow-plow\/","title":{"rendered":"V\u00fdrobn\u00e1 cena Mal\u00fd hydraulick\u00fd piestov\u00fd valec Hydraulick\u00fd valec Dvoj\u010dinn\u00fd pre snehov\u00fd pluh"},"content":{"rendered":"<p>V\u00fdrobn\u00e1 cena Mal\u00fd hydraulick\u00fd piestov\u00fd valec Hydraulick\u00fd valec Dvoj\u010dinn\u00fd pre snehov\u00fd pluh V\u00fdrobn\u00e1 cena Mal\u00fd hydraulick\u00fd piestov\u00fd valec Hydraulick\u00fd valec Dvoj\u010dinn\u00fd pre snehov\u00fd pluh je vysoko kvalitn\u00fd hydraulick\u00fd valec navrhnut\u00fd \u0161peci\u00e1lne pre pou\u017eitie v snehov\u00fdch pluhoch. Tento valec je dvoj\u010dinn\u00fd, \u010do znamen\u00e1, \u017ee poskytuje silu v oboch smeroch, v\u010faka \u010domu je ide\u00e1lny pre aplik\u00e1cie s pluhmi, kde s\u00fa potrebn\u00e9 tla\u010dn\u00e9 aj \u0165a\u017en\u00e9 sily.<\/p>\n<p><img decoding=\"async\" title=\"Hydraulick\u00fd valec snehov\u00e9ho pluhu\" src=\"https:\/\/hzpt.com\/wp-content\/uploads\/2023\/11\/Snow-Plow-Hydraulic-Cylinder-2.webp\" alt=\"Hydraulick\u00fd valec snehov\u00e9ho pluhu\" \/><\/p>\n<p>Hydraulick\u00fd valec vyroben\u00fd z odoln\u00fdch materi\u00e1lov je skon\u0161truovan\u00fd tak, aby odolal n\u00e1ro\u010dn\u00fdm podmienkam pri odh\u0155\u0148an\u00ed snehu. M\u00e1 kompaktn\u00fd dizajn, v\u010faka \u010domu sa \u013eahko in\u0161taluje a pou\u017e\u00edva. Valec m\u00e1 tie\u017e plynul\u00fd chod, \u010do zais\u0165uje efekt\u00edvny v\u00fdkon.<\/p>\n<p>Jednou z k\u013e\u00fa\u010dov\u00fdch v\u00fdhod tohto hydraulick\u00e9ho valca je jeho v\u00fdrobn\u00e1 cena. Napriek vysokej kvalite kon\u0161trukcie je cenovo konkurencieschopn\u00fd, v\u010faka \u010domu je cenovo v\u00fdhodnou vo\u013ebou pre v\u00fdrobcov a prev\u00e1dzkovate\u013eov snehov\u00fdch pluhov.<\/p>\n<p>Stru\u010dne povedan\u00e9, mal\u00fd hydraulick\u00fd piestov\u00fd valec s dvoj\u010dinn\u00fdm \u00fa\u010dinkom pre snehov\u00fd pluh za tov\u00e1rensk\u00fa cenu je spo\u013eahliv\u00fd, efekt\u00edvny a cenovo dostupn\u00fd hydraulick\u00fd valec, ktor\u00fd je ide\u00e1lny pre aplik\u00e1cie so snehov\u00fdmi pluhmi. Jeho robustn\u00e1 kon\u0161trukcia, plynul\u00fd chod a konkurencieschopn\u00e1 cena z neho robia ob\u013e\u00faben\u00fa vo\u013ebu medzi v\u00fdrobcami a prev\u00e1dzkovate\u013emi snehov\u00fdch pluhov. Predstavujeme produkt, ktor\u00fd dokonale vyva\u017euje v\u00fdkon, odolnos\u0165 a cenov\u00fa dostupnos\u0165. N\u00e1\u0161 mal\u00fd hydraulick\u00fd piestov\u00fd valec je \u0161peci\u00e1lne navrhnut\u00fd pre snehov\u00e9 pluhy a zais\u0165uje plynul\u00fd chod aj v t\u00fdch najdrsnej\u0161\u00edch poveternostn\u00fdch podmienkach.<\/p>\n<h2>K\u013e\u00fa\u010dov\u00e9 vlastnosti<\/h2>\n<p>Tento dvoj\u010dinn\u00fd hydraulick\u00fd valec sa dod\u00e1va s radom p\u00f4sobiv\u00fdch vlastnost\u00ed:<\/p>\n<ul>\n<li><strong>V\u00fdkon:<\/strong> Hydraulick\u00e9<\/li>\n<li><strong>Materi\u00e1l tela:<\/strong> Oce\u013e<\/li>\n<li><strong>Maxim\u00e1lny \u0165ah:<\/strong> 3000<\/li>\n<li><strong>Porty:<\/strong> G\/SAE\/NPT\/M<\/li>\n<li><strong>Maxim\u00e1lny \u0165ah:<\/strong> 20 ton<\/li>\n<li><strong>Certifik\u00e1cia:<\/strong> ISO9001:2000<\/li>\n<\/ul>\n<p><img decoding=\"async\" src=\"https:\/\/hzpt.com\/wp-content\/uploads\/2023\/11\/Snow-Plow-Hydraulic-Cylinder-4Factory.webp\" alt=\"\" title=\"\"><\/p>\n<h2>V\u00fdhody nastavite\u013en\u00fdch valcov s vidlicov\u00fdm uchyten\u00edm<\/h2>\n<p>Vo svete hydraulick\u00fdch syst\u00e9mov si nastavite\u013en\u00e9 valce s vidlicov\u00fdm uchyten\u00edm z\u00edskavaj\u00fa na popularite v\u010faka svojim jedine\u010dn\u00fdm vlastnostiam a v\u00fdhod\u00e1m. Tieto valce s\u00fa navrhnut\u00e9 s presnos\u0165ou a technickou dokonalos\u0165ou, v\u010faka \u010domu s\u00fa ide\u00e1lnou vo\u013ebou pre r\u00f4zne aplik\u00e1cie. V tomto blogovom pr\u00edspevku presk\u00famame v\u00fdhody nastavite\u013en\u00fdch valcov s vidlicov\u00fdm uchyten\u00edm a ponor\u00edme sa do ich zlo\u017eit\u00fdch detailov.<\/p>\n<p><strong>1. Zv\u00fd\u0161en\u00e1 flexibilita:<\/strong> Jednou z v\u00fdznamn\u00fdch v\u00fdhod nastavite\u013en\u00fdch valcov s vidlicov\u00fdm uchyten\u00edm je ich schopnos\u0165 poskytn\u00fa\u0165 zv\u00fd\u0161en\u00fa flexibilitu v hydraulick\u00fdch syst\u00e9moch. Tieto valce s\u00fa navrhnut\u00e9 tak, aby umo\u017e\u0148ovali jednoduch\u00e9 nastavenie polohy vidlicov\u00e9ho uchytenia, \u010do umo\u017e\u0148uje presn\u00e9 zarovnanie a umiestnenie valca.<\/p>\n<p><strong>2. Optim\u00e1lny v\u00fdkon:<\/strong> Nastavite\u013en\u00e9 valce s vidlicov\u00fdm uchyten\u00edm pon\u00fakaj\u00fa optim\u00e1lny v\u00fdkon v\u010faka svojmu pokro\u010dil\u00e9mu dizajnu a kon\u0161trukcii. Tieto valce s\u00fa skon\u0161truovan\u00e9 tak, aby odolali vysok\u00e9mu tlaku a \u0165a\u017ek\u00fdm za\u0165a\u017eeniam, \u010d\u00edm zabezpe\u010duj\u00fa plynul\u00fa a efekt\u00edvnu prev\u00e1dzku v r\u00f4znych aplik\u00e1ci\u00e1ch. \u010ci u\u017e ide o zdv\u00edhanie \u0165a\u017ek\u00fdch strojov alebo obsluhu snehov\u00e9ho pluhu, tieto valce poskytuj\u00fa v\u00fdnimo\u010dn\u00fd v\u00fdkon.<\/p>\n<p><strong>3. V\u0161estrannos\u0165:<\/strong> \u010eal\u0161ou pozoruhodnou v\u00fdhodou je v\u0161estrannos\u0165 nastavite\u013en\u00fdch valcov s vidlicov\u00fdm uchyten\u00edm. Tieto valce sa daj\u00fa pou\u017ei\u0165 v \u0161irokej \u0161k\u00e1le odvetv\u00ed vr\u00e1tane stavebn\u00edctva, po\u013enohospod\u00e1rstva a v\u00fdroby. \u010ci u\u017e potrebujete hydraulick\u00fd valec pre mal\u00fd projekt alebo pre rozsiahle priemyseln\u00e9 aplik\u00e1cie, nastavite\u013en\u00e9 valce s vidlicov\u00fdm uchyten\u00edm dok\u00e1\u017eu splni\u0165 va\u0161e po\u017eiadavky.<\/p>\n<p><strong>4. Trvanlivos\u0165:<\/strong> Pokia\u013e ide o hydraulick\u00e9 syst\u00e9my, odolnos\u0165 je nanajv\u00fd\u0161 d\u00f4le\u017eit\u00e1. Nastavite\u013en\u00e9 valce s vidlicov\u00fdm uchyten\u00edm s\u00fa zn\u00e1me svojou v\u00fdnimo\u010dnou odolnos\u0165ou a dlhou \u017eivotnos\u0165ou. Tieto valce s\u00fa vyroben\u00e9 z vysoko kvalitn\u00fdch materi\u00e1lov a prech\u00e1dzaj\u00fa pr\u00edsnymi testami, aby sa zabezpe\u010dilo, \u017ee odol\u00e1vaj\u00fa n\u00e1ro\u010dn\u00fdm podmienkam prostredia a intenz\u00edvnemu pou\u017e\u00edvaniu.<\/p>\n<p><strong>5. Jednoduch\u00e1 \u00fadr\u017eba:<\/strong> \u00dadr\u017eba hydraulick\u00fdch syst\u00e9mov m\u00f4\u017ee by\u0165 zlo\u017eit\u00e1 \u00faloha, ale nastavite\u013en\u00e9 valce s vidlicov\u00fdm uchyten\u00edm tento proces zjednodu\u0161uj\u00fa. Tieto valce s\u00fa navrhnut\u00e9 pre jednoduch\u00fa \u00fadr\u017ebu a maj\u00fa funkcie, ako s\u00fa pr\u00edstupn\u00e9 maznice a s\u00fapravy tesnen\u00ed. V\u010faka tomu je be\u017en\u00e1 \u00fadr\u017eba a opravy bezprobl\u00e9mov\u00e1, \u010do \u0161etr\u00ed \u010das a n\u00e1mahu.<\/p>\n<p><strong>6. N\u00e1kladovo efekt\u00edvne:<\/strong> V neposlednom rade pon\u00fakaj\u00fa nastavite\u013en\u00e9 valce s vidlicov\u00fdm z\u00e1vitom cenovo v\u00fdhodn\u00e9 rie\u0161enie pre hydraulick\u00e9 aplik\u00e1cie. Tieto valce sa dod\u00e1vaj\u00fa s v\u00fdhodami oproti p\u00f4vodnej cene, v\u010faka \u010domu s\u00fa cenovo dostupnou vo\u013ebou bez kompromisov v oblasti kvality a v\u00fdkonu. K ich n\u00e1kladovej efekt\u00edvnosti prispieva aj ich dlh\u00e1 \u017eivotnos\u0165 a n\u00edzke n\u00e1roky na \u00fadr\u017ebu.<\/p>\n<p>Z\u00e1verom mo\u017eno poveda\u0165, \u017ee nastavite\u013en\u00e9 valce s vidlicov\u00fdm uchyten\u00edm prin\u00e1\u0161aj\u00fa hydraulick\u00fdm syst\u00e9mom mno\u017estvo v\u00fdhod. Ich flexibilita, optim\u00e1lny v\u00fdkon, v\u0161estrannos\u0165, odolnos\u0165, jednoduch\u00e1 \u00fadr\u017eba a n\u00e1kladov\u00e1 efekt\u00edvnos\u0165 z nich robia najlep\u0161iu vo\u013ebu pre r\u00f4zne odvetvia. \u010ci u\u017e potrebujete mal\u00fd hydraulick\u00fd piestov\u00fd valec alebo dvoj\u010dinn\u00fd valec pre snehov\u00fd pluh, nastavite\u013en\u00e9 valce s vidlicov\u00fdm uchyten\u00edm s\u00fa rie\u0161en\u00edm, na ktor\u00e9 sa m\u00f4\u017eete spo\u013eahn\u00fa\u0165.<\/p>\n<h3>O spolo\u010dnosti FMP \u2013 Va\u0161e rie\u0161enie pre vysoko kvalitn\u00e9 hydraulick\u00e9 valce<\/h3>\n<p>H\u013ead\u00e1te spo\u013eahliv\u00e9 a vysoko kvalitn\u00e9 hydraulick\u00e9 valce, ktor\u00e9 vydr\u017eia aj tie najn\u00e1ro\u010dnej\u0161ie pracovisk\u00e1? Neh\u013eadajte \u010falej ako FMP! Ako popredn\u00fd dod\u00e1vate\u013e dielov a servisu pre stavebn\u00e9 stroje a kompletn\u00e9 stroje sa \u0161pecializujeme na v\u00fdrobu \u0161pi\u010dkov\u00fdch hydraulick\u00fdch valcov pre v\u0161etky va\u0161e stavebn\u00e9 potreby.<\/p>\n<p>Tu je len nieko\u013eko d\u00f4vodov, pre\u010do by ste si mali pre svoje potreby v oblasti hydraulick\u00fdch valcov vybra\u0165 FMP:<\/p>\n<p>1. <strong>Bezkonkuren\u010dn\u00e1 kvalita:<\/strong> V spolo\u010dnosti FMP berieme kvalitu v\u00e1\u017ene. Materi\u00e1ly z\u00edskavame len od najuzn\u00e1vanej\u0161\u00edch dod\u00e1vate\u013eov a zabezpe\u010dujeme, aby ka\u017ed\u00e1 f\u013ea\u0161a, ktor\u00e1 op\u00fa\u0161\u0165a n\u00e1\u0161 sklad, sp\u013a\u0148ala na\u0161e pr\u00edsne \u0161tandardy kvality.<\/p>\n<p>2. <strong>Rozsiahly sortiment produktov:<\/strong> N\u00e1\u0161 sortiment je \u0161irok\u00fd a rozmanit\u00fd a zah\u0155\u0148a nastavite\u013en\u00e9 valce s vidlicov\u00fdm uz\u00e1verom, jedno\u010dinn\u00e9 valce, teleskopick\u00e9 valce a mnoho \u010fal\u0161\u00edch. Nech u\u017e s\u00fa va\u0161e \u0161pecifick\u00e9 potreby ak\u00e9ko\u013evek, m\u00e1me hydraulick\u00fd valec, ktor\u00fd spln\u00ed v\u0161etky va\u0161e po\u017eiadavky.<\/p>\n<p>3. <strong>Profesion\u00e1lny t\u00edm:<\/strong> N\u00e1\u0161 t\u00edm odborn\u00edkov m\u00e1 bohat\u00e9 sk\u00fasenosti v odvetv\u00ed stavebn\u00fdch strojov a m\u00f4\u017ee v\u00e1m pon\u00faknu\u0165 individu\u00e1lne konzult\u00e1cie o produktoch a n\u00e1vrhy na n\u00e1kup, aby ste si zabezpe\u010dili ten spr\u00e1vny hydraulick\u00fd valec pre v\u00e1\u0161 projekt.<\/p>\n<p>4. <strong>Efekt\u00edvna logistika:<\/strong> Ch\u00e1peme, \u017ee v stavebn\u00edctve s\u00fa \u010das peniaze. Preto m\u00e1me zaveden\u00fd efekt\u00edvny logistick\u00fd distribu\u010dn\u00fd syst\u00e9m, aby sme zabezpe\u010dili, \u017ee va\u0161e hydraulick\u00e9 valce dostanete v\u010das a presne.<\/p>\n<p>5. <strong>Konkuren\u010dn\u00e9 ceny:<\/strong> V spolo\u010dnosti FMP ver\u00edme, \u017ee kvalita by nemala by\u0165 na prvom mieste. Na v\u0161etky na\u0161e hydraulick\u00e9 valce pon\u00fakame konkurencieschopn\u00e9 ceny bez kompromisov v oblasti kvality alebo spo\u013eahlivosti.<\/p>\n<p>\u010ci u\u017e teda h\u013ead\u00e1te nastavite\u013en\u00e9 valce s vidlicov\u00fdm uchyten\u00edm alebo ak\u00fdko\u013evek in\u00fd hydraulick\u00fd valec pre va\u0161e stavebn\u00e9 potreby, d\u00f4verujte spolo\u010dnosti FMP, \u017ee v\u00e1m dod\u00e1 tie najlep\u0161ie produkty a slu\u017eby v tomto odvetv\u00ed. Kontaktujte n\u00e1s e\u0161te dnes a dozviete sa viac a za\u010dnite!<\/p>\n<p><img decoding=\"async\" src=\"https:\/\/fmp-components.com\/wp-content\/uploads\/2024\/12\/Adjustable-Clevis-Type-Cylinders-6.webp\" alt=\"Nastavite\u013en\u00fd valec typu Clevis\" width=\"806\" title=\"\">Autor: CX<\/p>","protected":false},"excerpt":{"rendered":"<p>Factory Price Small Hydraulic Piston Cylinder Hydraulic Cylinder Double Acting For Snow PlowFactory Price Small Hydraulic Piston Cylinder Hydraulic Cylinder Double Acting For Snow Plow is a high-quality hydraulic cylinder designed specifically for use in snow plows. This cylinder is double-acting, which means it provides force in both directions, making it ideal for plow applications [&hellip;]<\/p>","protected":false},"featured_media":1457,"comment_status":"closed","ping_status":"closed","template":"","meta":{"_et_pb_use_builder":"","_et_pb_old_content":"","_et_gb_content_width":""},"product_brand":[],"product_cat":[42],"product_tag":[34,44],"class_list":{"0":"post-1456","1":"product","2":"type-product","3":"status-publish","4":"has-post-thumbnail","6":"product_cat-snow-plow-hydraulic-cylinder","7":"product_tag-hydraulic-cylinder","8":"product_tag-snow-plow-hydraulic-cylinder","10":"first","11":"instock","12":"product-type-simple"},"_links":{"self":[{"href":"https:\/\/fmp-components.com\/sk\/wp-json\/wp\/v2\/product\/1456","targetHints":{"allow":["GET"]}}],"collection":[{"href":"https:\/\/fmp-components.com\/sk\/wp-json\/wp\/v2\/product"}],"about":[{"href":"https:\/\/fmp-components.com\/sk\/wp-json\/wp\/v2\/types\/product"}],"replies":[{"embeddable":true,"href":"https:\/\/fmp-components.com\/sk\/wp-json\/wp\/v2\/comments?post=1456"}],"wp:featuredmedia":[{"embeddable":true,"href":"https:\/\/fmp-components.com\/sk\/wp-json\/wp\/v2\/media\/1457"}],"wp:attachment":[{"href":"https:\/\/fmp-components.com\/sk\/wp-json\/wp\/v2\/media?parent=1456"}],"wp:term":[{"taxonomy":"product_brand","embeddable":true,"href":"https:\/\/fmp-components.com\/sk\/wp-json\/wp\/v2\/product_brand?post=1456"},{"taxonomy":"product_cat","embeddable":true,"href":"https:\/\/fmp-components.com\/sk\/wp-json\/wp\/v2\/product_cat?post=1456"},{"taxonomy":"product_tag","embeddable":true,"href":"https:\/\/fmp-components.com\/sk\/wp-json\/wp\/v2\/product_tag?post=1456"}],"curies":[{"name":"pracovn\u00fd list","href":"https:\/\/api.w.org\/{rel}","templated":true}]}}