{"id":1454,"date":"2024-12-23T05:49:26","date_gmt":"2024-12-23T05:49:26","guid":{"rendered":"https:\/\/fmp-components.com\/product\/good-quality-double-effect-small-2-ton-snow-plow-hydraulic-cylinder-double-acting\/"},"modified":"2024-12-23T06:37:14","modified_gmt":"2024-12-23T06:37:14","slug":"good-quality-double-effect-small-2-ton-snow-plow-hydraulic-cylinder-double-acting","status":"publish","type":"product","link":"https:\/\/fmp-components.com\/sk\/product\/good-quality-double-effect-small-2-ton-snow-plow-hydraulic-cylinder-double-acting\/","title":{"rendered":"Kvalitn\u00fd dvojit\u00fd efekt Mal\u00fd 2-tonov\u00fd hydraulick\u00fd valec na snehov\u00fd pluh s dvoj\u010dinn\u00fdm \u00fa\u010dinkom"},"content":{"rendered":"<h2>Kvalitn\u00fd dvojit\u00fd efekt Mal\u00fd 2-tonov\u00fd hydraulick\u00fd valec na snehov\u00fd pluh s dvoj\u010dinn\u00fdm \u00fa\u010dinkom<\/h2>\n<p>Kvalitn\u00fd dvoj\u010dinn\u00fd hydraulick\u00fd valec pre mal\u00fd 2-tonov\u00fd snehov\u00fd pluh s dvojit\u00fdm \u00fa\u010dinkom je \u0161pi\u010dkov\u00fd produkt navrhnut\u00fd tak, aby odstra\u0148ovanie snehu bolo hra\u010dkou. Tento hydraulick\u00fd valec sa m\u00f4\u017ee pochv\u00e1li\u0165 mal\u00fdm tvarom a dvoj\u010dinnou kon\u0161trukciou, \u010do poskytuje vynikaj\u00faci v\u00fdkon a \u00fa\u010dinnos\u0165.<\/p>\n<p>Tento hydraulick\u00fd valec je vyroben\u00fd z vysoko kvalitn\u00fdch materi\u00e1lov a je navrhnut\u00fd tak, aby vydr\u017eal. Jeho dvoj\u010dinn\u00e1 kon\u0161trukcia umo\u017e\u0148uje plynul\u00fd a presn\u00fd chod, \u010d\u00edm zabezpe\u010duje, \u017ee v\u00e1\u0161 snehov\u00fd pluh si s \u013eahkos\u0165ou porad\u00ed s ak\u00fdmko\u013evek ter\u00e9nom. Valec m\u00e1 tie\u017e odoln\u00fd vonkaj\u0161\u00ed n\u00e1ter, ktor\u00fd poskytuje ochranu pred nepriazniv\u00fdmi poveternostn\u00fdmi podmienkami a kor\u00f3ziou.<\/p>\n<p>S nosnos\u0165ou 2 tony je tento hydraulick\u00fd valec ide\u00e1lny na pou\u017eitie s mal\u00fdmi a\u017e stredne ve\u013ek\u00fdmi snehov\u00fdmi pluhmi. Jeho kompaktn\u00fd dizajn zais\u0165uje, \u017ee sa \u013eahko zmest\u00ed do stiesnen\u00fdch priestorov, v\u010faka \u010domu je ide\u00e1lny na pou\u017eitie v obytn\u00fdch z\u00f3nach a men\u0161\u00edch komer\u010dn\u00fdch objektoch.<\/p>\n<p>Ak h\u013ead\u00e1te spo\u013eahliv\u00fd a efekt\u00edvny hydraulick\u00fd valec pre v\u00e1\u0161 snehov\u00fd pluh, neh\u013eadajte \u010falej ako kvalitn\u00fd dvoj\u010dinn\u00fd mal\u00fd 2-tonov\u00fd hydraulick\u00fd valec pre snehov\u00fd pluh s dvojit\u00fdm \u00fa\u010dinkom. V\u010faka vynikaj\u00facemu dizajnu a kon\u0161trukcii si m\u00f4\u017eete by\u0165 ist\u00ed, \u017ee tento produkt v\u00e1m poskytne v\u00fdnimo\u010dn\u00fd v\u00fdkon a odolnos\u0165 po mnoho rokov.<\/p>\n<div>\n<h2>Predstavujeme n\u00e1\u0161 \u0161pi\u010dkov\u00fd hydraulick\u00fd valec pre mal\u00fd 2-tonov\u00fd snehov\u00fd pluh s dvojit\u00fdm \u00fa\u010dinkom<\/h2>\n<p>N\u00e1\u0161 hydraulick\u00fd valec pre sne\u017en\u00fd pluh je navrhnut\u00fd tak, aby zvy\u0161oval v\u00fdkon a efektivitu v energetike a ban\u00edctve, stroj\u00e1rstve a opravovniach strojov. Tento valec je vyroben\u00fd z ocele, je odoln\u00fd a spo\u013eahliv\u00fd a na jeho kvalitu sa vz\u0165ahuje jednoro\u010dn\u00e1 z\u00e1ruka.<\/p>\n<h2>Vlastnosti produktu<\/h2>\n<h3>Vysok\u00e1 kvalita a spo\u013eahlivos\u0165<\/h3>\n<p>N\u00e1\u0161 hydraulick\u00fd valec na snehov\u00fd pluh je vyroben\u00fd z ocele, aby sa zabezpe\u010dila jeho odolnos\u0165 a dlh\u00e1 \u017eivotnos\u0165. M\u00e1 piestov\u00fa kon\u0161trukciu poh\u00e1\u0148an\u00fa hydraulick\u00fdm syst\u00e9mom, ktor\u00fd poskytuje maxim\u00e1lny \u0165ah 3000 a maxim\u00e1lny \u0165ah 20 ton. Tento produkt je tie\u017e certifikovan\u00fd pod\u013ea normy ISO9001:2000, \u010do zaru\u010duje jeho vysok\u00fa kvalitu a spo\u013eahlivos\u0165.<\/p>\n<h3>Efekt\u00edvnos\u0165 a v\u00fdkon<\/h3>\n<p>S priemerom v\u0155tania od 2 do 6 palcov, priemerom ty\u010de od 1,125 do 4 palcov a zdvihom od 4 do 100 palcov je n\u00e1\u0161 hydraulick\u00fd valec na snehov\u00fd pluh navrhnut\u00fd tak, aby poskytoval vynikaj\u00faci v\u00fdkon a \u00fa\u010dinnos\u0165. M\u00e1 ve\u013ekos\u0165 \u010dapu od 0,5 do 2 palcov a je vybaven\u00fd portami G\/SAE\/NPT\/M pre v\u0161estrannos\u0165 a kompatibilitu.<\/p>\n<h3>Bezpe\u010dnos\u0165 a stabilita<\/h3>\n<p>Bezpe\u010dnos\u0165 a stabilita n\u00e1\u0161ho hydraulick\u00e9ho valca na snehov\u00fd pluh je zaru\u010den\u00e1 jeho \u0161tandardnou kon\u0161trukciou a z\u00e1kladn\u00fdmi komponentmi vr\u00e1tane lo\u017eiska a samotn\u00e9ho hydraulick\u00e9ho valca. Navy\u0161e, v\u010faka nov\u00e9mu marketingov\u00e9mu typu produktu z roku 2023 si m\u00f4\u017eete by\u0165 ist\u00ed, \u017ee sp\u013a\u0148a s\u00fa\u010dasn\u00e9 priemyseln\u00e9 \u0161tandardy.<\/p>\n<p><img decoding=\"async\" title=\"Hydraulick\u00fd valec snehov\u00e9ho pluhu\" src=\"https:\/\/hzpt.com\/wp-content\/uploads\/2023\/11\/Snow-Plow-Hydraulic-Cylinder-1.webp\" alt=\"Hydraulick\u00fd valec snehov\u00e9ho pluhu\" \/><\/p>\n<\/div>\n<h2>V\u00fdhody nastavite\u013en\u00fdch valcov s vidlicov\u00fdm uchyten\u00edm<\/h2>\n<p>Nastavite\u013en\u00e9 valce s vidlicov\u00fdm z\u00e1vesom, zn\u00e1me aj ako hydraulick\u00e9 valce, sa v\u010faka svojej v\u0161estrannosti a \u00fa\u010dinnosti \u0161iroko pou\u017e\u00edvaj\u00fa v r\u00f4znych odvetviach. Tieto valce pon\u00fakaj\u00fa nieko\u013eko v\u00fdhod, v\u010faka ktor\u00fdm s\u00fa ob\u013e\u00fabenou vo\u013ebou medzi profesion\u00e1lmi. V tomto \u010dl\u00e1nku sa podrobne budeme venova\u0165 v\u00fdhod\u00e1m nastavite\u013en\u00fdch valcov s vidlicov\u00fdm z\u00e1vesom.<\/p>\n<p>1. <strong>Zv\u00fd\u0161en\u00e1 flexibilita: <\/strong>Nastavite\u013en\u00e9 valce s vidlicov\u00fdm uchyten\u00edm poskytuj\u00fa zv\u00fd\u0161en\u00fa flexibilitu z h\u013eadiska dizajnu a prev\u00e1dzky. Tieto valce sa daj\u00fa \u013eahko nastavi\u0165 tak, aby vyhovovali r\u00f4znym aplik\u00e1ci\u00e1m a po\u017eiadavk\u00e1m, v\u010faka \u010domu s\u00fa vhodn\u00e9 pre \u0161irok\u00fa \u0161k\u00e1lu \u00faloh. \u010ci u\u017e ide o zdv\u00edhanie \u0165a\u017ek\u00fdch strojov alebo obsluhu zlo\u017eit\u00fdch syst\u00e9mov, nastavite\u013en\u00e9 valce s vidlicov\u00fdm uchyten\u00edm pon\u00fakaj\u00fa flexibilitu potrebn\u00fa na efekt\u00edvne vykonanie pr\u00e1ce.<\/p>\n<p>2. <strong>Zlep\u0161en\u00e1 odolnos\u0165: <\/strong>Jednou z hlavn\u00fdch v\u00fdhod nastavite\u013en\u00fdch vidlicov\u00fdch valcov je ich odolnos\u0165. Tieto valce s\u00fa navrhnut\u00e9 tak, aby odolali vysok\u00e9mu tlaku a ve\u013ek\u00e9mu za\u0165a\u017eeniu, v\u010faka \u010domu s\u00fa spo\u013eahlivou vo\u013ebou pre n\u00e1ro\u010dn\u00e9 aplik\u00e1cie. Materi\u00e1ly pou\u017eit\u00e9 pri ich kon\u0161trukcii, ako napr\u00edklad vysokokvalitn\u00e1 oce\u013e a pokro\u010dil\u00e9 tesnenia, zabezpe\u010duj\u00fa dlhotrvaj\u00faci v\u00fdkon aj v n\u00e1ro\u010dn\u00fdch podmienkach.<\/p>\n<p>3. <strong>Optimalizovan\u00fd v\u00fdkon: <\/strong>Nastavite\u013en\u00e9 valce s vidlicov\u00fdm uz\u00e1verom s\u00fa navrhnut\u00e9 tak, aby poskytovali optim\u00e1lny v\u00fdkon v r\u00f4znych aplik\u00e1ci\u00e1ch. Ich dvoj\u010dinn\u00e1 funkcia umo\u017e\u0148uje tla\u010dn\u00e9 aj \u0165a\u017en\u00e9 sily, v\u010faka \u010domu s\u00fa vysoko efekt\u00edvne pri \u00faloh\u00e1ch, ktor\u00e9 vy\u017eaduj\u00fa presn\u00e9 ovl\u00e1danie a plynul\u00fd chod. T\u00e1to v\u0161estrannos\u0165 zabezpe\u010duje, \u017ee valce mo\u017eno pou\u017ei\u0165 v \u0161irokej \u0161k\u00e1le odvetv\u00ed vr\u00e1tane stavebn\u00edctva, v\u00fdroby a po\u013enohospod\u00e1rstva.<\/p>\n<p>4. <strong>Pokro\u010dil\u00e9 bezpe\u010dnostn\u00e9 funkcie: <\/strong>Nastavite\u013en\u00e9 valce s vidlicov\u00fdm uchyten\u00edm s\u00fa vybaven\u00e9 pokro\u010dil\u00fdmi bezpe\u010dnostn\u00fdmi prvkami, ktor\u00e9 zais\u0165uj\u00fa bezpe\u010dnos\u0165 obsluhy a zariadenia. Tieto valce s\u00fa navrhnut\u00e9 tak, aby zabr\u00e1nili pre\u0165a\u017eeniu a poskytovali spo\u013eahliv\u00e9 brzdn\u00e9 schopnosti, \u010d\u00edm zni\u017euj\u00fa riziko neh\u00f4d a po\u0161kodenia. Okrem toho nastavite\u013en\u00e1 kon\u0161trukcia vidlicov\u00e9ho uchytenia umo\u017e\u0148uje jednoduch\u00fa in\u0161tal\u00e1ciu a bezpe\u010dn\u00e9 upevnenie, \u010d\u00edm sa \u010falej zvy\u0161uje celkov\u00e1 bezpe\u010dnos\u0165 syst\u00e9mu.<\/p>\n<p>5. <strong>Zv\u00fd\u0161en\u00e1 produktivita: <\/strong>V\u010faka svojmu vynikaj\u00facemu v\u00fdkonu a spo\u013eahlivosti prispievaj\u00fa nastavite\u013en\u00e9 vidlicov\u00e9 valce k zv\u00fd\u0161eniu produktivity v r\u00f4znych odvetviach. Presn\u00e9 ovl\u00e1danie a efekt\u00edvna prev\u00e1dzka t\u00fdchto valcov umo\u017e\u0148uje r\u00fdchlej\u0161ie dokon\u010denie \u00faloh, skracuje prestoje a zlep\u0161uje celkov\u00fa efektivitu. Ich schopnos\u0165 zvl\u00e1da\u0165 \u0165a\u017ek\u00e9 bremen\u00e1 tie\u017e umo\u017e\u0148uje zv\u00fd\u0161i\u0165 produktivitu pri zdv\u00edhac\u00edch a premiest\u0148ovac\u00edch oper\u00e1ci\u00e1ch.<\/p>\n<p>Z\u00e1verom mo\u017eno poveda\u0165, \u017ee nastavite\u013en\u00e9 valce s vidlicov\u00fdm uchyten\u00edm pon\u00fakaj\u00fa mno\u017estvo v\u00fdhod, v\u010faka ktor\u00fdm s\u00fa preferovanou vo\u013ebou v mnoh\u00fdch odvetviach. Od zv\u00fd\u0161enej flexibility a odolnosti a\u017e po optimalizovan\u00fd v\u00fdkon a pokro\u010dil\u00e9 bezpe\u010dnostn\u00e9 prvky s\u00fa tieto valce navrhnut\u00e9 tak, aby sp\u013a\u0148ali po\u017eiadavky n\u00e1ro\u010dn\u00fdch aplik\u00e1ci\u00ed. Ich schopnos\u0165 zv\u00fd\u0161i\u0165 produktivitu a zvl\u00e1dnu\u0165 \u0165a\u017ek\u00e9 bremen\u00e1 \u010falej upev\u0148uje ich poz\u00edciu ako preferovan\u00e9ho rie\u0161enia na trhu s hydraulick\u00fdmi syst\u00e9mami. \u010ci u\u017e ide o stavebn\u00edctvo, v\u00fdrobu alebo ak\u00e9ko\u013evek in\u00e9 odvetvie, nastavite\u013en\u00e9 valce s vidlicov\u00fdm uchyten\u00edm sa ukazuj\u00fa ako cenn\u00fd pr\u00ednos.<\/p>\n<h3>O FMP<\/h3>\n<p>FMP je spolo\u010dnos\u0165, ktor\u00e1 sa \u0161pecializuje na v\u00fdrobu a predaj hydraulick\u00fdch valcov. V\u010faka dlhoro\u010dn\u00fdm sk\u00fasenostiam v odbore a profesion\u00e1lnemu t\u00edmu sa venujeme poskytovaniu vysoko kvalitn\u00fdch a spo\u013eahliv\u00fdch hydraulick\u00fdch valcov z\u00e1kazn\u00edkom.<\/p>\n<p>Na\u0161e hydraulick\u00e9 valce s\u00fa navrhnut\u00e9 a vyroben\u00e9 tak, aby sp\u013a\u0148ali najvy\u0161\u0161ie priemyseln\u00e9 \u0161tandardy. Tu je p\u00e4\u0165 k\u013e\u00fa\u010dov\u00fdch v\u00fdhod na\u0161ich produktov a spolo\u010dnosti:<\/p>\n<p><strong>1. \u0160irok\u00e1 \u0161k\u00e1la mo\u017enost\u00ed:<\/strong> Pon\u00fakame \u0161irok\u00fd sortiment hydraulick\u00fdch valcov, ktor\u00e9 uspokoja r\u00f4zne potreby. \u010ci u\u017e potrebujete \u0161tandardn\u00e9 valce alebo rie\u0161enia na mieru, m\u00e1me odborn\u00e9 znalosti, aby sme v\u00e1m poskytli perfektn\u00e9 rie\u0161enie pre va\u0161u aplik\u00e1ciu.<\/p>\n<p><strong>2. V\u00fdnimo\u010dn\u00e1 kvalita:<\/strong> V spolo\u010dnosti FMP kladieme d\u00f4raz na kvalitu v ka\u017edom aspekte n\u00e1\u0161ho v\u00fdrobn\u00e9ho procesu. Na\u0161e hydraulick\u00e9 valce s\u00fa vyroben\u00e9 z prvotriednych materi\u00e1lov a prech\u00e1dzaj\u00fa pr\u00edsnymi testami, aby sa zabezpe\u010dila ich odolnos\u0165 a spo\u013eahlivos\u0165.<\/p>\n<p><strong>3. Pokro\u010dil\u00e1 technol\u00f3gia:<\/strong> V na\u0161ich v\u00fdrobn\u00fdch procesoch vyu\u017e\u00edvame najnov\u0161ie technologick\u00e9 pokroky. To n\u00e1m umo\u017e\u0148uje dod\u00e1va\u0165 hydraulick\u00e9 valce, ktor\u00e9 s\u00fa na \u010dele inov\u00e1ci\u00ed so zv\u00fd\u0161en\u00fdm v\u00fdkonom a \u00fa\u010dinnos\u0165ou.<\/p>\n<p><strong>4. Odborn\u00e1 konzult\u00e1cia:<\/strong> N\u00e1\u0161 sk\u00fasen\u00fd obchodn\u00fd t\u00edm m\u00e1 bohat\u00e9 znalosti v odvetv\u00ed stavebn\u00fdch strojov. Poskytne v\u00e1m odborn\u00e9 poradenstvo oh\u013eadom produktov a pom\u00f4\u017ee v\u00e1m vybra\u0165 si ten spr\u00e1vny hydraulick\u00fd valec pre va\u0161e \u0161pecifick\u00e9 po\u017eiadavky.<\/p>\n<p><strong>5. Efekt\u00edvna logistika:<\/strong> Ch\u00e1peme d\u00f4le\u017eitos\u0165 v\u010dasn\u00e9ho dodania. N\u00e1\u0161 efekt\u00edvny logistick\u00fd distribu\u010dn\u00fd syst\u00e9m zabezpe\u010duje, \u017ee dostanete po\u017eadovan\u00e9 hydraulick\u00e9 valce v\u010das a presne, \u010d\u00edm sa minimalizuj\u00fa prestoje a maximalizuje produktivita.<\/p>\n<p><img decoding=\"async\" src=\"https:\/\/fmp-components.com\/wp-content\/uploads\/2024\/12\/Adjustable-Clevis-Type-Cylinders-6.webp\" alt=\"Nastavite\u013en\u00fd valec typu Clevis\" width=\"805\" title=\"\"><\/p>\n<p>Autor: CX<\/p>","protected":false},"excerpt":{"rendered":"<p>Good Quality Double Effect Small 2 Ton Snow Plow Hydraulic Cylinder Double Acting Good Quality Double Effect Small 2 Ton Snow Plow Hydraulic Cylinder Double Acting is a top-of-the-line product designed to make snow removal a breeze. This hydraulic cylinder boasts a small form factor and a dual-acting design, providing superior performance and efficiency. Constructed [&hellip;]<\/p>","protected":false},"featured_media":1455,"comment_status":"closed","ping_status":"closed","template":"","meta":{"_et_pb_use_builder":"","_et_pb_old_content":"","_et_gb_content_width":""},"product_brand":[],"product_cat":[42],"product_tag":[34,44],"class_list":{"0":"post-1454","1":"product","2":"type-product","3":"status-publish","4":"has-post-thumbnail","6":"product_cat-snow-plow-hydraulic-cylinder","7":"product_tag-hydraulic-cylinder","8":"product_tag-snow-plow-hydraulic-cylinder","10":"first","11":"instock","12":"product-type-simple"},"_links":{"self":[{"href":"https:\/\/fmp-components.com\/sk\/wp-json\/wp\/v2\/product\/1454","targetHints":{"allow":["GET"]}}],"collection":[{"href":"https:\/\/fmp-components.com\/sk\/wp-json\/wp\/v2\/product"}],"about":[{"href":"https:\/\/fmp-components.com\/sk\/wp-json\/wp\/v2\/types\/product"}],"replies":[{"embeddable":true,"href":"https:\/\/fmp-components.com\/sk\/wp-json\/wp\/v2\/comments?post=1454"}],"wp:featuredmedia":[{"embeddable":true,"href":"https:\/\/fmp-components.com\/sk\/wp-json\/wp\/v2\/media\/1455"}],"wp:attachment":[{"href":"https:\/\/fmp-components.com\/sk\/wp-json\/wp\/v2\/media?parent=1454"}],"wp:term":[{"taxonomy":"product_brand","embeddable":true,"href":"https:\/\/fmp-components.com\/sk\/wp-json\/wp\/v2\/product_brand?post=1454"},{"taxonomy":"product_cat","embeddable":true,"href":"https:\/\/fmp-components.com\/sk\/wp-json\/wp\/v2\/product_cat?post=1454"},{"taxonomy":"product_tag","embeddable":true,"href":"https:\/\/fmp-components.com\/sk\/wp-json\/wp\/v2\/product_tag?post=1454"}],"curies":[{"name":"pracovn\u00fd list","href":"https:\/\/api.w.org\/{rel}","templated":true}]}}