{"id":1452,"date":"2024-12-23T05:49:26","date_gmt":"2024-12-23T05:49:26","guid":{"rendered":"https:\/\/fmp-components.com\/product\/double-effect-hydraulic-cylinder-small-hydraulic-cylinder-for-snow-plow\/"},"modified":"2024-12-23T06:43:34","modified_gmt":"2024-12-23T06:43:34","slug":"double-effect-hydraulic-cylinder-small-hydraulic-cylinder-for-snow-plow","status":"publish","type":"product","link":"https:\/\/fmp-components.com\/sk\/product\/double-effect-hydraulic-cylinder-small-hydraulic-cylinder-for-snow-plow\/","title":{"rendered":"Dvojit\u00fd hydraulick\u00fd valec Mal\u00fd hydraulick\u00fd valec pre snehov\u00fd pluh"},"content":{"rendered":"<h2>Dvojit\u00fd hydraulick\u00fd valec Mal\u00fd hydraulick\u00fd valec pre snehov\u00fd pluh<\/h2>\n<p>Hydraulick\u00fd valec s dvojit\u00fdm \u00fa\u010dinkom Mal\u00fd hydraulick\u00fd valec pre snehov\u00e9 pluhy je vysoko kvalitn\u00fd produkt ur\u010den\u00fd na pou\u017eitie v snehov\u00fdch pluhoch. Valec je vyroben\u00fd s presnos\u0165ou a odoln\u00fdmi materi\u00e1lmi, aby sa zabezpe\u010dila jeho dlh\u00e1 \u017eivotnos\u0165. Funkcia dvojit\u00e9ho \u00fa\u010dinku umo\u017e\u0148uje zv\u00fd\u0161en\u00fa \u00fa\u010dinnos\u0165 a u\u013eah\u010duje odstra\u0148ovanie snehu z povrchov.<\/p>\n<p>Hydraulick\u00fd valec bol navrhnut\u00fd tak, aby mal kompaktn\u00e9 rozmery, \u010do umo\u017e\u0148uje jeho jednoduch\u00fa in\u0161tal\u00e1ciu a pou\u017eitie v r\u00f4znych snehov\u00fdch pluhoch. Jeho mal\u00e1 ve\u013ekos\u0165 tie\u017e u\u013eah\u010duje prepravu, tak\u017ee obsluha snehov\u00e9ho pluhu ho m\u00f4\u017ee \u013eahko premiest\u0148ova\u0165 z jedn\u00e9ho miesta na druh\u00e9.<\/p>\n<p>Jednou z k\u013e\u00fa\u010dov\u00fdch v\u00fdhod tohto produktu je jeho v\u00fdnimo\u010dn\u00fd v\u00fdkon v extr\u00e9mnych poveternostn\u00fdch podmienkach. Je schopn\u00fd odola\u0165 drsn\u00fdm zimn\u00fdm podmienkam a je skon\u0161truovan\u00fd tak, aby poskytoval spo\u013eahliv\u00fd v\u00fdkon, ke\u010f je to najviac potrebn\u00e9.<\/p>\n<p>Celkovo je dvojit\u00fd hydraulick\u00fd valec, mal\u00fd hydraulick\u00fd valec pre snehov\u00fd pluh, vynikaj\u00faci produkt, ktor\u00fd poskytuje v\u00fdnimo\u010dn\u00fd pomer ceny a kvality. Jeho odolnos\u0165, v\u00fdkon a kompaktn\u00e9 rozmery z neho robia ide\u00e1lnu vo\u013ebu pre oper\u00e1torov snehov\u00fdch pluhov, ktor\u00ed h\u013eadaj\u00fa spo\u013eahliv\u00fd a efekt\u00edvny hydraulick\u00fd valec. Spomedzi \u0161irokej \u0161k\u00e1ly dostupn\u00fdch hydraulick\u00fdch valcov vynik\u00e1 dvojit\u00fd hydraulick\u00fd valec, mal\u00fd hydraulick\u00fd valec pre snehov\u00fd pluh, v\u010faka svojim jedine\u010dn\u00fdm vlastnostiam a v\u00fdnimo\u010dn\u00fdm schopnostiam. Tento produkt je nov\u00fd a dod\u00e1va sa s ro\u010dnou z\u00e1rukou, ktor\u00e1 zaru\u010duje jeho spo\u013eahlivos\u0165 a v\u00e1\u0161 pokoj v du\u0161i.<\/p>\n<h2>Vlastnosti produktu<\/h2>\n<p><img decoding=\"async\" title=\"Hydraulick\u00fd valec snehov\u00e9ho pluhu\" src=\"https:\/\/hzpt.com\/wp-content\/uploads\/2023\/11\/Snow-Plow-Hydraulic-Cylinder-1.webp\" alt=\"Hydraulick\u00fd valec snehov\u00e9ho pluhu\" \/><\/p>\n<p>Mal\u00fd hydraulick\u00fd valec s dvojit\u00fdm \u00fa\u010dinkom pre snehov\u00fd pluh je inovat\u00edvny produkt navrhnut\u00fd pre efektivitu a vysok\u00fd v\u00fdkon v r\u00f4znych odvetviach, ako s\u00fa opravovne strojov, farmy, energetika a ban\u00edctvo, v\u00fdroba strojov a stroj\u00e1rne.<\/p>\n<ul>\n<li><strong>Vysok\u00e1 kvalita a spo\u013eahlivos\u0165:<\/strong> Hydraulick\u00fd valec je vyroben\u00fd z ocele, \u010do zais\u0165uje robustnos\u0165 a odolnos\u0165. S hmotnos\u0165ou 5,9 kg je kompaktn\u00fd, no z\u00e1rove\u0148 v\u00fdkonn\u00fd.<\/li>\n<li><strong>Efekt\u00edvnos\u0165 a v\u00fdkon:<\/strong> Tento hydraulick\u00fd valec m\u00e1 maxim\u00e1lny posuv 3000 a maxim\u00e1lny \u0165ah 20 ton, \u010do z neho rob\u00ed vysoko v\u00fdkonn\u00fd n\u00e1stroj pre r\u00f4zne aplik\u00e1cie.<\/li>\n<li><strong>Bezpe\u010dnos\u0165 a stabilita:<\/strong> Jednoro\u010dn\u00e1 z\u00e1ruka na z\u00e1kladn\u00e9 komponenty, ktor\u00e9 zah\u0155\u0148aj\u00fa lo\u017eisko a hydraulick\u00fd valec, zaru\u010duje bezpe\u010dnos\u0165 a stabilitu.<\/li>\n<li><strong>Kompatibilita:<\/strong> Produkt je \u0161tandardn\u00fd, \u010do znamen\u00e1, \u017ee sa d\u00e1 \u013eahko integrova\u0165 do r\u00f4znych syst\u00e9mov.<\/li>\n<li><strong>Dlhodob\u00e1 investi\u010dn\u00e1 hodnota:<\/strong> V\u010faka jednoro\u010dnej z\u00e1ruke a vysoko kvalitn\u00fdm z\u00e1kladn\u00fdm komponentom zaru\u010duje tento hydraulick\u00fd valec dlhodob\u00fa investi\u010dn\u00fa hodnotu.<\/li>\n<\/ul>\n<p><img decoding=\"async\" title=\"Hydraulick\u00fd valec snehov\u00e9ho pluhu\" src=\"https:\/\/hzpt.com\/wp-content\/uploads\/2023\/11\/Snow-Plow-Hydraulic-Cylinder-2.webp\" alt=\"Hydraulick\u00fd valec snehov\u00e9ho pluhu\" \/><\/p>\n<h2>V\u00fdhody nastavite\u013en\u00fdch valcov s vidlicov\u00fdm uchyten\u00edm<\/h2>\n<ul>\n<li style=\"list-style-type: none;\">\n<ul>\n<li>Zv\u00fd\u0161en\u00e1 flexibilita a prisp\u00f4sobivos\u0165<\/li>\n<\/ul>\n<\/li>\n<\/ul>\n<p>Jednou z hlavn\u00fdch v\u00fdhod nastavite\u013en\u00fdch valcov s vidlicov\u00fdm uz\u00e1verom je ich vysok\u00fd stupe\u0148 prisp\u00f4sobivosti. Tieto valce sa daj\u00fa \u013eahko nastavi\u0165 tak, aby vyhovovali \u0161irokej \u0161k\u00e1le r\u00f4znych aplik\u00e1ci\u00ed a po\u017eiadaviek, \u010do umo\u017e\u0148uje zv\u00fd\u0161en\u00fa flexibilitu a v\u0161estrannos\u0165. To znamen\u00e1, \u017ee sa daj\u00fa pou\u017ei\u0165 v r\u00f4znych priemyseln\u00fdch prostrediach a prisp\u00f4sobi\u0165 \u0161pecifick\u00fdm potreb\u00e1m r\u00f4znych projektov a aplik\u00e1ci\u00ed.<\/p>\n<ul>\n<li style=\"list-style-type: none;\">\n<ul>\n<li>Zv\u00fd\u0161en\u00e1 presnos\u0165 a kontrola<\/li>\n<\/ul>\n<\/li>\n<\/ul>\n<p>\u010eal\u0161ou k\u013e\u00fa\u010dovou v\u00fdhodou nastavite\u013en\u00fdch valcov s vidlicov\u00fdm uz\u00e1verom je ich schopnos\u0165 poskytova\u0165 zv\u00fd\u0161en\u00fa presnos\u0165 a ovl\u00e1danie. Tieto valce s\u00fa navrhnut\u00e9 tak, aby poskytovali presn\u00e9 a spr\u00e1vne pohyby, v\u010faka \u010domu s\u00fa ide\u00e1lne pre aplik\u00e1cie, ktor\u00e9 vy\u017eaduj\u00fa vysok\u00fd stupe\u0148 ovl\u00e1dania a presnosti. To m\u00f4\u017ee by\u0165 obzvl\u00e1\u0161\u0165 d\u00f4le\u017eit\u00e9 v priemyseln\u00fdch prostrediach, kde s\u00fa presnos\u0165 a spr\u00e1vnos\u0165 k\u013e\u00fa\u010dov\u00e9 pre bezpe\u010dnos\u0165 a efekt\u00edvnos\u0165.<\/p>\n<ul>\n<li style=\"list-style-type: none;\">\n<ul>\n<li>Zlep\u0161en\u00e1 odolnos\u0165 a dlh\u00e1 \u017eivotnos\u0165<\/li>\n<\/ul>\n<\/li>\n<\/ul>\n<p>Nastavite\u013en\u00e9 valce s vidlicov\u00fdm uchyten\u00edm s\u00fa tie\u017e zn\u00e1me svojou v\u00fdnimo\u010dnou odolnos\u0165ou a dlhou \u017eivotnos\u0165ou. Tieto valce s\u00fa zvy\u010dajne vyroben\u00e9 z vysoko kvalitn\u00fdch materi\u00e1lov, ktor\u00e9 s\u00fa navrhnut\u00e9 tak, aby odolali n\u00e1ro\u010dn\u00fdm prev\u00e1dzkov\u00fdm podmienkam a drsn\u00e9mu priemyseln\u00e9mu prostrediu. To znamen\u00e1, \u017ee vydr\u017eia mnoho rokov s minim\u00e1lnou \u00fadr\u017ebou, v\u010faka \u010domu s\u00fa cenovo v\u00fdhodn\u00fdm rie\u0161en\u00edm pre mnoh\u00e9 priemyseln\u00e9 aplik\u00e1cie.<\/p>\n<ul>\n<li style=\"list-style-type: none;\">\n<ul>\n<li>Vy\u0161\u0161ia efektivita a produktivita<\/li>\n<\/ul>\n<\/li>\n<\/ul>\n<p>V\u010faka v\u00e4\u010d\u0161ej presnosti, ovl\u00e1date\u013enosti a prisp\u00f4sobivosti m\u00f4\u017eu nastavite\u013en\u00e9 valce s vidlicov\u00fdm uz\u00e1verom tie\u017e pom\u00f4c\u0165 zlep\u0161i\u0165 celkov\u00fa efektivitu a produktivitu v priemyselnom prostred\u00ed. Tieto valce sa daj\u00fa pou\u017ei\u0165 na automatiz\u00e1ciu \u0161irokej \u0161k\u00e1ly r\u00f4znych procesov, \u010do u\u013eah\u010duje r\u00fdchle a efekt\u00edvne vykon\u00e1vanie \u00faloh a z\u00e1rove\u0148 minimalizuje prestoje a zni\u017euje n\u00e1klady. To m\u00f4\u017ee by\u0165 obzvl\u00e1\u0161\u0165 d\u00f4le\u017eit\u00e9 v odvetviach, kde je \u010das d\u00f4le\u017eit\u00fd, ako je stavebn\u00edctvo alebo v\u00fdrobn\u00fd priemysel.<\/p>\n<ul>\n<li style=\"list-style-type: none;\">\n<ul>\n<li>Kompatibiln\u00fd so \u0161irokou \u0161k\u00e1lou syst\u00e9mov a komponentov<\/li>\n<\/ul>\n<\/li>\n<\/ul>\n<p>Nakoniec, nastavite\u013en\u00e9 valce s vidlicov\u00fdm uchyten\u00edm s\u00fa zn\u00e1me svojou vysokou kompatibilitou so \u0161irokou \u0161k\u00e1lou syst\u00e9mov a komponentov. Tieto valce sa daj\u00fa \u013eahko integrova\u0165 do existuj\u00facich hydraulick\u00fdch syst\u00e9mov, \u010do z nich rob\u00ed v\u0161estrann\u00e9 a flexibiln\u00e9 rie\u0161enie pre mnoh\u00e9 priemyseln\u00e9 aplik\u00e1cie. Okrem toho s\u00fa kompatibiln\u00e9 so \u0161irokou \u0161k\u00e1lou r\u00f4znych komponentov a pr\u00edslu\u0161enstva, ako s\u00fa napr\u00edklad dvoj\u010dinn\u00e9 hydraulick\u00e9 valce a mal\u00e9 hydraulick\u00e9 valce pre snehov\u00e9 pluhy, \u010do z nich rob\u00ed vysoko prisp\u00f4sobite\u013en\u00e9 rie\u0161enie pre mnoho r\u00f4znych projektov.<\/p>\n<h3>O spolo\u010dnosti FMP \u2013 V\u00e1\u0161 profesion\u00e1lny dod\u00e1vate\u013e hydraulick\u00fdch valcov<\/h3>\n<p>H\u013ead\u00e1te spo\u013eahliv\u00e9 a kvalitn\u00e9 hydraulick\u00e9 valce pre va\u0161e stavebn\u00e9 stroje? Neh\u013eadajte \u010falej ako FMP! Ako spolo\u010dnos\u0165 s dlhoro\u010dn\u00fdmi sk\u00fasenos\u0165ami v odbore a profesion\u00e1lnym t\u00edmom sa \u0161pecializujeme na predaj a servis dielov a kompletn\u00fdch strojov pre stavebn\u00e9 stroje. N\u00e1\u0161 \u0161irok\u00fd sortiment zah\u0155\u0148a prevodovky pre po\u013enohospod\u00e1rske stroje, priemyseln\u00e9 prevodovky, plan\u00e9tov\u00e9 prevodovky, diely pre po\u013enohospod\u00e1rske stroje a rad \u0161pi\u010dkov\u00e9ho pr\u00edslu\u0161enstva, ktor\u00e9 k nim zodpoved\u00e1.<\/p>\n<p>Tu je len nieko\u013eko d\u00f4vodov, pre\u010do by ste si mali vybra\u0165 FMP ako dod\u00e1vate\u013ea hydraulick\u00fdch valcov:<\/p>\n<p>1. Vysokokvalitn\u00e9 produkty \u2013 Spolupracujeme s mnoh\u00fdmi vysokokvalitn\u00fdmi dod\u00e1vate\u013emi doma aj v zahrani\u010d\u00ed, aby sme zabezpe\u010dili, \u017ee v\u0161etky na\u0161e hydraulick\u00e9 valce sp\u013a\u0148aj\u00fa pr\u00edsne normy kvality. Na\u0161e produkty s\u00fa odoln\u00e9, spo\u013eahliv\u00e9 a vyroben\u00e9 tak, aby vydr\u017eali.<\/p>\n<p>2. Profesion\u00e1lny obchodn\u00fd t\u00edm \u2013 N\u00e1\u0161 sk\u00fasen\u00fd a kvalifikovan\u00fd obchodn\u00fd t\u00edm je obozn\u00e1men\u00fd s v\u00fdvojov\u00fdmi trendmi a potrebami z\u00e1kazn\u00edkov v odvetv\u00ed stavebn\u00fdch strojov. M\u00f4\u017ee v\u00e1m poskytn\u00fa\u0165 odborn\u00e9 poradenstvo oh\u013eadom produktov a inteligentn\u00e9 n\u00e1vrhy na n\u00e1kup, aby v\u00e1m pomohol n\u00e1js\u0165 ten spr\u00e1vny hydraulick\u00fd valec pre va\u0161e potreby.<\/p>\n<p>3. Efekt\u00edvna logistick\u00e1 distrib\u00facia \u2013 M\u00e1me efekt\u00edvny logistick\u00fd distribu\u010dn\u00fd syst\u00e9m, ktor\u00fd zabezpe\u010duje, \u017ee z\u00e1kazn\u00edci dostan\u00fa po\u017eadovan\u00e9 diely v\u010das a presne. M\u00f4\u017eete sa na n\u00e1s spo\u013eahn\u00fa\u0165, \u017ee v\u00e1m hydraulick\u00e9 valce doru\u010d\u00edme vtedy, ke\u010f ich budete potrebova\u0165.<\/p>\n<p>4. Mo\u017enosti prisp\u00f4sobenia \u2013 V spolo\u010dnosti FMP ch\u00e1peme, \u017ee ka\u017ed\u00fd z\u00e1kazn\u00edk m\u00e1 jedine\u010dn\u00e9 potreby, pokia\u013e ide o hydraulick\u00e9 valce. Preto pon\u00fakame mo\u017enosti prisp\u00f4sobenia, ktor\u00e9 sp\u013a\u0148aj\u00fa va\u0161e \u0161pecifick\u00e9 po\u017eiadavky.<\/p>\n<p>5. \u0160irok\u00fd sortiment produktov \u2013 Pon\u00fakame \u0161irok\u00fd sortiment hydraulick\u00fdch valcov, z ktor\u00fdch si m\u00f4\u017eete vybra\u0165, vr\u00e1tane nastavite\u013en\u00fdch valcov s vidlicov\u00fdm z\u00e1vitom, zv\u00e1ran\u00fdch valcov, valcov s \u0165ahadlami a \u010fal\u0161\u00edch. To znamen\u00e1, \u017ee si m\u00f4\u017eete n\u00e1js\u0165 perfektn\u00fd hydraulick\u00fd valec, ktor\u00fd vyhovuje va\u0161im potreb\u00e1m v oblasti stavebn\u00fdch strojov.<\/p>\n<p>Navy\u0161e, s FMP si m\u00f4\u017eete u\u017e\u00edva\u0165 pokoj v du\u0161i, ktor\u00fd prin\u00e1\u0161a spolupr\u00e1ca s d\u00f4veryhodn\u00fdm a spo\u013eahliv\u00fdm dod\u00e1vate\u013eom. Tak pre\u010do \u010daka\u0165? Kontaktujte n\u00e1s e\u0161te dnes a dozviete sa viac o na\u0161ich hydraulick\u00fdch valcoch a o tom, ako v\u00e1m m\u00f4\u017eeme pom\u00f4c\u0165 splni\u0165 va\u0161e potreby v oblasti stavebn\u00fdch strojov.<\/p>\n<p><img decoding=\"async\" src=\"https:\/\/fmp-components.com\/wp-content\/uploads\/2024\/12\/Adjustable-Clevis-Type-Cylinders-6.webp\" alt=\"Nastavite\u013en\u00fd valec typu Clevis\" width=\"804\" title=\"\"><\/p>\n<p>Autor: CX<\/p>","protected":false},"excerpt":{"rendered":"<p>Double Effect Hydraulic Cylinder Small Hydraulic Cylinder For Snow Plow Double Effect Hydraulic Cylinder Small Hydraulic Cylinder For Snow Plow is a high-quality product designed for use in snow plows. The cylinder is constructed with precision and is made of durable materials to ensure its longevity. The double effect feature allows for increased efficiency, making [&hellip;]<\/p>","protected":false},"featured_media":1453,"comment_status":"closed","ping_status":"closed","template":"","meta":{"_et_pb_use_builder":"","_et_pb_old_content":"","_et_gb_content_width":""},"product_brand":[],"product_cat":[42],"product_tag":[34,44],"class_list":{"0":"post-1452","1":"product","2":"type-product","3":"status-publish","4":"has-post-thumbnail","6":"product_cat-snow-plow-hydraulic-cylinder","7":"product_tag-hydraulic-cylinder","8":"product_tag-snow-plow-hydraulic-cylinder","10":"first","11":"instock","12":"product-type-simple"},"_links":{"self":[{"href":"https:\/\/fmp-components.com\/sk\/wp-json\/wp\/v2\/product\/1452","targetHints":{"allow":["GET"]}}],"collection":[{"href":"https:\/\/fmp-components.com\/sk\/wp-json\/wp\/v2\/product"}],"about":[{"href":"https:\/\/fmp-components.com\/sk\/wp-json\/wp\/v2\/types\/product"}],"replies":[{"embeddable":true,"href":"https:\/\/fmp-components.com\/sk\/wp-json\/wp\/v2\/comments?post=1452"}],"wp:featuredmedia":[{"embeddable":true,"href":"https:\/\/fmp-components.com\/sk\/wp-json\/wp\/v2\/media\/1453"}],"wp:attachment":[{"href":"https:\/\/fmp-components.com\/sk\/wp-json\/wp\/v2\/media?parent=1452"}],"wp:term":[{"taxonomy":"product_brand","embeddable":true,"href":"https:\/\/fmp-components.com\/sk\/wp-json\/wp\/v2\/product_brand?post=1452"},{"taxonomy":"product_cat","embeddable":true,"href":"https:\/\/fmp-components.com\/sk\/wp-json\/wp\/v2\/product_cat?post=1452"},{"taxonomy":"product_tag","embeddable":true,"href":"https:\/\/fmp-components.com\/sk\/wp-json\/wp\/v2\/product_tag?post=1452"}],"curies":[{"name":"pracovn\u00fd list","href":"https:\/\/api.w.org\/{rel}","templated":true}]}}