{"id":1446,"date":"2024-12-23T05:49:26","date_gmt":"2024-12-23T05:49:26","guid":{"rendered":"https:\/\/fmp-components.com\/product\/china-factory-supply-agricultural-machinery-hydraulic-cylinders-snow-plow-hydraulic-cylinder-double-acting\/"},"modified":"2024-12-23T08:48:27","modified_gmt":"2024-12-23T08:48:27","slug":"italy-factory-supply-agricultural-machinery-hydraulic-cylinders-snow-plow-hydraulic-cylinder-double-acting","status":"publish","type":"product","link":"https:\/\/fmp-components.com\/sk\/product\/italy-factory-supply-agricultural-machinery-hydraulic-cylinders-snow-plow-hydraulic-cylinder-double-acting\/","title":{"rendered":"Taliansko Dod\u00e1vka po\u013enohospod\u00e1rskych strojov Hydraulick\u00e9 valce Dvoj\u010dinn\u00fd hydraulick\u00fd valec pre snehov\u00e9 pluhy"},"content":{"rendered":"<h2>Taliansko Dod\u00e1vka po\u013enohospod\u00e1rskych strojov Hydraulick\u00e9 valce Dvoj\u010dinn\u00fd hydraulick\u00fd valec pre snehov\u00e9 pluhy<\/h2>\n<p>Hydraulick\u00e9 valce pre po\u013enohospod\u00e1rske stroje dod\u00e1van\u00e9 talianskou tov\u00e1r\u0148ou Dvoj\u010dinn\u00fd hydraulick\u00fd valec pre snehov\u00e9 pluhy je vysoko kvalitn\u00fd a \u00fa\u010dinn\u00fd hydraulick\u00fd valec ur\u010den\u00fd pre po\u013enohospod\u00e1rske stroje. Je \u0161peci\u00e1lne navrhnut\u00fd pre snehov\u00e9 pluhy a m\u00e1 dvoj\u010dinn\u00fd mechanizmus pre lep\u0161iu funk\u010dnos\u0165.<\/p>\n<p>Tento hydraulick\u00fd valec sa vyr\u00e1ba v Taliansku s d\u00f4razom na odolnos\u0165 a v\u00fdkon. Je vyroben\u00fd z vysoko kvalitn\u00fdch materi\u00e1lov, aby sa zabezpe\u010dila dlhotrvaj\u00faca \u017eivotnos\u0165 aj v n\u00e1ro\u010dn\u00fdch podmienkach. Valec je navrhnut\u00fd tak, aby odolal vysok\u00e9mu za\u0165a\u017eeniu a poskytoval plynul\u00fd a spo\u013eahliv\u00fd chod.<\/p>\n<p>Dvoj\u010dinn\u00fd mechanizmus umo\u017e\u0148uje vys\u00favanie a zas\u00favanie hydraulick\u00e9ho valca, \u010do poskytuje flexibilitu a kontrolu po\u010das odh\u0155\u0148ania snehu. T\u00e1to funkcia zais\u0165uje efekt\u00edvne odh\u0155\u0148anie snehu t\u00fdm, \u017ee umo\u017e\u0148uje pluhu tla\u010di\u0165 aj zdv\u00edha\u0165 sneh, v\u010faka \u010domu je ide\u00e1lnou vo\u013ebou na \u010distenie ciest, pr\u00edjazdov\u00fdch ciest a in\u00fdch povrchov.<\/p>\n<p><img decoding=\"async\" title=\"Hydraulick\u00fd valec snehov\u00e9ho pluhu\" src=\"https:\/\/hzpt.com\/wp-content\/uploads\/2023\/11\/Snow-Plow-Hydraulic-Cylinder-2.webp\" alt=\"Hydraulick\u00fd valec snehov\u00e9ho pluhu\" \/><\/p>\n<p>Hydraulick\u00e9 valce pre po\u013enohospod\u00e1rske stroje od talianskej tov\u00e1rne, dvoj\u010dinn\u00fd hydraulick\u00fd valec pre snehov\u00e9 pluhy, sa \u013eahko in\u0161taluje a je kompatibiln\u00fd s r\u00f4znymi modelmi po\u013enohospod\u00e1rskych strojov. Je navrhnut\u00fd tak, aby bezprobl\u00e9movo zapadol do existuj\u00facich hydraulick\u00fdch syst\u00e9mov, minimalizoval prestoje a maximalizoval produktivitu.<\/p>\n<p>V\u010faka svojej robustnej kon\u0161trukcii, spo\u013eahliv\u00e9mu v\u00fdkonu a v\u0161estrannosti je tento hydraulick\u00fd valec nevyhnutnou s\u00fa\u010das\u0165ou ka\u017ed\u00e9ho po\u013enohospod\u00e1rskeho stroja vybaven\u00e9ho snehov\u00fdm pluhom. D\u00f4verujte spolo\u010dnosti Italy Factory Supply, \u017ee v\u00e1m dod\u00e1 vysoko kvalitn\u00fd produkt, ktor\u00fd spln\u00ed va\u0161e potreby pre efekt\u00edvne odstra\u0148ovanie snehu.<\/p>\n<h2>V\u00fdhody nastavite\u013en\u00fdch valcov s vidlicov\u00fdm uchyten\u00edm<\/h2>\n<p>Nastavite\u013en\u00e9 valce s vidlicov\u00fdm uchyten\u00edm s\u00fa typom hydraulick\u00e9ho valca, ktor\u00fd sa dod\u00e1va s vidlicov\u00fdm uchyten\u00edm a nastavite\u013enou vidlicou. Be\u017ene sa pou\u017e\u00edvaj\u00fa v po\u013enohospod\u00e1rskych strojoch, snehov\u00fdch pluhoch a in\u00fdch \u0165a\u017ek\u00fdch zariadeniach. V tomto \u010dl\u00e1nku sa budeme venova\u0165 v\u00fdhod\u00e1m pou\u017eitia nastavite\u013en\u00fdch valcov s vidlicov\u00fdm uchyten\u00edm.<\/p>\n<h3>1. V\u0161estrannos\u0165<\/h3>\n<p>Jednou z hlavn\u00fdch v\u00fdhod nastavite\u013en\u00fdch vidlicov\u00fdch valcov je ich v\u0161estrannos\u0165. M\u00f4\u017eu sa pou\u017ei\u0165 v r\u00f4znych aplik\u00e1ci\u00e1ch vr\u00e1tane po\u013enohospod\u00e1rskych strojov a snehov\u00fdch pluhov. Ich nastavite\u013en\u00e1 vidlica umo\u017e\u0148uje jednoduch\u00fa in\u0161tal\u00e1ciu a nastavenie, v\u010faka \u010domu s\u00fa ob\u013e\u00fabenou vo\u013ebou medzi v\u00fdrobcami.<\/p>\n<p>Napr\u00edklad, hydraulick\u00e9 valce pre po\u013enohospod\u00e1rske stroje dod\u00e1van\u00e9 talianskou tov\u00e1r\u0148ou, dvoj\u010dinn\u00e9 hydraulick\u00e9 valce pre snehov\u00e9 pluhy, sa be\u017ene pou\u017e\u00edvaj\u00fa v snehov\u00fdch pluhoch na nastavenie uhla radlice. Pomocou nastavite\u013en\u00e9ho valca s vidlicov\u00fdm z\u00e1vesom m\u00f4\u017ee obsluha \u013eahko nastavi\u0165 uhol radlice pod\u013ea snehov\u00fdch podmienok.<\/p>\n<h3>2. Trvanlivos\u0165<\/h3>\n<p>Nastavite\u013en\u00e9 valce s vidlicov\u00fdm uz\u00e1verom s\u00fa navrhnut\u00e9 tak, aby odolali vysok\u00e9mu za\u0165a\u017eeniu a drsn\u00e9mu prostrediu. S\u00fa vyroben\u00e9 z vysoko kvalitn\u00fdch materi\u00e1lov, ktor\u00e9 s\u00fa odoln\u00e9 vo\u010di kor\u00f3zii a opotrebeniu. V\u010faka tomu s\u00fa ide\u00e1lne na pou\u017eitie v po\u013enohospod\u00e1rskych strojoch a in\u00fdch \u0165a\u017ek\u00fdch zariadeniach.<\/p>\n<p>Okrem toho, hydraulick\u00e9 valce pre po\u013enohospod\u00e1rske stroje, dvoj\u010dinn\u00e9 hydraulick\u00e9 valce pre snehov\u00e9 pluhy, dod\u00e1van\u00e9 talianskou tov\u00e1r\u0148ou, pou\u017e\u00edvaj\u00fa vysokopevnostn\u00e9 materi\u00e1ly, aby sa zabezpe\u010dila odolnos\u0165 a dlh\u00e1 \u017eivotnos\u0165 valcov. S\u00fa navrhnut\u00e9 tak, aby odolali extr\u00e9mnym teplot\u00e1m, vysok\u00e9mu tlaku a vysok\u00e9mu za\u0165a\u017eeniu, v\u010faka \u010domu s\u00fa spo\u013eahlivou vo\u013ebou pre pou\u017eitie v n\u00e1ro\u010dn\u00fdch podmienkach.<\/p>\n<h3>3. Presnos\u0165<\/h3>\n<p>Nastavite\u013en\u00e9 valce s vidlicov\u00fdm uchyten\u00edm s\u00fa zn\u00e1me svojou presnos\u0165ou. Poskytuj\u00fa presn\u00fd a konzistentn\u00fd pohyb, \u010do je v mnoh\u00fdch aplik\u00e1ci\u00e1ch nevyhnutn\u00e9. Ich nastavite\u013en\u00e1 vidlica umo\u017e\u0148uje presn\u00e9 nastavenie, \u010d\u00edm sa zabezpe\u010d\u00ed plynul\u00fd a efekt\u00edvny chod valca.<\/p>\n<p>Napr\u00edklad v po\u013enohospod\u00e1rskych strojoch sa na ovl\u00e1danie pohybu pluhu pou\u017e\u00edvaj\u00fa nastavite\u013en\u00e9 valce s vidlicov\u00fdm uchyten\u00edm. Pou\u017eit\u00edm presn\u00e9ho valca m\u00f4\u017ee obsluha zabezpe\u010di\u0165, aby sa pluh pohyboval spr\u00e1vnym smerom a spr\u00e1vnou r\u00fdchlos\u0165ou.<\/p>\n<h3>4. Jednoduch\u00e1 \u00fadr\u017eba<\/h3>\n<p>\u010eal\u0161ou v\u00fdhodou nastavite\u013en\u00fdch valcov s vidlicovou vidlicou je ich jednoduch\u00e1 \u00fadr\u017eba. S\u00fa navrhnut\u00e9 tak, aby sa dali \u013eahko rozobra\u0165 a opravi\u0165, \u010do je d\u00f4le\u017eit\u00e9 pri \u0165a\u017ek\u00fdch zariadeniach. V\u010faka tomu s\u00fa cenovo v\u00fdhodnou vo\u013ebou pre v\u00fdrobcov aj prev\u00e1dzkovate\u013eov.<\/p>\n<p>Okrem toho s\u00fa hydraulick\u00e9 valce pre po\u013enohospod\u00e1rske stroje, dvoj\u010dinn\u00e9 hydraulick\u00e9 valce pre snehov\u00e9 pluhy od talianskej tov\u00e1rne, navrhnut\u00e9 tak, aby sa \u013eahko udr\u017eiavali. Dod\u00e1vaj\u00fa sa s vymenite\u013en\u00fdmi tesneniami a \u010fal\u0161\u00edmi komponentmi, ktor\u00e9 sa daj\u00fa v pr\u00edpade potreby \u013eahko vymeni\u0165.<\/p>\n<p>Nastavite\u013en\u00e9 hydraulick\u00e9 valce s vidlicov\u00fdm z\u00e1vesom s\u00fa v\u0161estrann\u00e9, odoln\u00e9, presn\u00e9 a \u013eahko udr\u017eiavate\u013en\u00e9. Pou\u017eitie nastavite\u013enej vidlice umo\u017e\u0148uje jednoduch\u00fa in\u0161tal\u00e1ciu a nastavenie, v\u010faka \u010domu s\u00fa ob\u013e\u00fabenou vo\u013ebou v mnoh\u00fdch aplik\u00e1ci\u00e1ch vr\u00e1tane po\u013enohospod\u00e1rskych strojov a snehov\u00fdch pluhov. Pou\u017e\u00edvan\u00edm hydraulick\u00fdch valcov s dvoj\u010dinn\u00fdm hydraulick\u00fdm valcom pre snehov\u00e9 pluhy od talianskej tov\u00e1rne si obsluha m\u00f4\u017ee zabezpe\u010di\u0165, aby jej zariadenie fungovalo hladko a efekt\u00edvne, a to aj v t\u00fdch najn\u00e1ro\u010dnej\u0161\u00edch podmienkach.<\/p>\n<h3>O hydraulickom valci FMP<\/h3>\n<p>FMP je popredn\u00e1 spolo\u010dnos\u0165 \u0161pecializuj\u00faca sa na predaj a servis vysokokvalitn\u00fdch dielov a kompletn\u00fdch strojov pre stavebn\u00e9 stroje. N\u00e1\u0161 hydraulick\u00fd valec je jedn\u00fdm z na\u0161ich najpred\u00e1vanej\u0161\u00edch produktov a s hrdos\u0165ou predstavujeme jeho vlastnosti a v\u00fdhody na\u0161im klientom:<\/p>\n<ol>\n<li><strong>Robustn\u00fd a odoln\u00fd:<\/strong> N\u00e1\u0161 hydraulick\u00fd valec je vyroben\u00fd z vysoko kvalitn\u00fdch materi\u00e1lov, ktor\u00e9 zaru\u010duj\u00fa jeho odolnos\u0165 a dlh\u00fa \u017eivotnos\u0165. Je navrhnut\u00fd tak, aby odolal n\u00e1ro\u010dn\u00fdm podmienkam a n\u00e1ro\u010dnej prev\u00e1dzke, v\u010faka \u010domu je ide\u00e1lnou vo\u013ebou pre stavebn\u00e9 stroje.<\/li>\n<li><strong>Prisp\u00f4sobite\u013en\u00e9:<\/strong> Pon\u00fakame \u0161irok\u00fd sortiment hydraulick\u00fdch valcov vr\u00e1tane nastavite\u013en\u00fdch valcov s vidlicov\u00fdm uchyten\u00edm, valcov s \u0165ahadlou a zv\u00e1ran\u00fdch valcov. N\u00e1\u0161 t\u00edm odborn\u00edkov dok\u00e1\u017ee valce prisp\u00f4sobi\u0165 aj va\u0161im jedine\u010dn\u00fdm po\u017eiadavk\u00e1m a \u0161pecifik\u00e1ci\u00e1m.<\/li>\n<li><strong>Hladk\u00e9 a efekt\u00edvne:<\/strong> N\u00e1\u0161 hydraulick\u00fd valec sa vyzna\u010duje vysoko kvalitn\u00fdm tesnen\u00edm piesta a ty\u010de, ktor\u00e9 zais\u0165uje plynul\u00fd a efekt\u00edvny chod. M\u00e1 tie\u017e kompaktn\u00fd dizajn, ktor\u00fd \u0161etr\u00ed priestor pri in\u0161tal\u00e1cii a zni\u017euje spotrebu energie.<\/li>\n<li><strong>Cenovo v\u00fdhodn\u00e9:<\/strong> N\u00e1\u0161 hydraulick\u00fd valec m\u00e1 konkurencieschopn\u00fa cenu a z\u00e1rove\u0148 si zachov\u00e1va vysok\u00e9 \u0161tandardy kvality. Jeho n\u00edzke n\u00e1roky na \u00fadr\u017ebu a dlh\u00e1 \u017eivotnos\u0165 tie\u017e zni\u017euj\u00fa prev\u00e1dzkov\u00e9 n\u00e1klady pre na\u0161ich klientov.<\/li>\n<li><strong>Vynikaj\u00faci z\u00e1kazn\u00edcky servis:<\/strong> V spolo\u010dnosti FMP m\u00e1me t\u00edm sk\u00fasen\u00fdch a profesion\u00e1lnych obchodn\u00fdch z\u00e1stupcov, ktor\u00ed poskytuj\u00fa odborn\u00e9 poradenstvo v oblasti produktov a inteligentn\u00e9 n\u00e1vrhy na n\u00e1kup. M\u00e1me tie\u017e efekt\u00edvny logistick\u00fd distribu\u010dn\u00fd syst\u00e9m, ktor\u00fd zabezpe\u010duje v\u010dasn\u00e9 a presn\u00e9 dodanie na\u0161ich produktov na\u0161im klientom.<\/li>\n<\/ol>\n<p>Ako spolo\u010dnos\u0165, ktor\u00e1 p\u00f4sob\u00ed v tomto odvetv\u00ed u\u017e mnoho rokov, sa zav\u00e4zujeme poskytova\u0165 na\u0161im klientom tie najlep\u0161ie produkty a slu\u017eby. S hydraulick\u00fdm valcom FMP si m\u00f4\u017eete by\u0165 ist\u00ed spo\u013eahliv\u00fdm a vysoko v\u00fdkonn\u00fdm hydraulick\u00fdm syst\u00e9mom pre va\u0161e potreby v oblasti stavebn\u00fdch strojov.<\/p>\n<p><img decoding=\"async\" src=\"https:\/\/fmp-components.com\/wp-content\/uploads\/2024\/12\/Adjustable-Clevis-Type-Cylinders-6.webp\" alt=\"Nastavite\u013en\u00fd valec typu Clevis\" width=\"801\" title=\"\">Autor: CX<\/p>","protected":false},"excerpt":{"rendered":"<p>Italy Factory Supply Agricultural Machinery Hydraulic Cylinders Snow Plow Hydraulic Cylinder Double Acting Italy Factory Supply Agricultural Machinery Hydraulic Cylinders Snow Plow Hydraulic Cylinder Double Acting is a high-quality and efficient hydraulic cylinder designed for agricultural machinery. It is specifically designed for snow plows and features a double-acting mechanism for enhanced functionality. This hydraulic cylinder [&hellip;]<\/p>","protected":false},"featured_media":1447,"comment_status":"closed","ping_status":"closed","template":"","meta":{"_et_pb_use_builder":"","_et_pb_old_content":"","_et_gb_content_width":""},"product_brand":[],"product_cat":[42],"product_tag":[34,44],"class_list":{"0":"post-1446","1":"product","2":"type-product","3":"status-publish","4":"has-post-thumbnail","6":"product_cat-snow-plow-hydraulic-cylinder","7":"product_tag-hydraulic-cylinder","8":"product_tag-snow-plow-hydraulic-cylinder","10":"first","11":"instock","12":"product-type-simple"},"_links":{"self":[{"href":"https:\/\/fmp-components.com\/sk\/wp-json\/wp\/v2\/product\/1446","targetHints":{"allow":["GET"]}}],"collection":[{"href":"https:\/\/fmp-components.com\/sk\/wp-json\/wp\/v2\/product"}],"about":[{"href":"https:\/\/fmp-components.com\/sk\/wp-json\/wp\/v2\/types\/product"}],"replies":[{"embeddable":true,"href":"https:\/\/fmp-components.com\/sk\/wp-json\/wp\/v2\/comments?post=1446"}],"wp:featuredmedia":[{"embeddable":true,"href":"https:\/\/fmp-components.com\/sk\/wp-json\/wp\/v2\/media\/1447"}],"wp:attachment":[{"href":"https:\/\/fmp-components.com\/sk\/wp-json\/wp\/v2\/media?parent=1446"}],"wp:term":[{"taxonomy":"product_brand","embeddable":true,"href":"https:\/\/fmp-components.com\/sk\/wp-json\/wp\/v2\/product_brand?post=1446"},{"taxonomy":"product_cat","embeddable":true,"href":"https:\/\/fmp-components.com\/sk\/wp-json\/wp\/v2\/product_cat?post=1446"},{"taxonomy":"product_tag","embeddable":true,"href":"https:\/\/fmp-components.com\/sk\/wp-json\/wp\/v2\/product_tag?post=1446"}],"curies":[{"name":"pracovn\u00fd list","href":"https:\/\/api.w.org\/{rel}","templated":true}]}}