{"id":1444,"date":"2024-12-23T05:49:26","date_gmt":"2024-12-23T05:49:26","guid":{"rendered":"https:\/\/fmp-components.com\/product\/high-quality-2-ton-double-acting-hydraulic-cylinder-agricultural-machinery-hydraulic-cylinder-for-snow-plow\/"},"modified":"2024-12-23T06:36:03","modified_gmt":"2024-12-23T06:36:03","slug":"high-quality-2-ton-double-acting-hydraulic-cylinder-agricultural-machinery-hydraulic-cylinder-for-snow-plow","status":"publish","type":"product","link":"https:\/\/fmp-components.com\/sk\/product\/high-quality-2-ton-double-acting-hydraulic-cylinder-agricultural-machinery-hydraulic-cylinder-for-snow-plow\/","title":{"rendered":"Vysokokvalitn\u00fd 2-tonov\u00fd dvoj\u010dinn\u00fd hydraulick\u00fd valec pre po\u013enohospod\u00e1rske stroje, hydraulick\u00fd valec pre snehov\u00fd pluh"},"content":{"rendered":"<p>Vysokokvalitn\u00fd 2-tonov\u00fd dvoj\u010dinn\u00fd hydraulick\u00fd valec pre po\u013enohospod\u00e1rske stroje, hydraulick\u00fd valec pre snehov\u00fd pluh Vysokokvalitn\u00fd 2-tonov\u00fd dvoj\u010dinn\u00fd hydraulick\u00fd valec pre po\u013enohospod\u00e1rske stroje, hydraulick\u00fd valec pre snehov\u00fd pluh je \u0161pi\u010dkov\u00fd produkt, ktor\u00fd je navrhnut\u00fd tak, aby poskytoval v\u00fdnimo\u010dn\u00fd v\u00fdkon a odolnos\u0165. V\u010faka pokro\u010dil\u00e9mu hydraulick\u00e9mu syst\u00e9mu tento valec zais\u0165uje efekt\u00edvnu a spo\u013eahliv\u00fa prev\u00e1dzku, v\u010faka \u010domu je ide\u00e1lny pre po\u013enohospod\u00e1rske stroje a snehov\u00e9 pluhy.<\/p>\n<p>Tento hydraulick\u00fd valec je v\u010faka svojej nosnosti 2 tony schopn\u00fd manipulova\u0165 s \u0165a\u017ek\u00fdmi bremenami. Jeho dvoj\u010dinn\u00e1 kon\u0161trukcia umo\u017e\u0148uje presn\u00e9 ovl\u00e1danie a plynul\u00fd chod pri vys\u00favan\u00ed aj zas\u00favan\u00ed. \u010ci u\u017e odh\u0155\u0148ate sneh alebo vykon\u00e1vate in\u00e9 po\u013enohospod\u00e1rske \u00falohy, tento valec v\u00e1m poskytne potrebn\u00fd v\u00fdkon a \u00fa\u010dinnos\u0165.<\/p>\n<p>Tento hydraulick\u00fd valec je vyroben\u00fd z vysoko kvalitn\u00fdch materi\u00e1lov a je skon\u0161truovan\u00fd tak, aby odolal n\u00e1ro\u010dn\u00fdm pracovn\u00fdm podmienkam. Je vysoko odoln\u00fd vo\u010di kor\u00f3zii a opotrebeniu, \u010do zaru\u010duje dlh\u00fa \u017eivotnos\u0165 a minim\u00e1lne po\u017eiadavky na \u00fadr\u017ebu. Jeho robustn\u00e1 kon\u0161trukcia zaru\u010duje spo\u013eahliv\u00fd v\u00fdkon aj v t\u00fdch najn\u00e1ro\u010dnej\u0161\u00edch prostrediach.<\/p>\n<p>Okrem svojej v\u00fdnimo\u010dnej funk\u010dnosti je tento hydraulick\u00fd valec navrhnut\u00fd s oh\u013eadom na bezpe\u010dnos\u0165. Je vybaven\u00fd spo\u013eahliv\u00fdmi tesneniami a \u00fa\u010dinn\u00fdmi pretlakov\u00fdmi ventilmi, ktor\u00e9 zabra\u0148uj\u00fa ak\u00fdmko\u013evek potenci\u00e1lnym \u00fanikom alebo nehod\u00e1m. To zais\u0165uje bezpe\u010dnos\u0165 obsluhy a chr\u00e1ni strojov\u00e9 zariadenie pred po\u0161koden\u00edm.<\/p>\n<p>V\u010faka vynikaj\u00facemu v\u00fdkonu, odolnosti a bezpe\u010dnostn\u00fdm prvkom je vysoko kvalitn\u00fd 2-tonov\u00fd dvoj\u010dinn\u00fd hydraulick\u00fd valec pre po\u013enohospod\u00e1rske stroje, ur\u010den\u00fd pre odh\u0155\u0148anie snehu, ide\u00e1lnou vo\u013ebou pre profesion\u00e1lov v po\u013enohospod\u00e1rskom a snehovom priemysle. Investujte do tohto produktu e\u0161te dnes a za\u017eite zv\u00fd\u0161en\u00fa produktivitu a efektivitu vo svojich prev\u00e1dzkach. Predstavujeme vysoko kvalitn\u00fd 2-tonov\u00fd dvoj\u010dinn\u00fd hydraulick\u00fd valec, dokonal\u00e9 rie\u0161enie pre va\u0161e potreby v oblasti po\u013enohospod\u00e1rskych strojov. Tento hydraulick\u00fd valec je \u0161peci\u00e1lne navrhnut\u00fd pre aplik\u00e1cie s odh\u0155\u0148an\u00edm snehu a pon\u00faka vynikaj\u00facu spo\u013eahlivos\u0165, \u00fa\u010dinnos\u0165, v\u00fdkon, bezpe\u010dnos\u0165, kompatibilitu a dlhodob\u00fa investi\u010dn\u00fa hodnotu.<\/p>\n<h2>Vlastnosti produktu<\/h2>\n<h3>Vysok\u00e1 kvalita a spo\u013eahlivos\u0165<\/h3>\n<p>N\u00e1\u0161 hydraulick\u00fd valec sa p\u00fd\u0161i vynikaj\u00facou kvalitou a spo\u013eahlivos\u0165ou, \u010do zais\u0165uje optim\u00e1lny v\u00fdkon aj v n\u00e1ro\u010dn\u00fdch prev\u00e1dzkov\u00fdch podmienkach. Je vyroben\u00fd z odolnej ocele a je navrhnut\u00fd tak, aby odolal vysok\u00fdm za\u0165a\u017eeniam a n\u00e1ro\u010dn\u00e9mu pracovn\u00e9mu za\u0165a\u017eeniu.<\/p>\n<h3>Efekt\u00edvnos\u0165 a v\u00fdkon<\/h3>\n<p>Tento hydraulick\u00fd valec pon\u00faka vysok\u00fa \u00fa\u010dinnos\u0165 a v\u00fdkon, pri\u010dom poskytuje maxim\u00e1lny \u0165ah a \u0165a\u017en\u00fa kapacitu pre efekt\u00edvnu prev\u00e1dzku. Ide o \u0161tandardn\u00fd piestov\u00fd valec, ktor\u00fd vyu\u017e\u00edva hydraulick\u00fa energiu pre plynul\u00fd a efekt\u00edvny chod.<\/p>\n<h3>Bezpe\u010dnos\u0165 a stabilita<\/h3>\n<p>Bezpe\u010dnos\u0165 a stabilita s\u00fa pri na\u0161om dizajne prvorad\u00e9. Tento hydraulick\u00fd valec sa dod\u00e1va s ro\u010dnou z\u00e1rukou na k\u013e\u00fa\u010dov\u00e9 komponenty vr\u00e1tane lo\u017eiska a samotn\u00e9ho hydraulick\u00e9ho valca. Nov\u00fd stav zaru\u010duje, \u017ee valec je bezchybn\u00fd a pripraven\u00fd na okam\u017eit\u00e9 pou\u017eitie.<\/p>\n<h3>Kompatibilita<\/h3>\n<p><img decoding=\"async\" title=\"Hydraulick\u00fd valec snehov\u00e9ho pluhu\" src=\"https:\/\/hzpt.com\/wp-content\/uploads\/2023\/11\/Snow-Plow-Hydraulic-Cylinder-1.webp\" alt=\"Hydraulick\u00fd valec snehov\u00e9ho pluhu\" \/><\/p>\n<h2>V\u00fdhody nastavite\u013en\u00fdch valcov s vidlicov\u00fdm uchyten\u00edm<\/h2>\n<ul>\n<li style=\"list-style-type: none;\">\n<ul>\n<li><strong>Flexibilita:<\/strong> Nastavite\u013en\u00e9 valce s vidlicov\u00fdm uchyten\u00edm pon\u00fakaj\u00fa vysok\u00fd stupe\u0148 flexibility, pokia\u013e ide o mo\u017enosti mont\u00e1\u017ee. Be\u017ene sa pou\u017e\u00edvaj\u00fa v po\u013enohospod\u00e1rskych strojoch, ako s\u00fa napr\u00edklad snehov\u00e9 pluhy, preto\u017ee sa daj\u00fa \u013eahko nastavi\u0165 tak, aby vyhovovali r\u00f4znym typom zariaden\u00ed.<\/li>\n<\/ul>\n<\/li>\n<\/ul>\n<p>Vysokokvalitn\u00fd 2-tonov\u00fd dvoj\u010dinn\u00fd hydraulick\u00fd valec pre po\u013enohospod\u00e1rske stroje na odh\u0155\u0148anie snehu je dokonal\u00fdm pr\u00edkladom nastavite\u013en\u00e9ho valca s vidlicov\u00fdm z\u00e1vitom, ktor\u00fd je prisp\u00f4sobite\u013en\u00fd a mo\u017eno ho prisp\u00f4sobi\u0165 \u0161pecifick\u00fdm po\u017eiadavk\u00e1m.<\/p>\n<ul>\n<li style=\"list-style-type: none;\">\n<ul>\n<li><strong>Trvanlivos\u0165:<\/strong> Tieto valce s\u00fa vyroben\u00e9 pre dlh\u00fa \u017eivotnos\u0165. S\u00fa navrhnut\u00e9 z vysoko kvalitn\u00fdch materi\u00e1lov, ktor\u00e9 odol\u00e1vaj\u00fa aj t\u00fdm naj\u0165a\u017e\u0161\u00edm podmienkam. To je obzvl\u00e1\u0161\u0165 d\u00f4le\u017eit\u00e9 v po\u013enohospod\u00e1rskom priemysle, kde s\u00fa zariadenia \u010dasto vystaven\u00e9 drsn\u00e9mu prostrediu a intenz\u00edvnemu pou\u017e\u00edvaniu.<\/li>\n<\/ul>\n<\/li>\n<\/ul>\n<p>Vysokokvalitn\u00fd 2-tonov\u00fd dvoj\u010dinn\u00fd hydraulick\u00fd valec pre po\u013enohospod\u00e1rske stroje na odh\u0155\u0148anie snehu je vyroben\u00fd s presn\u00fdm obr\u00e1ban\u00edm a pokro\u010dilou technol\u00f3giou, ktor\u00e1 zais\u0165uje jeho odolnos\u0165 a dlh\u00fa \u017eivotnos\u0165.<\/p>\n<ul>\n<li style=\"list-style-type: none;\">\n<ul>\n<li><strong>\u00da\u010dinnos\u0165:<\/strong> Nastavite\u013en\u00e9 valce s vidlicov\u00fdm uz\u00e1verom s\u00fa vysoko \u00fa\u010dinn\u00e9. S\u00fa schopn\u00e9 r\u00fdchlo a presne doda\u0165 vysok\u00fa \u00farove\u0148 sily, \u010do je nevyhnutn\u00e9 v po\u013enohospod\u00e1rskych strojoch, kde s\u00fa presnos\u0165 a r\u00fdchlos\u0165 kritick\u00e9.<\/li>\n<\/ul>\n<\/li>\n<\/ul>\n<p>Vysokokvalitn\u00fd 2-tonov\u00fd dvoj\u010dinn\u00fd hydraulick\u00fd valec pre po\u013enohospod\u00e1rske stroje na odh\u0155\u0148anie snehu je navrhnut\u00fd tak, aby pracoval s vysokou \u00fa\u010dinnos\u0165ou, \u010do zabezpe\u010duje, \u017ee s \u013eahkos\u0165ou zvl\u00e1dne aj tie naj\u0165a\u017e\u0161ie \u00falohy.<\/p>\n<ul>\n<li style=\"list-style-type: none;\">\n<ul>\n<li><strong>Prisp\u00f4sobenie:<\/strong> Jednou z najv\u00e4\u010d\u0161\u00edch v\u00fdhod nastavite\u013en\u00fdch valcov s vidlicov\u00fdm z\u00e1vitom je ich flexibilita z h\u013eadiska prisp\u00f4sobenia. M\u00f4\u017eu by\u0165 navrhnut\u00e9 a vyroben\u00e9 tak, aby sp\u013a\u0148ali \u0161pecifick\u00e9 po\u017eiadavky, v\u010faka \u010domu s\u00fa ide\u00e1lne na pou\u017eitie v r\u00f4znych odvetviach.<\/li>\n<\/ul>\n<\/li>\n<\/ul>\n<p>Vysokokvalitn\u00fd 2-tonov\u00fd dvoj\u010dinn\u00fd hydraulick\u00fd valec pre po\u013enohospod\u00e1rske stroje na odh\u0155\u0148anie snehu je mo\u017en\u00e9 prisp\u00f4sobi\u0165 r\u00f4znym typom odh\u0155\u0148a\u010dov snehu a po\u013enohospod\u00e1rskych strojov, \u010d\u00edm sa zabezpe\u010d\u00ed, \u017ee sp\u013a\u0148a \u0161pecifick\u00e9 potreby ka\u017ed\u00e9ho z\u00e1kazn\u00edka.<\/p>\n<ul>\n<li style=\"list-style-type: none;\">\n<ul>\n<li><strong>Cenovo v\u00fdhodn\u00e9:<\/strong> Nastavite\u013en\u00e9 valce s vidlicov\u00fdm uchyten\u00edm s\u00fa cenovo v\u00fdhodn\u00fdm rie\u0161en\u00edm pre cel\u00fd rad priemyseln\u00fdch aplik\u00e1ci\u00ed vr\u00e1tane po\u013enohospod\u00e1rskych strojov. Pon\u00fakaj\u00fa vysok\u00fd stupe\u0148 v\u00fdkonu a odolnosti, v\u010faka \u010domu s\u00fa spo\u013eahlivou a dlhotrvaj\u00facou invest\u00edciou pre podniky.<\/li>\n<\/ul>\n<\/li>\n<\/ul>\n<p>Vysokokvalitn\u00fd 2-tonov\u00fd dvoj\u010dinn\u00fd hydraulick\u00fd valec pre po\u013enohospod\u00e1rske stroje na odh\u0155\u0148anie snehu je cenovo v\u00fdhodn\u00e1 mo\u017enos\u0165, ktor\u00e1 pon\u00faka v\u00fdnimo\u010dn\u00fd v\u00fdkon, odolnos\u0165 a \u00fa\u010dinnos\u0165.<\/p>\n<h3>O FMP<\/h3>\n<p>FMP je spolo\u010dnos\u0165, ktor\u00e1 sa \u0161pecializuje na predaj a servis dielov a kompletn\u00fdch strojov pre stavebn\u00e9 stroje. V\u010faka dlhoro\u010dn\u00fdm sk\u00fasenostiam v odbore a profesion\u00e1lnemu t\u00edmu poskytujeme z\u00e1kazn\u00edkom vysoko kvalitn\u00e9 a spo\u013eahliv\u00e9 diely pre stavebn\u00e9 stroje a kompletn\u00e9 rie\u0161enia pre stroje. N\u00e1\u0161 sortiment je \u0161irok\u00fd a zah\u0155\u0148a r\u00f4zne typy stavebn\u00fdch strojov, ako s\u00fa prevodovky pre po\u013enohospod\u00e1rske stroje, hydraulick\u00e9 valce, plan\u00e9tov\u00e9 prevodovky, priemyseln\u00e9 prevodovky, diely pre po\u013enohospod\u00e1rske stroje a rad \u0161pi\u010dkov\u00e9ho pr\u00edslu\u0161enstva, ktor\u00e9 k nim zodpoved\u00e1.<\/p>\n<h3>Hydraulick\u00e9 valce<\/h3>\n<p>Na\u0161e hydraulick\u00e9 valce s\u00fa jedn\u00fdm z na\u0161ich hlavn\u00fdch produktov v spolo\u010dnosti FMP. Tu je 5 d\u00f4vodov, pre\u010do sa na\u0161e hydraulick\u00e9 valce odli\u0161uj\u00fa od konkurencie:<\/p>\n<ol>\n<li><strong>Vysokokvalitn\u00e9 materi\u00e1ly:<\/strong> Na\u0161e hydraulick\u00e9 valce s\u00fa vyroben\u00e9 z vysoko kvalitn\u00fdch materi\u00e1lov, aby bola zaru\u010den\u00e1 ich odolnos\u0165 a dlh\u00e1 \u017eivotnos\u0165. Materi\u00e1ly z\u00edskavame iba od d\u00f4veryhodn\u00fdch dod\u00e1vate\u013eov, ktor\u00ed sp\u013a\u0148aj\u00fa na\u0161e pr\u00edsne \u0161tandardy kvality.<\/li>\n<li><strong>Prisp\u00f4sobite\u013en\u00e9:<\/strong> Pon\u00fakame prisp\u00f4sobite\u013en\u00e9 hydraulick\u00e9 valce, ktor\u00e9 sp\u013a\u0148aj\u00fa \u0161pecifick\u00e9 potreby na\u0161ich z\u00e1kazn\u00edkov. Napr\u00edklad n\u00e1\u0161 nastavite\u013en\u00fd valec s vidlicov\u00fdm uchyten\u00edm je mo\u017en\u00e9 nastavi\u0165 tak, aby vyhovoval r\u00f4znym aplik\u00e1ci\u00e1m.<\/li>\n<li><strong>Odbornos\u0165:<\/strong> V spolo\u010dnosti FMP m\u00e1me sk\u00fasen\u00fd a kvalifikovan\u00fd obchodn\u00fd t\u00edm, ktor\u00fd je obozn\u00e1men\u00fd s v\u00fdvojov\u00fdmi trendmi a potrebami z\u00e1kazn\u00edkov v odvetv\u00ed stavebn\u00fdch strojov. Dok\u00e1\u017ee poskytn\u00fa\u0165 profesion\u00e1lne poradenstvo oh\u013eadom produktov a inteligentn\u00e9 n\u00e1vrhy na n\u00e1kup.<\/li>\n<li><strong>Efekt\u00edvna logistika:<\/strong> M\u00e1me efekt\u00edvny logistick\u00fd distribu\u010dn\u00fd syst\u00e9m, ktor\u00fd zabezpe\u010duje, aby z\u00e1kazn\u00edci dostali po\u017eadovan\u00e9 diely v\u010das a presne. Ch\u00e1peme, \u017ee \u010das s\u00fa peniaze, a preto sa sna\u017e\u00edme minimalizova\u0165 prestoje pre na\u0161ich z\u00e1kazn\u00edkov.<\/li>\n<li><strong>Spo\u013eahlivos\u0165:<\/strong> Na\u0161e hydraulick\u00e9 valce s\u00fa navrhnut\u00e9 tak, aby boli spo\u013eahliv\u00e9 a dlho vydr\u017eia. Sme hrd\u00ed na to, \u017ee na\u0161im z\u00e1kazn\u00edkom poskytujeme produkty, na ktor\u00e9 sa m\u00f4\u017eu spo\u013eahn\u00fa\u0165.<\/li>\n<\/ol>\n<p>Vyberte si FMP pre va\u0161e potreby v oblasti stavebn\u00fdch strojov a za\u017eite rozdiel v kvalite a slu\u017eb\u00e1ch. Kontaktujte n\u00e1s e\u0161te dnes a dozviete sa viac o na\u0161ich produktoch a slu\u017eb\u00e1ch.<\/p>\n<p><img decoding=\"async\" src=\"https:\/\/fmp-components.com\/wp-content\/uploads\/2024\/12\/Adjustable-Clevis-Type-Cylinders-6.webp\" alt=\"Nastavite\u013en\u00fd valec typu Clevis\" width=\"800\" title=\"\"><\/p>\n<h2>\u010casto kladen\u00e9 ot\u00e1zky<\/h2>\n<h3>Ot\u00e1zka: Ak\u00e1 je dodacia lehota?<\/h3>\n<p>A: Dodacia lehota je zvy\u010dajne 25-35 dn\u00ed.<\/p>\n<h3>Ot\u00e1zka: Poskytujete vzorky?<\/h3>\n<p>A: \u00c1no, poskytujeme vzorky, ale nie s\u00fa zadarmo.<\/p>\n<h3>Ot\u00e1zka: M\u00f4\u017eete vyrobi\u0165 pod\u013ea vzoriek?<\/h3>\n<p>A: \u00c1no, vieme vyrobi\u0165 v\u00fdrobky pod\u013ea va\u0161ich vzoriek alebo technick\u00fdch v\u00fdkresov. Vieme vyrobi\u0165 formy a pr\u00edpravky.<\/p>\n<p><img decoding=\"async\" src=\"https:\/\/hzpt.com\/wp-content\/uploads\/2023\/11\/Snow-Plow-Hydraulic-Cylinder-4Factory.webp\" alt=\"Tov\u00e1re\u0148 na hydraulick\u00e9 valce na snehov\u00e9 pluhy\" title=\"\"><\/p>\n<p>Autor: CX<\/p>","protected":false},"excerpt":{"rendered":"<p>High Quality 2 Ton Double Acting Hydraulic Cylinder Agricultural Machinery Hydraulic Cylinder for Snow PlowThe High Quality 2 Ton Double Acting Hydraulic Cylinder Agricultural Machinery Hydraulic Cylinder for Snow Plow is a top-notch product that is designed to provide exceptional performance and durability. With its advanced hydraulic system, this cylinder ensures efficient and reliable operation, [&hellip;]<\/p>","protected":false},"featured_media":1445,"comment_status":"closed","ping_status":"closed","template":"","meta":{"_et_pb_use_builder":"","_et_pb_old_content":"","_et_gb_content_width":""},"product_brand":[],"product_cat":[42],"product_tag":[34,44],"class_list":{"0":"post-1444","1":"product","2":"type-product","3":"status-publish","4":"has-post-thumbnail","6":"product_cat-snow-plow-hydraulic-cylinder","7":"product_tag-hydraulic-cylinder","8":"product_tag-snow-plow-hydraulic-cylinder","10":"first","11":"instock","12":"product-type-simple"},"_links":{"self":[{"href":"https:\/\/fmp-components.com\/sk\/wp-json\/wp\/v2\/product\/1444","targetHints":{"allow":["GET"]}}],"collection":[{"href":"https:\/\/fmp-components.com\/sk\/wp-json\/wp\/v2\/product"}],"about":[{"href":"https:\/\/fmp-components.com\/sk\/wp-json\/wp\/v2\/types\/product"}],"replies":[{"embeddable":true,"href":"https:\/\/fmp-components.com\/sk\/wp-json\/wp\/v2\/comments?post=1444"}],"wp:featuredmedia":[{"embeddable":true,"href":"https:\/\/fmp-components.com\/sk\/wp-json\/wp\/v2\/media\/1445"}],"wp:attachment":[{"href":"https:\/\/fmp-components.com\/sk\/wp-json\/wp\/v2\/media?parent=1444"}],"wp:term":[{"taxonomy":"product_brand","embeddable":true,"href":"https:\/\/fmp-components.com\/sk\/wp-json\/wp\/v2\/product_brand?post=1444"},{"taxonomy":"product_cat","embeddable":true,"href":"https:\/\/fmp-components.com\/sk\/wp-json\/wp\/v2\/product_cat?post=1444"},{"taxonomy":"product_tag","embeddable":true,"href":"https:\/\/fmp-components.com\/sk\/wp-json\/wp\/v2\/product_tag?post=1444"}],"curies":[{"name":"pracovn\u00fd list","href":"https:\/\/api.w.org\/{rel}","templated":true}]}}