{"id":1390,"date":"2024-12-23T02:19:41","date_gmt":"2024-12-23T02:19:41","guid":{"rendered":"https:\/\/fmp-components.com\/product\/quality-assurance-mini-double-acting-hydraulic-cylinder-for-agriculture\/"},"modified":"2024-12-23T03:02:01","modified_gmt":"2024-12-23T03:02:01","slug":"quality-assurance-mini-double-acting-hydraulic-cylinder-for-agriculture","status":"publish","type":"product","link":"https:\/\/fmp-components.com\/sk\/product\/quality-assurance-mini-double-acting-hydraulic-cylinder-for-agriculture\/","title":{"rendered":"Zabezpe\u010denie kvality Mini dvoj\u010dinn\u00fd hydraulick\u00fd valec pre po\u013enohospod\u00e1rstvo"},"content":{"rendered":"<h2>Predstavujeme mini dvoj\u010dinn\u00fd hydraulick\u00fd valec s certifik\u00e1ciou kvality pre po\u013enohospod\u00e1rstvo:<\/h2>\n<p>Mini dvoj\u010dinn\u00fd hydraulick\u00fd valec s certifik\u00e1ciou Quality Assurance pre po\u013enohospod\u00e1rstvo je vysoko v\u00fdkonn\u00fd produkt navrhnut\u00fd \u0161peci\u00e1lne pre po\u013enohospod\u00e1rske aplik\u00e1cie. Tento valec je vyroben\u00fd s presnos\u0165ou a d\u00f4razom na detail, \u010do zais\u0165uje optim\u00e1lnu funk\u010dnos\u0165 a odolnos\u0165.<\/p>\n<p>Tento hydraulick\u00fd valec s dvoj\u010dinnou kon\u0161trukciou je schopn\u00fd poskytova\u0165 v\u00fdkon pri vys\u00favan\u00ed aj zas\u00favan\u00ed. T\u00e1to v\u0161estrannos\u0165 umo\u017e\u0148uje efekt\u00edvnu prev\u00e1dzku a zv\u00fd\u0161enie produktivity po\u013enohospod\u00e1rskych strojov.<\/p>\n<p>S d\u00f4razom na zabezpe\u010denie kvality prech\u00e1dza tento hydraulick\u00fd valec pr\u00edsnym testovan\u00edm, aby sa zabezpe\u010dilo, \u017ee jeho v\u00fdkon sp\u013a\u0148a najvy\u0161\u0161ie \u0161tandardy. Je vyroben\u00fd tak, aby odolal n\u00e1ro\u010dn\u00fdm podmienkam, s ktor\u00fdmi sa \u010dasto stret\u00e1vame v po\u013enohospod\u00e1rskom prostred\u00ed, ako s\u00fa vysok\u00e9 za\u0165a\u017eenia, nepretr\u017eit\u00e9 pou\u017e\u00edvanie a vystavenie drsn\u00fdm poveternostn\u00fdm vplyvom.<\/p>\n<p><img loading=\"lazy\" decoding=\"async\" class=\"alignnone size-full wp-image-1334\" src=\"https:\/\/fmp-components.com\/wp-content\/uploads\/2024\/12\/Adjustable-Clevis-Type-Cylinders-4.webp\" alt=\"Nastavite\u013en\u00e9 valce s vidlicov\u00fdm z\u00e1vesom\" width=\"800\" height=\"800\" title=\"\" srcset=\"https:\/\/fmp-components.com\/wp-content\/uploads\/2024\/12\/Adjustable-Clevis-Type-Cylinders-4.webp 800w, https:\/\/fmp-components.com\/wp-content\/uploads\/2024\/12\/Adjustable-Clevis-Type-Cylinders-4-480x480.webp 480w\" sizes=\"(min-width: 0px) and (max-width: 480px) 480px, (min-width: 481px) 800px, 100vw\" \/><\/p>\n<p>Valec je vyroben\u00fd z prvotriednych materi\u00e1lov a pokro\u010dil\u00fdch v\u00fdrobn\u00fdch techn\u00edk, v\u00fdsledkom \u010doho je produkt, ktor\u00fd je spo\u013eahliv\u00fd a dlhotrvaj\u00faci. Jeho kompaktn\u00e1 ve\u013ekos\u0165 umo\u017e\u0148uje jednoduch\u00fa in\u0161tal\u00e1ciu a integr\u00e1ciu do r\u00f4znych po\u013enohospod\u00e1rskych strojov, \u010d\u00edm sa zvy\u0161uje celkov\u00e1 \u00fa\u010dinnos\u0165 a v\u00fdkon.<\/p>\n<p>Mini dvoj\u010dinn\u00fd hydraulick\u00fd valec s certifik\u00e1ciou Quality Assurance pre po\u013enohospod\u00e1rstvo je z\u00e1kladn\u00fdm komponentom po\u013enohospod\u00e1rskych strojov, ktor\u00fd poskytuje spo\u013eahliv\u00fd v\u00fdkon a v\u00fdkon. V\u010faka svojej vynikaj\u00facej kvalite a odolnosti je cennou invest\u00edciou pre po\u013enohospod\u00e1rov a po\u013enohospod\u00e1rskych profesion\u00e1lov.<\/p>\n<p>Vyberte si tento hydraulick\u00fd valec pre optimaliz\u00e1ciu produktivity a v\u00fdkonu v\u00e1\u0161ho po\u013enohospod\u00e1rskeho zariadenia. Za\u017eite z\u00e1ruku kvality a spo\u013eahlivosti, ktor\u00fa tento produkt pon\u00faka, a zabezpe\u010dte tak plynul\u00fd a efekt\u00edvny chod v ter\u00e9ne.<\/p>\n<p>Predstavujeme n\u00e1\u0161 mini dvoj\u010dinn\u00fd hydraulick\u00fd valec s certifik\u00e1ciou kvality \u2013 perfektn\u00e9 rie\u0161enie pre r\u00f4zne odvetvia vr\u00e1tane opravovn\u00ed strojov, fariem, energetiky a ban\u00edctva, v\u00fdroby strojov a stroj\u00e1rskych z\u00e1vodov. Tento nov\u00fd produkt pon\u00faka maxim\u00e1lny posuv 3000 a je dod\u00e1van\u00fd v nastavite\u013enom type s vidlicov\u00fdm z\u00e1vesom. S hmotnos\u0165ou 47 kg je vyroben\u00fd z hlavn\u00fdch komponentov lo\u017eiska a hydraulick\u00e9ho valca so \u0161tandardnou kon\u0161trukciou piestov\u00e9ho valca poh\u00e1\u0148an\u00e9ho hydraulicky a vyroben\u00e9ho z odolnej ocele. Navy\u0161e je \u010diernej farby a certifikovan\u00fd pod\u013ea normy ISO9001:2000.<\/p>\n<h2>V\u00fdhody nastavite\u013en\u00fdch valcov s vidlicov\u00fdm uchyten\u00edm<\/h2>\n<p>Nastavite\u013en\u00e9 valce s vidlicov\u00fdm uchyten\u00edm s\u00fa z\u00e1kladnou s\u00fa\u010das\u0165ou hydraulick\u00fdch syst\u00e9mov. Pou\u017e\u00edvaj\u00fa sa na premenu hydraulickej sily na line\u00e1rnu mechanick\u00fa silu. Funkcia nastavite\u013en\u00e9ho vidlicov\u00e9ho uchytenia t\u00fdchto valcov umo\u017e\u0148uje pou\u017e\u00edvate\u013eovi nastavi\u0165 d\u013a\u017eku zdvihu, \u010do z nich rob\u00ed v\u0161estrann\u00e9 rie\u0161enie pre r\u00f4zne aplik\u00e1cie. V tomto \u010dl\u00e1nku sa budeme venova\u0165 v\u00fdhod\u00e1m nastavite\u013en\u00fdch valcov s vidlicov\u00fdm uchyten\u00edm.<\/p>\n<h3>1. V\u0161estrannos\u0165<\/h3>\n<p>Jednou z hlavn\u00fdch v\u00fdhod nastavite\u013en\u00fdch valcov s vidlicov\u00fdm uz\u00e1verom je ich v\u0161estrannos\u0165. Ich nastavite\u013enos\u0165 umo\u017e\u0148uje ich pou\u017eitie v \u0161irokej \u0161k\u00e1le aplik\u00e1ci\u00ed. Tento typ valca sa d\u00e1 pou\u017ei\u0165 v r\u00f4znych syst\u00e9moch, ako s\u00fa manipula\u010dn\u00e9 zariadenia, po\u013enohospod\u00e1rstvo a stavebn\u00edctvo. Napr\u00edklad v po\u013enohospod\u00e1rstve je mini dvoj\u010dinn\u00fd hydraulick\u00fd valec Quality Assurance Mini pre po\u013enohospod\u00e1rstvo ide\u00e1lny pre r\u00f4zne po\u013enohospod\u00e1rske stroje, ako s\u00fa zbera\u010de, seja\u010dky a postrekova\u010de.<\/p>\n<h3>2. N\u00e1kladovo efekt\u00edvne<\/h3>\n<p>\u010eal\u0161ou v\u00fdhodou nastavite\u013en\u00fdch valcov s vidlicov\u00fdm uchyten\u00edm je ich n\u00e1kladov\u00e1 efekt\u00edvnos\u0165. V porovnan\u00ed s in\u00fdmi typmi valcov s\u00fa relat\u00edvne lacnej\u0161ie. S\u00fa vhodnou vo\u013ebou pre aplik\u00e1cie, kde d\u013a\u017eka zdvihu nemus\u00ed by\u0165 pr\u00edli\u0161 presn\u00e1. Napr\u00edklad v po\u013enohospod\u00e1rskych strojoch s\u00fa nastavite\u013en\u00e9 valce s vidlicov\u00fdm uchyten\u00edm n\u00e1kladovo efekt\u00edvnym rie\u0161en\u00edm v porovnan\u00ed s in\u00fdmi typmi valcov.<\/p>\n<h3>3. Jednoduch\u00e1 in\u0161tal\u00e1cia a \u00fadr\u017eba<\/h3>\n<p>Nastavite\u013en\u00e9 valce s vidlicov\u00fdm uz\u00e1verom sa tie\u017e \u013eahko in\u0161taluj\u00fa a udr\u017eiavaj\u00fa. Na in\u0161tal\u00e1ciu nevy\u017eaduj\u00fa \u0161peci\u00e1lne n\u00e1stroje ani vybavenie. \u013dahko sa aj udr\u017eiavaj\u00fa a v\u00e4\u010d\u0161ina z nich sa dod\u00e1va s n\u00e1vodom na \u00fadr\u017ebu. Pravideln\u00e1 \u00fadr\u017eba zaru\u010duje dlh\u00fa \u017eivotnos\u0165 valca a optim\u00e1lny v\u00fdkon.<\/p>\n<h3>4. Vysokokvalitn\u00fd v\u00fdkon<\/h3>\n<p>Nastavite\u013en\u00e9 valce s vidlicov\u00fdm uz\u00e1verom s\u00fa zn\u00e1me svojou vysokou kvalitou. S\u00fa vyroben\u00e9 z vysoko kvalitn\u00fdch materi\u00e1lov, ako je oce\u013e, hlin\u00edk a liatina. Kon\u0161trukcia valca zais\u0165uje, \u017ee zvl\u00e1dne vysokotlakov\u00e9 aplik\u00e1cie bez kompromisov v jeho v\u00fdkone. Napr\u00edklad mini dvoj\u010dinn\u00fd hydraulick\u00fd valec Quality Assurance pre po\u013enohospod\u00e1rstvo je navrhnut\u00fd tak, aby zvl\u00e1dal n\u00e1ro\u010dn\u00e9 podmienky po\u013enohospod\u00e1rskeho prostredia.<\/p>\n<h3>5. Energeticky \u00fasporn\u00e9<\/h3>\n<p>Nastavite\u013enos\u0165 vidlicov\u00e9ho valca ho rob\u00ed energeticky \u00fasporn\u00fdm. Nastaven\u00edm d\u013a\u017eky zdvihu sa zni\u017euje mno\u017estvo kvapaliny potrebnej na prev\u00e1dzku valca, \u010do vedie k \u00faspore energie. V\u010faka tomu s\u00fa nastavite\u013en\u00e9 vidlicov\u00e9 valce vhodnou vo\u013ebou pre aplik\u00e1cie, ktor\u00e9 vy\u017eaduj\u00fa energetick\u00fa \u00fa\u010dinnos\u0165.<\/p>\n<p>Z\u00e1verom mo\u017eno poveda\u0165, \u017ee nastavite\u013en\u00e9 valce s vidlicov\u00fdm uz\u00e1verom s\u00fa z\u00e1kladnou s\u00fa\u010das\u0165ou hydraulick\u00fdch syst\u00e9mov. Pon\u00fakaj\u00fa v\u0161estrannos\u0165, n\u00e1kladov\u00fa efekt\u00edvnos\u0165, jednoduch\u00fa in\u0161tal\u00e1ciu a \u00fadr\u017ebu, vysoko kvalitn\u00fd v\u00fdkon a energetick\u00fa \u00fa\u010dinnos\u0165. V\u010faka svojej nastavite\u013enosti s\u00fa vhodn\u00fdm rie\u0161en\u00edm pre r\u00f4zne aplik\u00e1cie vr\u00e1tane po\u013enohospod\u00e1rstva, stavebn\u00edctva a manipula\u010dn\u00fdch zariaden\u00ed.<img decoding=\"async\" src=\"https:\/\/fmp-components.com\/wp-content\/uploads\/2024\/12\/Adjustable-Clevis-Type-Cylinders5.webp\" alt=\"Nastavite\u013en\u00fd valec typu Clevis\" width=\"800\" title=\"\"><\/p>\n<h2>Pou\u017eitie nastavite\u013en\u00fdch valcov s vidlicov\u00fdm uchyten\u00edm<\/h2>\n<p>Nastavite\u013en\u00e9 valce s vidlicov\u00fdm uz\u00e1verom s\u00fa v\u0161estrann\u00e9 a \u0161iroko pou\u017e\u00edvan\u00e9 v r\u00f4znych odvetviach. Tu s\u00fa niektor\u00e9 z aplik\u00e1ci\u00ed t\u00fdchto valcov:<\/p>\n<ol>\n<li style=\"list-style-type: none;\">\n<ol>\n<li>Zabezpe\u010denie kvality Mini dvoj\u010dinn\u00fd hydraulick\u00fd valec pre po\u013enohospod\u00e1rstvo<\/li>\n<\/ol>\n<\/li>\n<\/ol>\n<p>Nastavite\u013en\u00fd hydraulick\u00fd valec s vidlicovou vidli\u010dkou je z\u00e1kladnou s\u00fa\u010das\u0165ou po\u013enohospod\u00e1rskeho priemyslu. Mini dvoj\u010dinn\u00fd hydraulick\u00fd valec je ur\u010den\u00fd na pou\u017eitie v mal\u00fdch po\u013enohospod\u00e1rskych strojoch, ako s\u00fa traktory. Valec je zodpovedn\u00fd za poskytovanie sily potrebnej na ovl\u00e1danie hydraulick\u00fdch syst\u00e9mov v t\u00fdchto strojoch. Je to kritick\u00e1 s\u00fa\u010das\u0165, ktor\u00e1 zabezpe\u010duje plynul\u00fd chod po\u013enohospod\u00e1rskych strojov.<\/p>\n<ol>\n<li style=\"list-style-type: none;\">\n<ol>\n<li>Stavebn\u00fd priemysel<\/li>\n<\/ol>\n<\/li>\n<\/ol>\n<p>Nastavite\u013en\u00e9 valce s vidlicov\u00fdm uchyten\u00edm sa pou\u017e\u00edvaj\u00fa v stavebn\u00edctve na premiest\u0148ovanie a zdv\u00edhanie \u0165a\u017ek\u00fdch bremien. Hydraulick\u00e9 valce poskytuj\u00fa pevnos\u0165 potrebn\u00fa na premiest\u0148ovanie \u0165a\u017ek\u00fdch bremien, v\u010faka \u010domu s\u00fa nevyhnutn\u00e9 pri stavbe budov a in\u00fdch kon\u0161trukci\u00ed. Mo\u017enos\u0165 nastavenia r\u00f4znych d\u013a\u017eok nastavite\u013en\u00e9ho valca s vidlicov\u00fdm uchyten\u00edm ho rob\u00ed ide\u00e1lnym na pou\u017eitie v stavebn\u00fdch strojoch s obmedzen\u00fdm priestorom.<\/p>\n<ol>\n<li style=\"list-style-type: none;\">\n<ol>\n<li>V\u00fdrobn\u00fd priemysel<\/li>\n<\/ol>\n<\/li>\n<\/ol>\n<p>R\u00f4zne v\u00fdrobn\u00e9 procesy vy\u017eaduj\u00fa presn\u00e9 ovl\u00e1danie pohybu a sily. Nastavite\u013en\u00e9 valce s vidlicov\u00fdm uz\u00e1verom sa pou\u017e\u00edvaj\u00fa vo v\u00fdrobn\u00fdch strojoch na zabezpe\u010denie potrebnej sily na ovl\u00e1danie t\u00fdchto strojov. Pou\u017e\u00edvaj\u00fa sa tie\u017e na ovl\u00e1danie pohybu r\u00f4znych komponentov vo v\u00fdrobnom procese, \u010d\u00edm sa zabezpe\u010d\u00ed, \u017ee v\u00fdrobky sa vyr\u00e1baj\u00fa pod\u013ea po\u017eadovan\u00fdch \u0161pecifik\u00e1ci\u00ed.<\/p>\n<ol>\n<li style=\"list-style-type: none;\">\n<ol>\n<li>Dopravn\u00fd priemysel<\/li>\n<\/ol>\n<\/li>\n<\/ol>\n<p>Dopravn\u00fd priemysel vyu\u017e\u00edva nastavite\u013en\u00e9 valce s vidlicov\u00fdm uz\u00e1verom v r\u00f4znych aplik\u00e1ci\u00e1ch. V autobusoch a n\u00e1kladn\u00fdch vozidl\u00e1ch sa hydraulick\u00e9 valce pou\u017e\u00edvaj\u00fa na ovl\u00e1danie dverov\u00fdch syst\u00e9mov, riadenia a brzdov\u00fdch syst\u00e9mov. Pou\u017e\u00edvaj\u00fa sa aj v syst\u00e9moch zavesenia kolies niektor\u00fdch vozidiel.<\/p>\n<ol>\n<li style=\"list-style-type: none;\">\n<ol>\n<li>\u0164a\u017eobn\u00fd priemysel<\/li>\n<\/ol>\n<\/li>\n<\/ol>\n<p>Hydraulick\u00e9 valce sa pou\u017e\u00edvaj\u00fa v banskom priemysle na ovl\u00e1danie pohybu r\u00f4znych zariaden\u00ed. Pou\u017e\u00edvaj\u00fa sa napr\u00edklad v bansk\u00fdch vrt\u00e1koch na ovl\u00e1danie \u0165ahu a ot\u00e1\u010dania vrtn\u00fdch hl\u00e1v. Pou\u017e\u00edvaj\u00fa sa aj v hydraulick\u00fdch syst\u00e9moch r\u00fdpadiel a in\u00fdch bansk\u00fdch zariaden\u00ed.<\/p>\n<p>Z\u00e1verom mo\u017eno poveda\u0165, \u017ee nastavite\u013en\u00e9 valce s vidlicov\u00fdm uchyten\u00edm s\u00fa nevyhnutnou s\u00fa\u010das\u0165ou v r\u00f4znych odvetviach vr\u00e1tane po\u013enohospod\u00e1rstva, stavebn\u00edctva, v\u00fdroby, dopravy a ban\u00edctva. Tieto valce poskytuj\u00fa silu potrebn\u00fa na ovl\u00e1danie hydraulick\u00fdch syst\u00e9mov, riadenie pohybu strojov\u00fdch komponentov a premiest\u0148ovanie \u0165a\u017ek\u00fdch bremien. V\u0161estrannos\u0165 a nastavite\u013enos\u0165 valca s vidlicov\u00fdm uchyten\u00edm z neho rob\u00ed ide\u00e1lny komponent na pou\u017eitie v r\u00f4znych aplik\u00e1ci\u00e1ch.<img decoding=\"async\" src=\"https:\/\/fmp-components.com\/wp-content\/uploads\/2024\/12\/Application-of-Adjustable-Clevis-Type-Cylinders.webp\" alt=\"Nastavite\u013en\u00fd valec typu Clevis\" width=\"800\" title=\"\"><\/p>\n<h3>O FMP<\/h3>\n<p>FMP je spolo\u010dnos\u0165, ktor\u00e1 sa \u0161pecializuje na v\u00fdrobu a predaj hydraulick\u00fdch valcov. S na\u0161\u00edm s\u00eddlom v Taliansku m\u00e1me dlhoro\u010dn\u00e9 sk\u00fasenosti v odvetv\u00ed stavebn\u00fdch strojov a \u0161pecializovan\u00fd t\u00edm odborn\u00edkov. Pon\u00fakame vysoko kvalitn\u00e9 a spo\u013eahliv\u00e9 hydraulick\u00e9 valce spolu so \u0161irok\u00fdm sortimentom dielov pre stavebn\u00e9 stroje a kompletn\u00fdch strojov\u00fdch rie\u0161en\u00ed.<\/p>\n<p>Tu je 5 d\u00f4vodov, pre\u010do by ste si mali vybra\u0165 FMP:<\/p>\n<ol>\n<li>\u0160irok\u00fd sortiment produktov: Pon\u00fakame r\u00f4zne typy hydraulick\u00fdch valcov vr\u00e1tane nastavite\u013en\u00fdch valcov s vidlicov\u00fdm z\u00e1vitom, teleskopick\u00fdch valcov, zv\u00e1ran\u00fdch valcov a \u010fal\u0161\u00edch. N\u00e1\u0161 rozmanit\u00fd sortiment produktov zabezpe\u010duje, \u017ee dok\u00e1\u017eeme splni\u0165 \u0161pecifick\u00e9 potreby na\u0161ich z\u00e1kazn\u00edkov.<\/li>\n<li>Komponenty najvy\u0161\u0161ej kvality: V\u0161etky na\u0161e hydraulick\u00e9 valce s\u00fa vyroben\u00e9 z komponentov najvy\u0161\u0161ej kvality, aby sa zabezpe\u010dila ich odolnos\u0165 a v\u00fdkon. \u00dazko spolupracujeme s vysoko kvalitn\u00fdmi dod\u00e1vate\u013emi, aby sme dodr\u017eali pr\u00edsne \u0161tandardy kvality.<\/li>\n<li>Odborn\u00fd obchodn\u00fd t\u00edm: N\u00e1\u0161 sk\u00fasen\u00fd obchodn\u00fd t\u00edm m\u00e1 rozsiahle znalosti v odvetv\u00ed stavebn\u00fdch strojov a rozumie meniacim sa potreb\u00e1m na\u0161ich z\u00e1kazn\u00edkov. Dok\u00e1\u017ee poskytn\u00fa\u0165 profesion\u00e1lne konzult\u00e1cie o produktoch a pon\u00faknu\u0165 inteligentn\u00e9 n\u00e1vrhy na n\u00e1kup.<\/li>\n<li>Efekt\u00edvna logistika: M\u00e1me zaveden\u00fd efekt\u00edvny logistick\u00fd distribu\u010dn\u00fd syst\u00e9m, ktor\u00fd zabezpe\u010duje v\u010dasn\u00e9 a presn\u00e9 dodanie po\u017eadovan\u00fdch dielov na\u0161im z\u00e1kazn\u00edkom. M\u00f4\u017eete sa na n\u00e1s spo\u013eahn\u00fa\u0165, \u017ee spln\u00edme term\u00edny v\u00e1\u0161ho projektu.<\/li>\n<li>Z\u00e1v\u00e4zok k spokojnosti z\u00e1kazn\u00edkov: V spolo\u010dnosti FMP je spokojnos\u0165 z\u00e1kazn\u00edkov na\u0161ou najvy\u0161\u0161ou prioritou. Sna\u017e\u00edme sa poskytova\u0165 vynikaj\u00face slu\u017eby v ka\u017edom kroku, od v\u00fdberu produktu a\u017e po popredajn\u00fa podporu. V\u00e1\u0161 \u00faspech je na\u0161\u00edm \u00faspechom.<\/li>\n<\/ol>\n<p><img decoding=\"async\" src=\"https:\/\/fmp-components.com\/wp-content\/uploads\/2024\/12\/Adjustable-Clevis-Type-Cylinders-6.webp\" alt=\"Nastavite\u013en\u00fd valec typu Clevis\" width=\"852\" title=\"\"><\/p>\n<h2>\u010casto kladen\u00e9 ot\u00e1zky<\/h2>\n<p><b>Ot\u00e1zka: Ak\u00e9 r\u00f4zne typy hydraulick\u00fdch valcov pon\u00faka spolo\u010dnos\u0165 FMP?<\/b><\/p>\n<p>A: FMP pon\u00faka \u0161irok\u00fd v\u00fdber hydraulick\u00fdch valcov vr\u00e1tane mini dvoj\u010dinn\u00fdch, \u0165ahadlov\u00fdch, zv\u00e1ran\u00fdch, teleskopick\u00fdch a jedno\u010dinn\u00fdch valcov.<\/p>\n<p><b>Ot\u00e1zka: \u010co rob\u00ed mini dvoj\u010dinn\u00fd hydraulick\u00fd valec s certifik\u00e1ciou Quality Assurance vhodn\u00fdm na po\u013enohospod\u00e1rske pou\u017eitie?<\/b><\/p>\n<p>A: Valec je vyroben\u00fd z odolnej ocele, vyzna\u010duje sa vysok\u00fdm maxim\u00e1lnym \u0165ahom a dod\u00e1va sa v nastavite\u013enom vidlicovom type, v\u010faka \u010domu je v\u0161estrann\u00fd a robustn\u00fd pre po\u013enohospod\u00e1rske aplik\u00e1cie.<\/p>\n<p><b>Ot\u00e1zka: Ak\u00e9 slu\u017eby poskytuje spolo\u010dnos\u0165 FMP na zabezpe\u010denie optim\u00e1lneho v\u00fdkonu hydraulick\u00fdch valcov?<\/b><\/p>\n<p>A: FMP poskytuje pokyny k postupom in\u0161tal\u00e1cie, tipy na \u00fadr\u017ebu a osved\u010den\u00e9 postupy na zabezpe\u010denie dlhej \u017eivotnosti a optim\u00e1lneho v\u00fdkonu valcov.<\/p>\n<p><img decoding=\"async\" src=\"https:\/\/img.jiansujichilun.com\/img\/hydrauliccylinders\/C_hydrauliccylinders-4.webp\" alt=\"hydraulick\u00fd valec\" width=\"800\" title=\"\"><\/p>\n<p>Autor\uff1a CX<\/p>","protected":false},"excerpt":{"rendered":"<p>Introducing the Quality Assurance Mini Double Acting Hydraulic Cylinder For Agriculture: The Quality Assurance Mini Double Acting Hydraulic Cylinder For Agriculture is a high-performance product designed specifically for agricultural applications. This cylinder is built with precision and attention to detail, ensuring optimal functionality and durability. Featuring a double-acting design, this hydraulic cylinder is capable of [&hellip;]<\/p>","protected":false},"featured_media":1338,"comment_status":"closed","ping_status":"closed","template":"","meta":{"_et_pb_use_builder":"","_et_pb_old_content":"","_et_gb_content_width":""},"product_brand":[],"product_cat":[39],"product_tag":[41,34],"class_list":{"0":"post-1390","1":"product","2":"type-product","3":"status-publish","4":"has-post-thumbnail","6":"product_cat-adjustable-clevis-type-cylinders","7":"product_tag-adjustable-clevis-type-cylinders","8":"product_tag-hydraulic-cylinder","10":"first","11":"instock","12":"product-type-simple"},"_links":{"self":[{"href":"https:\/\/fmp-components.com\/sk\/wp-json\/wp\/v2\/product\/1390","targetHints":{"allow":["GET"]}}],"collection":[{"href":"https:\/\/fmp-components.com\/sk\/wp-json\/wp\/v2\/product"}],"about":[{"href":"https:\/\/fmp-components.com\/sk\/wp-json\/wp\/v2\/types\/product"}],"replies":[{"embeddable":true,"href":"https:\/\/fmp-components.com\/sk\/wp-json\/wp\/v2\/comments?post=1390"}],"wp:featuredmedia":[{"embeddable":true,"href":"https:\/\/fmp-components.com\/sk\/wp-json\/wp\/v2\/media\/1338"}],"wp:attachment":[{"href":"https:\/\/fmp-components.com\/sk\/wp-json\/wp\/v2\/media?parent=1390"}],"wp:term":[{"taxonomy":"product_brand","embeddable":true,"href":"https:\/\/fmp-components.com\/sk\/wp-json\/wp\/v2\/product_brand?post=1390"},{"taxonomy":"product_cat","embeddable":true,"href":"https:\/\/fmp-components.com\/sk\/wp-json\/wp\/v2\/product_cat?post=1390"},{"taxonomy":"product_tag","embeddable":true,"href":"https:\/\/fmp-components.com\/sk\/wp-json\/wp\/v2\/product_tag?post=1390"}],"curies":[{"name":"pracovn\u00fd list","href":"https:\/\/api.w.org\/{rel}","templated":true}]}}