{"id":1389,"date":"2024-12-23T02:19:41","date_gmt":"2024-12-23T02:19:41","guid":{"rendered":"https:\/\/fmp-components.com\/product\/manufacturer-supplier-double-acting-tow-truck-hydraulic-cylinder\/"},"modified":"2024-12-23T02:48:35","modified_gmt":"2024-12-23T02:48:35","slug":"manufacturer-supplier-double-acting-tow-truck-hydraulic-cylinder","status":"publish","type":"product","link":"https:\/\/fmp-components.com\/sk\/product\/manufacturer-supplier-double-acting-tow-truck-hydraulic-cylinder\/","title":{"rendered":"V\u00fdrobca Dod\u00e1vate\u013e Dvoj\u010dinn\u00fd hydraulick\u00fd valec pre od\u0165ahov\u00e9 vozidl\u00e1"},"content":{"rendered":"<h2>V\u00fdrobca Dod\u00e1vate\u013e Dvoj\u010dinn\u00fd hydraulick\u00fd valec pre od\u0165ahov\u00e9 vozidl\u00e1:<\/h2>\n<p>Dvoj\u010dinn\u00fd hydraulick\u00fd valec pre od\u0165ahovacie vozidl\u00e1 je vysoko \u00fa\u010dinn\u00fd a odoln\u00fd produkt ur\u010den\u00fd na pou\u017eitie v od\u0165ahov\u00fdch a \u0165a\u017en\u00fdch vozidl\u00e1ch. Tento hydraulick\u00fd valec je vyroben\u00fd z prvotriednych materi\u00e1lov a pokro\u010dil\u00fdch v\u00fdrobn\u00fdch techn\u00edk, ktor\u00e9 zabezpe\u010duj\u00fa vynikaj\u00faci v\u00fdkon a dlh\u00fa \u017eivotnos\u0165.<\/p>\n<p>N\u00e1\u0161 dvoj\u010dinn\u00fd hydraulick\u00fd valec pre od\u0165ahov\u00e9 vozidl\u00e1 je navrhnut\u00fd tak, aby pon\u00fakal v\u00fdnimo\u010dn\u00fa odolnos\u0165 vo\u010di drsn\u00fdm environment\u00e1lnym faktorom a intenz\u00edvnemu pou\u017e\u00edvaniu. M\u00e1 robustn\u00e9 telo odoln\u00e9 vo\u010di kor\u00f3zii, ktor\u00e9 odol\u00e1 hrub\u00e9mu zaobch\u00e1dzaniu a vystaveniu vlhkosti a ne\u010distot\u00e1m. Valec je tie\u017e navrhnut\u00fd tak, aby poskytoval plynul\u00fd a konzistentn\u00fd chod s minim\u00e1lnym tren\u00edm a odporom.<\/p>\n<p>Dvoj\u010dinn\u00fd hydraulick\u00fd valec pre od\u0165ahovacie vozidl\u00e1 m\u00e1 v\u0161estrann\u00e9 pou\u017eitie a mo\u017eno ho pou\u017ei\u0165 v r\u00f4znych modeloch od\u0165ahovac\u00edch vozidiel. Jeho in\u0161tal\u00e1cia a \u00fadr\u017eba s\u00fa tie\u017e jednoduch\u00e9, v\u010faka \u010domu s\u00fa ide\u00e1lnou vo\u013ebou pre od\u0165ahov\u00e9 spolo\u010dnosti a opravovne.<\/p>\n<p>V na\u0161om v\u00fdrobnom z\u00e1vode dodr\u017eiavame pr\u00edsne \u0161tandardy kontroly kvality, aby sme zabezpe\u010dili, \u017ee ka\u017ed\u00fd produkt sp\u013a\u0148a o\u010dak\u00e1vania na\u0161ich z\u00e1kazn\u00edkov. Pon\u00fakame tie\u017e mo\u017enosti prisp\u00f4sobenia, aby sme vyhoveli \u0161pecifick\u00fdm potreb\u00e1m klienta.<\/p>\n<p><img loading=\"lazy\" decoding=\"async\" class=\"alignnone size-full wp-image-1334\" src=\"https:\/\/fmp-components.com\/wp-content\/uploads\/2024\/12\/Adjustable-Clevis-Type-Cylinders-4.webp\" alt=\"Nastavite\u013en\u00e9 valce s vidlicov\u00fdm z\u00e1vesom\" width=\"800\" height=\"800\" title=\"\" srcset=\"https:\/\/fmp-components.com\/wp-content\/uploads\/2024\/12\/Adjustable-Clevis-Type-Cylinders-4.webp 800w, https:\/\/fmp-components.com\/wp-content\/uploads\/2024\/12\/Adjustable-Clevis-Type-Cylinders-4-480x480.webp 480w\" sizes=\"(min-width: 0px) and (max-width: 480px) 480px, (min-width: 481px) 800px, 100vw\" \/><\/p>\n<p>Celkovo je dvoj\u010dinn\u00fd hydraulick\u00fd valec pre od\u0165ahovacie vozidl\u00e1 spo\u013eahliv\u00fdm a \u00fa\u010dinn\u00fdm produktom, ktor\u00fd m\u00f4\u017ee zv\u00fd\u0161i\u0165 v\u00fdkon a bezpe\u010dnos\u0165 od\u0165ahov\u00fdch a \u0165a\u017en\u00fdch vozidiel. D\u00f4verujte n\u00e1m ako v\u00e1\u0161mu v\u00fdrobcovi a dod\u00e1vate\u013eovi, \u017ee v\u00e1m poskytneme najkvalitnej\u0161\u00ed hydraulick\u00fd valec.<\/p>\n<p>Predstavujeme dvoj\u010dinn\u00fd hydraulick\u00fd valec pre od\u0165ahov\u00e9 vozidl\u00e1, robustn\u00fd a prec\u00edzne vyroben\u00fd produkt od d\u00f4veryhodn\u00e9ho v\u00fdrobcu a dod\u00e1vate\u013ea. Tento hydraulick\u00fd valec s certifik\u00e1ciou ISO9001:2000 a ro\u010dnou z\u00e1rukou je navrhnut\u00fd tak, aby poskytoval bezprobl\u00e9mov\u00fd z\u00e1\u017eitok v r\u00f4znych odvetviach vr\u00e1tane opravovn\u00ed strojov, fariem, energetiky a ban\u00edctva a stroj\u00e1rskych z\u00e1vodov. Valec v\u00e1\u017ei 47 kg a dod\u00e1va sa s videoz\u00e1znamom v\u00fdstupnej kontroly a spr\u00e1vou o sk\u00fa\u0161ke stroja. Typov\u00e9 ozna\u010denie 2023 a ro\u010dn\u00e1 z\u00e1ruka na hlavn\u00e9 komponenty vr\u00e1tane lo\u017e\u00edsk a samotn\u00e9ho hydraulick\u00e9ho valca z neho robia spo\u013eahliv\u00fa vo\u013ebu. \u0160tandardn\u00e1 kon\u0161trukcia je piestov\u00fd valec s hydraulick\u00fdm pohonom a oce\u013eov\u00fdm telesom. M\u00e1 maxim\u00e1lny tlak 3000 a je nastavite\u013en\u00fdm vidlicov\u00fdm typom s portami G\/SAE\/NPT\/M.<\/p>\n<table style=\"width: 100%;\" border=\"1\" width=\"100%\" cellspacing=\"0\" cellpadding=\"0\">\n<tbody>\n<tr>\n<th>N\u00e1zov produktu<\/th>\n<td>Dvoj\u010dinn\u00fd hydraulick\u00fd valec pre od\u0165ahov\u00e9 vozidl\u00e1<\/td>\n<\/tr>\n<tr>\n<th>Varianty<\/th>\n<td>\u0164ahov\u00e1 ty\u010d, zv\u00e1ran\u00e1, teleskopick\u00e1, jedno\u010dinn\u00e1 alebo dvoj\u010dinn\u00e1<\/td>\n<\/tr>\n<tr>\n<th>Ve\u013ekos\u0165 otvoru<\/th>\n<td>2 \u2013 6 palcov<\/td>\n<\/tr>\n<tr>\n<th>Ve\u013ekos\u0165 ty\u010de<\/th>\n<td>1,125 \u2013 4 palce<\/td>\n<\/tr>\n<tr>\n<th>Ve\u013ekos\u0165 \u0165ahu<\/th>\n<td>4 \u2013 100 palcov<\/td>\n<\/tr>\n<tr>\n<th>Ve\u013ekos\u0165 \u010dapu<\/th>\n<td>0,5 \u2013 2 palce<\/td>\n<\/tr>\n<tr>\n<th>Materi\u00e1l<\/th>\n<td>Vysokokvalitn\u00e1 oce\u013e<\/td>\n<\/tr>\n<tr>\n<th>Maxim\u00e1lny tlak<\/th>\n<td>3000<\/td>\n<\/tr>\n<tr>\n<th>Maxim\u00e1lna \u0165ahov\u00e1 kapacita<\/th>\n<td>20 ton<\/td>\n<\/tr>\n<tr>\n<th>Aplik\u00e1cie<\/th>\n<td>Priemyseln\u00e9 stroje, mobiln\u00e1 hydraulika, po\u013enohospod\u00e1rske stroje, stavebn\u00e9 vozidl\u00e1<\/td>\n<\/tr>\n<tr>\n<th>Mo\u017enosti prisp\u00f4sobenia<\/th>\n<td>K dispoz\u00edcii pre \u0161pecifick\u00e9 po\u017eiadavky<\/td>\n<\/tr>\n<tr>\n<th>In\u0161tal\u00e1cia a \u00fadr\u017eba<\/th>\n<td>Jednoduch\u00e9, zaru\u010duj\u00face dlh\u00fa \u017eivotnos\u0165 a optim\u00e1lny v\u00fdkon<\/td>\n<\/tr>\n<\/tbody>\n<\/table>\n<h2>V\u00fdhody nastavite\u013en\u00fdch valcov s vidlicov\u00fdm uchyten\u00edm<\/h2>\n<p>Nastavite\u013en\u00e9 valce s vidlicov\u00fdm uchyten\u00edm s\u00fa z\u00e1kladnou s\u00fa\u010das\u0165ou v r\u00f4znych odvetviach, najm\u00e4 v oblasti hydraulick\u00fdch syst\u00e9mov. Tieto valce pon\u00fakaj\u00fa nieko\u013eko v\u00fdhod, v\u010faka ktor\u00fdm s\u00fa preferovanou vo\u013ebou pre mnoh\u00e9 aplik\u00e1cie. V tomto blogovom pr\u00edspevku presk\u00famame v\u00fdhody nastavite\u013en\u00fdch valcov s vidlicov\u00fdm uchyten\u00edm a podrobne sa ponor\u00edme do ich funkci\u00ed.<\/p>\n<h3>1. Zv\u00fd\u0161en\u00e1 flexibilita a prisp\u00f4sobivos\u0165<\/h3>\n<p>Nastavite\u013en\u00e9 valce s vidlicov\u00fdm uchyten\u00edm poskytuj\u00fa zv\u00fd\u0161en\u00fa flexibilitu a prisp\u00f4sobivos\u0165, \u010do umo\u017e\u0148uje ich jednoduch\u00e9 nastavenie pod\u013ea r\u00f4znych po\u017eiadaviek. Mo\u017enos\u0165 nastavenia bodu uchytenia vidlicov\u00e9ho uchytenia poskytuje v\u00e4\u010d\u0161iu kontrolu nad rozsahom pohybu a polohovan\u00edm valca. T\u00e1to v\u0161estrannos\u0165 ich rob\u00ed vhodn\u00fdmi pre \u0161irok\u00fa \u0161k\u00e1lu aplik\u00e1ci\u00ed vr\u00e1tane priemyseln\u00fdch strojov, stavebn\u00fdch zariaden\u00ed a dopravn\u00fdch syst\u00e9mov.<\/p>\n<h3>2. Presn\u00e9 polohovanie<\/h3>\n<p>Jednou z k\u013e\u00fa\u010dov\u00fdch v\u00fdhod nastavite\u013en\u00fdch valcov s vidlicov\u00fdm uchyten\u00edm je ich presn\u00e9 polohovanie. Nastavite\u013en\u00e9 uchytenie vidlicov\u00fdm uchyten\u00edm umo\u017e\u0148uje jemn\u00e9 doladenie d\u013a\u017eky zdvihu valca, \u010do umo\u017e\u0148uje presn\u00fd a kontrolovan\u00fd pohyb. T\u00e1to vlastnos\u0165 je obzvl\u00e1\u0161\u0165 d\u00f4le\u017eit\u00e1 v aplik\u00e1ci\u00e1ch, ktor\u00e9 vy\u017eaduj\u00fa presn\u00e9 polohovanie, ako s\u00fa automatizovan\u00e9 v\u00fdrobn\u00e9 linky alebo robotick\u00e9 syst\u00e9my.<\/p>\n<h3>3. Zv\u00fd\u0161en\u00e1 efektivita<\/h3>\n<p>Nastavite\u013en\u00e9 valce s vidlicov\u00fdm uz\u00e1verom prispievaj\u00fa k zv\u00fd\u0161eniu \u00fa\u010dinnosti hydraulick\u00fdch syst\u00e9mov. Presnou regul\u00e1ciou d\u013a\u017eky zdvihu valca minimalizuj\u00fa plytvanie energiou a zlep\u0161uj\u00fa celkov\u00fd v\u00fdkon syst\u00e9mu. Schopnos\u0165 optimalizova\u0165 prev\u00e1dzku valca zni\u017euje zbyto\u010dn\u00e9 pohyby a zais\u0165uje maxim\u00e1lnu \u00fa\u010dinnos\u0165 v r\u00f4znych aplik\u00e1ci\u00e1ch.<\/p>\n<h3>4. Jednoduch\u00e1 \u00fadr\u017eba<\/h3>\n<p>\u010eal\u0161ou v\u00fdhodou nastavite\u013en\u00fdch valcov s vidlicov\u00fdm z\u00e1vitom je ich jednoduch\u00e1 \u00fadr\u017eba. Kon\u0161trukcia t\u00fdchto valcov umo\u017e\u0148uje r\u00fdchlu a jednoduch\u00fa demont\u00e1\u017e a op\u00e4tovn\u00fa mont\u00e1\u017e, \u010do u\u013eah\u010duje \u00fadr\u017ebu a opravy. T\u00e1to funkcia minimalizuje prestoje a zais\u0165uje plynul\u00fd a spo\u013eahliv\u00fd chod hydraulick\u00e9ho syst\u00e9mu.<\/p>\n<h3>5. \u0160irok\u00e1 \u0161k\u00e1la ve\u013ekost\u00ed a konfigur\u00e1ci\u00ed<\/h3>\n<p>Nastavite\u013en\u00e9 valce s vidlicov\u00fdm uchyten\u00edm s\u00fa dostupn\u00e9 v \u0161irokej \u0161k\u00e1le ve\u013ekost\u00ed a konfigur\u00e1ci\u00ed, v\u010faka \u010domu s\u00fa vhodn\u00e9 pre r\u00f4zne aplik\u00e1cie. \u010ci u\u017e ide o mal\u00fa prev\u00e1dzku alebo n\u00e1ro\u010dn\u00fa priemyseln\u00fa aplik\u00e1ciu, existuje ve\u013ekos\u0165 a konfigur\u00e1cia valca, ktor\u00e9 sp\u013a\u0148aj\u00fa \u0161pecifick\u00e9 po\u017eiadavky. T\u00e1to v\u0161estrannos\u0165 umo\u017e\u0148uje bezprobl\u00e9mov\u00fa integr\u00e1ciu nastavite\u013en\u00fdch valcov s vidlicov\u00fdm uchyten\u00edm do r\u00f4znych hydraulick\u00fdch syst\u00e9mov.<\/p>\n<p>Nastavite\u013en\u00e9 valce s vidlicov\u00fdm uchyten\u00edm pon\u00fakaj\u00fa mno\u017estvo v\u00fdhod, v\u010faka ktor\u00fdm s\u00fa cennou s\u00fa\u010das\u0165ou hydraulick\u00fdch syst\u00e9mov. V\u010faka svojej zv\u00fd\u0161enej flexibilite, presn\u00e9mu polohovaniu, zv\u00fd\u0161enej \u00fa\u010dinnosti, jednoduchej \u00fadr\u017ebe a \u0161irokej \u0161k\u00e1le ve\u013ekost\u00ed a konfigur\u00e1ci\u00ed s\u00fa preferovanou vo\u013ebou pre mnoh\u00e9 aplik\u00e1cie. V\u00fdrobcovia a dod\u00e1vatelia zohr\u00e1vaj\u00fa k\u013e\u00fa\u010dov\u00fa \u00falohu pri poskytovan\u00ed vysokokvalitn\u00fdch nastavite\u013en\u00fdch valcov s vidlicov\u00fdm uchyten\u00edm, ktor\u00e9 sp\u013a\u0148aj\u00fa rozmanit\u00e9 potreby r\u00f4znych odvetv\u00ed, ako napr\u00edklad dvoj\u010dinn\u00e9 hydraulick\u00e9 valce pre od\u0165ahov\u00e9 vozidl\u00e1, \u010d\u00edm sa zabezpe\u010duje optim\u00e1lny v\u00fdkon a spo\u013eahlivos\u0165 hydraulick\u00fdch syst\u00e9mov.<\/p>\n<p><img decoding=\"async\" src=\"https:\/\/fmp-components.com\/wp-content\/uploads\/2024\/12\/Adjustable-Clevis-Type-Cylinders5.webp\" alt=\"Nastavite\u013en\u00fd valec typu Clevis\" width=\"800\" title=\"\"><\/p>\n<h2>Pou\u017eitie nastavite\u013en\u00fdch valcov s vidlicov\u00fdm uchyten\u00edm<\/h2>\n<p>Nastavite\u013en\u00e9 valce s vidlicov\u00fdm uchyten\u00edm sa v r\u00f4znych odvetviach \u0161iroko pou\u017e\u00edvaj\u00fa v\u010faka svojej v\u0161estrannosti a prisp\u00f4sobivosti. Tieto valce s\u00fa navrhnut\u00e9 \u0161peci\u00e1lne na zabezpe\u010denie presn\u00e9ho a kontrolovan\u00e9ho line\u00e1rneho pohybu, v\u010faka \u010domu s\u00fa nevyhnutn\u00e9 v mnoh\u00fdch aplik\u00e1ci\u00e1ch. V tomto \u010dl\u00e1nku presk\u00famame r\u00f4zne aplik\u00e1cie nastavite\u013en\u00fdch valcov s vidlicov\u00fdm uchyten\u00edm a ponor\u00edme sa do ich v\u00fdhod a funkci\u00ed.<\/p>\n<p>1. Priemyseln\u00e1 automatiz\u00e1cia:<br \/>\nNastavite\u013en\u00e9 valce s vidlicov\u00fdm uchyten\u00edm zohr\u00e1vaj\u00fa d\u00f4le\u017eit\u00fa \u00falohu v priemyseln\u00fdch automatiza\u010dn\u00fdch syst\u00e9moch. Pou\u017e\u00edvaj\u00fa sa na presn\u00e9 polohovanie a riadenie pohybu robotick\u00fdch ramien, dopravn\u00fdch p\u00e1sov a in\u00fdch automatizovan\u00fdch strojov. Tieto valce poskytuj\u00fa plynul\u00fd a presn\u00fd line\u00e1rny pohyb, \u010d\u00edm zabezpe\u010duj\u00fa efekt\u00edvnu a spo\u013eahliv\u00fa prev\u00e1dzku automatizovan\u00fdch procesov.<\/p>\n<p>2. Manipul\u00e1cia s materi\u00e1lom:<br \/>\nNastavite\u013en\u00e9 valce s vidlicov\u00fdm z\u00e1vesom sa hojne pou\u017e\u00edvaj\u00fa v manipula\u010dn\u00fdch zariadeniach, ako s\u00fa vysokozdvi\u017en\u00e9 voz\u00edky, \u017eeriavy a od\u0165ahov\u00e9 vozidl\u00e1. Tieto valce sa pou\u017e\u00edvaj\u00fa na zdv\u00edhanie a sp\u00fa\u0161\u0165anie \u0165a\u017ek\u00fdch bremien, pri\u010dom poskytuj\u00fa potrebn\u00fa silu a stabilitu. Dvoj\u010dinn\u00fd mechanizmus umo\u017e\u0148uje kontrolovan\u00e9 vys\u00favanie a zas\u00favanie, \u010do umo\u017e\u0148uje presn\u00e9 polohovanie bremena a plynul\u00fd chod.<\/p>\n<p>3. Stavebn\u00e9 stroje:<br \/>\nV stavebn\u00edctve nach\u00e1dzaj\u00fa nastavite\u013en\u00e9 valce s vidlicov\u00fdm uchyten\u00edm uplatnenie v r\u00f4znych zariadeniach, ako s\u00fa bagre, buldoz\u00e9ry a naklada\u010de. Tieto valce sa pou\u017e\u00edvaj\u00fa na ovl\u00e1danie pohybu v\u00fdlo\u017en\u00edkov, vedier a in\u00fdch pr\u00edslu\u0161enstiev, \u010d\u00edm poskytuj\u00fa po\u017eadovan\u00fd v\u00fdkon a presnos\u0165 pre efekt\u00edvne zemn\u00e9 pr\u00e1ce. Nastavite\u013en\u00e1 funkcia umo\u017e\u0148uje prisp\u00f4sobenie na z\u00e1klade konkr\u00e9tnej \u00falohy.<\/p>\n<p>4. Po\u013enohospod\u00e1rske stroje:<br \/>\nNastavite\u013en\u00e9 valce s vidlicov\u00fdm uz\u00e1verom sa hojne pou\u017e\u00edvaj\u00fa v po\u013enohospod\u00e1rskych strojoch, ako s\u00fa traktory, kombajny a postrekova\u010de. Tieto valce sa vyu\u017e\u00edvaj\u00fa na \u00falohy, ako je zdv\u00edhanie a sp\u00fa\u0161\u0165anie n\u00e1strojov, nastavovanie v\u00fd\u0161ky sejac\u00edch strojov a ovl\u00e1danie pohybu zberac\u00edch komponentov. Robustn\u00e1 kon\u0161trukcia a spo\u013eahliv\u00fd v\u00fdkon t\u00fdchto valcov prispievaj\u00fa k zv\u00fd\u0161enej produktivite na poli.<\/p>\n<p>5. Nakladanie s odpadom:<br \/>\nNastavite\u013en\u00e9 valce s vidlicov\u00fdm uz\u00e1verom zohr\u00e1vaj\u00fa k\u013e\u00fa\u010dov\u00fa \u00falohu v syst\u00e9moch odpadov\u00e9ho hospod\u00e1rstva. Pou\u017e\u00edvaj\u00fa sa v smetiarskych aut\u00e1ch a zhut\u0148ova\u010doch na riaden\u00fd pohyb zbern\u00fdch ramien, zhut\u0148ovac\u00edch mechanizmov a \u010fal\u0161\u00edch komponentov. Tieto valce zabezpe\u010duj\u00fa plynul\u00e9 a efekt\u00edvne oper\u00e1cie likvid\u00e1cie odpadu a z\u00e1rove\u0148 minimalizuj\u00fa manu\u00e1lnu n\u00e1mahu.<\/p>\n<p>Z\u00e1verom mo\u017eno poveda\u0165, \u017ee nastavite\u013en\u00e9 valce s vidlicov\u00fdm uchyten\u00edm s\u00fa v\u0161estrann\u00e9 komponenty, ktor\u00e9 nach\u00e1dzaj\u00fa uplatnenie v \u0161irokej \u0161k\u00e1le odvetv\u00ed. Ich schopnos\u0165 poskytova\u0165 presn\u00fd a kontrolovan\u00fd line\u00e1rny pohyb ich rob\u00ed nevyhnutn\u00fdmi v priemyselnej automatiz\u00e1cii, manipul\u00e1cii s materi\u00e1lom, stavebn\u00edctve, po\u013enohospod\u00e1rstve a odpadovom hospod\u00e1rstve. V\u010faka svojim nastavite\u013en\u00fdm vlastnostiam pon\u00fakaj\u00fa tieto valce mo\u017enos\u0165 prisp\u00f4sobenia a flexibility na z\u00e1klade \u0161pecifick\u00fdch po\u017eiadaviek. V spolupr\u00e1ci s v\u00fdrobcom a dod\u00e1vate\u013eom je mo\u017en\u00e9 z\u00edska\u0165 ide\u00e1lne nastavite\u013en\u00e9 valce s vidlicov\u00fdm uchyten\u00edm na zv\u00fd\u0161enie v\u00fdkonu a efekt\u00edvnosti ich zariaden\u00ed a strojov.<img decoding=\"async\" src=\"https:\/\/fmp-components.com\/wp-content\/uploads\/2024\/12\/Application-of-Adjustable-Clevis-Type-Cylinders.webp\" alt=\"Nastavite\u013en\u00fd valec typu Clevis\" width=\"800\" title=\"\"><\/p>\n<h3>O hydraulickom valci FMP<\/h3>\n<p><img decoding=\"async\" src=\"https:\/\/fmp-components.com\/wp-content\/uploads\/2024\/12\/Adjustable-Clevis-Type-Cylinders-6.webp\" alt=\"Nastavite\u013en\u00fd valec typu Clevis\" width=\"851\" title=\"\"><\/p>\n<p>FMP je popredn\u00fdm dod\u00e1vate\u013eom vysokokvalitn\u00fdch hydraulick\u00fdch valcov pre stavebn\u00e9 stroje. V\u010faka na\u0161im rozsiahlym sk\u00fasenostiam v odvetv\u00ed a \u0161pecializovan\u00e9mu t\u00edmu pon\u00fakame \u0161irok\u00fd sortiment hydraulick\u00fdch valcov, ktor\u00e9 s\u00fa navrhnut\u00e9 tak, aby sp\u013a\u0148ali rozmanit\u00e9 potreby na\u0161ich z\u00e1kazn\u00edkov.<\/p>\n<p>Tu je p\u00e4\u0165 k\u013e\u00fa\u010dov\u00fdch v\u00fdhod v\u00fdberu hydraulick\u00e9ho valca FMP:<\/p>\n<ol>\n<li>Vynikaj\u00faca kvalita: Na\u0161e hydraulick\u00e9 valce s\u00fa vyroben\u00e9 z najkvalitnej\u0161\u00edch materi\u00e1lov a podliehaj\u00fa pr\u00edsnej kontrole kvality, aby sa zabezpe\u010dila odolnos\u0165 a spo\u013eahlivos\u0165 v najn\u00e1ro\u010dnej\u0161\u00edch stavebn\u00fdch prostrediach.<\/li>\n<li>\u0160irok\u00e1 \u0161k\u00e1la mo\u017enost\u00ed: Pon\u00fakame komplexn\u00fd v\u00fdber hydraulick\u00fdch valcov vr\u00e1tane nastavite\u013en\u00fdch valcov s vidlicov\u00fdm uchyten\u00edm, valcov s \u0165ahadlou, zv\u00e1ran\u00fdch valcov, teleskopick\u00fdch valcov a \u010fal\u0161\u00edch. To v\u00e1m umo\u017en\u00ed n\u00e1js\u0165 perfektn\u00e9 rie\u0161enie, ktor\u00e9 zodpoved\u00e1 va\u0161im \u0161pecifick\u00fdm po\u017eiadavk\u00e1m.<\/li>\n<li>Odborn\u00e9 poradenstvo: N\u00e1\u0161 sk\u00fasen\u00fd obchodn\u00fd t\u00edm m\u00e1 bohat\u00e9 znalosti o najnov\u0161om v\u00fdvoji a potreb\u00e1ch z\u00e1kazn\u00edkov v odvetv\u00ed stavebn\u00fdch strojov. Poskytne v\u00e1m odborn\u00e9 poradenstvo o produktoch, ktor\u00e9 v\u00e1m pom\u00f4\u017ee robi\u0165 informovan\u00e9 rozhodnutia.<\/li>\n<li>Inteligentn\u00e9 tipy na n\u00e1kup: Ch\u00e1peme, \u017ee ka\u017ed\u00fd projekt je jedine\u010dn\u00fd, a n\u00e1\u0161 t\u00edm v\u00e1m m\u00f4\u017ee pon\u00faknu\u0165 odpor\u00fa\u010dania na mieru, aby ste si vybrali ten spr\u00e1vny hydraulick\u00fd valec pre va\u0161u aplik\u00e1ciu. To pom\u00e1ha optimalizova\u0165 efektivitu a minimalizova\u0165 prestoje.<\/li>\n<li>Efekt\u00edvna logistika: V spolo\u010dnosti FMP uprednost\u0148ujeme v\u010dasn\u00e9 a presn\u00e9 dodanie. N\u00e1\u0161 efekt\u00edvny logistick\u00fd distribu\u010dn\u00fd syst\u00e9m zabezpe\u010duje, \u017ee po\u017eadovan\u00e9 hydraulick\u00e9 valce dostanete v\u010das, \u010do v\u00e1m umo\u017en\u00ed dodr\u017ea\u0165 harmonogram a term\u00edny projektu.<\/li>\n<\/ol>\n<p>Vyberte si hydraulick\u00fd valec FMP pre spo\u013eahliv\u00fd v\u00fdkon, v\u00fdnimo\u010dn\u00fa kvalitu a bezkonkuren\u010dn\u00fd z\u00e1kazn\u00edcky servis. Kontaktujte n\u00e1s e\u0161te dnes, aby sme prediskutovali va\u0161e potreby t\u00fdkaj\u00face sa hydraulick\u00e9ho valca a za\u017eili rozdiel, ktor\u00fd pon\u00faka FMP.<\/p>\n<h2>\u010casto kladen\u00e9 ot\u00e1zky<\/h2>\n<p><strong>Ot\u00e1zka: Ak\u00fd je priemer otvoru dvoj\u010dinn\u00e9ho hydraulick\u00e9ho valca pre od\u0165ahovacie vozidl\u00e1?<\/strong><br \/>\nA: Ve\u013ekos\u0165 otvoru hydraulick\u00e9ho valca sa pohybuje od 2 do 6 palcov.<\/p>\n<p><strong>Ot\u00e1zka: Existuj\u00fa mo\u017enosti prisp\u00f4sobenia pre hydraulick\u00fd valec?<\/strong><br \/>\nA: \u00c1no, k dispoz\u00edcii s\u00fa mo\u017enosti prisp\u00f4sobenia, ktor\u00e9 vyhovuj\u00fa \u0161pecifick\u00fdm po\u017eiadavk\u00e1m.<\/p>\n<p><strong>Ot\u00e1zka: Ak\u00e1 je z\u00e1ru\u010dn\u00e1 doba na z\u00e1kladn\u00e9 komponenty hydraulick\u00e9ho valca?<\/strong><br \/>\nA: Hlavn\u00e9 komponenty hydraulick\u00e9ho valca maj\u00fa z\u00e1ru\u010dn\u00fa dobu jeden rok.<\/p>\n<p><img decoding=\"async\" src=\"https:\/\/img.jiansujichilun.com\/img\/hydrauliccylinders\/C_hydrauliccylinders-4.webp\" alt=\"hydraulick\u00fd valec\" width=\"800\" title=\"\"><\/p>\n<p>Autor\uff1a CX<\/p>","protected":false},"excerpt":{"rendered":"<p>Manufacturer Supplier Double Acting Tow Truck Hydraulic Cylinder: The Double Acting Tow Truck Hydraulic Cylinder is a highly efficient and durable product designed for use in towing and recovery vehicles. This hydraulic cylinder is crafted with premium grade materials and advanced manufacturing techniques to ensure superior performance and longevity. Our Double Acting Tow Truck Hydraulic [&hellip;]<\/p>","protected":false},"featured_media":1336,"comment_status":"closed","ping_status":"closed","template":"","meta":{"_et_pb_use_builder":"","_et_pb_old_content":"","_et_gb_content_width":""},"product_brand":[],"product_cat":[39],"product_tag":[41,34],"class_list":{"0":"post-1389","1":"product","2":"type-product","3":"status-publish","4":"has-post-thumbnail","6":"product_cat-adjustable-clevis-type-cylinders","7":"product_tag-adjustable-clevis-type-cylinders","8":"product_tag-hydraulic-cylinder","10":"first","11":"instock","12":"product-type-simple"},"_links":{"self":[{"href":"https:\/\/fmp-components.com\/sk\/wp-json\/wp\/v2\/product\/1389","targetHints":{"allow":["GET"]}}],"collection":[{"href":"https:\/\/fmp-components.com\/sk\/wp-json\/wp\/v2\/product"}],"about":[{"href":"https:\/\/fmp-components.com\/sk\/wp-json\/wp\/v2\/types\/product"}],"replies":[{"embeddable":true,"href":"https:\/\/fmp-components.com\/sk\/wp-json\/wp\/v2\/comments?post=1389"}],"wp:featuredmedia":[{"embeddable":true,"href":"https:\/\/fmp-components.com\/sk\/wp-json\/wp\/v2\/media\/1336"}],"wp:attachment":[{"href":"https:\/\/fmp-components.com\/sk\/wp-json\/wp\/v2\/media?parent=1389"}],"wp:term":[{"taxonomy":"product_brand","embeddable":true,"href":"https:\/\/fmp-components.com\/sk\/wp-json\/wp\/v2\/product_brand?post=1389"},{"taxonomy":"product_cat","embeddable":true,"href":"https:\/\/fmp-components.com\/sk\/wp-json\/wp\/v2\/product_cat?post=1389"},{"taxonomy":"product_tag","embeddable":true,"href":"https:\/\/fmp-components.com\/sk\/wp-json\/wp\/v2\/product_tag?post=1389"}],"curies":[{"name":"pracovn\u00fd list","href":"https:\/\/api.w.org\/{rel}","templated":true}]}}