{"id":1388,"date":"2024-12-23T02:19:41","date_gmt":"2024-12-23T02:19:41","guid":{"rendered":"https:\/\/fmp-components.com\/product\/quality-assurance-double-acting-cylinder-welded-hydraulic-cylinder-for-tractor\/"},"modified":"2024-12-23T02:48:34","modified_gmt":"2024-12-23T02:48:34","slug":"quality-assurance-double-acting-cylinder-welded-hydraulic-cylinder-for-tractor","status":"publish","type":"product","link":"https:\/\/fmp-components.com\/sk\/product\/quality-assurance-double-acting-cylinder-welded-hydraulic-cylinder-for-tractor\/","title":{"rendered":"Zabezpe\u010denie kvality dvoj\u010dinn\u00e9ho valca zv\u00e1ran\u00e9ho hydraulick\u00e9ho valca pre traktor"},"content":{"rendered":"<p>Dvoj\u010dinn\u00fd zv\u00e1ran\u00fd hydraulick\u00fd valec pre traktory s certifik\u00e1ciou Quality Assurance je vysoko kvalitn\u00fd hydraulick\u00fd valec ur\u010den\u00fd na pou\u017eitie v traktoroch. Tento valec m\u00e1 dvoj\u010dinn\u00fa kon\u0161trukciu, ktor\u00e1 umo\u017e\u0148uje efekt\u00edvnu prev\u00e1dzku v oboch smeroch. Valec je tie\u017e zv\u00e1ran\u00fd pre v\u00e4\u010d\u0161iu odolnos\u0165 a pevnos\u0165, \u010do zais\u0165uje dlh\u00fa \u017eivotnos\u0165 aj v n\u00e1ro\u010dn\u00fdch prev\u00e1dzkov\u00fdch podmienkach.<\/p>\n<p>Jednou z k\u013e\u00fa\u010dov\u00fdch v\u00fdhod tohto hydraulick\u00e9ho valca je jeho zabezpe\u010denie kvality. Valec bol d\u00f4kladne testovan\u00fd, aby sa zabezpe\u010dilo, \u017ee sp\u013a\u0148a v\u0161etky relevantn\u00e9 priemyseln\u00e9 normy t\u00fdkaj\u00face sa v\u00fdkonu, bezpe\u010dnosti a spo\u013eahlivosti. To znamen\u00e1, \u017ee sa m\u00f4\u017eete spo\u013eahn\u00fa\u0165, \u017ee tento valec bude fungova\u0165 na vysokej \u00farovni a zabezpe\u010d\u00ed plynul\u00fd chod v\u00e1\u0161ho traktora.<\/p>\n<p>\u010eal\u0161ou d\u00f4le\u017eitou vlastnos\u0165ou tohto hydraulick\u00e9ho valca je jeho jednoduch\u00e1 in\u0161tal\u00e1cia. Valec je navrhnut\u00fd tak, aby bez probl\u00e9mov pasoval do v\u00e4\u010d\u0161iny modelov traktorov s minim\u00e1lnymi potrebn\u00fdmi \u00fapravami. V\u010faka tomu je mo\u017en\u00e9 jednoducho vylep\u0161i\u0165 hydraulick\u00fd syst\u00e9m v\u00e1\u0161ho traktora a vyu\u017ei\u0165 v\u00fdhody tohto vysoko kvalitn\u00e9ho valca.<\/p>\n<p><img loading=\"lazy\" decoding=\"async\" class=\"alignnone size-full wp-image-1334\" src=\"https:\/\/fmp-components.com\/wp-content\/uploads\/2024\/12\/Adjustable-Clevis-Type-Cylinders-4.webp\" alt=\"Nastavite\u013en\u00e9 valce s vidlicov\u00fdm z\u00e1vesom\" width=\"800\" height=\"800\" title=\"\" srcset=\"https:\/\/fmp-components.com\/wp-content\/uploads\/2024\/12\/Adjustable-Clevis-Type-Cylinders-4.webp 800w, https:\/\/fmp-components.com\/wp-content\/uploads\/2024\/12\/Adjustable-Clevis-Type-Cylinders-4-480x480.webp 480w\" sizes=\"(min-width: 0px) and (max-width: 480px) 480px, (min-width: 481px) 800px, 100vw\" \/><\/p>\n<p>Celkovo je dvoj\u010dinn\u00fd zv\u00e1ran\u00fd hydraulick\u00fd valec s certifik\u00e1ciou Quality Assurance pre traktor vynikaj\u00facou vo\u013ebou pre ka\u017ed\u00e9ho, kto chce vylep\u0161i\u0165 hydraulick\u00fd syst\u00e9m svojho traktora. V\u010faka dvoj\u010dinn\u00e9mu dizajnu, zv\u00e1ranej kon\u0161trukcii a pr\u00edsnemu zabezpe\u010deniu kvality pon\u00faka tento valec spo\u013eahliv\u00fd v\u00fdkon a dlhotrvaj\u00facu \u017eivotnos\u0165.<\/p>\n<table style=\"width: 100%;\" border=\"1\" width=\"100%\" cellspacing=\"0\" cellpadding=\"0\">\n<tbody>\n<tr>\n<th>N\u00e1zov produktu<\/th>\n<td>Dvoj\u010dinn\u00fd valec na zabezpe\u010denie kvality<\/td>\n<\/tr>\n<tr>\n<th>Typ<\/th>\n<td>Zv\u00e1ran\u00fd hydraulick\u00fd valec<\/td>\n<\/tr>\n<tr>\n<th>Aplik\u00e1cia<\/th>\n<td>Traktory<\/td>\n<\/tr>\n<tr>\n<th>Stav<\/th>\n<td>Nov\u00e9<\/td>\n<\/tr>\n<tr>\n<th>Z\u00e1ruka<\/th>\n<td>1 rok<\/td>\n<\/tr>\n<tr>\n<th>Pou\u017eite\u013en\u00e9 odvetvia<\/th>\n<td>Opravovne strojov, Farmy, Energia a ban\u00edctvo, V\u00fdroba strojov, Tov\u00e1rne<\/td>\n<\/tr>\n<tr>\n<th>Hmotnos\u0165 (kg)<\/th>\n<td>47<\/td>\n<\/tr>\n<tr>\n<th>V\u00fdstupn\u00e1 videoin\u0161pekcia<\/th>\n<td>Poskytnut\u00e9<\/td>\n<\/tr>\n<tr>\n<th>Spr\u00e1va o sk\u00fa\u0161ke strojov<\/th>\n<td>Poskytnut\u00e9<\/td>\n<\/tr>\n<tr>\n<th>Typ valca<\/th>\n<td>\u0160tandardn\u00fd piestov\u00fd valec<\/td>\n<\/tr>\n<tr>\n<th>Materi\u00e1l tela<\/th>\n<td>Oce\u013e<\/td>\n<\/tr>\n<tr>\n<th>Maxim\u00e1lny \u0165ah<\/th>\n<td>3000<\/td>\n<\/tr>\n<tr>\n<th>Typ<\/th>\n<td>Nastavite\u013en\u00fd typ s vidlicou<\/td>\n<\/tr>\n<tr>\n<th>Porty<\/th>\n<td>G\/SAE\/NPT\/M<\/td>\n<\/tr>\n<tr>\n<th>Maxim\u00e1lna \u0165ahov\u00e1 kapacita<\/th>\n<td>20 ton<\/td>\n<\/tr>\n<tr>\n<th>Certifik\u00e1cia<\/th>\n<td>ISO9001:2000<\/td>\n<\/tr>\n<tr>\n<th>Ve\u013ekos\u0165 otvoru<\/th>\n<td>2-6 palcov<\/td>\n<\/tr>\n<tr>\n<th>Ve\u013ekos\u0165 ty\u010de<\/th>\n<td>1,125-4 palce<\/td>\n<\/tr>\n<tr>\n<th>Ve\u013ekos\u0165 \u0165ahu<\/th>\n<td>4-100 palcov<\/td>\n<\/tr>\n<tr>\n<th>Ve\u013ekos\u0165 \u010dapu<\/th>\n<td>0,5-2 palce<\/td>\n<\/tr>\n<tr>\n<th>Farba<\/th>\n<td>\u010cierna<\/td>\n<\/tr>\n<tr>\n<th>Detaily balenia<\/th>\n<td>\u017delezn\u00e9 puzdro, preglejkov\u00e9 puzdro alebo kart\u00f3nov\u00e1 krabica<\/td>\n<\/tr>\n<tr>\n<th><\/th>\n<td><\/td>\n<\/tr>\n<\/tbody>\n<\/table>\n<p><span style=\"color: #333333; font-size: 26px;\">Mo\u017enosti prisp\u00f4sobenia a pokyny k \u00fadr\u017ebe<\/span><\/p>\n<div>\n<p>Ch\u00e1peme, \u017ee ka\u017ed\u00fd klient m\u00f4\u017ee ma\u0165 jedine\u010dn\u00e9 po\u017eiadavky, a preto pon\u00fakame mo\u017enosti prisp\u00f4sobenia na\u0161ich hydraulick\u00fdch valcov. Klienti si m\u00f4\u017eu \u0161pecifikova\u0165 svoje po\u017eiadavky a my vieme prisp\u00f4sobi\u0165 produkty tak, aby dokonale vyhovovali ich potreb\u00e1m. Pokia\u013e ide o \u00fadr\u017ebu, na\u0161e hydraulick\u00e9 valce s\u00fa navrhnut\u00e9 pre jednoduch\u00fa \u00fadr\u017ebu. Pravideln\u00e1 kontrola tesnen\u00ed a kontrola netesnost\u00ed m\u00f4\u017ee zabezpe\u010di\u0165 dlh\u00fa \u017eivotnos\u0165 produktu. Okrem toho pravideln\u00e9 mazanie zabezpe\u010d\u00ed optim\u00e1lnu funkciu valca.<\/p>\n<p><img decoding=\"async\" src=\"https:\/\/img.jiansujichilun.com\/img\/hydrauliccylinders\/B_hydrauliccylinders-1.webp\" alt=\"hydraulick\u00fd valec\" width=\"800\" title=\"\"><\/p>\n<\/div>\n<h2>V\u00fdhody nastavite\u013en\u00fdch valcov s vidlicov\u00fdm uchyten\u00edm<\/h2>\n<p>Nastavite\u013en\u00e9 valce s vidlicov\u00fdm uchyten\u00edm s\u00fa hydraulick\u00e9 komponenty, ktor\u00e9 sa pou\u017e\u00edvaj\u00fa na premenu hydraulickej sily na line\u00e1rny pohyb a silu. S\u00fa \u0161iroko pou\u017e\u00edvan\u00e9 v r\u00f4znych odvetviach vr\u00e1tane stavebn\u00edctva, po\u013enohospod\u00e1rstva a v\u00fdroby. V tomto \u010dl\u00e1nku sa budeme venova\u0165 v\u00fdhod\u00e1m nastavite\u013en\u00fdch valcov s vidlicov\u00fdm uchyten\u00edm a tomu, pre\u010do s\u00fa ob\u013e\u00fabenou vo\u013ebou pre mnoh\u00e9 aplik\u00e1cie.<\/p>\n<h3>1. V\u0161estrannos\u0165<\/h3>\n<p>Jednou z hlavn\u00fdch v\u00fdhod nastavite\u013en\u00fdch valcov s vidlicov\u00fdm uchyten\u00edm je ich v\u0161estrannos\u0165. Tieto valce sa daj\u00fa pou\u017ei\u0165 v \u0161irokej \u0161k\u00e1le aplik\u00e1ci\u00ed, od \u013eahk\u00fdch a\u017e po \u0165a\u017ek\u00e9 \u00falohy. S\u00fa dostupn\u00e9 v r\u00f4znych ve\u013ekostiach, zdvihoch a mont\u00e1\u017enych konfigur\u00e1ci\u00e1ch, aby vyhovovali \u0161pecifick\u00fdm po\u017eiadavk\u00e1m. Okrem toho sa nastavite\u013en\u00e9 valce s vidlicov\u00fdm uchyten\u00edm daj\u00fa pou\u017ei\u0165 v jedno\u010dinn\u00fdch aj dvoj\u010dinn\u00fdch syst\u00e9moch, v\u010faka \u010domu s\u00fa vhodn\u00e9 pre r\u00f4zne hydraulick\u00e9 syst\u00e9my.<\/p>\n<h3>2. Presnos\u0165<\/h3>\n<p>Nastavite\u013en\u00e9 valce s vidlicov\u00fdm uchyten\u00edm pon\u00fakaj\u00fa presnos\u0165 z h\u013eadiska ovl\u00e1dania a v\u00fdkonu. Tieto valce s\u00fa navrhnut\u00e9 tak, aby poskytovali presn\u00e9 a opakovate\u013en\u00e9 ovl\u00e1danie pohybu, \u010do je nevyhnutn\u00e9 v mnoh\u00fdch aplik\u00e1ci\u00e1ch. Funkcia nastavite\u013enosti t\u00fdchto valcov umo\u017e\u0148uje presn\u00e9 polohovanie bremien, v\u010faka \u010domu s\u00fa ide\u00e1lne pre aplik\u00e1cie, ktor\u00e9 vy\u017eaduj\u00fa presn\u00fa manipul\u00e1ciu.<\/p>\n<h3>3. Trvanlivos\u0165<\/h3>\n<p>\u010eal\u0161ou v\u00fdhodou nastavite\u013en\u00fdch valcov s vidlicov\u00fdm uz\u00e1verom je ich odolnos\u0165. Tieto valce s\u00fa vyroben\u00e9 tak, aby odolali n\u00e1ro\u010dn\u00e9mu prostrediu a vysok\u00e9mu za\u0165a\u017eeniu. S\u00fa vyroben\u00e9 z vysoko kvalitn\u00fdch materi\u00e1lov, ako je oce\u013e a hlin\u00edk, a s\u00fa navrhnut\u00e9 tak, aby odolali vysok\u00e9mu tlaku a teplot\u00e1m. Pri v\u00fdrobe t\u00fdchto valcov je nevyhnutn\u00e9 zabezpe\u010denie kvality, ktor\u00e9 zais\u0165uje spo\u013eahliv\u00fd a dlhotrvaj\u00faci v\u00fdkon.<\/p>\n<h3>4. Jednoduch\u00e1 \u00fadr\u017eba<\/h3>\n<p>Nastavite\u013en\u00e9 valce s vidlicov\u00fdm uz\u00e1verom s\u00fa navrhnut\u00e9 pre jednoduch\u00fa \u00fadr\u017ebu. Tieto valce maj\u00fa jednoduch\u00fa kon\u0161trukciu, v\u010faka \u010domu sa \u013eahko rozoberaj\u00fa a op\u00e4tovne montuj\u00fa. Navy\u0161e maj\u00fa menej komponentov, \u010do znamen\u00e1, \u017ee vy\u017eaduj\u00fa menej \u00fadr\u017eby. Tieto valce je navy\u0161e mo\u017en\u00e9 opravi\u0165 na mieste, \u010d\u00edm sa skracuj\u00fa prestoje a zvy\u0161uje produktivita.<\/p>\n<h3>5. N\u00e1kladovo efekt\u00edvne<\/h3>\n<p>Nakoniec, nastavite\u013en\u00e9 valce s vidlicov\u00fdm z\u00e1vitom s\u00fa n\u00e1kladovo efekt\u00edvne. Tieto valce s\u00fa cenovo dostupn\u00e9 v porovnan\u00ed s in\u00fdmi hydraulick\u00fdmi komponentmi, v\u010faka \u010domu s\u00fa ob\u013e\u00fabenou vo\u013ebou pre mnoh\u00e9 aplik\u00e1cie. S\u00fa tie\u017e energeticky \u00fasporn\u00e9, \u010do znamen\u00e1, \u017ee v priebehu \u010dasu m\u00f4\u017eu u\u0161etri\u0165 prev\u00e1dzkov\u00e9 n\u00e1klady.<\/p>\n<p>Z\u00e1verom mo\u017eno poveda\u0165, \u017ee nastavite\u013en\u00e9 valce s vidlicov\u00fdm uz\u00e1verom pon\u00fakaj\u00fa r\u00f4zne v\u00fdhody, v\u010faka ktor\u00fdm s\u00fa ob\u013e\u00fabenou vo\u013ebou pre mnoh\u00e9 aplik\u00e1cie. Ich v\u0161estrannos\u0165, presnos\u0165, odolnos\u0165, jednoduch\u00e1 \u00fadr\u017eba a n\u00e1kladov\u00e1 efekt\u00edvnos\u0165 prispievaj\u00fa k ich popularite. Zabezpe\u010denie kvality, ktor\u00e9 sa pri v\u00fdrobe t\u00fdchto valcov, ako napr\u00edklad dvoj\u010dinn\u00fdch valcov a zv\u00e1ran\u00fdch hydraulick\u00fdch valcov pre traktory, zaru\u010duje ich spo\u013eahliv\u00fd a dlhotrvaj\u00faci v\u00fdkon.<img decoding=\"async\" src=\"https:\/\/fmp-components.com\/wp-content\/uploads\/2024\/12\/Adjustable-Clevis-Type-Cylinders5.webp\" alt=\"Nastavite\u013en\u00fd valec typu Clevis\" width=\"800\" title=\"\"><\/p>\n<h2>Pou\u017eitie nastavite\u013en\u00fdch valcov s vidlicov\u00fdm uchyten\u00edm<\/h2>\n<p>Nastavite\u013en\u00e9 hydraulick\u00e9 valce s vidlicov\u00fdm uchyten\u00edm s\u00fa v\u0161estrann\u00e9 hydraulick\u00e9 valce, ktor\u00e9 nach\u00e1dzaj\u00fa \u0161irok\u00e9 uplatnenie v r\u00f4znych odvetviach. Tieto valce pon\u00fakaj\u00fa jedine\u010dn\u00e9 vlastnosti a v\u00fdhody, v\u010faka \u010domu s\u00fa preferovanou vo\u013ebou pre mnoho aplik\u00e1ci\u00ed. V tomto blogovom pr\u00edspevku presk\u00famame r\u00f4zne aplik\u00e1cie nastavite\u013en\u00fdch valcov s vidlicov\u00fdm uchyten\u00edm a podrobne rozoberieme ich v\u00fdhody.<\/p>\n<h3>1. Priemyseln\u00e9 stroje<\/h3>\n<p>Nastavite\u013en\u00e9 valce s vidlicov\u00fdm uchyten\u00edm sa hojne pou\u017e\u00edvaj\u00fa v priemyseln\u00fdch strojoch na r\u00f4zne \u00fa\u010dely. Tieto valce poskytuj\u00fa presn\u00fd a riaden\u00fd line\u00e1rny pohyb, v\u010faka \u010domu s\u00fa vhodn\u00e9 pre aplik\u00e1cie, ako je manipul\u00e1cia s materi\u00e1lom, polohovanie zariaden\u00ed a automatiz\u00e1cia mont\u00e1\u017enych liniek. Robustn\u00e1 kon\u0161trukcia a vysoko kvalitn\u00e9 materi\u00e1ly pou\u017eit\u00e9 v t\u00fdchto valcoch zabezpe\u010duj\u00fa spo\u013eahliv\u00fd v\u00fdkon a dlh\u00fa \u017eivotnos\u0165, a to aj v n\u00e1ro\u010dn\u00fdch priemyseln\u00fdch prostrediach.<\/p>\n<h3>2. Po\u013enohospod\u00e1rske stroje<\/h3>\n<p>Nastavite\u013en\u00e9 vidlicov\u00e9 valce sa \u0161iroko pou\u017e\u00edvaj\u00fa v po\u013enohospod\u00e1rskych strojoch, najm\u00e4 v pr\u00eddavn\u00fdch zariadeniach k traktorom. Tieto valce zohr\u00e1vaj\u00fa k\u013e\u00fa\u010dov\u00fa \u00falohu v r\u00f4znych po\u013enohospod\u00e1rskych oper\u00e1ci\u00e1ch vr\u00e1tane orby, obr\u00e1bania p\u00f4dy, zberu \u00farody a zdv\u00edhania \u0165a\u017ek\u00fdch bremien. V\u010faka svojej dvoj\u010dinnej funkcii pon\u00fakaj\u00fa tieto valce v\u00fdnimo\u010dn\u00fa pevnos\u0165 a v\u00fdkon, \u010do umo\u017e\u0148uje efekt\u00edvnu a \u00fa\u010dinn\u00fa prev\u00e1dzku po\u013enohospod\u00e1rskych strojov.<\/p>\n<h3>3. Stavebn\u00e9 stroje<\/h3>\n<p>Nastavite\u013en\u00e9 vidlicov\u00e9 valce sa tie\u017e hojne pou\u017e\u00edvaj\u00fa v stavebn\u00fdch strojoch. Tieto valce sa be\u017ene nach\u00e1dzaj\u00fa v zariadeniach, ako s\u00fa bagre, buldoz\u00e9ry a \u017eeriavy. Ich schopnos\u0165 odol\u00e1va\u0165 \u0165a\u017ek\u00fdm n\u00e1kladom a n\u00e1ro\u010dn\u00fdm pracovn\u00fdm podmienkam ich rob\u00ed ide\u00e1lnymi pre aplik\u00e1cie, ako je kopanie, zdv\u00edhanie, tla\u010denie a \u0165ahanie. V\u00fdnimo\u010dn\u00e1 z\u00e1ruka kvality, ktor\u00fa tieto valce poskytuj\u00fa, zais\u0165uje optim\u00e1lny v\u00fdkon a bezpe\u010dnos\u0165 na stavenisk\u00e1ch.<\/p>\n<h3>4. Automobilov\u00fd priemysel<\/h3>\n<p>Automobilov\u00fd priemysel \u0165a\u017e\u00ed z pou\u017e\u00edvania nastavite\u013en\u00fdch valcov s vidlicov\u00fdm uz\u00e1verom v r\u00f4znych aplik\u00e1ci\u00e1ch. Tieto valce sa pou\u017e\u00edvaj\u00fa v automobilov\u00fdch zdvih\u00e1koch, ramp\u00e1ch pre vozidl\u00e1 a in\u00fdch zdv\u00edhac\u00edch syst\u00e9moch pre automobily. Zabezpe\u010duj\u00fa spo\u013eahliv\u00fd a presn\u00fd vertik\u00e1lny pohyb, \u010do u\u013eah\u010duje \u00fadr\u017ebu, opravy a kontrolu vozidiel. Zv\u00e1ran\u00e1 hydraulick\u00e1 kon\u0161trukcia t\u00fdchto valcov zais\u0165uje odolnos\u0165 a vysok\u00fa nosnos\u0165, v\u010faka \u010domu s\u00fa vhodn\u00e9 pre n\u00e1ro\u010dn\u00e9 automobilov\u00e9 \u00falohy.<\/p>\n<h3>5. N\u00e1morn\u00e9 a pobre\u017en\u00e9 aplik\u00e1cie<\/h3>\n<p>V n\u00e1mornom a pobre\u017enom priemysle sa nastavite\u013en\u00e9 vidlicov\u00e9 valce \u0161iroko pou\u017e\u00edvaj\u00fa v zariadeniach, ako s\u00fa \u017eeriavy, navijaky a hydraulick\u00e9 syst\u00e9my. Tieto valce s\u00fa navrhnut\u00e9 tak, aby odol\u00e1vali koroz\u00edvnemu prostrediu so slanou vodou a poskytovali spo\u013eahliv\u00fd v\u00fdkon v n\u00e1morn\u00fdch podmienkach. Ich kon\u0161trukcia s nastavite\u013enou vidlicovou vidlicou umo\u017e\u0148uje jednoduch\u00fa in\u0161tal\u00e1ciu a integr\u00e1ciu do r\u00f4znych n\u00e1morn\u00fdch syst\u00e9mov, \u010d\u00edm sa zvy\u0161uje prev\u00e1dzkov\u00e1 efektivita a bezpe\u010dnos\u0165.<\/p>\n<p>Z\u00e1verom mo\u017eno poveda\u0165, \u017ee nastavite\u013en\u00e9 valce s vidlicov\u00fdm uchyten\u00edm maj\u00fa \u0161irok\u00fa \u0161k\u00e1lu uplatnenia v r\u00f4znych odvetviach vr\u00e1tane priemyseln\u00fdch strojov, po\u013enohospod\u00e1rskych zariaden\u00ed, stavebn\u00fdch strojov, automobilov\u00e9ho priemyslu a n\u00e1morn\u00fdch\/pobre\u017en\u00fdch aplik\u00e1ci\u00ed. Tieto valce pon\u00fakaj\u00fa v\u00fdnimo\u010dn\u00fa z\u00e1ruku kvality, dvoj\u010dinn\u00fa funk\u010dnos\u0165 a zv\u00e1ran\u00fa hydraulick\u00fa kon\u0161trukciu, v\u010faka \u010domu s\u00fa spo\u013eahliv\u00e9, odoln\u00e9 a efekt\u00edvne v pr\u00edslu\u0161n\u00fdch aplik\u00e1ci\u00e1ch. \u010ci u\u017e ide o presn\u00fd line\u00e1rny pohyb, zdv\u00edhanie \u0165a\u017ek\u00fdch bremien alebo odolnos\u0165 vo\u010di n\u00e1ro\u010dn\u00fdm podmienkam, nastavite\u013en\u00e9 valce s vidlicov\u00fdm uchyten\u00edm sa ukazuj\u00fa ako vynikaj\u00faca vo\u013eba pre r\u00f4zne po\u017eiadavky hydraulick\u00e9ho syst\u00e9mu.<img decoding=\"async\" src=\"https:\/\/fmp-components.com\/wp-content\/uploads\/2024\/12\/Application-of-Adjustable-Clevis-Type-Cylinders.webp\" alt=\"Nastavite\u013en\u00fd valec typu Clevis\" width=\"800\" title=\"\"><\/p>\n<h3>O FMP<\/h3>\n<p>FMP je renomovan\u00e1 spolo\u010dnos\u0165 \u0161pecializuj\u00faca sa na v\u00fdrobu a predaj hydraulick\u00fdch valcov. Na\u0161\u00edm cie\u013eom je poskytova\u0165 na\u0161im z\u00e1kazn\u00edkom vysoko kvalitn\u00e9 a spo\u013eahliv\u00e9 hydraulick\u00e9 valce pre stavebn\u00e9 stroje. V\u010faka dlhoro\u010dn\u00fdm sk\u00fasenostiam v tomto odvetv\u00ed a profesion\u00e1lnemu t\u00edmu je FMP va\u0161\u00edm d\u00f4veryhodn\u00fdm partnerom pre v\u0161etky va\u0161e potreby v oblasti hydraulick\u00fdch valcov.<\/p>\n<p><img decoding=\"async\" src=\"https:\/\/fmp-components.com\/wp-content\/uploads\/2024\/12\/Adjustable-Clevis-Type-Cylinders-6.webp\" alt=\"Nastavite\u013en\u00fd valec typu Clevis\" width=\"850\" title=\"\"><\/p>\n<p>Tu je 5 d\u00f4vodov, pre\u010do by ste si mali pre svoje po\u017eiadavky na hydraulick\u00fd valec vybra\u0165 FMP:<\/p>\n<p>1. \u0160irok\u00fd sortiment produktov: FMP pon\u00faka \u0161irok\u00fd sortiment hydraulick\u00fdch valcov, ktor\u00e9 uspokoja r\u00f4zne potreby stavebn\u00fdch strojov. Od \u0161tandardn\u00fdch valcov a\u017e po rie\u0161enia vyroben\u00e9 na mieru, m\u00e1me ten spr\u00e1vny produkt, ktor\u00fd spln\u00ed va\u0161e \u0161pecifick\u00e9 po\u017eiadavky.<\/p>\n<p>2. Vynikaj\u00faca kvalita: Vo v\u0161etkom, \u010do rob\u00edme, kladieme d\u00f4raz na kvalitu. V\u0161etky na\u0161e hydraulick\u00e9 valce s\u00fa vyroben\u00e9 z prvotriednych materi\u00e1lov a sp\u013a\u0148aj\u00fa pr\u00edsne normy kvality. To zaru\u010duje, \u017ee na\u0161e produkty s\u00fa odoln\u00e9, spo\u013eahliv\u00e9 a optim\u00e1lne funguj\u00fa aj v n\u00e1ro\u010dn\u00fdch podmienkach.<\/p>\n<p>3. Odbornos\u0165 a sk\u00fasenosti: V\u010faka na\u0161im rozsiahlym znalostiam a sk\u00fasenostiam v danom odvetv\u00ed rozumieme jedine\u010dn\u00fdm v\u00fdzvam a po\u017eiadavk\u00e1m sektora stavebn\u00fdch strojov. N\u00e1\u0161 t\u00edm odborn\u00edkov je dobre vybaven\u00fd na to, aby v\u00e1m poskytol profesion\u00e1lne poradenstvo a rie\u0161enia na mieru, ktor\u00e9 splnia va\u0161e \u0161pecifick\u00e9 potreby.<\/p>\n<p>4. Siln\u00e9 vz\u0165ahy s dod\u00e1vate\u013emi: Spolo\u010dnos\u0165 FMP si vybudovala dlhodob\u00e9 a stabiln\u00e9 partnerstv\u00e1 s renomovan\u00fdmi dod\u00e1vate\u013emi na dom\u00e1com aj medzin\u00e1rodnom trhu. To n\u00e1m umo\u017e\u0148uje z\u00edskava\u0165 vysokokvalitn\u00e9 komponenty a materi\u00e1ly, \u010do zaru\u010duje spo\u013eahlivos\u0165 a v\u00fdkon na\u0161ich hydraulick\u00fdch valcov.<\/p>\n<p>5. Efekt\u00edvna logistika a v\u010dasn\u00e9 dodanie: Uvedomujeme si d\u00f4le\u017eitos\u0165 v\u010dasn\u00e9ho doru\u010denia pre hladk\u00fd priebeh va\u0161ich projektov. Spolo\u010dnos\u0165 FMP m\u00e1 zaveden\u00fd efekt\u00edvny logistick\u00fd distribu\u010dn\u00fd syst\u00e9m, ktor\u00fd zabezpe\u010duje, \u017ee po\u017eadovan\u00e9 hydraulick\u00e9 valce dostanete v\u010das a presne, \u010d\u00edm sa minimalizuj\u00fa prestoje a maximalizuje produktivita.<\/p>\n<p>Vyberte si FMP pre va\u0161e potreby hydraulick\u00fdch valcov a za\u017eite rozdiel v kvalite, spo\u013eahlivosti a spokojnosti z\u00e1kazn\u00edkov. Spolupracujte s nami e\u0161te dnes a z\u00edskajte bezprobl\u00e9mov\u00fd z\u00e1\u017eitok zo stavebn\u00fdch strojov.<\/p>\n<h2>\u010casto kladen\u00e9 ot\u00e1zky<\/h2>\n<p><b>Ot\u00e1zka: Ak\u00e1 je dodacia lehota pre dvoj\u010dinn\u00fd valec?<\/b><br \/>\nA: V\u0161eobecn\u00e1 dodacia lehota je 25-35 dn\u00ed.<\/p>\n<p><b>Ot\u00e1zka: S\u00fa k dispoz\u00edcii vzorky dvoj\u010dinn\u00e9ho valca?<\/b><br \/>\nA: \u00c1no, pon\u00fakame vzorky, ale nie s\u00fa zadarmo.<\/p>\n<p><b>Ot\u00e1zka: D\u00e1 sa dvoj\u010dinn\u00fd valec prisp\u00f4sobi\u0165 pod\u013ea \u0161pecifick\u00fdch po\u017eiadaviek?<\/b><br \/>\nA: \u00c1no, vieme vyrobi\u0165 produkt pod\u013ea va\u0161ich vzoriek alebo technick\u00fdch v\u00fdkresov.<\/p>\n<p>&nbsp;<\/p>\n<p>Autor\uff1a CX<\/p>","protected":false},"excerpt":{"rendered":"<p>The Quality Assurance Double Acting Cylinder Welded Hydraulic Cylinder For Tractor is a high-quality hydraulic cylinder designed for use in tractors. This cylinder features a double-acting design, which allows for efficient operation in both directions. The cylinder is also welded for added durability and strength, ensuring a long service life even in rough operating conditions. [&hellip;]<\/p>","protected":false},"featured_media":1340,"comment_status":"closed","ping_status":"closed","template":"","meta":{"_et_pb_use_builder":"","_et_pb_old_content":"","_et_gb_content_width":""},"product_brand":[],"product_cat":[39],"product_tag":[41,34],"class_list":{"0":"post-1388","1":"product","2":"type-product","3":"status-publish","4":"has-post-thumbnail","6":"product_cat-adjustable-clevis-type-cylinders","7":"product_tag-adjustable-clevis-type-cylinders","8":"product_tag-hydraulic-cylinder","10":"first","11":"instock","12":"product-type-simple"},"_links":{"self":[{"href":"https:\/\/fmp-components.com\/sk\/wp-json\/wp\/v2\/product\/1388","targetHints":{"allow":["GET"]}}],"collection":[{"href":"https:\/\/fmp-components.com\/sk\/wp-json\/wp\/v2\/product"}],"about":[{"href":"https:\/\/fmp-components.com\/sk\/wp-json\/wp\/v2\/types\/product"}],"replies":[{"embeddable":true,"href":"https:\/\/fmp-components.com\/sk\/wp-json\/wp\/v2\/comments?post=1388"}],"wp:featuredmedia":[{"embeddable":true,"href":"https:\/\/fmp-components.com\/sk\/wp-json\/wp\/v2\/media\/1340"}],"wp:attachment":[{"href":"https:\/\/fmp-components.com\/sk\/wp-json\/wp\/v2\/media?parent=1388"}],"wp:term":[{"taxonomy":"product_brand","embeddable":true,"href":"https:\/\/fmp-components.com\/sk\/wp-json\/wp\/v2\/product_brand?post=1388"},{"taxonomy":"product_cat","embeddable":true,"href":"https:\/\/fmp-components.com\/sk\/wp-json\/wp\/v2\/product_cat?post=1388"},{"taxonomy":"product_tag","embeddable":true,"href":"https:\/\/fmp-components.com\/sk\/wp-json\/wp\/v2\/product_tag?post=1388"}],"curies":[{"name":"pracovn\u00fd list","href":"https:\/\/api.w.org\/{rel}","templated":true}]}}