{"id":1387,"date":"2024-12-23T02:19:41","date_gmt":"2024-12-23T02:19:41","guid":{"rendered":"https:\/\/fmp-components.com\/product\/china-supplier-piston-double-acting-hydraulic-ram-cylinder-for-trailer\/"},"modified":"2024-12-23T08:51:38","modified_gmt":"2024-12-23T08:51:38","slug":"italy-supplier-piston-double-acting-hydraulic-ram-cylinder-for-trailer","status":"publish","type":"product","link":"https:\/\/fmp-components.com\/sk\/product\/italy-supplier-piston-double-acting-hydraulic-ram-cylinder-for-trailer\/","title":{"rendered":"Taliansky dod\u00e1vate\u013e piestov\u00e9ho dvoj\u010dinn\u00e9ho hydraulick\u00e9ho valca pre pr\u00edves"},"content":{"rendered":"<p>Taliansky dod\u00e1vate\u013e piestov\u00e9ho dvoj\u010dinn\u00e9ho hydraulick\u00e9ho valca pre pr\u00edvesy je \u0161pi\u010dkov\u00fd produkt, ktor\u00fd je navrhnut\u00fd tak, aby poskytoval v\u00fdnimo\u010dn\u00fd v\u00fdkon a spo\u013eahlivos\u0165. Tento valec vyr\u00e1ba renomovan\u00fd dod\u00e1vate\u013e v Taliansku, zn\u00e1my svojimi odborn\u00fdmi znalos\u0165ami v oblasti hydraulick\u00fdch syst\u00e9mov.<\/p>\n<p>Tento hydraulick\u00fd valec s piestovou kon\u0161trukciou zais\u0165uje efekt\u00edvnu prev\u00e1dzku v oboch smeroch. Umo\u017e\u0148uje plynul\u00fd a presn\u00fd pohyb, v\u010faka \u010domu je ide\u00e1lny pre r\u00f4zne aplik\u00e1cie v pr\u00edvesoch. \u010ci u\u017e ide o zdv\u00edhanie \u0165a\u017ek\u00fdch bremien alebo zabezpe\u010denie stability po\u010das prepravy, tento valec je na t\u00fato \u00falohu pripraven\u00fd.<\/p>\n<p>Tento hydraulick\u00fd valec bol navrhnut\u00fd s oh\u013eadom na odolnos\u0165 a je skon\u0161truovan\u00fd tak, aby odolal n\u00e1ro\u010dn\u00e9mu pou\u017e\u00edvaniu v n\u00e1ro\u010dn\u00fdch prostrediach. Je vyroben\u00fd z vysoko kvalitn\u00fdch materi\u00e1lov, ktor\u00e9 zaru\u010duj\u00fa dlhotrvaj\u00faci v\u00fdkon a odolnos\u0165 vo\u010di opotrebovaniu. To zaru\u010duje, \u017ee valec bude na\u010falej poskytova\u0165 optim\u00e1lne v\u00fdsledky aj v n\u00e1ro\u010dn\u00fdch podmienkach.<\/p>\n<p>V\u010faka dvoj\u010dinnej funkcii pon\u00faka tento hydraulick\u00fd valec v\u0161estrannos\u0165 a pohodlie. Dok\u00e1\u017ee vyv\u00edja\u0165 silu v smere vys\u00favania aj zas\u00favania, \u010do poskytuje v\u00e4\u010d\u0161iu kontrolu a flexibilitu pri prev\u00e1dzke pr\u00edvesu. T\u00e1to funkcia umo\u017e\u0148uje efekt\u00edvne a presn\u00e9 pohyby, \u010do vedie k zv\u00fd\u0161enej produktivite a efektivite.<\/p>\n<p><img loading=\"lazy\" decoding=\"async\" class=\"alignnone size-full wp-image-1334\" src=\"https:\/\/fmp-components.com\/wp-content\/uploads\/2024\/12\/Adjustable-Clevis-Type-Cylinders-4.webp\" alt=\"Nastavite\u013en\u00e9 valce s vidlicov\u00fdm z\u00e1vesom\" width=\"800\" height=\"800\" title=\"\" srcset=\"https:\/\/fmp-components.com\/wp-content\/uploads\/2024\/12\/Adjustable-Clevis-Type-Cylinders-4.webp 800w, https:\/\/fmp-components.com\/wp-content\/uploads\/2024\/12\/Adjustable-Clevis-Type-Cylinders-4-480x480.webp 480w\" sizes=\"(min-width: 0px) and (max-width: 480px) 480px, (min-width: 481px) 800px, 100vw\" \/><\/p>\n<p>Okrem svojich funk\u010dn\u00fdch schopnost\u00ed je tento hydraulick\u00fd valec navrhnut\u00fd aj s oh\u013eadom na bezpe\u010dnos\u0165. Je vybaven\u00fd spo\u013eahliv\u00fdmi tesneniami a \u010fal\u0161\u00edmi bezpe\u010dnostn\u00fdmi prvkami, ktor\u00e9 zabra\u0148uj\u00fa \u00faniku a zabezpe\u010duj\u00fa plynul\u00fd chod. To zaru\u010duje bezpe\u010dn\u00fd a spo\u013eahliv\u00fd v\u00fdkon, na ktor\u00fd sa m\u00f4\u017eete spo\u013eahn\u00fa\u0165.<\/p>\n<p>Celkovo je dvoj\u010dinn\u00fd hydraulick\u00fd valec s piestom od talianskeho dod\u00e1vate\u013ea pre pr\u00edves vysoko kvalitn\u00fd produkt, ktor\u00fd kombinuje v\u00fdkon, odolnos\u0165 a bezpe\u010dnos\u0165. Jeho v\u00fdnimo\u010dn\u00fd dizajn a funk\u010dnos\u0165 z neho robia vynikaj\u00facu vo\u013ebu pre r\u00f4zne aplik\u00e1cie s pr\u00edvesmi. D\u00f4verujte tomuto valcu, \u017ee v\u00e1m poskytne spo\u013eahlivos\u0165 a efektivitu, ktor\u00fa potrebujete pre svoju prev\u00e1dzku s pr\u00edvesom.<\/p>\n<p>Dvoj\u010dinn\u00fd hydraulick\u00fd valec s piestom je v\u0161estrann\u00fd hydraulick\u00fd valec od renomovan\u00e9ho talianskeho dod\u00e1vate\u013ea, optimalizovan\u00fd na pou\u017eitie v pr\u00edvesoch. S ro\u010dnou z\u00e1rukou je ve\u013emi vhodn\u00fd pre odvetvia, ako s\u00fa opravovne strojov, farmy, energetika a ban\u00edctvo, v\u00fdroba strojov a stroj\u00e1rne. S hmotnos\u0165ou 47 kg je tento nov\u00fd produkt z roku 2023 dod\u00e1van\u00fd s videoz\u00e1znamom v\u00fdstupnej kontroly, spr\u00e1vou o sk\u00fa\u0161ke stroja a hlavn\u00fdmi komponentmi s\u00fa lo\u017eisko a hydraulick\u00fd valec. Tento \u0161tandardn\u00fd piestov\u00fd valec pracuje s hydraulick\u00fdm pohonom a je vyroben\u00fd z robustn\u00e9ho oce\u013eov\u00e9ho materi\u00e1lu. M\u00e1 maxim\u00e1lny tlak 3000, nastavite\u013en\u00fd typ vidlice a je dod\u00e1van\u00fd s portami G\/SAE\/NPT\/M. Valec dok\u00e1\u017ee vyvin\u00fa\u0165 maxim\u00e1lny \u0165ah 20 ton a je certifikovan\u00fd pod\u013ea normy ISO9001:2000. Ve\u013ekosti v\u0155tania, piestnice, zdvihu a \u010dapu valca s\u00fa r\u00f4zne a valec je dod\u00e1van\u00fd v elegantnej \u010diernej farbe.<\/p>\n<table style=\"width: 100%;\" border=\"1\" width=\"100%\" cellspacing=\"0\" cellpadding=\"0\">\n<tbody>\n<tr>\n<th>N\u00e1zov produktu<\/th>\n<td>Dvoj\u010dinn\u00fd piestov\u00fd valec<\/td>\n<\/tr>\n<tr>\n<th>Typ<\/th>\n<td>Hydraulick\u00fd valec<\/td>\n<\/tr>\n<tr>\n<th>Funkcia<\/th>\n<td>Vys\u00fava sa a zas\u00fava pomocou hydraulickej sily<\/td>\n<\/tr>\n<tr>\n<th>Typ valca<\/th>\n<td>Nastavite\u013en\u00fd typ s vidlicou<\/td>\n<\/tr>\n<tr>\n<th>Ve\u013ekos\u0165 otvoru<\/th>\n<td>2-6 palcov<\/td>\n<\/tr>\n<tr>\n<th>Ve\u013ekos\u0165 ty\u010de<\/th>\n<td>1,125-4 palce<\/td>\n<\/tr>\n<tr>\n<th>Ve\u013ekos\u0165 \u0165ahu<\/th>\n<td>4-100 palcov<\/td>\n<\/tr>\n<tr>\n<th>Ve\u013ekos\u0165 \u010dapu<\/th>\n<td>0,5-2 palce<\/td>\n<\/tr>\n<tr>\n<th>Maxim\u00e1lny \u0165ah<\/th>\n<td>3000<\/td>\n<\/tr>\n<tr>\n<th>Maxim\u00e1lna \u0165ahov\u00e1 kapacita<\/th>\n<td>20 ton<\/td>\n<\/tr>\n<tr>\n<th>Materi\u00e1l tela<\/th>\n<td>Oce\u013e<\/td>\n<\/tr>\n<tr>\n<th>Trvanlivos\u0165<\/th>\n<td>Vysok\u00e1 pevnos\u0165 a odolnos\u0165 proti opotrebovaniu<\/td>\n<\/tr>\n<\/tbody>\n<\/table>\n<h2>V\u00fdhody nastavite\u013en\u00fdch valcov s vidlicov\u00fdm uchyten\u00edm<\/h2>\n<p>Nastavite\u013en\u00e9 valce s vidlicov\u00fdm uchyten\u00edm s\u00fa ob\u013e\u00fabenou vo\u013ebou v hydraulickom priemysle v\u010faka svojim po\u010detn\u00fdm v\u00fdhod\u00e1m a v\u0161estrannosti. Tieto valce, ako napr\u00edklad dvoj\u010dinn\u00fd hydraulick\u00fd valec s piestov\u00fdm uchyten\u00edm od talianskeho dod\u00e1vate\u013ea pre pr\u00edvesy, pon\u00fakaj\u00fa jedine\u010dn\u00e9 vlastnosti, v\u010faka ktor\u00fdm s\u00fa vysoko \u00fa\u010dinn\u00e9 a spo\u013eahliv\u00e9 v r\u00f4znych aplik\u00e1ci\u00e1ch. V tomto \u010dl\u00e1nku presk\u00famame v\u00fdhody pou\u017eitia nastavite\u013en\u00fdch valcov s vidlicov\u00fdm uchyten\u00edm v hydraulick\u00fdch syst\u00e9moch.<\/p>\n<h3>1. Zv\u00fd\u0161en\u00e1 flexibilita a prisp\u00f4sobivos\u0165<\/h3>\n<p>Jednou z v\u00fdznamn\u00fdch v\u00fdhod nastavite\u013en\u00fdch valcov s vidlicov\u00fdm uz\u00e1verom je ich schopnos\u0165 poskytn\u00fa\u0165 zv\u00fd\u0161en\u00fa flexibilitu a prisp\u00f4sobivos\u0165 v hydraulick\u00fdch syst\u00e9moch. Tieto valce umo\u017e\u0148uj\u00fa jednoduch\u00e9 nastavenie polohy \u010dapu vidlicov\u00e9ho uz\u00e1veru, \u010do umo\u017e\u0148uje jemn\u00e9 doladenie d\u013a\u017eky zdvihu valca. T\u00e1to nastavite\u013enos\u0165 umo\u017e\u0148uje prisp\u00f4sobi\u0165 sa r\u00f4znym prev\u00e1dzkov\u00fdm podmienkam a zmen\u00e1m v po\u017eiadavk\u00e1ch na za\u0165a\u017eenie, \u010d\u00edm sa zabezpe\u010duje optim\u00e1lny v\u00fdkon.<\/p>\n<h3>2. Presn\u00e9 polohovanie a ovl\u00e1danie<\/h3>\n<p>Nastavite\u013en\u00e9 valce s vidlicov\u00fdm uchyten\u00edm pon\u00fakaj\u00fa presn\u00e9 polohovanie a ovl\u00e1danie, v\u010faka \u010domu s\u00fa ide\u00e1lne pre aplik\u00e1cie, ktor\u00e9 vy\u017eaduj\u00fa presn\u00e9 a kontrolovan\u00e9 pohyby. Mo\u017enos\u0165 jemn\u00e9ho doladenia d\u013a\u017eky zdvihu umo\u017e\u0148uje presn\u00e9 ovl\u00e1danie vys\u00favania a zas\u00favania valca, \u010do umo\u017e\u0148uje presn\u00e9 polohovanie bremien alebo strojov\u00fdch komponentov. T\u00e1to \u00farove\u0148 ovl\u00e1dania zvy\u0161uje prev\u00e1dzkov\u00fa efektivitu a z\u00e1rove\u0148 minimalizuje riziko po\u0161kodenia alebo neh\u00f4d.<\/p>\n<h3>3. Zv\u00fd\u0161en\u00e1 prev\u00e1dzkov\u00e1 efekt\u00edvnos\u0165<\/h3>\n<p>Nastavite\u013en\u00e9 valce s vidlicov\u00fdm uz\u00e1verom umo\u017e\u0148uj\u00fa nastavenie d\u013a\u017eky zdvihu a prispievaj\u00fa k zv\u00fd\u0161eniu prev\u00e1dzkovej \u00fa\u010dinnosti. Tieto valce je mo\u017en\u00e9 optimalizova\u0165 tak, aby zodpovedali \u0161pecifick\u00fdm po\u017eiadavk\u00e1m \u00falohy, \u010d\u00edm sa eliminuj\u00fa zbyto\u010dn\u00e9 pohyby a zni\u017euje spotreba energie. Mo\u017enos\u0165 jemn\u00e9ho doladenia zdvihu valca tie\u017e pom\u00e1ha minimalizova\u0165 opotrebovanie, predl\u017euje \u017eivotnos\u0165 valca a zni\u017euje n\u00e1klady na \u00fadr\u017ebu.<\/p>\n<h3>4. Zlep\u0161en\u00e1 bezpe\u010dnos\u0165 a spo\u013eahlivos\u0165<\/h3>\n<p>Nastavite\u013en\u00e9 valce s vidlicov\u00fdm uz\u00e1verom pon\u00fakaj\u00fa v porovnan\u00ed s valcami s pevn\u00fdm zdvihom zv\u00fd\u0161en\u00fa bezpe\u010dnos\u0165 a spo\u013eahlivos\u0165. V\u010faka mo\u017enosti nastavenia d\u013a\u017eky zdvihu si obsluha m\u00f4\u017ee zabezpe\u010di\u0165, aby valec pracoval v r\u00e1mci bezpe\u010dn\u00e9ho pracovn\u00e9ho rozsahu. To pom\u00e1ha predch\u00e1dza\u0165 nadmern\u00e9mu natiahnutiu alebo zasunutiu, \u010do by mohlo vies\u0165 k po\u0161kodeniu zariadenia alebo nehod\u00e1m. Nastavite\u013enos\u0165 t\u00fdchto valcov tie\u017e umo\u017e\u0148uje r\u00fdchle prisp\u00f4sobenie sa meniacim sa po\u017eiadavk\u00e1m na za\u0165a\u017eenie, \u010d\u00edm sa zvy\u0161uje celkov\u00e1 spo\u013eahlivos\u0165 syst\u00e9mu.<\/p>\n<h3>5. V\u0161estrann\u00e9 aplik\u00e1cie<\/h3>\n<p>V\u010faka svojej flexibilite a prisp\u00f4sobivosti nach\u00e1dzaj\u00fa nastavite\u013en\u00e9 valce s vidlicov\u00fdm uchyten\u00edm uplatnenie v \u0161irokej \u0161k\u00e1le odvetv\u00ed a sektorov. \u010ci u\u017e ide o priemyseln\u00e9 strojov\u00e9 zariadenia, stavebn\u00e9 zariadenia alebo po\u013enohospod\u00e1rske n\u00e1radie, tieto valce vynikaj\u00fa v r\u00f4znych \u00faloh\u00e1ch. Ich schopnos\u0165 prisp\u00f4sobi\u0165 sa r\u00f4znym po\u017eiadavk\u00e1m na za\u0165a\u017eenie a prev\u00e1dzkov\u00fdm podmienkam z nich rob\u00ed v\u0161estrann\u00fa vo\u013ebu pre mnoh\u00e9 aplik\u00e1cie hydraulick\u00fdch syst\u00e9mov.<\/p>\n<p>Z\u00e1verom mo\u017eno poveda\u0165, \u017ee nastavite\u013en\u00e9 valce s vidlicov\u00fdm uchyten\u00edm, ako napr\u00edklad hydraulick\u00fd valec s dvoj\u010dinn\u00fdm piestom od talianskeho dod\u00e1vate\u013ea pre pr\u00edvesy, pon\u00fakaj\u00fa v hydraulick\u00fdch syst\u00e9moch v\u00fdznamn\u00e9 v\u00fdhody. V\u010faka svojej zv\u00fd\u0161enej flexibilite, presn\u00e9mu polohovaniu, zv\u00fd\u0161enej prev\u00e1dzkovej \u00fa\u010dinnosti, lep\u0161ej bezpe\u010dnosti a v\u0161estrannosti s\u00fa ob\u013e\u00fabenou vo\u013ebou medzi hydraulick\u00fdmi profesion\u00e1lmi. Vyu\u017e\u00edvan\u00edm t\u00fdchto valcov m\u00f4\u017eu profesion\u00e1li optimalizova\u0165 svoje hydraulick\u00e9 syst\u00e9my pre maxim\u00e1lny v\u00fdkon a spo\u013eahlivos\u0165.<\/p>\n<p><img decoding=\"async\" src=\"https:\/\/fmp-components.com\/wp-content\/uploads\/2024\/12\/Adjustable-Clevis-Type-Cylinders5.webp\" alt=\"Nastavite\u013en\u00fd valec typu Clevis\" width=\"800\" title=\"\"><\/p>\n<h2>Pou\u017eitie nastavite\u013en\u00fdch valcov s vidlicov\u00fdm uchyten\u00edm<\/h2>\n<p>Nastavite\u013en\u00e9 valce s vidlicov\u00fdm uz\u00e1verom sa v\u010faka svojej v\u0161estrannosti a prisp\u00f4sobivosti \u0161iroko pou\u017e\u00edvaj\u00fa v r\u00f4znych odvetviach. Medzi najbe\u017enej\u0161ie aplik\u00e1cie t\u00fdchto valcov patria:<\/p>\n<h3>1. Po\u013enohospod\u00e1rske stroje<\/h3>\n<p>Nastavite\u013en\u00e9 valce s vidlicov\u00fdm z\u00e1vesom zohr\u00e1vaj\u00fa k\u013e\u00fa\u010dov\u00fa \u00falohu v modern\u00fdch po\u013enohospod\u00e1rskych strojoch. Tieto valce sa be\u017ene pou\u017e\u00edvaj\u00fa v traktoroch a in\u00fdch \u0165a\u017ek\u00fdch strojoch na zdv\u00edhanie a premiest\u0148ovanie \u0165a\u017ek\u00fdch bremien. Napr\u00edklad, dvoj\u010dinn\u00fd hydraulick\u00fd valec s piestom od talianskeho dod\u00e1vate\u013ea pre pr\u00edves sa d\u00e1 pou\u017ei\u0165 na zdv\u00edhanie pluhu alebo br\u00e1ny, \u010do u\u013eah\u010duje obr\u00e1banie p\u00f4dy a jej pr\u00edpravu na siatie. Tieto valce sa daj\u00fa pou\u017ei\u0165 aj na zdv\u00edhanie a premiest\u0148ovanie in\u00fdch \u0165a\u017ek\u00fdch po\u013enohospod\u00e1rskych strojov, ako s\u00fa zavla\u017eovacie syst\u00e9my a z\u00e1sobn\u00edky obilia.<\/p>\n<h3>2. Stavebn\u00e9 zariadenia<\/h3>\n<p>Nastavite\u013en\u00e9 valce s vidlicov\u00fdm z\u00e1vesom sa tie\u017e be\u017ene pou\u017e\u00edvaj\u00fa v stavebn\u00fdch strojoch, ako s\u00fa \u017eeriavy, bagre a buldoz\u00e9ry. Tieto valce sa pou\u017e\u00edvaj\u00fa na zdv\u00edhanie a premiest\u0148ovanie \u0165a\u017ek\u00fdch bremien, ako s\u00fa bet\u00f3nov\u00e9 bloky, oce\u013eov\u00e9 nosn\u00edky a in\u00e9 stavebn\u00e9 materi\u00e1ly. Dvoj\u010dinn\u00fd hydraulick\u00fd valec s piestom od talianskeho dod\u00e1vate\u013ea pre pr\u00edves sa m\u00f4\u017ee pou\u017ei\u0165 na zdv\u00edhanie a premiest\u0148ovanie ly\u017eice na \u010delnom naklada\u010di, \u010do u\u013eah\u010duje kopanie a prepravu zeminy a in\u00fdch materi\u00e1lov. Tieto valce sa m\u00f4\u017eu pou\u017ei\u0165 aj na zdv\u00edhanie a premiest\u0148ovanie in\u00fdch \u0165a\u017ek\u00fdch stavebn\u00fdch strojov, ako s\u00fa le\u0161enia a bet\u00f3nov\u00e9 debnenia.<\/p>\n<h3>3. Priemyseln\u00e9 stroje<\/h3>\n<p>Nastavite\u013en\u00e9 valce s vidlicov\u00fdm uz\u00e1verom sa pou\u017e\u00edvaj\u00fa aj v r\u00f4znych priemyseln\u00fdch strojoch, ako s\u00fa hydraulick\u00e9 lisy, raznice a vstrekovacie lisy. Tieto valce sa pou\u017e\u00edvaj\u00fa na p\u00f4sobenie sily na materi\u00e1ly, ako je kov alebo plast, za \u00fa\u010delom ich tvarovania alebo formovania. Dvoj\u010dinn\u00fd hydraulick\u00fd valec s piestom od talianskeho dod\u00e1vate\u013ea pre pr\u00edves sa m\u00f4\u017ee pou\u017ei\u0165 na p\u00f4sobenie sily na matricu v raznici, \u010do u\u013eah\u010duje vytv\u00e1ranie zlo\u017eit\u00fdch tvarov a vzorov. Tieto valce sa m\u00f4\u017eu tie\u017e pou\u017ei\u0165 na p\u00f4sobenie sily na formu vo vstrekovacom lise, \u010do u\u013eah\u010duje v\u00fdrobu plastov\u00fdch dielov a komponentov.<\/p>\n<h3>4. N\u00e1morn\u00e9 a pobre\u017en\u00e9 aplik\u00e1cie<\/h3>\n<p>Nastavite\u013en\u00e9 valce s vidlicov\u00fdm uz\u00e1verom sa pou\u017e\u00edvaj\u00fa aj v n\u00e1morn\u00fdch a pobre\u017en\u00fdch aplik\u00e1ci\u00e1ch, ako s\u00fa ropn\u00e9 plo\u0161iny, lode a ponorky. Tieto valce sa pou\u017e\u00edvaj\u00fa na r\u00f4zne \u00fa\u010dely, ako je otv\u00e1ranie a zatv\u00e1ranie dver\u00ed a poklopov, zdv\u00edhanie a sp\u00fa\u0161\u0165anie zariaden\u00ed a ovl\u00e1danie pohybu podvodn\u00fdch vozidiel. Dvoj\u010dinn\u00fd hydraulick\u00fd valec s piestom od talianskeho dod\u00e1vate\u013ea pre pr\u00edves sa m\u00f4\u017ee pou\u017ei\u0165 na ovl\u00e1danie pohybu ponorn\u00e9ho vozidla, \u010do u\u013eah\u010duje navig\u00e1ciu v podvodnom prostred\u00ed. Tieto valce sa m\u00f4\u017eu pou\u017ei\u0165 aj na zdv\u00edhanie a sp\u00fa\u0161\u0165anie zariaden\u00ed na ropnej plo\u0161ine, \u010do u\u013eah\u010duje vykon\u00e1vanie \u00fadr\u017eby a opr\u00e1v.<\/p>\n<p>Nastavite\u013en\u00e9 valce s vidlicov\u00fdm z\u00e1vitom s\u00fa v\u0161estrann\u00e9 a prisp\u00f4sobiv\u00e9, v\u010faka \u010domu s\u00fa u\u017eito\u010dn\u00e9 v \u0161irokej \u0161k\u00e1le aplik\u00e1ci\u00ed. \u010ci u\u017e pracujete v po\u013enohospod\u00e1rstve, stavebn\u00edctve, priemyseln\u00fdch strojoch alebo v n\u00e1morn\u00fdch a pobre\u017en\u00fdch aplik\u00e1ci\u00e1ch, tieto valce v\u00e1m pom\u00f4\u017eu vykon\u00e1va\u0165 pr\u00e1cu efekt\u00edvnej\u0161ie a \u00fa\u010dinnej\u0161ie. So spr\u00e1vnym hydraulick\u00fdm valcom s dvoj\u010dinn\u00fdm piestom od talianskeho dod\u00e1vate\u013ea pre pr\u00edvesy m\u00f4\u017eete zlep\u0161i\u0165 v\u00fdkon svojho zariadenia a dosiahnu\u0165 v\u00e4\u010d\u0161\u00ed \u00faspech vo svojej pr\u00e1ci.<\/p>\n<p><img decoding=\"async\" src=\"https:\/\/fmp-components.com\/wp-content\/uploads\/2024\/12\/Application-of-Adjustable-Clevis-Type-Cylinders.webp\" alt=\"Nastavite\u013en\u00fd valec typu Clevis\" width=\"800\" title=\"\"><\/p>\n<h3>O FMP<\/h3>\n<p>FMP je spolo\u010dnos\u0165, ktor\u00e1 sa \u0161pecializuje na v\u00fdrobu a predaj hydraulick\u00fdch valcov. V\u010faka n\u00e1\u0161mu zameraniu na dod\u00e1vku vysokokvalitn\u00fdch dielov pre stavebn\u00e9 stroje a kompletn\u00fdch strojn\u00fdch rie\u0161en\u00ed sme sa etablovali ako spo\u013eahliv\u00fd partner v tomto odvetv\u00ed. Na\u0161e dlhoro\u010dn\u00e9 sk\u00fasenosti a profesion\u00e1lny t\u00edm, so s\u00eddlom v Taliansku, zaru\u010duj\u00fa, \u017ee z\u00e1kazn\u00edkom poskytujeme \u0161pi\u010dkov\u00e9 produkty a slu\u017eby.<\/p>\n<p><strong>N\u00e1\u0161 sortiment produktov:<\/strong><\/p>\n<ol>\n<li><strong>Prevodovky po\u013enohospod\u00e1rskych strojov:<\/strong> Pon\u00fakame \u0161irok\u00fd sortiment prevodoviek \u0161peci\u00e1lne navrhnut\u00fdch pre po\u013enohospod\u00e1rske stroje. Tieto prevodovky s\u00fa odoln\u00e9 a \u00fa\u010dinn\u00e9, \u010do umo\u017e\u0148uje plynul\u00fd a spo\u013eahliv\u00fd chod.<\/li>\n<li><strong>Hydraulick\u00e9 valce:<\/strong> Na\u0161e hydraulick\u00e9 valce s\u00fa vyroben\u00e9 pod\u013ea najvy\u0161\u0161\u00edch \u0161tandardov, aby poskytovali vynikaj\u00faci v\u00fdkon a odolnos\u0165. S\u00fa navrhnut\u00e9 tak, aby odolali vysok\u00e9mu za\u0165a\u017eeniu a n\u00e1ro\u010dn\u00fdm prev\u00e1dzkov\u00fdm podmienkam, \u010d\u00edm zabezpe\u010duj\u00fa optim\u00e1lnu \u00fa\u010dinnos\u0165 a spo\u013eahlivos\u0165.<\/li>\n<li><strong>Plan\u00e9tov\u00e9 prevodovky:<\/strong> Pon\u00fakame plan\u00e9tov\u00e9 prevodovky, ktor\u00e9 s\u00fa skon\u0161truovan\u00e9 pre presnos\u0165 a odolnos\u0165. Tieto prevodovky pon\u00fakaj\u00fa vysok\u00fd kr\u00fatiaci moment a plynul\u00fd chod, v\u010faka \u010domu s\u00fa ide\u00e1lne pre r\u00f4zne aplik\u00e1cie v odvetv\u00ed stavebn\u00fdch strojov.<\/li>\n<li><strong>Priemyseln\u00e9 prevodovky:<\/strong> N\u00e1\u0161 sortiment priemyseln\u00fdch prevodoviek je navrhnut\u00fd tak, aby sp\u013a\u0148al rozmanit\u00e9 potreby r\u00f4znych odvetv\u00ed. Tieto prevodovky s\u00fa zn\u00e1me svojou spo\u013eahlivos\u0165ou, \u00fa\u010dinnos\u0165ou a dlhou \u017eivotnos\u0165ou.<\/li>\n<li><strong>S\u00fa\u010diastky a pr\u00edslu\u0161enstvo pre po\u013enohospod\u00e1rske stroje:<\/strong> Okrem prevodoviek a hydraulick\u00fdch valcov pon\u00fakame aj komplexn\u00fd sortiment dielov a pr\u00edslu\u0161enstva pre po\u013enohospod\u00e1rske stroje. Tieto komponenty s\u00fa starostlivo vyberan\u00e9, aby sa zabezpe\u010dila kompatibilita a optim\u00e1lny v\u00fdkon.<\/li>\n<\/ol>\n<p><strong>V\u00fdhody na\u0161ej spolo\u010dnosti:<\/strong><\/p>\n<ol>\n<li><strong>Pr\u00edsne \u0161tandardy kvality:<\/strong> Vybudovali sme si dlhodob\u00e9 a stabiln\u00e9 vz\u0165ahy s vysokokvalitn\u00fdmi dod\u00e1vate\u013emi v tuzemsku aj v zahrani\u010d\u00ed. To n\u00e1m umo\u017e\u0148uje zabezpe\u010di\u0165, aby v\u0161etky dod\u00e1van\u00e9 diely sp\u013a\u0148ali pr\u00edsne \u0161tandardy kvality.<\/li>\n<li><strong>Sk\u00fasen\u00fd obchodn\u00fd t\u00edm:<\/strong> N\u00e1\u0161 obchodn\u00fd t\u00edm m\u00e1 rozsiahle znalosti o v\u00fdvojov\u00fdch trendoch a potreb\u00e1ch z\u00e1kazn\u00edkov v odvetv\u00ed stavebn\u00fdch strojov. Poskytuje profesion\u00e1lne konzult\u00e1cie o produktoch a inteligentn\u00e9 n\u00e1vrhy na n\u00e1kup, aby pomohol z\u00e1kazn\u00edkom robi\u0165 informovan\u00e9 rozhodnutia.<\/li>\n<li><strong>Efekt\u00edvna logistick\u00e1 distrib\u00facia:<\/strong> M\u00e1me zaveden\u00fd efekt\u00edvny logistick\u00fd distribu\u010dn\u00fd syst\u00e9m, ktor\u00fd zabezpe\u010duje, aby z\u00e1kazn\u00edci dost\u00e1vali po\u017eadovan\u00e9 diely v\u010das a presne. To umo\u017e\u0148uje minim\u00e1lne prestoje a maxim\u00e1lnu produktivitu.<\/li>\n<li><strong>Spo\u013eahliv\u00fd servis:<\/strong> Uprednost\u0148ujeme spokojnos\u0165 z\u00e1kazn\u00edkov a sna\u017e\u00edme sa v\u017edy poskytova\u0165 vynikaj\u00face slu\u017eby. N\u00e1\u0161 \u0161pecializovan\u00fd t\u00edm je v\u017edy pripraven\u00fd rie\u0161i\u0165 ak\u00e9ko\u013evek ot\u00e1zky alebo obavy, \u010d\u00edm zabezpe\u010d\u00edme pre na\u0161ich z\u00e1kazn\u00edkov hladk\u00fd a bezprobl\u00e9mov\u00fd z\u00e1\u017eitok.<\/li>\n<li><strong>Neust\u00e1le zlep\u0161ovanie:<\/strong> Zaviazali sme sa k neust\u00e1lemu zlep\u0161ovaniu a sledovaniu najnov\u0161\u00edch poznatkov v odvetv\u00ed. To n\u00e1m umo\u017e\u0148uje pon\u00faka\u0165 inovat\u00edvne rie\u0161enia a udr\u017eiava\u0165 si poz\u00edciu d\u00f4veryhodn\u00e9ho dod\u00e1vate\u013ea dielov a kompletn\u00fdch strojov pre stavebn\u00e9 stroje.<\/li>\n<\/ol>\n<p><img decoding=\"async\" src=\"https:\/\/fmp-components.com\/wp-content\/uploads\/2024\/12\/Adjustable-Clevis-Type-Cylinders-6.webp\" alt=\"Nastavite\u013en\u00fd valec typu Clevis\" width=\"849\" title=\"\"><\/p>\n<h4>\u010casto kladen\u00e9 ot\u00e1zky<\/h4>\n<p><b>Ot\u00e1zka: Ste obchodn\u00e1 spolo\u010dnos\u0165 alebo v\u00fdrobca?<\/b><br \/>\nA: Sme tov\u00e1re\u0148, ktor\u00e1 vyr\u00e1ba a vyv\u00e1\u017ea hydraulick\u00e9 valce.<\/p>\n<p><b>Ot\u00e1zka: Ak\u00e1 je dodacia lehota pre dvoj\u010dinn\u00fd valec s piestom?<\/b><br \/>\nA: Dodacia lehota je zvy\u010dajne 25-35 dn\u00ed.<\/p>\n<p><b>Ot\u00e1zka: Poskytujete vzorky? Ak \u00e1no, je to zadarmo alebo spoplatnen\u00e9?<\/b><br \/>\nA: \u00c1no, poskytujeme vzorky. Nie s\u00fa v\u0161ak bezplatn\u00e9.<\/p>\n<p><img decoding=\"async\" src=\"https:\/\/img.jiansujichilun.com\/img\/hydrauliccylinders\/C_hydrauliccylinders-4.webp\" alt=\"hydraulick\u00fd valec\" width=\"800\" title=\"\"><\/p>\n<p>Autor\uff1a CX<\/p>","protected":false},"excerpt":{"rendered":"<p>Italy Supplier Piston Double Acting Hydraulic Ram Cylinder For Trailer is a top-notch product that is designed to provide exceptional performance and reliability. This cylinder is manufactured by a reputable supplier in Italy, known for their expertise in hydraulic systems. Featuring a piston design, this hydraulic ram cylinder ensures efficient operation in both directions. It [&hellip;]<\/p>","protected":false},"featured_media":1338,"comment_status":"closed","ping_status":"closed","template":"","meta":{"_et_pb_use_builder":"","_et_pb_old_content":"","_et_gb_content_width":""},"product_brand":[],"product_cat":[39],"product_tag":[41,34],"class_list":{"0":"post-1387","1":"product","2":"type-product","3":"status-publish","4":"has-post-thumbnail","6":"product_cat-adjustable-clevis-type-cylinders","7":"product_tag-adjustable-clevis-type-cylinders","8":"product_tag-hydraulic-cylinder","10":"first","11":"instock","12":"product-type-simple"},"_links":{"self":[{"href":"https:\/\/fmp-components.com\/sk\/wp-json\/wp\/v2\/product\/1387","targetHints":{"allow":["GET"]}}],"collection":[{"href":"https:\/\/fmp-components.com\/sk\/wp-json\/wp\/v2\/product"}],"about":[{"href":"https:\/\/fmp-components.com\/sk\/wp-json\/wp\/v2\/types\/product"}],"replies":[{"embeddable":true,"href":"https:\/\/fmp-components.com\/sk\/wp-json\/wp\/v2\/comments?post=1387"}],"wp:featuredmedia":[{"embeddable":true,"href":"https:\/\/fmp-components.com\/sk\/wp-json\/wp\/v2\/media\/1338"}],"wp:attachment":[{"href":"https:\/\/fmp-components.com\/sk\/wp-json\/wp\/v2\/media?parent=1387"}],"wp:term":[{"taxonomy":"product_brand","embeddable":true,"href":"https:\/\/fmp-components.com\/sk\/wp-json\/wp\/v2\/product_brand?post=1387"},{"taxonomy":"product_cat","embeddable":true,"href":"https:\/\/fmp-components.com\/sk\/wp-json\/wp\/v2\/product_cat?post=1387"},{"taxonomy":"product_tag","embeddable":true,"href":"https:\/\/fmp-components.com\/sk\/wp-json\/wp\/v2\/product_tag?post=1387"}],"curies":[{"name":"pracovn\u00fd list","href":"https:\/\/api.w.org\/{rel}","templated":true}]}}