{"id":1383,"date":"2024-12-23T02:19:41","date_gmt":"2024-12-23T02:19:41","guid":{"rendered":"https:\/\/fmp-components.com\/product\/professional-craftsmanship-trailer-tractor-hydraulic-cylinder-for-agriculture\/"},"modified":"2024-12-23T02:35:17","modified_gmt":"2024-12-23T02:35:17","slug":"professional-craftsmanship-trailer-tractor-hydraulic-cylinder-for-agriculture","status":"publish","type":"product","link":"https:\/\/fmp-components.com\/sk\/product\/professional-craftsmanship-trailer-tractor-hydraulic-cylinder-for-agriculture\/","title":{"rendered":"Profesion\u00e1lny remeseln\u00fd hydraulick\u00fd valec pre po\u013enohospod\u00e1rstvo s pr\u00edvesom"},"content":{"rendered":"<h2>Predstavujeme profesion\u00e1lny hydraulick\u00fd valec pre po\u013enohospod\u00e1rstvo s pr\u00edvesom a traktorom:<\/h2>\n<p>Profesion\u00e1lny hydraulick\u00fd valec pre po\u013enohospod\u00e1rske traktory je vysoko kvalitn\u00fd hydraulick\u00fd valec \u0161peci\u00e1lne navrhnut\u00fd na pou\u017eitie v traktoroch v po\u013enohospod\u00e1rskom priemysle. Tento produkt je odborne vyroben\u00fd tak, aby poskytoval v\u00fdnimo\u010dn\u00fd v\u00fdkon a odolnos\u0165.<\/p>\n<h3>K\u013e\u00fa\u010dov\u00e9 vlastnosti:<\/h3>\n<p>1. Vynikaj\u00faca kvalita: Tento hydraulick\u00fd valec je vyroben\u00fd z najkvalitnej\u0161\u00edch materi\u00e1lov, aby sa zabezpe\u010dila jeho pevnos\u0165 a dlh\u00e1 \u017eivotnos\u0165. Je skon\u0161truovan\u00fd tak, aby odolal n\u00e1ro\u010dn\u00fdm podmienkam, s ktor\u00fdmi sa \u010dasto stret\u00e1vame v po\u013enohospod\u00e1rskych aplik\u00e1ci\u00e1ch.<\/p>\n<p>2. Optim\u00e1lny v\u00fdkon: Hydraulick\u00fd valec Professional Craftsmanship pre \u0165aha\u010de je navrhnut\u00fd tak, aby poskytoval optim\u00e1lny v\u00fdkon. Zais\u0165uje plynul\u00fd a presn\u00fd chod, \u010do umo\u017e\u0148uje efekt\u00edvny pohyb \u0165a\u017ek\u00fdch bremien.<\/p>\n<p><img loading=\"lazy\" decoding=\"async\" class=\"alignnone size-full wp-image-1334\" src=\"https:\/\/fmp-components.com\/wp-content\/uploads\/2024\/12\/Adjustable-Clevis-Type-Cylinders-4.webp\" alt=\"Nastavite\u013en\u00e9 valce s vidlicov\u00fdm z\u00e1vesom\" width=\"800\" height=\"800\" title=\"\" srcset=\"https:\/\/fmp-components.com\/wp-content\/uploads\/2024\/12\/Adjustable-Clevis-Type-Cylinders-4.webp 800w, https:\/\/fmp-components.com\/wp-content\/uploads\/2024\/12\/Adjustable-Clevis-Type-Cylinders-4-480x480.webp 480w\" sizes=\"(min-width: 0px) and (max-width: 480px) 480px, (min-width: 481px) 800px, 100vw\" \/><\/p>\n<p>3. Spo\u013eahliv\u00fd a bezpe\u010dn\u00fd: S d\u00f4razom na bezpe\u010dnos\u0165 je tento hydraulick\u00fd valec navrhnut\u00fd tak, aby predch\u00e1dzal \u00fanikom a zabezpe\u010doval spo\u013eahliv\u00fd v\u00fdkon. Je vybaven\u00fd robustn\u00fdmi tesneniami a armat\u00farami, ktor\u00e9 minimalizuj\u00fa riziko \u00faniku hydraulickej kvapaliny.<\/p>\n<p>4. Jednoduch\u00e1 in\u0161tal\u00e1cia: Valec je navrhnut\u00fd pre jednoduch\u00fa in\u0161tal\u00e1ciu, \u010do je pohodln\u00e9 pre majite\u013eov a prev\u00e1dzkovate\u013eov traktorov. Dod\u00e1va sa s jasn\u00fdmi pokynmi a v\u0161etk\u00fdm potrebn\u00fdm hardv\u00e9rom pre bezprobl\u00e9mov\u00e9 nastavenie.<\/p>\n<p>5. V\u0161estrann\u00e9 pou\u017eitie: Tento hydraulick\u00fd valec je vhodn\u00fd na r\u00f4zne po\u013enohospod\u00e1rske \u00falohy vr\u00e1tane zdv\u00edhania a sp\u00fa\u0161\u0165ania \u0165a\u017ek\u00fdch bremien, ovl\u00e1dania pr\u00edslu\u0161enstva a ovl\u00e1dania funkci\u00ed n\u00e1radia. Je to v\u0161estrann\u00fd n\u00e1stroj, ktor\u00fd zvy\u0161uje produktivitu na farme.<\/p>\n<p>Z\u00e1verom mo\u017eno poveda\u0165, \u017ee hydraulick\u00fd valec pre po\u013enohospod\u00e1rske traktory Professional Craftsmanship je \u0161pi\u010dkov\u00fd hydraulick\u00fd valec, ktor\u00fd pon\u00faka v\u00fdnimo\u010dn\u00fa kvalitu, v\u00fdkon a spo\u013eahlivos\u0165. Jeho robustn\u00e1 kon\u0161trukcia a u\u017e\u00edvate\u013esky pr\u00edvetiv\u00fd dizajn z neho robia ide\u00e1lnu vo\u013ebu pre majite\u013eov traktorov v po\u013enohospod\u00e1rskom priemysle. Vysk\u00fa\u0161ajte v\u00fdhody tohto hydraulick\u00e9ho valca a pozdvihnite svoje po\u013enohospod\u00e1rske oper\u00e1cie na nov\u00fa \u00farove\u0148.<\/p>\n<p>Za\u017eite stelesnenie profesion\u00e1lneho remeseln\u00e9ho spracovania s na\u0161\u00edm hydraulick\u00fdm valcom pre \u0165aha\u010de pr\u00edvesov, ktor\u00fd je dokonale navrhnut\u00fd pre po\u013enohospod\u00e1rske aplik\u00e1cie. Tento \u00faplne nov\u00fd produkt sa dod\u00e1va s ro\u010dnou z\u00e1rukou a mo\u017eno ho pou\u017ei\u0165 v r\u00f4znych odvetviach, ako s\u00fa opravovne strojov, farmy, energetika a ban\u00edctvo, v\u00fdroba strojov a stroj\u00e1rne. Produkt s hmotnos\u0165ou 30 kg je kon\u0161truovan\u00fd ako \u0161tandardn\u00fd piestov\u00fd valec a je poh\u00e1\u0148an\u00fd hydraulicky. Je vyroben\u00fd z odoln\u00e9ho oce\u013eov\u00e9ho telesa, pon\u00faka maxim\u00e1lny tlak 3000 a dod\u00e1va sa v nastavite\u013enom vidlicovom type. Produkt je certifikovan\u00fd pod\u013ea normy ISO9001:2000 a je dod\u00e1van\u00fd v elegantnej \u010diernej farbe.<\/p>\n<h2>V\u00fdhody nastavite\u013en\u00fdch valcov s vidlicov\u00fdm uchyten\u00edm<\/h2>\n<p>Nastavite\u013en\u00e9 valce s vidlicov\u00fdm uchyten\u00edm, ako napr\u00edklad profesion\u00e1lny hydraulick\u00fd valec pre po\u013enohospod\u00e1rstvo s pr\u00edvesmi a traktormi, pon\u00fakaj\u00fa mno\u017estvo v\u00fdhod pre r\u00f4zne aplik\u00e1cie v priemysle. Tieto valce s\u00fa navrhnut\u00e9 s presnos\u0165ou a inov\u00e1ciou a poskytuj\u00fa v\u00fdnimo\u010dn\u00fd v\u00fdkon a v\u0161estrannos\u0165. V tomto \u010dl\u00e1nku presk\u00famame v\u00fdhody pou\u017eitia nastavite\u013en\u00fdch valcov s vidlicov\u00fdm uchyten\u00edm a ich v\u00fdznam v r\u00f4znych po\u013enohospod\u00e1rskych prostrediach.<\/p>\n<p>1. Zv\u00fd\u0161en\u00e1 flexibilita a prisp\u00f4sobivos\u0165<\/p>\n<p>Jednou z k\u013e\u00fa\u010dov\u00fdch v\u00fdhod nastavite\u013en\u00fdch valcov s vidlicov\u00fdm uz\u00e1verom je ich schopnos\u0165 prisp\u00f4sobi\u0165 sa r\u00f4znym prev\u00e1dzkov\u00fdm po\u017eiadavk\u00e1m. Tieto valce sa vyzna\u010duj\u00fa jedine\u010dn\u00fdm dizajnom, ktor\u00fd umo\u017e\u0148uje jednoduch\u00e9 nastavenie d\u013a\u017eky, \u010do pou\u017e\u00edvate\u013eom umo\u017e\u0148uje jemn\u00e9 doladenie zdvihu pod\u013ea \u0161pecifick\u00fdch potrieb. T\u00e1to flexibilita zais\u0165uje optim\u00e1lny v\u00fdkon a \u00fa\u010dinnos\u0165, preto\u017ee valec je mo\u017en\u00e9 prisp\u00f4sobi\u0165 r\u00f4znym aplik\u00e1ci\u00e1m v po\u013enohospod\u00e1rstve.<\/p>\n<p>2. Vynikaj\u00faca kontrola a presnos\u0165<\/p>\n<p>\u010eal\u0161ou pozoruhodnou v\u00fdhodou nastavite\u013en\u00fdch valcov s vidlicov\u00fdm z\u00e1vesom je ich v\u00fdnimo\u010dn\u00e1 kontrola a presnos\u0165. Tieto valce s\u00fa skon\u0161truovan\u00e9 s pou\u017eit\u00edm pokro\u010dilej hydraulickej technol\u00f3gie, ktor\u00e1 umo\u017e\u0148uje plynul\u00fd a presn\u00fd pohyb. V\u010faka tomu m\u00f4\u017eu oper\u00e1tori dosiahnu\u0165 presn\u00e9 polohovanie aj pri n\u00e1ro\u010dn\u00fdch po\u013enohospod\u00e1rskych \u00faloh\u00e1ch. T\u00e1to \u00farove\u0148 kontroly nielen zvy\u0161uje produktivitu, ale minimalizuje aj riziko po\u0161kodenia zariaden\u00ed alebo plod\u00edn.<\/p>\n<p>3. Zv\u00fd\u0161en\u00e1 odolnos\u0165 a spo\u013eahlivos\u0165<\/p>\n<p>Hydraulick\u00fd valec Professional Craftsmanship pre po\u013enohospod\u00e1rske traktory je zn\u00e1my svojou v\u00fdnimo\u010dnou odolnos\u0165ou a spo\u013eahlivos\u0165ou. Tieto nastavite\u013en\u00e9 valce s vidlicov\u00fdm z\u00e1vesom s\u00fa vyroben\u00e9 z vysoko kvalitn\u00fdch materi\u00e1lov a prech\u00e1dzaj\u00fa pr\u00edsnymi testami, aby sa zabezpe\u010dila dlh\u00e1 \u017eivotnos\u0165 a robustn\u00fd v\u00fdkon. Znes\u00fa n\u00e1ro\u010dn\u00e9 podmienky prostredia, vysok\u00e9 za\u0165a\u017eenie a \u010dast\u00e9 pou\u017e\u00edvanie bez toho, aby bola ohrozen\u00e1 ich funk\u010dnos\u0165. T\u00e1to odolnos\u0165 z nich rob\u00ed cenovo v\u00fdhodn\u00e9 rie\u0161enie pre po\u013enohospod\u00e1rske prev\u00e1dzky, preto\u017ee vy\u017eaduj\u00fa minim\u00e1lnu \u00fadr\u017ebu a maj\u00fa dlh\u00fa \u017eivotnos\u0165.<\/p>\n<p>4. Optim\u00e1lna efektivita a produktivita<\/p>\n<p>Zabudovan\u00edm nastavite\u013en\u00fdch valcov s vidlicov\u00fdm uchyten\u00edm do po\u013enohospod\u00e1rskych strojov m\u00f4\u017eu po\u013enohospod\u00e1ri a oper\u00e1tori v\u00fdrazne zlep\u0161i\u0165 efektivitu a produktivitu svojich oper\u00e1ci\u00ed. Tieto valce pon\u00fakaj\u00fa r\u00fdchle a plynul\u00e9 prev\u00e1dzkov\u00e9 cykly, \u010d\u00edm sa skracuj\u00fa prestoje a zvy\u0161uje sa celkov\u00fd v\u00fdkon. Presn\u00e9 ovl\u00e1danie a prisp\u00f4sobivos\u0165 t\u00fdchto valcov prispievaj\u00fa k r\u00fdchlej\u0161\u00edm a presnej\u0161\u00edm pohybom, \u010do umo\u017e\u0148uje v\u010dasn\u00e9 dokon\u010denie \u00faloh. T\u00e1to zv\u00fd\u0161en\u00e1 efektivita sa premieta do vy\u0161\u0161ej produktivity a zlep\u0161enej ziskovosti po\u013enohospod\u00e1rskych podnikov.<\/p>\n<p>5. V\u0161estrann\u00e9 aplik\u00e1cie<\/p>\n<p>Nastavite\u013en\u00e9 valce s vidlicov\u00fdm z\u00e1vesom sa daj\u00fa vyu\u017ei\u0165 v r\u00f4znych po\u013enohospod\u00e1rskych aplik\u00e1ci\u00e1ch. Od obr\u00e1bania p\u00f4dy a sadenia a\u017e po zber a manipul\u00e1ciu s materi\u00e1lom, tieto valce poskytuj\u00fa potrebn\u00fd v\u00fdkon a flexibilitu na vykon\u00e1vanie \u0161irokej \u0161k\u00e1ly \u00faloh. V\u010faka svojej kompatibilite s r\u00f4znymi po\u013enohospod\u00e1rskymi strojmi s\u00fa v\u0161estrannou vo\u013ebou pre po\u013enohospod\u00e1rov a prev\u00e1dzkovate\u013eov, \u010do umo\u017e\u0148uje bezprobl\u00e9mov\u00fa integr\u00e1ciu a optim\u00e1lny v\u00fdkon.<\/p>\n<p>Z\u00e1verom mo\u017eno poveda\u0165, \u017ee hydraulick\u00fd valec pre po\u013enohospod\u00e1rske traktory Professional Craftsmanship s nastavite\u013enou kon\u0161trukciou vidlicov\u00e9ho typu pon\u00faka pre po\u013enohospod\u00e1rske oper\u00e1cie mno\u017estvo v\u00fdhod. Jeho flexibilita, ovl\u00e1date\u013enos\u0165, odolnos\u0165, \u00fa\u010dinnos\u0165 a v\u0161estrannos\u0165 z neho robia cenn\u00fd prvok pri zvy\u0161ovan\u00ed produktivity a v\u00fdkonu. Za\u010dlenenie t\u00fdchto valcov do po\u013enohospod\u00e1rskych strojov m\u00f4\u017ee sp\u00f4sobi\u0165 revol\u00faciu v sp\u00f4sobe vykon\u00e1vania \u00faloh, \u010do v kone\u010dnom d\u00f4sledku vedie k lep\u0161\u00edm v\u00fdsledkom pre po\u013enohospod\u00e1rov a oper\u00e1torov.<\/p>\n<p><img decoding=\"async\" src=\"https:\/\/fmp-components.com\/wp-content\/uploads\/2024\/12\/Adjustable-Clevis-Type-Cylinders5.webp\" alt=\"Nastavite\u013en\u00fd valec typu Clevis\" width=\"800\" title=\"\"><\/p>\n<h2>Pou\u017eitie nastavite\u013en\u00fdch valcov s vidlicov\u00fdm uchyten\u00edm<\/h2>\n<p>Nastavite\u013en\u00e9 valce s vidlicov\u00fdm uchyten\u00edm s\u00fa v\u0161estrannou kon\u0161trukciou hydraulick\u00fdch valcov, ktor\u00e1 nach\u00e1dza \u0161irok\u00e9 uplatnenie v r\u00f4znych odvetviach. Tieto valce s\u00fa zn\u00e1me svoj\u00edm profesion\u00e1lnym spracovan\u00edm a v\u00fdnimo\u010dnou kvalitou, v\u010faka \u010domu s\u00fa ide\u00e1lnou vo\u013ebou pre n\u00e1ro\u010dn\u00e9 aplik\u00e1cie v po\u013enohospod\u00e1rstve, pr\u00edvesoch a traktoroch. V tomto \u010dl\u00e1nku podrobne presk\u00famame k\u013e\u00fa\u010dov\u00e9 vlastnosti a v\u00fdhody nastavite\u013en\u00fdch valcov s vidlicov\u00fdm uchyten\u00edm.<\/p>\n<p><strong>1. Vynikaj\u00faci v\u00fdkon:<\/strong> Nastavite\u013en\u00e9 valce s vidlicov\u00fdm z\u00e1vesom s\u00fa skon\u0161truovan\u00e9 tak, aby poskytovali vynikaj\u00faci v\u00fdkon v n\u00e1ro\u010dn\u00fdch po\u013enohospod\u00e1rskych aplik\u00e1ci\u00e1ch. V\u010faka svojej robustnej kon\u0161trukcii a presn\u00e9mu spracovaniu tieto valce odol\u00e1vaj\u00fa \u0165a\u017ek\u00fdm za\u0165a\u017eeniam a drsn\u00fdm prev\u00e1dzkov\u00fdm podmienkam. V\u010faka svojim vysokotlakov\u00fdm vlastnostiam a plynul\u00e9mu chodu s\u00fa vhodn\u00e9 pre \u0161irok\u00fa \u0161k\u00e1lu po\u013enohospod\u00e1rskych \u00faloh, ako je orba, obr\u00e1banie p\u00f4dy a zdv\u00edhanie \u0165a\u017ek\u00fdch zariaden\u00ed.<\/p>\n<p><strong>2. Zv\u00fd\u0161en\u00e1 v\u0161estrannos\u0165:<\/strong> Nastavite\u013en\u00e1 kon\u0161trukcia t\u00fdchto valcov s vidlicov\u00fdm uchyten\u00edm umo\u017e\u0148uje jednoduch\u00fa in\u0161tal\u00e1ciu a nastavenie, v\u010faka \u010domu s\u00fa ve\u013emi v\u0161estrann\u00e9 v r\u00f4znych nastaveniach po\u013enohospod\u00e1rskych strojov. Upevnenie vidlicov\u00fdm uchyten\u00edm poskytuje bezpe\u010dn\u00e9 pripojenie, ktor\u00e9 zais\u0165uje maxim\u00e1lnu stabilitu a spo\u013eahlivos\u0165 po\u010das prev\u00e1dzky. T\u00e1to v\u0161estrannos\u0165 umo\u017e\u0148uje po\u013enohospod\u00e1rom a v\u00fdrobcom zariaden\u00ed prisp\u00f4sobi\u0165 valce r\u00f4znym po\u013enohospod\u00e1rskym n\u00e1strojom, \u010d\u00edm sa zvy\u0161uje celkov\u00e1 produktivita a efekt\u00edvnos\u0165.<\/p>\n<p><strong>3. Presn\u00e9 ovl\u00e1danie:<\/strong> Nastavite\u013en\u00e9 valce s vidlicov\u00fdm uz\u00e1verom pon\u00fakaj\u00fa presn\u00e9 ovl\u00e1danie hydraulick\u00fdch syst\u00e9mov v pr\u00edvesoch a traktoroch. Ich pokro\u010dil\u00e1 kon\u0161trukcia umo\u017e\u0148uje presn\u00e9 nastavenie d\u013a\u017eky zdvihu, \u010do obsluhe umo\u017e\u0148uje jemn\u00e9 doladenie v\u00fdkonu strojov. T\u00e1to \u00farove\u0148 ovl\u00e1dania je k\u013e\u00fa\u010dov\u00e1 pre dosiahnutie optim\u00e1lnych v\u00fdsledkov v po\u013enohospod\u00e1rskych oper\u00e1ci\u00e1ch, zabezpe\u010denie presn\u00e9ho polohovania a konzistentn\u00e9ho v\u00fdkonu hydraulick\u00fdch syst\u00e9mov.<\/p>\n<p><strong>4. Trvanlivos\u0165 a spo\u013eahlivos\u0165:<\/strong> Profesion\u00e1lne remeseln\u00e9 spracovanie je zrejm\u00e9 z kon\u0161trukcie nastavite\u013en\u00fdch valcov s vidlicov\u00fdm z\u00e1vesom, \u010do zaru\u010duje ich dlhodob\u00fa odolnos\u0165 a spo\u013eahliv\u00fd v\u00fdkon. Tieto valce s\u00fa vyroben\u00e9 z vysoko kvalitn\u00fdch materi\u00e1lov a prech\u00e1dzaj\u00fa pr\u00edsnymi testami, aby sp\u013a\u0148ali priemyseln\u00e9 normy. Pri spr\u00e1vnej \u00fadr\u017ebe dok\u00e1\u017eu odol\u00e1va\u0165 n\u00e1ro\u010dn\u00fdm po\u013enohospod\u00e1rskym pr\u00e1cam po dlh\u0161iu dobu bez toho, aby to ohrozilo v\u00fdkon alebo bezpe\u010dnos\u0165.<\/p>\n<p><strong>5. Zv\u00fd\u0161en\u00e1 produktivita:<\/strong> Pou\u017e\u00edvanie nastavite\u013en\u00fdch vidlicov\u00fdch valcov v po\u013enohospod\u00e1rstve, pr\u00edvesoch a traktoroch prispieva k zv\u00fd\u0161eniu produktivity. Ich schopnos\u0165 zvl\u00e1da\u0165 \u0165a\u017ek\u00e9 bremen\u00e1, poskytova\u0165 presn\u00e9 ovl\u00e1danie a prisp\u00f4sobova\u0165 sa r\u00f4znym nastaveniam strojov zvy\u0161uje efektivitu po\u013enohospod\u00e1rskych oper\u00e1ci\u00ed. Vyu\u017e\u00edvan\u00edm t\u00fdchto valcov m\u00f4\u017eu po\u013enohospod\u00e1ri a v\u00fdrobcovia zariaden\u00ed zefekt\u00edvni\u0165 svoje procesy, skr\u00e1ti\u0165 prestoje a zlep\u0161i\u0165 celkov\u00fa produktivitu.<\/p>\n<p>Z\u00e1verom mo\u017eno poveda\u0165, \u017ee nastavite\u013en\u00e9 valce s vidlicov\u00fdm uchyten\u00edm s\u00fa vynikaj\u00facou vo\u013ebou pre aplik\u00e1cie v po\u013enohospod\u00e1rstve, pr\u00edvesoch a traktoroch. Ich profesion\u00e1lne spracovanie v kombin\u00e1cii s v\u0161estrann\u00fdm dizajnom a presn\u00fdm ovl\u00e1dan\u00edm z nich rob\u00ed spo\u013eahliv\u00e9 a efekt\u00edvne hydraulick\u00e9 rie\u0161enie. Zabudovan\u00edm nastavite\u013en\u00fdch valcov s vidlicov\u00fdm uchyten\u00edm do svojich strojov m\u00f4\u017eu po\u013enohospod\u00e1ri a v\u00fdrobcovia zariaden\u00ed profitova\u0165 z vynikaj\u00faceho v\u00fdkonu, zv\u00fd\u0161enej v\u0161estrannosti a zv\u00fd\u0161enej produktivity vo svojich prev\u00e1dzkach.<\/p>\n<p><img decoding=\"async\" src=\"https:\/\/fmp-components.com\/wp-content\/uploads\/2024\/12\/Application-of-Adjustable-Clevis-Type-Cylinders.webp\" alt=\"Nastavite\u013en\u00fd valec typu Clevis\" width=\"800\" title=\"\"><\/p>\n<h3>O FMP<\/h3>\n<p>V spolo\u010dnosti FMP sa \u0161pecializujeme na predaj a servis dielov a kompletn\u00fdch strojov pre stavebn\u00e9 stroje. N\u00e1\u0161 sortiment je \u0161irok\u00fd a zah\u0155\u0148a r\u00f4zne typy stavebn\u00fdch strojov, ako s\u00fa prevodovky pre po\u013enohospod\u00e1rske stroje, hydraulick\u00e9 valce, plan\u00e9tov\u00e9 prevodovky, priemyseln\u00e9 prevodovky, diely pre po\u013enohospod\u00e1rske stroje a rad \u0161pi\u010dkov\u00e9ho pr\u00edslu\u0161enstva, ktor\u00e9 k nim patr\u00ed. Jedn\u00fdm z na\u0161ich najob\u013e\u00fabenej\u0161\u00edch produktov je hydraulick\u00fd valec.<\/p>\n<p>Tu je p\u00e4\u0165 d\u00f4vodov, pre\u010do s\u00fa hydraulick\u00e9 valce FMP tou najlep\u0161ou vo\u013ebou pre va\u0161e stroje:<\/p>\n<p>1. Vysokokvalitn\u00e9 materi\u00e1ly: Na\u0161e hydraulick\u00e9 valce s\u00fa vyroben\u00e9 z vysokokvalitn\u00fdch materi\u00e1lov, \u010do zaru\u010duje ich odolnos\u0165 a spo\u013eahlivos\u0165.<\/p>\n<p>2. Prisp\u00f4sobite\u013en\u00fd dizajn: Pon\u00fakame nastavite\u013en\u00e9 valce s vidlicov\u00fdm uz\u00e1verom, ktor\u00e9 sa daj\u00fa \u013eahko prisp\u00f4sobi\u0165 va\u0161im \u0161pecifick\u00fdm potreb\u00e1m a po\u017eiadavk\u00e1m.<\/p>\n<p>3. Profesion\u00e1lny t\u00edm: N\u00e1\u0161 sk\u00fasen\u00fd a kvalifikovan\u00fd obchodn\u00fd t\u00edm m\u00e1 znalosti o odvetv\u00ed stavebn\u00fdch strojov a m\u00f4\u017ee poskytn\u00fa\u0165 profesion\u00e1lne konzult\u00e1cie o produktoch a inteligentn\u00e9 n\u00e1vrhy na n\u00e1kup.<\/p>\n<p>4. Pr\u00edsne \u0161tandardy kvality: Vytv\u00e1ran\u00edm dlhodob\u00fdch a stabiln\u00fdch kooperat\u00edvnych vz\u0165ahov s mnoh\u00fdmi kvalitn\u00fdmi dod\u00e1vate\u013emi doma aj v zahrani\u010d\u00ed zabezpe\u010dujeme, aby v\u0161etky dod\u00e1van\u00e9 diely sp\u013a\u0148ali pr\u00edsne \u0161tandardy kvality.<\/p>\n<p>5. Efekt\u00edvny logistick\u00fd distribu\u010dn\u00fd syst\u00e9m: M\u00e1me efekt\u00edvny logistick\u00fd distribu\u010dn\u00fd syst\u00e9m, ktor\u00fd zabezpe\u010duje, \u017ee z\u00e1kazn\u00edci dostan\u00fa po\u017eadovan\u00e9 diely v\u010das a presne.<\/p>\n<p>Na\u0161e hydraulick\u00e9 valce s\u00fa ide\u00e1lne pre r\u00f4zne aplik\u00e1cie vr\u00e1tane po\u013enohospod\u00e1rskych strojov, stavebn\u00fdch strojov a priemyseln\u00fdch strojov. S FMP sa m\u00f4\u017eete spo\u013eahn\u00fa\u0165, \u017ee z\u00edskavate produkty a slu\u017eby najvy\u0161\u0161ej kvality, podporen\u00e9 dlhoro\u010dn\u00fdmi sk\u00fasenos\u0165ami v odvetv\u00ed a profesion\u00e1lnym t\u00edmom. Presved\u010dte sa sami, pre\u010do je FMP tou spr\u00e1vnou vo\u013ebou pre diely pre stavebn\u00e9 stroje a kompletn\u00e9 strojov\u00e9 rie\u0161enia.<\/p>\n<p><img decoding=\"async\" src=\"https:\/\/fmp-components.com\/wp-content\/uploads\/2024\/12\/Adjustable-Clevis-Type-Cylinders-6.webp\" alt=\"Nastavite\u013en\u00fd valec typu Clevis\" width=\"845\" title=\"\"><\/p>\n<h3>\u010casto kladen\u00e9 ot\u00e1zky<\/h3>\n<p><b>Ot\u00e1zka: Ak\u00e1 je maxim\u00e1lna \u0165a\u017en\u00e1 kapacita hydraulick\u00e9ho valca \u0165aha\u010da pr\u00edvesu?<\/b><br \/>\nA: Hydraulick\u00fd valec \u0165aha\u010da s pr\u00edvesom pon\u00faka maxim\u00e1lnu \u0165ahov\u00fa kapacitu 3000.<\/p>\n<p><b>Ot\u00e1zka: Ktor\u00e9 odvetvia m\u00f4\u017eu ma\u0165 \u00fa\u017eitok z pou\u017e\u00edvania hydraulick\u00e9ho valca pre \u0165aha\u010de pr\u00edvesov?<\/b><br \/>\nA: Hydraulick\u00fd valec pre \u0165aha\u010de pr\u00edvesov sa m\u00f4\u017ee pou\u017e\u00edva\u0165 v r\u00f4znych odvetviach, ako s\u00fa opravovne strojov, farmy, energetika a ban\u00edctvo, v\u00fdroba strojov a stroj\u00e1rstvo.<\/p>\n<p><img decoding=\"async\" src=\"https:\/\/img.jiansujichilun.com\/img\/hydrauliccylinders\/C_hydrauliccylinders-5.webp\" alt=\"hydraulick\u00fd valec\" width=\"800\" title=\"\"><\/p>\n<p><b>Ot\u00e1zka: Dod\u00e1va sa hydraulick\u00fd valec \u0165aha\u010da s pr\u00edvesom so z\u00e1rukou?<\/b><br \/>\nA: \u00c1no, hydraulick\u00fd valec \u0165aha\u010da pr\u00edvesov sa dod\u00e1va s ro\u010dnou z\u00e1rukou.<\/p>\n<p>Autor\uff1a CX<\/p>","protected":false},"excerpt":{"rendered":"<p>Introducing the Professional Craftsmanship Trailer Tractor Hydraulic Cylinder For Agriculture: The Professional Craftsmanship Trailer Tractor Hydraulic Cylinder For Agriculture is a high-quality hydraulic cylinder specifically designed for use in trailer tractors in the agricultural industry. This product is expertly crafted to provide exceptional performance and durability. Key Features: 1. Superior Quality: This hydraulic cylinder is [&hellip;]<\/p>","protected":false},"featured_media":1336,"comment_status":"closed","ping_status":"closed","template":"","meta":{"_et_pb_use_builder":"","_et_pb_old_content":"","_et_gb_content_width":""},"product_brand":[],"product_cat":[39],"product_tag":[41,34],"class_list":{"0":"post-1383","1":"product","2":"type-product","3":"status-publish","4":"has-post-thumbnail","6":"product_cat-adjustable-clevis-type-cylinders","7":"product_tag-adjustable-clevis-type-cylinders","8":"product_tag-hydraulic-cylinder","10":"first","11":"instock","12":"product-type-simple"},"_links":{"self":[{"href":"https:\/\/fmp-components.com\/sk\/wp-json\/wp\/v2\/product\/1383","targetHints":{"allow":["GET"]}}],"collection":[{"href":"https:\/\/fmp-components.com\/sk\/wp-json\/wp\/v2\/product"}],"about":[{"href":"https:\/\/fmp-components.com\/sk\/wp-json\/wp\/v2\/types\/product"}],"replies":[{"embeddable":true,"href":"https:\/\/fmp-components.com\/sk\/wp-json\/wp\/v2\/comments?post=1383"}],"wp:featuredmedia":[{"embeddable":true,"href":"https:\/\/fmp-components.com\/sk\/wp-json\/wp\/v2\/media\/1336"}],"wp:attachment":[{"href":"https:\/\/fmp-components.com\/sk\/wp-json\/wp\/v2\/media?parent=1383"}],"wp:term":[{"taxonomy":"product_brand","embeddable":true,"href":"https:\/\/fmp-components.com\/sk\/wp-json\/wp\/v2\/product_brand?post=1383"},{"taxonomy":"product_cat","embeddable":true,"href":"https:\/\/fmp-components.com\/sk\/wp-json\/wp\/v2\/product_cat?post=1383"},{"taxonomy":"product_tag","embeddable":true,"href":"https:\/\/fmp-components.com\/sk\/wp-json\/wp\/v2\/product_tag?post=1383"}],"curies":[{"name":"pracovn\u00fd list","href":"https:\/\/api.w.org\/{rel}","templated":true}]}}