{"id":1381,"date":"2024-12-23T02:19:41","date_gmt":"2024-12-23T02:19:41","guid":{"rendered":"https:\/\/fmp-components.com\/product\/factory-direct-sale-piston-adjustable-hydraulic-cylinder-for-tractor\/"},"modified":"2024-12-23T02:35:52","modified_gmt":"2024-12-23T02:35:52","slug":"factory-direct-sale-piston-adjustable-hydraulic-cylinder-for-tractor","status":"publish","type":"product","link":"https:\/\/fmp-components.com\/sk\/product\/factory-direct-sale-piston-adjustable-hydraulic-cylinder-for-tractor\/","title":{"rendered":"Nastavite\u013en\u00fd hydraulick\u00fd valec s piestov\u00fdm priamym predajom pre traktor"},"content":{"rendered":"<p>Predstavujeme hydraulick\u00fd valec s nastavite\u013en\u00fdm piestom z priameho predaja pre traktor:<\/p>\n<p>Nastavite\u013en\u00fd hydraulick\u00fd valec s piestom pre traktor, ktor\u00fd je priamo z v\u00fdroby, je vysoko kvalitn\u00fd a v\u0161estrann\u00fd produkt navrhnut\u00fd tak, aby sp\u013a\u0148al hydraulick\u00e9 potreby traktorov. Tento hydraulick\u00fd valec je vyroben\u00fd z najkvalitnej\u0161\u00edch materi\u00e1lov a pokro\u010dil\u00fdch technol\u00f3gi\u00ed, \u010do zaru\u010duje jeho odolnos\u0165 a spo\u013eahlivos\u0165 v r\u00f4znych aplik\u00e1ci\u00e1ch.<\/p>\n<p>V\u010faka piestovej kon\u0161trukcii pon\u00faka tento hydraulick\u00fd valec vynikaj\u00faci v\u00fdkon a presn\u00e9 ovl\u00e1danie. Umo\u017e\u0148uje jednoduch\u00e9 nastavenie, \u010do pou\u017e\u00edvate\u013eom umo\u017e\u0148uje dosiahnu\u0165 po\u017eadovan\u00fd hydraulick\u00fd tlak pre r\u00f4zne \u00falohy. \u010ci u\u017e ide o zdv\u00edhanie \u0165a\u017ek\u00fdch bremien alebo zabezpe\u010denie stability po\u010das prev\u00e1dzky traktora, tento hydraulick\u00fd valec zais\u0165uje plynul\u00fd a efekt\u00edvny chod.<\/p>\n<p>Hydraulick\u00fd valec s piestov\u00fdm nastavite\u013en\u00fdm profilom pre traktor, ktor\u00fd je priamo pred\u00e1van\u00fd z v\u00fdroby, sa m\u00f4\u017ee pochv\u00e1li\u0165 vynikaj\u00facimi tesniacimi schopnos\u0165ami, minimalizuje riziko \u00faniku oleja a dlhodobo si udr\u017eiava optim\u00e1lny v\u00fdkon. Jeho robustn\u00e1 kon\u0161trukcia zais\u0165uje odolnos\u0165 vo\u010di opotrebovaniu, \u010do mu umo\u017e\u0148uje odol\u00e1va\u0165 n\u00e1ro\u010dn\u00fdm pracovn\u00fdm podmienkam v po\u013enohospod\u00e1rstve a stavebn\u00edctve.<\/p>\n<p><img loading=\"lazy\" decoding=\"async\" class=\"alignnone size-full wp-image-1334\" src=\"https:\/\/fmp-components.com\/wp-content\/uploads\/2024\/12\/Adjustable-Clevis-Type-Cylinders-4.webp\" alt=\"Nastavite\u013en\u00e9 valce s vidlicov\u00fdm z\u00e1vesom\" width=\"800\" height=\"800\" title=\"\" srcset=\"https:\/\/fmp-components.com\/wp-content\/uploads\/2024\/12\/Adjustable-Clevis-Type-Cylinders-4.webp 800w, https:\/\/fmp-components.com\/wp-content\/uploads\/2024\/12\/Adjustable-Clevis-Type-Cylinders-4-480x480.webp 480w\" sizes=\"(min-width: 0px) and (max-width: 480px) 480px, (min-width: 481px) 800px, 100vw\" \/><\/p>\n<p>Tento hydraulick\u00fd valec sa \u013eahko in\u0161taluje a je kompatibiln\u00fd so \u0161irokou \u0161k\u00e1lou modelov traktorov. Jeho kompaktn\u00fd dizajn umo\u017e\u0148uje bezprobl\u00e9mov\u00fa integr\u00e1ciu, maximalizuje vyu\u017eitie priestoru a zais\u0165uje bezprobl\u00e9mov\u00fa prev\u00e1dzku. Okrem toho sa dod\u00e1va s r\u00f4znymi mo\u017enos\u0165ami mont\u00e1\u017ee, \u010do poskytuje flexibilitu pre r\u00f4zne po\u017eiadavky na in\u0161tal\u00e1ciu.<\/p>\n<p>Stru\u010dne povedan\u00e9, hydraulick\u00fd valec s nastavite\u013en\u00fdm piestom pre traktor, ktor\u00fd je priamo z v\u00fdroby, je v\u00fdnimo\u010dn\u00fd produkt, ktor\u00fd kombinuje odolnos\u0165, presnos\u0165 a v\u0161estrannos\u0165. Jeho spo\u013eahliv\u00fd v\u00fdkon a jednoduch\u00e9 pou\u017e\u00edvanie z neho robia ide\u00e1lnu vo\u013ebu pre majite\u013eov a prev\u00e1dzkovate\u013eov traktorov, ktor\u00ed h\u013eadaj\u00fa vysoko kvalitn\u00e9 hydraulick\u00e9 rie\u0161enie.<\/p>\n<p>Predstavujeme n\u00e1\u0161 nov\u00fd, priamo z v\u00fdroby nastavite\u013en\u00fd hydraulick\u00fd valec s piestom pre traktory. Tento produkt je vhodn\u00fd pre r\u00f4zne odvetvia, ako s\u00fa opravovne strojov, farmy, energetika a ban\u00edctvo, v\u00fdroba strojov a stroj\u00e1rne. M\u00f4\u017ee sa pochv\u00e1li\u0165 \u0161tandardnou kon\u0161trukciou, hydraulick\u00fdm zdrojom energie, oce\u013eov\u00fdm telom, maxim\u00e1lnym tlakom 3000 a nastavite\u013en\u00fdm valcom s vidlicov\u00fdm z\u00e1vesom. Okrem toho poskytujeme vide\u00e1 z v\u00fdstupnej kontroly a spr\u00e1vy o testoch strojov a na produkt pon\u00fakame jednoro\u010dn\u00fa z\u00e1ruku.<\/p>\n<h2>Typy produktov, \u0161pecifik\u00e1cie, kvalita kon\u0161trukcie a aplik\u00e1cie<\/h2>\n<p>Na\u0161e hydraulick\u00e9 valce s piestov\u00fdm nastaven\u00edm s\u00fa dostupn\u00e9 v r\u00f4znych typoch, vr\u00e1tane valcov s \u0165aha\u010dom, zv\u00e1ran\u00fdch, teleskopick\u00fdch, jedno\u010dinn\u00fdch a dvoj\u010dinn\u00fdch. Tento \u0161irok\u00fd v\u00fdber zaru\u010duje, \u017ee z\u00e1kazn\u00edci si n\u00e1jdu produkt, ktor\u00fd najlep\u0161ie vyhovuje ich potreb\u00e1m.<\/p>\n<p>Podrobn\u00e9 \u0161pecifik\u00e1cie n\u00e1\u0161ho hydraulick\u00e9ho valca s nastavite\u013en\u00fdm piestom zah\u0155\u0148aj\u00fa priemer otvoru 2-6 palcov, priemer ty\u010de 1,125-4 palce, zdvih 4-100 palcov, ve\u013ekos\u0165 \u010dapu 0,5-2 palce a dod\u00e1va sa v elegantnej \u010diernej farbe. Valec m\u00e1 maxim\u00e1lny \u0165ah 20 ton a ve\u013ekosti portov zah\u0155\u0148aj\u00fa G\/SAE\/NPT\/M. Poskytujeme komplexn\u00e9 \u00fadaje o v\u00fdkone, aby sme zabezpe\u010dili, \u017ee z\u00e1kazn\u00edci s\u00fa dobre informovan\u00ed a m\u00f4\u017eu sa spr\u00e1vne rozhodn\u00fa\u0165.<\/p>\n<p>Kvalita je na\u0161ou najvy\u0161\u0161ou prioritou, a preto s\u00fa na\u0161e hydraulick\u00e9 valce vyroben\u00e9 z odolnej ocele. Pou\u017e\u00edvame tie\u017e \u0161peci\u00e1lne povrchov\u00e9 \u00fapravy a \u00fapravy na zv\u00fd\u0161enie \u017eivotnosti a v\u00fdkonu, \u010do zaru\u010duje spo\u013eahliv\u00fd produkt.<\/p>\n<p>Na\u0161e hydraulick\u00e9 valce s nastavite\u013en\u00fdm piestom maj\u00fa v\u0161estrann\u00e9 vyu\u017eitie, od priemyseln\u00fdch strojov, mobilnej hydrauliky a\u017e po po\u013enohospod\u00e1rske zariadenia a stavebn\u00e9 vozidl\u00e1. M\u00f4\u017eu by\u0165 tie\u017e prisp\u00f4soben\u00e9 \u0161pecifick\u00fdm po\u017eiadavk\u00e1m a pon\u00fakaj\u00fa rie\u0161enia prisp\u00f4soben\u00e9 jedine\u010dn\u00fdm potreb\u00e1m na\u0161ich z\u00e1kazn\u00edkov.<\/p>\n<h2>V\u00fdhody nastavite\u013en\u00fdch valcov s vidlicov\u00fdm uchyten\u00edm<\/h2>\n<p>Nastavite\u013en\u00e9 hydraulick\u00e9 valce s vidlicovou vidlicou, ako napr\u00edklad nastavite\u013en\u00fd piestov\u00fd hydraulick\u00fd valec pre traktory, ktor\u00fd sa pred\u00e1va priamo z v\u00fdroby, pon\u00fakaj\u00fa mno\u017estvo v\u00fdhod a s\u00fa \u0161iroko pou\u017e\u00edvan\u00e9 v r\u00f4znych odvetviach. V tomto \u010dl\u00e1nku podrobne presk\u00famame v\u00fdhody t\u00fdchto valcov.<\/p>\n<h3>1. Zv\u00fd\u0161en\u00e1 flexibilita a prisp\u00f4sobivos\u0165<\/h3>\n<p>Jednou z k\u013e\u00fa\u010dov\u00fdch v\u00fdhod nastavite\u013en\u00fdch vidlicov\u00fdch valcov je ich schopnos\u0165 poskytn\u00fa\u0165 zv\u00fd\u0161en\u00fa flexibilitu a prisp\u00f4sobivos\u0165 v r\u00f4znych aplik\u00e1ci\u00e1ch. Tieto valce pon\u00fakaj\u00fa nastavite\u013en\u00e9 vidlicov\u00e9 uchytenia, ktor\u00e9 umo\u017e\u0148uj\u00fa jednoduch\u00e9 pripevnenie a odpojenie, ako aj mo\u017enos\u0165 nastavenia mont\u00e1\u017enej polohy pod\u013ea \u0161pecifick\u00fdch po\u017eiadaviek. T\u00e1to flexibilita zais\u0165uje, \u017ee valec sa d\u00e1 \u013eahko integrova\u0165 do r\u00f4znych syst\u00e9mov, v\u010faka \u010domu je ve\u013emi v\u0161estrann\u00fd a prisp\u00f4sobiv\u00fd.<\/p>\n<h3>2. Presn\u00e9 polohovanie a ovl\u00e1danie<\/h3>\n<p>Nastavite\u013en\u00e9 valce s vidlicov\u00fdm uchyten\u00edm umo\u017e\u0148uj\u00fa presn\u00e9 polohovanie a ovl\u00e1danie. Tieto valce s\u00fa vybaven\u00e9 nastavite\u013en\u00fdmi piestami a vidlicov\u00fdmi uchyteniami, ktor\u00e9 umo\u017e\u0148uj\u00fa jemn\u00e9 doladenie d\u013a\u017eky zdvihu a mont\u00e1\u017enej polohy. T\u00e1to \u00farove\u0148 ovl\u00e1dania zais\u0165uje presn\u00e9 a spr\u00e1vne pohyby, v\u010faka \u010domu s\u00fa ide\u00e1lne pre aplik\u00e1cie, ktor\u00e9 vy\u017eaduj\u00fa presn\u00e9 polohovanie, ako je priemyseln\u00e1 automatiz\u00e1cia, robotika a manipul\u00e1cia s materi\u00e1lom.<\/p>\n<h3>3. Optim\u00e1lny v\u00fdkon a \u00fa\u010dinnos\u0165<\/h3>\n<p>Nastavite\u013en\u00e9 valce s vidlicov\u00fdm uz\u00e1verom s\u00fa navrhnut\u00e9 tak, aby poskytovali optim\u00e1lny v\u00fdkon a \u00fa\u010dinnos\u0165. Nastavite\u013en\u00e1 kon\u0161trukcia umo\u017e\u0148uje optimaliz\u00e1ciu d\u013a\u017eky zdvihu, \u010do pom\u00e1ha dosiahnu\u0165 po\u017eadovan\u00e9 po\u017eiadavky na silu a r\u00fdchlos\u0165 pre konkr\u00e9tne aplik\u00e1cie. Jemn\u00fdm doladen\u00edm d\u013a\u017eky zdvihu m\u00f4\u017eu tieto valce pracova\u0165 s maxim\u00e1lnou \u00fa\u010dinnos\u0165ou, \u010do vedie k \u00faspore energie a zlep\u0161eniu celkov\u00e9ho v\u00fdkonu.<\/p>\n<h3>4. Jednoduch\u00e1 \u00fadr\u017eba a servisovate\u013enos\u0165<\/h3>\n<p>\u010eal\u0161ou v\u00fdhodou nastavite\u013en\u00fdch vidlicov\u00fdch valcov je ich jednoduch\u00e1 \u00fadr\u017eba a servisovate\u013enos\u0165. Nastavite\u013en\u00e1 kon\u0161trukcia umo\u017e\u0148uje jednoduch\u00fd pr\u00edstup k r\u00f4znym komponentom, \u010d\u00edm sa zjednodu\u0161uj\u00fa a spr\u00edjem\u0148uj\u00fa \u00falohy kontroly, opravy a v\u00fdmeny. To zni\u017euje prestoje a n\u00e1klady na \u00fadr\u017ebu, \u010d\u00edm sa zabezpe\u010duje, \u017ee valce je mo\u017en\u00e9 r\u00fdchlo servisova\u0165 a op\u00e4\u0165 uvies\u0165 do prev\u00e1dzky, \u010d\u00edm sa minimalizuj\u00fa ak\u00e9ko\u013evek preru\u0161enia pracovn\u00e9ho postupu.<\/p>\n<h3>5. Odoln\u00fd a dlhotrvaj\u00faci<\/h3>\n<p>Nastavite\u013en\u00e9 valce s vidlicov\u00fdm uz\u00e1verom s\u00fa skon\u0161truovan\u00e9 tak, aby odolali n\u00e1ro\u010dn\u00fdm prev\u00e1dzkov\u00fdm podmienkam a poskytovali dlhotrvaj\u00faci v\u00fdkon. Tieto valce s\u00fa vyroben\u00e9 z vysoko kvalitn\u00fdch materi\u00e1lov a prech\u00e1dzaj\u00fa pr\u00edsnymi procesmi kontroly kvality, aby sa zabezpe\u010dila odolnos\u0165 a spo\u013eahlivos\u0165. Pri spr\u00e1vnej \u00fadr\u017ebe a starostlivosti tieto valce odol\u00e1vaj\u00fa \u0165a\u017ek\u00fdm za\u0165a\u017eeniam, drsn\u00e9mu prostrediu a \u010dast\u00e9mu pou\u017e\u00edvaniu, \u010d\u00edm pon\u00fakaj\u00fa dlh\u00fa \u017eivotnos\u0165.<\/p>\n<p>Stru\u010dne povedan\u00e9, nastavite\u013en\u00e9 hydraulick\u00e9 valce s vidlicov\u00fdm z\u00e1vitom, ako napr\u00edklad nastavite\u013en\u00fd hydraulick\u00fd valec s piestom pre traktory, ktor\u00fd sa pred\u00e1va priamo z v\u00fdroby, pon\u00fakaj\u00fa nieko\u013eko v\u00fdhod, v\u010faka ktor\u00fdm s\u00fa ve\u013emi \u017eiadan\u00e9 v r\u00f4znych odvetviach. V\u010faka svojej zv\u00fd\u0161enej flexibilite, presn\u00e9mu polohovaniu, optim\u00e1lnemu v\u00fdkonu, jednoduchej \u00fadr\u017ebe a odolnosti s\u00fa spo\u013eahlivou vo\u013ebou pre aplik\u00e1cie, ktor\u00e9 vy\u017eaduj\u00fa prisp\u00f4sobiv\u00e9 a efekt\u00edvne hydraulick\u00e9 syst\u00e9my.<\/p>\n<p><img decoding=\"async\" src=\"https:\/\/fmp-components.com\/wp-content\/uploads\/2024\/12\/Adjustable-Clevis-Type-Cylinders5.webp\" alt=\"Nastavite\u013en\u00fd valec typu Clevis\" width=\"800\" title=\"\"><\/p>\n<h2>Pou\u017eitie nastavite\u013en\u00fdch valcov s vidlicov\u00fdm uchyten\u00edm<\/h2>\n<p>Nastavite\u013en\u00e9 valce s vidlicov\u00fdm uchyten\u00edm s\u00fa v\u0161estrann\u00e9 hydraulick\u00e9 n\u00e1stroje, ktor\u00e9 nach\u00e1dzaj\u00fa \u0161irok\u00e9 uplatnenie v r\u00f4znych odvetviach. Tieto valce sa pou\u017e\u00edvaj\u00fa v strojoch, ktor\u00e9 vy\u017eaduj\u00fa presn\u00fd a kontrolovan\u00fd pohyb \u0165a\u017ek\u00fdch bremien. Tu s\u00fa niektor\u00e9 z pou\u017eit\u00ed t\u00fdchto valcov:<\/p>\n<h3>1. Stavebn\u00e9 stroje<\/h3>\n<p>Nastavite\u013en\u00e9 valce s vidlicov\u00fdm z\u00e1vesom sa be\u017ene pou\u017e\u00edvaj\u00fa v r\u00f4znych stavebn\u00fdch strojoch, ako s\u00fa bagre, buldoz\u00e9ry a naklada\u010de. S\u00fa z\u00e1kladnou s\u00fa\u010das\u0165ou t\u00fdchto strojov a pou\u017e\u00edvaj\u00fa sa na ovl\u00e1danie pohybu ramena, ly\u017eice a radlice zariadenia. Tieto valce s\u00fa navrhnut\u00e9 tak, aby zvl\u00e1dali \u0165a\u017ek\u00e9 bremen\u00e1 a odol\u00e1vali n\u00e1ro\u010dn\u00fdm podmienkam na stavenisk\u00e1ch.<\/p>\n<p>V stavebn\u00edctve s\u00fa hydraulick\u00e9 valce s nastavite\u013en\u00fdm piestom pre traktory, ktor\u00e9 s\u00fa priamo z v\u00fdroby a s\u00fa ve\u013emi \u017eiadan\u00e9 v\u010faka svojej odolnosti a spo\u013eahlivosti. Tieto valce s\u00fa vyroben\u00e9 z vysoko kvalitn\u00fdch materi\u00e1lov a pokro\u010dil\u00fdch technol\u00f3gi\u00ed, v\u010faka \u010domu s\u00fa ide\u00e1lnou vo\u013ebou pre stavebn\u00e9 stroje.<\/p>\n<h3>2. Po\u013enohospod\u00e1rske stroje<\/h3>\n<p>Po\u013enohospod\u00e1rske stroje, ako s\u00fa traktory, pluhy a kombajny, tie\u017e pou\u017e\u00edvaj\u00fa nastavite\u013en\u00e9 valce s vidlicov\u00fdm z\u00e1vesom. Tieto valce sa pou\u017e\u00edvaj\u00fa na ovl\u00e1danie pohybu no\u017eov, hrabl\u00ed a in\u00e9ho zariadenia pou\u017e\u00edvan\u00e9ho v po\u013enohospod\u00e1rstve. Po\u013enohospod\u00e1ri potrebuj\u00fa zariadenia, ktor\u00e9 s\u00fa spo\u013eahliv\u00e9 a zvl\u00e1dnu \u0165a\u017ek\u00e9 bremen\u00e1, a preto s\u00fa nastavite\u013en\u00e9 valce s vidlicov\u00fdm z\u00e1vesom perfektnou vo\u013ebou.<\/p>\n<p>Nastavite\u013en\u00fd hydraulick\u00fd valec s piestom pre traktor, ktor\u00fd je priamo predan\u00fd z v\u00fdroby, je \u0161peci\u00e1lne navrhnut\u00fd pre po\u013enohospod\u00e1rske stroje. Tieto valce s\u00fa vyroben\u00e9 tak, aby odolali n\u00e1ro\u010dn\u00fdm po\u013enohospod\u00e1rskym podmienkam a s\u00fa skon\u0161truovan\u00e9 tak, aby vydr\u017eali.<\/p>\n<h3>3. Priemyseln\u00e9 stroje<\/h3>\n<p>Vo v\u00fdrobnom priemysle sa nastavite\u013en\u00e9 valce s vidlicov\u00fdm uz\u00e1verom pou\u017e\u00edvaj\u00fa v r\u00f4znych strojoch, ako s\u00fa lisy, raznice a vstrekovacie stroje. Tieto valce sa pou\u017e\u00edvaj\u00fa na riadenie pohybu komponentov stroja a zabezpe\u010duj\u00fa presnos\u0165 a spr\u00e1vnos\u0165.<\/p>\n<p>Nastavite\u013en\u00fd hydraulick\u00fd valec s piestom pre traktory, ktor\u00fd je priamo pred\u00e1van\u00fd v tov\u00e1rni, sa v\u010faka svojmu vysok\u00e9mu v\u00fdkonu a spo\u013eahlivosti pou\u017e\u00edva aj vo v\u00fdrobnom priemysle. Tieto valce s\u00fa vyroben\u00e9 tak, aby sp\u013a\u0148ali n\u00e1ro\u010dn\u00e9 po\u017eiadavky priemyseln\u00fdch strojov.<\/p>\n<h3>4. \u0164a\u017eobn\u00e9 stroje<\/h3>\n<p>Nastavite\u013en\u00e9 valce s vidlicov\u00fdm z\u00e1vesom sa pou\u017e\u00edvaj\u00fa aj v bansk\u00fdch strojoch, ako s\u00fa v\u0155ta\u010dky, bagre a r\u00fdpadl\u00e1. Tieto valce sa pou\u017e\u00edvaj\u00fa na ovl\u00e1danie pohybu ramena, ly\u017eice a v\u00fdlo\u017en\u00edka stroja, v\u010faka \u010domu s\u00fa nevyhnutnou s\u00fa\u010das\u0165ou bansk\u00e9ho zariadenia.<\/p>\n<p>Nastavite\u013en\u00fd hydraulick\u00fd valec s piestom pre traktory, ktor\u00fd je priamo pred\u00e1van\u00fd v tov\u00e1rni, sa v\u010faka svojej odolnosti a spo\u013eahlivosti pou\u017e\u00edva aj v bansk\u00fdch strojoch. Tieto valce s\u00fa navrhnut\u00e9 tak, aby odolali n\u00e1ro\u010dn\u00fdm podmienkam \u0165a\u017eby a s\u00fa vyroben\u00e9 pre dlh\u00fa \u017eivotnos\u0165.<\/p>\n<p>Z\u00e1verom mo\u017eno poveda\u0165, \u017ee nastavite\u013en\u00e9 valce s vidlicov\u00fdm z\u00e1vitom nach\u00e1dzaj\u00fa \u0161irok\u00e9 uplatnenie v r\u00f4znych odvetviach. \u010ci u\u017e ide o stavebn\u00edctvo, po\u013enohospod\u00e1rstvo, v\u00fdrobu alebo ban\u00edctvo, tieto valce s\u00fa z\u00e1kladnou s\u00fa\u010das\u0165ou strojov, ktor\u00e9 vy\u017eaduj\u00fa presnos\u0165, ovl\u00e1danie a spo\u013eahlivos\u0165. Nastavite\u013en\u00fd hydraulick\u00fd valec s piestom pre traktor, ktor\u00fd je priamo z v\u00fdroby, je perfektnou vo\u013ebou pre ka\u017ed\u00e9ho, kto h\u013ead\u00e1 vysoko kvalitn\u00fd hydraulick\u00fd valec, ktor\u00fd vydr\u017e\u00ed po\u017eiadavky ak\u00e9hoko\u013evek odvetvia.<img decoding=\"async\" src=\"https:\/\/fmp-components.com\/wp-content\/uploads\/2024\/12\/Application-of-Adjustable-Clevis-Type-Cylinders.webp\" alt=\"Nastavite\u013en\u00fd valec typu Clevis\" width=\"800\" title=\"\"><\/p>\n<h3>O FMP<\/h3>\n<p>FMP je spolo\u010dnos\u0165, ktor\u00e1 sa \u0161pecializuje na v\u00fdrobu a predaj hydraulick\u00fdch valcov. V\u010faka dlhoro\u010dn\u00fdm sk\u00fasenostiam v odbore a profesion\u00e1lnemu t\u00edmu poskytujeme z\u00e1kazn\u00edkom vysoko kvalitn\u00e9 a spo\u013eahliv\u00e9 hydraulick\u00e9 valce pre stavebn\u00e9 stroje.<\/p>\n<p><img decoding=\"async\" src=\"https:\/\/fmp-components.com\/wp-content\/uploads\/2024\/12\/Adjustable-Clevis-Type-Cylinders-6.webp\" alt=\"Nastavite\u013en\u00fd valec typu Clevis\" width=\"843\" title=\"\"><\/p>\n<p>Tu je p\u00e4\u0165 d\u00f4vodov, pre\u010do by ste si mali vybra\u0165 na\u0161e hydraulick\u00e9 valce:<\/p>\n<ol>\n<li><strong>Rozmanit\u00fd sortiment produktov:<\/strong> Pon\u00fakame \u0161irok\u00fd sortiment hydraulick\u00fdch valcov, ktor\u00e9 uspokoja r\u00f4zne potreby v odvetv\u00ed stavebn\u00fdch strojov. N\u00e1\u0161 sortiment zah\u0155\u0148a nastavite\u013en\u00e9 valce s vidlicov\u00fdm uchyten\u00edm, zv\u00e1ran\u00e9 valce, valce s \u0165aha\u010dom a \u010fal\u0161ie.<\/li>\n<li><strong>Vynikaj\u00faca kvalita:<\/strong> Zabezpe\u010dujeme, aby v\u0161etky na\u0161e hydraulick\u00e9 valce sp\u013a\u0148ali pr\u00edsne normy kvality. Ka\u017ed\u00fd valec je vyroben\u00fd s presnos\u0165ou a d\u00f4razom na detail, \u010do zaru\u010duje vynikaj\u00faci v\u00fdkon a odolnos\u0165.<\/li>\n<li><strong>Spo\u013eahliv\u00fd v\u00fdkon:<\/strong> Na\u0161e hydraulick\u00e9 valce s\u00fa navrhnut\u00e9 tak, aby poskytovali konzistentn\u00fd a spo\u013eahliv\u00fd v\u00fdkon aj v n\u00e1ro\u010dn\u00fdch pracovn\u00fdch podmienkach. S\u00fa skon\u0161truovan\u00e9 tak, aby odolali vysok\u00fdm za\u0165a\u017eeniam a zabezpe\u010dili plynul\u00fd chod.<\/li>\n<li><strong>Odborn\u00fd obchodn\u00fd t\u00edm:<\/strong> N\u00e1\u0161 sk\u00fasen\u00fd obchodn\u00fd t\u00edm m\u00e1 rozsiahle znalosti v odvetv\u00ed stavebn\u00fdch strojov a rozumie potreb\u00e1m z\u00e1kazn\u00edkov. Vie poskytn\u00fa\u0165 profesion\u00e1lne poradenstvo oh\u013eadom produktov, odpoveda\u0165 na v\u0161etky va\u0161e ot\u00e1zky a pon\u00faknu\u0165 inteligentn\u00e9 n\u00e1vrhy na n\u00e1kup.<\/li>\n<li><strong>Efekt\u00edvna logistika:<\/strong> M\u00e1me zaveden\u00fd efekt\u00edvny logistick\u00fd distribu\u010dn\u00fd syst\u00e9m, aby sme zabezpe\u010dili, \u017ee dostanete po\u017eadovan\u00e9 hydraulick\u00e9 valce v\u010das a presne. Ch\u00e1peme d\u00f4le\u017eitos\u0165 minimaliz\u00e1cie prestojov a sna\u017e\u00edme sa zabezpe\u010di\u0165 r\u00fdchle dodanie.<\/li>\n<\/ol>\n<p>Vyberte si FMP, ak h\u013ead\u00e1te hydraulick\u00e9 valce najvy\u0161\u0161ej kvality, ktor\u00e9 splnia va\u0161e potreby v oblasti stavebn\u00fdch strojov. Kontaktujte n\u00e1s e\u0161te dnes, aby sme prediskutovali va\u0161e po\u017eiadavky a n\u00e1\u0161 t\u00edm v\u00e1m pomohol n\u00e1js\u0165 perfektn\u00e9 rie\u0161enie pre hydraulick\u00e9 valce.<\/p>\n<h3>\u010casto kladen\u00e9 ot\u00e1zky<\/h3>\n<p><b>Ot\u00e1zka: Ak\u00e9 typy hydraulick\u00fdch valcov pon\u00fakate?<\/b><br \/>\nA: Pon\u00fakame r\u00f4zne typy vr\u00e1tane valcov s \u0165aha\u010dovou ty\u010dou, zv\u00e1ran\u00fdch, teleskopick\u00fdch, jedno\u010dinn\u00fdch a dvoj\u010dinn\u00fdch.<\/p>\n<p><b>Ot\u00e1zka: Ak\u00e9 s\u00fa \u0161pecifik\u00e1cie hydraulick\u00e9ho valca s nastavite\u013en\u00fdm piestom?<\/b><br \/>\nA: Valec m\u00e1 v\u0155tanie 2-6 palcov, ve\u013ekos\u0165 ty\u010de 1,125-4 palce, zdvih 4-100 palcov, ve\u013ekos\u0165 \u010dapu 0,5-2 palce a dod\u00e1va sa v elegantnej \u010diernej farbe.<\/p>\n<p><b>Ot\u00e1zka: Je mo\u017en\u00e9 hydraulick\u00e9 valce prisp\u00f4sobi\u0165 \u0161pecifick\u00fdm po\u017eiadavk\u00e1m?<\/b><br \/>\nA: \u00c1no, na\u0161e hydraulick\u00e9 valce s nastavite\u013en\u00fdm piestom je mo\u017en\u00e9 prisp\u00f4sobi\u0165 tak, aby vyhovovali jedine\u010dn\u00fdm potreb\u00e1m na\u0161ich z\u00e1kazn\u00edkov.<\/p>\n<p>Autor\uff1a CX<\/p>","protected":false},"excerpt":{"rendered":"<p>Introducing Factory Direct Sale Piston Adjustable Hydraulic Cylinder for Tractor: The Factory Direct Sale Piston Adjustable Hydraulic Cylinder for Tractor is a high-quality and versatile product designed to meet the hydraulic needs of tractors. This hydraulic cylinder is manufactured using top-grade materials and advanced technology, ensuring its durability and reliability in various applications. With its [&hellip;]<\/p>","protected":false},"featured_media":1338,"comment_status":"closed","ping_status":"closed","template":"","meta":{"_et_pb_use_builder":"","_et_pb_old_content":"","_et_gb_content_width":""},"product_brand":[],"product_cat":[39],"product_tag":[41,34],"class_list":{"0":"post-1381","1":"product","2":"type-product","3":"status-publish","4":"has-post-thumbnail","6":"product_cat-adjustable-clevis-type-cylinders","7":"product_tag-adjustable-clevis-type-cylinders","8":"product_tag-hydraulic-cylinder","10":"first","11":"instock","12":"product-type-simple"},"_links":{"self":[{"href":"https:\/\/fmp-components.com\/sk\/wp-json\/wp\/v2\/product\/1381","targetHints":{"allow":["GET"]}}],"collection":[{"href":"https:\/\/fmp-components.com\/sk\/wp-json\/wp\/v2\/product"}],"about":[{"href":"https:\/\/fmp-components.com\/sk\/wp-json\/wp\/v2\/types\/product"}],"replies":[{"embeddable":true,"href":"https:\/\/fmp-components.com\/sk\/wp-json\/wp\/v2\/comments?post=1381"}],"wp:featuredmedia":[{"embeddable":true,"href":"https:\/\/fmp-components.com\/sk\/wp-json\/wp\/v2\/media\/1338"}],"wp:attachment":[{"href":"https:\/\/fmp-components.com\/sk\/wp-json\/wp\/v2\/media?parent=1381"}],"wp:term":[{"taxonomy":"product_brand","embeddable":true,"href":"https:\/\/fmp-components.com\/sk\/wp-json\/wp\/v2\/product_brand?post=1381"},{"taxonomy":"product_cat","embeddable":true,"href":"https:\/\/fmp-components.com\/sk\/wp-json\/wp\/v2\/product_cat?post=1381"},{"taxonomy":"product_tag","embeddable":true,"href":"https:\/\/fmp-components.com\/sk\/wp-json\/wp\/v2\/product_tag?post=1381"}],"curies":[{"name":"pracovn\u00fd list","href":"https:\/\/api.w.org\/{rel}","templated":true}]}}