{"id":1378,"date":"2024-12-23T02:19:41","date_gmt":"2024-12-23T02:19:41","guid":{"rendered":"https:\/\/fmp-components.com\/product\/excellent-quality-double-acting-cylinder-adjustable-hydraulic-cylinder-for-sale\/"},"modified":"2025-03-18T00:55:15","modified_gmt":"2025-03-18T00:55:15","slug":"excellent-quality-double-acting-cylinder-adjustable-hydraulic-cylinder-for-sale","status":"publish","type":"product","link":"https:\/\/fmp-components.com\/sk\/product\/excellent-quality-double-acting-cylinder-adjustable-hydraulic-cylinder-for-sale\/","title":{"rendered":"Vynikaj\u00faci kvalitn\u00fd dvoj\u010dinn\u00fd valec nastavite\u013en\u00fd hydraulick\u00fd valec na predaj"},"content":{"rendered":"<h2>Predstavujeme v\u00e1m n\u00e1\u0161 vysoko kvalitn\u00fd dvoj\u010dinn\u00fd nastavite\u013en\u00fd hydraulick\u00fd valec na predaj!<\/h2>\n<p>Tento \u0161pi\u010dkov\u00fd hydraulick\u00fd valec je skon\u0161truovan\u00fd tak, aby poskytoval vynikaj\u00faci v\u00fdkon a odolnos\u0165 v r\u00f4znych priemyseln\u00fdch aplik\u00e1ci\u00e1ch. V\u010faka dvoj\u010dinnej kon\u0161trukcii sa d\u00e1 s rovnakou \u013eahkos\u0165ou pou\u017ei\u0165 v tla\u010dn\u00fdch aj \u0165ahov\u00fdch aplik\u00e1ci\u00e1ch.<\/p>\n<p>\u010co v\u0161ak tento hydraulick\u00fd valec skuto\u010dne odli\u0161uje, je jeho nastavite\u013enos\u0165. V\u010faka \u0161irokej \u0161k\u00e1le dostupn\u00fdch nastavite\u013en\u00fdch zdvihov si m\u00f4\u017eete v\u00fdkon doladi\u0165 pod\u013ea svojich \u0161pecifick\u00fdch potrieb. V\u010faka tomu je neuverite\u013ene v\u0161estrannou a prisp\u00f4sobivou vo\u013ebou pre \u0161irok\u00fa \u0161k\u00e1lu aplik\u00e1ci\u00ed.<\/p>\n<p>Ale neverte n\u00e1m len na slovo. N\u00e1\u0161 hydraulick\u00fd valec bol d\u00f4kladne testovan\u00fd a preuk\u00e1zate\u013ene sp\u013a\u0148a najvy\u0161\u0161ie \u0161tandardy kvality a spo\u013eahlivosti. Navy\u0161e, n\u00e1\u0161 t\u00edm odborn\u00fdch technikov je v\u00e1m v\u017edy k dispoz\u00edcii, aby v\u00e1m poskytol odborn\u00e9 rady a usmernenia, ako z v\u00e1\u0161ho hydraulick\u00e9ho valca vy\u0165a\u017ei\u0165 maximum.<\/p>\n<p>Tak\u017ee ak h\u013ead\u00e1te vysokokvalitn\u00fd hydraulick\u00fd valec, ktor\u00fd v\u00e1s nesklame, neh\u013eadajte \u010falej ako n\u00e1\u0161 nastavite\u013en\u00fd hydraulick\u00fd valec vynikaj\u00facej kvality s dvoj\u010dinn\u00fdm valcom na predaj.<\/p>\n<p><img loading=\"lazy\" decoding=\"async\" class=\"alignnone size-full wp-image-1334\" src=\"https:\/\/fmp-components.com\/wp-content\/uploads\/2024\/12\/Adjustable-Clevis-Type-Cylinders-4.webp\" alt=\"Nastavite\u013en\u00e9 valce s vidlicov\u00fdm z\u00e1vesom\" width=\"800\" height=\"800\" title=\"\" srcset=\"https:\/\/fmp-components.com\/wp-content\/uploads\/2024\/12\/Adjustable-Clevis-Type-Cylinders-4.webp 800w, https:\/\/fmp-components.com\/wp-content\/uploads\/2024\/12\/Adjustable-Clevis-Type-Cylinders-4-480x480.webp 480w\" sizes=\"(min-width: 0px) and (max-width: 480px) 480px, (min-width: 481px) 800px, 100vw\" \/><\/p>\n<p>Predstavujeme v\u00e1m n\u00e1\u0161 \u0161pi\u010dkov\u00fd, dvoj\u010dinn\u00fd nastavite\u013en\u00fd hydraulick\u00fd valec, ktor\u00fd si m\u00f4\u017eete zak\u00fapi\u0165. Tento nov\u00fd produkt je ide\u00e1lny na pou\u017eitie v r\u00f4znych odvetviach, ako s\u00fa opravovne strojov, farmy, energetika, ban\u00edctvo, v\u00fdroba strojov a tov\u00e1rne. Tento hydraulick\u00fd valec s hmotnos\u0165ou 30 kg sa dod\u00e1va s ro\u010dnou z\u00e1rukou a pre\u0161iel v\u0161etk\u00fdmi v\u00fdstupn\u00fdmi in\u0161pek\u010dn\u00fdmi videami a spr\u00e1vami o testoch strojov. Ako nov\u00fd produkt pre rok 2023 obsahuje z\u00e1kladn\u00e9 komponenty, ako s\u00fa lo\u017eisk\u00e1 a hydraulick\u00fd valec. Kon\u0161trukcia je \u0161tandardn\u00fd piestov\u00fd valec s hydraulick\u00fdm zdrojom energie a odoln\u00fdm oce\u013eov\u00fdm telesom. Jeho maxim\u00e1lny \u0165ah je 3000 s maxim\u00e1lnym \u0165ahom 20 ton. Valec je nastavite\u013en\u00e9ho vidlicov\u00e9ho typu a je certifikovan\u00fd pod\u013ea normy ISO 9001:2000. Ve\u013ekosti otvoru a ty\u010de sa pohybuj\u00fa od 2 do 6 palcov a 1,125 do 4 palcov, zatia\u013e \u010do ve\u013ekos\u0165 zdvihu sa pohybuje od 4 do 100 palcov. M\u00e1 tie\u017e ve\u013ekos\u0165 \u010dapu 0,5 do 2 palcov.<\/p>\n<p>Tento nastavite\u013en\u00fd hydraulick\u00fd valec pon\u00faka r\u00f4zne mo\u017enosti, ktor\u00e9 vyhovuj\u00fa va\u0161im \u0161pecifick\u00fdm potreb\u00e1m. Ako dvoj\u010dinn\u00fd valec poskytuje silu v oboch smeroch, v\u010faka \u010domu je ide\u00e1lny pre aplik\u00e1cie, ktor\u00e9 vy\u017eaduj\u00fa kontrolovan\u00fd pohyb. \u0160pecifik\u00e1cie valca s\u00fa navrhnut\u00e9 tak, aby zabezpe\u010dili optim\u00e1lny v\u00fdkon. S priemerom otvoru 2-6 palcov dok\u00e1\u017ee zvl\u00e1dnu\u0165 r\u00f4zne tlakov\u00e9 za\u0165a\u017eenia. D\u013a\u017eka zdvihu sa pohybuje od 4 do 100 palcov, \u010do poskytuje flexibilitu v pohybe zdvihu. Okrem toho valec znesie maxim\u00e1lny tlak 3000 a maxim\u00e1lny \u0165ah 20 ton, \u010do dokazuje jeho vysok\u00fa nosnos\u0165. Hydraulick\u00fd valec je vyroben\u00fd z odolnej ocele, \u010do zaru\u010duje jeho dlh\u00fa \u017eivotnos\u0165. Kvalita materi\u00e1lov pou\u017eit\u00fdch pri jeho kon\u0161trukcii a \u0161peci\u00e1lne povrchov\u00e9 \u00fapravy, ktor\u00e9 s\u00fa na\u0148 nanesen\u00e9, zvy\u0161uj\u00fa jeho odolnos\u0165, v\u00fdkon a dlh\u00fa \u017eivotnos\u0165. Okrem toho je tento valec prisp\u00f4sobite\u013en\u00fd na pou\u017eitie v r\u00f4znych odvetviach, od priemyseln\u00fdch strojov a mobilnej hydrauliky a\u017e po po\u013enohospod\u00e1rske zariadenia a stavebn\u00e9 vozidl\u00e1. K dispoz\u00edcii s\u00fa aj mo\u017enosti prisp\u00f4sobenia, ktor\u00e9 poskytuj\u00fa rie\u0161enia na mieru zalo\u017een\u00e9 na \u0161pecifick\u00fdch po\u017eiadavk\u00e1ch. Poskytuje sa n\u00e1vod na in\u0161tal\u00e1ciu a \u00fadr\u017ebu, aby sa zabezpe\u010dil optim\u00e1lny v\u00fdkon a dlh\u00e1 \u017eivotnos\u0165 valca.<\/p>\n<p>Spolo\u010dnos\u0165 FMP Hydraulic Machinery, zalo\u017een\u00e1 v roku 2002, je popredn\u00fdm v\u00fdrobcom a export\u00e9rom hydraulick\u00fdch valcov v Taliansku. Sme hrd\u00ed na to, \u017ee poskytujeme produkty vysokej kvality a vynikaj\u00face slu\u017eby, v\u010faka ktor\u00fdm sme si z\u00edskali d\u00f4veryhodn\u00fa reput\u00e1ciu u klientov po celom svete. N\u00e1\u0161 nastavite\u013en\u00fd hydraulick\u00fd valec je jedn\u00fdm z na\u0161ich najkvalitnej\u0161\u00edch produktov navrhnut\u00fdch tak, aby sp\u013a\u0148ali \u0161pecifick\u00e9 potreby r\u00f4znych odvetv\u00ed. Nenechajte si ujs\u0165 t\u00fato pr\u00edle\u017eitos\u0165 vylep\u0161i\u0165 svoje stroje pomocou n\u00e1\u0161ho dvoj\u010dinn\u00e9ho nastavite\u013en\u00e9ho hydraulick\u00e9ho valca vynikaj\u00facej kvality. Garantujeme vynikaj\u00faci v\u00fdkon a odolnos\u0165, ktor\u00e9 v\u00fdrazne zlep\u0161ia va\u0161u prev\u00e1dzku.<\/p>\n<h2>V\u00fdhody nastavite\u013en\u00fdch valcov s vidlicov\u00fdm uchyten\u00edm<\/h2>\n<p>Nastavite\u013en\u00e9 valce s vidlicov\u00fdm z\u00e1vitom, ako napr\u00edklad vysoko kvalitn\u00e9 dvoj\u010dinn\u00e9 nastavite\u013en\u00e9 hydraulick\u00e9 valce na predaj, pon\u00fakaj\u00fa v r\u00f4znych aplik\u00e1ci\u00e1ch nieko\u013eko k\u013e\u00fa\u010dov\u00fdch v\u00fdhod. Tieto valce s\u00fa navrhnut\u00e9 s presnos\u0165ou a inov\u00e1ciou, \u010d\u00edm poskytuj\u00fa pou\u017e\u00edvate\u013eom vylep\u0161en\u00fd v\u00fdkon a v\u0161estrannos\u0165. V tomto \u010dl\u00e1nku podrobne presk\u00famame v\u00fdhody t\u00fdchto valcov.<\/p>\n<h3>1. Zv\u00fd\u0161en\u00e1 flexibilita<\/h3>\n<p>Nastavite\u013en\u00e9 valce s vidlicov\u00fdm uz\u00e1verom pon\u00fakaj\u00fa bezkonkuren\u010dn\u00fa flexibilitu a umo\u017e\u0148uj\u00fa pou\u017e\u00edvate\u013eom jednoducho nastavi\u0165 d\u013a\u017eku zdvihu a mont\u00e1\u017enu polohu pod\u013ea ich \u0161pecifick\u00fdch po\u017eiadaviek. T\u00e1to funkcia zais\u0165uje, \u017ee valec je mo\u017en\u00e9 presne prisp\u00f4sobi\u0165 \u0161irokej \u0161k\u00e1le aplik\u00e1ci\u00ed, \u010d\u00edm sa \u0161etr\u00ed \u010das a n\u00e1maha pri in\u0161tal\u00e1ci\u00e1ch a nastavovan\u00ed.<\/p>\n<h3>2. Optim\u00e1lny v\u00fdkon<\/h3>\n<p>Tieto valce s\u00fa vyroben\u00e9 s pou\u017eit\u00edm pokro\u010dilej hydraulickej technol\u00f3gie, \u010do vedie k v\u00fdnimo\u010dn\u00e9mu v\u00fdkonu. Nastavite\u013en\u00e1 kon\u0161trukcia s vidlicov\u00fdm uchyten\u00edm zais\u0165uje plynul\u00fd a presn\u00fd pohyb, minimalizuje trenie a opotrebenie. To n\u00e1sledne vedie k zlep\u0161eniu \u00fa\u010dinnosti, zn\u00ed\u017eeniu n\u00e1kladov na \u00fadr\u017ebu a pred\u013a\u017eeniu \u017eivotnosti.<\/p>\n<h3>3. Vynikaj\u00faca manipul\u00e1cia s n\u00e1kladom<\/h3>\n<p>V\u010faka svojej robustnej kon\u0161trukcii a vysoko kvalitn\u00fdm materi\u00e1lom dok\u00e1\u017eu nastavite\u013en\u00e9 valce s vidlicov\u00fdm z\u00e1vesom \u013eahko zvl\u00e1dnu\u0165 \u0165a\u017ek\u00e9 bremen\u00e1. Valce s\u00fa navrhnut\u00e9 tak, aby odolali vysok\u00e9mu tlaku a poskytovali spo\u013eahliv\u00fa oporu v n\u00e1ro\u010dn\u00fdch aplik\u00e1ci\u00e1ch. V\u010faka tomu s\u00fa ide\u00e1lne na pou\u017eitie v odvetviach, ako je stavebn\u00edctvo, ban\u00edctvo a v\u00fdroba.<\/p>\n<h3>4. Zv\u00fd\u0161en\u00e1 bezpe\u010dnos\u0165<\/h3>\n<p>Nastavite\u013en\u00e9 valce s vidlicov\u00fdm uz\u00e1verom s\u00fa vybaven\u00e9 bezpe\u010dnostn\u00fdmi prvkami, ktor\u00e9 zais\u0165uj\u00fa spo\u013eahliv\u00fa a bezpe\u010dn\u00fa prev\u00e1dzku. Tieto valce s\u00fa navrhnut\u00e9 tak, aby zabr\u00e1nili neo\u010dak\u00e1van\u00fdm pohybom alebo poruch\u00e1m, \u010d\u00edm sa minimalizuje riziko neh\u00f4d. Okrem toho ich nastavite\u013enos\u0165 umo\u017e\u0148uje presn\u00e9 ovl\u00e1danie a polohovanie, \u010do \u010falej zvy\u0161uje bezpe\u010dnos\u0165 v kritick\u00fdch oper\u00e1ci\u00e1ch.<\/p>\n<h3>5. V\u0161estrann\u00e9 mo\u017enosti mont\u00e1\u017ee<\/h3>\n<p>Nastavite\u013en\u00e1 povaha t\u00fdchto valcov umo\u017e\u0148uje v\u0161estrann\u00e9 mo\u017enosti mont\u00e1\u017ee. Daj\u00fa sa \u013eahko integrova\u0165 do r\u00f4znych syst\u00e9mov a strojov, \u010do pon\u00faka flexibilitu v dizajne a in\u0161tal\u00e1cii. T\u00e1to v\u0161estrannos\u0165 rob\u00ed nastavite\u013en\u00e9 valce s vidlicov\u00fdm uz\u00e1verom vhodn\u00fdmi pre \u0161irok\u00fa \u0161k\u00e1lu aplik\u00e1ci\u00ed vr\u00e1tane po\u013enohospod\u00e1rskych strojov, syst\u00e9mov manipul\u00e1cie s materi\u00e1lom a priemyselnej automatiz\u00e1cie.<\/p>\n<h3>6. Cenovo v\u00fdhodn\u00e9 rie\u0161enie<\/h3>\n<p>Invest\u00edcia do nastavite\u013en\u00fdch valcov s vidlicov\u00fdm uz\u00e1verom predstavuje z dlhodob\u00e9ho h\u013eadiska n\u00e1kladovo efekt\u00edvne rie\u0161enie. Ich vynikaj\u00faci v\u00fdkon, odolnos\u0165 a spo\u013eahlivos\u0165 ved\u00fa k zn\u00ed\u017eeniu prestojov a n\u00e1kladov na \u00fadr\u017ebu. Okrem toho, mo\u017enos\u0165 nastavenia d\u013a\u017eky zdvihu a mont\u00e1\u017enej polohy eliminuje potrebu n\u00e1kupu viacer\u00fdch valcov, \u010do \u010falej \u0161etr\u00ed n\u00e1klady.<\/p>\n<p>Stru\u010dne povedan\u00e9, nastavite\u013en\u00e9 valce s vidlicov\u00fdm uchyten\u00edm, rovnako ako kvalitn\u00e9 dvoj\u010dinn\u00e9 nastavite\u013en\u00e9 hydraulick\u00e9 valce na predaj, pon\u00fakaj\u00fa v\u00fdznamn\u00e9 v\u00fdhody z h\u013eadiska flexibility, v\u00fdkonu, manipul\u00e1cie s n\u00e1kladom, bezpe\u010dnosti, mo\u017enost\u00ed mont\u00e1\u017ee a n\u00e1kladovej efekt\u00edvnosti. Tieto valce s\u00fa spo\u013eahlivou a v\u0161estrannou vo\u013ebou pre r\u00f4zne odvetvia a aplik\u00e1cie. Pou\u017eit\u00edm nastavite\u013en\u00fdch valcov s vidlicov\u00fdm uchyten\u00edm m\u00f4\u017eu podniky zlep\u0161i\u0165 svoju prev\u00e1dzku a dosiahnu\u0165 optim\u00e1lne v\u00fdsledky.<\/p>\n<p><img decoding=\"async\" src=\"https:\/\/fmp-components.com\/wp-content\/uploads\/2024\/12\/Adjustable-Clevis-Type-Cylinders5.webp\" alt=\"Nastavite\u013en\u00fd valec typu Clevis\" width=\"800\" title=\"\"><\/p>\n<h2>Pou\u017eitie nastavite\u013en\u00fdch valcov s vidlicov\u00fdm uchyten\u00edm<\/h2>\n<p>Nastavite\u013en\u00e9 valce s vidlicov\u00fdm uchyten\u00edm s\u00fa typom hydraulick\u00e9ho valca, ktor\u00fd sa pou\u017e\u00edva v \u0161irokej \u0161k\u00e1le aplik\u00e1ci\u00ed. S\u00fa zn\u00e1me svojou vynikaj\u00facou kvalitou, dvoj\u010dinn\u00fdmi schopnos\u0165ami a nastavite\u013enos\u0165ou. V tomto \u010dl\u00e1nku presk\u00famame r\u00f4zne aplik\u00e1cie nastavite\u013en\u00fdch valcov s vidlicov\u00fdm uchyten\u00edm a ich pou\u017eitie v r\u00f4znych odvetviach.<\/p>\n<h3>1. Priemyseln\u00e9 stroje<\/h3>\n<p>Nastavite\u013en\u00e9 valce s vidlicov\u00fdm uchyten\u00edm sa \u0161iroko pou\u017e\u00edvaj\u00fa v priemyseln\u00fdch strojoch. Pou\u017e\u00edvaj\u00fa sa pri v\u00fdrobe r\u00f4znych typov strojov, ako s\u00fa lisy, no\u017enice a oh\u00fdba\u010dky. Tieto valce sa pou\u017e\u00edvaj\u00fa na zabezpe\u010denie potrebnej sily a v\u00fdkonu na ovl\u00e1danie t\u00fdchto strojov. Dvoj\u010dinn\u00fd mechanizmus t\u00fdchto valcov umo\u017e\u0148uje efekt\u00edvnu prev\u00e1dzku a r\u00fdchle cykly. Nastavite\u013en\u00e1 funkcia umo\u017e\u0148uje presn\u00e9 polohovanie, \u010do je nevyhnutn\u00e9 pri v\u00fdrobe vysokokvalitn\u00fdch v\u00fdrobkov.<\/p>\n<h3>2. Stavebn\u00fd priemysel<\/h3>\n<p>Stavebn\u00fd priemysel tie\u017e vyu\u017e\u00edva nastavite\u013en\u00e9 valce s vidlicov\u00fdm uchyten\u00edm. Pou\u017e\u00edvaj\u00fa sa v r\u00f4znych stavebn\u00fdch strojoch, ako s\u00fa bagre, \u017eeriavy a buldoz\u00e9ry. Tieto valce sa pou\u017e\u00edvaj\u00fa na zabezpe\u010denie potrebnej sily na pohyb \u0165a\u017ek\u00fdch bremien a zariaden\u00ed. Nastavite\u013enos\u0165 t\u00fdchto valcov umo\u017e\u0148uje presn\u00e9 polohovanie, \u010do je v stavebn\u00edctve, kde je presnos\u0165 k\u013e\u00fa\u010dov\u00e1, nevyhnutn\u00e9.<\/p>\n<h3>3. Po\u013enohospod\u00e1rske stroje<\/h3>\n<p>\u010eal\u0161\u00edm odvetv\u00edm, ktor\u00e9 vyu\u017e\u00edva nastavite\u013en\u00e9 valce s vidlicov\u00fdm uchyten\u00edm, je po\u013enohospod\u00e1rstvo. Tieto valce sa pou\u017e\u00edvaj\u00fa v r\u00f4znych po\u013enohospod\u00e1rskych strojoch, ako s\u00fa traktory, pluhy a kombajny. Pou\u017e\u00edvaj\u00fa sa na zabezpe\u010denie potrebnej sily a v\u00fdkonu na efekt\u00edvnu prev\u00e1dzku t\u00fdchto strojov. Funkcia nastavite\u013enosti t\u00fdchto valcov umo\u017e\u0148uje presn\u00e9 polohovanie, \u010do je nevyhnutn\u00e9 v po\u013enohospod\u00e1rstve, kde je presnos\u0165 k\u013e\u00fa\u010dov\u00e1.<\/p>\n<h3>4. Leteck\u00fd priemysel<\/h3>\n<p>Leteck\u00fd priemysel tie\u017e vyu\u017e\u00edva nastavite\u013en\u00e9 valce s vidlicov\u00fdm uchyten\u00edm. Pou\u017e\u00edvaj\u00fa sa v r\u00f4znych syst\u00e9moch lietadiel, ako s\u00fa podvozky, riadenie a riadiace syst\u00e9my. Tieto valce sa pou\u017e\u00edvaj\u00fa na zabezpe\u010denie potrebnej sily a v\u00fdkonu na efekt\u00edvne ovl\u00e1danie t\u00fdchto syst\u00e9mov. Funkcia nastavite\u013enosti t\u00fdchto valcov umo\u017e\u0148uje presn\u00e9 polohovanie, \u010do je v leteckom priemysle, kde je presnos\u0165 kritick\u00e1, nevyhnutn\u00e9.<\/p>\n<p>Z\u00e1verom mo\u017eno poveda\u0165, \u017ee nastavite\u013en\u00e9 valce s vidlicov\u00fdm uchyten\u00edm s\u00fa v\u0161estrann\u00e9 hydraulick\u00e9 valce, ktor\u00e9 sa pou\u017e\u00edvaj\u00fa v r\u00f4znych odvetviach. S\u00fa zn\u00e1me svojou vynikaj\u00facou kvalitou, dvoj\u010dinn\u00fdmi schopnos\u0165ami a nastavite\u013enos\u0165ou. Pou\u017e\u00edvaj\u00fa sa v priemyseln\u00fdch strojoch, stavebn\u00edctve, po\u013enohospod\u00e1rstve, leteckom priemysle a mnoh\u00fdch \u010fal\u0161\u00edch aplik\u00e1ci\u00e1ch. Funkcia nastavite\u013enosti t\u00fdchto valcov umo\u017e\u0148uje presn\u00e9 polohovanie, \u010do je nevyhnutn\u00e9 v odvetviach, kde je presnos\u0165 a prec\u00edznos\u0165 k\u013e\u00fa\u010dov\u00e1. Ak potrebujete kvalitn\u00fd dvoj\u010dinn\u00fd nastavite\u013en\u00fd hydraulick\u00fd valec, nastavite\u013en\u00e9 valce s vidlicov\u00fdm uchyten\u00edm s\u00fa skvelou vo\u013ebou.<img decoding=\"async\" src=\"https:\/\/fmp-components.com\/wp-content\/uploads\/2024\/12\/Application-of-Adjustable-Clevis-Type-Cylinders.webp\" alt=\"Nastavite\u013en\u00fd valec typu Clevis\" width=\"800\" title=\"\"><\/p>\n<h3>O FMP<\/h3>\n<p>FMP je spolo\u010dnos\u0165, ktor\u00e1 sa \u0161pecializuje na v\u00fdrobu a predaj hydraulick\u00fdch valcov. V\u010faka na\u0161im rozsiahlym sk\u00fasenostiam v tomto odvetv\u00ed a profesion\u00e1lnemu t\u00edmu sa venujeme poskytovaniu vysoko kvalitn\u00fdch a spo\u013eahliv\u00fdch hydraulick\u00fdch valcov na\u0161im z\u00e1kazn\u00edkom.<\/p>\n<p><img decoding=\"async\" src=\"https:\/\/fmp-components.com\/wp-content\/uploads\/2024\/12\/Adjustable-Clevis-Type-Cylinders-6.webp\" alt=\"Nastavite\u013en\u00fd valec typu Clevis\" width=\"840\" title=\"\"><\/p>\n<p>1. Vysokokvalitn\u00e9 produkty: V spolo\u010dnosti FMP sme hrd\u00ed na to, \u017ee pon\u00fakame \u0161pi\u010dkov\u00e9 hydraulick\u00e9 valce, ktor\u00e9 s\u00fa vyroben\u00e9 pre dlh\u00fa \u017eivotnos\u0165. Na\u0161e produkty prech\u00e1dzaj\u00fa pr\u00edsnymi opatreniami kontroly kvality, aby sa zabezpe\u010dila ich odolnos\u0165 a v\u00fdkon.<\/p>\n<p>2. \u0160irok\u00e1 \u0161k\u00e1la mo\u017enost\u00ed: Pon\u00fakame \u0161irok\u00fd sortiment hydraulick\u00fdch valcov, ktor\u00e9 sp\u013a\u0148aj\u00fa \u0161pecifick\u00e9 potreby na\u0161ich z\u00e1kazn\u00edkov. \u010ci u\u017e potrebujete nastavite\u013en\u00e9 valce s vidlicov\u00fdm uchyten\u00edm, valce s \u0165aha\u010dom alebo zv\u00e1ran\u00e9 valce, m\u00e1me pre v\u00e1s v\u0161etko.<\/p>\n<p>3. Pr\u00edsne \u0161tandardy kvality: Udr\u017eiavame dlhodob\u00e9 a stabiln\u00e9 partnerstv\u00e1 s renomovan\u00fdmi dod\u00e1vate\u013emi, aby sme zaru\u010dili, \u017ee v\u0161etky na\u0161e hydraulick\u00e9 valce sp\u013a\u0148aj\u00fa pr\u00edsne \u0161tandardy kvality. Ka\u017ed\u00fd produkt pred dodan\u00edm na\u0161im z\u00e1kazn\u00edkom prech\u00e1dza d\u00f4kladnou kontrolou.<\/p>\n<p>4. Odborn\u00fd obchodn\u00fd t\u00edm: N\u00e1\u0161 sk\u00fasen\u00fd a informovan\u00fd obchodn\u00fd t\u00edm je dobre obozn\u00e1men\u00fd s najnov\u0161\u00edmi trendmi a po\u017eiadavkami z\u00e1kazn\u00edkov v tomto odvetv\u00ed. Je v\u017edy pripraven\u00fd poskytn\u00fa\u0165 profesion\u00e1lne konzult\u00e1cie o produktoch a pon\u00faknu\u0165 inteligentn\u00e9 n\u00e1vrhy na n\u00e1kup, aby zabezpe\u010dil spokojnos\u0165 z\u00e1kazn\u00edkov.<\/p>\n<p>5. Efekt\u00edvny logistick\u00fd syst\u00e9m: Ch\u00e1peme d\u00f4le\u017eitos\u0165 v\u010dasn\u00e9ho dodania. V\u010faka n\u00e1\u0161mu efekt\u00edvnemu logistick\u00e9mu distribu\u010dn\u00e9mu syst\u00e9mu zabezpe\u010dujeme, aby na\u0161i z\u00e1kazn\u00edci dostali po\u017eadovan\u00e9 hydraulick\u00e9 valce r\u00fdchlo a presne.<\/p>\n<p>Vyberte si FMP pre va\u0161e potreby hydraulick\u00e9ho valca a za\u017eite kvalitu a spo\u013eahlivos\u0165, ktor\u00e1 n\u00e1s odli\u0161uje od konkurencie. Kontaktujte n\u00e1s e\u0161te dnes a za\u010dnite plodn\u00e9 partnerstvo.<\/p>\n<h2>\u010casto kladen\u00e9 ot\u00e1zky<\/h2>\n<p><strong>Ot\u00e1zka: Ak\u00e1 je dodacia lehota pre nastavite\u013en\u00fd hydraulick\u00fd valec?<\/strong><br \/>\nA: V\u0161eobecn\u00e1 dodacia lehota je 25-35 dn\u00ed.<\/p>\n<p><strong>Ot\u00e1zka: S\u00fa poskytnut\u00e9 vzorky hydraulick\u00e9ho valca?<\/strong><br \/>\nA: \u00c1no, pon\u00fakame vzorky, ale nie s\u00fa zadarmo.<\/p>\n<p><img decoding=\"async\" src=\"https:\/\/img.jiansujichilun.com\/img\/hydrauliccylinders\/C_hydrauliccylinders-3.webp\" alt=\"hydraulick\u00fd valec\" width=\"800\" title=\"\"><\/p>\n<p><strong>Ot\u00e1zka: M\u00f4\u017eem si prisp\u00f4sobi\u0165 hydraulick\u00fd valec pod\u013ea svojich potrieb?<\/strong><br \/>\nA: \u00c1no, poskytujeme mo\u017enosti prisp\u00f4sobenia na z\u00e1klade va\u0161ich \u0161pecifick\u00fdch po\u017eiadaviek.<\/p>\n<p>Autor\uff1a CX<\/p>","protected":false},"excerpt":{"rendered":"<p>Introducing our Excellent Quality Double Acting Cylinder Adjustable Hydraulic Cylinder For Sale! This top-of-the-line hydraulic cylinder is built to provide superior performance and durability in a range of industrial applications. Thanks to its double acting design, it can be used in both push and pull applications with equal ease. But what really sets this hydraulic [&hellip;]<\/p>","protected":false},"featured_media":1338,"comment_status":"closed","ping_status":"closed","template":"","meta":{"_et_pb_use_builder":"","_et_pb_old_content":"","_et_gb_content_width":""},"product_brand":[],"product_cat":[39],"product_tag":[41,34],"class_list":{"0":"post-1378","1":"product","2":"type-product","3":"status-publish","4":"has-post-thumbnail","6":"product_cat-adjustable-clevis-type-cylinders","7":"product_tag-adjustable-clevis-type-cylinders","8":"product_tag-hydraulic-cylinder","10":"first","11":"instock","12":"product-type-simple"},"_links":{"self":[{"href":"https:\/\/fmp-components.com\/sk\/wp-json\/wp\/v2\/product\/1378","targetHints":{"allow":["GET"]}}],"collection":[{"href":"https:\/\/fmp-components.com\/sk\/wp-json\/wp\/v2\/product"}],"about":[{"href":"https:\/\/fmp-components.com\/sk\/wp-json\/wp\/v2\/types\/product"}],"replies":[{"embeddable":true,"href":"https:\/\/fmp-components.com\/sk\/wp-json\/wp\/v2\/comments?post=1378"}],"wp:featuredmedia":[{"embeddable":true,"href":"https:\/\/fmp-components.com\/sk\/wp-json\/wp\/v2\/media\/1338"}],"wp:attachment":[{"href":"https:\/\/fmp-components.com\/sk\/wp-json\/wp\/v2\/media?parent=1378"}],"wp:term":[{"taxonomy":"product_brand","embeddable":true,"href":"https:\/\/fmp-components.com\/sk\/wp-json\/wp\/v2\/product_brand?post=1378"},{"taxonomy":"product_cat","embeddable":true,"href":"https:\/\/fmp-components.com\/sk\/wp-json\/wp\/v2\/product_cat?post=1378"},{"taxonomy":"product_tag","embeddable":true,"href":"https:\/\/fmp-components.com\/sk\/wp-json\/wp\/v2\/product_tag?post=1378"}],"curies":[{"name":"pracovn\u00fd list","href":"https:\/\/api.w.org\/{rel}","templated":true}]}}