{"id":1377,"date":"2024-12-23T02:18:57","date_gmt":"2024-12-23T02:18:57","guid":{"rendered":"https:\/\/fmp-components.com\/product\/cost-effective-hydraulic-piston-cylinder-adjustable-hydraulic-cylinder-for-tractor\/"},"modified":"2025-03-18T00:56:01","modified_gmt":"2025-03-18T00:56:01","slug":"cost-effective-hydraulic-piston-cylinder-adjustable-hydraulic-cylinder-for-tractor","status":"publish","type":"product","link":"https:\/\/fmp-components.com\/sk\/product\/cost-effective-hydraulic-piston-cylinder-adjustable-hydraulic-cylinder-for-tractor\/","title":{"rendered":"N\u00e1kladovo efekt\u00edvny hydraulick\u00fd piestov\u00fd valec nastavite\u013en\u00fd hydraulick\u00fd valec pre traktor"},"content":{"rendered":"<h2>Predstavujeme cenovo v\u00fdhodn\u00fd nastavite\u013en\u00fd hydraulick\u00fd piestov\u00fd valec pre traktor<\/h2>\n<p>Cenovo v\u00fdhodn\u00fd hydraulick\u00fd piestov\u00fd valec s nastavite\u013en\u00fdm hydraulick\u00fdm valcom pre traktor je \u0161pi\u010dkov\u00fd produkt, ktor\u00fd poskytuje optim\u00e1lny v\u00fdkon a odolnos\u0165. Tento v\u00fdkonn\u00fd hydraulick\u00fd valec je navrhnut\u00fd tak, aby bezprobl\u00e9movo fungoval s traktormi a in\u00fdmi \u0165a\u017ek\u00fdmi zariadeniami a zabezpe\u010doval spo\u013eahliv\u00fa a efekt\u00edvnu prev\u00e1dzku aj v t\u00fdch naj\u0165a\u017e\u0161\u00edch podmienkach.<\/p>\n<p>Tento hydraulick\u00fd valec je vyroben\u00fd z vysoko kvalitn\u00fdch materi\u00e1lov a je navrhnut\u00fd tak, aby vydr\u017eal a dlho si udr\u017eiaval optim\u00e1lny v\u00fdkon. V\u010faka nastavite\u013enej kon\u0161trukcii sa d\u00e1 \u013eahko a presne nastavi\u0165 tak, aby vyhovoval \u0161pecifick\u00fdm potreb\u00e1m v\u00e1\u0161ho traktora, \u010d\u00edm sa zabezpe\u010d\u00ed maxim\u00e1lna \u00fa\u010dinnos\u0165 a produktivita.<\/p>\n<p>\u010ci u\u017e pracujete v po\u013enohospod\u00e1rstve, stavebn\u00edctve alebo akomko\u013evek inom odvetv\u00ed, ktor\u00e9 vy\u017eaduje spo\u013eahliv\u00e9 a efekt\u00edvne \u0165a\u017ek\u00e9 zariadenia, cenovo dostupn\u00fd hydraulick\u00fd piestov\u00fd valec s nastavite\u013en\u00fdm hydraulick\u00fdm valcom pre traktor je perfektnou vo\u013ebou. Tak pre\u010do \u010daka\u0165? Investujte do tohto v\u00fdkonn\u00e9ho hydraulick\u00e9ho valca e\u0161te dnes a za\u017eite rozdiel, ktor\u00fd m\u00f4\u017ee prinies\u0165 v\u00e1\u0161mu podnikaniu.<\/p>\n<p><img loading=\"lazy\" decoding=\"async\" class=\"alignnone size-full wp-image-1334\" src=\"https:\/\/fmp-components.com\/wp-content\/uploads\/2024\/12\/Adjustable-Clevis-Type-Cylinders-4.webp\" alt=\"Nastavite\u013en\u00e9 valce s vidlicov\u00fdm z\u00e1vesom\" width=\"800\" height=\"800\" title=\"\" srcset=\"https:\/\/fmp-components.com\/wp-content\/uploads\/2024\/12\/Adjustable-Clevis-Type-Cylinders-4.webp 800w, https:\/\/fmp-components.com\/wp-content\/uploads\/2024\/12\/Adjustable-Clevis-Type-Cylinders-4-480x480.webp 480w\" sizes=\"(min-width: 0px) and (max-width: 480px) 480px, (min-width: 481px) 800px, 100vw\" \/><\/p>\n<table style=\"width: 100%;\" border=\"1\" width=\"100%\" cellspacing=\"0\" cellpadding=\"0\">\n<tbody>\n<tr>\n<th>N\u00e1zov produktu<\/th>\n<td>Hydraulick\u00fd piestov\u00fd valec pre traktory<\/td>\n<\/tr>\n<tr>\n<th>N\u00e1kladov\u00e1 efekt\u00edvnos\u0165<\/th>\n<td>Vysoko n\u00e1kladovo efekt\u00edvne rie\u0161enie<\/td>\n<\/tr>\n<tr>\n<th>Pou\u017eite\u013en\u00e9 odvetvia<\/th>\n<td>Opravovne strojov, Farmy, Energia a ban\u00edctvo, V\u00fdroba strojov, Stroj\u00e1rne<\/td>\n<\/tr>\n<tr>\n<th>Z\u00e1ruka<\/th>\n<td>1 rok<\/td>\n<\/tr>\n<tr>\n<th>Hmotnos\u0165 (kg)<\/th>\n<td>30<\/td>\n<\/tr>\n<tr>\n<th>V\u00fdstupn\u00e1 videoin\u0161pekcia<\/th>\n<td>Poskytnut\u00e9<\/td>\n<\/tr>\n<tr>\n<th>Spr\u00e1va o sk\u00fa\u0161ke strojov<\/th>\n<td>Poskytnut\u00e9<\/td>\n<\/tr>\n<tr>\n<th>Z\u00e1kladn\u00e9 komponenty<\/th>\n<td>Lo\u017eisko, hydraulick\u00fd valec<\/td>\n<\/tr>\n<tr>\n<th>\u0160tandardn\u00e9 alebo ne\u0161tandardn\u00e9<\/th>\n<td>\u0160tandard<\/td>\n<\/tr>\n<tr>\n<th>V\u00fdkon<\/th>\n<td>Hydraulick\u00e9<\/td>\n<\/tr>\n<tr>\n<th>Materi\u00e1l tela<\/th>\n<td>Robustn\u00e1 oce\u013e<\/td>\n<\/tr>\n<tr>\n<th>Maxim\u00e1lny \u0165ah<\/th>\n<td>3000<\/td>\n<\/tr>\n<tr>\n<th>Typ<\/th>\n<td>Nastavite\u013en\u00fd valec typu Clevis<\/td>\n<\/tr>\n<tr>\n<th>Certifik\u00e1cia<\/th>\n<td>ISO 9001:2000<\/td>\n<\/tr>\n<tr>\n<th>Ve\u013ekos\u0165 otvoru<\/th>\n<td>2 \u2013 6 palcov<\/td>\n<\/tr>\n<tr>\n<th>Ve\u013ekos\u0165 ty\u010de<\/th>\n<td>1,125 \u2013 4 palce<\/td>\n<\/tr>\n<tr>\n<th>Ve\u013ekos\u0165 \u0165ahu<\/th>\n<td>4 \u2013 100 palcov<\/td>\n<\/tr>\n<tr>\n<th>Ve\u013ekos\u0165 \u010dapu<\/th>\n<td>0,5 \u2013 2 palce<\/td>\n<\/tr>\n<tr>\n<th>Farba<\/th>\n<td>\u010cierna<\/td>\n<\/tr>\n<tr>\n<th>Detaily balenia<\/th>\n<td>\u017delezn\u00e9 puzdro, preglejkov\u00e9 puzdro alebo kart\u00f3nov\u00e1 krabica<\/td>\n<\/tr>\n<tr>\n<th><\/th>\n<td><\/td>\n<\/tr>\n<\/tbody>\n<\/table>\n<h2>V\u00fdhody nastavite\u013en\u00fdch valcov s vidlicov\u00fdm uchyten\u00edm<\/h2>\n<p>Nastavite\u013en\u00e9 valce s vidlicov\u00fdm uchyten\u00edm pon\u00fakaj\u00fa mno\u017estvo v\u00fdhod a prednost\u00ed v r\u00f4znych aplik\u00e1ci\u00e1ch. Tieto hydraulick\u00e9 piestov\u00e9 valce s\u00fa navrhnut\u00e9 tak, aby boli n\u00e1kladovo efekt\u00edvne a poskytovali v\u00fdnimo\u010dn\u00fd v\u00fdkon v r\u00f4znych odvetviach, ako je po\u013enohospod\u00e1rstvo a stavebn\u00edctvo. V tomto \u010dl\u00e1nku sa ponor\u00edme do v\u00fdhod nastavite\u013en\u00fdch valcov s vidlicov\u00fdm uchyten\u00edm a presk\u00famame, pre\u010do s\u00fa ob\u013e\u00fabenou vo\u013ebou pre traktory a in\u00e9 \u0165a\u017ek\u00e9 stroje.<\/p>\n<p><strong>1. Zv\u00fd\u0161en\u00e1 flexibilita:<\/strong> Jednou z k\u013e\u00fa\u010dov\u00fdch v\u00fdhod nastavite\u013en\u00fdch valcov s vidlicov\u00fdm uchyten\u00edm je ich flexibilita. Tieto valce s\u00fa navrhnut\u00e9 s vidlicov\u00fdm uchyten\u00edm, ktor\u00e9 umo\u017e\u0148uje jednoduch\u00e9 nastavenie d\u013a\u017eky valca. T\u00e1to nastavite\u013enos\u0165 umo\u017e\u0148uje valcu prisp\u00f4sobi\u0165 sa r\u00f4znym pracovn\u00fdm podmienkam a po\u017eiadavk\u00e1m, v\u010faka \u010domu je ve\u013emi v\u0161estrann\u00fd pre r\u00f4zne aplik\u00e1cie. \u010ci u\u017e ide o pr\u00eddavn\u00e9 zariadenie traktora alebo priemyseln\u00fd stroj, nastavite\u013en\u00fd valec s vidlicov\u00fdm uchyten\u00edm je mo\u017en\u00e9 presne prisp\u00f4sobi\u0165, \u010d\u00edm sa zabezpe\u010d\u00ed optim\u00e1lny v\u00fdkon.<\/p>\n<p><strong>2. Zv\u00fd\u0161en\u00e1 \u00fa\u010dinnos\u0165:<\/strong> Nastavite\u013en\u00e9 valce s vidlicov\u00fdm uz\u00e1verom prispievaj\u00fa k zlep\u0161eniu prev\u00e1dzkovej efekt\u00edvnosti. V\u010faka mo\u017enosti nastavenia je mo\u017en\u00e9 tieto valce jemne doladi\u0165 tak, aby poskytovali maxim\u00e1lnu silu a presnos\u0165 pri \u0161pecifick\u00fdch \u00faloh\u00e1ch. Optimaliz\u00e1ciou d\u013a\u017eky zdvihu valca a prev\u00e1dzkov\u00e9ho tlaku m\u00f4\u017eu oper\u00e1tori dosiahnu\u0165 lep\u0161iu kontrolu nad strojmi, \u010do vedie k zv\u00fd\u0161enej produktivite a zn\u00ed\u017eenej spotrebe energie.<\/p>\n<p><strong>3. Trvanlivos\u0165 a spo\u013eahlivos\u0165:<\/strong> Nastavite\u013en\u00e9 valce s vidlicov\u00fdm uz\u00e1verom s\u00fa skon\u0161truovan\u00e9 tak, aby odolali vysok\u00fdm za\u0165a\u017eeniam a n\u00e1ro\u010dn\u00fdm pracovn\u00fdm podmienkam. S\u00fa vyroben\u00e9 z vysoko kvalitn\u00fdch materi\u00e1lov, ako je kalen\u00e1 oce\u013e, \u010do zaru\u010duje ich odolnos\u0165 a dlh\u00fa \u017eivotnos\u0165. Tieto valce dok\u00e1\u017eu odola\u0165 extr\u00e9mnym tlakom, teplotn\u00fdm v\u00fdkyvom a n\u00e1ro\u010dn\u00e9mu pou\u017e\u00edvaniu, v\u010faka \u010domu s\u00fa spo\u013eahliv\u00fdmi komponentmi pre n\u00e1ro\u010dn\u00e9 aplik\u00e1cie.<\/p>\n<p><strong>4. Jednoduch\u00e1 in\u0161tal\u00e1cia:<\/strong> \u010eal\u0161ou v\u00fdhodou nastavite\u013en\u00fdch valcov s vidlicov\u00fdm uchyten\u00edm je ich jednoduch\u00e1 in\u0161tal\u00e1cia. Tieto valce s\u00fa navrhnut\u00e9 pre jednoduch\u00fa mont\u00e1\u017e, pri\u010dom vidlicov\u00fd uchytenie pon\u00faka bezpe\u010dn\u00fd upev\u0148ovac\u00ed bod. Jednoduchos\u0165 in\u0161tal\u00e1cie zni\u017euje prestoje a umo\u017e\u0148uje r\u00fdchlu a bezprobl\u00e9mov\u00fa v\u00fdmenu alebo \u00fadr\u017ebu v pr\u00edpade potreby.<\/p>\n<p><strong>5. N\u00e1kladov\u00e1 efekt\u00edvnos\u0165:<\/strong> Nastavite\u013en\u00e9 valce s vidlicov\u00fdm uz\u00e1verom pon\u00fakaj\u00fa v porovnan\u00ed s in\u00fdmi mo\u017enos\u0165ami hydraulick\u00fdch valcov cenovo v\u00fdhodn\u00e9 rie\u0161enie. Ich nastavite\u013enos\u0165 eliminuje potrebu valcov vyroben\u00fdch na mieru pre \u0161pecifick\u00e9 aplik\u00e1cie, \u010d\u00edm sa zni\u017euj\u00fa celkov\u00e9 n\u00e1klady. Okrem toho ich odolnos\u0165 a spo\u013eahlivos\u0165 minimalizuj\u00fa potrebu \u010dast\u00fdch v\u00fdmen alebo opr\u00e1v, \u010do \u010falej zni\u017euje n\u00e1klady na \u00fadr\u017ebu.<\/p>\n<p>Celkovo poskytuj\u00fa nastavite\u013en\u00e9 valce s vidlicov\u00fdm z\u00e1vitom v\u00fdznamn\u00e9 v\u00fdhody, pokia\u013e ide o flexibilitu, \u00fa\u010dinnos\u0165, odolnos\u0165, jednoduch\u00fa in\u0161tal\u00e1ciu a n\u00e1kladov\u00fa efekt\u00edvnos\u0165. Ich mo\u017enos\u0165 nastavenia v kombin\u00e1cii s ich v\u00fdnimo\u010dn\u00fdm v\u00fdkonom z nich rob\u00ed ide\u00e1lnu vo\u013ebu pre traktory a in\u00e9 \u0165a\u017ek\u00e9 stroje. \u010ci u\u017e ide o prisp\u00f4sobenie sa r\u00f4znym pracovn\u00fdm podmienkam alebo dosiahnutie presn\u00e9ho ovl\u00e1dania, tieto valce poskytuj\u00fa spo\u013eahliv\u00fd a n\u00e1kladovo efekt\u00edvny hydraulick\u00fd v\u00fdkon.<\/p>\n<p><img decoding=\"async\" src=\"https:\/\/fmp-components.com\/wp-content\/uploads\/2024\/12\/Adjustable-Clevis-Type-Cylinders5.webp\" alt=\"Nastavite\u013en\u00fd valec typu Clevis\" width=\"800\" title=\"\"><\/p>\n<h2>Pou\u017eitie nastavite\u013en\u00fdch valcov s vidlicov\u00fdm uchyten\u00edm<\/h2>\n<p>Nastavite\u013en\u00e9 valce s vidlicov\u00fdm uchyten\u00edm, ako napr\u00edklad cenovo v\u00fdhodn\u00fd hydraulick\u00fd piestov\u00fd valec a nastavite\u013en\u00fd hydraulick\u00fd valec pre traktory, maj\u00fa r\u00f4zne uplatnenie v r\u00f4znych odvetviach. Tieto valce poskytuj\u00fa v\u0161estrann\u00e9 a spo\u013eahliv\u00e9 rie\u0161enia pre \u0161irok\u00fa \u0161k\u00e1lu mechanick\u00fdch syst\u00e9mov. V tomto \u010dl\u00e1nku podrobne presk\u00famame aplik\u00e1cie nastavite\u013en\u00fdch valcov s vidlicov\u00fdm uchyten\u00edm a ich v\u00fdhody.<\/p>\n<h3>1. Priemyseln\u00e1 automatiz\u00e1cia<\/h3>\n<p>Jednou z hlavn\u00fdch aplik\u00e1ci\u00ed nastavite\u013en\u00fdch valcov s vidlicov\u00fdm uchyten\u00edm je priemyseln\u00e1 automatiz\u00e1cia. Tieto valce zohr\u00e1vaj\u00fa k\u013e\u00fa\u010dov\u00fa \u00falohu v plynulej prev\u00e1dzke automatizovan\u00fdch strojov a zariaden\u00ed. V\u010faka svojej nastavite\u013enej kon\u0161trukcii s vidlicov\u00fdm uchyten\u00edm sa daj\u00fa \u013eahko integrova\u0165 do r\u00f4znych automatiza\u010dn\u00fdch syst\u00e9mov a zabezpe\u010duj\u00fa presn\u00fd a kontrolovan\u00fd line\u00e1rny pohyb. Cenovo v\u00fdhodn\u00fd hydraulick\u00fd piestov\u00fd valec a nastavite\u013en\u00fd hydraulick\u00fd valec pre traktory s\u00fa obzvl\u00e1\u0161\u0165 vhodn\u00e9 pre n\u00e1ro\u010dn\u00e9 aplik\u00e1cie, kde sa vy\u017eaduje vysok\u00e1 sila a odolnos\u0165.<\/p>\n<h3>2. Manipul\u00e1cia s materi\u00e1lom<\/h3>\n<p>Nastavite\u013en\u00e9 valce s vidlicov\u00fdm z\u00e1vesom sa \u0161iroko pou\u017e\u00edvaj\u00fa v syst\u00e9moch manipul\u00e1cie s materi\u00e1lom. Tieto valce dok\u00e1\u017eu \u013eahko zdv\u00edha\u0165 a premiest\u0148ova\u0165 \u0165a\u017ek\u00e9 bremen\u00e1. Nastavite\u013en\u00e1 funkcia umo\u017e\u0148uje presn\u00e9 polohovanie bremena, \u010d\u00edm sa zabezpe\u010duje efekt\u00edvna a bezpe\u010dn\u00e1 manipul\u00e1cia s materi\u00e1lom. Cenovo v\u00fdhodn\u00fd hydraulick\u00fd piestov\u00fd valec a nastavite\u013en\u00fd hydraulick\u00fd valec pre traktory sa be\u017ene pou\u017e\u00edvaj\u00fa vo vysokozdvi\u017en\u00fdch voz\u00edkoch, \u017eeriavoch a in\u00fdch zariadeniach na manipul\u00e1ciu s materi\u00e1lom.<\/p>\n<h3>3. Po\u013enohospod\u00e1rske stroje<\/h3>\n<p>Po\u013enohospod\u00e1rske stroje sa vo ve\u013ekej miere spoliehaj\u00fa na nastavite\u013en\u00e9 hydraulick\u00e9 valce s vidlicov\u00fdm z\u00e1vesom pre r\u00f4zne aplik\u00e1cie. Od orby a obr\u00e1bania p\u00f4dy a\u017e po zber a nakladanie, tieto valce poskytuj\u00fa potrebn\u00fd v\u00fdkon a ovl\u00e1danie pre efekt\u00edvne po\u013enohospod\u00e1rske oper\u00e1cie. Nastavite\u013en\u00fd hydraulick\u00fd valec pre traktory je navrhnut\u00fd najm\u00e4 tak, aby odolal n\u00e1ro\u010dn\u00fdm podmienkam po\u013enohospod\u00e1rskeho prostredia a z\u00e1rove\u0148 poskytoval optim\u00e1lny v\u00fdkon. Po\u013enohospod\u00e1ri a po\u013enohospod\u00e1rski odborn\u00edci m\u00f4\u017eu profitova\u0165 z cenovo v\u00fdhodn\u00e9ho rie\u0161enia, ktor\u00e9 tieto valce pon\u00fakaj\u00fa.<\/p>\n<h3>4. Stavebn\u00e9 zariadenia<\/h3>\n<p>Nastavite\u013en\u00e9 valce s vidlicov\u00fdm uchyten\u00edm nach\u00e1dzaj\u00fa \u0161irok\u00e9 uplatnenie v stavebn\u00fdch strojoch. Od r\u00fdpadiel a naklada\u010dov a\u017e po \u017eeriavy a buldoz\u00e9ry s\u00fa tieto valce nevyhnutn\u00e9 pre presn\u00fd pohyb a polohovanie \u0165a\u017ek\u00fdch strojov. Nastavite\u013enos\u0165 t\u00fdchto valcov umo\u017e\u0148uje flexibilitu v r\u00f4znych stavebn\u00fdch aplik\u00e1ci\u00e1ch a zabezpe\u010duje presn\u00fa a efekt\u00edvnu prev\u00e1dzku. Cenovo v\u00fdhodn\u00fd hydraulick\u00fd piestov\u00fd valec spolu s nastavite\u013en\u00fdm hydraulick\u00fdm valcom pre traktory poskytuje stavebn\u00fdm spolo\u010dnostiam cenovo v\u00fdhodn\u00e9 rie\u0161enia bez kompromisov v oblasti v\u00fdkonu a odolnosti.<\/p>\n<h3>5. V\u00fdrobn\u00e9 procesy<\/h3>\n<p>Vo v\u00fdrobn\u00fdch procesoch sa nastavite\u013en\u00e9 valce s vidlicov\u00fdm uchyten\u00edm pou\u017e\u00edvaj\u00fa na \u0161irok\u00fa \u0161k\u00e1lu \u00faloh. Tieto valce sa pou\u017e\u00edvaj\u00fa v mont\u00e1\u017enych link\u00e1ch, lisoch a in\u00fdch v\u00fdrobn\u00fdch zariadeniach na zabezpe\u010denie riaden\u00e9ho line\u00e1rneho pohybu. Nastavite\u013en\u00e1 funkcia t\u00fdchto valcov umo\u017e\u0148uje prisp\u00f4sobenie a adapt\u00e1ciu r\u00f4znym v\u00fdrobn\u00fdm po\u017eiadavk\u00e1m. Cenovo v\u00fdhodn\u00fd hydraulick\u00fd piestov\u00fd valec a nastavite\u013en\u00fd hydraulick\u00fd valec pre traktory pon\u00fakaj\u00fa spo\u013eahliv\u00fd a efekt\u00edvny v\u00fdkon v r\u00f4znych v\u00fdrobn\u00fdch prostrediach.<\/p>\n<p>Z\u00e1verom mo\u017eno poveda\u0165, \u017ee nastavite\u013en\u00e9 valce s vidlicov\u00fdm uchyten\u00edm, vr\u00e1tane cenovo v\u00fdhodn\u00e9ho hydraulick\u00e9ho piestov\u00e9ho valca a nastavite\u013en\u00e9ho hydraulick\u00e9ho valca pre traktory, maj\u00fa \u0161irok\u00e9 uplatnenie v r\u00f4znych odvetviach. V\u010faka svojej v\u0161estrannosti, nastavite\u013enosti a odolnosti s\u00fa nevyhnutn\u00e9 v priemyselnej automatiz\u00e1cii, manipul\u00e1cii s materi\u00e1lom, po\u013enohospod\u00e1rskych strojoch, stavebn\u00fdch zariadeniach a v\u00fdrobn\u00fdch procesoch. Tieto valce poskytuj\u00fa cenovo v\u00fdhodn\u00e9 rie\u0161enia bez kompromisov vo v\u00fdkone, v\u010faka \u010domu s\u00fa preferovanou vo\u013ebou pre mnoho podnikov.<\/p>\n<p><img decoding=\"async\" src=\"https:\/\/fmp-components.com\/wp-content\/uploads\/2024\/12\/Application-of-Adjustable-Clevis-Type-Cylinders.webp\" alt=\"Nastavite\u013en\u00fd valec typu Clevis\" width=\"800\" title=\"\"><\/p>\n<h3>O FMP \u2013 hydraulickom valci<\/h3>\n<p>FMP je popredn\u00e1 spolo\u010dnos\u0165, ktor\u00e1 sa \u0161pecializuje na v\u00fdrobu a predaj dielov a kompletn\u00fdch strojov pre stavebn\u00e9 stroje. V\u010faka dlhoro\u010dn\u00fdm sk\u00fasenostiam v odbore a profesion\u00e1lnemu t\u00edmu poskytujeme z\u00e1kazn\u00edkom vysoko kvalitn\u00e9 a spo\u013eahliv\u00e9 rie\u0161enia v oblasti stavebn\u00fdch strojov. V spolo\u010dnosti FMP pon\u00fakame \u0161irok\u00fd sortiment produktov vr\u00e1tane hydraulick\u00fdch valcov, prevodoviek pre po\u013enohospod\u00e1rske stroje, plan\u00e9tov\u00fdch prevodoviek, priemyseln\u00fdch prevodoviek, dielov pre po\u013enohospod\u00e1rske stroje a radu \u0161pi\u010dkov\u00e9ho pr\u00edslu\u0161enstva, ktor\u00e9 k nim zodpoved\u00e1.<\/p>\n<p>Tu je nieko\u013eko d\u00f4vodov, pre\u010do by ste si mali vybra\u0165 produkty hydraulick\u00fdch valcov, ktor\u00e9 pon\u00fakame:<\/p>\n<p>1. Vysok\u00e1 kvalita: Spolupracujeme s vysokokvalitn\u00fdmi dod\u00e1vate\u013emi na miestnej aj medzin\u00e1rodnej \u00farovni, aby sme zabezpe\u010dili, \u017ee dod\u00e1vame iba diely, ktor\u00e9 sp\u013a\u0148aj\u00fa pr\u00edsne normy kvality. Na\u0161e hydraulick\u00e9 valce s\u00fa odoln\u00e9, spo\u013eahliv\u00e9 a navrhnut\u00e9 tak, aby poskytovali optim\u00e1lny v\u00fdkon aj v najn\u00e1ro\u010dnej\u0161\u00edch podmienkach.<\/p>\n<p>2. Profesion\u00e1lny obchodn\u00fd t\u00edm: N\u00e1\u0161 obchodn\u00fd t\u00edm sa sklad\u00e1 zo sk\u00fasen\u00fdch a kvalifikovan\u00fdch odborn\u00edkov s hlbok\u00fdmi znalos\u0165ami odvetvia stavebn\u00fdch strojov. S\u00fa v\u017edy pripraven\u00ed poskytn\u00fa\u0165 z\u00e1kazn\u00edkom profesion\u00e1lne poradenstvo oh\u013eadom produktov a inteligentn\u00e9 n\u00e1vrhy na n\u00e1kup.<\/p>\n<p>3. Efekt\u00edvna logistick\u00e1 distrib\u00facia: M\u00e1me efekt\u00edvny logistick\u00fd distribu\u010dn\u00fd syst\u00e9m, ktor\u00fd zabezpe\u010duje, \u017ee z\u00e1kazn\u00edci dostan\u00fa po\u017eadovan\u00e9 diely v\u010das a presne. Po zadan\u00ed objedn\u00e1vky u n\u00e1s sa postar\u00e1me o to, aby v\u00e1m bola doru\u010den\u00e1 \u010do najr\u00fdchlej\u0161ie.<\/p>\n<p>4. Prisp\u00f4sobite\u013en\u00e9: Na\u0161e hydraulick\u00e9 valce s\u00fa vysoko prisp\u00f4sobite\u013en\u00e9 a vieme ich prisp\u00f4sobi\u0165 tak, aby sp\u013a\u0148ali \u0161pecifick\u00e9 potreby a po\u017eiadavky na\u0161ich z\u00e1kazn\u00edkov. Pon\u00fakame r\u00f4zne mo\u017enosti, ako s\u00fa nastavite\u013en\u00e9 valce s vidlicov\u00fdm uchyten\u00edm, valce s \u0165ahadlou, zv\u00e1ran\u00e9 valce a \u010fal\u0161ie.<\/p>\n<p>5. Konkuren\u010dn\u00e9 ceny: V spolo\u010dnosti FMP pon\u00fakame na\u0161e produkty za konkurencieschopn\u00e9 ceny. Ver\u00edme, \u017ee vysokokvalitn\u00e9 produkty by nemali by\u0165 premr\u0161ten\u00e9. Na\u0161\u00edm cie\u013eom je poskytn\u00fa\u0165 na\u0161im z\u00e1kazn\u00edkom najlep\u0161iu hodnotu za ich peniaze.<\/p>\n<p>Z\u00e1verom mo\u017eno poveda\u0165, \u017ee ak h\u013ead\u00e1te spo\u013eahliv\u00e9 a vysoko kvalitn\u00e9 hydraulick\u00e9 valce, FMP je tou najlep\u0161ou vo\u013ebou. Na\u0161e produkty s\u00fa odoln\u00e9, spo\u013eahliv\u00e9 a navrhnut\u00e9 tak, aby poskytovali optim\u00e1lny v\u00fdkon aj v t\u00fdch najn\u00e1ro\u010dnej\u0161\u00edch podmienkach. Kontaktujte n\u00e1s e\u0161te dnes a dozviete sa viac o na\u0161ich produktoch a slu\u017eb\u00e1ch.<\/p>\n<p><img decoding=\"async\" src=\"https:\/\/fmp-components.com\/wp-content\/uploads\/2024\/12\/Adjustable-Clevis-Type-Cylinders-6.webp\" alt=\"Nastavite\u013en\u00fd valec typu Clevis\" width=\"839\" title=\"\"><\/p>\n<h3>\u010casto kladen\u00e9 ot\u00e1zky<\/h3>\n<p><strong>Ot\u00e1zka: Ak\u00fd je maxim\u00e1lny tlak hydraulick\u00e9ho piestov\u00e9ho valca?<\/strong><br \/>\nA: Hydraulick\u00fd piestov\u00fd valec pon\u00faka maxim\u00e1lny tlak 3000.<\/p>\n<p><strong>Ot\u00e1zka: Pre ktor\u00e9 odvetvia je vhodn\u00fd hydraulick\u00fd piestov\u00fd valec?<\/strong><br \/>\nA: Hydraulick\u00fd piestov\u00fd valec je vhodn\u00fd pre r\u00f4zne odvetvia vr\u00e1tane opravovn\u00ed strojov, fariem, energetiky a ban\u00edctva, v\u00fdroby strojov a stroj\u00e1rskych z\u00e1vodov.<\/p>\n<p><strong>Ot\u00e1zka: Ak\u00e1 je z\u00e1ruka na hydraulick\u00fd piestov\u00fd valec?<\/strong><br \/>\nA: N\u00e1\u0161 hydraulick\u00fd piestov\u00fd valec sa dod\u00e1va s ro\u010dnou z\u00e1rukou, ktor\u00e1 v\u00e1m zaru\u010duje jeho kvalitu a odolnos\u0165.<\/p>\n<p><img decoding=\"async\" src=\"https:\/\/img.jiansujichilun.com\/img\/hydrauliccylinders\/T_hydrauliccylinders-5.webp\" alt=\"hydraulick\u00fd valec\" width=\"800\" title=\"\"><\/p>\n<p>Autor\uff1a CX<\/p>","protected":false},"excerpt":{"rendered":"<p>Introducing the Cost Effective Hydraulic Piston Cylinder Adjustable Hydraulic Cylinder For Tractor The Cost Effective Hydraulic Piston Cylinder Adjustable Hydraulic Cylinder For Tractor is a top-of-the-line product that delivers optimum performance and durability. This powerful hydraulic cylinder is designed to work seamlessly with tractors and other heavy-duty equipment, providing reliable and efficient operation even in [&hellip;]<\/p>","protected":false},"featured_media":1336,"comment_status":"closed","ping_status":"closed","template":"","meta":{"_et_pb_use_builder":"","_et_pb_old_content":"","_et_gb_content_width":""},"product_brand":[],"product_cat":[39],"product_tag":[41,34],"class_list":{"0":"post-1377","1":"product","2":"type-product","3":"status-publish","4":"has-post-thumbnail","6":"product_cat-adjustable-clevis-type-cylinders","7":"product_tag-adjustable-clevis-type-cylinders","8":"product_tag-hydraulic-cylinder","10":"first","11":"instock","12":"product-type-simple"},"_links":{"self":[{"href":"https:\/\/fmp-components.com\/sk\/wp-json\/wp\/v2\/product\/1377","targetHints":{"allow":["GET"]}}],"collection":[{"href":"https:\/\/fmp-components.com\/sk\/wp-json\/wp\/v2\/product"}],"about":[{"href":"https:\/\/fmp-components.com\/sk\/wp-json\/wp\/v2\/types\/product"}],"replies":[{"embeddable":true,"href":"https:\/\/fmp-components.com\/sk\/wp-json\/wp\/v2\/comments?post=1377"}],"wp:featuredmedia":[{"embeddable":true,"href":"https:\/\/fmp-components.com\/sk\/wp-json\/wp\/v2\/media\/1336"}],"wp:attachment":[{"href":"https:\/\/fmp-components.com\/sk\/wp-json\/wp\/v2\/media?parent=1377"}],"wp:term":[{"taxonomy":"product_brand","embeddable":true,"href":"https:\/\/fmp-components.com\/sk\/wp-json\/wp\/v2\/product_brand?post=1377"},{"taxonomy":"product_cat","embeddable":true,"href":"https:\/\/fmp-components.com\/sk\/wp-json\/wp\/v2\/product_cat?post=1377"},{"taxonomy":"product_tag","embeddable":true,"href":"https:\/\/fmp-components.com\/sk\/wp-json\/wp\/v2\/product_tag?post=1377"}],"curies":[{"name":"pracovn\u00fd list","href":"https:\/\/api.w.org\/{rel}","templated":true}]}}