{"id":1376,"date":"2024-12-23T02:18:57","date_gmt":"2024-12-23T02:18:57","guid":{"rendered":"https:\/\/fmp-components.com\/product\/effective-tractor-hydraulic-cylinder-double-acting-cylinder-adjustable-hydraulic-cylinder\/"},"modified":"2024-12-23T03:24:54","modified_gmt":"2024-12-23T03:24:54","slug":"effective-tractor-hydraulic-cylinder-double-acting-cylinder-adjustable-hydraulic-cylinder","status":"publish","type":"product","link":"https:\/\/fmp-components.com\/sk\/product\/effective-tractor-hydraulic-cylinder-double-acting-cylinder-adjustable-hydraulic-cylinder\/","title":{"rendered":"Efekt\u00edvny hydraulick\u00fd valec traktora Dvoj\u010dinn\u00fd valec Nastavite\u013en\u00fd hydraulick\u00fd valec"},"content":{"rendered":"<h2>Predstavujeme efekt\u00edvny hydraulick\u00fd valec traktora s dvoj\u010dinn\u00fdm valcom, nastavite\u013en\u00fd hydraulick\u00fd valec:<\/h2>\n<p>Efekt\u00edvny dvoj\u010dinn\u00fd hydraulick\u00fd valec pre traktory s nastavite\u013en\u00fdm v\u00fdkonom je v\u0161estrann\u00fd a vysoko v\u00fdkonn\u00fd hydraulick\u00fd valec \u0161peci\u00e1lne navrhnut\u00fd pre traktory. Tento inovat\u00edvny produkt je navrhnut\u00fd tak, aby poskytoval v\u00fdnimo\u010dn\u00fa funk\u010dnos\u0165 a \u00fa\u010dinnos\u0165, v\u010faka \u010domu je nevyhnutnou s\u00fa\u010das\u0165ou prev\u00e1dzky traktora.<\/p>\n<p>Tento hydraulick\u00fd valec s dvoj\u010dinnou kon\u0161trukciou je schopn\u00fd vykon\u00e1va\u0165 tla\u010dn\u00e9 aj \u0165ahov\u00e9 \u010dinnosti, \u010d\u00edm zais\u0165uje maxim\u00e1lnu produktivitu a flexibilitu pri r\u00f4znych po\u013enohospod\u00e1rskych \u00faloh\u00e1ch. \u010ci u\u017e ide o zdv\u00edhanie \u0165a\u017ek\u00fdch bremien, ovl\u00e1danie pr\u00edslu\u0161enstva alebo ovl\u00e1danie n\u00e1strojov, tento valec pon\u00faka spo\u013eahliv\u00fd v\u00fdkon v ka\u017edej aplik\u00e1cii.<\/p>\n<p>Jednou z k\u013e\u00fa\u010dov\u00fdch v\u00fdhod tohto hydraulick\u00e9ho valca je jeho nastavite\u013enos\u0165. V\u010faka nastavite\u013enej funkcii si pou\u017e\u00edvatelia m\u00f4\u017eu prisp\u00f4sobi\u0165 d\u013a\u017eku zdvihu valca pod\u013ea svojich \u0161pecifick\u00fdch po\u017eiadaviek. To umo\u017e\u0148uje presn\u00e9 ovl\u00e1danie a zv\u00fd\u0161en\u00fa presnos\u0165 po\u010das prev\u00e1dzky, \u010do vedie k zlep\u0161eniu celkov\u00e9ho v\u00fdkonu a produktivity.<\/p>\n<p><img loading=\"lazy\" decoding=\"async\" class=\"alignnone size-full wp-image-1334\" src=\"https:\/\/fmp-components.com\/wp-content\/uploads\/2024\/12\/Adjustable-Clevis-Type-Cylinders-4.webp\" alt=\"Nastavite\u013en\u00e9 valce s vidlicov\u00fdm z\u00e1vesom\" width=\"800\" height=\"800\" title=\"\" srcset=\"https:\/\/fmp-components.com\/wp-content\/uploads\/2024\/12\/Adjustable-Clevis-Type-Cylinders-4.webp 800w, https:\/\/fmp-components.com\/wp-content\/uploads\/2024\/12\/Adjustable-Clevis-Type-Cylinders-4-480x480.webp 480w\" sizes=\"(min-width: 0px) and (max-width: 480px) 480px, (min-width: 481px) 800px, 100vw\" \/><\/p>\n<p>Okrem toho je efekt\u00edvny traktorov\u00fd hydraulick\u00fd valec s dvoj\u010dinn\u00fdm valcom a nastavite\u013en\u00fdm hydraulick\u00fdm valcom vyroben\u00fd s oh\u013eadom na odolnos\u0165. Je vyroben\u00fd z vysoko kvalitn\u00fdch materi\u00e1lov a je navrhnut\u00fd tak, aby odolal intenz\u00edvnemu pou\u017e\u00edvaniu a n\u00e1ro\u010dn\u00fdm prev\u00e1dzkov\u00fdm podmienkam. Jeho robustn\u00e1 kon\u0161trukcia zais\u0165uje dlhotrvaj\u00faci v\u00fdkon, zni\u017euje potrebu \u00fadr\u017eby a predl\u017euje \u017eivotnos\u0165 produktu.<\/p>\n<p>Okrem pozoruhodn\u00e9ho v\u00fdkonu a odolnosti sa tento hydraulick\u00fd valec tie\u017e \u013eahko in\u0161taluje a obsluhuje. V\u010faka u\u017e\u00edvate\u013esky pr\u00edvetiv\u00fdm kon\u0161truk\u010dn\u00fdm prvkom sa d\u00e1 r\u00fdchlo integrova\u0165 do existuj\u00facich syst\u00e9mov traktora, \u010d\u00edm sa minimalizuj\u00fa prestoje a maximalizuje efektivita.<\/p>\n<p>Celkovo je efekt\u00edvny hydraulick\u00fd valec traktora s dvoj\u010dinn\u00fdm valcom a nastavite\u013en\u00fdm hydraulick\u00fdm valcom spo\u013eahliv\u00fd a efekt\u00edvny produkt, ktor\u00fd prin\u00e1\u0161a zna\u010dn\u00e9 v\u00fdhody pre prev\u00e1dzku traktora. Jeho kombin\u00e1cia v\u0161estrannosti, nastavite\u013enosti, odolnosti a jednoduch\u00e9ho pou\u017e\u00edvania z neho rob\u00ed ide\u00e1lnu vo\u013ebu pre farm\u00e1rov a po\u013enohospod\u00e1rskych profesion\u00e1lov, ktor\u00ed h\u013eadaj\u00fa zv\u00fd\u0161en\u00fa produktivitu a v\u00fdkon pri svojich ka\u017edodenn\u00fdch \u00faloh\u00e1ch.<\/p>\n<h2>V\u00fdhody nastavite\u013en\u00fdch valcov s vidlicov\u00fdm uchyten\u00edm<\/h2>\n<p>Nastavite\u013en\u00e9 valce s vidlicov\u00fdm uchyten\u00edm s\u00fa typom hydraulick\u00e9ho valca, ktor\u00fd sa be\u017ene pou\u017e\u00edva v r\u00f4znych priemyseln\u00fdch aplik\u00e1ci\u00e1ch. Tieto valce s\u00fa ob\u013e\u00faben\u00e9 v\u010faka svojmu nastavite\u013en\u00e9mu vidlicov\u00e9mu uchyteniu, ktor\u00e9 umo\u017e\u0148uje pou\u017e\u00edvate\u013eovi nastavi\u0165 d\u013a\u017eku valca tak, aby vyhovovala \u0161pecifick\u00fdm potreb\u00e1m jeho aplik\u00e1cie. V tomto blogovom pr\u00edspevku sa budeme venova\u0165 niektor\u00fdm v\u00fdhod\u00e1m nastavite\u013en\u00fdch valcov s vidlicov\u00fdm uchyten\u00edm.<\/p>\n<h3>1. V\u0161estrannos\u0165<\/h3>\n<p>Jednou z hlavn\u00fdch v\u00fdhod nastavite\u013en\u00fdch valcov s vidlicov\u00fdm uchyten\u00edm je ich v\u0161estrannos\u0165. Tieto valce sa daj\u00fa pou\u017ei\u0165 v \u0161irokej \u0161k\u00e1le aplik\u00e1ci\u00ed vr\u00e1tane po\u013enohospod\u00e1rskych strojov, stavebn\u00fdch strojov a priemyseln\u00fdch strojov. T\u00e1to v\u0161estrannos\u0165 je sp\u00f4soben\u00e1 nastavite\u013en\u00fdm uchyten\u00edm, ktor\u00e9 umo\u017e\u0148uje prisp\u00f4sobi\u0165 d\u013a\u017eku valca \u0161pecifick\u00fdm potreb\u00e1m aplik\u00e1cie.<\/p>\n<p>Napr\u00edklad v po\u013enohospod\u00e1rskych strojoch sa v traktoroch be\u017ene pou\u017e\u00edvaj\u00fa nastavite\u013en\u00e9 valce s vidlicov\u00fdm z\u00e1vesom. Traktory potrebuj\u00fa hydraulick\u00e9 valce na r\u00f4zne \u00falohy, ako je zdv\u00edhanie a sp\u00fa\u0161\u0165anie n\u00e1strojov. S nastavite\u013en\u00fdm valcom s vidlicov\u00fdm z\u00e1vesom je mo\u017en\u00e9 nastavi\u0165 d\u013a\u017eku valca tak, aby vyhovoval konkr\u00e9tnemu n\u00e1stroju, ktor\u00fd traktor pou\u017e\u00edva, \u010d\u00edm sa st\u00e1va v\u0161estrannej\u0161\u00edm a jednoduch\u0161\u00edm na pou\u017e\u00edvanie.<\/p>\n<h3>2. Efekt\u00edvnos\u0165<\/h3>\n<p>\u010eal\u0161ou v\u00fdhodou nastavite\u013en\u00fdch valcov s vidlicov\u00fdm uz\u00e1verom je ich \u00fa\u010dinnos\u0165. Tieto valce s\u00fa navrhnut\u00e9 ako dvoj\u010dinn\u00e9, \u010do znamen\u00e1, \u017ee m\u00f4\u017eu vykon\u00e1va\u0165 dve funkcie s jedn\u00fdm valcom. V\u010faka tomu s\u00fa \u00fa\u010dinnej\u0161ie a n\u00e1kladovo efekt\u00edvnej\u0161ie ako in\u00e9 typy valcov.<\/p>\n<p>Napr\u00edklad, pri pou\u017eit\u00ed v traktore je mo\u017en\u00e9 na zdv\u00edhanie a sp\u00fa\u0161\u0165anie n\u00e1stroja pomocou jedin\u00e9ho valca pou\u017ei\u0165 nastavite\u013en\u00fd valec s vidlicov\u00fdm z\u00e1vesom. Je to efekt\u00edvnej\u0161ie ako pou\u017eitie dvoch samostatn\u00fdch valcov, \u010do by vy\u017eadovalo viac miesta a zv\u00fd\u0161ilo by n\u00e1klady na syst\u00e9m.<\/p>\n<h3>3. Trvanlivos\u0165<\/h3>\n<p>Nastavite\u013en\u00e9 valce s vidlicov\u00fdm uz\u00e1verom s\u00fa tie\u017e zn\u00e1me svojou odolnos\u0165ou. Tieto valce s\u00fa navrhnut\u00e9 tak, aby odolali vysok\u00e9mu tlaku a \u0165a\u017ek\u00fdm za\u0165a\u017eeniam, v\u010faka \u010domu s\u00fa ide\u00e1lne pre priemyseln\u00e9 aplik\u00e1cie. S\u00fa tie\u017e navrhnut\u00e9 tak, aby boli odoln\u00e9 vo\u010di kor\u00f3zii, \u010do pom\u00e1ha pred\u013a\u017ei\u0165 ich \u017eivotnos\u0165.<\/p>\n<p>Napr\u00edklad pri pou\u017eit\u00ed v stavebn\u00fdch strojoch s\u00fa nastavite\u013en\u00e9 valce s vidlicov\u00fdm uchyten\u00edm vystaven\u00e9 drsn\u00e9mu prostrediu, ktor\u00e9 m\u00f4\u017ee sp\u00f4sobi\u0165 po\u0161kodenie valca. Ke\u010f\u017ee s\u00fa v\u0161ak tieto valce navrhnut\u00e9 tak, aby boli odoln\u00e9 a odoln\u00e9 vo\u010di kor\u00f3zii, dok\u00e1\u017eu odola\u0165 t\u00fdmto drsn\u00fdm podmienkam a na\u010falej plni\u0165 svoje ur\u010den\u00e9 funkcie.<\/p>\n<h3>4. Prisp\u00f4sobenie<\/h3>\n<p>Nakoniec, nastavite\u013en\u00e9 valce s vidlicov\u00fdm uz\u00e1verom pon\u00fakaj\u00fa vysok\u00fd stupe\u0148 prisp\u00f4sobenia. Tieto valce je mo\u017en\u00e9 navrhn\u00fa\u0165 tak, aby vyhovovali \u0161pecifick\u00fdm potreb\u00e1m aplik\u00e1cie, v\u010faka \u010domu s\u00fa efekt\u00edvnej\u0161ie a jednoduch\u0161ie na pou\u017e\u00edvanie.<\/p>\n<p>Napr\u00edklad, ak traktor vy\u017eaduje hydraulick\u00fd valec so \u0161pecifickou d\u013a\u017ekou zdvihu, nastavite\u013en\u00fd valec s vidlicov\u00fdm z\u00e1vesom je mo\u017en\u00e9 prisp\u00f4sobi\u0165 tak, aby sp\u013a\u0148al t\u00fato po\u017eiadavku. Toto prisp\u00f4sobenie zabezpe\u010duje, \u017ee valec je optimalizovan\u00fd pre konkr\u00e9tnu aplik\u00e1ciu, \u010do zlep\u0161uje jeho v\u00fdkon a \u00fa\u010dinnos\u0165.<\/p>\n<p>Z\u00e1verom mo\u017eno poveda\u0165, \u017ee nastavite\u013en\u00e9 valce s vidlicov\u00fdm uchyten\u00edm pon\u00fakaj\u00fa cel\u00fd rad v\u00fdhod vr\u00e1tane v\u0161estrannosti, \u00fa\u010dinnosti, odolnosti a prisp\u00f4sobenia. Tieto valce s\u00fa vynikaj\u00facou vo\u013ebou pre priemyseln\u00e9 aplik\u00e1cie, ktor\u00e9 vy\u017eaduj\u00fa vysok\u00fd stupe\u0148 prisp\u00f4sobenia a v\u0161estrannosti. V\u010faka nastavite\u013en\u00e9mu uchyteniu a dvoj\u010dinn\u00e9mu dizajnu poskytuj\u00fa cenovo v\u00fdhodn\u00e9 a \u00fa\u010dinn\u00e9 rie\u0161enie pre \u0161irok\u00fa \u0161k\u00e1lu aplik\u00e1ci\u00ed.<img decoding=\"async\" src=\"https:\/\/fmp-components.com\/wp-content\/uploads\/2024\/12\/Adjustable-Clevis-Type-Cylinders5.webp\" alt=\"Nastavite\u013en\u00fd valec typu Clevis\" width=\"800\" title=\"\"><\/p>\n<h2>Pou\u017eitie nastavite\u013en\u00fdch valcov s vidlicov\u00fdm uchyten\u00edm<\/h2>\n<p>Nastavite\u013en\u00e9 valce s vidlicov\u00fdm z\u00e1vesom, zn\u00e1me aj ako nastavite\u013en\u00e9 hydraulick\u00e9 valce, s\u00fa v\u0161estrann\u00e9 hydraulick\u00e9 zariadenia be\u017ene pou\u017e\u00edvan\u00e9 v r\u00f4znych odvetviach. V\u010faka svojej jedine\u010dnej kon\u0161trukcii a vlastnostiam s\u00fa vhodn\u00e9 pre \u0161irok\u00fa \u0161k\u00e1lu aplik\u00e1ci\u00ed. V tomto \u010dl\u00e1nku presk\u00famame r\u00f4zne aplik\u00e1cie nastavite\u013en\u00fdch valcov s vidlicov\u00fdm z\u00e1vesom a rozoberieme ich v\u00fdhody a prednosti.<\/p>\n<h3>1. Priemyseln\u00e9 stroje<\/h3>\n<p>Nastavite\u013en\u00e9 valce s vidlicov\u00fdm uchyten\u00edm nach\u00e1dzaj\u00fa \u0161irok\u00e9 uplatnenie v priemyseln\u00fdch strojoch. \u010casto sa pou\u017e\u00edvaj\u00fa v syst\u00e9moch, ktor\u00e9 vy\u017eaduj\u00fa presn\u00fd a riaden\u00fd line\u00e1rny pohyb. Tieto valce zohr\u00e1vaj\u00fa k\u013e\u00fa\u010dov\u00fa \u00falohu v aplik\u00e1ci\u00e1ch, ako je manipul\u00e1cia s materi\u00e1lom, mont\u00e1\u017ene linky a automatiza\u010dn\u00e9 zariadenia. Nastavite\u013en\u00e1 funkcia t\u00fdchto valcov umo\u017e\u0148uje jemn\u00e9 doladenie d\u013a\u017eky zdvihu, v\u010faka \u010domu s\u00fa ide\u00e1lne pre r\u00f4zne priemyseln\u00e9 procesy.<\/p>\n<h3>2. Stavebn\u00e9 zariadenia<\/h3>\n<p>Robustn\u00e1 kon\u0161trukcia a prisp\u00f4sobivos\u0165 nastavite\u013en\u00fdch valcov s vidlicov\u00fdm uz\u00e1verom ich predur\u010duj\u00fa k vyu\u017eitiu v stavebn\u00fdch strojoch. Tieto valce sa be\u017ene pou\u017e\u00edvaj\u00fa v hydraulick\u00fdch syst\u00e9moch r\u00fdpadiel, naklada\u010dov a buldoz\u00e9rov. Poskytuj\u00fa potrebn\u00fd v\u00fdkon a silu na vykon\u00e1vanie \u00faloh, ako je v\u00fdkopov\u00e9 pr\u00e1ce, zdv\u00edhanie \u0165a\u017ek\u00fdch bremien a tla\u010denie materi\u00e1lov. Dvoj\u010dinn\u00e1 schopnos\u0165 t\u00fdchto valcov zais\u0165uje efekt\u00edvnu prev\u00e1dzku a zvy\u0161uje celkov\u00fd v\u00fdkon stavebn\u00fdch strojov.<\/p>\n<h3>3. Po\u013enohospod\u00e1rske stroje<\/h3>\n<p>Nastavite\u013en\u00e9 hydraulick\u00e9 valce s vidlicov\u00fdm z\u00e1vitom s\u00fa nevyhnutnou s\u00fa\u010das\u0165ou po\u013enohospod\u00e1rskych strojov, najm\u00e4 traktorov a kombajnov. Tieto valce pom\u00e1haj\u00fa pri r\u00f4znych po\u013enohospod\u00e1rskych oper\u00e1ci\u00e1ch vr\u00e1tane orby, obr\u00e1bania p\u00f4dy a zberu \u00farody. Ich nastavite\u013en\u00e1 funkcia umo\u017e\u0148uje po\u013enohospod\u00e1rom prisp\u00f4sobi\u0165 zariadenie r\u00f4znym po\u013en\u00fdm podmienkam a optimalizova\u0165 produktivitu. \u00da\u010dinn\u00fd hydraulick\u00fd valec traktora zais\u0165uje plynul\u00fd chod a zvy\u0161uje celkov\u00fa \u00fa\u010dinnos\u0165 po\u013enohospod\u00e1rskych strojov.<\/p>\n<h3>4. Syst\u00e9my nakladania s odpadom<\/h3>\n<p>Nastavite\u013en\u00e9 valce s vidlicov\u00fdm uchyten\u00edm sa \u0161iroko pou\u017e\u00edvaj\u00fa v syst\u00e9moch odpadov\u00e9ho hospod\u00e1rstva, najm\u00e4 v zhut\u0148ova\u010doch odpadu a recykla\u010dn\u00fdch zariadeniach. Tieto valce poskytuj\u00fa potrebn\u00fa silu na stla\u010denie odpadu a u\u013eah\u010duj\u00fa efekt\u00edvnu likvid\u00e1ciu alebo recykl\u00e1ciu. Ich nastavite\u013en\u00e1 funkcia umo\u017e\u0148uje prisp\u00f4sobenie pod\u013ea ve\u013ekosti a typu odpadov\u00e9ho materi\u00e1lu, \u010d\u00edm sa zabezpe\u010duje efekt\u00edvne nakladanie s odpadom a environment\u00e1lna udr\u017eate\u013enos\u0165.<\/p>\n<h3>5. N\u00e1morn\u00e9 a pobre\u017en\u00e9 aplik\u00e1cie<\/h3>\n<p>V n\u00e1mornom a pobre\u017enom priemysle zohr\u00e1vaj\u00fa nastavite\u013en\u00e9 valce s vidlicov\u00fdm uz\u00e1verom k\u013e\u00fa\u010dov\u00fa \u00falohu v r\u00f4znych aplik\u00e1ci\u00e1ch. Be\u017ene sa pou\u017e\u00edvaj\u00fa v hydraulick\u00fdch syst\u00e9moch lodn\u00fdch zariaden\u00ed, pobre\u017en\u00fdch \u017eeriavov a ropn\u00fdch plo\u0161\u00edn. Tieto valce odol\u00e1vaj\u00fa n\u00e1ro\u010dn\u00e9mu morsk\u00e9mu prostrediu a poskytuj\u00fa spo\u013eahliv\u00fa prev\u00e1dzku pri \u00faloh\u00e1ch, ako je zdv\u00edhanie \u0165a\u017ek\u00fdch bremien, polohovanie zariaden\u00ed a manipul\u00e1cia s pobre\u017en\u00fdmi oper\u00e1ciami.<\/p>\n<p>Z\u00e1verom mo\u017eno poveda\u0165, \u017ee nastavite\u013en\u00e9 valce s vidlicov\u00fdm uchyten\u00edm maj\u00fa r\u00f4zne uplatnenie v r\u00f4znych odvetviach. V\u010faka ich jedine\u010dnej kon\u0161trukcii, nastavite\u013en\u00fdm vlastnostiam a dvoj\u010dinn\u00e9mu p\u00f4sobeniu s\u00fa tieto valce v\u0161estrann\u00fdmi a spo\u013eahliv\u00fdmi hydraulick\u00fdmi zariadeniami. \u010ci u\u017e ide o priemyseln\u00e9 strojov\u00e9 zariadenia, stavebn\u00e9 zariadenia, po\u013enohospod\u00e1rske stroje, syst\u00e9my nakladania s odpadom alebo n\u00e1morn\u00e9 aplik\u00e1cie, tieto valce pon\u00fakaj\u00fa efekt\u00edvne rie\u0161enia a zlep\u0161uj\u00fa celkov\u00fd v\u00fdkon. Za\u010dlenenie nastavite\u013en\u00fdch valcov s vidlicov\u00fdm uchyten\u00edm do r\u00f4znych syst\u00e9mov m\u00f4\u017ee v\u00fdrazne zlep\u0161i\u0165 efektivitu, produktivitu a prev\u00e1dzkov\u00e9 riadenie.<\/p>\n<p><img decoding=\"async\" src=\"https:\/\/fmp-components.com\/wp-content\/uploads\/2024\/12\/Application-of-Adjustable-Clevis-Type-Cylinders.webp\" alt=\"Nastavite\u013en\u00fd valec typu Clevis\" width=\"800\" title=\"\"><\/p>\n<h3>O hydraulickom valci FMP<\/h3>\n<p>FMP je renomovan\u00e1 spolo\u010dnos\u0165 so s\u00eddlom v Taliansku, ktor\u00e1 sa \u0161pecializuje na dod\u00e1vky vysokokvalitn\u00fdch dielov a kompletn\u00fdch strojov pre stavebn\u00e9 stroje. Z\u00e1kazn\u00edkom poskytujeme \u0161irok\u00fd sortiment stavebn\u00fdch strojov vr\u00e1tane prevodoviek pre po\u013enohospod\u00e1rske stroje, plan\u00e9tov\u00fdch prevodoviek, priemyseln\u00fdch prevodoviek a radu \u0161pi\u010dkov\u00e9ho pr\u00edslu\u0161enstva, ktor\u00e9 k nim zodpoved\u00e1. N\u00e1\u0161 hydraulick\u00fd valec je jedn\u00fdm z na\u0161ich najlep\u0161\u00edch produktov, ktor\u00fd hrdo odpor\u00fa\u010dame na\u0161im z\u00e1kazn\u00edkom. Tu je nieko\u013eko d\u00f4vodov, pre\u010do:<\/p>\n<ol>\n<li><strong>Vysokokvalitn\u00fd materi\u00e1l:<\/strong> Na\u0161e hydraulick\u00e9 valce s\u00fa vyroben\u00e9 z vysoko kvalitn\u00fdch materi\u00e1lov, ktor\u00e9 s\u00fa odoln\u00e9 a odol\u00e1vaj\u00fa n\u00e1ro\u010dn\u00fdm pracovn\u00fdm podmienkam. To zaru\u010duje ich dlh\u0161iu \u017eivotnos\u0165 a ni\u017e\u0161ie n\u00e1klady na \u00fadr\u017ebu.<\/li>\n<li><strong>Prisp\u00f4sobite\u013en\u00e9:<\/strong> Pon\u00fakame \u0161irok\u00fd sortiment hydraulick\u00fdch valcov vr\u00e1tane nastavite\u013en\u00fdch valcov s vidlicov\u00fdm uchyten\u00edm, valcov s \u0165ahadlou, zv\u00e1ran\u00fdch valcov a mnoh\u00fdch \u010fal\u0161\u00edch. M\u00f4\u017eete si vybra\u0165 typ, ktor\u00fd najlep\u0161ie vyhovuje va\u0161im potreb\u00e1m, a my v\u00e1m vieme tie\u017e prisp\u00f4sobi\u0165 dizajn pod\u013ea va\u0161ich po\u017eiadaviek.<\/li>\n<li><strong>Profesion\u00e1lny t\u00edm:<\/strong> N\u00e1\u0161 t\u00edm profesion\u00e1lov m\u00e1 dlhoro\u010dn\u00e9 sk\u00fasenosti v odvetv\u00ed stavebn\u00fdch strojov. Poskytn\u00fa v\u00e1m odborn\u00e9 poradenstvo oh\u013eadom produktov a inteligentn\u00e9 n\u00e1vrhy na n\u00e1kup, ktor\u00e9 v\u00e1m pom\u00f4\u017eu robi\u0165 informovan\u00e9 rozhodnutia.<\/li>\n<li><strong>Pr\u00edsne \u0161tandardy kvality:<\/strong> Budujeme dlhodob\u00e9 a stabiln\u00e9 partnersk\u00e9 vz\u0165ahy s mnoh\u00fdmi kvalitn\u00fdmi dod\u00e1vate\u013emi doma aj v zahrani\u010d\u00ed, \u010d\u00edm zabezpe\u010dujeme, aby v\u0161etky dod\u00e1van\u00e9 diely sp\u013a\u0148ali pr\u00edsne \u0161tandardy kvality.<\/li>\n<li><strong>Efekt\u00edvna logistick\u00e1 distrib\u00facia:<\/strong> M\u00e1me efekt\u00edvny logistick\u00fd distribu\u010dn\u00fd syst\u00e9m, ktor\u00fd zabezpe\u010duje, aby z\u00e1kazn\u00edci dostali po\u017eadovan\u00e9 diely v\u010das a presne. To pom\u00e1ha minimalizova\u0165 prestoje a zvy\u0161ova\u0165 celkov\u00fa produktivitu.<\/li>\n<\/ol>\n<p>S hydraulick\u00fdm valcom FMP m\u00f4\u017eete o\u010dak\u00e1va\u0165 spo\u013eahliv\u00fd a odoln\u00fd v\u00fdkon, ktor\u00fd odol\u00e1 n\u00e1ro\u010dn\u00fdm pracovn\u00fdm podmienkam. Na\u0161e produkty s\u00fa vyroben\u00e9 z vysoko kvalitn\u00fdch materi\u00e1lov a s\u00fa prisp\u00f4sobite\u013en\u00e9 va\u0161im \u0161pecifick\u00fdm po\u017eiadavk\u00e1m. M\u00e1me t\u00edm profesion\u00e1lov, ktor\u00ed v\u00e1m poskytn\u00fa odborn\u00e9 poradenstvo a pr\u00edsny proces kontroly kvality, aby ste dostali len tie najlep\u0161ie produkty. V\u010faka n\u00e1\u0161mu efekt\u00edvnemu logistick\u00e9mu distribu\u010dn\u00e9mu syst\u00e9mu si m\u00f4\u017eete by\u0165 ist\u00ed, \u017ee svoje diely dostanete v\u010das a minimalizujete prestoje. Kontaktujte n\u00e1s teraz a zistite, ako v\u00e1m m\u00f4\u017eeme pom\u00f4c\u0165 zlep\u0161i\u0165 v\u00fdkon va\u0161ich stavebn\u00fdch strojov!<\/p>\n<p><img decoding=\"async\" src=\"https:\/\/fmp-components.com\/wp-content\/uploads\/2024\/12\/Adjustable-Clevis-Type-Cylinders-6.webp\" alt=\"Nastavite\u013en\u00fd valec typu Clevis\" width=\"838\" title=\"\"><\/p>\n<h2>\u010casto kladen\u00e9 ot\u00e1zky<\/h2>\n<p><b>Ot\u00e1zka: Ak\u00e9 s\u00fa r\u00f4zne varianty efekt\u00edvneho hydraulick\u00e9ho valca traktora?<\/b><br \/>\nn nA: Valec je k dispoz\u00edcii v preveden\u00ed s \u0165aha\u010dom, zv\u00e1ranom, teleskopickom a jedno\u010dinnom alebo dvoj\u010dinnom.<\/p>\n<p><b>Ot\u00e1zka: Ak\u00e9 materi\u00e1ly sa pou\u017e\u00edvaj\u00fa pri kon\u0161trukcii efekt\u00edvneho hydraulick\u00e9ho valca traktora<\/b><\/p>\n<p>A: Valec je vyroben\u00fd z robustnej ocele, \u010do zais\u0165uje odolnos\u0165 a kvalitn\u00fd v\u00fdkon.<\/p>\n<p><b>Ot\u00e1zka: Ak\u00e9 s\u00fa potenci\u00e1lne aplik\u00e1cie efekt\u00edvneho hydraulick\u00e9ho valca traktora?<\/b><br \/>\nn nA: Hydraulick\u00fd valec sa d\u00e1 pou\u017ei\u0165 v mnoh\u00fdch oblastiach, ako s\u00fa priemyseln\u00e9 stroje, mobiln\u00e1 hydraulika, po\u013enohospod\u00e1rske stroje a stavebn\u00e9 vozidl\u00e1.<\/p>\n<p><img decoding=\"async\" src=\"https:\/\/img.jiansujichilun.com\/img\/hydrauliccylinders\/T_hydrauliccylinders-5.webp\" alt=\"hydraulick\u00fd valec\" width=\"800\" title=\"\"><\/p>\n<p>Autor\uff1a CX<\/p>","protected":false},"excerpt":{"rendered":"<p>Introducing Effective Tractor Hydraulic Cylinder Double Acting Cylinder Adjustable Hydraulic Cylinder: The Effective Tractor Hydraulic Cylinder Double Acting Cylinder Adjustable Hydraulic Cylinder is a versatile and high-performing hydraulic cylinder specifically designed for tractors. This innovative product is engineered to provide exceptional functionality and efficiency, making it an essential component for tractor operations. Featuring a double-acting [&hellip;]<\/p>","protected":false},"featured_media":1340,"comment_status":"closed","ping_status":"closed","template":"","meta":{"_et_pb_use_builder":"","_et_pb_old_content":"","_et_gb_content_width":""},"product_brand":[],"product_cat":[39],"product_tag":[41,34],"class_list":{"0":"post-1376","1":"product","2":"type-product","3":"status-publish","4":"has-post-thumbnail","6":"product_cat-adjustable-clevis-type-cylinders","7":"product_tag-adjustable-clevis-type-cylinders","8":"product_tag-hydraulic-cylinder","10":"first","11":"instock","12":"product-type-simple"},"_links":{"self":[{"href":"https:\/\/fmp-components.com\/sk\/wp-json\/wp\/v2\/product\/1376","targetHints":{"allow":["GET"]}}],"collection":[{"href":"https:\/\/fmp-components.com\/sk\/wp-json\/wp\/v2\/product"}],"about":[{"href":"https:\/\/fmp-components.com\/sk\/wp-json\/wp\/v2\/types\/product"}],"replies":[{"embeddable":true,"href":"https:\/\/fmp-components.com\/sk\/wp-json\/wp\/v2\/comments?post=1376"}],"wp:featuredmedia":[{"embeddable":true,"href":"https:\/\/fmp-components.com\/sk\/wp-json\/wp\/v2\/media\/1340"}],"wp:attachment":[{"href":"https:\/\/fmp-components.com\/sk\/wp-json\/wp\/v2\/media?parent=1376"}],"wp:term":[{"taxonomy":"product_brand","embeddable":true,"href":"https:\/\/fmp-components.com\/sk\/wp-json\/wp\/v2\/product_brand?post=1376"},{"taxonomy":"product_cat","embeddable":true,"href":"https:\/\/fmp-components.com\/sk\/wp-json\/wp\/v2\/product_cat?post=1376"},{"taxonomy":"product_tag","embeddable":true,"href":"https:\/\/fmp-components.com\/sk\/wp-json\/wp\/v2\/product_tag?post=1376"}],"curies":[{"name":"pracovn\u00fd list","href":"https:\/\/api.w.org\/{rel}","templated":true}]}}