{"id":1375,"date":"2024-12-23T02:18:57","date_gmt":"2024-12-23T02:18:57","guid":{"rendered":"https:\/\/fmp-components.com\/product\/customized-adjustable-stainless-steel-hydraulic-cylinder-for-tractor\/"},"modified":"2024-12-23T03:25:05","modified_gmt":"2024-12-23T03:25:05","slug":"customized-adjustable-stainless-steel-hydraulic-cylinder-for-tractor","status":"publish","type":"product","link":"https:\/\/fmp-components.com\/sk\/product\/customized-adjustable-stainless-steel-hydraulic-cylinder-for-tractor\/","title":{"rendered":"Prisp\u00f4soben\u00fd nastavite\u013en\u00fd hydraulick\u00fd valec z nehrdzavej\u00facej ocele pre traktor"},"content":{"rendered":"<h2>Predstavujeme prisp\u00f4sobite\u013en\u00fd nastavite\u013en\u00fd hydraulick\u00fd valec z nehrdzavej\u00facej ocele pre traktor<\/h2>\n<p>Prisp\u00f4sobite\u013en\u00fd hydraulick\u00fd valec z nehrdzavej\u00facej ocele pre traktor je \u0161pi\u010dkov\u00fd produkt, ktor\u00fd je navrhnut\u00fd tak, aby sp\u013a\u0148al \u0161pecifick\u00e9 potreby obsluhy traktorov. Tento hydraulick\u00fd valec bol navrhnut\u00fd tak, aby poskytoval bezkonkuren\u010dn\u00fd v\u00fdkon a \u00fa\u010dinnos\u0165, v\u010faka \u010domu je nevyhnutnou s\u00fa\u010das\u0165ou ka\u017ed\u00e9ho traktora.<\/p>\n<p>Jednou z k\u013e\u00fa\u010dov\u00fdch vlastnost\u00ed tohto produktu je jeho nastavite\u013enos\u0165. V\u010faka mo\u017enosti prisp\u00f4sobi\u0165 si d\u013a\u017eku zdvihu valca a rozsah tlaku je mo\u017en\u00e9 tento hydraulick\u00fd valec prisp\u00f4sobi\u0165 \u0161pecifick\u00fdm po\u017eiadavk\u00e1m akejko\u013evek prev\u00e1dzky traktora. T\u00e1to flexibilita z neho rob\u00ed v\u0161estrann\u00e9 a praktick\u00e9 rie\u0161enie pre po\u013enohospod\u00e1rov a prev\u00e1dzkovate\u013eov traktorov v \u0161irokej \u0161k\u00e1le aplik\u00e1ci\u00ed.<\/p>\n<p>Samotn\u00fd valec je vyroben\u00fd z vysoko kvalitnej nehrdzavej\u00facej ocele, ktor\u00e1 poskytuje v\u00fdnimo\u010dn\u00fa odolnos\u0165 a odolnos\u0165 vo\u010di kor\u00f3zii a opotrebovaniu. To znamen\u00e1, \u017ee valec dok\u00e1\u017ee odola\u0165 n\u00e1ro\u010dn\u00fdm podmienkam po\u013enohospod\u00e1rskeho prostredia bez straty svojej \u00fa\u010dinnosti alebo v\u00fdkonu.<\/p>\n<p>Okrem toho, prisp\u00f4soben\u00fd nastavite\u013en\u00fd hydraulick\u00fd valec z nehrdzavej\u00facej ocele pre traktor obsahuje pokro\u010dil\u00fa hydraulick\u00fa technol\u00f3giu, ktor\u00e1 poskytuje presn\u00fd a konzistentn\u00fd v\u00fdkon. To zais\u0165uje, \u017ee hydraulick\u00fd valec pracuje hladko a efekt\u00edvne, \u010d\u00edm sa zni\u017euje opotrebovanie ostatn\u00fdch komponentov traktora a zvy\u0161uje sa celkov\u00e1 produktivita.<\/p>\n<p><img loading=\"lazy\" decoding=\"async\" class=\"alignnone size-full wp-image-1334\" src=\"https:\/\/fmp-components.com\/wp-content\/uploads\/2024\/12\/Adjustable-Clevis-Type-Cylinders-4.webp\" alt=\"Nastavite\u013en\u00e9 valce s vidlicov\u00fdm z\u00e1vesom\" width=\"800\" height=\"800\" title=\"\" srcset=\"https:\/\/fmp-components.com\/wp-content\/uploads\/2024\/12\/Adjustable-Clevis-Type-Cylinders-4.webp 800w, https:\/\/fmp-components.com\/wp-content\/uploads\/2024\/12\/Adjustable-Clevis-Type-Cylinders-4-480x480.webp 480w\" sizes=\"(min-width: 0px) and (max-width: 480px) 480px, (min-width: 481px) 800px, 100vw\" \/><\/p>\n<p>Celkovo je prisp\u00f4soben\u00fd nastavite\u013en\u00fd hydraulick\u00fd valec z nehrdzavej\u00facej ocele pre traktor vysoko kvalitn\u00fd a spo\u013eahliv\u00fd produkt, ktor\u00fd je navrhnut\u00fd tak, aby sp\u013a\u0148al po\u017eiadavky modern\u00fdch po\u013enohospod\u00e1rskych prev\u00e1dzok. \u010ci u\u017e potrebujete zdv\u00edha\u0165 \u0165a\u017ek\u00e9 bremen\u00e1, ora\u0165 polia alebo vykon\u00e1va\u0165 ak\u00fako\u013evek in\u00fa \u00falohu s\u00favisiacu s traktorom, tento hydraulick\u00fd valec je pre v\u00e1s tou spr\u00e1vnou vo\u013ebou.<\/p>\n<h2>V\u00fdhody nastavite\u013en\u00fdch valcov s vidlicov\u00fdm uchyten\u00edm<\/h2>\n<p>Nastavite\u013en\u00e9 valce s vidlicov\u00fdm z\u00e1vesom, ako napr\u00edklad prisp\u00f4sobite\u013en\u00fd nastavite\u013en\u00fd hydraulick\u00fd valec z nehrdzavej\u00facej ocele pre traktory, pon\u00fakaj\u00fa oproti tradi\u010dn\u00fdm hydraulick\u00fdm valcom nieko\u013eko v\u00fdhod. V tomto blogovom pr\u00edspevku sa t\u00fdmito v\u00fdhodami podrobne zaober\u00e1me.<\/p>\n<h3>1. Zv\u00fd\u0161en\u00e1 flexibilita<\/h3>\n<p>Jednou z k\u013e\u00fa\u010dov\u00fdch v\u00fdhod nastavite\u013en\u00fdch valcov s vidlicov\u00fdm uchyten\u00edm je ich zv\u00fd\u0161en\u00e1 flexibilita. V\u010faka mo\u017enosti nastavenia polohy vidlicov\u00e9ho uchytenia pon\u00fakaj\u00fa tieto valce v\u00e4\u010d\u0161iu v\u0161estrannos\u0165 v r\u00f4znych aplik\u00e1ci\u00e1ch. \u010ci u\u017e ide o traktory, po\u013enohospod\u00e1rske stroje alebo in\u00e9 priemyseln\u00e9 zariadenia, nastavite\u013en\u00e1 funkcia umo\u017e\u0148uje presn\u00e9 prisp\u00f4sobenie \u0161pecifick\u00fdm po\u017eiadavk\u00e1m.<\/p>\n<p>V\u010faka prisp\u00f4soben\u00e9mu nastavite\u013en\u00e9mu hydraulick\u00e9mu valcu z nehrdzavej\u00facej ocele pre traktory si oper\u00e1tori m\u00f4\u017eu jednoducho prisp\u00f4sobi\u0165 d\u013a\u017eku a zdvih valca r\u00f4znym \u00faloh\u00e1m. T\u00e1to flexibilita zvy\u0161uje celkov\u00fa efektivitu a produktivitu v r\u00f4znych pracovn\u00fdch prostrediach.<\/p>\n<h3>2. Optim\u00e1lny v\u00fdkon<\/h3>\n<p>Nastavite\u013en\u00e9 valce s vidlicov\u00fdm z\u00e1vesom s\u00fa navrhnut\u00e9 tak, aby poskytovali optim\u00e1lny v\u00fdkon v n\u00e1ro\u010dn\u00fdch podmienkach. V\u010faka svojej robustnej kon\u0161trukcii a vysoko kvalitn\u00fdm materi\u00e1lom, ako je nehrdzavej\u00faca oce\u013e, pon\u00fakaj\u00fa tieto valce v\u00fdnimo\u010dn\u00fa pevnos\u0165 a odolnos\u0165. To zais\u0165uje spo\u013eahliv\u00fa prev\u00e1dzku aj v n\u00e1ro\u010dn\u00fdch podmienkach alebo pri vysokom za\u0165a\u017een\u00ed.<\/p>\n<p>Nastavite\u013en\u00e1 kon\u0161trukcia navy\u0161e umo\u017e\u0148uje jemn\u00e9 doladenie v\u00fdkonnostn\u00fdch charakterist\u00edk valca. Obsluha m\u00f4\u017ee upravova\u0165 faktory, ako je r\u00fdchlos\u0165, sila a d\u013a\u017eka zdvihu, aby dosiahla po\u017eadovan\u00fd v\u00fdkon. T\u00e1to \u00farove\u0148 ovl\u00e1dania optimalizuje celkov\u00fd v\u00fdkon hydraulick\u00e9ho syst\u00e9mu, \u010do vedie k zv\u00fd\u0161enej produktivite a \u00fa\u010dinnosti.<\/p>\n<h3>3. Skr\u00e1ten\u00e9 prestoje<\/h3>\n<p>\u010eal\u0161ou v\u00fdhodou nastavite\u013en\u00fdch valcov s vidlicov\u00fdm uchyten\u00edm je potenci\u00e1l na skr\u00e1tenie prestojov. V\u010faka mo\u017enosti prisp\u00f4sobenia sa tieto valce daj\u00fa v pr\u00edpade potreby \u013eahko nastavi\u0165 alebo vymeni\u0165, \u010d\u00edm sa minimalizuje \u010das potrebn\u00fd na \u00fadr\u017ebu alebo opravy.<\/p>\n<p>V pr\u00edpade prisp\u00f4soben\u00e9ho nastavite\u013en\u00e9ho hydraulick\u00e9ho valca z nehrdzavej\u00facej ocele pre traktory jeho kon\u0161trukcia umo\u017e\u0148uje r\u00fdchle nastavenie alebo v\u00fdmenu vidlice, \u010d\u00edm sa zabezpe\u010duj\u00fa minim\u00e1lne prestoje. T\u00e1to funkcia je obzvl\u00e1\u0161\u0165 v\u00fdhodn\u00e1 v odvetviach, kde s\u00fa \u010dasovo citliv\u00e9 oper\u00e1cie k\u013e\u00fa\u010dov\u00e9, ako je po\u013enohospod\u00e1rstvo alebo stavebn\u00edctvo.<\/p>\n<h3>4. Zv\u00fd\u0161en\u00e1 bezpe\u010dnos\u0165<\/h3>\n<p>Nastavite\u013en\u00e9 valce s vidlicov\u00fdm uchyten\u00edm uprednost\u0148uj\u00fa bezpe\u010dnos\u0165 t\u00fdm, \u017ee pon\u00fakaj\u00fa presn\u00e9 ovl\u00e1danie a stabilitu. Mo\u017enos\u0165 nastavenia polohy vidlicov\u00e9ho uchytenia zais\u0165uje spr\u00e1vne zarovnanie a zabra\u0148uje zbyto\u010dn\u00e9mu nam\u00e1haniu valca a in\u00fdch komponentov. To zni\u017euje riziko mechanick\u00fdch por\u00fach a zvy\u0161uje celkov\u00fa bezpe\u010dnos\u0165 obsluhy a okolit\u00e9ho prostredia.<\/p>\n<p>Okrem toho, pou\u017eitie nehrdzavej\u00facej ocele v kon\u0161trukcii t\u00fdchto flia\u0161 poskytuje vynikaj\u00facu odolnos\u0165 proti kor\u00f3zii, \u010do \u010falej zvy\u0161uje ich bezpe\u010dnos\u0165 a \u017eivotnos\u0165. T\u00e1to odolnos\u0165 vo\u010di kor\u00f3zii eliminuje obavy z \u00faniku alebo poruchy syst\u00e9mu v d\u00f4sledku hrdze alebo in\u00fdch environment\u00e1lnych faktorov.<\/p>\n<h3>Z\u00e1ver<\/h3>\n<p>Stru\u010dne povedan\u00e9, nastavite\u013en\u00e9 valce s vidlicov\u00fdm z\u00e1vitom, ako napr\u00edklad prisp\u00f4sobite\u013en\u00fd nastavite\u013en\u00fd hydraulick\u00fd valec z nehrdzavej\u00facej ocele pre traktory, pon\u00fakaj\u00fa mno\u017estvo v\u00fdhod, pokia\u013e ide o flexibilitu, v\u00fdkon, zn\u00ed\u017eenie prestojov a bezpe\u010dnos\u0165. Ich nastavite\u013en\u00e1 kon\u0161trukcia umo\u017e\u0148uje presn\u00e9 prisp\u00f4sobenie, optimaliz\u00e1ciu v\u00fdkonu a \u00fa\u010dinnosti. V\u010faka svojej robustnej kon\u0161trukcii a odolnosti vo\u010di kor\u00f3zii tieto valce poskytuj\u00fa dlhotrvaj\u00facu spo\u013eahlivos\u0165 v r\u00f4znych priemyseln\u00fdch aplik\u00e1ci\u00e1ch.<\/p>\n<p><img decoding=\"async\" src=\"https:\/\/fmp-components.com\/wp-content\/uploads\/2024\/12\/Adjustable-Clevis-Type-Cylinders5.webp\" alt=\"Nastavite\u013en\u00fd valec typu Clevis\" width=\"800\" title=\"\"><\/p>\n<h2>Pou\u017eitie nastavite\u013en\u00fdch valcov s vidlicov\u00fdm uchyten\u00edm<\/h2>\n<p>Nastavite\u013en\u00e9 hydraulick\u00e9 valce s vidlicov\u00fdm uchyten\u00edm s\u00fa v\u0161estrann\u00e9 hydraulick\u00e9 valce, ktor\u00e9 je mo\u017en\u00e9 nastavi\u0165 tak, aby vyhovovali r\u00f4znym aplik\u00e1ci\u00e1m. Nasleduje nieko\u013eko pou\u017eit\u00ed t\u00fdchto valcov:<\/p>\n<h3>1. Po\u013enohospod\u00e1rske stroje<\/h3>\n<p>Po\u013enohospod\u00e1rske stroje vy\u017eaduj\u00fa odoln\u00e9 a \u00fa\u010dinn\u00e9 hydraulick\u00e9 valce na pohon r\u00f4znych zariaden\u00ed a strojov. Na mieru nastavite\u013en\u00fd hydraulick\u00fd valec z nehrdzavej\u00facej ocele pre traktory je vynikaj\u00facim pr\u00edkladom hydraulick\u00e9ho valca, ktor\u00fd je \u0161peci\u00e1lne navrhnut\u00fd pre po\u013enohospod\u00e1rske stroje. Valec je mo\u017en\u00e9 nastavi\u0165 tak, aby vyhovoval \u0161pecifick\u00fdm potreb\u00e1m r\u00f4znych strojov a zariaden\u00ed, v\u010faka \u010domu je ide\u00e1lnou vo\u013ebou pre po\u013enohospod\u00e1rske aplik\u00e1cie.<\/p>\n<h3>2. Stavebn\u00e9 zariadenia<\/h3>\n<p>Stavebn\u00e9 stroje, ako s\u00fa buldoz\u00e9ry, bagre a \u017eeriavy, vy\u017eaduj\u00fa na vykon\u00e1vanie r\u00f4znych \u00faloh v\u00fdkonn\u00e9 a spo\u013eahliv\u00e9 hydraulick\u00e9 valce. Nastavite\u013en\u00e9 valce s vidlicov\u00fdm uchyten\u00edm sa v t\u00fdchto aplik\u00e1ci\u00e1ch \u010dasto pou\u017e\u00edvaj\u00fa v\u010faka ich schopnosti \u013eahko sa nastavi\u0165 tak, aby vyhovovali r\u00f4znym hydraulick\u00fdm syst\u00e9mom. Valce dok\u00e1\u017eu odola\u0165 vysok\u00fdm za\u0165a\u017eeniam a extr\u00e9mnym prev\u00e1dzkov\u00fdm podmienkam, v\u010faka \u010domu s\u00fa ob\u013e\u00fabenou vo\u013ebou pre stavebn\u00e9 stroje.<\/p>\n<h3>3. Automobilov\u00fd priemysel<\/h3>\n<p>Nastavite\u013en\u00e9 valce s vidlicov\u00fdm uz\u00e1verom sa be\u017ene pou\u017e\u00edvaj\u00fa v automobilovom priemysle pre r\u00f4zne aplik\u00e1cie, ako s\u00fa syst\u00e9my riadenia, brzdenia a odpru\u017eenia. Valce je mo\u017en\u00e9 prisp\u00f4sobi\u0165 r\u00f4znym modelom a \u0161pecifik\u00e1ci\u00e1m vozidiel, v\u010faka \u010domu s\u00fa ide\u00e1lnou vo\u013ebou pre automobilov\u00e9 aplik\u00e1cie.<\/p>\n<h3>4. N\u00e1morn\u00fd priemysel<\/h3>\n<p>N\u00e1morn\u00fd priemysel vy\u017eaduje hydraulick\u00e9 valce, ktor\u00e9 s\u00fa odoln\u00e9 a odol\u00e1vaj\u00fa drsn\u00e9mu morsk\u00e9mu prostrediu. Nastavite\u013en\u00e9 valce s vidlicov\u00fdm uchyten\u00edm sa \u010dasto pou\u017e\u00edvaj\u00fa v n\u00e1morn\u00fdch aplik\u00e1ci\u00e1ch v\u010faka svojim vlastnostiam odoln\u00fdm vo\u010di kor\u00f3zii a schopnosti odol\u00e1va\u0165 extr\u00e9mnym zmen\u00e1m tlaku a teploty.<\/p>\n<h3>5. Leteck\u00fd priemysel<\/h3>\n<p>Leteck\u00fd priemysel vy\u017eaduje hydraulick\u00e9 valce, ktor\u00e9 s\u00fa \u013eahk\u00e9, odoln\u00e9 a odol\u00e1vaj\u00fa extr\u00e9mnym prev\u00e1dzkov\u00fdm podmienkam. Nastavite\u013en\u00e9 valce s vidlicov\u00fdm uchyten\u00edm sa v leteckom priemysle \u010dasto pou\u017e\u00edvaj\u00fa v\u010faka ich mo\u017enosti prisp\u00f4sobenia \u0161pecifick\u00fdm po\u017eiadavk\u00e1m a vysok\u00e9mu pomeru pevnosti k hmotnosti.<\/p>\n<p>Z\u00e1verom mo\u017eno poveda\u0165, \u017ee nastavite\u013en\u00e9 valce s vidlicov\u00fdm z\u00e1vitom s\u00fa v\u0161estrann\u00e9 hydraulick\u00e9 valce, ktor\u00e9 je mo\u017en\u00e9 prisp\u00f4sobi\u0165 r\u00f4znym aplik\u00e1ci\u00e1m v r\u00f4znych odvetviach. Prisp\u00f4soben\u00fd nastavite\u013en\u00fd hydraulick\u00fd valec z nehrdzavej\u00facej ocele pre traktor je vynikaj\u00facim pr\u00edkladom hydraulick\u00e9ho valca, ktor\u00fd je mo\u017en\u00e9 prisp\u00f4sobi\u0165 po\u013enohospod\u00e1rskym strojom. Tieto valce s\u00fa odoln\u00e9, spo\u013eahliv\u00e9 a odol\u00e1vaj\u00fa extr\u00e9mnym prev\u00e1dzkov\u00fdm podmienkam, v\u010faka \u010domu s\u00fa ide\u00e1lnou vo\u013ebou pre r\u00f4zne aplik\u00e1cie.<img decoding=\"async\" src=\"https:\/\/fmp-components.com\/wp-content\/uploads\/2024\/12\/Application-of-Adjustable-Clevis-Type-Cylinders.webp\" alt=\"Nastavite\u013en\u00fd valec typu Clevis\" width=\"800\" title=\"\"><\/p>\n<h3>O FMP<\/h3>\n<p>FMP je popredn\u00e1 spolo\u010dnos\u0165 \u0161pecializuj\u00faca sa na v\u00fdrobu a predaj hydraulick\u00fdch valcov. V\u010faka na\u0161im dlhoro\u010dn\u00fdm sk\u00fasenostiam v tomto odvetv\u00ed a profesion\u00e1lnemu t\u00edmu sa venujeme poskytovaniu vysoko kvalitn\u00fdch a spo\u013eahliv\u00fdch hydraulick\u00fdch valcov a kompletn\u00fdch strojn\u00fdch rie\u0161en\u00ed z\u00e1kazn\u00edkom.<\/p>\n<p><img decoding=\"async\" src=\"https:\/\/fmp-components.com\/wp-content\/uploads\/2024\/12\/Adjustable-Clevis-Type-Cylinders-6.webp\" alt=\"Nastavite\u013en\u00fd valec typu Clevis\" width=\"837\" title=\"\"><\/p>\n<p>Tu je p\u00e4\u0165 k\u013e\u00fa\u010dov\u00fdch v\u00fdhod na\u0161ich produktov a spolo\u010dnosti:<\/p>\n<ol>\n<li>\u0160irok\u00e1 \u0161k\u00e1la mo\u017enost\u00ed: Pon\u00fakame komplexn\u00fd sortiment hydraulick\u00fdch valcov vhodn\u00fdch pre r\u00f4zne aplik\u00e1cie v odvetv\u00ed stavebn\u00fdch strojov. Od nastavite\u013en\u00fdch valcov s vidlicov\u00fdm uchyten\u00edm a\u017e po in\u00e9 \u0161pecializovan\u00e9 typy, m\u00e1me perfektn\u00e9 rie\u0161enie, ktor\u00e9 spln\u00ed va\u0161e \u0161pecifick\u00e9 po\u017eiadavky.<\/li>\n<li>Vynikaj\u00faca kvalita: V spolo\u010dnosti FMP kladieme d\u00f4raz na kvalitu a zabezpe\u010dujeme, aby v\u0161etky na\u0161e hydraulick\u00e9 valce sp\u013a\u0148ali pr\u00edsne normy kvality. Na\u0161e produkty s\u00fa vyroben\u00e9 z prvotriednych materi\u00e1lov a prech\u00e1dzaj\u00fa pr\u00edsnymi testami, aby sa zaru\u010dila ich odolnos\u0165 a v\u00fdkon.<\/li>\n<li>Odborn\u00fd obchodn\u00fd t\u00edm: N\u00e1\u0161 sk\u00fasen\u00fd obchodn\u00fd t\u00edm m\u00e1 hlbok\u00e9 znalosti o odvetv\u00ed stavebn\u00fdch strojov, dr\u017e\u00ed krok s najnov\u0161\u00edmi trendmi a rozumie potreb\u00e1m z\u00e1kazn\u00edkov. Je pripraven\u00fd poskytn\u00fa\u0165 profesion\u00e1lne poradenstvo oh\u013eadom produktov a pon\u00faknu\u0165 inteligentn\u00e9 n\u00e1vrhy na n\u00e1kup, ktor\u00e9 v\u00e1m pom\u00f4\u017eu robi\u0165 informovan\u00e9 rozhodnutia.<\/li>\n<li>Efekt\u00edvna logistika: Ch\u00e1peme d\u00f4le\u017eitos\u0165 v\u010dasn\u00e9ho dodania, a preto sme zaviedli efekt\u00edvny logistick\u00fd distribu\u010dn\u00fd syst\u00e9m. To zabezpe\u010duje, \u017ee z\u00e1kazn\u00edci dostan\u00fa po\u017eadovan\u00e9 hydraulick\u00e9 valce r\u00fdchlo a presne, \u010d\u00edm sa minimalizuj\u00fa ak\u00e9ko\u013evek potenci\u00e1lne oneskorenia alebo preru\u0161enia.<\/li>\n<li>Siln\u00e9 vz\u0165ahy s dod\u00e1vate\u013emi: V\u010faka dlhodob\u00fdm a stabiln\u00fdm vz\u0165ahom s vysokokvalitn\u00fdmi dod\u00e1vate\u013emi, a to ako na dom\u00e1com, tak aj na medzin\u00e1rodnom trhu, dok\u00e1\u017eeme z\u00edska\u0165 tie najlep\u0161ie komponenty a materi\u00e1ly pre na\u0161e hydraulick\u00e9 valce. To n\u00e1m umo\u017e\u0148uje udr\u017eiava\u0165 konzistentn\u00fa kvalitu a v\u00fdkon v celom na\u0161om sortimente produktov.<\/li>\n<\/ol>\n<p>Vyberte si FMP pre va\u0161e potreby hydraulick\u00e9ho valca a za\u017eite spo\u013eahlivos\u0165 a excelentnos\u0165, ktor\u00fa pon\u00fakame. Kontaktujte n\u00e1s e\u0161te dnes, aby sme prediskutovali va\u0161e po\u017eiadavky a za\u010dali \u00faspe\u0161n\u00e9 partnerstvo.<\/p>\n<h2>\u010casto kladen\u00e9 ot\u00e1zky<\/h2>\n<p><b>Ot\u00e1zka: Ak\u00e1 je dodacia lehota pre prisp\u00f4soben\u00fd nastavite\u013en\u00fd hydraulick\u00fd valec z nehrdzavej\u00facej ocele?<\/b><br \/>\nA: V\u0161eobecn\u00e1 dodacia lehota je 25-35 dn\u00ed.<\/p>\n<p><b>Ot\u00e1zka: S\u00fa k dispoz\u00edcii vzorky hydraulick\u00e9ho valca?<\/b><br \/>\nA: \u00c1no, poskytujeme vzorky, ale nie s\u00fa bezplatn\u00e9.<\/p>\n<p><b>Ot\u00e1zka: M\u00f4\u017eu by\u0165 hydraulick\u00e9 valce prisp\u00f4soben\u00e9 pod\u013ea vzoriek alebo technick\u00fdch v\u00fdkresov?<\/b><br \/>\nA: \u00c1no, vieme vyrobi\u0165 valce pod\u013ea va\u0161ich vzoriek alebo technick\u00fdch v\u00fdkresov. Vieme tie\u017e vyrobi\u0165 formy a up\u00ednacie pr\u00edpravky.<\/p>\n<p><img decoding=\"async\" src=\"https:\/\/img.jiansujichilun.com\/img\/hydrauliccylinders\/C_hydrauliccylinders-5.webp\" alt=\"hydraulick\u00fd valec\" width=\"800\" title=\"\"><\/p>\n<p>Autor\uff1a CX<\/p>","protected":false},"excerpt":{"rendered":"<p>Introducing Customized Adjustable Stainless Steel Hydraulic Cylinder For Tractor Customized Adjustable Stainless Steel Hydraulic Cylinder For Tractor is a top-of-the-line product that is designed to meet the specific needs of tractor operators. This hydraulic cylinder has been engineered to provide unparalleled performance and efficiency, making it an indispensable component of any tractor. One of the [&hellip;]<\/p>","protected":false},"featured_media":1338,"comment_status":"closed","ping_status":"closed","template":"","meta":{"_et_pb_use_builder":"","_et_pb_old_content":"","_et_gb_content_width":""},"product_brand":[],"product_cat":[39],"product_tag":[41,34],"class_list":{"0":"post-1375","1":"product","2":"type-product","3":"status-publish","4":"has-post-thumbnail","6":"product_cat-adjustable-clevis-type-cylinders","7":"product_tag-adjustable-clevis-type-cylinders","8":"product_tag-hydraulic-cylinder","10":"first","11":"instock","12":"product-type-simple"},"_links":{"self":[{"href":"https:\/\/fmp-components.com\/sk\/wp-json\/wp\/v2\/product\/1375","targetHints":{"allow":["GET"]}}],"collection":[{"href":"https:\/\/fmp-components.com\/sk\/wp-json\/wp\/v2\/product"}],"about":[{"href":"https:\/\/fmp-components.com\/sk\/wp-json\/wp\/v2\/types\/product"}],"replies":[{"embeddable":true,"href":"https:\/\/fmp-components.com\/sk\/wp-json\/wp\/v2\/comments?post=1375"}],"wp:featuredmedia":[{"embeddable":true,"href":"https:\/\/fmp-components.com\/sk\/wp-json\/wp\/v2\/media\/1338"}],"wp:attachment":[{"href":"https:\/\/fmp-components.com\/sk\/wp-json\/wp\/v2\/media?parent=1375"}],"wp:term":[{"taxonomy":"product_brand","embeddable":true,"href":"https:\/\/fmp-components.com\/sk\/wp-json\/wp\/v2\/product_brand?post=1375"},{"taxonomy":"product_cat","embeddable":true,"href":"https:\/\/fmp-components.com\/sk\/wp-json\/wp\/v2\/product_cat?post=1375"},{"taxonomy":"product_tag","embeddable":true,"href":"https:\/\/fmp-components.com\/sk\/wp-json\/wp\/v2\/product_tag?post=1375"}],"curies":[{"name":"pracovn\u00fd list","href":"https:\/\/api.w.org\/{rel}","templated":true}]}}