{"id":1374,"date":"2024-12-23T02:18:57","date_gmt":"2024-12-23T02:18:57","guid":{"rendered":"https:\/\/fmp-components.com\/product\/hot-sale-1200mm-stroke-hydraulic-cylinder-double-acting-hydraulic-cylinder-for-tractor\/"},"modified":"2024-12-23T03:24:44","modified_gmt":"2024-12-23T03:24:44","slug":"hot-sale-1200mm-stroke-hydraulic-cylinder-double-acting-hydraulic-cylinder-for-tractor","status":"publish","type":"product","link":"https:\/\/fmp-components.com\/sk\/product\/hot-sale-1200mm-stroke-hydraulic-cylinder-double-acting-hydraulic-cylinder-for-tractor\/","title":{"rendered":"Hor\u00faci v\u00fdpredaj hydraulick\u00e9ho valca so zdvihom 1200 mm, dvoj\u010dinn\u00fd hydraulick\u00fd valec pre traktor"},"content":{"rendered":"<h2>Predstavujeme hor\u00faci v\u00fdpredaj hydraulick\u00e9ho valca s dvoj\u010dinn\u00fdm hydraulick\u00fdm valcom so zdvihom 1200 mm pre traktor:<\/h2>\n<p>V\u00fdpredajn\u00fd dvoj\u010dinn\u00fd hydraulick\u00fd valec so zdvihom 1200 mm pre traktory je vysoko kvalitn\u00fd a \u00fa\u010dinn\u00fd hydraulick\u00fd valec navrhnut\u00fd \u0161peci\u00e1lne pre pou\u017eitie v traktoroch. S d\u013a\u017ekou zdvihu 1200 mm pon\u00faka tento valec dlh\u0161\u00ed dosah a presn\u00e9 ovl\u00e1danie pre r\u00f4zne aplik\u00e1cie traktora.<\/p>\n<p>Tento hydraulick\u00fd valec pracuje dvoj\u010dinne, \u010do znamen\u00e1, \u017ee sa m\u00f4\u017ee pomocou hydraulick\u00e9ho tlaku vys\u00fava\u0165 aj zas\u00fava\u0165. T\u00e1to funkcia umo\u017e\u0148uje zv\u00fd\u0161en\u00fa v\u0161estrannos\u0165 a flexibilitu pri prev\u00e1dzke traktora a umo\u017e\u0148uje plynul\u00fd a efekt\u00edvny pohyb pripojen\u00e9ho n\u00e1radia.<\/p>\n<p>Hydraulick\u00fd valec so zdvihom 1200 mm je vyroben\u00fd z odoln\u00fdch materi\u00e1lov a navrhnut\u00fd tak, aby odolal vysok\u00e9mu za\u0165a\u017eeniu a n\u00e1ro\u010dn\u00fdm prev\u00e1dzkov\u00fdm podmienkam. Je vyroben\u00fd tak, aby vydr\u017eal a poskytoval spo\u013eahliv\u00fd v\u00fdkon, \u010d\u00edm zais\u0165uje dlhodob\u00fa funk\u010dnos\u0165 a odolnos\u0165.<\/p>\n<p>V\u010faka pokro\u010dil\u00e9mu hydraulick\u00e9mu syst\u00e9mu poskytuje tento valec p\u00f4sobiv\u00fd v\u00fdkon a r\u00fdchlos\u0165, \u010do umo\u017e\u0148uje r\u00fdchlu a efekt\u00edvnu prev\u00e1dzku traktora. Jeho plynul\u00fd a presn\u00fd pohyb zvy\u0161uje produktivitu a skracuje prestoje, v\u010faka \u010domu je ide\u00e1lnou vo\u013ebou pre po\u013enohospod\u00e1rov a prev\u00e1dzkovate\u013eov traktorov, ktor\u00ed h\u013eadaj\u00fa optim\u00e1lny v\u00fdkon.<\/p>\n<p><img loading=\"lazy\" decoding=\"async\" class=\"alignnone size-full wp-image-1334\" src=\"https:\/\/fmp-components.com\/wp-content\/uploads\/2024\/12\/Adjustable-Clevis-Type-Cylinders-4.webp\" alt=\"Nastavite\u013en\u00e9 valce s vidlicov\u00fdm z\u00e1vesom\" width=\"800\" height=\"800\" title=\"\" srcset=\"https:\/\/fmp-components.com\/wp-content\/uploads\/2024\/12\/Adjustable-Clevis-Type-Cylinders-4.webp 800w, https:\/\/fmp-components.com\/wp-content\/uploads\/2024\/12\/Adjustable-Clevis-Type-Cylinders-4-480x480.webp 480w\" sizes=\"(min-width: 0px) and (max-width: 480px) 480px, (min-width: 481px) 800px, 100vw\" \/><\/p>\n<p>Okrem v\u00fdnimo\u010dnej funk\u010dnosti sa tento hydraulick\u00fd valec \u013eahko in\u0161taluje a udr\u017eiava. Jeho u\u017e\u00edvate\u013esky pr\u00edvetiv\u00fd dizajn a jednoduch\u00fd proces in\u0161tal\u00e1cie ho robia dostupn\u00fdm pre sk\u00fasen\u00fdch profesion\u00e1lov aj za\u010d\u00ednaj\u00facich pou\u017e\u00edvate\u013eov.<\/p>\n<p>Celkovo je hor\u00faci v\u00fdpredaj hydraulick\u00e9ho valca s dvoj\u010dinn\u00fdm hydraulick\u00fdm valcom so zdvihom 1200 mm pre traktor \u0161pi\u010dkov\u00fdm produktom, ktor\u00fd kombinuje spo\u013eahlivos\u0165, odolnos\u0165 a v\u00fdkon. \u010ci u\u017e oriete polia, zdv\u00edhate \u0165a\u017ek\u00e9 bremen\u00e1 alebo vykon\u00e1vate in\u00e9 \u00falohy s\u00favisiace s traktorom, tento hydraulick\u00fd valec je spo\u013eahlivou vo\u013ebou, ktor\u00e1 zv\u00fd\u0161i va\u0161u produktivitu a efektivitu.<\/p>\n<h2>V\u00fdhody nastavite\u013en\u00fdch valcov s vidlicov\u00fdm uchyten\u00edm<\/h2>\n<p>Nastavite\u013en\u00e9 valce s vidlicov\u00fdm uchyten\u00edm s\u00fa k\u013e\u00fa\u010dovou s\u00fa\u010das\u0165ou r\u00f4znych hydraulick\u00fdch syst\u00e9mov a pon\u00fakaj\u00fa mno\u017estvo v\u00fdhod, v\u010faka ktor\u00fdm s\u00fa preferovanou vo\u013ebou pre mnoh\u00e9 priemyseln\u00e9 aplik\u00e1cie. V tomto \u010dl\u00e1nku presk\u00famame k\u013e\u00fa\u010dov\u00e9 v\u00fdhody nastavite\u013en\u00fdch valcov s vidlicov\u00fdm uchyten\u00edm a budeme diskutova\u0165 o ich funk\u010dnosti, v\u0161estrannosti a v\u00fdkone.<\/p>\n<p>1. Zv\u00fd\u0161en\u00e1 flexibilita:<\/p>\n<p>Nastavite\u013en\u00e9 valce s vidlicov\u00fdm uchyten\u00edm poskytuj\u00fa v\u00fdnimo\u010dn\u00fa flexibilitu v hydraulick\u00fdch syst\u00e9moch. V\u010faka nastavite\u013en\u00e9mu uchyteniu s vidlicov\u00fdm uchyten\u00edm umo\u017e\u0148uj\u00fa tieto valce jednoduch\u00e9 pripevnenie a odpojenie, \u010do umo\u017e\u0148uje r\u00fdchle nastavenie a jemn\u00e9 doladenie syst\u00e9mu pod\u013ea potreby. T\u00e1to flexibilita ich rob\u00ed ve\u013emi vhodn\u00fdmi pre aplik\u00e1cie, kde je presn\u00e9 polohovanie a zarovnanie k\u013e\u00fa\u010dov\u00e9.<\/p>\n<p>2. Vynikaj\u00faca schopnos\u0165 manipul\u00e1cie s n\u00e1kladom:<\/p>\n<p>Hor\u00faci v\u00fdpredaj hydraulick\u00e9ho valca so zdvihom 1200 mm, dvoj\u010dinn\u00fd hydraulick\u00fd valec pre traktor<\/p>\n<p>Jednou z v\u00fdznamn\u00fdch v\u00fdhod nastavite\u013en\u00fdch valcov s vidlicovou vidlicou je ich schopnos\u0165 efekt\u00edvne zvl\u00e1da\u0165 \u0165a\u017ek\u00e9 za\u0165a\u017eenia. Tieto valce s\u00fa navrhnut\u00e9 tak, aby odolali vysok\u00e9mu tlaku a pon\u00fakali robustn\u00fd v\u00fdkon aj v n\u00e1ro\u010dn\u00fdch podmienkach. V\u010faka svojej odolnej kon\u0161trukcii a spo\u013eahliv\u00fdm tesniacim syst\u00e9mom dok\u00e1\u017eu efekt\u00edvne zvl\u00e1da\u0165 zna\u010dn\u00e9 za\u0165a\u017eenia bez kompromisov v oblasti v\u00fdkonu alebo bezpe\u010dnosti.<\/p>\n<p>3. Optim\u00e1lna d\u013a\u017eka z\u00e1beru:<\/p>\n<p>\u010eal\u0161ou v\u00fdznamnou v\u00fdhodou nastavite\u013en\u00fdch valcov s vidlicov\u00fdm uz\u00e1verom je schopnos\u0165 ovl\u00e1da\u0165 d\u013a\u017eku zdvihu. T\u00e1to funkcia umo\u017e\u0148uje presn\u00e9 nastavenie, ktor\u00e9 hydraulick\u00e9mu syst\u00e9mu umo\u017e\u0148uje presne dosiahnu\u0165 po\u017eadovan\u00fd pohyb a polohu. \u010ci u\u017e ide o vys\u00favanie, zas\u00favanie alebo dr\u017eanie v ur\u010ditej polohe, tieto valce pon\u00fakaj\u00fa vynikaj\u00facu regul\u00e1ciu d\u013a\u017eky zdvihu, \u010d\u00edm zabezpe\u010duj\u00fa optim\u00e1lny v\u00fdkon v r\u00f4znych aplik\u00e1ci\u00e1ch.<\/p>\n<p>4. Zlep\u0161en\u00e1 prev\u00e1dzkov\u00e1 efekt\u00edvnos\u0165:<\/p>\n<p>Nastavite\u013en\u00e9 valce s vidlicov\u00fdm uz\u00e1verom prispievaj\u00fa k zv\u00fd\u0161enej prev\u00e1dzkovej \u00fa\u010dinnosti hydraulick\u00fdch syst\u00e9mov. Ich kon\u0161trukcia a funk\u010dnos\u0165 minimalizuj\u00fa energetick\u00e9 straty a maximalizuj\u00fa prenos v\u00fdkonu, \u010do vedie k zlep\u0161eniu celkov\u00e9ho v\u00fdkonu syst\u00e9mu. Efekt\u00edvnou premenou hydraulickej energie na mechanick\u00fa silu tieto valce pom\u00e1haj\u00fa zni\u017eova\u0165 spotrebu energie a zvy\u0161ova\u0165 produktivitu.<\/p>\n<p>5. V\u0161estrannos\u0165 aplik\u00e1ci\u00ed:<\/p>\n<p>Nastavite\u013en\u00e9 valce s vidlicov\u00fdm uchyten\u00edm s\u00fa ve\u013emi v\u0161estrann\u00e9 a nach\u00e1dzaj\u00fa uplatnenie v mnoh\u00fdch odvetviach. Od po\u013enohospod\u00e1rskych strojov a\u017e po stavebn\u00e9 zariadenia, tieto valce mo\u017eno vyu\u017ei\u0165 v \u0161irokej \u0161k\u00e1le aplik\u00e1ci\u00ed. Ich prisp\u00f4sobivos\u0165 v kombin\u00e1cii so schopnos\u0165ou zvl\u00e1da\u0165 r\u00f4zne za\u0165a\u017eenia a tlaky z nich rob\u00ed preferovan\u00fa vo\u013ebu pre r\u00f4zne hydraulick\u00e9 syst\u00e9my.<\/p>\n<p>Hor\u00faci v\u00fdpredaj hydraulick\u00e9ho valca so zdvihom 1200 mm, dvoj\u010dinn\u00fd hydraulick\u00fd valec pre traktor<\/p>\n<p>Z\u00e1verom mo\u017eno poveda\u0165, \u017ee nastavite\u013en\u00e9 valce s vidlicov\u00fdm uchyten\u00edm pon\u00fakaj\u00fa nieko\u013eko v\u00fdhod, v\u010faka ktor\u00fdm s\u00fa ide\u00e1lnou vo\u013ebou pre hydraulick\u00e9 syst\u00e9my. Ich flexibilita, nosnos\u0165, regul\u00e1cia d\u013a\u017eky zdvihu, prev\u00e1dzkov\u00e1 \u00fa\u010dinnos\u0165 a v\u0161estrannos\u0165 prispievaj\u00fa k ich ob\u013e\u00fabenosti v r\u00f4znych odvetviach. \u010ci u\u017e ide o presn\u00e9 polohovanie, manipul\u00e1ciu s \u0165a\u017ek\u00fdmi bremenami alebo zlep\u0161en\u00fa prev\u00e1dzkov\u00fa \u00fa\u010dinnos\u0165, tieto valce vynikaj\u00fa svoj\u00edm v\u00fdkonom a poskytuj\u00fa spo\u013eahliv\u00e9 v\u00fdsledky. Ako k\u013e\u00fa\u010dov\u00e1 s\u00fa\u010das\u0165 hydraulick\u00fdch syst\u00e9mov zohr\u00e1vaj\u00fa nastavite\u013en\u00e9 valce s vidlicov\u00fdm uchyten\u00edm d\u00f4le\u017eit\u00fa \u00falohu pri zlep\u0161ovan\u00ed celkovej funk\u010dnosti a v\u00fdkonu syst\u00e9mu.<\/p>\n<p><img decoding=\"async\" src=\"https:\/\/fmp-components.com\/wp-content\/uploads\/2024\/12\/Adjustable-Clevis-Type-Cylinders5.webp\" alt=\"Nastavite\u013en\u00fd valec typu Clevis\" width=\"800\" title=\"\"><\/p>\n<h2>Pou\u017eitie nastavite\u013en\u00fdch valcov s vidlicov\u00fdm uchyten\u00edm<\/h2>\n<p>Nastavite\u013en\u00fd valec s vidlicov\u00fdm z\u00e1vesom je v\u0161estrann\u00e9 hydraulick\u00e9 zariadenie, ktor\u00e9 nach\u00e1dza \u0161irok\u00e9 uplatnenie v r\u00f4znych odvetviach. Jeho jedine\u010dn\u00fd dizajn a vlastnosti ho robia ve\u013emi vhodn\u00fdm pre \u0161irok\u00fa \u0161k\u00e1lu \u00faloh. V tomto \u010dl\u00e1nku presk\u00famame niektor\u00e9 z k\u013e\u00fa\u010dov\u00fdch aplik\u00e1ci\u00ed nastavite\u013en\u00fdch valcov s vidlicov\u00fdm z\u00e1vesom a podrobne rozoberieme ich funkcie.<\/p>\n<h3>1. Priemyseln\u00e9 stroje<\/h3>\n<p>Nastavite\u013en\u00e9 valce s vidlicov\u00fdm uchyten\u00edm sa \u0161iroko pou\u017e\u00edvaj\u00fa v priemyseln\u00fdch strojoch na r\u00f4zne \u00fa\u010dely. \u010casto sa pou\u017e\u00edvaj\u00fa v hydraulick\u00fdch lisoch, kde zohr\u00e1vaj\u00fa k\u013e\u00fa\u010dov\u00fa \u00falohu pri vytv\u00e1ran\u00ed po\u017eadovanej sily pre lisovacie oper\u00e1cie. Tieto valce pon\u00fakaj\u00fa v\u00fdnimo\u010dn\u00fa pevnos\u0165 a odolnos\u0165, v\u010faka \u010domu s\u00fa ide\u00e1lne pre n\u00e1ro\u010dn\u00e9 aplik\u00e1cie.<\/p>\n<p>Jednou z k\u013e\u00fa\u010dov\u00fdch v\u00fdhod nastavite\u013en\u00fdch valcov s vidlicov\u00fdm uchyten\u00edm v priemyseln\u00fdch strojoch je ich schopnos\u0165 presne ovl\u00e1da\u0165 silu a r\u00fdchlos\u0165 pohybu. To umo\u017e\u0148uje oper\u00e1torom dosahova\u0165 presn\u00e9 a konzistentn\u00e9 v\u00fdsledky pri vykon\u00e1van\u00ed \u00faloh, ako je oh\u00fdbanie, strihanie alebo dierovanie. Valce sa daj\u00fa \u013eahko nastavi\u0165 tak, aby sp\u013a\u0148ali \u0161pecifick\u00e9 po\u017eiadavky, \u010d\u00edm sa zabezpe\u010duje optim\u00e1lny v\u00fdkon v r\u00f4znych v\u00fdrobn\u00fdch procesoch.<\/p>\n<h3>2. Po\u013enohospod\u00e1rstvo<\/h3>\n<p>Nastavite\u013en\u00e9 valce s vidlicov\u00fdm uz\u00e1verom sa be\u017ene pou\u017e\u00edvaj\u00fa v po\u013enohospod\u00e1rskom sektore, najm\u00e4 v po\u013enohospod\u00e1rskych strojoch, ako s\u00fa traktory. Tieto valce s\u00fa z\u00e1kladn\u00fdmi s\u00fa\u010das\u0165ami hydraulick\u00fdch syst\u00e9mov, ktor\u00e9 poh\u00e1\u0148aj\u00fa r\u00f4zne po\u013enohospod\u00e1rske n\u00e1stroje. Pou\u017e\u00edvaj\u00fa sa napr\u00edklad v hydraulick\u00fdch zdv\u00edhac\u00edch syst\u00e9moch na zdv\u00edhanie a sp\u00fa\u0161\u0165anie pr\u00edslu\u0161enstva, ako s\u00fa pluhy, kultiv\u00e1tory a br\u00e1ny.<\/p>\n<p>Nastavite\u013enos\u0165 t\u00fdchto valcov umo\u017e\u0148uje po\u013enohospod\u00e1rom prisp\u00f4sobi\u0165 zariadenie r\u00f4znym po\u013en\u00fdm podmienkam a \u00faloh\u00e1m. M\u00f4\u017eu \u013eahko nastavi\u0165 d\u013a\u017eku zdvihu valca, aby dosiahli po\u017eadovan\u00fa h\u013abku obr\u00e1bania p\u00f4dy alebo v\u00fd\u0161ku n\u00e1radia. T\u00e1to flexibilita zvy\u0161uje efektivitu a produktivitu po\u013enohospod\u00e1rskych oper\u00e1ci\u00ed, \u010do vedie k lep\u0161\u00edm v\u00fdnosom plod\u00edn.<\/p>\n<h3>3. V\u00fdstavba<\/h3>\n<p>Nastavite\u013en\u00e9 valce s vidlicov\u00fdm uchyten\u00edm zohr\u00e1vaj\u00fa k\u013e\u00fa\u010dov\u00fa \u00falohu v stavebn\u00edctve, kde sa pou\u017e\u00edvaj\u00fa v r\u00f4znych \u0165a\u017ek\u00fdch strojoch a zariadeniach. Jednou z v\u00fdznamn\u00fdch aplik\u00e1ci\u00ed s\u00fa r\u00fdpadl\u00e1, kde tieto valce zodpovedaj\u00fa za pohyb v\u00fdlo\u017en\u00edka, ramena a ly\u017eice.<\/p>\n<p>V\u010faka dvoj\u010dinn\u00e9mu p\u00f4sobeniu poskytuj\u00fa nastavite\u013en\u00e9 valce s vidlicov\u00fdm z\u00e1vesom potrebn\u00fd v\u00fdkon a ovl\u00e1danie na v\u00fdkopov\u00e9 pr\u00e1ce, zdv\u00edhanie a vykladanie materi\u00e1lov. Schopnos\u0165 valcov odol\u00e1va\u0165 vysok\u00e9mu za\u0165a\u017eeniu a tlaku ich rob\u00ed vhodn\u00fdmi pre n\u00e1ro\u010dn\u00e9 stavebn\u00e9 \u00falohy. Okrem toho ich nastavite\u013en\u00e1 d\u013a\u017eka zdvihu umo\u017e\u0148uje obsluhe optimalizova\u0165 h\u013abku a dosah v\u00fdkopu, \u010d\u00edm sa zabezpe\u010duje efekt\u00edvne a presn\u00e9 v\u00fdkopov\u00e9 pr\u00e1ce.<\/p>\n<h3>4. Manipul\u00e1cia s materi\u00e1lom<\/h3>\n<p>Nastavite\u013en\u00e9 valce s vidlicov\u00fdm z\u00e1vesom sa hojne pou\u017e\u00edvaj\u00fa v manipula\u010dn\u00fdch zariadeniach, ako s\u00fa vysokozdvi\u017en\u00e9 voz\u00edky a \u017eeriavy. Tieto valce umo\u017e\u0148uj\u00fa plynul\u00e9 a presn\u00e9 zdv\u00edhanie, sp\u00fa\u0161\u0165anie a nakl\u00e1\u0148anie \u0165a\u017ek\u00fdch bremien. S\u00fa k\u013e\u00fa\u010dov\u00fdmi komponentmi hydraulick\u00fdch syst\u00e9mov, ktor\u00e9 poskytuj\u00fa potrebn\u00fa silu pre tieto oper\u00e1cie.<\/p>\n<p>Nastavite\u013en\u00e9 vlastnosti t\u00fdchto valcov umo\u017e\u0148uj\u00fa obsluhe prisp\u00f4sobi\u0165 zariadenie r\u00f4znym ve\u013ekostiam za\u0165a\u017eenia a rozlo\u017eeniu hmotnosti. Nastaven\u00edm d\u013a\u017eky zdvihu m\u00f4\u017eu zabezpe\u010di\u0165 spr\u00e1vnu stabilitu za\u0165a\u017eenia a zabr\u00e1ni\u0165 prevr\u00e1teniu alebo po\u0161kodeniu. Spo\u013eahliv\u00fd v\u00fdkon valcov a ich schopnos\u0165 zvl\u00e1da\u0165 \u0165a\u017ek\u00e9 bremen\u00e1 ich robia nevyhnutn\u00fdmi v aplik\u00e1ci\u00e1ch manipul\u00e1cie s materi\u00e1lom.<\/p>\n<h3>Z\u00e1ver<\/h3>\n<p>Nastavite\u013en\u00e9 hydraulick\u00e9 valce s vidlicov\u00fdm uchyten\u00edm s\u00fa v\u0161estrann\u00e9 hydraulick\u00e9 zariadenia, ktor\u00e9 nach\u00e1dzaj\u00fa \u0161irok\u00e9 uplatnenie v r\u00f4znych odvetviach. V\u010faka ich jedine\u010dn\u00e9mu dizajnu, nastavite\u013en\u00fdm vlastnostiam a v\u00fdnimo\u010dn\u00e9mu v\u00fdkonu s\u00fa neocenite\u013en\u00e9 v priemyseln\u00fdch strojoch, po\u013enohospod\u00e1rstve, stavebn\u00edctve a manipul\u00e1cii s materi\u00e1lom. Tieto valce pon\u00fakaj\u00fa presn\u00e9 ovl\u00e1danie, prisp\u00f4sobivos\u0165 a spo\u013eahlivos\u0165, \u010d\u00edm zvy\u0161uj\u00fa efektivitu a produktivitu r\u00f4znych \u00faloh. Pokia\u013e ide o hor\u00faci predaj hydraulick\u00fdch valcov s dvoj\u010dinn\u00fdm hydraulick\u00fdm valcom so zdvihom 1200 mm pre traktory, nastavite\u013en\u00e9 valce s vidlicov\u00fdm uchyten\u00edm s\u00fa tou najlep\u0161ou vo\u013ebou.<\/p>\n<p><img decoding=\"async\" src=\"https:\/\/fmp-components.com\/wp-content\/uploads\/2024\/12\/Application-of-Adjustable-Clevis-Type-Cylinders.webp\" alt=\"Nastavite\u013en\u00fd valec typu Clevis\" width=\"800\" title=\"\"><\/p>\n<h3>O FMP<\/h3>\n<p>FMP je popredn\u00e1 spolo\u010dnos\u0165 \u0161pecializuj\u00faca sa na v\u00fdrobu a predaj hydraulick\u00fdch valcov. So s\u00eddlom v Taliansku sme z\u00edskali rozsiahle sk\u00fasenosti v tomto odvetv\u00ed a zostavili sme profesion\u00e1lny t\u00edm, ktor\u00fd sa venuje poskytovaniu vysoko kvalitn\u00fdch a spo\u013eahliv\u00fdch dielov pre stavebn\u00e9 stroje a kompletn\u00fdch strojn\u00fdch rie\u0161en\u00ed z\u00e1kazn\u00edkom.<\/p>\n<p><img decoding=\"async\" src=\"https:\/\/fmp-components.com\/wp-content\/uploads\/2024\/12\/Adjustable-Clevis-Type-Cylinders-6.webp\" alt=\"Nastavite\u013en\u00fd valec typu Clevis\" width=\"836\" title=\"\"><\/p>\n<p>Tu je p\u00e4\u0165 k\u013e\u00fa\u010dov\u00fdch v\u00fdhod na\u0161ich produktov a spolo\u010dnosti:<\/p>\n<ol>\n<li>\u0160irok\u00fd sortiment produktov: Pon\u00fakame \u0161irok\u00fd sortiment hydraulick\u00fdch valcov vr\u00e1tane nastavite\u013en\u00fdch valcov s vidlicov\u00fdm uchyten\u00edm, ktor\u00e9 s\u00fa vhodn\u00e9 pre r\u00f4zne aplik\u00e1cie stavebn\u00fdch strojov.<\/li>\n<li>Pr\u00edsne \u0161tandardy kvality: Vytv\u00e1ran\u00edm dlhodob\u00fdch a stabiln\u00fdch partnersk\u00fdch vz\u0165ahov s vysokokvalitn\u00fdmi dod\u00e1vate\u013emi na dom\u00e1com aj medzin\u00e1rodnom trhu zabezpe\u010dujeme, aby v\u0161etky dod\u00e1van\u00e9 diely sp\u013a\u0148ali pr\u00edsne \u0161tandardy kvality.<\/li>\n<li>Sk\u00fasen\u00fd obchodn\u00fd t\u00edm: N\u00e1\u0161 obchodn\u00fd t\u00edm m\u00e1 hlbok\u00e9 znalosti o v\u00fdvojov\u00fdch trendoch a potreb\u00e1ch z\u00e1kazn\u00edkov v odvetv\u00ed stavebn\u00fdch strojov. Dok\u00e1\u017ee poskytn\u00fa\u0165 profesion\u00e1lne konzult\u00e1cie o produktoch a pon\u00faknu\u0165 inteligentn\u00e9 n\u00e1vrhy na n\u00e1kup.<\/li>\n<li>Efekt\u00edvna logistick\u00e1 distrib\u00facia: Zaviedli sme efekt\u00edvny logistick\u00fd distribu\u010dn\u00fd syst\u00e9m, aby sme zaru\u010dili, \u017ee z\u00e1kazn\u00edci dostan\u00fa po\u017eadovan\u00e9 diely v\u010das a presne.<\/li>\n<li>Pr\u00edslu\u0161enstvo najvy\u0161\u0161ej \u00farovne: Okrem hydraulick\u00fdch valcov pon\u00fakame aj rad pr\u00edslu\u0161enstva najvy\u0161\u0161ej \u00farovne, ktor\u00e9 je navrhnut\u00e9 tak, aby dokonale dop\u013a\u0148alo na\u0161e produkty. Toto pr\u00edslu\u0161enstvo \u010falej zvy\u0161uje v\u00fdkon a efektivitu stavebn\u00fdch strojov.<\/li>\n<\/ol>\n<p>Vyberte si spolo\u010dnos\u0165 FMP ako svojho spo\u013eahliv\u00e9ho partnera v odvetv\u00ed stavebn\u00fdch strojov. Kontaktujte n\u00e1s e\u0161te dnes a zistite, ako na\u0161e vysoko kvalitn\u00e9 hydraulick\u00e9 valce m\u00f4\u017eu splni\u0165 va\u0161e \u0161pecifick\u00e9 po\u017eiadavky a prispie\u0165 k \u00faspechu va\u0161ich projektov.<\/p>\n<h4>\u010casto kladen\u00e9 ot\u00e1zky<\/h4>\n<p><strong>Ot\u00e1zka: Ak\u00e1 je dodacia lehota pre dvoj\u010dinn\u00fd hydraulick\u00fd valec?<\/strong><br \/>\nA: V\u0161eobecn\u00e1 dodacia lehota je 25-35 dn\u00ed, v z\u00e1vislosti od dostupnosti tovaru na sklade a miesta doru\u010denia.<\/p>\n<p><strong>Ot\u00e1zka: M\u00f4\u017eem z\u00edska\u0165 vzorku hydraulick\u00e9ho valca?<\/strong><br \/>\nA: \u00c1no, pon\u00fakame vzorky, ale s\u00fa spoplatnen\u00e9. Pre viac inform\u00e1ci\u00ed n\u00e1s pros\u00edm kontaktujte.<\/p>\n<p><strong>Ot\u00e1zka: D\u00e1 sa hydraulick\u00fd valec prisp\u00f4sobi\u0165 pod\u013ea \u0161pecifick\u00fdch po\u017eiadaviek?<\/strong><br \/>\nA: \u00c1no, pon\u00fakame mo\u017enosti prisp\u00f4sobenia. M\u00f4\u017eete n\u00e1m poskytn\u00fa\u0165 va\u0161e \u0161pecifik\u00e1cie alebo technick\u00e9 v\u00fdkresy a my ich m\u00f4\u017eeme pod\u013ea toho vyrobi\u0165.<\/p>\n<p><img decoding=\"async\" src=\"https:\/\/img.jiansujichilun.com\/img\/hydrauliccylinders\/B_hydrauliccylinders-5.webp\" alt=\"hydraulick\u00fd valec\" width=\"800\" title=\"\"><\/p>\n<p>Autor\uff1a CX<\/p>","protected":false},"excerpt":{"rendered":"<p>Introducing Hot Sale 1200mm Stroke Hydraulic Cylinder Double Acting Hydraulic Cylinder For Tractor: The Hot Sale 1200mm Stroke Hydraulic Cylinder Double Acting Hydraulic Cylinder For Tractor is a high-quality, efficient hydraulic cylinder designed specifically for use in tractors. With a stroke length of 1200mm, this cylinder offers extended reach and precise control for various tractor [&hellip;]<\/p>","protected":false},"featured_media":1336,"comment_status":"closed","ping_status":"closed","template":"","meta":{"_et_pb_use_builder":"","_et_pb_old_content":"","_et_gb_content_width":""},"product_brand":[],"product_cat":[39],"product_tag":[41,34],"class_list":{"0":"post-1374","1":"product","2":"type-product","3":"status-publish","4":"has-post-thumbnail","6":"product_cat-adjustable-clevis-type-cylinders","7":"product_tag-adjustable-clevis-type-cylinders","8":"product_tag-hydraulic-cylinder","10":"first","11":"instock","12":"product-type-simple"},"_links":{"self":[{"href":"https:\/\/fmp-components.com\/sk\/wp-json\/wp\/v2\/product\/1374","targetHints":{"allow":["GET"]}}],"collection":[{"href":"https:\/\/fmp-components.com\/sk\/wp-json\/wp\/v2\/product"}],"about":[{"href":"https:\/\/fmp-components.com\/sk\/wp-json\/wp\/v2\/types\/product"}],"replies":[{"embeddable":true,"href":"https:\/\/fmp-components.com\/sk\/wp-json\/wp\/v2\/comments?post=1374"}],"wp:featuredmedia":[{"embeddable":true,"href":"https:\/\/fmp-components.com\/sk\/wp-json\/wp\/v2\/media\/1336"}],"wp:attachment":[{"href":"https:\/\/fmp-components.com\/sk\/wp-json\/wp\/v2\/media?parent=1374"}],"wp:term":[{"taxonomy":"product_brand","embeddable":true,"href":"https:\/\/fmp-components.com\/sk\/wp-json\/wp\/v2\/product_brand?post=1374"},{"taxonomy":"product_cat","embeddable":true,"href":"https:\/\/fmp-components.com\/sk\/wp-json\/wp\/v2\/product_cat?post=1374"},{"taxonomy":"product_tag","embeddable":true,"href":"https:\/\/fmp-components.com\/sk\/wp-json\/wp\/v2\/product_tag?post=1374"}],"curies":[{"name":"pracovn\u00fd list","href":"https:\/\/api.w.org\/{rel}","templated":true}]}}